{"id":27848,"date":"2014-11-17T16:24:40","date_gmt":"2014-11-17T21:24:40","guid":{"rendered":"https:\/\/www.aircharter.com\/?page_id=27848"},"modified":"2022-12-11T17:51:27","modified_gmt":"2022-12-11T22:51:27","slug":"uber-uns","status":"publish","type":"page","link":"https:\/\/www.aircharter.com\/de\/uber-uns\/","title":{"rendered":"\u00dcber uns"},"content":{"rendered":"<div class=\"fusion-fullwidth fullwidth-box fusion-builder-row-1 fusion-flex-container hundred-percent-fullwidth non-hundred-percent-height-scrolling\" style=\"--awb-border-radius-top-left:0px;--awb-border-radius-top-right:0px;--awb-border-radius-bottom-right:0px;--awb-border-radius-bottom-left:0px;--awb-overflow:visible;--awb-flex-wrap:wrap;\" ><div class=\"fusion-builder-row fusion-row fusion-flex-align-items-flex-start fusion-flex-content-wrap\" style=\"width:104% !important;max-width:104% !important;margin-left: calc(-4% \/ 2 );margin-right: calc(-4% \/ 2 );\"><div class=\"fusion-layout-column fusion_builder_column fusion-builder-column-0 fusion_builder_column_3_4 3_4 fusion-flex-column\" style=\"--awb-bg-size:cover;--awb-width-large:75%;--awb-margin-top-large:0px;--awb-spacing-right-large:3.84%;--awb-margin-bottom-large:20px;--awb-spacing-left-large:2.56%;--awb-width-medium:75%;--awb-spacing-right-medium:3.84%;--awb-spacing-left-medium:2.56%;--awb-width-small:100%;--awb-spacing-right-small:1.92%;--awb-spacing-left-small:1.92%;\"><div class=\"fusion-column-wrapper fusion-flex-justify-content-flex-start fusion-content-layout-column\">\n<div class=\"fusion-title title fusion-title-1 fusion-sep-none fusion-title-text fusion-title-size-two\" style=\"--awb-margin-top-small:10px;--awb-margin-right-small:0px;--awb-margin-bottom-small:10px;--awb-margin-left-small:0px;\"><h2 class=\"fusion-title-heading title-heading-left\" style=\"margin:0;\">Firmenprofil<\/h2><\/div>\n<p><a href=\"https:\/\/www.aircharter.com\/\">AirCharter.com<\/a>\u00a0Air Charter wurde im Jahr 1996 gegr\u00fcndet und hat sich zu einem der gr\u00f6\u00dften Anbieter f\u00fcr die Bereitstellung von Privatjets entwickelt. Die Ursprungsidee f\u00fcr Air Charter stammt aus dem Wunsch, Kunden eine einfachere und verst\u00e4ndlichere M\u00f6glichkeit zu bieten Flugzeuge zu chartern. Die wahren Kosten eines Privat-Jet Charter waren bis dato immer hinter Fachbegriffen und verborgenen Geb\u00fchren versteckt, die selbst f\u00fcr einen erfahrenen Reisenden verwirrend waren. In dem Buchungssystem von AirCharter finden Sie komplett Preise die im in den meisten F\u00e4llen im Normalfall dem endg\u00fcltigen Preis entsprechen. Seit 1996 bietet<\/p>\n<h1 class=\"default\">Air Charter<\/h1>\n<p>einem breiten Publikum, darunter Gesch\u00e4fts- und Freizeitreisenden, Sportmannschaften und Unternehmen, einen weltweiten Online Air Charter-Buchungsservice. Mithilfe unseres AirCharter Online-Buchungssystems k\u00f6nnen sich Reisende schnell individuelle Angebote einholen und sowohl nationale als auch internationale Reisen mit mehr als 10.000 Flugzeugen, darunter Jets und Turboprops, bestreiten.<\/p>\n<p>Unser Team erstellt Ihnen individuelle Charterfl\u00fcge und befriedigt all Ihre W\u00fcnsche und Bed\u00fcrfnisse einschlie\u00dflich Gourmet-Mahlzeiten, spezielle Getr\u00e4nke, Inflight-Entertainment oder andere Annehmlichkeiten, die sie w\u00fcnschen. Zus\u00e4tzlich bieten Ihnen unsere Air Charter Mitarbeiter ein Full-Service VIP Jet Concierge-Programm vor und nach dem Flug.Sie k\u00f6nnen dieses private Jet Chartering f\u00fcr Ihren n\u00e4chsten besonderen Anlass buchen, z.B. Golf-Touren, Familienausfl\u00fcge, Ski Wochenenden oder vielleicht eine Poker-Nacht in Las Vegas?!<\/p>\n<p>Our VIP jet concierge will prepare a custom\u00a0<b>discount charter jet package<\/b>\u00a0that will create memories for you and your guests. Air Charter is the perfect partner for corporate jet, executive jet or fractional jet owners who need extra capacity or last minute jet travel.\u00a0<b>Charter jet travel<\/b>\u00a0and charter jet packages can be customized to your individual needs.\u00a0\u00a0 Give us the opportunity to show you the savings using our private jet fleet.<\/div><\/div>\n<div class=\"fusion-layout-column fusion_builder_column fusion-builder-column-1 fusion_builder_column_1_4 1_4 fusion-flex-column\" style=\"--awb-bg-size:cover;--awb-width-large:25%;--awb-margin-top-large:0px;--awb-spacing-right-large:7.68%;--awb-margin-bottom-large:20px;--awb-spacing-left-large:3.84%;--awb-width-medium:25%;--awb-spacing-right-medium:7.68%;--awb-spacing-left-medium:3.84%;--awb-width-small:100%;--awb-spacing-right-small:1.92%;--awb-spacing-left-small:1.92%;\"><div class=\"fusion-column-wrapper fusion-flex-justify-content-flex-start fusion-content-layout-column\">\n<div class=\"fusion-title title fusion-title-2 fusion-sep-none fusion-title-text fusion-title-size-two\" style=\"--awb-margin-top-small:10px;--awb-margin-right-small:0px;--awb-margin-bottom-small:10px;--awb-margin-left-small:0px;\"><h2 class=\"fusion-title-heading title-heading-left\" style=\"margin:0;\">Unsere Ratings<\/h2><\/div>\n<div class=\"fusion-progressbar\" style=\"--awb-filledcolor:#1e73be;--awb-unfilledcolor:#8da8bf;--awb-maximum-value-wrapper-width:10%;\"><div class=\"fusion-progressbar-bar progress-bar\"><div class=\"progress progress-bar-content not-animated\" role=\"progressbar\" aria-labelledby=\"awb-progressbar-label-1\" aria-valuemin=\"0\" aria-valuemax=\"100\" aria-valuenow=\"90\" data-filling-speed=\"600\"><span class=\"progress-title awb-on-bar\"><span class=\"fusion-progressbar-text\" id=\"awb-progressbar-label-1\">Customer Satisfaction<\/span> <span class=\"fusion-progressbar-value\">90%<\/span><\/span><\/div><span class=\"awb-pb-max-value-wrap awb-on-bar\"><span class=\"awb-pb-max-value-text\"><\/span><\/span><\/div><\/div>\n<div class=\"fusion-progressbar\" style=\"--awb-filledcolor:#1e73be;--awb-unfilledcolor:#8da8bf;--awb-maximum-value-wrapper-width:1%;\"><div class=\"fusion-progressbar-bar progress-bar\"><div class=\"progress progress-bar-content not-animated\" role=\"progressbar\" aria-labelledby=\"awb-progressbar-label-2\" aria-valuemin=\"0\" aria-valuemax=\"100\" aria-valuenow=\"99\" data-filling-speed=\"600\"><span class=\"progress-title awb-on-bar\"><span class=\"fusion-progressbar-text\" id=\"awb-progressbar-label-2\">On Time Arrivals\u00a0<\/span> <span class=\"fusion-progressbar-value\">99%<\/span><\/span><\/div><span class=\"awb-pb-max-value-wrap awb-on-bar\"><span class=\"awb-pb-max-value-text\"><\/span><\/span><\/div><\/div>\n<div class=\"fusion-progressbar\" style=\"--awb-filledcolor:#1e73be;--awb-unfilledcolor:#8da8bf;--awb-maximum-value-wrapper-width:1%;\"><div class=\"fusion-progressbar-bar progress-bar\"><div class=\"progress progress-bar-content not-animated\" role=\"progressbar\" aria-labelledby=\"awb-progressbar-label-3\" aria-valuemin=\"0\" aria-valuemax=\"100\" aria-valuenow=\"99\" data-filling-speed=\"600\"><span class=\"progress-title awb-on-bar\"><span class=\"fusion-progressbar-text\" id=\"awb-progressbar-label-3\">Value<\/span> <span class=\"fusion-progressbar-value\">99%<\/span><\/span><\/div><span class=\"awb-pb-max-value-wrap awb-on-bar\"><span class=\"awb-pb-max-value-text\"><\/span><\/span><\/div><\/div>\n<div class=\"fusion-progressbar\" style=\"--awb-filledcolor:#1e73be;--awb-unfilledcolor:#8da8bf;--awb-maximum-value-wrapper-width:39%;\"><div class=\"fusion-progressbar-bar progress-bar\"><div class=\"progress progress-bar-content not-animated\" role=\"progressbar\" aria-labelledby=\"awb-progressbar-label-4\" aria-valuemin=\"0\" aria-valuemax=\"100\" aria-valuenow=\"61\" data-filling-speed=\"600\"><span class=\"progress-title awb-on-bar\"><span class=\"fusion-progressbar-text\" id=\"awb-progressbar-label-4\">Savings on trips\u00a0<\/span> <span class=\"fusion-progressbar-value\">61%<\/span><\/span><\/div><span class=\"awb-pb-max-value-wrap awb-on-bar\"><span class=\"awb-pb-max-value-text\"><\/span><\/span><\/div><\/div>\n<p style=\"text-align: center;\"><img decoding=\"async\" class=\"aligncenter\" style=\"border: 0px;\" title=\"air charter\" src=\"https:\/\/www.aircharter.com\/wp-content\/uploads\/2013\/06\/golf.gif\" alt=\"air charter\" width=\"187\" height=\"147\" align=\"right\" border=\"0\" \/><\/div><\/div>\n<div class=\"fusion-layout-column fusion_builder_column fusion-builder-column-2 fusion_builder_column_1_1 1_1 fusion-flex-column fusion-flex-align-self-flex-start fusion-column-no-min-height\" style=\"--awb-bg-size:cover;--awb-width-large:100%;--awb-margin-top-large:0px;--awb-spacing-right-large:1.92%;--awb-margin-bottom-large:0px;--awb-spacing-left-large:1.92%;--awb-width-medium:100%;--awb-spacing-right-medium:1.92%;--awb-spacing-left-medium:1.92%;--awb-width-small:100%;--awb-spacing-right-small:1.92%;--awb-spacing-left-small:1.92%;\"><div class=\"fusion-column-wrapper fusion-flex-justify-content-flex-start fusion-content-layout-column\"><div class=\"fusion-separator fusion-full-width-sep\" style=\"align-self: center;margin-left: auto;margin-right: auto;margin-top:10px;margin-bottom:10px;width:100%;\"><\/div>\n<\/div><\/div><div class=\"fusion-layout-column fusion_builder_column fusion-builder-column-3 fusion_builder_column_3_4 3_4 fusion-flex-column\" style=\"--awb-bg-size:cover;--awb-width-large:75%;--awb-margin-top-large:0px;--awb-spacing-right-large:3.84%;--awb-margin-bottom-large:20px;--awb-spacing-left-large:2.56%;--awb-width-medium:75%;--awb-spacing-right-medium:3.84%;--awb-spacing-left-medium:2.56%;--awb-width-small:100%;--awb-spacing-right-small:1.92%;--awb-spacing-left-small:1.92%;\"><div class=\"fusion-column-wrapper fusion-flex-justify-content-flex-start fusion-content-layout-column\">\n<div class=\"fusion-title title fusion-title-3 fusion-sep-none fusion-title-text fusion-title-size-two\" style=\"--awb-margin-top-small:10px;--awb-margin-right-small:0px;--awb-margin-bottom-small:10px;--awb-margin-left-small:0px;\"><h2 class=\"fusion-title-heading title-heading-left\" style=\"margin:0;\">Unser CEO<\/h2><\/div>\nJohn Harrison, CEO der Air Charter Company, ist einer der urspr\u00fcnglichen Gr\u00fcnder von AirCharter.com LLC. Er absolvierte seine Grundflugausbildung in jungen Jahren und \u00fcbernahm im Anschluss eine aktive Rolle in der Luftfahrt. Seine Flug-Karriere umfasst sowohl gesch\u00e4ftliche als auch private Flugreisen.<br \/>\nSeine Erfahrungen beziehen sich auf den Flughafenbetrieb und das Flugmanagement f\u00fcr gesch\u00e4ftliche Fluggesellschaften in Bedford, Massachusetts, San Rafael Kalifornien und New York JFK. Er hat den Personenverkehr f\u00fcr drei f\u00fchrende internationale Fluggesellschaften verwaltet und den Flugzeugbetrieb und die Bodenabfertigung f\u00fcr private Flugzeuge gef\u00fchrt. Heute f\u00fchrt er das Unternehmen AirCharter.com LLC bei der Bereitstellung des bestm\u00f6glichen Services f\u00fcr den besten Kundennutzen.<\/p>\n<div class=\"fusion-title title fusion-title-4 fusion-sep-none fusion-title-text fusion-title-size-three\" style=\"--awb-margin-top-small:10px;--awb-margin-right-small:0px;--awb-margin-bottom-small:10px;--awb-margin-left-small:0px;\"><h3 class=\"fusion-title-heading title-heading-left\" style=\"margin:0;\">Seine Vision<\/h3><\/div> John\u00b4s Vision f\u00fcr Air Charter ist es, die Botschaft \u00fcber die Vorteile von Privatflugzeug-Reisen im Vergleich zu kommerziellen Fluggesellschaften zu verbreiten. Er glaubt, jeder sollte die M\u00f6glichkeit erfahren d\u00fcrfen, den Komfort, die Sicherheit und die Vorteile von privaten Flugreisen zu erleben.<\/p>\n<\/div><\/div>\n<div class=\"fusion-layout-column fusion_builder_column fusion-builder-column-4 fusion_builder_column_1_4 1_4 fusion-flex-column\" style=\"--awb-bg-size:cover;--awb-width-large:25%;--awb-margin-top-large:0px;--awb-spacing-right-large:7.68%;--awb-margin-bottom-large:20px;--awb-spacing-left-large:3.84%;--awb-width-medium:25%;--awb-spacing-right-medium:7.68%;--awb-spacing-left-medium:3.84%;--awb-width-small:100%;--awb-spacing-right-small:1.92%;--awb-spacing-left-small:1.92%;\"><div class=\"fusion-column-wrapper fusion-flex-justify-content-flex-start fusion-content-layout-column\">\n<div class=\"fusion-title title fusion-title-5 fusion-sep-none fusion-title-text fusion-title-size-two\" style=\"--awb-margin-top-small:10px;--awb-margin-right-small:0px;--awb-margin-bottom-small:10px;--awb-margin-left-small:0px;\"><h2 class=\"fusion-title-heading title-heading-left\" style=\"margin:0;\">Private Jet<\/h2><\/div>\n<a href=\"https:\/\/www.aircharter.com\/wp-content\/uploads\/2013\/06\/Plane_interior_4.jpg\"><img decoding=\"async\" class=\"alignnone size-medium wp-image-3941\" src=\"https:\/\/www.aircharter.com\/wp-content\/uploads\/2013\/06\/Plane_interior_4-300x184.jpg\" alt=\"Plane_interior_4\" width=\"300\" height=\"184\" srcset=\"https:\/\/www.aircharter.com\/wp-content\/uploads\/2013\/06\/Plane_interior_4-300x184.jpg 300w, https:\/\/www.aircharter.com\/wp-content\/uploads\/2013\/06\/Plane_interior_4.jpg 660w\" sizes=\"(max-width: 300px) 100vw, 300px\" \/><\/a><\/div><\/div>\n<div class=\"fusion-layout-column fusion_builder_column fusion-builder-column-5 fusion_builder_column_1_1 1_1 fusion-flex-column fusion-flex-align-self-flex-start fusion-column-no-min-height\" style=\"--awb-bg-size:cover;--awb-width-large:100%;--awb-margin-top-large:0px;--awb-spacing-right-large:1.92%;--awb-margin-bottom-large:0px;--awb-spacing-left-large:1.92%;--awb-width-medium:100%;--awb-spacing-right-medium:1.92%;--awb-spacing-left-medium:1.92%;--awb-width-small:100%;--awb-spacing-right-small:1.92%;--awb-spacing-left-small:1.92%;\"><div class=\"fusion-column-wrapper fusion-flex-justify-content-flex-start fusion-content-layout-column\"><div class=\"fusion-separator fusion-full-width-sep\" style=\"align-self: center;margin-left: auto;margin-right: auto;margin-top:10px;margin-bottom:10px;width:100%;\"><\/div> <\/div><\/div><div class=\"fusion-layout-column fusion_builder_column fusion-builder-column-6 fusion_builder_column_1_1 1_1 fusion-flex-column fusion-flex-align-self-flex-start fusion-column-no-min-height\" style=\"--awb-bg-size:cover;--awb-width-large:100%;--awb-margin-top-large:0px;--awb-spacing-right-large:1.92%;--awb-margin-bottom-large:0px;--awb-spacing-left-large:1.92%;--awb-width-medium:100%;--awb-spacing-right-medium:1.92%;--awb-spacing-left-medium:1.92%;--awb-width-small:100%;--awb-spacing-right-small:1.92%;--awb-spacing-left-small:1.92%;\"><div class=\"fusion-column-wrapper fusion-flex-justify-content-flex-start fusion-content-layout-column\"><div class=\"fusion-title title fusion-title-6 fusion-sep-none fusion-title-text fusion-title-size-two\" style=\"--awb-margin-top-small:10px;--awb-margin-right-small:0px;--awb-margin-bottom-small:10px;--awb-margin-left-small:0px;\"><h2 class=\"fusion-title-heading title-heading-left\" style=\"margin:0;\">Air Charter Video<\/h2><\/div>\u00a0<\/div><\/div><div class=\"fusion-layout-column fusion_builder_column fusion-builder-column-7 fusion_builder_column_1_1 1_1 fusion-flex-column fusion-flex-align-self-flex-start fusion-column-no-min-height\" style=\"--awb-bg-size:cover;--awb-width-large:100%;--awb-margin-top-large:0px;--awb-spacing-right-large:1.92%;--awb-margin-bottom-large:0px;--awb-spacing-left-large:1.92%;--awb-width-medium:100%;--awb-spacing-right-medium:1.92%;--awb-spacing-left-medium:1.92%;--awb-width-small:100%;--awb-spacing-right-small:1.92%;--awb-spacing-left-small:1.92%;\"><div class=\"fusion-column-wrapper fusion-flex-justify-content-flex-start fusion-content-layout-column\"><div class=\"fusion-video fusion-youtube\" style=\"--awb-max-width:853px;--awb-max-height:480px;\"><div class=\"video-shortcode\"><div class=\"fluid-width-video-wrapper\" style=\"padding-top:56.27%;\" ><iframe title=\"YouTube video player 1\" src=\"https:\/\/www.youtube.com\/embed\/5mPiUFKm3ig?wmode=transparent&autoplay=0\" width=\"853\" height=\"480\" allowfullscreen allow=\"autoplay; clipboard-write; encrypted-media; gyroscope; picture-in-picture;\"><\/iframe><\/div><\/div><\/div><\/div><\/div><\/div><\/div>\n","protected":false},"excerpt":{"rendered":"","protected":false},"author":3,"featured_media":0,"parent":0,"menu_order":0,"comment_status":"open","ping_status":"closed","template":"","meta":{"footnotes":""},"class_list":["post-27848","page","type-page","status-publish","hentry"],"yoast_head":"<!-- This site is optimized with the Yoast SEO plugin v27.4 - https:\/\/yoast.com\/product\/yoast-seo-wordpress\/ -->\n<title>\u00dcber uns - Aircharter<\/title>\n<meta name=\"robots\" content=\"index, follow, max-snippet:-1, max-image-preview:large, max-video-preview:-1\" \/>\n<link rel=\"canonical\" href=\"https:\/\/www.aircharter.com\/uber-uns\/\" \/>\n<meta property=\"og:locale\" content=\"de_DE\" \/>\n<meta property=\"og:type\" content=\"article\" \/>\n<meta property=\"og:title\" content=\"\u00dcber uns - Aircharter\" \/>\n<meta property=\"og:url\" content=\"https:\/\/www.aircharter.com\/uber-uns\/\" \/>\n<meta property=\"og:site_name\" content=\"Aircharter\" \/>\n<meta property=\"article:modified_time\" content=\"2022-12-11T22:51:27+00:00\" \/>\n<meta property=\"og:image\" content=\"https:\/\/www.aircharter.com\/wp-content\/uploads\/2013\/06\/golf.gif\" \/>\n<meta name=\"twitter:card\" content=\"summary_large_image\" \/>\n<meta name=\"twitter:label1\" content=\"Gesch\u00e4tzte Lesezeit\" \/>\n\t<meta name=\"twitter:data1\" content=\"4\u00a0Minuten\" \/>\n<script type=\"application\/ld+json\" class=\"yoast-schema-graph\">{\"@context\":\"https:\\\/\\\/schema.org\",\"@graph\":[{\"@type\":\"WebPage\",\"@id\":\"https:\\\/\\\/www.aircharter.com\\\/uber-uns\\\/\",\"url\":\"https:\\\/\\\/www.aircharter.com\\\/uber-uns\\\/\",\"name\":\"\u00dcber uns - Aircharter\",\"isPartOf\":{\"@id\":\"https:\\\/\\\/www.aircharter.com\\\/de\\\/#website\"},\"primaryImageOfPage\":{\"@id\":\"https:\\\/\\\/www.aircharter.com\\\/uber-uns\\\/#primaryimage\"},\"image\":{\"@id\":\"https:\\\/\\\/www.aircharter.com\\\/uber-uns\\\/#primaryimage\"},\"thumbnailUrl\":\"https:\\\/\\\/www.aircharter.com\\\/wp-content\\\/uploads\\\/2013\\\/06\\\/golf.gif\",\"datePublished\":\"2014-11-17T21:24:40+00:00\",\"dateModified\":\"2022-12-11T22:51:27+00:00\",\"breadcrumb\":{\"@id\":\"https:\\\/\\\/www.aircharter.com\\\/uber-uns\\\/#breadcrumb\"},\"inLanguage\":\"de\",\"potentialAction\":[{\"@type\":\"ReadAction\",\"target\":[\"https:\\\/\\\/www.aircharter.com\\\/uber-uns\\\/\"]}]},{\"@type\":\"ImageObject\",\"inLanguage\":\"de\",\"@id\":\"https:\\\/\\\/www.aircharter.com\\\/uber-uns\\\/#primaryimage\",\"url\":\"https:\\\/\\\/www.aircharter.com\\\/wp-content\\\/uploads\\\/2013\\\/06\\\/golf.gif\",\"contentUrl\":\"https:\\\/\\\/www.aircharter.com\\\/wp-content\\\/uploads\\\/2013\\\/06\\\/golf.gif\"},{\"@type\":\"BreadcrumbList\",\"@id\":\"https:\\\/\\\/www.aircharter.com\\\/uber-uns\\\/#breadcrumb\",\"itemListElement\":[{\"@type\":\"ListItem\",\"position\":1,\"name\":\"Home\",\"item\":\"https:\\\/\\\/www.aircharter.com\\\/\"},{\"@type\":\"ListItem\",\"position\":2,\"name\":\"\u00dcber uns\"}]},{\"@type\":\"WebSite\",\"@id\":\"https:\\\/\\\/www.aircharter.com\\\/de\\\/#website\",\"url\":\"https:\\\/\\\/www.aircharter.com\\\/de\\\/\",\"name\":\"Aircharter\",\"description\":\"Air Charter | Private Jet Charter &amp; Rental | Fly Smarter | Hire a Business Jet\",\"publisher\":{\"@id\":\"https:\\\/\\\/www.aircharter.com\\\/de\\\/#organization\"},\"potentialAction\":[{\"@type\":\"SearchAction\",\"target\":{\"@type\":\"EntryPoint\",\"urlTemplate\":\"https:\\\/\\\/www.aircharter.com\\\/de\\\/?s={search_term_string}\"},\"query-input\":{\"@type\":\"PropertyValueSpecification\",\"valueRequired\":true,\"valueName\":\"search_term_string\"}}],\"inLanguage\":\"de\"},{\"@type\":\"Organization\",\"@id\":\"https:\\\/\\\/www.aircharter.com\\\/de\\\/#organization\",\"name\":\"Aircharter.com LLC\",\"url\":\"https:\\\/\\\/www.aircharter.com\\\/de\\\/\",\"logo\":{\"@type\":\"ImageObject\",\"inLanguage\":\"de\",\"@id\":\"https:\\\/\\\/www.aircharter.com\\\/de\\\/#\\\/schema\\\/logo\\\/image\\\/\",\"url\":\"https:\\\/\\\/www.aircharter.com\\\/wp-content\\\/uploads\\\/2022\\\/12\\\/Aircharter_logo_114X1141-11.png\",\"contentUrl\":\"https:\\\/\\\/www.aircharter.com\\\/wp-content\\\/uploads\\\/2022\\\/12\\\/Aircharter_logo_114X1141-11.png\",\"width\":114,\"height\":114,\"caption\":\"Aircharter.com LLC\"},\"image\":{\"@id\":\"https:\\\/\\\/www.aircharter.com\\\/de\\\/#\\\/schema\\\/logo\\\/image\\\/\"}}]}<\/script>\n<!-- \/ Yoast SEO plugin. -->","yoast_head_json":{"title":"\u00dcber uns - Aircharter","robots":{"index":"index","follow":"follow","max-snippet":"max-snippet:-1","max-image-preview":"max-image-preview:large","max-video-preview":"max-video-preview:-1"},"canonical":"https:\/\/www.aircharter.com\/uber-uns\/","og_locale":"de_DE","og_type":"article","og_title":"\u00dcber uns - Aircharter","og_url":"https:\/\/www.aircharter.com\/uber-uns\/","og_site_name":"Aircharter","article_modified_time":"2022-12-11T22:51:27+00:00","og_image":[{"url":"https:\/\/www.aircharter.com\/wp-content\/uploads\/2013\/06\/golf.gif","type":"","width":"","height":""}],"twitter_card":"summary_large_image","twitter_misc":{"Gesch\u00e4tzte Lesezeit":"4\u00a0Minuten"},"schema":{"@context":"https:\/\/schema.org","@graph":[{"@type":"WebPage","@id":"https:\/\/www.aircharter.com\/uber-uns\/","url":"https:\/\/www.aircharter.com\/uber-uns\/","name":"\u00dcber uns - Aircharter","isPartOf":{"@id":"https:\/\/www.aircharter.com\/de\/#website"},"primaryImageOfPage":{"@id":"https:\/\/www.aircharter.com\/uber-uns\/#primaryimage"},"image":{"@id":"https:\/\/www.aircharter.com\/uber-uns\/#primaryimage"},"thumbnailUrl":"https:\/\/www.aircharter.com\/wp-content\/uploads\/2013\/06\/golf.gif","datePublished":"2014-11-17T21:24:40+00:00","dateModified":"2022-12-11T22:51:27+00:00","breadcrumb":{"@id":"https:\/\/www.aircharter.com\/uber-uns\/#breadcrumb"},"inLanguage":"de","potentialAction":[{"@type":"ReadAction","target":["https:\/\/www.aircharter.com\/uber-uns\/"]}]},{"@type":"ImageObject","inLanguage":"de","@id":"https:\/\/www.aircharter.com\/uber-uns\/#primaryimage","url":"https:\/\/www.aircharter.com\/wp-content\/uploads\/2013\/06\/golf.gif","contentUrl":"https:\/\/www.aircharter.com\/wp-content\/uploads\/2013\/06\/golf.gif"},{"@type":"BreadcrumbList","@id":"https:\/\/www.aircharter.com\/uber-uns\/#breadcrumb","itemListElement":[{"@type":"ListItem","position":1,"name":"Home","item":"https:\/\/www.aircharter.com\/"},{"@type":"ListItem","position":2,"name":"\u00dcber uns"}]},{"@type":"WebSite","@id":"https:\/\/www.aircharter.com\/de\/#website","url":"https:\/\/www.aircharter.com\/de\/","name":"Aircharter","description":"Air Charter | Private Jet Charter &amp; Rental | Fly Smarter | Hire a Business Jet","publisher":{"@id":"https:\/\/www.aircharter.com\/de\/#organization"},"potentialAction":[{"@type":"SearchAction","target":{"@type":"EntryPoint","urlTemplate":"https:\/\/www.aircharter.com\/de\/?s={search_term_string}"},"query-input":{"@type":"PropertyValueSpecification","valueRequired":true,"valueName":"search_term_string"}}],"inLanguage":"de"},{"@type":"Organization","@id":"https:\/\/www.aircharter.com\/de\/#organization","name":"Aircharter.com LLC","url":"https:\/\/www.aircharter.com\/de\/","logo":{"@type":"ImageObject","inLanguage":"de","@id":"https:\/\/www.aircharter.com\/de\/#\/schema\/logo\/image\/","url":"https:\/\/www.aircharter.com\/wp-content\/uploads\/2022\/12\/Aircharter_logo_114X1141-11.png","contentUrl":"https:\/\/www.aircharter.com\/wp-content\/uploads\/2022\/12\/Aircharter_logo_114X1141-11.png","width":114,"height":114,"caption":"Aircharter.com LLC"},"image":{"@id":"https:\/\/www.aircharter.com\/de\/#\/schema\/logo\/image\/"}}]}},"_links":{"self":[{"href":"https:\/\/www.aircharter.com\/de\/wp-json\/wp\/v2\/pages\/27848","targetHints":{"allow":["GET"]}}],"collection":[{"href":"https:\/\/www.aircharter.com\/de\/wp-json\/wp\/v2\/pages"}],"about":[{"href":"https:\/\/www.aircharter.com\/de\/wp-json\/wp\/v2\/types\/page"}],"author":[{"embeddable":true,"href":"https:\/\/www.aircharter.com\/de\/wp-json\/wp\/v2\/users\/3"}],"replies":[{"embeddable":true,"href":"https:\/\/www.aircharter.com\/de\/wp-json\/wp\/v2\/comments?post=27848"}],"version-history":[{"count":6,"href":"https:\/\/www.aircharter.com\/de\/wp-json\/wp\/v2\/pages\/27848\/revisions"}],"predecessor-version":[{"id":37260,"href":"https:\/\/www.aircharter.com\/de\/wp-json\/wp\/v2\/pages\/27848\/revisions\/37260"}],"wp:attachment":[{"href":"https:\/\/www.aircharter.com\/de\/wp-json\/wp\/v2\/media?parent=27848"}],"curies":[{"name":"wp","href":"https:\/\/api.w.org\/{rel}","templated":true}]}}