{"id":27963,"date":"2014-01-08T04:49:57","date_gmt":"2014-01-08T12:49:57","guid":{"rendered":"https:\/\/www.aircharter.com\/booking-engine-2\/"},"modified":"2022-12-11T17:53:00","modified_gmt":"2022-12-11T22:53:00","slug":"booking-engine","status":"publish","type":"page","link":"https:\/\/www.aircharter.com\/de\/booking-engine\/","title":{"rendered":"AirCharter Booking Engine &#8211; Sofortiger Kosten &#038; Preise von Privatjets"},"content":{"rendered":"<p>&nbsp;<\/p>\n<p><span style=\"line-height: 1.5em;\"><div class=\"fusion-fullwidth fullwidth-box fusion-builder-row-1 fusion-flex-container hundred-percent-fullwidth non-hundred-percent-height-scrolling\" style=\"--awb-border-radius-top-left:0px;--awb-border-radius-top-right:0px;--awb-border-radius-bottom-right:0px;--awb-border-radius-bottom-left:0px;--awb-overflow:visible;--awb-flex-wrap:wrap;\" ><div class=\"fusion-builder-row fusion-row fusion-flex-align-items-flex-start fusion-flex-content-wrap\" style=\"width:calc( 100% + 0px ) !important;max-width:calc( 100% + 0px ) !important;margin-left: calc(-0px \/ 2 );margin-right: calc(-0px \/ 2 );\"><div class=\"fusion-layout-column fusion_builder_column fusion-builder-column-0 fusion_builder_column_1_1 1_1 fusion-flex-column fusion-flex-align-self-flex-start fusion-column-no-min-height\" style=\"--awb-bg-size:cover;--awb-width-large:100%;--awb-margin-top-large:0px;--awb-spacing-right-large:0px;--awb-margin-bottom-large:0px;--awb-spacing-left-large:0px;--awb-width-medium:100%;--awb-spacing-right-medium:0px;--awb-spacing-left-medium:0px;--awb-width-small:100%;--awb-spacing-right-small:0px;--awb-spacing-left-small:0px;\"><div class=\"fusion-column-wrapper fusion-flex-justify-content-flex-start fusion-content-layout-column\"><div class=\"fusion-content-boxes content-boxes columns row fusion-columns-6 fusion-columns-total-1 fusion-content-boxes-1 content-boxes-icon-boxed content-\" style=\"--awb-backgroundcolor:#EEEEEE;--awb-hover-accent-color:var(--awb-color4);--awb-circle-hover-accent-color:var(--awb-color4);\" data-animationOffset=\"top-into-view\"><\/span><\/p>\n<div style=\"--awb-backgroundcolor:#EEEEEE;\" class=\"fusion-column content-box-column content-box-column content-box-column-1 col-lg-2 col-md-2 col-sm-2 fusion-content-box-hover content-box-column-first-in-row content-box-column-last\"><div class=\"col content-box-wrapper content-wrapper-background content-wrapper-boxed link-area-link-icon content-icon-wrapper-yes icon-hover-animation-fade fusion-animated\" data-animationType=\"bounceInDown\" data-animationDuration=\"0.1\" data-animationOffset=\"top-into-view\"><div class=\"heading heading-with-icon\"><div class=\"icon\"><span style=\"height:42px;width:42px;line-height:22px;border-color:rgba(255,255,255,0);border-width:1px;border-style:solid;background-color:var(--awb-color8);position:absolute;top:-71px;margin-left:-21px;box-sizing:content-box;border-radius:50%;\"><i style=\"border-color:var(--awb-color8);border-width:1px;background-color:var(--awb-color7);box-sizing:content-box;height:40px;width:40px;line-height:40px;border-radius:50%;position:relative;top:auto;left:auto;margin:0;border-radius:50%;font-size:20px;\" aria-hidden=\"true\" class=\"fontawesome-icon fa fa-fighter-jet circle-yes\"><\/i><\/span><\/div><h2 class=\"content-box-heading\" style=\"--h2_typography-font-size:var(--content_box_title_size);line-height:5px;\">Aircharter Booking Engine<\/h2><\/div><div class=\"fusion-clearfix\"><\/div><div class=\"content-container\">[booking_engine type=&#8220;result&#8220;][\/booking_engine]<\/div><\/div><\/div>\n<div class=\"fusion-clearfix\"><\/div><\/div>\n<\/div><\/div><div class=\"fusion-layout-column fusion_builder_column fusion-builder-column-1 fusion_builder_column_1_1 1_1 fusion-flex-column fusion-flex-align-self-flex-start fusion-column-no-min-height\" style=\"--awb-bg-size:cover;--awb-width-large:100%;--awb-margin-top-large:0px;--awb-spacing-right-large:0px;--awb-margin-bottom-large:0px;--awb-spacing-left-large:0px;--awb-width-medium:100%;--awb-spacing-right-medium:0px;--awb-spacing-left-medium:0px;--awb-width-small:100%;--awb-spacing-right-small:0px;--awb-spacing-left-small:0px;\"><div class=\"fusion-column-wrapper fusion-flex-justify-content-flex-start fusion-content-layout-column\">[booking_engine type=&#8220;list&#8220;][\/booking_engine]\n<p>&nbsp;<\/p>\n<div class=\"table-2\"><\/div>\n<p>&nbsp;<\/p>\n<h3 style=\"text-align: center;\">Welcome to Aircharter&#8217;s online booking engine.<\/h3>\n<p>Mit einem Grundplan, k\u00f6nnen Sie ein Online-Preis sofort f\u00fcr Ihre private Reise geht, zu erhalten. Wir k\u00f6nnen aus 1 Passagier auf nahezu unbegrenzte Reisende mit unserer Liste der \u00fcberpr\u00fcft und akkreditiert Flugzeuge, derzeit mit mehr als 10.000 vollst\u00e4ndig \u00fcberpr\u00fcft Flugzeuge Relais mit der Booking Engine unterzubringen. So kann jeder Kunde, eine Web-Zitat auf der Aircharter.com Buchungsmaschine mit nahezu perfekter Genauigkeit zu erhalten, was dem Kunden einen Einblick in eine sehr genaue Zahl, die Sie w\u00fcrde der Kunde erwarten, dass f\u00fcr die Reise zu bezahlen. Willst du in einer l\u00e4ndlichen Flughafen landen? Unser Reservierungssystem wird Ihnen wissen, welche Flugzeuge dort landen k\u00f6nnen. Aircharter der neuen Online-Reservierungssystem gibt Ihnen einen gesch\u00e4tzten Preis, die Menge der Flugzeit, und wenn \u00fcberhaupt Tankstopps erforderlich sind. Brandneu, Schneide 2014 Technologie zusammen, um Ihnen eine m\u00f6glichst genaue Preis online verf\u00fcgbar jetzt geben.<\/p>\n<p>So dass Entscheidungen von Flugzeugtyp von Kolbenflugzeugen bis hin zu VIP-oder Standard konfiguriert Flugzeuge, jeden Aspekt Ihrer Reise kann f\u00fcr Ihre Bed\u00fcrfnisse angepasst werden. Unser Reservierungssystem gibt Ihnen s\u00e4mtliche M\u00f6glichkeiten, nach Kategorie und Preis. Das Reservierungssystem k\u00f6nnen Sie auf Ihrem eigenen Reisebudget, um die am besten geeignete Flugzeug f\u00fcr Ihre Reise zu handeln. Wenn Sie irgendwelche speziellen Anforderungen oder Fragen haben, unser erfahrenes Team von Charterspezialisten sind f\u00fcr Sie heute zu unterst\u00fctzen. Kontaktieren Sie uns bei Fragen gerne zur Verf\u00fcgung.<\/div><\/div><\/div><\/div><\/p>\n","protected":false},"excerpt":{"rendered":"<p>&nbsp;<\/p>\n","protected":false},"author":9,"featured_media":0,"parent":0,"menu_order":0,"comment_status":"closed","ping_status":"closed","template":"","meta":{"footnotes":""},"class_list":["post-27963","page","type-page","status-publish","hentry"],"yoast_head":"<!-- This site is optimized with the Yoast SEO plugin v27.4 - https:\/\/yoast.com\/product\/yoast-seo-wordpress\/ -->\n<title>AirCharter Booking Engine - Sofortiger Kosten &amp; Preise von Privatjets - Aircharter<\/title>\n<meta name=\"robots\" content=\"index, follow, max-snippet:-1, max-image-preview:large, max-video-preview:-1\" \/>\n<link rel=\"canonical\" href=\"https:\/\/www.aircharter.com\/booking-engine\/\" \/>\n<meta property=\"og:locale\" content=\"de_DE\" \/>\n<meta property=\"og:type\" content=\"article\" \/>\n<meta property=\"og:title\" content=\"AirCharter Booking Engine - Sofortiger Kosten &amp; Preise von Privatjets - Aircharter\" \/>\n<meta property=\"og:description\" content=\"&nbsp;\" \/>\n<meta property=\"og:url\" content=\"https:\/\/www.aircharter.com\/booking-engine\/\" \/>\n<meta property=\"og:site_name\" content=\"Aircharter\" \/>\n<meta property=\"article:modified_time\" content=\"2022-12-11T22:53:00+00:00\" \/>\n<meta name=\"twitter:card\" content=\"summary_large_image\" \/>\n<meta name=\"twitter:label1\" content=\"Gesch\u00e4tzte Lesezeit\" \/>\n\t<meta name=\"twitter:data1\" content=\"2\u00a0Minuten\" \/>\n<script type=\"application\/ld+json\" class=\"yoast-schema-graph\">{\"@context\":\"https:\\\/\\\/schema.org\",\"@graph\":[{\"@type\":\"WebPage\",\"@id\":\"https:\\\/\\\/www.aircharter.com\\\/booking-engine\\\/\",\"url\":\"https:\\\/\\\/www.aircharter.com\\\/booking-engine\\\/\",\"name\":\"AirCharter Booking Engine - Sofortiger Kosten & Preise von Privatjets - Aircharter\",\"isPartOf\":{\"@id\":\"https:\\\/\\\/www.aircharter.com\\\/de\\\/#website\"},\"datePublished\":\"2014-01-08T12:49:57+00:00\",\"dateModified\":\"2022-12-11T22:53:00+00:00\",\"breadcrumb\":{\"@id\":\"https:\\\/\\\/www.aircharter.com\\\/booking-engine\\\/#breadcrumb\"},\"inLanguage\":\"de\",\"potentialAction\":[{\"@type\":\"ReadAction\",\"target\":[\"https:\\\/\\\/www.aircharter.com\\\/booking-engine\\\/\"]}]},{\"@type\":\"BreadcrumbList\",\"@id\":\"https:\\\/\\\/www.aircharter.com\\\/booking-engine\\\/#breadcrumb\",\"itemListElement\":[{\"@type\":\"ListItem\",\"position\":1,\"name\":\"Home\",\"item\":\"https:\\\/\\\/www.aircharter.com\\\/\"},{\"@type\":\"ListItem\",\"position\":2,\"name\":\"AirCharter Booking Engine &#8211; Sofortiger Kosten &#038; Preise von Privatjets\"}]},{\"@type\":\"WebSite\",\"@id\":\"https:\\\/\\\/www.aircharter.com\\\/de\\\/#website\",\"url\":\"https:\\\/\\\/www.aircharter.com\\\/de\\\/\",\"name\":\"Aircharter\",\"description\":\"Air Charter | Private Jet Charter &amp; Rental | Fly Smarter | Hire a Business Jet\",\"publisher\":{\"@id\":\"https:\\\/\\\/www.aircharter.com\\\/de\\\/#organization\"},\"potentialAction\":[{\"@type\":\"SearchAction\",\"target\":{\"@type\":\"EntryPoint\",\"urlTemplate\":\"https:\\\/\\\/www.aircharter.com\\\/de\\\/?s={search_term_string}\"},\"query-input\":{\"@type\":\"PropertyValueSpecification\",\"valueRequired\":true,\"valueName\":\"search_term_string\"}}],\"inLanguage\":\"de\"},{\"@type\":\"Organization\",\"@id\":\"https:\\\/\\\/www.aircharter.com\\\/de\\\/#organization\",\"name\":\"Aircharter.com LLC\",\"url\":\"https:\\\/\\\/www.aircharter.com\\\/de\\\/\",\"logo\":{\"@type\":\"ImageObject\",\"inLanguage\":\"de\",\"@id\":\"https:\\\/\\\/www.aircharter.com\\\/de\\\/#\\\/schema\\\/logo\\\/image\\\/\",\"url\":\"https:\\\/\\\/www.aircharter.com\\\/wp-content\\\/uploads\\\/2022\\\/12\\\/Aircharter_logo_114X1141-11.png\",\"contentUrl\":\"https:\\\/\\\/www.aircharter.com\\\/wp-content\\\/uploads\\\/2022\\\/12\\\/Aircharter_logo_114X1141-11.png\",\"width\":114,\"height\":114,\"caption\":\"Aircharter.com LLC\"},\"image\":{\"@id\":\"https:\\\/\\\/www.aircharter.com\\\/de\\\/#\\\/schema\\\/logo\\\/image\\\/\"}}]}<\/script>\n<!-- \/ Yoast SEO plugin. -->","yoast_head_json":{"title":"AirCharter Booking Engine - Sofortiger Kosten & Preise von Privatjets - Aircharter","robots":{"index":"index","follow":"follow","max-snippet":"max-snippet:-1","max-image-preview":"max-image-preview:large","max-video-preview":"max-video-preview:-1"},"canonical":"https:\/\/www.aircharter.com\/booking-engine\/","og_locale":"de_DE","og_type":"article","og_title":"AirCharter Booking Engine - Sofortiger Kosten & Preise von Privatjets - Aircharter","og_description":"&nbsp;","og_url":"https:\/\/www.aircharter.com\/booking-engine\/","og_site_name":"Aircharter","article_modified_time":"2022-12-11T22:53:00+00:00","twitter_card":"summary_large_image","twitter_misc":{"Gesch\u00e4tzte Lesezeit":"2\u00a0Minuten"},"schema":{"@context":"https:\/\/schema.org","@graph":[{"@type":"WebPage","@id":"https:\/\/www.aircharter.com\/booking-engine\/","url":"https:\/\/www.aircharter.com\/booking-engine\/","name":"AirCharter Booking Engine - Sofortiger Kosten & Preise von Privatjets - Aircharter","isPartOf":{"@id":"https:\/\/www.aircharter.com\/de\/#website"},"datePublished":"2014-01-08T12:49:57+00:00","dateModified":"2022-12-11T22:53:00+00:00","breadcrumb":{"@id":"https:\/\/www.aircharter.com\/booking-engine\/#breadcrumb"},"inLanguage":"de","potentialAction":[{"@type":"ReadAction","target":["https:\/\/www.aircharter.com\/booking-engine\/"]}]},{"@type":"BreadcrumbList","@id":"https:\/\/www.aircharter.com\/booking-engine\/#breadcrumb","itemListElement":[{"@type":"ListItem","position":1,"name":"Home","item":"https:\/\/www.aircharter.com\/"},{"@type":"ListItem","position":2,"name":"AirCharter Booking Engine &#8211; Sofortiger Kosten &#038; Preise von Privatjets"}]},{"@type":"WebSite","@id":"https:\/\/www.aircharter.com\/de\/#website","url":"https:\/\/www.aircharter.com\/de\/","name":"Aircharter","description":"Air Charter | Private Jet Charter &amp; Rental | Fly Smarter | Hire a Business Jet","publisher":{"@id":"https:\/\/www.aircharter.com\/de\/#organization"},"potentialAction":[{"@type":"SearchAction","target":{"@type":"EntryPoint","urlTemplate":"https:\/\/www.aircharter.com\/de\/?s={search_term_string}"},"query-input":{"@type":"PropertyValueSpecification","valueRequired":true,"valueName":"search_term_string"}}],"inLanguage":"de"},{"@type":"Organization","@id":"https:\/\/www.aircharter.com\/de\/#organization","name":"Aircharter.com LLC","url":"https:\/\/www.aircharter.com\/de\/","logo":{"@type":"ImageObject","inLanguage":"de","@id":"https:\/\/www.aircharter.com\/de\/#\/schema\/logo\/image\/","url":"https:\/\/www.aircharter.com\/wp-content\/uploads\/2022\/12\/Aircharter_logo_114X1141-11.png","contentUrl":"https:\/\/www.aircharter.com\/wp-content\/uploads\/2022\/12\/Aircharter_logo_114X1141-11.png","width":114,"height":114,"caption":"Aircharter.com LLC"},"image":{"@id":"https:\/\/www.aircharter.com\/de\/#\/schema\/logo\/image\/"}}]}},"_links":{"self":[{"href":"https:\/\/www.aircharter.com\/de\/wp-json\/wp\/v2\/pages\/27963","targetHints":{"allow":["GET"]}}],"collection":[{"href":"https:\/\/www.aircharter.com\/de\/wp-json\/wp\/v2\/pages"}],"about":[{"href":"https:\/\/www.aircharter.com\/de\/wp-json\/wp\/v2\/types\/page"}],"author":[{"embeddable":true,"href":"https:\/\/www.aircharter.com\/de\/wp-json\/wp\/v2\/users\/9"}],"replies":[{"embeddable":true,"href":"https:\/\/www.aircharter.com\/de\/wp-json\/wp\/v2\/comments?post=27963"}],"version-history":[{"count":4,"href":"https:\/\/www.aircharter.com\/de\/wp-json\/wp\/v2\/pages\/27963\/revisions"}],"predecessor-version":[{"id":37330,"href":"https:\/\/www.aircharter.com\/de\/wp-json\/wp\/v2\/pages\/27963\/revisions\/37330"}],"wp:attachment":[{"href":"https:\/\/www.aircharter.com\/de\/wp-json\/wp\/v2\/media?parent=27963"}],"curies":[{"name":"wp","href":"https:\/\/api.w.org\/{rel}","templated":true}]}}