{"id":25595,"date":"2014-02-25T15:01:01","date_gmt":"2014-02-25T20:01:01","guid":{"rendered":"https:\/\/www.aircharter.com\/?page_id=25595"},"modified":"2022-12-11T17:52:57","modified_gmt":"2022-12-11T22:52:57","slug":"vip-2","status":"publish","type":"page","link":"https:\/\/www.aircharter.com\/es\/vip-2\/","title":{"rendered":"VIP"},"content":{"rendered":"<h2>Air Charter VIP<\/h2>\n<p>Air Charter le puede proporcionar la m\u00e1xima experiencia VIP a trav\u00e9s de nuestro servicio de primera clase en nuestro VIP<br \/>\nAir Charter.<br \/>\nUna red mundial de operadores est\u00e1n disponibles para ofrecerle la m\u00e1s amplia variedad de configuraciones de asientos de aviones de primera clase, con capacidad para 18 a 88 pasajeros.<br \/>\nInteriores de aviones de lujo, como asientos de cuero, ricos chapas de madera y salones de lujo\u00a0oficina de california<br \/>\nPersonal orientadas a servicios se encargan de todos los detalles, incluyendo servicio de catering y plata de primera clase servicios.<\/p>\n<div class=\"fusion-fullwidth fullwidth-box fusion-builder-row-1 fusion-flex-container hundred-percent-fullwidth non-hundred-percent-height-scrolling\" style=\"--awb-border-radius-top-left:0px;--awb-border-radius-top-right:0px;--awb-border-radius-bottom-right:0px;--awb-border-radius-bottom-left:0px;--awb-overflow:visible;--awb-flex-wrap:wrap;\" ><div class=\"fusion-builder-row fusion-row fusion-flex-align-items-flex-start fusion-flex-content-wrap\" style=\"width:104% !important;max-width:104% !important;margin-left: calc(-4% \/ 2 );margin-right: calc(-4% \/ 2 );\"><div class=\"fusion-layout-column fusion_builder_column fusion-builder-column-0 fusion_builder_column_1_2 1_2 fusion-flex-column\" style=\"--awb-bg-size:cover;--awb-width-large:50%;--awb-margin-top-large:0px;--awb-spacing-right-large:3.84%;--awb-margin-bottom-large:20px;--awb-spacing-left-large:3.84%;--awb-width-medium:50%;--awb-spacing-right-medium:3.84%;--awb-spacing-left-medium:3.84%;--awb-width-small:100%;--awb-spacing-right-small:1.92%;--awb-spacing-left-small:1.92%;\"><div class=\"fusion-column-wrapper fusion-flex-justify-content-flex-start fusion-content-layout-column\"><img decoding=\"async\" title=\"vip\" alt=\"vip\" src=\"https:\/\/www.aircharter.com\/wp-content\/uploads\/2013\/06\/Plane_interior_BBJ2.jpg\" width=\"660\" height=\"405\" \/><\/div><\/div><div class=\"fusion-layout-column fusion_builder_column fusion-builder-column-1 fusion_builder_column_1_2 1_2 fusion-flex-column\" style=\"--awb-bg-size:cover;--awb-width-large:50%;--awb-margin-top-large:0px;--awb-spacing-right-large:3.84%;--awb-margin-bottom-large:20px;--awb-spacing-left-large:3.84%;--awb-width-medium:50%;--awb-spacing-right-medium:3.84%;--awb-spacing-left-medium:3.84%;--awb-width-small:100%;--awb-spacing-right-small:1.92%;--awb-spacing-left-small:1.92%;\"><div class=\"fusion-column-wrapper fusion-flex-justify-content-flex-start fusion-content-layout-column\"><img decoding=\"async\" title=\"BBJ\" alt=\"BBJ\" src=\"https:\/\/www.aircharter.com\/wp-content\/uploads\/2013\/06\/Plane_interior_BBJ.jpg\" width=\"660\" height=\"405\" \/><\/p>\n<\/div><\/div>\n<p>&nbsp;<\/p>\n<p>No s\u00e9 c\u00f3mo reservar un jet privado? Hay muchas formas de vender bloques de tiempo privado de alquiler de jet, y m\u00e1s se inventan todos los d\u00edas pero rara vez hay alguna ventaja sobre un charter privado. El problema con esquemas como miembro del bloque del charter es que, al igual que la propiedad fraccional, requieren la posible empresa a pagar una gran cantidad de dinero por adelantado. Los ahorros que usted har\u00e1 mediante la utilizaci\u00f3n de un charter privado tradicional, como y cuando lo necesite, es importante &#8211; y sin ning\u00fan compromiso en absoluto.<\/p>\n<p>Tendr\u00e1 que pagar s\u00f3lo las horas que vuelan, todos los costos y honorarios se incluir\u00e1n en su precio por adelantado, lo que permite que te preocupes por cosas mucho m\u00e1s importantes que sus acuerdos privados de alquiler de jet.<\/p>\n<h2>Air Charter estar\u00e1 con usted en cada paso del camino. Tan pronto como recibamos su solicitud, le asignar\u00e1 su propio especialista en alquiler de jet privado. Estar\u00e1n disponibles desde el momento de la reserva de un jet privado al momento de aterrizar.<\/h2>\n<h2><\/h2>\n<\/div><\/div>\n","protected":false},"excerpt":{"rendered":"<p>Air Charter VIP Air Charter le puede proporcionar la m\u00e1xima experiencia VIP a trav\u00e9s de nuestro servicio de primera clase en nuestro VIP Air Charter. Una red mundial de operadores est\u00e1n disponibles para ofrecerle la m\u00e1s amplia variedad de configuraciones de asientos de aviones de primera clase, con capacidad para 18 a 88 pasajeros. Interiores de aviones de lujo, como asientos de cuero, ricos chapas de madera y salones de lujo\u00a0oficina de california Personal orientadas a servicios se encargan de todos los detalles, incluyendo servicio de catering y plata de primera clase servicios.<\/p>\n","protected":false},"author":12,"featured_media":0,"parent":0,"menu_order":0,"comment_status":"closed","ping_status":"closed","template":"","meta":{"footnotes":""},"class_list":["post-25595","page","type-page","status-publish","hentry"],"yoast_head":"<!-- This site is optimized with the Yoast SEO plugin v27.4 - https:\/\/yoast.com\/product\/yoast-seo-wordpress\/ -->\n<title>VIP - Aircharter<\/title>\n<meta name=\"robots\" content=\"index, follow, max-snippet:-1, max-image-preview:large, max-video-preview:-1\" \/>\n<link rel=\"canonical\" href=\"https:\/\/www.aircharter.com\/vip-2\/\" \/>\n<meta property=\"og:locale\" content=\"es_ES\" \/>\n<meta property=\"og:type\" content=\"article\" \/>\n<meta property=\"og:title\" content=\"VIP - Aircharter\" \/>\n<meta property=\"og:description\" content=\"Air Charter VIP Air Charter le puede proporcionar la m\u00e1xima experiencia VIP a trav\u00e9s de nuestro servicio de primera clase en nuestro VIP Air Charter. Una red mundial de operadores est\u00e1n disponibles para ofrecerle la m\u00e1s amplia variedad de configuraciones de asientos de aviones de primera clase, con capacidad para 18 a 88 pasajeros. Interiores de aviones de lujo, como asientos de cuero, ricos chapas de madera y salones de lujo\u00a0oficina de california Personal orientadas a servicios se encargan de todos los detalles, incluyendo servicio de catering y plata de primera clase servicios.\" \/>\n<meta property=\"og:url\" content=\"https:\/\/www.aircharter.com\/vip-2\/\" \/>\n<meta property=\"og:site_name\" content=\"Aircharter\" \/>\n<meta property=\"article:modified_time\" content=\"2022-12-11T22:52:57+00:00\" \/>\n<meta property=\"og:image\" content=\"https:\/\/www.aircharter.com\/wp-content\/uploads\/2013\/06\/Plane_interior_BBJ2.jpg\" \/>\n<meta name=\"twitter:card\" content=\"summary_large_image\" \/>\n<meta name=\"twitter:label1\" content=\"Tiempo de lectura\" \/>\n\t<meta name=\"twitter:data1\" content=\"2 minutos\" \/>\n<script type=\"application\/ld+json\" class=\"yoast-schema-graph\">{\"@context\":\"https:\\\/\\\/schema.org\",\"@graph\":[{\"@type\":\"WebPage\",\"@id\":\"https:\\\/\\\/www.aircharter.com\\\/vip-2\\\/\",\"url\":\"https:\\\/\\\/www.aircharter.com\\\/vip-2\\\/\",\"name\":\"VIP - Aircharter\",\"isPartOf\":{\"@id\":\"https:\\\/\\\/www.aircharter.com\\\/de\\\/#website\"},\"primaryImageOfPage\":{\"@id\":\"https:\\\/\\\/www.aircharter.com\\\/vip-2\\\/#primaryimage\"},\"image\":{\"@id\":\"https:\\\/\\\/www.aircharter.com\\\/vip-2\\\/#primaryimage\"},\"thumbnailUrl\":\"https:\\\/\\\/www.aircharter.com\\\/wp-content\\\/uploads\\\/2013\\\/06\\\/Plane_interior_BBJ2.jpg\",\"datePublished\":\"2014-02-25T20:01:01+00:00\",\"dateModified\":\"2022-12-11T22:52:57+00:00\",\"breadcrumb\":{\"@id\":\"https:\\\/\\\/www.aircharter.com\\\/vip-2\\\/#breadcrumb\"},\"inLanguage\":\"es\",\"potentialAction\":[{\"@type\":\"ReadAction\",\"target\":[\"https:\\\/\\\/www.aircharter.com\\\/vip-2\\\/\"]}]},{\"@type\":\"ImageObject\",\"inLanguage\":\"es\",\"@id\":\"https:\\\/\\\/www.aircharter.com\\\/vip-2\\\/#primaryimage\",\"url\":\"https:\\\/\\\/www.aircharter.com\\\/wp-content\\\/uploads\\\/2013\\\/06\\\/Plane_interior_BBJ2.jpg\",\"contentUrl\":\"https:\\\/\\\/www.aircharter.com\\\/wp-content\\\/uploads\\\/2013\\\/06\\\/Plane_interior_BBJ2.jpg\"},{\"@type\":\"BreadcrumbList\",\"@id\":\"https:\\\/\\\/www.aircharter.com\\\/vip-2\\\/#breadcrumb\",\"itemListElement\":[{\"@type\":\"ListItem\",\"position\":1,\"name\":\"Home\",\"item\":\"https:\\\/\\\/www.aircharter.com\\\/\"},{\"@type\":\"ListItem\",\"position\":2,\"name\":\"VIP\"}]},{\"@type\":\"WebSite\",\"@id\":\"https:\\\/\\\/www.aircharter.com\\\/de\\\/#website\",\"url\":\"https:\\\/\\\/www.aircharter.com\\\/de\\\/\",\"name\":\"Aircharter\",\"description\":\"Air Charter | Private Jet Charter &amp; Rental | Fly Smarter | Hire a Business Jet\",\"publisher\":{\"@id\":\"https:\\\/\\\/www.aircharter.com\\\/de\\\/#organization\"},\"potentialAction\":[{\"@type\":\"SearchAction\",\"target\":{\"@type\":\"EntryPoint\",\"urlTemplate\":\"https:\\\/\\\/www.aircharter.com\\\/de\\\/?s={search_term_string}\"},\"query-input\":{\"@type\":\"PropertyValueSpecification\",\"valueRequired\":true,\"valueName\":\"search_term_string\"}}],\"inLanguage\":\"es\"},{\"@type\":\"Organization\",\"@id\":\"https:\\\/\\\/www.aircharter.com\\\/de\\\/#organization\",\"name\":\"Aircharter.com LLC\",\"url\":\"https:\\\/\\\/www.aircharter.com\\\/de\\\/\",\"logo\":{\"@type\":\"ImageObject\",\"inLanguage\":\"es\",\"@id\":\"https:\\\/\\\/www.aircharter.com\\\/de\\\/#\\\/schema\\\/logo\\\/image\\\/\",\"url\":\"https:\\\/\\\/www.aircharter.com\\\/wp-content\\\/uploads\\\/2022\\\/12\\\/Aircharter_logo_114X1141-11.png\",\"contentUrl\":\"https:\\\/\\\/www.aircharter.com\\\/wp-content\\\/uploads\\\/2022\\\/12\\\/Aircharter_logo_114X1141-11.png\",\"width\":114,\"height\":114,\"caption\":\"Aircharter.com LLC\"},\"image\":{\"@id\":\"https:\\\/\\\/www.aircharter.com\\\/de\\\/#\\\/schema\\\/logo\\\/image\\\/\"}}]}<\/script>\n<!-- \/ Yoast SEO plugin. -->","yoast_head_json":{"title":"VIP - Aircharter","robots":{"index":"index","follow":"follow","max-snippet":"max-snippet:-1","max-image-preview":"max-image-preview:large","max-video-preview":"max-video-preview:-1"},"canonical":"https:\/\/www.aircharter.com\/vip-2\/","og_locale":"es_ES","og_type":"article","og_title":"VIP - Aircharter","og_description":"Air Charter VIP Air Charter le puede proporcionar la m\u00e1xima experiencia VIP a trav\u00e9s de nuestro servicio de primera clase en nuestro VIP Air Charter. Una red mundial de operadores est\u00e1n disponibles para ofrecerle la m\u00e1s amplia variedad de configuraciones de asientos de aviones de primera clase, con capacidad para 18 a 88 pasajeros. Interiores de aviones de lujo, como asientos de cuero, ricos chapas de madera y salones de lujo\u00a0oficina de california Personal orientadas a servicios se encargan de todos los detalles, incluyendo servicio de catering y plata de primera clase servicios.","og_url":"https:\/\/www.aircharter.com\/vip-2\/","og_site_name":"Aircharter","article_modified_time":"2022-12-11T22:52:57+00:00","og_image":[{"url":"https:\/\/www.aircharter.com\/wp-content\/uploads\/2013\/06\/Plane_interior_BBJ2.jpg","type":"","width":"","height":""}],"twitter_card":"summary_large_image","twitter_misc":{"Tiempo de lectura":"2 minutos"},"schema":{"@context":"https:\/\/schema.org","@graph":[{"@type":"WebPage","@id":"https:\/\/www.aircharter.com\/vip-2\/","url":"https:\/\/www.aircharter.com\/vip-2\/","name":"VIP - Aircharter","isPartOf":{"@id":"https:\/\/www.aircharter.com\/de\/#website"},"primaryImageOfPage":{"@id":"https:\/\/www.aircharter.com\/vip-2\/#primaryimage"},"image":{"@id":"https:\/\/www.aircharter.com\/vip-2\/#primaryimage"},"thumbnailUrl":"https:\/\/www.aircharter.com\/wp-content\/uploads\/2013\/06\/Plane_interior_BBJ2.jpg","datePublished":"2014-02-25T20:01:01+00:00","dateModified":"2022-12-11T22:52:57+00:00","breadcrumb":{"@id":"https:\/\/www.aircharter.com\/vip-2\/#breadcrumb"},"inLanguage":"es","potentialAction":[{"@type":"ReadAction","target":["https:\/\/www.aircharter.com\/vip-2\/"]}]},{"@type":"ImageObject","inLanguage":"es","@id":"https:\/\/www.aircharter.com\/vip-2\/#primaryimage","url":"https:\/\/www.aircharter.com\/wp-content\/uploads\/2013\/06\/Plane_interior_BBJ2.jpg","contentUrl":"https:\/\/www.aircharter.com\/wp-content\/uploads\/2013\/06\/Plane_interior_BBJ2.jpg"},{"@type":"BreadcrumbList","@id":"https:\/\/www.aircharter.com\/vip-2\/#breadcrumb","itemListElement":[{"@type":"ListItem","position":1,"name":"Home","item":"https:\/\/www.aircharter.com\/"},{"@type":"ListItem","position":2,"name":"VIP"}]},{"@type":"WebSite","@id":"https:\/\/www.aircharter.com\/de\/#website","url":"https:\/\/www.aircharter.com\/de\/","name":"Aircharter","description":"Air Charter | Private Jet Charter &amp; Rental | Fly Smarter | Hire a Business Jet","publisher":{"@id":"https:\/\/www.aircharter.com\/de\/#organization"},"potentialAction":[{"@type":"SearchAction","target":{"@type":"EntryPoint","urlTemplate":"https:\/\/www.aircharter.com\/de\/?s={search_term_string}"},"query-input":{"@type":"PropertyValueSpecification","valueRequired":true,"valueName":"search_term_string"}}],"inLanguage":"es"},{"@type":"Organization","@id":"https:\/\/www.aircharter.com\/de\/#organization","name":"Aircharter.com LLC","url":"https:\/\/www.aircharter.com\/de\/","logo":{"@type":"ImageObject","inLanguage":"es","@id":"https:\/\/www.aircharter.com\/de\/#\/schema\/logo\/image\/","url":"https:\/\/www.aircharter.com\/wp-content\/uploads\/2022\/12\/Aircharter_logo_114X1141-11.png","contentUrl":"https:\/\/www.aircharter.com\/wp-content\/uploads\/2022\/12\/Aircharter_logo_114X1141-11.png","width":114,"height":114,"caption":"Aircharter.com LLC"},"image":{"@id":"https:\/\/www.aircharter.com\/de\/#\/schema\/logo\/image\/"}}]}},"_links":{"self":[{"href":"https:\/\/www.aircharter.com\/es\/wp-json\/wp\/v2\/pages\/25595","targetHints":{"allow":["GET"]}}],"collection":[{"href":"https:\/\/www.aircharter.com\/es\/wp-json\/wp\/v2\/pages"}],"about":[{"href":"https:\/\/www.aircharter.com\/es\/wp-json\/wp\/v2\/types\/page"}],"author":[{"embeddable":true,"href":"https:\/\/www.aircharter.com\/es\/wp-json\/wp\/v2\/users\/12"}],"replies":[{"embeddable":true,"href":"https:\/\/www.aircharter.com\/es\/wp-json\/wp\/v2\/comments?post=25595"}],"version-history":[{"count":4,"href":"https:\/\/www.aircharter.com\/es\/wp-json\/wp\/v2\/pages\/25595\/revisions"}],"predecessor-version":[{"id":37321,"href":"https:\/\/www.aircharter.com\/es\/wp-json\/wp\/v2\/pages\/25595\/revisions\/37321"}],"wp:attachment":[{"href":"https:\/\/www.aircharter.com\/es\/wp-json\/wp\/v2\/media?parent=25595"}],"curies":[{"name":"wp","href":"https:\/\/api.w.org\/{rel}","templated":true}]}}