{"id":25612,"date":"2014-02-26T12:05:31","date_gmt":"2014-02-26T17:05:31","guid":{"rendered":"https:\/\/www.aircharter.com\/?page_id=25612"},"modified":"2022-12-11T17:52:56","modified_gmt":"2022-12-11T22:52:56","slug":"alquiler-un-jet-privado","status":"publish","type":"page","link":"https:\/\/www.aircharter.com\/es\/alquiler-un-jet-privado\/","title":{"rendered":"Alquiler un Jet Privado"},"content":{"rendered":"<h1>\u00bfCu\u00e1nto es el precio para alquilar un jet privado?<\/h1>\n<p>&nbsp;<\/p>\n<p>\u00bfQuieres saber m\u00e1s acerca de lo que cuesta alquilar un jet privado? Precios de alquiler de jet privado se calculan utilizando los honorarios por hora del avi\u00f3n, tasas de combustible (si los hay), de despegue y aterrizaje honorarios (aeropuertos cobran diferentes cantidades, dependiendo del tama\u00f1o del avi\u00f3n privado, y el recargo actual del aeropuerto de) Los aeropuertos internacionales son m\u00e1s caros a la tierra adentro, mientras que las organizaciones religiosas son generalmente mucho m\u00e1s barato, y ofrecer un \u00e1rea mucho m\u00e1s lujoso a bordo de su avi\u00f3n, lo que le permite simplemente caminar en su jet despu\u00e9s de un breve control de seguridad.<\/p>\n<p>&nbsp;<\/p>\n<h3>\u00bfCu\u00e1l ser\u00eda el costo de mi viaje? Gracias a nuestro motor de reserva en l\u00ednea, se puede calcular un precio muy preciso para su viaje, por cualquier tama\u00f1o de jet, y para cualquier n\u00famero de pasajeros. Pru\u00e9belo ahora:<\/h3>\n<p><div class=\"fusion-fullwidth fullwidth-box fusion-builder-row-1 fusion-flex-container hundred-percent-fullwidth non-hundred-percent-height-scrolling\" style=\"--awb-border-radius-top-left:0px;--awb-border-radius-top-right:0px;--awb-border-radius-bottom-right:0px;--awb-border-radius-bottom-left:0px;--awb-overflow:visible;--awb-margin-top:40px;--awb-background-color:rgba(255,255,255,0);--awb-flex-wrap:wrap;\" ><div class=\"fusion-builder-row fusion-row fusion-flex-align-items-flex-start fusion-flex-content-wrap\" style=\"width:calc( 100% + 0px ) !important;max-width:calc( 100% + 0px ) !important;margin-left: calc(-0px \/ 2 );margin-right: calc(-0px \/ 2 );\"><div class=\"fusion-layout-column fusion_builder_column fusion-builder-column-0 fusion_builder_column_1_1 1_1 fusion-flex-column fusion-flex-align-self-flex-start fusion-column-no-min-height\" style=\"--awb-bg-size:cover;--awb-width-large:100%;--awb-margin-top-large:0px;--awb-spacing-right-large:0px;--awb-margin-bottom-large:0px;--awb-spacing-left-large:0px;--awb-width-medium:100%;--awb-spacing-right-medium:0px;--awb-spacing-left-medium:0px;--awb-width-small:100%;--awb-spacing-right-small:0px;--awb-spacing-left-small:0px;\"><div class=\"fusion-column-wrapper fusion-flex-justify-content-flex-start fusion-content-layout-column\"><div class=\"fusion-separator fusion-full-width-sep\" style=\"align-self: center;margin-left: auto;margin-right: auto;width:100%;\"><div class=\"fusion-separator-border sep-double\" style=\"--awb-height:20px;--awb-amount:20px;border-color:#e0dede;border-top-width:1px;border-bottom-width:1px;\"><\/div><\/div>\n<\/div><\/div><\/div><\/div><div class=\"fusion-fullwidth fullwidth-box fusion-builder-row-2 fusion-flex-container hundred-percent-fullwidth non-hundred-percent-height-scrolling\" style=\"--awb-border-radius-top-left:0px;--awb-border-radius-top-right:0px;--awb-border-radius-bottom-right:0px;--awb-border-radius-bottom-left:0px;--awb-overflow:visible;--awb-flex-wrap:wrap;\" ><div class=\"fusion-builder-row fusion-row fusion-flex-align-items-flex-start fusion-flex-content-wrap\" style=\"width:calc( 100% + 0px ) !important;max-width:calc( 100% + 0px ) !important;margin-left: calc(-0px \/ 2 );margin-right: calc(-0px \/ 2 );\"><div class=\"fusion-layout-column fusion_builder_column fusion-builder-column-1 fusion_builder_column_1_1 1_1 fusion-flex-column fusion-flex-align-self-flex-start fusion-column-no-min-height\" style=\"--awb-bg-size:cover;--awb-width-large:100%;--awb-margin-top-large:0px;--awb-spacing-right-large:0px;--awb-margin-bottom-large:0px;--awb-spacing-left-large:0px;--awb-width-medium:100%;--awb-spacing-right-medium:0px;--awb-spacing-left-medium:0px;--awb-width-small:100%;--awb-spacing-right-small:0px;--awb-spacing-left-small:0px;\"><div class=\"fusion-column-wrapper fusion-flex-justify-content-flex-start fusion-content-layout-column\">[booking_engine type=\u00bbbig\u00bb][\/booking_engine]\n<div class=\"fusion-separator fusion-full-width-sep\" style=\"align-self: center;margin-left: auto;margin-right: auto;margin-top:40px;margin-bottom:40px;width:100%;\"><div class=\"fusion-separator-border sep-double\" style=\"--awb-height:20px;--awb-amount:20px;border-color:#e0dede;border-top-width:1px;border-bottom-width:1px;\"><\/div><\/div>\n<h2>Estos son los precios aproximados para todas las categor\u00edas de aeronaves que tenemos para ofrecer:<\/h2>\n<p>Usando nuestro sistema de reservas ser\u00e1 capaz de conseguir un precio mucho m\u00e1s preciso.<\/p>\n<table width=\"100%\">\n<tbody>\n<tr>\n<td><img decoding=\"async\" title=\"rent a private jet\" alt=\"rent a private jet\" src=\"https:\/\/www.aircharter.com\/wp-content\/uploads\/2013\/06\/KingAir_200_LgThmb.jpg\" width=\"120\" height=\"81\" border=\"0\" \/><\/td>\n<td>\n<h2><b>Turboh\u00e9lice\u00a0Charter<\/b><\/h2>\n<p>Capacidad: 6 &#8211; 8 People<br \/>\nVelocidad 218 &#8211; 315 mph<br \/>\nAlcance: 1,500 &#8211; 2,000 sm<br \/>\nTarifa: $1.200 &#8211; 1,500\/hr<\/td>\n<td><a href=\"http:\/\/aircharter.com\/privatejetrental.html\"><img decoding=\"async\" title=\"jet charter prices\" alt=\"jet charter prices\" src=\"https:\/\/www.aircharter.com\/wp-content\/uploads\/2013\/06\/Falcon_2000_LgThmb.jpg\" width=\"120\" height=\"81\" border=\"0\" \/><\/a><\/td>\n<td>\n<h2><b>Super Mediado-<\/b><b>Tama\u00f1o\u00a0<\/b><b>Charter Jets<\/b><\/h2>\n<p>Capacidad: 7 &#8211; 9 People<br \/>\nVelocidad 490 &#8211; 590 mph<br \/>\nAlcance: 3,000 &#8211; 3,900 sm<br \/>\nTarifa $3.200 &#8211; 4,000\/hr<\/td>\n<\/tr>\n<tr>\n<td><a href=\"http:\/\/aircharter.com\/privatejetrental.html\"><img decoding=\"async\" title=\"air charter prices\" alt=\"air charter prices\" src=\"https:\/\/www.aircharter.com\/wp-content\/uploads\/2013\/06\/Beachjet_400_LgThmb.jpg\" width=\"120\" height=\"81\" border=\"0\" \/><\/a><\/td>\n<td>\n<h2><b>Ligero Cabina Charter Jets<\/b><\/h2>\n<p>Capacidad: 5 &#8211; 8 People<br \/>\nVelocidad 400 &#8211; 480 mph<br \/>\nAlcance: 1,600 &#8211; 2,000 sm<br \/>\nTarifa $2.000 &#8211; 2,1500\/hr<\/td>\n<td><a href=\"http:\/\/aircharter.com\/privatejetrental.html\"><img decoding=\"async\" title=\"rent a private jet\" alt=\"rent a private jet\" src=\"https:\/\/www.aircharter.com\/wp-content\/uploads\/2013\/06\/Gulfstream_5_LgThmb.jpg\" width=\"120\" height=\"81\" border=\"0\" \/><\/a><\/td>\n<td>\n<h2><b>Tama\u00f1o\u00a0Completo Charter Jets<\/b><\/h2>\n<p>Capacidad: 9 &#8211; 23 People<br \/>\nVelocidad 500 &#8211; 560 mph<br \/>\nAlcance: 4,000 &#8211; 7,000 sm<br \/>\nTarifa $4,000 &#8211; 13,000\/hr<\/td>\n<\/tr>\n<tr>\n<td><a href=\"http:\/\/aircharter.com\/privatejetrental.html\"><img decoding=\"async\" title=\"private jet charter prices\" alt=\"private jet charter prices\" src=\"https:\/\/www.aircharter.com\/wp-content\/uploads\/2013\/06\/LearJet_60_LgThmb.jpg\" width=\"120\" height=\"81\" border=\"0\" \/><\/a><\/td>\n<td>\n<h2><b>Mid-<\/b><b>Tama\u00f1o<\/b><\/h2>\n<h2><b>Charter Jets<\/b><\/h2>\n<p>Capacidad: 8 &#8211; 10 People<br \/>\nVelocidad 510 &#8211; 590 mph<br \/>\nAlcance: 3,000 &#8211; 3,500 sm<br \/>\nTarifa $2,500 &#8211; 3,2000\/hr<\/td>\n<td><a href=\"http:\/\/aircharter.com\/privatejetrental.html\"><img decoding=\"async\" title=\"Rent a Private Jet\" alt=\"Rent a Private Jet\" src=\"https:\/\/www.aircharter.com\/wp-content\/uploads\/2013\/06\/BBJ_ext.jpg\" width=\"120\" height=\"81\" border=\"0\" \/><\/a><\/td>\n<td>\n<h2><b>Super-<\/b><b>Tama\u00f1o<\/b><\/h2>\n<h2><b>Charter Jets<\/b><\/h2>\n<p>Capacidad: 15 &#8211; 71 People<br \/>\nVelocidad 565 &#8211; 620 mph<br \/>\nAlcance: 7,000 &#8211; 10,000 sm<br \/>\nTarifa $7,000 &#8211; 15,000\/hr<\/td>\n<\/tr>\n<\/tbody>\n<\/table>\n<p>&nbsp;<\/p>\n<p>El verdadero costo de volar en un jet privado siempre ha estado envuelto en el misterio de los t\u00e9rminos t\u00e9cnicos y los costos ocultos que podr\u00edan ser confusas, incluso para un viajero experimentado. Air Charter simplifica el proceso mediante la creaci\u00f3n de la \u00abCharter Jet Precio Garantizado\u00bb. El precio del alquiler que se citan es el precio que pagas. Aircharter opera en los principios de servicio absoluto y completo cliente de chorro. Nuestro equipo crea vuelos personalizadas privados charter que atienden a su pasajeros todos sus necesidades, incluyendo la disposici\u00f3n de servicio de comida gourmet, bebidas especiales, entretenimiento a bordo, y otras comodidades. Adem\u00e1s, el personal de Air Charter, un programa completo de servicios VIP Jet consejer\u00eda que organiza para sus clientes todas las necesidades sobre el terreno. Considere la posibilidad de alquiler de jet privado para su pr\u00f3ximo evento especial, salidas de golf, viajes familiares, fines de semana de esqu\u00ed o una noche de p\u00f3quer en Las Vegas.<\/div><\/div><\/div><\/div><\/p>\n","protected":false},"excerpt":{"rendered":"<p>\u00bfCu\u00e1nto es el precio para alquilar un jet privado? &nbsp; \u00bfQuieres saber m\u00e1s acerca de lo que cuesta alquilar un jet privado? Precios de alquiler de jet privado se calculan utilizando los honorarios por hora del avi\u00f3n, tasas de combustible (si los hay), de despegue y aterrizaje honorarios (aeropuertos cobran diferentes cantidades, dependiendo del tama\u00f1o del avi\u00f3n privado, y el recargo actual del aeropuerto de) Los aeropuertos internacionales son m\u00e1s caros a la tierra adentro, mientras que las organizaciones religiosas son generalmente mucho m\u00e1s barato, y ofrecer un \u00e1rea mucho m\u00e1s lujoso a bordo de su avi\u00f3n, lo que le permite simplemente caminar en su jet despu\u00e9s de un breve control de seguridad. &nbsp; \u00bfCu\u00e1l ser\u00eda el costo de mi viaje? Gracias a nuestro motor de reserva en l\u00ednea, se puede calcular un precio muy preciso para su viaje, por cualquier tama\u00f1o de jet, y para cualquier n\u00famero de pasajeros. Pru\u00e9belo ahora:<\/p>\n","protected":false},"author":12,"featured_media":0,"parent":0,"menu_order":0,"comment_status":"closed","ping_status":"closed","template":"","meta":{"footnotes":""},"class_list":["post-25612","page","type-page","status-publish","hentry"],"yoast_head":"<!-- This site is optimized with the Yoast SEO plugin v27.4 - https:\/\/yoast.com\/product\/yoast-seo-wordpress\/ -->\n<title>Alquiler un Jet Privado - Aircharter<\/title>\n<meta name=\"robots\" content=\"index, follow, max-snippet:-1, max-image-preview:large, max-video-preview:-1\" \/>\n<link rel=\"canonical\" href=\"https:\/\/www.aircharter.com\/alquiler-un-jet-privado\/\" \/>\n<meta property=\"og:locale\" content=\"es_ES\" \/>\n<meta property=\"og:type\" content=\"article\" \/>\n<meta property=\"og:title\" content=\"Alquiler un Jet Privado - Aircharter\" \/>\n<meta property=\"og:description\" content=\"\u00bfCu\u00e1nto es el precio para alquilar un jet privado? &nbsp; \u00bfQuieres saber m\u00e1s acerca de lo que cuesta alquilar un jet privado? Precios de alquiler de jet privado se calculan utilizando los honorarios por hora del avi\u00f3n, tasas de combustible (si los hay), de despegue y aterrizaje honorarios (aeropuertos cobran diferentes cantidades, dependiendo del tama\u00f1o del avi\u00f3n privado, y el recargo actual del aeropuerto de) Los aeropuertos internacionales son m\u00e1s caros a la tierra adentro, mientras que las organizaciones religiosas son generalmente mucho m\u00e1s barato, y ofrecer un \u00e1rea mucho m\u00e1s lujoso a bordo de su avi\u00f3n, lo que le permite simplemente caminar en su jet despu\u00e9s de un breve control de seguridad. &nbsp; \u00bfCu\u00e1l ser\u00eda el costo de mi viaje? Gracias a nuestro motor de reserva en l\u00ednea, se puede calcular un precio muy preciso para su viaje, por cualquier tama\u00f1o de jet, y para cualquier n\u00famero de pasajeros. Pru\u00e9belo ahora:\" \/>\n<meta property=\"og:url\" content=\"https:\/\/www.aircharter.com\/alquiler-un-jet-privado\/\" \/>\n<meta property=\"og:site_name\" content=\"Aircharter\" \/>\n<meta property=\"article:modified_time\" content=\"2022-12-11T22:52:56+00:00\" \/>\n<meta property=\"og:image\" content=\"https:\/\/www.aircharter.com\/wp-content\/uploads\/2013\/06\/KingAir_200_LgThmb.jpg\" \/>\n<meta name=\"twitter:card\" content=\"summary_large_image\" \/>\n<meta name=\"twitter:label1\" content=\"Tiempo de lectura\" \/>\n\t<meta name=\"twitter:data1\" content=\"3 minutos\" \/>\n<script type=\"application\/ld+json\" class=\"yoast-schema-graph\">{\"@context\":\"https:\\\/\\\/schema.org\",\"@graph\":[{\"@type\":\"WebPage\",\"@id\":\"https:\\\/\\\/www.aircharter.com\\\/alquiler-un-jet-privado\\\/\",\"url\":\"https:\\\/\\\/www.aircharter.com\\\/alquiler-un-jet-privado\\\/\",\"name\":\"Alquiler un Jet Privado - Aircharter\",\"isPartOf\":{\"@id\":\"https:\\\/\\\/www.aircharter.com\\\/de\\\/#website\"},\"primaryImageOfPage\":{\"@id\":\"https:\\\/\\\/www.aircharter.com\\\/alquiler-un-jet-privado\\\/#primaryimage\"},\"image\":{\"@id\":\"https:\\\/\\\/www.aircharter.com\\\/alquiler-un-jet-privado\\\/#primaryimage\"},\"thumbnailUrl\":\"https:\\\/\\\/www.aircharter.com\\\/wp-content\\\/uploads\\\/2013\\\/06\\\/KingAir_200_LgThmb.jpg\",\"datePublished\":\"2014-02-26T17:05:31+00:00\",\"dateModified\":\"2022-12-11T22:52:56+00:00\",\"breadcrumb\":{\"@id\":\"https:\\\/\\\/www.aircharter.com\\\/alquiler-un-jet-privado\\\/#breadcrumb\"},\"inLanguage\":\"es\",\"potentialAction\":[{\"@type\":\"ReadAction\",\"target\":[\"https:\\\/\\\/www.aircharter.com\\\/alquiler-un-jet-privado\\\/\"]}]},{\"@type\":\"ImageObject\",\"inLanguage\":\"es\",\"@id\":\"https:\\\/\\\/www.aircharter.com\\\/alquiler-un-jet-privado\\\/#primaryimage\",\"url\":\"https:\\\/\\\/www.aircharter.com\\\/wp-content\\\/uploads\\\/2013\\\/06\\\/KingAir_200_LgThmb.jpg\",\"contentUrl\":\"https:\\\/\\\/www.aircharter.com\\\/wp-content\\\/uploads\\\/2013\\\/06\\\/KingAir_200_LgThmb.jpg\"},{\"@type\":\"BreadcrumbList\",\"@id\":\"https:\\\/\\\/www.aircharter.com\\\/alquiler-un-jet-privado\\\/#breadcrumb\",\"itemListElement\":[{\"@type\":\"ListItem\",\"position\":1,\"name\":\"Home\",\"item\":\"https:\\\/\\\/www.aircharter.com\\\/\"},{\"@type\":\"ListItem\",\"position\":2,\"name\":\"Alquiler un Jet Privado\"}]},{\"@type\":\"WebSite\",\"@id\":\"https:\\\/\\\/www.aircharter.com\\\/de\\\/#website\",\"url\":\"https:\\\/\\\/www.aircharter.com\\\/de\\\/\",\"name\":\"Aircharter\",\"description\":\"Air Charter | Private Jet Charter &amp; Rental | Fly Smarter | Hire a Business Jet\",\"publisher\":{\"@id\":\"https:\\\/\\\/www.aircharter.com\\\/de\\\/#organization\"},\"potentialAction\":[{\"@type\":\"SearchAction\",\"target\":{\"@type\":\"EntryPoint\",\"urlTemplate\":\"https:\\\/\\\/www.aircharter.com\\\/de\\\/?s={search_term_string}\"},\"query-input\":{\"@type\":\"PropertyValueSpecification\",\"valueRequired\":true,\"valueName\":\"search_term_string\"}}],\"inLanguage\":\"es\"},{\"@type\":\"Organization\",\"@id\":\"https:\\\/\\\/www.aircharter.com\\\/de\\\/#organization\",\"name\":\"Aircharter.com LLC\",\"url\":\"https:\\\/\\\/www.aircharter.com\\\/de\\\/\",\"logo\":{\"@type\":\"ImageObject\",\"inLanguage\":\"es\",\"@id\":\"https:\\\/\\\/www.aircharter.com\\\/de\\\/#\\\/schema\\\/logo\\\/image\\\/\",\"url\":\"https:\\\/\\\/www.aircharter.com\\\/wp-content\\\/uploads\\\/2022\\\/12\\\/Aircharter_logo_114X1141-11.png\",\"contentUrl\":\"https:\\\/\\\/www.aircharter.com\\\/wp-content\\\/uploads\\\/2022\\\/12\\\/Aircharter_logo_114X1141-11.png\",\"width\":114,\"height\":114,\"caption\":\"Aircharter.com LLC\"},\"image\":{\"@id\":\"https:\\\/\\\/www.aircharter.com\\\/de\\\/#\\\/schema\\\/logo\\\/image\\\/\"}}]}<\/script>\n<!-- \/ Yoast SEO plugin. -->","yoast_head_json":{"title":"Alquiler un Jet Privado - Aircharter","robots":{"index":"index","follow":"follow","max-snippet":"max-snippet:-1","max-image-preview":"max-image-preview:large","max-video-preview":"max-video-preview:-1"},"canonical":"https:\/\/www.aircharter.com\/alquiler-un-jet-privado\/","og_locale":"es_ES","og_type":"article","og_title":"Alquiler un Jet Privado - Aircharter","og_description":"\u00bfCu\u00e1nto es el precio para alquilar un jet privado? &nbsp; \u00bfQuieres saber m\u00e1s acerca de lo que cuesta alquilar un jet privado? Precios de alquiler de jet privado se calculan utilizando los honorarios por hora del avi\u00f3n, tasas de combustible (si los hay), de despegue y aterrizaje honorarios (aeropuertos cobran diferentes cantidades, dependiendo del tama\u00f1o del avi\u00f3n privado, y el recargo actual del aeropuerto de) Los aeropuertos internacionales son m\u00e1s caros a la tierra adentro, mientras que las organizaciones religiosas son generalmente mucho m\u00e1s barato, y ofrecer un \u00e1rea mucho m\u00e1s lujoso a bordo de su avi\u00f3n, lo que le permite simplemente caminar en su jet despu\u00e9s de un breve control de seguridad. &nbsp; \u00bfCu\u00e1l ser\u00eda el costo de mi viaje? Gracias a nuestro motor de reserva en l\u00ednea, se puede calcular un precio muy preciso para su viaje, por cualquier tama\u00f1o de jet, y para cualquier n\u00famero de pasajeros. Pru\u00e9belo ahora:","og_url":"https:\/\/www.aircharter.com\/alquiler-un-jet-privado\/","og_site_name":"Aircharter","article_modified_time":"2022-12-11T22:52:56+00:00","og_image":[{"url":"https:\/\/www.aircharter.com\/wp-content\/uploads\/2013\/06\/KingAir_200_LgThmb.jpg","type":"","width":"","height":""}],"twitter_card":"summary_large_image","twitter_misc":{"Tiempo de lectura":"3 minutos"},"schema":{"@context":"https:\/\/schema.org","@graph":[{"@type":"WebPage","@id":"https:\/\/www.aircharter.com\/alquiler-un-jet-privado\/","url":"https:\/\/www.aircharter.com\/alquiler-un-jet-privado\/","name":"Alquiler un Jet Privado - Aircharter","isPartOf":{"@id":"https:\/\/www.aircharter.com\/de\/#website"},"primaryImageOfPage":{"@id":"https:\/\/www.aircharter.com\/alquiler-un-jet-privado\/#primaryimage"},"image":{"@id":"https:\/\/www.aircharter.com\/alquiler-un-jet-privado\/#primaryimage"},"thumbnailUrl":"https:\/\/www.aircharter.com\/wp-content\/uploads\/2013\/06\/KingAir_200_LgThmb.jpg","datePublished":"2014-02-26T17:05:31+00:00","dateModified":"2022-12-11T22:52:56+00:00","breadcrumb":{"@id":"https:\/\/www.aircharter.com\/alquiler-un-jet-privado\/#breadcrumb"},"inLanguage":"es","potentialAction":[{"@type":"ReadAction","target":["https:\/\/www.aircharter.com\/alquiler-un-jet-privado\/"]}]},{"@type":"ImageObject","inLanguage":"es","@id":"https:\/\/www.aircharter.com\/alquiler-un-jet-privado\/#primaryimage","url":"https:\/\/www.aircharter.com\/wp-content\/uploads\/2013\/06\/KingAir_200_LgThmb.jpg","contentUrl":"https:\/\/www.aircharter.com\/wp-content\/uploads\/2013\/06\/KingAir_200_LgThmb.jpg"},{"@type":"BreadcrumbList","@id":"https:\/\/www.aircharter.com\/alquiler-un-jet-privado\/#breadcrumb","itemListElement":[{"@type":"ListItem","position":1,"name":"Home","item":"https:\/\/www.aircharter.com\/"},{"@type":"ListItem","position":2,"name":"Alquiler un Jet Privado"}]},{"@type":"WebSite","@id":"https:\/\/www.aircharter.com\/de\/#website","url":"https:\/\/www.aircharter.com\/de\/","name":"Aircharter","description":"Air Charter | Private Jet Charter &amp; Rental | Fly Smarter | Hire a Business Jet","publisher":{"@id":"https:\/\/www.aircharter.com\/de\/#organization"},"potentialAction":[{"@type":"SearchAction","target":{"@type":"EntryPoint","urlTemplate":"https:\/\/www.aircharter.com\/de\/?s={search_term_string}"},"query-input":{"@type":"PropertyValueSpecification","valueRequired":true,"valueName":"search_term_string"}}],"inLanguage":"es"},{"@type":"Organization","@id":"https:\/\/www.aircharter.com\/de\/#organization","name":"Aircharter.com LLC","url":"https:\/\/www.aircharter.com\/de\/","logo":{"@type":"ImageObject","inLanguage":"es","@id":"https:\/\/www.aircharter.com\/de\/#\/schema\/logo\/image\/","url":"https:\/\/www.aircharter.com\/wp-content\/uploads\/2022\/12\/Aircharter_logo_114X1141-11.png","contentUrl":"https:\/\/www.aircharter.com\/wp-content\/uploads\/2022\/12\/Aircharter_logo_114X1141-11.png","width":114,"height":114,"caption":"Aircharter.com LLC"},"image":{"@id":"https:\/\/www.aircharter.com\/de\/#\/schema\/logo\/image\/"}}]}},"_links":{"self":[{"href":"https:\/\/www.aircharter.com\/es\/wp-json\/wp\/v2\/pages\/25612","targetHints":{"allow":["GET"]}}],"collection":[{"href":"https:\/\/www.aircharter.com\/es\/wp-json\/wp\/v2\/pages"}],"about":[{"href":"https:\/\/www.aircharter.com\/es\/wp-json\/wp\/v2\/types\/page"}],"author":[{"embeddable":true,"href":"https:\/\/www.aircharter.com\/es\/wp-json\/wp\/v2\/users\/12"}],"replies":[{"embeddable":true,"href":"https:\/\/www.aircharter.com\/es\/wp-json\/wp\/v2\/comments?post=25612"}],"version-history":[{"count":3,"href":"https:\/\/www.aircharter.com\/es\/wp-json\/wp\/v2\/pages\/25612\/revisions"}],"predecessor-version":[{"id":37318,"href":"https:\/\/www.aircharter.com\/es\/wp-json\/wp\/v2\/pages\/25612\/revisions\/37318"}],"wp:attachment":[{"href":"https:\/\/www.aircharter.com\/es\/wp-json\/wp\/v2\/media?parent=25612"}],"curies":[{"name":"wp","href":"https:\/\/api.w.org\/{rel}","templated":true}]}}