{"id":25635,"date":"2014-02-26T15:55:06","date_gmt":"2014-02-26T20:55:06","guid":{"rendered":"https:\/\/www.aircharter.com\/?page_id=25635"},"modified":"2022-12-11T17:52:55","modified_gmt":"2022-12-11T22:52:55","slug":"deportes","status":"publish","type":"page","link":"https:\/\/www.aircharter.com\/es\/deportes\/","title":{"rendered":"Deportes"},"content":{"rendered":"<h2><strong>Air Charter Deportes<\/strong><\/h2>\n<p>Lo que diferencia a Air Charter por encima del resto cuando se trata de la charter de los deportes? Te est\u00e1 ofreciendo con el boleto ganador. Ya sea que usted est\u00e1 transportando su equipo deportivo o todos sus devotos fans, Air Charter siempre tiene su ojo en la bola.<\/p>\n<p><img decoding=\"async\" style=\"line-height: 1.5em;\" title=\"sports\" alt=\"sports\" src=\"https:\/\/www.aircharter.com\/wp-content\/uploads\/2013\/06\/plane_mountains-300x184.jpg\" width=\"300\" height=\"184\" \/><\/p>\n<p>Una red mundial de aeronaves aprobadas, incluyendo la flota m\u00e1s grande de deportes disponible en los EE.UU., ofrecen la m\u00e1s amplia variedad de modelos y configuraciones de asientos, que van desde turboh\u00e9lice de 19 asientos confortables a Boeing 747.<br \/>\nLa disponibilidad de aviones para cumplir con los exigentes horarios de los vuelos de los equipos deportivos y sus fans. Ofrecemos durante todo el ano de seguimeinto de vuelos apoyo operatrivo<\/p>\n<p>Ofrecemos una habilidad de expertos para manejar los horarios exigentes del equipo y sus fans de deportes. Equipos y Ventiladores bordo Aviones directamente de transporte terrestre para la comodidad y la seguridad donde sea disponible<\/p>\n<p>Ofrecemos 24\/7 durante todo el a\u00f1o de seguimiento de vuelos apoyo operativo y la \u00a0 \u00a0 \u00a0 \u00a0 \u00a0 \u00a0 \u00a0 \u00a0 \u00a0 \u00a0 \u00a0representaci\u00f3n en el lugar para informar al personal del aeropuerto y de la tripulaci\u00f3n de cabina.<\/p>\n<p>Para obtener m\u00e1s informaci\u00f3n, env\u00edenos un correo electr\u00f3nico o llame 866-FLY-CHTR<\/p>\n<p>&nbsp;<\/p>\n<p>Air Charter le puede proporcionar la m\u00e1xima experiencia VIP a trav\u00e9s de nuestro servicio de primera clase en nuestra Air Charter VIP para sus necesidades de viaje en grupo.<br \/>\nUna red mundial de operadores ofrecerle la m\u00e1s amplia variedad de configuraciones de avi\u00f3n de primera clase y los asientos, con capacidad de 40 pasajeros a 88 pasajeros.<br \/>\nInteriores de aviones son de lujo, como asientos de cuero, ricos chapas de madera y salones de lujo opulento.<br \/>\nPersonal orientadas a servicios se encargan de todos los detalles, incluyendo servicio de catering y plata de primera clase servicios.<\/p>\n<p>&nbsp;<\/p>\n<h1>\u00bfPor qu\u00e9 AirCharter.com LLC?<\/h1>\n<div id=\"col_1\">\n<div id=\"col_1_inner\">\n<p>Air Charter cuenta con m\u00e1s de 17 a\u00f1os de experiencia en el suministro de soluciones aut\u00f3nomas y emplea a los mejores expertos ch\u00e1rter. AirCharter.com organiza m\u00e1s de 9.000 contratos de alquiler completo por a\u00f1o para la participaci\u00f3n de m\u00faltiples sectores y tiene unos ingresos anuales de m\u00e1s de $ 600 millones.<\/p>\n<p><strong>\u00bfPor qu\u00e9 elegir Aire Charter.com LLC?<\/strong><\/p>\n<ul>\n<li><strong>Personal Account Manager<\/strong>\u00a0&#8211; As soon as we receive your request, we will assign you your own charter expert. They will be available from the moment you book your flight to the moment you land.<\/li>\n<li><strong>Flight Support<\/strong> &#8211; Este equipo se asegura de que todas sus necesidades se cumplan a lo largo de toda la experiencia de charter.<\/li>\n<li><strong>Aircharter Protecci\u00f3n de Pagos<\/strong> &#8211; Puede estar disponible a bajo costo y que usted y sus clientes a proteger en caso de quiebra de las compa\u00f1\u00edas a\u00e9reas.<\/li>\n<li><strong>La Compra de Energ\u00eda<\/strong> &#8211; Con los a\u00f1os, AirCharter.com ha construido muchas relaciones fuertes con las compa\u00f1\u00edas a\u00e9reas. Nuestro tama\u00f1o y reputaci\u00f3n nos permiten negociar mejores precios que luego pueden ser transmitidas como ahorros a nuestros clientes.<\/li>\n<li><strong>Representaci\u00f3n de Vuelo de Cortes\u00eda<\/strong> &#8211; Si lo desea podemos enviarle un miembro del personal para acompa\u00f1ar a su grupo en el vuelo para asegurarse de que todo funcione correctamente y para ofrecerle mayor tranquilidad.<\/li>\n<li><strong>Branding a Precio de Costo<\/strong> &#8211; A partir de los uniformes de la tripulaci\u00f3n de cabina a los escritorios y reposacabezas de check-in, podemos ofrecer m\u00faltiples soluciones de marca para usted.<\/li>\n<li><strong>Presencia Global<\/strong> &#8211; Utilizando nuestra red establecida de oficinas internacionales, podemos ofrecer la experiencia local y nuestras oficinas trabajar\u00e1n juntos para garantizar el mejor servicio posible.<\/li>\n<li><strong>P\u00f3ngase en contacto 24\/7<\/strong>&#8211; Nuestros profesionales charter est\u00e1n disponibles las 24 horas 7 d\u00edas a la semana.<\/li>\n<\/ul>\n<\/div>\n<\/div>\n","protected":false},"excerpt":{"rendered":"<p>Air Charter Deportes Lo que diferencia a Air Charter por encima del resto cuando se trata de la charter de los deportes? Te est\u00e1 ofreciendo con el boleto ganador. Ya sea que usted est\u00e1 transportando su equipo deportivo o todos sus devotos fans, Air Charter siempre tiene su ojo en la bola. Una red mundial de aeronaves aprobadas, incluyendo la flota m\u00e1s grande de deportes disponible en los EE.UU., ofrecen la m\u00e1s amplia variedad de modelos y configuraciones de asientos, que van desde turboh\u00e9lice de 19 asientos confortables a Boeing 747. La disponibilidad de aviones para cumplir con los exigentes horarios de los vuelos de los equipos deportivos y sus fans. Ofrecemos durante todo el ano de seguimeinto de vuelos apoyo operatrivo Ofrecemos una habilidad de expertos para manejar los horarios exigentes del equipo y sus fans de deportes. Equipos y Ventiladores bordo Aviones directamente de transporte terrestre para la comodidad y la seguridad donde sea disponible Ofrecemos 24\/7 durante todo el a\u00f1o de seguimiento de vuelos apoyo operativo y la \u00a0 \u00a0 \u00a0 \u00a0 \u00a0 \u00a0 \u00a0 \u00a0 \u00a0 \u00a0 \u00a0representaci\u00f3n en el lugar para informar al personal del aeropuerto y de la tripulaci\u00f3n de cabina. Para obtener m\u00e1s informaci\u00f3n, env\u00edenos un correo electr\u00f3nico o llame 866-FLY-CHTR &nbsp; Air Charter le puede proporcionar la m\u00e1xima experiencia VIP a trav\u00e9s de nuestro servicio de primera clase en nuestra Air Charter VIP para sus necesidades de viaje en grupo. Una red mundial de operadores ofrecerle la m\u00e1s amplia variedad de configuraciones de avi\u00f3n de primera clase y los asientos, con capacidad de 40 pasajeros a 88 pasajeros. Interiores de aviones son de lujo, como asientos de cuero, ricos chapas de madera y salones de lujo opulento.<\/p>\n","protected":false},"author":12,"featured_media":0,"parent":0,"menu_order":0,"comment_status":"closed","ping_status":"closed","template":"","meta":{"footnotes":""},"class_list":["post-25635","page","type-page","status-publish","hentry"],"yoast_head":"<!-- This site is optimized with the Yoast SEO plugin v27.4 - https:\/\/yoast.com\/product\/yoast-seo-wordpress\/ -->\n<title>Deportes - Aircharter<\/title>\n<meta name=\"robots\" content=\"index, follow, max-snippet:-1, max-image-preview:large, max-video-preview:-1\" \/>\n<link rel=\"canonical\" href=\"https:\/\/www.aircharter.com\/deportes\/\" \/>\n<meta property=\"og:locale\" content=\"es_ES\" \/>\n<meta property=\"og:type\" content=\"article\" \/>\n<meta property=\"og:title\" content=\"Deportes - Aircharter\" \/>\n<meta property=\"og:description\" content=\"Air Charter Deportes Lo que diferencia a Air Charter por encima del resto cuando se trata de la charter de los deportes? Te est\u00e1 ofreciendo con el boleto ganador. Ya sea que usted est\u00e1 transportando su equipo deportivo o todos sus devotos fans, Air Charter siempre tiene su ojo en la bola. Una red mundial de aeronaves aprobadas, incluyendo la flota m\u00e1s grande de deportes disponible en los EE.UU., ofrecen la m\u00e1s amplia variedad de modelos y configuraciones de asientos, que van desde turboh\u00e9lice de 19 asientos confortables a Boeing 747. La disponibilidad de aviones para cumplir con los exigentes horarios de los vuelos de los equipos deportivos y sus fans. Ofrecemos durante todo el ano de seguimeinto de vuelos apoyo operatrivo Ofrecemos una habilidad de expertos para manejar los horarios exigentes del equipo y sus fans de deportes. Equipos y Ventiladores bordo Aviones directamente de transporte terrestre para la comodidad y la seguridad donde sea disponible Ofrecemos 24\/7 durante todo el a\u00f1o de seguimiento de vuelos apoyo operativo y la \u00a0 \u00a0 \u00a0 \u00a0 \u00a0 \u00a0 \u00a0 \u00a0 \u00a0 \u00a0 \u00a0representaci\u00f3n en el lugar para informar al personal del aeropuerto y de la tripulaci\u00f3n de cabina. Para obtener m\u00e1s informaci\u00f3n, env\u00edenos un correo electr\u00f3nico o llame 866-FLY-CHTR &nbsp; Air Charter le puede proporcionar la m\u00e1xima experiencia VIP a trav\u00e9s de nuestro servicio de primera clase en nuestra Air Charter VIP para sus necesidades de viaje en grupo. Una red mundial de operadores ofrecerle la m\u00e1s amplia variedad de configuraciones de avi\u00f3n de primera clase y los asientos, con capacidad de 40 pasajeros a 88 pasajeros. Interiores de aviones son de lujo, como asientos de cuero, ricos chapas de madera y salones de lujo opulento.\" \/>\n<meta property=\"og:url\" content=\"https:\/\/www.aircharter.com\/deportes\/\" \/>\n<meta property=\"og:site_name\" content=\"Aircharter\" \/>\n<meta property=\"article:modified_time\" content=\"2022-12-11T22:52:55+00:00\" \/>\n<meta property=\"og:image\" content=\"https:\/\/www.aircharter.com\/wp-content\/uploads\/2013\/06\/plane_mountains-300x184.jpg\" \/>\n<meta name=\"twitter:card\" content=\"summary_large_image\" \/>\n<meta name=\"twitter:label1\" content=\"Tiempo de lectura\" \/>\n\t<meta name=\"twitter:data1\" content=\"3 minutos\" \/>\n<script type=\"application\/ld+json\" class=\"yoast-schema-graph\">{\"@context\":\"https:\\\/\\\/schema.org\",\"@graph\":[{\"@type\":\"WebPage\",\"@id\":\"https:\\\/\\\/www.aircharter.com\\\/deportes\\\/\",\"url\":\"https:\\\/\\\/www.aircharter.com\\\/deportes\\\/\",\"name\":\"Deportes - Aircharter\",\"isPartOf\":{\"@id\":\"https:\\\/\\\/www.aircharter.com\\\/de\\\/#website\"},\"primaryImageOfPage\":{\"@id\":\"https:\\\/\\\/www.aircharter.com\\\/deportes\\\/#primaryimage\"},\"image\":{\"@id\":\"https:\\\/\\\/www.aircharter.com\\\/deportes\\\/#primaryimage\"},\"thumbnailUrl\":\"https:\\\/\\\/www.aircharter.com\\\/wp-content\\\/uploads\\\/2013\\\/06\\\/plane_mountains-300x184.jpg\",\"datePublished\":\"2014-02-26T20:55:06+00:00\",\"dateModified\":\"2022-12-11T22:52:55+00:00\",\"breadcrumb\":{\"@id\":\"https:\\\/\\\/www.aircharter.com\\\/deportes\\\/#breadcrumb\"},\"inLanguage\":\"es\",\"potentialAction\":[{\"@type\":\"ReadAction\",\"target\":[\"https:\\\/\\\/www.aircharter.com\\\/deportes\\\/\"]}]},{\"@type\":\"ImageObject\",\"inLanguage\":\"es\",\"@id\":\"https:\\\/\\\/www.aircharter.com\\\/deportes\\\/#primaryimage\",\"url\":\"https:\\\/\\\/www.aircharter.com\\\/wp-content\\\/uploads\\\/2013\\\/06\\\/plane_mountains-300x184.jpg\",\"contentUrl\":\"https:\\\/\\\/www.aircharter.com\\\/wp-content\\\/uploads\\\/2013\\\/06\\\/plane_mountains-300x184.jpg\"},{\"@type\":\"BreadcrumbList\",\"@id\":\"https:\\\/\\\/www.aircharter.com\\\/deportes\\\/#breadcrumb\",\"itemListElement\":[{\"@type\":\"ListItem\",\"position\":1,\"name\":\"Home\",\"item\":\"https:\\\/\\\/www.aircharter.com\\\/\"},{\"@type\":\"ListItem\",\"position\":2,\"name\":\"Deportes\"}]},{\"@type\":\"WebSite\",\"@id\":\"https:\\\/\\\/www.aircharter.com\\\/de\\\/#website\",\"url\":\"https:\\\/\\\/www.aircharter.com\\\/de\\\/\",\"name\":\"Aircharter\",\"description\":\"Air Charter | Private Jet Charter &amp; Rental | Fly Smarter | Hire a Business Jet\",\"publisher\":{\"@id\":\"https:\\\/\\\/www.aircharter.com\\\/de\\\/#organization\"},\"potentialAction\":[{\"@type\":\"SearchAction\",\"target\":{\"@type\":\"EntryPoint\",\"urlTemplate\":\"https:\\\/\\\/www.aircharter.com\\\/de\\\/?s={search_term_string}\"},\"query-input\":{\"@type\":\"PropertyValueSpecification\",\"valueRequired\":true,\"valueName\":\"search_term_string\"}}],\"inLanguage\":\"es\"},{\"@type\":\"Organization\",\"@id\":\"https:\\\/\\\/www.aircharter.com\\\/de\\\/#organization\",\"name\":\"Aircharter.com LLC\",\"url\":\"https:\\\/\\\/www.aircharter.com\\\/de\\\/\",\"logo\":{\"@type\":\"ImageObject\",\"inLanguage\":\"es\",\"@id\":\"https:\\\/\\\/www.aircharter.com\\\/de\\\/#\\\/schema\\\/logo\\\/image\\\/\",\"url\":\"https:\\\/\\\/www.aircharter.com\\\/wp-content\\\/uploads\\\/2022\\\/12\\\/Aircharter_logo_114X1141-11.png\",\"contentUrl\":\"https:\\\/\\\/www.aircharter.com\\\/wp-content\\\/uploads\\\/2022\\\/12\\\/Aircharter_logo_114X1141-11.png\",\"width\":114,\"height\":114,\"caption\":\"Aircharter.com LLC\"},\"image\":{\"@id\":\"https:\\\/\\\/www.aircharter.com\\\/de\\\/#\\\/schema\\\/logo\\\/image\\\/\"}}]}<\/script>\n<!-- \/ Yoast SEO plugin. -->","yoast_head_json":{"title":"Deportes - Aircharter","robots":{"index":"index","follow":"follow","max-snippet":"max-snippet:-1","max-image-preview":"max-image-preview:large","max-video-preview":"max-video-preview:-1"},"canonical":"https:\/\/www.aircharter.com\/deportes\/","og_locale":"es_ES","og_type":"article","og_title":"Deportes - Aircharter","og_description":"Air Charter Deportes Lo que diferencia a Air Charter por encima del resto cuando se trata de la charter de los deportes? Te est\u00e1 ofreciendo con el boleto ganador. Ya sea que usted est\u00e1 transportando su equipo deportivo o todos sus devotos fans, Air Charter siempre tiene su ojo en la bola. Una red mundial de aeronaves aprobadas, incluyendo la flota m\u00e1s grande de deportes disponible en los EE.UU., ofrecen la m\u00e1s amplia variedad de modelos y configuraciones de asientos, que van desde turboh\u00e9lice de 19 asientos confortables a Boeing 747. La disponibilidad de aviones para cumplir con los exigentes horarios de los vuelos de los equipos deportivos y sus fans. Ofrecemos durante todo el ano de seguimeinto de vuelos apoyo operatrivo Ofrecemos una habilidad de expertos para manejar los horarios exigentes del equipo y sus fans de deportes. Equipos y Ventiladores bordo Aviones directamente de transporte terrestre para la comodidad y la seguridad donde sea disponible Ofrecemos 24\/7 durante todo el a\u00f1o de seguimiento de vuelos apoyo operativo y la \u00a0 \u00a0 \u00a0 \u00a0 \u00a0 \u00a0 \u00a0 \u00a0 \u00a0 \u00a0 \u00a0representaci\u00f3n en el lugar para informar al personal del aeropuerto y de la tripulaci\u00f3n de cabina. Para obtener m\u00e1s informaci\u00f3n, env\u00edenos un correo electr\u00f3nico o llame 866-FLY-CHTR &nbsp; Air Charter le puede proporcionar la m\u00e1xima experiencia VIP a trav\u00e9s de nuestro servicio de primera clase en nuestra Air Charter VIP para sus necesidades de viaje en grupo. Una red mundial de operadores ofrecerle la m\u00e1s amplia variedad de configuraciones de avi\u00f3n de primera clase y los asientos, con capacidad de 40 pasajeros a 88 pasajeros. Interiores de aviones son de lujo, como asientos de cuero, ricos chapas de madera y salones de lujo opulento.","og_url":"https:\/\/www.aircharter.com\/deportes\/","og_site_name":"Aircharter","article_modified_time":"2022-12-11T22:52:55+00:00","og_image":[{"url":"https:\/\/www.aircharter.com\/wp-content\/uploads\/2013\/06\/plane_mountains-300x184.jpg","type":"","width":"","height":""}],"twitter_card":"summary_large_image","twitter_misc":{"Tiempo de lectura":"3 minutos"},"schema":{"@context":"https:\/\/schema.org","@graph":[{"@type":"WebPage","@id":"https:\/\/www.aircharter.com\/deportes\/","url":"https:\/\/www.aircharter.com\/deportes\/","name":"Deportes - Aircharter","isPartOf":{"@id":"https:\/\/www.aircharter.com\/de\/#website"},"primaryImageOfPage":{"@id":"https:\/\/www.aircharter.com\/deportes\/#primaryimage"},"image":{"@id":"https:\/\/www.aircharter.com\/deportes\/#primaryimage"},"thumbnailUrl":"https:\/\/www.aircharter.com\/wp-content\/uploads\/2013\/06\/plane_mountains-300x184.jpg","datePublished":"2014-02-26T20:55:06+00:00","dateModified":"2022-12-11T22:52:55+00:00","breadcrumb":{"@id":"https:\/\/www.aircharter.com\/deportes\/#breadcrumb"},"inLanguage":"es","potentialAction":[{"@type":"ReadAction","target":["https:\/\/www.aircharter.com\/deportes\/"]}]},{"@type":"ImageObject","inLanguage":"es","@id":"https:\/\/www.aircharter.com\/deportes\/#primaryimage","url":"https:\/\/www.aircharter.com\/wp-content\/uploads\/2013\/06\/plane_mountains-300x184.jpg","contentUrl":"https:\/\/www.aircharter.com\/wp-content\/uploads\/2013\/06\/plane_mountains-300x184.jpg"},{"@type":"BreadcrumbList","@id":"https:\/\/www.aircharter.com\/deportes\/#breadcrumb","itemListElement":[{"@type":"ListItem","position":1,"name":"Home","item":"https:\/\/www.aircharter.com\/"},{"@type":"ListItem","position":2,"name":"Deportes"}]},{"@type":"WebSite","@id":"https:\/\/www.aircharter.com\/de\/#website","url":"https:\/\/www.aircharter.com\/de\/","name":"Aircharter","description":"Air Charter | Private Jet Charter &amp; Rental | Fly Smarter | Hire a Business Jet","publisher":{"@id":"https:\/\/www.aircharter.com\/de\/#organization"},"potentialAction":[{"@type":"SearchAction","target":{"@type":"EntryPoint","urlTemplate":"https:\/\/www.aircharter.com\/de\/?s={search_term_string}"},"query-input":{"@type":"PropertyValueSpecification","valueRequired":true,"valueName":"search_term_string"}}],"inLanguage":"es"},{"@type":"Organization","@id":"https:\/\/www.aircharter.com\/de\/#organization","name":"Aircharter.com LLC","url":"https:\/\/www.aircharter.com\/de\/","logo":{"@type":"ImageObject","inLanguage":"es","@id":"https:\/\/www.aircharter.com\/de\/#\/schema\/logo\/image\/","url":"https:\/\/www.aircharter.com\/wp-content\/uploads\/2022\/12\/Aircharter_logo_114X1141-11.png","contentUrl":"https:\/\/www.aircharter.com\/wp-content\/uploads\/2022\/12\/Aircharter_logo_114X1141-11.png","width":114,"height":114,"caption":"Aircharter.com LLC"},"image":{"@id":"https:\/\/www.aircharter.com\/de\/#\/schema\/logo\/image\/"}}]}},"_links":{"self":[{"href":"https:\/\/www.aircharter.com\/es\/wp-json\/wp\/v2\/pages\/25635","targetHints":{"allow":["GET"]}}],"collection":[{"href":"https:\/\/www.aircharter.com\/es\/wp-json\/wp\/v2\/pages"}],"about":[{"href":"https:\/\/www.aircharter.com\/es\/wp-json\/wp\/v2\/types\/page"}],"author":[{"embeddable":true,"href":"https:\/\/www.aircharter.com\/es\/wp-json\/wp\/v2\/users\/12"}],"replies":[{"embeddable":true,"href":"https:\/\/www.aircharter.com\/es\/wp-json\/wp\/v2\/comments?post=25635"}],"version-history":[{"count":3,"href":"https:\/\/www.aircharter.com\/es\/wp-json\/wp\/v2\/pages\/25635\/revisions"}],"predecessor-version":[{"id":26083,"href":"https:\/\/www.aircharter.com\/es\/wp-json\/wp\/v2\/pages\/25635\/revisions\/26083"}],"wp:attachment":[{"href":"https:\/\/www.aircharter.com\/es\/wp-json\/wp\/v2\/media?parent=25635"}],"curies":[{"name":"wp","href":"https:\/\/api.w.org\/{rel}","templated":true}]}}