{"id":25640,"date":"2014-02-26T16:42:36","date_gmt":"2014-02-26T21:42:36","guid":{"rendered":"https:\/\/www.aircharter.com\/?page_id=25640"},"modified":"2022-12-11T17:52:54","modified_gmt":"2022-12-11T22:52:54","slug":"ejecutivo","status":"publish","type":"page","link":"https:\/\/www.aircharter.com\/es\/ejecutivo\/","title":{"rendered":"Charter Ejecutivo"},"content":{"rendered":"<h2><strong>Charter Ejecutivo<\/strong><\/h2>\n<p>Charter Ejecutivo de AirCharter.com est\u00e1 disponible para usted en cualquier momento del d\u00eda y en cualquier lugar en el mundo. Con nuestros especialistas Charter Ejecutivos aqu\u00ed para ayudarle desde el momento de hablar con nosotros hasta el momento en que llegue a su destino; Air Charter est\u00e1 aqu\u00ed para ayudar. Desde 1985, hemos estado ayudando a nuestros clientes a obtener el mejor precio posible en el Ejecutivo Carta s, nos aseguramos de consultar todos los propietarios de las aeronaves sea posible antes de que le da un precio inmejorable.<\/p>\n<p>&nbsp;<\/p>\n<h3>Gracias a nuestro motor de reserva en l\u00ednea, se puede calcular un precio muy preciso para su viaje, por cualquier tama\u00f1o de jet, y para cualquier n\u00famero de pasajeros.Pru\u00e9belo ahora:<\/h3>\n<div><div class=\"fusion-fullwidth fullwidth-box fusion-builder-row-1 fusion-flex-container hundred-percent-fullwidth non-hundred-percent-height-scrolling\" style=\"--awb-border-radius-top-left:0px;--awb-border-radius-top-right:0px;--awb-border-radius-bottom-right:0px;--awb-border-radius-bottom-left:0px;--awb-overflow:visible;--awb-flex-wrap:wrap;\" ><div class=\"fusion-builder-row fusion-row fusion-flex-align-items-flex-start fusion-flex-content-wrap\" style=\"width:calc( 100% + 0px ) !important;max-width:calc( 100% + 0px ) !important;margin-left: calc(-0px \/ 2 );margin-right: calc(-0px \/ 2 );\"><div class=\"fusion-layout-column fusion_builder_column fusion-builder-column-0 fusion_builder_column_1_1 1_1 fusion-flex-column fusion-flex-align-self-flex-start fusion-column-no-min-height\" style=\"--awb-bg-size:cover;--awb-width-large:100%;--awb-margin-top-large:0px;--awb-spacing-right-large:0px;--awb-margin-bottom-large:0px;--awb-spacing-left-large:0px;--awb-width-medium:100%;--awb-spacing-right-medium:0px;--awb-spacing-left-medium:0px;--awb-width-small:100%;--awb-spacing-right-small:0px;--awb-spacing-left-small:0px;\"><div class=\"fusion-column-wrapper fusion-flex-justify-content-flex-start fusion-content-layout-column\">[booking_engine type=\u00bbbig\u00bb][\/booking_engine]<\/div>\n<div><\/div>\n<div>\n<p>El verdadero costo de volar en un jet privado siempre ha estado envuelto en el misterio de los t\u00e9rminos t\u00e9cnicos y costos ocultos que podr\u00edan ser confusos incluso para un viajero experimentado. Air Charter simplifica el proceso mediante la creaci\u00f3n de la \u00abCarta Jet Precio Garantizado\u00bb. El precio del alquiler que se citan es el precio que pagas. Carta Air opera en los principios de servicio absoluto y completo cliente de chorro. Nuestro equipo crea vuelos charter ejecutivos personalizados que se adaptan a sus pasajeros todos quieren y necesitan, incluyendo la disposici\u00f3n de servicio de comida gourmet, bebidas especiales, entretenimiento a bordo, y muchos otros servicios. Por otra parte, el personal de Air Charter, un programa completo de servicios VIP Jet consejer\u00eda que se encarga de todas las necesidades de sus clientes en el suelo. Considere la posibilidad de alquiler de jet privado para su pr\u00f3ximo evento especial, salidas de golf, viajes familiares, fines de semana de esqu\u00ed o una noche de p\u00f3quer en Las Vegas.<\/p>\n<p>Nuestro conserje jet VIP preparar\u00e1 un paquete de descuento jet de la carta personalizada que va a crear recuerdos para usted y sus invitados. Air Charter es el socio perfecto para Corporate Jet, Jet Ejecutivo o propietarios Jet fraccionarias que necesitan capacidad extra o viajar en avi\u00f3n de \u00faltima hora. Viajar Jet Charter y paquetes de alquiler de jet puede ser personalizado a sus necesidades individuales. Danos la oportunidad de mostrarle los ahorros mediante nuestra flota de jet privado.<\/p>\n<\/div>\n<\/div><\/div><\/div><\/div><\/p>\n","protected":false},"excerpt":{"rendered":"<p>Charter Ejecutivo Charter Ejecutivo de AirCharter.com est\u00e1 disponible para usted en cualquier momento del d\u00eda y en cualquier lugar en el mundo. Con nuestros especialistas Charter Ejecutivos aqu\u00ed para ayudarle desde el momento de hablar con nosotros hasta el momento en que llegue a su destino; Air Charter est\u00e1 aqu\u00ed para ayudar. Desde 1985, hemos estado ayudando a nuestros clientes a obtener el mejor precio posible en el Ejecutivo Carta s, nos aseguramos de consultar todos los propietarios de las aeronaves sea posible antes de que le da un precio inmejorable. &nbsp; Gracias a nuestro motor de reserva en l\u00ednea, se puede calcular un precio muy preciso para su viaje, por cualquier tama\u00f1o de jet, y para cualquier n\u00famero de pasajeros.Pru\u00e9belo ahora:<\/p>\n","protected":false},"author":12,"featured_media":0,"parent":0,"menu_order":0,"comment_status":"closed","ping_status":"closed","template":"","meta":{"footnotes":""},"class_list":["post-25640","page","type-page","status-publish","hentry"],"yoast_head":"<!-- This site is optimized with the Yoast SEO plugin v27.4 - https:\/\/yoast.com\/product\/yoast-seo-wordpress\/ -->\n<title>Charter Ejecutivo - Aircharter<\/title>\n<meta name=\"robots\" content=\"index, follow, max-snippet:-1, max-image-preview:large, max-video-preview:-1\" \/>\n<link rel=\"canonical\" href=\"https:\/\/www.aircharter.com\/ejecutivo\/\" \/>\n<meta property=\"og:locale\" content=\"es_ES\" \/>\n<meta property=\"og:type\" content=\"article\" \/>\n<meta property=\"og:title\" content=\"Charter Ejecutivo - Aircharter\" \/>\n<meta property=\"og:description\" content=\"Charter Ejecutivo Charter Ejecutivo de AirCharter.com est\u00e1 disponible para usted en cualquier momento del d\u00eda y en cualquier lugar en el mundo. Con nuestros especialistas Charter Ejecutivos aqu\u00ed para ayudarle desde el momento de hablar con nosotros hasta el momento en que llegue a su destino; Air Charter est\u00e1 aqu\u00ed para ayudar. Desde 1985, hemos estado ayudando a nuestros clientes a obtener el mejor precio posible en el Ejecutivo Carta s, nos aseguramos de consultar todos los propietarios de las aeronaves sea posible antes de que le da un precio inmejorable. &nbsp; Gracias a nuestro motor de reserva en l\u00ednea, se puede calcular un precio muy preciso para su viaje, por cualquier tama\u00f1o de jet, y para cualquier n\u00famero de pasajeros.Pru\u00e9belo ahora:\" \/>\n<meta property=\"og:url\" content=\"https:\/\/www.aircharter.com\/ejecutivo\/\" \/>\n<meta property=\"og:site_name\" content=\"Aircharter\" \/>\n<meta property=\"article:modified_time\" content=\"2022-12-11T22:52:54+00:00\" \/>\n<meta name=\"twitter:card\" content=\"summary_large_image\" \/>\n<meta name=\"twitter:label1\" content=\"Tiempo de lectura\" \/>\n\t<meta name=\"twitter:data1\" content=\"2 minutos\" \/>\n<script type=\"application\/ld+json\" class=\"yoast-schema-graph\">{\"@context\":\"https:\\\/\\\/schema.org\",\"@graph\":[{\"@type\":\"WebPage\",\"@id\":\"https:\\\/\\\/www.aircharter.com\\\/ejecutivo\\\/\",\"url\":\"https:\\\/\\\/www.aircharter.com\\\/ejecutivo\\\/\",\"name\":\"Charter Ejecutivo - Aircharter\",\"isPartOf\":{\"@id\":\"https:\\\/\\\/www.aircharter.com\\\/de\\\/#website\"},\"datePublished\":\"2014-02-26T21:42:36+00:00\",\"dateModified\":\"2022-12-11T22:52:54+00:00\",\"breadcrumb\":{\"@id\":\"https:\\\/\\\/www.aircharter.com\\\/ejecutivo\\\/#breadcrumb\"},\"inLanguage\":\"es\",\"potentialAction\":[{\"@type\":\"ReadAction\",\"target\":[\"https:\\\/\\\/www.aircharter.com\\\/ejecutivo\\\/\"]}]},{\"@type\":\"BreadcrumbList\",\"@id\":\"https:\\\/\\\/www.aircharter.com\\\/ejecutivo\\\/#breadcrumb\",\"itemListElement\":[{\"@type\":\"ListItem\",\"position\":1,\"name\":\"Home\",\"item\":\"https:\\\/\\\/www.aircharter.com\\\/\"},{\"@type\":\"ListItem\",\"position\":2,\"name\":\"Charter Ejecutivo\"}]},{\"@type\":\"WebSite\",\"@id\":\"https:\\\/\\\/www.aircharter.com\\\/de\\\/#website\",\"url\":\"https:\\\/\\\/www.aircharter.com\\\/de\\\/\",\"name\":\"Aircharter\",\"description\":\"Air Charter | Private Jet Charter &amp; Rental | Fly Smarter | Hire a Business Jet\",\"publisher\":{\"@id\":\"https:\\\/\\\/www.aircharter.com\\\/de\\\/#organization\"},\"potentialAction\":[{\"@type\":\"SearchAction\",\"target\":{\"@type\":\"EntryPoint\",\"urlTemplate\":\"https:\\\/\\\/www.aircharter.com\\\/de\\\/?s={search_term_string}\"},\"query-input\":{\"@type\":\"PropertyValueSpecification\",\"valueRequired\":true,\"valueName\":\"search_term_string\"}}],\"inLanguage\":\"es\"},{\"@type\":\"Organization\",\"@id\":\"https:\\\/\\\/www.aircharter.com\\\/de\\\/#organization\",\"name\":\"Aircharter.com LLC\",\"url\":\"https:\\\/\\\/www.aircharter.com\\\/de\\\/\",\"logo\":{\"@type\":\"ImageObject\",\"inLanguage\":\"es\",\"@id\":\"https:\\\/\\\/www.aircharter.com\\\/de\\\/#\\\/schema\\\/logo\\\/image\\\/\",\"url\":\"https:\\\/\\\/www.aircharter.com\\\/wp-content\\\/uploads\\\/2022\\\/12\\\/Aircharter_logo_114X1141-11.png\",\"contentUrl\":\"https:\\\/\\\/www.aircharter.com\\\/wp-content\\\/uploads\\\/2022\\\/12\\\/Aircharter_logo_114X1141-11.png\",\"width\":114,\"height\":114,\"caption\":\"Aircharter.com LLC\"},\"image\":{\"@id\":\"https:\\\/\\\/www.aircharter.com\\\/de\\\/#\\\/schema\\\/logo\\\/image\\\/\"}}]}<\/script>\n<!-- \/ Yoast SEO plugin. -->","yoast_head_json":{"title":"Charter Ejecutivo - Aircharter","robots":{"index":"index","follow":"follow","max-snippet":"max-snippet:-1","max-image-preview":"max-image-preview:large","max-video-preview":"max-video-preview:-1"},"canonical":"https:\/\/www.aircharter.com\/ejecutivo\/","og_locale":"es_ES","og_type":"article","og_title":"Charter Ejecutivo - Aircharter","og_description":"Charter Ejecutivo Charter Ejecutivo de AirCharter.com est\u00e1 disponible para usted en cualquier momento del d\u00eda y en cualquier lugar en el mundo. Con nuestros especialistas Charter Ejecutivos aqu\u00ed para ayudarle desde el momento de hablar con nosotros hasta el momento en que llegue a su destino; Air Charter est\u00e1 aqu\u00ed para ayudar. Desde 1985, hemos estado ayudando a nuestros clientes a obtener el mejor precio posible en el Ejecutivo Carta s, nos aseguramos de consultar todos los propietarios de las aeronaves sea posible antes de que le da un precio inmejorable. &nbsp; Gracias a nuestro motor de reserva en l\u00ednea, se puede calcular un precio muy preciso para su viaje, por cualquier tama\u00f1o de jet, y para cualquier n\u00famero de pasajeros.Pru\u00e9belo ahora:","og_url":"https:\/\/www.aircharter.com\/ejecutivo\/","og_site_name":"Aircharter","article_modified_time":"2022-12-11T22:52:54+00:00","twitter_card":"summary_large_image","twitter_misc":{"Tiempo de lectura":"2 minutos"},"schema":{"@context":"https:\/\/schema.org","@graph":[{"@type":"WebPage","@id":"https:\/\/www.aircharter.com\/ejecutivo\/","url":"https:\/\/www.aircharter.com\/ejecutivo\/","name":"Charter Ejecutivo - Aircharter","isPartOf":{"@id":"https:\/\/www.aircharter.com\/de\/#website"},"datePublished":"2014-02-26T21:42:36+00:00","dateModified":"2022-12-11T22:52:54+00:00","breadcrumb":{"@id":"https:\/\/www.aircharter.com\/ejecutivo\/#breadcrumb"},"inLanguage":"es","potentialAction":[{"@type":"ReadAction","target":["https:\/\/www.aircharter.com\/ejecutivo\/"]}]},{"@type":"BreadcrumbList","@id":"https:\/\/www.aircharter.com\/ejecutivo\/#breadcrumb","itemListElement":[{"@type":"ListItem","position":1,"name":"Home","item":"https:\/\/www.aircharter.com\/"},{"@type":"ListItem","position":2,"name":"Charter Ejecutivo"}]},{"@type":"WebSite","@id":"https:\/\/www.aircharter.com\/de\/#website","url":"https:\/\/www.aircharter.com\/de\/","name":"Aircharter","description":"Air Charter | Private Jet Charter &amp; Rental | Fly Smarter | Hire a Business Jet","publisher":{"@id":"https:\/\/www.aircharter.com\/de\/#organization"},"potentialAction":[{"@type":"SearchAction","target":{"@type":"EntryPoint","urlTemplate":"https:\/\/www.aircharter.com\/de\/?s={search_term_string}"},"query-input":{"@type":"PropertyValueSpecification","valueRequired":true,"valueName":"search_term_string"}}],"inLanguage":"es"},{"@type":"Organization","@id":"https:\/\/www.aircharter.com\/de\/#organization","name":"Aircharter.com LLC","url":"https:\/\/www.aircharter.com\/de\/","logo":{"@type":"ImageObject","inLanguage":"es","@id":"https:\/\/www.aircharter.com\/de\/#\/schema\/logo\/image\/","url":"https:\/\/www.aircharter.com\/wp-content\/uploads\/2022\/12\/Aircharter_logo_114X1141-11.png","contentUrl":"https:\/\/www.aircharter.com\/wp-content\/uploads\/2022\/12\/Aircharter_logo_114X1141-11.png","width":114,"height":114,"caption":"Aircharter.com LLC"},"image":{"@id":"https:\/\/www.aircharter.com\/de\/#\/schema\/logo\/image\/"}}]}},"_links":{"self":[{"href":"https:\/\/www.aircharter.com\/es\/wp-json\/wp\/v2\/pages\/25640","targetHints":{"allow":["GET"]}}],"collection":[{"href":"https:\/\/www.aircharter.com\/es\/wp-json\/wp\/v2\/pages"}],"about":[{"href":"https:\/\/www.aircharter.com\/es\/wp-json\/wp\/v2\/types\/page"}],"author":[{"embeddable":true,"href":"https:\/\/www.aircharter.com\/es\/wp-json\/wp\/v2\/users\/12"}],"replies":[{"embeddable":true,"href":"https:\/\/www.aircharter.com\/es\/wp-json\/wp\/v2\/comments?post=25640"}],"version-history":[{"count":5,"href":"https:\/\/www.aircharter.com\/es\/wp-json\/wp\/v2\/pages\/25640\/revisions"}],"predecessor-version":[{"id":37315,"href":"https:\/\/www.aircharter.com\/es\/wp-json\/wp\/v2\/pages\/25640\/revisions\/37315"}],"wp:attachment":[{"href":"https:\/\/www.aircharter.com\/es\/wp-json\/wp\/v2\/media?parent=25640"}],"curies":[{"name":"wp","href":"https:\/\/api.w.org\/{rel}","templated":true}]}}