{"id":25645,"date":"2014-02-26T17:18:59","date_gmt":"2014-02-26T22:18:59","guid":{"rendered":"https:\/\/www.aircharter.com\/?page_id=25645"},"modified":"2022-12-11T17:52:54","modified_gmt":"2022-12-11T22:52:54","slug":"reservar-un-private-jet","status":"publish","type":"page","link":"https:\/\/www.aircharter.com\/es\/reservar-un-private-jet\/","title":{"rendered":"Reservar un Private Jet"},"content":{"rendered":"<h1>Reservar un Private Jet<\/h1>\n<p>No s\u00e9 c\u00f3mo reservar un jet privado? Hay muchos planes para la venta de bloques de tiempo privado de alquiler de jet, y m\u00e1s se inventan todos los d\u00edas. Pero rara vez hay alguna ventaja sobre un charter privado. El problema con esquemas como miembro del bloque de la carta es que, al igual que la propiedad fraccional, requieren la posible empresa a pagar una gran cantidad de dinero por adelantado. El ahorro que se realice mediante la utilizaci\u00f3n de un charter privado tradicional, como y cuando lo necesite, es importante &#8211; y sin ning\u00fan compromiso en absoluto.<\/p>\n<p>Tendr\u00e1 que pagar s\u00f3lo las horas que vuelan, todos los costos y honorarios se incluir\u00e1n en su precio por adelantado, lo que permite que te preocupes por cosas mucho m\u00e1s importantes que sus acuerdos privados de alquiler de jet.<\/p>\n<p><img decoding=\"async\" class=\"alignright\" title=\"Reservar un Private Jet\" alt=\"Reservar un Private Jet\" src=\"https:\/\/www.aircharter.com\/wp-content\/uploads\/2013\/06\/ground5-300x184.jpg\" width=\"300\" height=\"184\" \/><\/p>\n<p>Air Charter estar\u00e1 con usted en cada paso del camino. Tan pronto como recibamos su solicitud, le asignar\u00e1 su propio especialista en alquiler de jet privado. Estar\u00e1n disponibles desde el momento de la reserva de un jet privado al momento de aterrizar.<\/p>\n<h2>Reservation jet privada es tan f\u00e1cil como 1 2 3:<\/h2>\n<h3><div class=\"fusion-fullwidth fullwidth-box fusion-builder-row-1 fusion-flex-container hundred-percent-fullwidth non-hundred-percent-height-scrolling\" style=\"--awb-border-radius-top-left:0px;--awb-border-radius-top-right:0px;--awb-border-radius-bottom-right:0px;--awb-border-radius-bottom-left:0px;--awb-overflow:visible;--awb-flex-wrap:wrap;\" ><div class=\"fusion-builder-row fusion-row fusion-flex-align-items-flex-start fusion-flex-content-wrap\" style=\"width:calc( 100% + 0px ) !important;max-width:calc( 100% + 0px ) !important;margin-left: calc(-0px \/ 2 );margin-right: calc(-0px \/ 2 );\"><div class=\"fusion-layout-column fusion_builder_column fusion-builder-column-0 fusion_builder_column_1_1 1_1 fusion-flex-column fusion-flex-align-self-flex-start fusion-column-no-min-height\" style=\"--awb-bg-size:cover;--awb-width-large:100%;--awb-margin-top-large:0px;--awb-spacing-right-large:0px;--awb-margin-bottom-large:0px;--awb-spacing-left-large:0px;--awb-width-medium:100%;--awb-spacing-right-medium:0px;--awb-spacing-left-medium:0px;--awb-width-small:100%;--awb-spacing-right-small:0px;--awb-spacing-left-small:0px;\"><div class=\"fusion-column-wrapper fusion-flex-justify-content-flex-start fusion-content-layout-column\"><span class=\"fusion-dropcap dropcap\">1.<\/span>\u00a0Utilice nuestro sistema de reservas a continuaci\u00f3n, introduzca su salida y destinos previsto, junto con sus fechas.<\/h3>\n<h3><\/div><\/div><div class=\"fusion-layout-column fusion_builder_column fusion-builder-column-1 fusion_builder_column_1_1 1_1 fusion-flex-column fusion-flex-align-self-flex-start fusion-column-no-min-height\" style=\"--awb-bg-size:cover;--awb-width-large:100%;--awb-margin-top-large:0px;--awb-spacing-right-large:0px;--awb-margin-bottom-large:0px;--awb-spacing-left-large:0px;--awb-width-medium:100%;--awb-spacing-right-medium:0px;--awb-spacing-left-medium:0px;--awb-width-small:100%;--awb-spacing-right-small:0px;--awb-spacing-left-small:0px;\"><div class=\"fusion-column-wrapper fusion-flex-justify-content-flex-start fusion-content-layout-column\"><span class=\"fusion-dropcap dropcap\">2.<\/span>\u00a0El motor de reservas en l\u00ednea le dar\u00e1 un precio web exacta para casi cada petici\u00f3n que pueda tener.<\/h3>\n<h3><\/div><\/div><div class=\"fusion-layout-column fusion_builder_column fusion-builder-column-2 fusion_builder_column_1_1 1_1 fusion-flex-column fusion-flex-align-self-flex-start fusion-column-no-min-height\" style=\"--awb-bg-size:cover;--awb-width-large:100%;--awb-margin-top-large:0px;--awb-spacing-right-large:0px;--awb-margin-bottom-large:0px;--awb-spacing-left-large:0px;--awb-width-medium:100%;--awb-spacing-right-medium:0px;--awb-spacing-left-medium:0px;--awb-width-small:100%;--awb-spacing-right-small:0px;--awb-spacing-left-small:0px;\"><div class=\"fusion-column-wrapper fusion-flex-justify-content-flex-start fusion-content-layout-column\"><span class=\"fusion-dropcap dropcap\">3.<\/span>\u00a0Si los intereses de los precios que usted y desea conocer la disponibilidad de aeronaves, ll\u00e1menos al 1-866-FLY-CHTR<\/h3>\n<h3><\/div><\/div><div class=\"fusion-layout-column fusion_builder_column fusion-builder-column-3 fusion_builder_column_1_1 1_1 fusion-flex-column fusion-flex-align-self-flex-start fusion-column-no-min-height\" style=\"--awb-bg-size:cover;--awb-width-large:100%;--awb-margin-top-large:0px;--awb-spacing-right-large:0px;--awb-margin-bottom-large:0px;--awb-spacing-left-large:0px;--awb-width-medium:100%;--awb-spacing-right-medium:0px;--awb-spacing-left-medium:0px;--awb-width-small:100%;--awb-spacing-right-small:0px;--awb-spacing-left-small:0px;\"><div class=\"fusion-column-wrapper fusion-flex-justify-content-flex-start fusion-content-layout-column\">[booking_engine type=\u00bbbig\u00bb][\/booking_engine]<\/h3>\n<\/div><\/div><\/div><\/div><\/p>\n","protected":false},"excerpt":{"rendered":"<p>Reservar un Private Jet No s\u00e9 c\u00f3mo reservar un jet privado? Hay muchos planes para la venta de bloques de tiempo privado de alquiler de jet, y m\u00e1s se inventan todos los d\u00edas. Pero rara vez hay alguna ventaja sobre un charter privado. El problema con esquemas como miembro del bloque de la carta es que, al igual que la propiedad fraccional, requieren la posible empresa a pagar una gran cantidad de dinero por adelantado. El ahorro que se realice mediante la utilizaci\u00f3n de un charter privado tradicional, como y cuando lo necesite, es importante &#8211; y sin ning\u00fan compromiso en absoluto. Tendr\u00e1 que pagar s\u00f3lo las horas que vuelan, todos los costos y honorarios se incluir\u00e1n en su precio por adelantado, lo que permite que te preocupes por cosas mucho m\u00e1s importantes que sus acuerdos privados de alquiler de jet. Air Charter estar\u00e1 con usted en cada paso del camino. Tan pronto como recibamos su solicitud, le asignar\u00e1 su propio especialista en alquiler de jet privado. Estar\u00e1n disponibles desde el momento de la reserva de un jet privado al momento de aterrizar. Reservation jet privada es tan f\u00e1cil como 1 2 3:<\/p>\n","protected":false},"author":12,"featured_media":0,"parent":0,"menu_order":0,"comment_status":"closed","ping_status":"closed","template":"","meta":{"footnotes":""},"class_list":["post-25645","page","type-page","status-publish","hentry"],"yoast_head":"<!-- This site is optimized with the Yoast SEO plugin v27.3 - https:\/\/yoast.com\/product\/yoast-seo-wordpress\/ -->\n<title>Reservar un Private Jet - Aircharter<\/title>\n<meta name=\"robots\" content=\"index, follow, max-snippet:-1, max-image-preview:large, max-video-preview:-1\" \/>\n<link rel=\"canonical\" href=\"https:\/\/www.aircharter.com\/reservar-un-private-jet\/\" \/>\n<meta property=\"og:locale\" content=\"es_ES\" \/>\n<meta property=\"og:type\" content=\"article\" \/>\n<meta property=\"og:title\" content=\"Reservar un Private Jet - Aircharter\" \/>\n<meta property=\"og:description\" content=\"Reservar un Private Jet No s\u00e9 c\u00f3mo reservar un jet privado? Hay muchos planes para la venta de bloques de tiempo privado de alquiler de jet, y m\u00e1s se inventan todos los d\u00edas. Pero rara vez hay alguna ventaja sobre un charter privado. El problema con esquemas como miembro del bloque de la carta es que, al igual que la propiedad fraccional, requieren la posible empresa a pagar una gran cantidad de dinero por adelantado. El ahorro que se realice mediante la utilizaci\u00f3n de un charter privado tradicional, como y cuando lo necesite, es importante &#8211; y sin ning\u00fan compromiso en absoluto. Tendr\u00e1 que pagar s\u00f3lo las horas que vuelan, todos los costos y honorarios se incluir\u00e1n en su precio por adelantado, lo que permite que te preocupes por cosas mucho m\u00e1s importantes que sus acuerdos privados de alquiler de jet. Air Charter estar\u00e1 con usted en cada paso del camino. Tan pronto como recibamos su solicitud, le asignar\u00e1 su propio especialista en alquiler de jet privado. Estar\u00e1n disponibles desde el momento de la reserva de un jet privado al momento de aterrizar. Reservation jet privada es tan f\u00e1cil como 1 2 3:\" \/>\n<meta property=\"og:url\" content=\"https:\/\/www.aircharter.com\/reservar-un-private-jet\/\" \/>\n<meta property=\"og:site_name\" content=\"Aircharter\" \/>\n<meta property=\"article:modified_time\" content=\"2022-12-11T22:52:54+00:00\" \/>\n<meta property=\"og:image\" content=\"https:\/\/www.aircharter.com\/wp-content\/uploads\/2013\/06\/ground5-300x184.jpg\" \/>\n<meta name=\"twitter:card\" content=\"summary_large_image\" \/>\n<meta name=\"twitter:label1\" content=\"Tiempo de lectura\" \/>\n\t<meta name=\"twitter:data1\" content=\"3 minutos\" \/>\n<script type=\"application\/ld+json\" class=\"yoast-schema-graph\">{\"@context\":\"https:\\\/\\\/schema.org\",\"@graph\":[{\"@type\":\"WebPage\",\"@id\":\"https:\\\/\\\/www.aircharter.com\\\/reservar-un-private-jet\\\/\",\"url\":\"https:\\\/\\\/www.aircharter.com\\\/reservar-un-private-jet\\\/\",\"name\":\"Reservar un Private Jet - Aircharter\",\"isPartOf\":{\"@id\":\"https:\\\/\\\/www.aircharter.com\\\/de\\\/#website\"},\"primaryImageOfPage\":{\"@id\":\"https:\\\/\\\/www.aircharter.com\\\/reservar-un-private-jet\\\/#primaryimage\"},\"image\":{\"@id\":\"https:\\\/\\\/www.aircharter.com\\\/reservar-un-private-jet\\\/#primaryimage\"},\"thumbnailUrl\":\"https:\\\/\\\/www.aircharter.com\\\/wp-content\\\/uploads\\\/2013\\\/06\\\/ground5-300x184.jpg\",\"datePublished\":\"2014-02-26T22:18:59+00:00\",\"dateModified\":\"2022-12-11T22:52:54+00:00\",\"breadcrumb\":{\"@id\":\"https:\\\/\\\/www.aircharter.com\\\/reservar-un-private-jet\\\/#breadcrumb\"},\"inLanguage\":\"es\",\"potentialAction\":[{\"@type\":\"ReadAction\",\"target\":[\"https:\\\/\\\/www.aircharter.com\\\/reservar-un-private-jet\\\/\"]}]},{\"@type\":\"ImageObject\",\"inLanguage\":\"es\",\"@id\":\"https:\\\/\\\/www.aircharter.com\\\/reservar-un-private-jet\\\/#primaryimage\",\"url\":\"https:\\\/\\\/www.aircharter.com\\\/wp-content\\\/uploads\\\/2013\\\/06\\\/ground5-300x184.jpg\",\"contentUrl\":\"https:\\\/\\\/www.aircharter.com\\\/wp-content\\\/uploads\\\/2013\\\/06\\\/ground5-300x184.jpg\"},{\"@type\":\"BreadcrumbList\",\"@id\":\"https:\\\/\\\/www.aircharter.com\\\/reservar-un-private-jet\\\/#breadcrumb\",\"itemListElement\":[{\"@type\":\"ListItem\",\"position\":1,\"name\":\"Home\",\"item\":\"https:\\\/\\\/www.aircharter.com\\\/\"},{\"@type\":\"ListItem\",\"position\":2,\"name\":\"Reservar un Private Jet\"}]},{\"@type\":\"WebSite\",\"@id\":\"https:\\\/\\\/www.aircharter.com\\\/de\\\/#website\",\"url\":\"https:\\\/\\\/www.aircharter.com\\\/de\\\/\",\"name\":\"Aircharter\",\"description\":\"Air Charter | Private Jet Charter &amp; Rental | Fly Smarter | Hire a Business Jet\",\"publisher\":{\"@id\":\"https:\\\/\\\/www.aircharter.com\\\/de\\\/#organization\"},\"potentialAction\":[{\"@type\":\"SearchAction\",\"target\":{\"@type\":\"EntryPoint\",\"urlTemplate\":\"https:\\\/\\\/www.aircharter.com\\\/de\\\/?s={search_term_string}\"},\"query-input\":{\"@type\":\"PropertyValueSpecification\",\"valueRequired\":true,\"valueName\":\"search_term_string\"}}],\"inLanguage\":\"es\"},{\"@type\":\"Organization\",\"@id\":\"https:\\\/\\\/www.aircharter.com\\\/de\\\/#organization\",\"name\":\"Aircharter.com LLC\",\"url\":\"https:\\\/\\\/www.aircharter.com\\\/de\\\/\",\"logo\":{\"@type\":\"ImageObject\",\"inLanguage\":\"es\",\"@id\":\"https:\\\/\\\/www.aircharter.com\\\/de\\\/#\\\/schema\\\/logo\\\/image\\\/\",\"url\":\"https:\\\/\\\/www.aircharter.com\\\/wp-content\\\/uploads\\\/2022\\\/12\\\/Aircharter_logo_114X1141-11.png\",\"contentUrl\":\"https:\\\/\\\/www.aircharter.com\\\/wp-content\\\/uploads\\\/2022\\\/12\\\/Aircharter_logo_114X1141-11.png\",\"width\":114,\"height\":114,\"caption\":\"Aircharter.com LLC\"},\"image\":{\"@id\":\"https:\\\/\\\/www.aircharter.com\\\/de\\\/#\\\/schema\\\/logo\\\/image\\\/\"}}]}<\/script>\n<!-- \/ Yoast SEO plugin. -->","yoast_head_json":{"title":"Reservar un Private Jet - Aircharter","robots":{"index":"index","follow":"follow","max-snippet":"max-snippet:-1","max-image-preview":"max-image-preview:large","max-video-preview":"max-video-preview:-1"},"canonical":"https:\/\/www.aircharter.com\/reservar-un-private-jet\/","og_locale":"es_ES","og_type":"article","og_title":"Reservar un Private Jet - Aircharter","og_description":"Reservar un Private Jet No s\u00e9 c\u00f3mo reservar un jet privado? Hay muchos planes para la venta de bloques de tiempo privado de alquiler de jet, y m\u00e1s se inventan todos los d\u00edas. Pero rara vez hay alguna ventaja sobre un charter privado. El problema con esquemas como miembro del bloque de la carta es que, al igual que la propiedad fraccional, requieren la posible empresa a pagar una gran cantidad de dinero por adelantado. El ahorro que se realice mediante la utilizaci\u00f3n de un charter privado tradicional, como y cuando lo necesite, es importante &#8211; y sin ning\u00fan compromiso en absoluto. Tendr\u00e1 que pagar s\u00f3lo las horas que vuelan, todos los costos y honorarios se incluir\u00e1n en su precio por adelantado, lo que permite que te preocupes por cosas mucho m\u00e1s importantes que sus acuerdos privados de alquiler de jet. Air Charter estar\u00e1 con usted en cada paso del camino. Tan pronto como recibamos su solicitud, le asignar\u00e1 su propio especialista en alquiler de jet privado. Estar\u00e1n disponibles desde el momento de la reserva de un jet privado al momento de aterrizar. Reservation jet privada es tan f\u00e1cil como 1 2 3:","og_url":"https:\/\/www.aircharter.com\/reservar-un-private-jet\/","og_site_name":"Aircharter","article_modified_time":"2022-12-11T22:52:54+00:00","og_image":[{"url":"https:\/\/www.aircharter.com\/wp-content\/uploads\/2013\/06\/ground5-300x184.jpg","type":"","width":"","height":""}],"twitter_card":"summary_large_image","twitter_misc":{"Tiempo de lectura":"3 minutos"},"schema":{"@context":"https:\/\/schema.org","@graph":[{"@type":"WebPage","@id":"https:\/\/www.aircharter.com\/reservar-un-private-jet\/","url":"https:\/\/www.aircharter.com\/reservar-un-private-jet\/","name":"Reservar un Private Jet - Aircharter","isPartOf":{"@id":"https:\/\/www.aircharter.com\/de\/#website"},"primaryImageOfPage":{"@id":"https:\/\/www.aircharter.com\/reservar-un-private-jet\/#primaryimage"},"image":{"@id":"https:\/\/www.aircharter.com\/reservar-un-private-jet\/#primaryimage"},"thumbnailUrl":"https:\/\/www.aircharter.com\/wp-content\/uploads\/2013\/06\/ground5-300x184.jpg","datePublished":"2014-02-26T22:18:59+00:00","dateModified":"2022-12-11T22:52:54+00:00","breadcrumb":{"@id":"https:\/\/www.aircharter.com\/reservar-un-private-jet\/#breadcrumb"},"inLanguage":"es","potentialAction":[{"@type":"ReadAction","target":["https:\/\/www.aircharter.com\/reservar-un-private-jet\/"]}]},{"@type":"ImageObject","inLanguage":"es","@id":"https:\/\/www.aircharter.com\/reservar-un-private-jet\/#primaryimage","url":"https:\/\/www.aircharter.com\/wp-content\/uploads\/2013\/06\/ground5-300x184.jpg","contentUrl":"https:\/\/www.aircharter.com\/wp-content\/uploads\/2013\/06\/ground5-300x184.jpg"},{"@type":"BreadcrumbList","@id":"https:\/\/www.aircharter.com\/reservar-un-private-jet\/#breadcrumb","itemListElement":[{"@type":"ListItem","position":1,"name":"Home","item":"https:\/\/www.aircharter.com\/"},{"@type":"ListItem","position":2,"name":"Reservar un Private Jet"}]},{"@type":"WebSite","@id":"https:\/\/www.aircharter.com\/de\/#website","url":"https:\/\/www.aircharter.com\/de\/","name":"Aircharter","description":"Air Charter | Private Jet Charter &amp; Rental | Fly Smarter | Hire a Business Jet","publisher":{"@id":"https:\/\/www.aircharter.com\/de\/#organization"},"potentialAction":[{"@type":"SearchAction","target":{"@type":"EntryPoint","urlTemplate":"https:\/\/www.aircharter.com\/de\/?s={search_term_string}"},"query-input":{"@type":"PropertyValueSpecification","valueRequired":true,"valueName":"search_term_string"}}],"inLanguage":"es"},{"@type":"Organization","@id":"https:\/\/www.aircharter.com\/de\/#organization","name":"Aircharter.com LLC","url":"https:\/\/www.aircharter.com\/de\/","logo":{"@type":"ImageObject","inLanguage":"es","@id":"https:\/\/www.aircharter.com\/de\/#\/schema\/logo\/image\/","url":"https:\/\/www.aircharter.com\/wp-content\/uploads\/2022\/12\/Aircharter_logo_114X1141-11.png","contentUrl":"https:\/\/www.aircharter.com\/wp-content\/uploads\/2022\/12\/Aircharter_logo_114X1141-11.png","width":114,"height":114,"caption":"Aircharter.com LLC"},"image":{"@id":"https:\/\/www.aircharter.com\/de\/#\/schema\/logo\/image\/"}}]}},"_links":{"self":[{"href":"https:\/\/www.aircharter.com\/es\/wp-json\/wp\/v2\/pages\/25645","targetHints":{"allow":["GET"]}}],"collection":[{"href":"https:\/\/www.aircharter.com\/es\/wp-json\/wp\/v2\/pages"}],"about":[{"href":"https:\/\/www.aircharter.com\/es\/wp-json\/wp\/v2\/types\/page"}],"author":[{"embeddable":true,"href":"https:\/\/www.aircharter.com\/es\/wp-json\/wp\/v2\/users\/12"}],"replies":[{"embeddable":true,"href":"https:\/\/www.aircharter.com\/es\/wp-json\/wp\/v2\/comments?post=25645"}],"version-history":[{"count":3,"href":"https:\/\/www.aircharter.com\/es\/wp-json\/wp\/v2\/pages\/25645\/revisions"}],"predecessor-version":[{"id":37314,"href":"https:\/\/www.aircharter.com\/es\/wp-json\/wp\/v2\/pages\/25645\/revisions\/37314"}],"wp:attachment":[{"href":"https:\/\/www.aircharter.com\/es\/wp-json\/wp\/v2\/media?parent=25645"}],"curies":[{"name":"wp","href":"https:\/\/api.w.org\/{rel}","templated":true}]}}