{"id":25648,"date":"2014-02-26T18:46:06","date_gmt":"2014-02-26T23:46:06","guid":{"rendered":"https:\/\/www.aircharter.com\/?page_id=25648"},"modified":"2022-12-11T17:52:54","modified_gmt":"2022-12-11T22:52:54","slug":"business-jet","status":"publish","type":"page","link":"https:\/\/www.aircharter.com\/es\/business-jet\/","title":{"rendered":"Business Jet Expertos"},"content":{"rendered":"<h1><strong>Business\u00a0Jet\u00a0<\/strong>Expertos<\/h1>\n<p>Nuestro grupo de alquiler de jet de negocios con experiencia trabaja en estrecha colaboraci\u00f3n con usted para encontrar la aeronave sustancial m\u00e1s adecuado para sus necesidades avi\u00f3n privado. Si usted tiene que volar 50 viajeros o cientos, Air Charter evaluar\u00e1 el tama\u00f1o y el plan que le ayude en el avi\u00f3n privado m\u00e1s adecuado para sus necesidades de su grupo.<\/p>\n<p>El servicio de jet de negocios ofrecido por Air Charter Services tiene m\u00e1s de dos d\u00e9cadas de experiencia &#8211; y enorme destreza &#8211; en la distribuci\u00f3n de Empresas Jet Charter para los clientes en todo el mundo. Como componente de la operaci\u00f3n en todo el mundo las 24 horas Air Charter Services, Air Charter Service Business Jet est\u00e1 preparado para organizar, coordinar y supervisar alquiler de jet privado para usted y su grupo, donde sea, en cualquier punto y en cualquier caso el que deseas viajar.<\/p>\n<p>&nbsp;<\/p>\n<h1><strong>\u00bfPor Aire Charter.com LLC?<\/strong><\/h1>\n<p>AirCharter.com tiene m\u00e1s de 19 a\u00f1os de experiencia y referencias en el negocio de Air Charter , que \u00e9sta haya cumplido m\u00e1s de 9.000 contratos de alquiler completo para todos los a\u00f1os para incluir las diferentes partes y tiene unos ingresos anuales que superaron los $ 600 millones.<\/p>\n<p>Tan pronto como recibamos su solicitud, le se\u00f1alar\u00e9 su propio especialista de alquiler personalizado . Ellos ser\u00e1n accesibles desde el momento de reservar su vuelo a la hora de su llegada. Cada paso del camino , su especialista Jet Privado estar\u00e1 con ustedes y accesible cuando usted lo necesite .<\/p>\n<p>Ayuda de vuelos &#8211; Este grupo dedicado garantiza que todas sus necesidades se cumplan todas partes toda la experiencia de charter.<\/p>\n<p>Air Charter de Protecci\u00f3n de Pagos &#8211; Puede ser accesibles sin esfuerzo y asegurar que usted y sus clientes si no deber\u00eda surgir un acontecimiento de insolvencia de las compa\u00f1\u00edas .<\/p>\n<p>Poder adquisitivo &#8211; A trav\u00e9s de los a\u00f1os , Aircharter.com ha reunido numerosas asociaciones s\u00f3lidas con un servicio de transporte a\u00e9reo . Nuestro tama\u00f1o y notoriedad nos permiten organizar mejor los costos que luego pueden ser transmitidas como fondos de reserva para nuestros clientes .<\/p>\n<p>Alrededores Worldwide &#8211; Utilizando nuestro sistema de encargo de los lugares de trabajo a nivel mundial , podemos ofrecer dominio barrio y nuestros entornos empresariales a cooperar para garantizar la mejor administraci\u00f3n concebible.<\/p>\n<p>P\u00f3ngase en contacto con 24\/7- Nuestros expertos charter son accesibles todos los d\u00edas, todas las horas del d\u00eda para satisfacer las necesidades de nuestros clientes.<\/p>\n","protected":false},"excerpt":{"rendered":"<p>Business\u00a0Jet\u00a0Expertos Nuestro grupo de alquiler de jet de negocios con experiencia trabaja en estrecha colaboraci\u00f3n con usted para encontrar la aeronave sustancial m\u00e1s adecuado para sus necesidades avi\u00f3n privado. Si usted tiene que volar 50 viajeros o cientos, Air Charter evaluar\u00e1 el tama\u00f1o y el plan que le ayude en el avi\u00f3n privado m\u00e1s adecuado para sus necesidades de su grupo. El servicio de jet de negocios ofrecido por Air Charter Services tiene m\u00e1s de dos d\u00e9cadas de experiencia &#8211; y enorme destreza &#8211; en la distribuci\u00f3n de Empresas Jet Charter para los clientes en todo el mundo. Como componente de la operaci\u00f3n en todo el mundo las 24 horas Air Charter Services, Air Charter Service Business Jet est\u00e1 preparado para organizar, coordinar y supervisar alquiler de jet privado para usted y su grupo, donde sea, en cualquier punto y en cualquier caso el que deseas viajar. &nbsp; \u00bfPor Aire Charter.com LLC? AirCharter.com tiene m\u00e1s de 19 a\u00f1os de experiencia y referencias en el negocio de Air Charter , que \u00e9sta haya cumplido m\u00e1s de 9.000 contratos de alquiler completo para todos los a\u00f1os para incluir las diferentes partes y tiene unos ingresos anuales que superaron los $ 600 millones. Tan pronto como recibamos su solicitud, le se\u00f1alar\u00e9 su propio especialista de alquiler personalizado . Ellos ser\u00e1n accesibles desde el momento de reservar su vuelo a la hora de su llegada. Cada paso del camino , su especialista Jet Privado estar\u00e1 con ustedes y accesible cuando usted lo necesite . Ayuda de vuelos &#8211; Este grupo dedicado garantiza que todas sus necesidades se cumplan todas partes toda la experiencia de charter. Air Charter de Protecci\u00f3n de Pagos &#8211; Puede ser accesibles sin esfuerzo y asegurar<\/p>\n","protected":false},"author":12,"featured_media":0,"parent":0,"menu_order":0,"comment_status":"closed","ping_status":"closed","template":"","meta":{"footnotes":""},"class_list":["post-25648","page","type-page","status-publish","hentry"],"yoast_head":"<!-- This site is optimized with the Yoast SEO plugin v27.4 - https:\/\/yoast.com\/product\/yoast-seo-wordpress\/ -->\n<title>Business Jet Expertos - Aircharter<\/title>\n<meta name=\"robots\" content=\"index, follow, max-snippet:-1, max-image-preview:large, max-video-preview:-1\" \/>\n<link rel=\"canonical\" href=\"https:\/\/www.aircharter.com\/business-jet\/\" \/>\n<meta property=\"og:locale\" content=\"es_ES\" \/>\n<meta property=\"og:type\" content=\"article\" \/>\n<meta property=\"og:title\" content=\"Business Jet Expertos - Aircharter\" \/>\n<meta property=\"og:description\" content=\"Business\u00a0Jet\u00a0Expertos Nuestro grupo de alquiler de jet de negocios con experiencia trabaja en estrecha colaboraci\u00f3n con usted para encontrar la aeronave sustancial m\u00e1s adecuado para sus necesidades avi\u00f3n privado. Si usted tiene que volar 50 viajeros o cientos, Air Charter evaluar\u00e1 el tama\u00f1o y el plan que le ayude en el avi\u00f3n privado m\u00e1s adecuado para sus necesidades de su grupo. El servicio de jet de negocios ofrecido por Air Charter Services tiene m\u00e1s de dos d\u00e9cadas de experiencia &#8211; y enorme destreza &#8211; en la distribuci\u00f3n de Empresas Jet Charter para los clientes en todo el mundo. Como componente de la operaci\u00f3n en todo el mundo las 24 horas Air Charter Services, Air Charter Service Business Jet est\u00e1 preparado para organizar, coordinar y supervisar alquiler de jet privado para usted y su grupo, donde sea, en cualquier punto y en cualquier caso el que deseas viajar. &nbsp; \u00bfPor Aire Charter.com LLC? AirCharter.com tiene m\u00e1s de 19 a\u00f1os de experiencia y referencias en el negocio de Air Charter , que \u00e9sta haya cumplido m\u00e1s de 9.000 contratos de alquiler completo para todos los a\u00f1os para incluir las diferentes partes y tiene unos ingresos anuales que superaron los $ 600 millones. Tan pronto como recibamos su solicitud, le se\u00f1alar\u00e9 su propio especialista de alquiler personalizado . Ellos ser\u00e1n accesibles desde el momento de reservar su vuelo a la hora de su llegada. Cada paso del camino , su especialista Jet Privado estar\u00e1 con ustedes y accesible cuando usted lo necesite . Ayuda de vuelos &#8211; Este grupo dedicado garantiza que todas sus necesidades se cumplan todas partes toda la experiencia de charter. Air Charter de Protecci\u00f3n de Pagos &#8211; Puede ser accesibles sin esfuerzo y asegurar\" \/>\n<meta property=\"og:url\" content=\"https:\/\/www.aircharter.com\/business-jet\/\" \/>\n<meta property=\"og:site_name\" content=\"Aircharter\" \/>\n<meta property=\"article:modified_time\" content=\"2022-12-11T22:52:54+00:00\" \/>\n<meta name=\"twitter:card\" content=\"summary_large_image\" \/>\n<meta name=\"twitter:label1\" content=\"Tiempo de lectura\" \/>\n\t<meta name=\"twitter:data1\" content=\"2 minutos\" \/>\n<script type=\"application\/ld+json\" class=\"yoast-schema-graph\">{\"@context\":\"https:\\\/\\\/schema.org\",\"@graph\":[{\"@type\":\"WebPage\",\"@id\":\"https:\\\/\\\/www.aircharter.com\\\/business-jet\\\/\",\"url\":\"https:\\\/\\\/www.aircharter.com\\\/business-jet\\\/\",\"name\":\"Business Jet Expertos - Aircharter\",\"isPartOf\":{\"@id\":\"https:\\\/\\\/www.aircharter.com\\\/de\\\/#website\"},\"datePublished\":\"2014-02-26T23:46:06+00:00\",\"dateModified\":\"2022-12-11T22:52:54+00:00\",\"breadcrumb\":{\"@id\":\"https:\\\/\\\/www.aircharter.com\\\/business-jet\\\/#breadcrumb\"},\"inLanguage\":\"es\",\"potentialAction\":[{\"@type\":\"ReadAction\",\"target\":[\"https:\\\/\\\/www.aircharter.com\\\/business-jet\\\/\"]}]},{\"@type\":\"BreadcrumbList\",\"@id\":\"https:\\\/\\\/www.aircharter.com\\\/business-jet\\\/#breadcrumb\",\"itemListElement\":[{\"@type\":\"ListItem\",\"position\":1,\"name\":\"Home\",\"item\":\"https:\\\/\\\/www.aircharter.com\\\/\"},{\"@type\":\"ListItem\",\"position\":2,\"name\":\"Business Jet Expertos\"}]},{\"@type\":\"WebSite\",\"@id\":\"https:\\\/\\\/www.aircharter.com\\\/de\\\/#website\",\"url\":\"https:\\\/\\\/www.aircharter.com\\\/de\\\/\",\"name\":\"Aircharter\",\"description\":\"Air Charter | Private Jet Charter &amp; Rental | Fly Smarter | Hire a Business Jet\",\"publisher\":{\"@id\":\"https:\\\/\\\/www.aircharter.com\\\/de\\\/#organization\"},\"potentialAction\":[{\"@type\":\"SearchAction\",\"target\":{\"@type\":\"EntryPoint\",\"urlTemplate\":\"https:\\\/\\\/www.aircharter.com\\\/de\\\/?s={search_term_string}\"},\"query-input\":{\"@type\":\"PropertyValueSpecification\",\"valueRequired\":true,\"valueName\":\"search_term_string\"}}],\"inLanguage\":\"es\"},{\"@type\":\"Organization\",\"@id\":\"https:\\\/\\\/www.aircharter.com\\\/de\\\/#organization\",\"name\":\"Aircharter.com LLC\",\"url\":\"https:\\\/\\\/www.aircharter.com\\\/de\\\/\",\"logo\":{\"@type\":\"ImageObject\",\"inLanguage\":\"es\",\"@id\":\"https:\\\/\\\/www.aircharter.com\\\/de\\\/#\\\/schema\\\/logo\\\/image\\\/\",\"url\":\"https:\\\/\\\/www.aircharter.com\\\/wp-content\\\/uploads\\\/2022\\\/12\\\/Aircharter_logo_114X1141-11.png\",\"contentUrl\":\"https:\\\/\\\/www.aircharter.com\\\/wp-content\\\/uploads\\\/2022\\\/12\\\/Aircharter_logo_114X1141-11.png\",\"width\":114,\"height\":114,\"caption\":\"Aircharter.com LLC\"},\"image\":{\"@id\":\"https:\\\/\\\/www.aircharter.com\\\/de\\\/#\\\/schema\\\/logo\\\/image\\\/\"}}]}<\/script>\n<!-- \/ Yoast SEO plugin. -->","yoast_head_json":{"title":"Business Jet Expertos - Aircharter","robots":{"index":"index","follow":"follow","max-snippet":"max-snippet:-1","max-image-preview":"max-image-preview:large","max-video-preview":"max-video-preview:-1"},"canonical":"https:\/\/www.aircharter.com\/business-jet\/","og_locale":"es_ES","og_type":"article","og_title":"Business Jet Expertos - Aircharter","og_description":"Business\u00a0Jet\u00a0Expertos Nuestro grupo de alquiler de jet de negocios con experiencia trabaja en estrecha colaboraci\u00f3n con usted para encontrar la aeronave sustancial m\u00e1s adecuado para sus necesidades avi\u00f3n privado. Si usted tiene que volar 50 viajeros o cientos, Air Charter evaluar\u00e1 el tama\u00f1o y el plan que le ayude en el avi\u00f3n privado m\u00e1s adecuado para sus necesidades de su grupo. El servicio de jet de negocios ofrecido por Air Charter Services tiene m\u00e1s de dos d\u00e9cadas de experiencia &#8211; y enorme destreza &#8211; en la distribuci\u00f3n de Empresas Jet Charter para los clientes en todo el mundo. Como componente de la operaci\u00f3n en todo el mundo las 24 horas Air Charter Services, Air Charter Service Business Jet est\u00e1 preparado para organizar, coordinar y supervisar alquiler de jet privado para usted y su grupo, donde sea, en cualquier punto y en cualquier caso el que deseas viajar. &nbsp; \u00bfPor Aire Charter.com LLC? AirCharter.com tiene m\u00e1s de 19 a\u00f1os de experiencia y referencias en el negocio de Air Charter , que \u00e9sta haya cumplido m\u00e1s de 9.000 contratos de alquiler completo para todos los a\u00f1os para incluir las diferentes partes y tiene unos ingresos anuales que superaron los $ 600 millones. Tan pronto como recibamos su solicitud, le se\u00f1alar\u00e9 su propio especialista de alquiler personalizado . Ellos ser\u00e1n accesibles desde el momento de reservar su vuelo a la hora de su llegada. Cada paso del camino , su especialista Jet Privado estar\u00e1 con ustedes y accesible cuando usted lo necesite . Ayuda de vuelos &#8211; Este grupo dedicado garantiza que todas sus necesidades se cumplan todas partes toda la experiencia de charter. Air Charter de Protecci\u00f3n de Pagos &#8211; Puede ser accesibles sin esfuerzo y asegurar","og_url":"https:\/\/www.aircharter.com\/business-jet\/","og_site_name":"Aircharter","article_modified_time":"2022-12-11T22:52:54+00:00","twitter_card":"summary_large_image","twitter_misc":{"Tiempo de lectura":"2 minutos"},"schema":{"@context":"https:\/\/schema.org","@graph":[{"@type":"WebPage","@id":"https:\/\/www.aircharter.com\/business-jet\/","url":"https:\/\/www.aircharter.com\/business-jet\/","name":"Business Jet Expertos - Aircharter","isPartOf":{"@id":"https:\/\/www.aircharter.com\/de\/#website"},"datePublished":"2014-02-26T23:46:06+00:00","dateModified":"2022-12-11T22:52:54+00:00","breadcrumb":{"@id":"https:\/\/www.aircharter.com\/business-jet\/#breadcrumb"},"inLanguage":"es","potentialAction":[{"@type":"ReadAction","target":["https:\/\/www.aircharter.com\/business-jet\/"]}]},{"@type":"BreadcrumbList","@id":"https:\/\/www.aircharter.com\/business-jet\/#breadcrumb","itemListElement":[{"@type":"ListItem","position":1,"name":"Home","item":"https:\/\/www.aircharter.com\/"},{"@type":"ListItem","position":2,"name":"Business Jet Expertos"}]},{"@type":"WebSite","@id":"https:\/\/www.aircharter.com\/de\/#website","url":"https:\/\/www.aircharter.com\/de\/","name":"Aircharter","description":"Air Charter | Private Jet Charter &amp; Rental | Fly Smarter | Hire a Business Jet","publisher":{"@id":"https:\/\/www.aircharter.com\/de\/#organization"},"potentialAction":[{"@type":"SearchAction","target":{"@type":"EntryPoint","urlTemplate":"https:\/\/www.aircharter.com\/de\/?s={search_term_string}"},"query-input":{"@type":"PropertyValueSpecification","valueRequired":true,"valueName":"search_term_string"}}],"inLanguage":"es"},{"@type":"Organization","@id":"https:\/\/www.aircharter.com\/de\/#organization","name":"Aircharter.com LLC","url":"https:\/\/www.aircharter.com\/de\/","logo":{"@type":"ImageObject","inLanguage":"es","@id":"https:\/\/www.aircharter.com\/de\/#\/schema\/logo\/image\/","url":"https:\/\/www.aircharter.com\/wp-content\/uploads\/2022\/12\/Aircharter_logo_114X1141-11.png","contentUrl":"https:\/\/www.aircharter.com\/wp-content\/uploads\/2022\/12\/Aircharter_logo_114X1141-11.png","width":114,"height":114,"caption":"Aircharter.com LLC"},"image":{"@id":"https:\/\/www.aircharter.com\/de\/#\/schema\/logo\/image\/"}}]}},"_links":{"self":[{"href":"https:\/\/www.aircharter.com\/es\/wp-json\/wp\/v2\/pages\/25648","targetHints":{"allow":["GET"]}}],"collection":[{"href":"https:\/\/www.aircharter.com\/es\/wp-json\/wp\/v2\/pages"}],"about":[{"href":"https:\/\/www.aircharter.com\/es\/wp-json\/wp\/v2\/types\/page"}],"author":[{"embeddable":true,"href":"https:\/\/www.aircharter.com\/es\/wp-json\/wp\/v2\/users\/12"}],"replies":[{"embeddable":true,"href":"https:\/\/www.aircharter.com\/es\/wp-json\/wp\/v2\/comments?post=25648"}],"version-history":[{"count":5,"href":"https:\/\/www.aircharter.com\/es\/wp-json\/wp\/v2\/pages\/25648\/revisions"}],"predecessor-version":[{"id":27147,"href":"https:\/\/www.aircharter.com\/es\/wp-json\/wp\/v2\/pages\/25648\/revisions\/27147"}],"wp:attachment":[{"href":"https:\/\/www.aircharter.com\/es\/wp-json\/wp\/v2\/media?parent=25648"}],"curies":[{"name":"wp","href":"https:\/\/api.w.org\/{rel}","templated":true}]}}