{"id":25700,"date":"2014-03-05T12:36:27","date_gmt":"2014-03-05T17:36:27","guid":{"rendered":"https:\/\/www.aircharter.com\/?page_id=25700"},"modified":"2022-12-11T17:52:51","modified_gmt":"2022-12-11T22:52:51","slug":"propiedad-fraccional","status":"publish","type":"page","link":"https:\/\/www.aircharter.com\/es\/propiedad-fraccional\/","title":{"rendered":"Propiedad Fraccional"},"content":{"rendered":"<h1>Propiedad fraccional vs Charter de jets privados<\/h1>\n<p>Hay muchos tipos de propiedad fraccional de aeronaves \u00abTiempo compartido\u00bb y de bloques horas esquemas disponibles, pero en realidad hay pocos, si los hay, ventajas de la propiedad fraccional sobre un charter privado.<\/p>\n<p>Si bien puede parecer que la propiedad, incluso la propiedad parcial de un avi\u00f3n privado ofrece una comodidad sin igual, la realidad es muy diferente. Tanto si se trata de una reserva de \u00faltima hora, la programaci\u00f3n de un itinerario intrincado, o asegur\u00e1ndose de que se atienden las necesidades espec\u00edficas de, un charter privado en general, puede igualar o mejorar los servicios ofrecidos por un corredor de propiedad fraccionada. Por ejemplo, mientras que muchas compa\u00f1\u00edas fraccionarias ofrecen una reserva 8 horas del despegue garant\u00eda, Air Charter normalmente puede proporcionar una aeronave dentro de 2,5 horas. Con m\u00e1s de 55.000 aviones de turismo en nuestra red en todo el mundo, usted tiene opci\u00f3n sin igual.<\/p>\n<div class=\"fusion-fullwidth fullwidth-box fusion-builder-row-1 fusion-flex-container hundred-percent-fullwidth non-hundred-percent-height-scrolling\" style=\"--awb-border-radius-top-left:0px;--awb-border-radius-top-right:0px;--awb-border-radius-bottom-right:0px;--awb-border-radius-bottom-left:0px;--awb-overflow:visible;--awb-flex-wrap:wrap;\" ><div class=\"fusion-builder-row fusion-row fusion-flex-align-items-flex-start fusion-flex-content-wrap\" style=\"width:104% !important;max-width:104% !important;margin-left: calc(-4% \/ 2 );margin-right: calc(-4% \/ 2 );\"><div class=\"fusion-layout-column fusion_builder_column fusion-builder-column-0 fusion_builder_column_1_1 1_1 fusion-flex-column fusion-flex-align-self-flex-start fusion-column-no-min-height\" style=\"--awb-bg-size:cover;--awb-width-large:100%;--awb-margin-top-large:0px;--awb-spacing-right-large:1.92%;--awb-margin-bottom-large:0px;--awb-spacing-left-large:1.92%;--awb-width-medium:100%;--awb-spacing-right-medium:1.92%;--awb-spacing-left-medium:1.92%;--awb-width-small:100%;--awb-spacing-right-small:1.92%;--awb-spacing-left-small:1.92%;\"><div class=\"fusion-column-wrapper fusion-flex-justify-content-flex-start fusion-content-layout-column\">[top separator = estilo \u00ab40\u00bb = \u00abdoble\u00bb]\n<h2>\u00bfEs realmente vale la pena?<\/h2>\n<p>Mientras que la tarifa por hora de volar sus aviones de propiedad fraccionada puede parecer m\u00e1s bajo que un charter privado , la verdadera historia es m\u00e1s complicada. Tenga en cuenta los cargos el due\u00f1o de una fracci\u00f3n debe pagar: adem\u00e1s de la compra de la participaci\u00f3n en la aeronave , tambi\u00e9n hay cuotas de mantenimiento y de funcionamiento mensuales , junto con el seguro . Y encima de todo eso, usted todav\u00eda tendr\u00e1 que pagar una tarifa por hora de tiempo de vuelo. Por el contrario, al reservar un vuelo a trav\u00e9s de Air Charter , todo lo que est\u00e1 pagando es el vuelo. Cuando se suman todos estos costes , precio por hora de CA puede ser de la mitad a un tercio menos del precio por hora total de la empresa t\u00edpica fraccionada de aviones para una clase similar de aviones. Tambi\u00e9n debe tener en cuenta que los gastos de operaci\u00f3n mensuales cobradas por las compa\u00f1\u00edas fraccionales son generalmente mucho m\u00e1s altos que sus costos reales de mantenimiento y operaci\u00f3n de la aeronave. Adem\u00e1s, cuando la compa\u00f1\u00eda fraccionaria vende la aeronave al final del t\u00e9rmino de su contrato , usted s\u00f3lo recuperar una fracci\u00f3n de su inversi\u00f3n original. Con Air Charter no hay cargos ocultos. Se le cit\u00f3 el coste total del vuelo &#8211; y eso es todo lo que hay que hacer!<\/p>\n<p>El concepto de que los aviones de la compa\u00f1\u00eda fraccionaria son todos nuevos, por lo tanto, debe ser m\u00e1s seguro, es un mito. Toda nuestra red de aviones est\u00e1n rigurosamente mantenido de acuerdo a normas de la CAA, y cada uno est\u00e1 equipado con lo \u00faltimo en avi\u00f3nica, incluyendo GPS y TCAS para garantizar su seguridad.<\/p>\n<p>&nbsp;<\/p>\n<p>&nbsp;<\/p>\n<div class=\"fusion-builder-row fusion-builder-row-inner fusion-row fusion-flex-align-items-flex-start fusion-flex-content-wrap\" style=\"--awb-flex-grow:0;--awb-flex-grow-medium:0;--awb-flex-grow-small:0;--awb-flex-shrink:0;--awb-flex-shrink-medium:0;--awb-flex-shrink-small:0;width:104% !important;max-width:104% !important;margin-left: calc(-4% \/ 2 );margin-right: calc(-4% \/ 2 );\"><\/div><div class=\"fusion-layout-column fusion_builder_column_inner fusion-builder-nested-column-0 fusion_builder_column_inner_1_2 1_2 fusion-flex-column\" style=\"--awb-bg-size:cover;--awb-width-large:50%;--awb-margin-top-large:0px;--awb-spacing-right-large:3.84%;--awb-margin-bottom-large:20px;--awb-spacing-left-large:3.84%;--awb-width-medium:50%;--awb-spacing-right-medium:3.84%;--awb-spacing-left-medium:3.84%;--awb-width-small:100%;--awb-spacing-right-small:1.92%;--awb-spacing-left-small:1.92%;\"><div class=\"fusion-column-wrapper fusion-flex-justify-content-flex-start fusion-content-layout-column\"><\/div><\/div><\/div><\/div><div class=\"fusion-layout-column fusion_builder_column fusion-builder-column-1 fusion_builder_column_1_1 1_1 fusion-flex-column fusion-flex-align-self-flex-start fusion-column-no-min-height\" style=\"--awb-bg-size:cover;--awb-width-large:100%;--awb-margin-top-large:0px;--awb-spacing-right-large:1.92%;--awb-margin-bottom-large:0px;--awb-spacing-left-large:1.92%;--awb-width-medium:100%;--awb-spacing-right-medium:1.92%;--awb-spacing-left-medium:1.92%;--awb-width-small:100%;--awb-spacing-right-small:1.92%;--awb-spacing-left-small:1.92%;\"><div class=\"fusion-column-wrapper fusion-flex-justify-content-flex-start fusion-content-layout-column\"><div class=\"fusion-reading-box-container reading-box-container-1\" style=\"--awb-title-color:var(--awb-color8);--awb-margin-top:0px;--awb-margin-bottom:20px;\"><div class=\"reading-box\" style=\"background-color:#f6f6f6;border-width:4px;border-color:#f6f6f6;border-left-width:4px;border-left-color:var(--primary_color);border-style:solid;\"><div class=\"fusion-reading-box-flex\"><h2>Aviaci\u00f3n Internacional Noticias - Muchos sorprendido como los valores de propiedad fraccional caen<\/h2><\/div><\/div><svg style=\"opacity:0.1-1;\" xmlns=\"http:\/\/www.w3.org\/2000\/svg\" version=\"1.1\" width=\"100%\" viewBox=\"0 0 600 28\" preserveAspectRatio=\"none\"><g clip-path=\"url(#a)\"><mask id=\"b\" style=\"mask-type:luminance\" maskUnits=\"userSpaceOnUse\" x=\"0\" y=\"0\" width=\"600\" height=\"28\"><path d=\"M0 0h600v28H0V0Z\" fill=\"#fff\"\/><\/mask><g filter=\"url(#c)\" mask=\"url(#b)\"><path d=\"M16.439-18.667h567.123v30.8S438.961-8.4 300-8.4C161.04-8.4 16.438 12.133 16.438 12.133v-30.8Z\" fill=\"#000\"\/><\/g><\/g><defs><clipPath id=\"a\"><path fill=\"#fff\" d=\"M0 0h600v28H0z\"\/><\/clipPath><filter id=\"c\" x=\"5.438\" y=\"-29.667\" width=\"589.123\" height=\"52.8\" filterUnits=\"userSpaceOnUse\" color-interpolation-filters=\"sRGB\"><feFlood flood-opacity=\"0\" result=\"BackgroundImageFix\"\/><feBlend in=\"SourceGraphic\" in2=\"BackgroundImageFix\" result=\"shape\"\/><feGaussianBlur stdDeviation=\"5.5\" result=\"effect1_foregroundBlur_3983_183\"\/><\/filter><\/defs><\/svg><\/div>[\/fusion_builder_column_inner]\n<\/div><\/div><div class=\"fusion-layout-column fusion_builder_column fusion-builder-column-2 fusion_builder_column_1_2 1_2 fusion-flex-column\" style=\"--awb-bg-size:cover;--awb-width-large:50%;--awb-margin-top-large:0px;--awb-spacing-right-large:3.84%;--awb-margin-bottom-large:20px;--awb-spacing-left-large:3.84%;--awb-width-medium:50%;--awb-spacing-right-medium:3.84%;--awb-spacing-left-medium:3.84%;--awb-width-small:100%;--awb-spacing-right-small:1.92%;--awb-spacing-left-small:1.92%;\"><div class=\"fusion-column-wrapper fusion-flex-justify-content-flex-start fusion-content-layout-column\"><div class=\"fusion-image-element \" style=\"--awb-caption-title-font-family:var(--h2_typography-font-family);--awb-caption-title-font-weight:var(--h2_typography-font-weight);--awb-caption-title-font-style:var(--h2_typography-font-style);--awb-caption-title-size:var(--h2_typography-font-size);--awb-caption-title-transform:var(--h2_typography-text-transform);--awb-caption-title-line-height:var(--h2_typography-line-height);--awb-caption-title-letter-spacing:var(--h2_typography-letter-spacing);\"><span class=\" fusion-imageframe imageframe-border,glow,dropshadow,bottomshadow imageframe-1 hover-type-none\" style=\"border:4px solid #f6f6f6;\"><img decoding=\"async\" width=\"489\" height=\"286\" alt=\"fractional ownership\" title=\"GS 150\" src=\"https:\/\/www.aircharter.com\/wp-content\/uploads\/2013\/06\/GS-150.jpg\" class=\"img-responsive wp-image-33286\" srcset=\"https:\/\/www.aircharter.com\/wp-content\/uploads\/2013\/06\/GS-150-300x175.jpg 300w, https:\/\/www.aircharter.com\/wp-content\/uploads\/2013\/06\/GS-150.jpg 489w\" sizes=\"(max-width: 489px) 100vw, 489px\" \/><\/span><\/div><\/div><\/div>\n<p>Es simplista creer que la propiedad fraccional es equivalente a ser due\u00f1o de su propio avi\u00f3n. Ser\u00eda similar a poseer un apartamento de tiempo compartido y creer usted es due\u00f1o de todo el complejo. La verdad es que, si bien t\u00e9cnicamente es due\u00f1o de una participaci\u00f3n en una determinada aeronave, en efecto, tiene un contrato con la compa\u00f1\u00eda fraccionaria que permite utilizar cualquier avi\u00f3n equivalente en la flota de la compa\u00f1\u00eda por un n\u00famero determinado de horas al a\u00f1o. Rara vez, si alguna vez, volar en el avi\u00f3n que parte de su propiedad. Y, a diferencia de un avi\u00f3n de su propiedad, usted tiene nada que decir sobre qui\u00e9n utiliza \u00absu\u00bb avi\u00f3n y la frecuencia con la que vuela o qu\u00e9 tan lejos va. Todas esas decisiones est\u00e1n en manos de la compa\u00f1\u00eda fraccionaria gesti\u00f3n del programa. Charter privado es claramente la opci\u00f3n m\u00e1s econ\u00f3mica y conveniente.<\/p>\n<p>Hay muchos planes para la venta de bloques de tiempo de viaje a\u00e9reo, y m\u00e1s se inventan todos los d\u00edas. Pero rara vez hay alguna ventaja sobre un charter privado ad hoc. El problema con esquemas como miembro del bloque de la carta es que, al igual que la propiedad fraccional, requieren la posible empresa a pagar una gran cantidad de dinero por adelantado. El ahorro que se realice mediante la utilizaci\u00f3n de un charter privado tradicional, como y cuando lo necesite, es importante &#8211; y sin ning\u00fan compromiso en absoluto.<\/p>\n<h2>Air Charter ha examinado las diversas opciones disponibles y los resultados independientes se enumeran a continuaci\u00f3n:<\/h2>\n<div>\n<table width=\"100%\">\n<thead>\n<tr>\n<th><\/th>\n<th>Ad Hoc <strong>Charter<\/strong><\/th>\n<th>Bloque de Horas<\/th>\n<th>Propiedad Fraccional<\/th>\n<\/tr>\n<\/thead>\n<tbody>\n<tr>\n<td><strong>Per\u00edodo de Compromiso<\/strong><\/td>\n<td>Viaje en base a viaje<\/td>\n<td>Generalmente ofrecen como 25 hr Block to utilizarse de durante la ONU periodo DE 12 meses (periodo de aviso de 3 meses)<\/td>\n<td>2 a\u00f1os m\u00ednimo<\/td>\n<\/tr>\n<tr>\n<td><strong>Desembolso Econ\u00f3mico<\/strong><\/td>\n<td>Coste de viaje individual<\/td>\n<td>Todo el bloque a ser pagado por adelantado<\/td>\n<td>Minimum US$ 375,000 Capital Investment or long-term lease arrangement<\/td>\n<\/tr>\n<tr>\n<td><strong>Precios<\/strong><\/td>\n<td>Precio fijo para cada charter<\/td>\n<td>Precio fijo pero sujetos a cargos adicionales en algunos aeropuertos europeos.<\/td>\n<td>Precio fijo pero sujetos a cargos adicionales en algunos aeropuertos europeos.<\/td>\n<\/tr>\n<tr>\n<td><strong>Puntos de Precios<\/strong><\/td>\n<td>Todo incluido<\/td>\n<td>Alto cargo por hora por las horas voladas (para cubrir trayectos en vac\u00edo)<\/td>\n<td>Suma de capital o renta mensual comisi\u00f3n de gesti\u00f3n figure.Mensualmente. Cargo por hora por las horas voladas<\/td>\n<\/tr>\n<tr>\n<td><strong>Tipo de Aeronave<\/strong><\/td>\n<td>Elija cualquier aeronave para adaptarse a cada individuo charter<\/td>\n<td>Limitado a las aeronaves en programCommit a un tipo \/ tama\u00f1o de los aviones (con la opci\u00f3n de cambiar sujeto a ajustes financieros)<\/td>\n<td>Limitado a las aeronaves en programCommit a un tipo \/ tama\u00f1o de los aviones (con la opci\u00f3n de cambiar sujeto a ajustes financieros)<\/td>\n<\/tr>\n<\/tbody>\n<tbody>\n<tr>\n<td><strong>M\u00ednimo de Preaviso Para Reservas<\/strong><\/td>\n<td>Potencialmente disponibles dentro de las 2 horas de aviso<\/td>\n<td>M\u00ednimo 10hrs notice.48 horas a precio o recargos de 5 a 10% contra\u00edda solicitar m\u00e1s corto plazo de preaviso<\/td>\n<td>6-10 horas, dependiendo de la cuota comprados<\/td>\n<\/tr>\n<tr>\n<td><strong>Familiaridad<\/strong><\/td>\n<td>Puede garantizar misma aeronave y la tripulaci\u00f3n en caso de disponibilidad<\/td>\n<td>No hay garant\u00eda de la misma aeronave o la tripulaci\u00f3n<\/td>\n<td>No hay garant\u00eda de la misma aeronave o la tripulaci\u00f3n<\/td>\n<\/tr>\n<\/tbody>\n<\/table>\n<\/div>\n<\/div><\/div>\n","protected":false},"excerpt":{"rendered":"<p>Propiedad fraccional vs Charter de jets privados Hay muchos tipos de propiedad fraccional de aeronaves \u00abTiempo compartido\u00bb y de bloques horas esquemas disponibles, pero en realidad hay pocos, si los hay, ventajas de la propiedad fraccional sobre un charter privado. Si bien puede parecer que la propiedad, incluso la propiedad parcial de un avi\u00f3n privado ofrece una comodidad sin igual, la realidad es muy diferente. Tanto si se trata de una reserva de \u00faltima hora, la programaci\u00f3n de un itinerario intrincado, o asegur\u00e1ndose de que se atienden las necesidades espec\u00edficas de, un charter privado en general, puede igualar o mejorar los servicios ofrecidos por un corredor de propiedad fraccionada. Por ejemplo, mientras que muchas compa\u00f1\u00edas fraccionarias ofrecen una reserva 8 horas del despegue garant\u00eda, Air Charter normalmente puede proporcionar una aeronave dentro de 2,5 horas. Con m\u00e1s de 55.000 aviones de turismo en nuestra red en todo el mundo, usted tiene opci\u00f3n sin igual.<\/p>\n","protected":false},"author":12,"featured_media":0,"parent":0,"menu_order":0,"comment_status":"closed","ping_status":"closed","template":"","meta":{"footnotes":""},"class_list":["post-25700","page","type-page","status-publish","hentry"],"yoast_head":"<!-- This site is optimized with the Yoast SEO plugin v27.4 - https:\/\/yoast.com\/product\/yoast-seo-wordpress\/ -->\n<title>Propiedad Fraccional - Aircharter<\/title>\n<meta name=\"robots\" content=\"index, follow, max-snippet:-1, max-image-preview:large, max-video-preview:-1\" \/>\n<link rel=\"canonical\" href=\"https:\/\/www.aircharter.com\/propiedad-fraccional\/\" \/>\n<meta property=\"og:locale\" content=\"es_ES\" \/>\n<meta property=\"og:type\" content=\"article\" \/>\n<meta property=\"og:title\" content=\"Propiedad Fraccional - Aircharter\" \/>\n<meta property=\"og:description\" content=\"Propiedad fraccional vs Charter de jets privados Hay muchos tipos de propiedad fraccional de aeronaves \u00abTiempo compartido\u00bb y de bloques horas esquemas disponibles, pero en realidad hay pocos, si los hay, ventajas de la propiedad fraccional sobre un charter privado. Si bien puede parecer que la propiedad, incluso la propiedad parcial de un avi\u00f3n privado ofrece una comodidad sin igual, la realidad es muy diferente. Tanto si se trata de una reserva de \u00faltima hora, la programaci\u00f3n de un itinerario intrincado, o asegur\u00e1ndose de que se atienden las necesidades espec\u00edficas de, un charter privado en general, puede igualar o mejorar los servicios ofrecidos por un corredor de propiedad fraccionada. Por ejemplo, mientras que muchas compa\u00f1\u00edas fraccionarias ofrecen una reserva 8 horas del despegue garant\u00eda, Air Charter normalmente puede proporcionar una aeronave dentro de 2,5 horas. Con m\u00e1s de 55.000 aviones de turismo en nuestra red en todo el mundo, usted tiene opci\u00f3n sin igual.\" \/>\n<meta property=\"og:url\" content=\"https:\/\/www.aircharter.com\/propiedad-fraccional\/\" \/>\n<meta property=\"og:site_name\" content=\"Aircharter\" \/>\n<meta property=\"article:modified_time\" content=\"2022-12-11T22:52:51+00:00\" \/>\n<meta property=\"og:image\" content=\"https:\/\/www.aircharter.com\/wp-content\/uploads\/2013\/06\/GS-150.jpg\" \/>\n<meta name=\"twitter:card\" content=\"summary_large_image\" \/>\n<meta name=\"twitter:label1\" content=\"Tiempo de lectura\" \/>\n\t<meta name=\"twitter:data1\" content=\"6 minutos\" \/>\n<script type=\"application\/ld+json\" class=\"yoast-schema-graph\">{\"@context\":\"https:\\\/\\\/schema.org\",\"@graph\":[{\"@type\":\"WebPage\",\"@id\":\"https:\\\/\\\/www.aircharter.com\\\/propiedad-fraccional\\\/\",\"url\":\"https:\\\/\\\/www.aircharter.com\\\/propiedad-fraccional\\\/\",\"name\":\"Propiedad Fraccional - Aircharter\",\"isPartOf\":{\"@id\":\"https:\\\/\\\/www.aircharter.com\\\/de\\\/#website\"},\"primaryImageOfPage\":{\"@id\":\"https:\\\/\\\/www.aircharter.com\\\/propiedad-fraccional\\\/#primaryimage\"},\"image\":{\"@id\":\"https:\\\/\\\/www.aircharter.com\\\/propiedad-fraccional\\\/#primaryimage\"},\"thumbnailUrl\":\"https:\\\/\\\/www.aircharter.com\\\/wp-content\\\/uploads\\\/2013\\\/06\\\/GS-150.jpg\",\"datePublished\":\"2014-03-05T17:36:27+00:00\",\"dateModified\":\"2022-12-11T22:52:51+00:00\",\"breadcrumb\":{\"@id\":\"https:\\\/\\\/www.aircharter.com\\\/propiedad-fraccional\\\/#breadcrumb\"},\"inLanguage\":\"es\",\"potentialAction\":[{\"@type\":\"ReadAction\",\"target\":[\"https:\\\/\\\/www.aircharter.com\\\/propiedad-fraccional\\\/\"]}]},{\"@type\":\"ImageObject\",\"inLanguage\":\"es\",\"@id\":\"https:\\\/\\\/www.aircharter.com\\\/propiedad-fraccional\\\/#primaryimage\",\"url\":\"https:\\\/\\\/www.aircharter.com\\\/wp-content\\\/uploads\\\/2013\\\/06\\\/GS-150.jpg\",\"contentUrl\":\"https:\\\/\\\/www.aircharter.com\\\/wp-content\\\/uploads\\\/2013\\\/06\\\/GS-150.jpg\"},{\"@type\":\"BreadcrumbList\",\"@id\":\"https:\\\/\\\/www.aircharter.com\\\/propiedad-fraccional\\\/#breadcrumb\",\"itemListElement\":[{\"@type\":\"ListItem\",\"position\":1,\"name\":\"Home\",\"item\":\"https:\\\/\\\/www.aircharter.com\\\/\"},{\"@type\":\"ListItem\",\"position\":2,\"name\":\"Propiedad Fraccional\"}]},{\"@type\":\"WebSite\",\"@id\":\"https:\\\/\\\/www.aircharter.com\\\/de\\\/#website\",\"url\":\"https:\\\/\\\/www.aircharter.com\\\/de\\\/\",\"name\":\"Aircharter\",\"description\":\"Air Charter | Private Jet Charter &amp; Rental | Fly Smarter | Hire a Business Jet\",\"publisher\":{\"@id\":\"https:\\\/\\\/www.aircharter.com\\\/de\\\/#organization\"},\"potentialAction\":[{\"@type\":\"SearchAction\",\"target\":{\"@type\":\"EntryPoint\",\"urlTemplate\":\"https:\\\/\\\/www.aircharter.com\\\/de\\\/?s={search_term_string}\"},\"query-input\":{\"@type\":\"PropertyValueSpecification\",\"valueRequired\":true,\"valueName\":\"search_term_string\"}}],\"inLanguage\":\"es\"},{\"@type\":\"Organization\",\"@id\":\"https:\\\/\\\/www.aircharter.com\\\/de\\\/#organization\",\"name\":\"Aircharter.com LLC\",\"url\":\"https:\\\/\\\/www.aircharter.com\\\/de\\\/\",\"logo\":{\"@type\":\"ImageObject\",\"inLanguage\":\"es\",\"@id\":\"https:\\\/\\\/www.aircharter.com\\\/de\\\/#\\\/schema\\\/logo\\\/image\\\/\",\"url\":\"https:\\\/\\\/www.aircharter.com\\\/wp-content\\\/uploads\\\/2022\\\/12\\\/Aircharter_logo_114X1141-11.png\",\"contentUrl\":\"https:\\\/\\\/www.aircharter.com\\\/wp-content\\\/uploads\\\/2022\\\/12\\\/Aircharter_logo_114X1141-11.png\",\"width\":114,\"height\":114,\"caption\":\"Aircharter.com LLC\"},\"image\":{\"@id\":\"https:\\\/\\\/www.aircharter.com\\\/de\\\/#\\\/schema\\\/logo\\\/image\\\/\"}}]}<\/script>\n<!-- \/ Yoast SEO plugin. -->","yoast_head_json":{"title":"Propiedad Fraccional - Aircharter","robots":{"index":"index","follow":"follow","max-snippet":"max-snippet:-1","max-image-preview":"max-image-preview:large","max-video-preview":"max-video-preview:-1"},"canonical":"https:\/\/www.aircharter.com\/propiedad-fraccional\/","og_locale":"es_ES","og_type":"article","og_title":"Propiedad Fraccional - Aircharter","og_description":"Propiedad fraccional vs Charter de jets privados Hay muchos tipos de propiedad fraccional de aeronaves \u00abTiempo compartido\u00bb y de bloques horas esquemas disponibles, pero en realidad hay pocos, si los hay, ventajas de la propiedad fraccional sobre un charter privado. Si bien puede parecer que la propiedad, incluso la propiedad parcial de un avi\u00f3n privado ofrece una comodidad sin igual, la realidad es muy diferente. Tanto si se trata de una reserva de \u00faltima hora, la programaci\u00f3n de un itinerario intrincado, o asegur\u00e1ndose de que se atienden las necesidades espec\u00edficas de, un charter privado en general, puede igualar o mejorar los servicios ofrecidos por un corredor de propiedad fraccionada. Por ejemplo, mientras que muchas compa\u00f1\u00edas fraccionarias ofrecen una reserva 8 horas del despegue garant\u00eda, Air Charter normalmente puede proporcionar una aeronave dentro de 2,5 horas. Con m\u00e1s de 55.000 aviones de turismo en nuestra red en todo el mundo, usted tiene opci\u00f3n sin igual.","og_url":"https:\/\/www.aircharter.com\/propiedad-fraccional\/","og_site_name":"Aircharter","article_modified_time":"2022-12-11T22:52:51+00:00","og_image":[{"url":"https:\/\/www.aircharter.com\/wp-content\/uploads\/2013\/06\/GS-150.jpg","type":"","width":"","height":""}],"twitter_card":"summary_large_image","twitter_misc":{"Tiempo de lectura":"6 minutos"},"schema":{"@context":"https:\/\/schema.org","@graph":[{"@type":"WebPage","@id":"https:\/\/www.aircharter.com\/propiedad-fraccional\/","url":"https:\/\/www.aircharter.com\/propiedad-fraccional\/","name":"Propiedad Fraccional - Aircharter","isPartOf":{"@id":"https:\/\/www.aircharter.com\/de\/#website"},"primaryImageOfPage":{"@id":"https:\/\/www.aircharter.com\/propiedad-fraccional\/#primaryimage"},"image":{"@id":"https:\/\/www.aircharter.com\/propiedad-fraccional\/#primaryimage"},"thumbnailUrl":"https:\/\/www.aircharter.com\/wp-content\/uploads\/2013\/06\/GS-150.jpg","datePublished":"2014-03-05T17:36:27+00:00","dateModified":"2022-12-11T22:52:51+00:00","breadcrumb":{"@id":"https:\/\/www.aircharter.com\/propiedad-fraccional\/#breadcrumb"},"inLanguage":"es","potentialAction":[{"@type":"ReadAction","target":["https:\/\/www.aircharter.com\/propiedad-fraccional\/"]}]},{"@type":"ImageObject","inLanguage":"es","@id":"https:\/\/www.aircharter.com\/propiedad-fraccional\/#primaryimage","url":"https:\/\/www.aircharter.com\/wp-content\/uploads\/2013\/06\/GS-150.jpg","contentUrl":"https:\/\/www.aircharter.com\/wp-content\/uploads\/2013\/06\/GS-150.jpg"},{"@type":"BreadcrumbList","@id":"https:\/\/www.aircharter.com\/propiedad-fraccional\/#breadcrumb","itemListElement":[{"@type":"ListItem","position":1,"name":"Home","item":"https:\/\/www.aircharter.com\/"},{"@type":"ListItem","position":2,"name":"Propiedad Fraccional"}]},{"@type":"WebSite","@id":"https:\/\/www.aircharter.com\/de\/#website","url":"https:\/\/www.aircharter.com\/de\/","name":"Aircharter","description":"Air Charter | Private Jet Charter &amp; Rental | Fly Smarter | Hire a Business Jet","publisher":{"@id":"https:\/\/www.aircharter.com\/de\/#organization"},"potentialAction":[{"@type":"SearchAction","target":{"@type":"EntryPoint","urlTemplate":"https:\/\/www.aircharter.com\/de\/?s={search_term_string}"},"query-input":{"@type":"PropertyValueSpecification","valueRequired":true,"valueName":"search_term_string"}}],"inLanguage":"es"},{"@type":"Organization","@id":"https:\/\/www.aircharter.com\/de\/#organization","name":"Aircharter.com LLC","url":"https:\/\/www.aircharter.com\/de\/","logo":{"@type":"ImageObject","inLanguage":"es","@id":"https:\/\/www.aircharter.com\/de\/#\/schema\/logo\/image\/","url":"https:\/\/www.aircharter.com\/wp-content\/uploads\/2022\/12\/Aircharter_logo_114X1141-11.png","contentUrl":"https:\/\/www.aircharter.com\/wp-content\/uploads\/2022\/12\/Aircharter_logo_114X1141-11.png","width":114,"height":114,"caption":"Aircharter.com LLC"},"image":{"@id":"https:\/\/www.aircharter.com\/de\/#\/schema\/logo\/image\/"}}]}},"_links":{"self":[{"href":"https:\/\/www.aircharter.com\/es\/wp-json\/wp\/v2\/pages\/25700","targetHints":{"allow":["GET"]}}],"collection":[{"href":"https:\/\/www.aircharter.com\/es\/wp-json\/wp\/v2\/pages"}],"about":[{"href":"https:\/\/www.aircharter.com\/es\/wp-json\/wp\/v2\/types\/page"}],"author":[{"embeddable":true,"href":"https:\/\/www.aircharter.com\/es\/wp-json\/wp\/v2\/users\/12"}],"replies":[{"embeddable":true,"href":"https:\/\/www.aircharter.com\/es\/wp-json\/wp\/v2\/comments?post=25700"}],"version-history":[{"count":4,"href":"https:\/\/www.aircharter.com\/es\/wp-json\/wp\/v2\/pages\/25700\/revisions"}],"predecessor-version":[{"id":37307,"href":"https:\/\/www.aircharter.com\/es\/wp-json\/wp\/v2\/pages\/25700\/revisions\/37307"}],"wp:attachment":[{"href":"https:\/\/www.aircharter.com\/es\/wp-json\/wp\/v2\/media?parent=25700"}],"curies":[{"name":"wp","href":"https:\/\/api.w.org\/{rel}","templated":true}]}}