{"id":25709,"date":"2014-03-05T15:04:48","date_gmt":"2014-03-05T20:04:48","guid":{"rendered":"https:\/\/www.aircharter.com\/?page_id=25709"},"modified":"2022-12-11T17:52:51","modified_gmt":"2022-12-11T22:52:51","slug":"commercial-air-charter","status":"publish","type":"page","link":"https:\/\/www.aircharter.com\/es\/commercial-air-charter\/","title":{"rendered":"Jet Comercial"},"content":{"rendered":"<p><strong><a href=\"https:\/\/www.aircharter.com\/wp-content\/uploads\/2013\/11\/commercial-air-charter.jpg\"><img decoding=\"async\" src=\"https:\/\/www.aircharter.com\/wp-content\/uploads\/2013\/11\/commercial-air-charter.jpg\" alt=\"commercial-air-charter\" width=\"255\" height=\"184\" \/><\/a><\/strong><\/p>\n<h1>Jet Comercial<\/h1>\n<p>Nuestro equipo de flete a\u00e9reo comercial con experiencia trabaja en estrecha colaboraci\u00f3n con usted para encontrar el avi\u00f3n grande apropiado para su grupo de flete a\u00e9reo comercial. Ya sea que usted necesita para volar 50 pasajeros o cientos , Aircharter evaluar\u00e1 el tama\u00f1o y el presupuesto de su grupo para ayudarle en la selecci\u00f3n de aviones ch\u00e1rter a\u00e9reo comercial m\u00e1s adecuado.<\/p>\n<p>Air Charter Service cuenta con m\u00e1s de dos d\u00e9cadas &#8211; y enorme experiencia &#8211; en la entrega de servicios de flete a\u00e9reo a medida para clientes en todo el mundo . Como parte de la operaci\u00f3n global de 24 horas de Air Charter Service , Aircharter comerciales Jets est\u00e1 listo para planificar, organizar y gestionar la carta del jet para su grupo, donde quiera , cuando quiera y viajar .<\/p>\n<h1>Charter &#8211; especialistas en alquiler de jet comercial<\/h1>\n<p>Aircharter tiene m\u00e1s de 17 a\u00f1os de experiencia &#8211; y la gran experiencia &#8211; en la entrega de servicios de flete a\u00e9reo a medida para clientes en todo el mundo . Como parte de la operaci\u00f3n global de 24 horas de Air Charter , AirCharter.com comerciales Jets est\u00e1 listo para planificar, organizar y gestionar la carta del jet para su grupo, donde quiera , cuando quiera y viajar .<\/p>\n<p>&nbsp;<\/p>\n<h1>\u00bfPor que Aire Charter.com LLC?<\/h1>\n<div id=\"col_1\">\n<div id=\"col_1_inner\">\n<p>Air Charter cuenta con m\u00e1s de 17 a\u00f1os de experiencia en el suministro de soluciones aut\u00f3nomas y emplea a los mejores expertos ch\u00e1rter. AirCharter.com organiza m\u00e1s de 9.000 contratos de alquiler completo por a\u00f1o para la participaci\u00f3n de m\u00faltiples sectores y tiene unos ingresos anuales de m\u00e1s de $ 600 millones.<\/p>\n<h2><strong>\u00bfPor qu\u00e9 elegir Aire Charter.com LLC?<\/strong><\/h2>\n<ul>\n<li><strong>Gerente de cuenta personal<\/strong>-tan pronto como recibamos su solicitud, le asignar\u00e1 su propio experto de charter. Estar\u00e1n disponibles desde el momento de reservar su vuelo al momento de aterrizar.<br \/>\nSoporte de vuelos &#8211; este equipo se asegura de que todas sus necesidades se cumplan a lo largo de toda la experiencia de charter.<\/li>\n<li><strong>Soporte de vuelos\u00a0<\/strong>\u00a0-puede estar disponible a bajo costo y que usted y sus clientes a proteger en caso de quiebra de las compa\u00f1\u00edas a\u00e9reas .<\/li>\n<li><strong>Aircharter Protecci\u00f3n de Pagos<\/strong>\u00a0&#8211;\u00a0puede estar disponible a bajo costo y que usted y sus clientes a proteger en caso de quiebra de las compa\u00f1\u00edas a\u00e9reas .<\/li>\n<li><strong>El poder de compra<\/strong>&#8211;\u00a0en los \u00faltimos a\u00f1os , AirCharter.com ha construido muchas relaciones fuertes con las compa\u00f1\u00edas a\u00e9reas . Nuestro tama\u00f1o y reputaci\u00f3n nos permiten negociar mejores precios que luego pueden ser transmitidas como ahorros a nuestros clientes<\/li>\n<li><strong>Representaci\u00f3n de vuelo de cortes\u00eda\u00a0<\/strong>&#8211;\u00a0\u00a0si lo desea podemos enviarle un miembro del personal para acompa\u00f1ar a su grupo en el vuelo para asegurarse de que todo funcione correctamente y para ofrecerle mayor tranquilidad .<\/li>\n<li><strong>Branding a precio de coste\u00a0\u00a0<\/strong>\u2013\u00a0desde los uniformes de la tripulaci\u00f3n de cabina a los escritorios y reposacabezas de check-in , podemos ofrecer m\u00faltiples soluciones de marca para usted.<\/li>\n<li><strong>Presencia global\u00a0<\/strong>-utilizando nuestra red establecida de oficinas internacionales , podemos ofrecer la experiencia local y nuestras oficinas trabajar\u00e1n juntos para garantizar el mejor servicio posible .<\/li>\n<li><strong>P\u00f3ngase en contacto\u00a024\/7<\/strong>&#8211; nuestro profesionales\u00a0charter est\u00e1n disponibles las 24 horas 7 d\u00edas a la semana .<\/li>\n<\/ul>\n<\/div>\n<\/div>\n","protected":false},"excerpt":{"rendered":"<p>Jet Comercial Nuestro equipo de flete a\u00e9reo comercial con experiencia trabaja en estrecha colaboraci\u00f3n con usted para encontrar el avi\u00f3n grande apropiado para su grupo de flete a\u00e9reo comercial. Ya sea que usted necesita para volar 50 pasajeros o cientos , Aircharter evaluar\u00e1 el tama\u00f1o y el presupuesto de su grupo para ayudarle en la selecci\u00f3n de aviones ch\u00e1rter a\u00e9reo comercial m\u00e1s adecuado. Air Charter Service cuenta con m\u00e1s de dos d\u00e9cadas &#8211; y enorme experiencia &#8211; en la entrega de servicios de flete a\u00e9reo a medida para clientes en todo el mundo . Como parte de la operaci\u00f3n global de 24 horas de Air Charter Service , Aircharter comerciales Jets est\u00e1 listo para planificar, organizar y gestionar la carta del jet para su grupo, donde quiera , cuando quiera y viajar . Charter &#8211; especialistas en alquiler de jet comercial Aircharter tiene m\u00e1s de 17 a\u00f1os de experiencia &#8211; y la gran experiencia &#8211; en la entrega de servicios de flete a\u00e9reo a medida para clientes en todo el mundo . Como parte de la operaci\u00f3n global de 24 horas de Air Charter , AirCharter.com comerciales Jets est\u00e1 listo para planificar, organizar y gestionar la carta del jet para su grupo, donde quiera , cuando quiera y viajar . &nbsp; \u00bfPor que Aire Charter.com LLC? Air Charter cuenta con m\u00e1s de 17 a\u00f1os de experiencia en el suministro de soluciones aut\u00f3nomas y emplea a los mejores expertos ch\u00e1rter. AirCharter.com organiza m\u00e1s de 9.000 contratos de alquiler completo por a\u00f1o para la participaci\u00f3n de m\u00faltiples sectores y tiene unos ingresos anuales de m\u00e1s de $ 600 millones. \u00bfPor qu\u00e9 elegir Aire Charter.com LLC? Gerente de cuenta personal-tan pronto como recibamos su solicitud, le asignar\u00e1 su<\/p>\n","protected":false},"author":12,"featured_media":0,"parent":0,"menu_order":0,"comment_status":"closed","ping_status":"closed","template":"full-width.php","meta":{"footnotes":""},"class_list":["post-25709","page","type-page","status-publish","hentry"],"yoast_head":"<!-- This site is optimized with the Yoast SEO plugin v27.4 - https:\/\/yoast.com\/product\/yoast-seo-wordpress\/ -->\n<title>Jet Comercial - Aircharter<\/title>\n<meta name=\"robots\" content=\"index, follow, max-snippet:-1, max-image-preview:large, max-video-preview:-1\" \/>\n<link rel=\"canonical\" href=\"https:\/\/www.aircharter.com\/commercial-air-charter\/\" \/>\n<meta property=\"og:locale\" content=\"es_ES\" \/>\n<meta property=\"og:type\" content=\"article\" \/>\n<meta property=\"og:title\" content=\"Jet Comercial - Aircharter\" \/>\n<meta property=\"og:description\" content=\"Jet Comercial Nuestro equipo de flete a\u00e9reo comercial con experiencia trabaja en estrecha colaboraci\u00f3n con usted para encontrar el avi\u00f3n grande apropiado para su grupo de flete a\u00e9reo comercial. Ya sea que usted necesita para volar 50 pasajeros o cientos , Aircharter evaluar\u00e1 el tama\u00f1o y el presupuesto de su grupo para ayudarle en la selecci\u00f3n de aviones ch\u00e1rter a\u00e9reo comercial m\u00e1s adecuado. Air Charter Service cuenta con m\u00e1s de dos d\u00e9cadas &#8211; y enorme experiencia &#8211; en la entrega de servicios de flete a\u00e9reo a medida para clientes en todo el mundo . Como parte de la operaci\u00f3n global de 24 horas de Air Charter Service , Aircharter comerciales Jets est\u00e1 listo para planificar, organizar y gestionar la carta del jet para su grupo, donde quiera , cuando quiera y viajar . Charter &#8211; especialistas en alquiler de jet comercial Aircharter tiene m\u00e1s de 17 a\u00f1os de experiencia &#8211; y la gran experiencia &#8211; en la entrega de servicios de flete a\u00e9reo a medida para clientes en todo el mundo . Como parte de la operaci\u00f3n global de 24 horas de Air Charter , AirCharter.com comerciales Jets est\u00e1 listo para planificar, organizar y gestionar la carta del jet para su grupo, donde quiera , cuando quiera y viajar . &nbsp; \u00bfPor que Aire Charter.com LLC? Air Charter cuenta con m\u00e1s de 17 a\u00f1os de experiencia en el suministro de soluciones aut\u00f3nomas y emplea a los mejores expertos ch\u00e1rter. AirCharter.com organiza m\u00e1s de 9.000 contratos de alquiler completo por a\u00f1o para la participaci\u00f3n de m\u00faltiples sectores y tiene unos ingresos anuales de m\u00e1s de $ 600 millones. \u00bfPor qu\u00e9 elegir Aire Charter.com LLC? Gerente de cuenta personal-tan pronto como recibamos su solicitud, le asignar\u00e1 su\" \/>\n<meta property=\"og:url\" content=\"https:\/\/www.aircharter.com\/commercial-air-charter\/\" \/>\n<meta property=\"og:site_name\" content=\"Aircharter\" \/>\n<meta property=\"article:modified_time\" content=\"2022-12-11T22:52:51+00:00\" \/>\n<meta property=\"og:image\" content=\"https:\/\/www.aircharter.com\/wp-content\/uploads\/2013\/11\/commercial-air-charter.jpg\" \/>\n<meta name=\"twitter:card\" content=\"summary_large_image\" \/>\n<meta name=\"twitter:label1\" content=\"Tiempo de lectura\" \/>\n\t<meta name=\"twitter:data1\" content=\"3 minutos\" \/>\n<script type=\"application\/ld+json\" class=\"yoast-schema-graph\">{\"@context\":\"https:\\\/\\\/schema.org\",\"@graph\":[{\"@type\":\"WebPage\",\"@id\":\"https:\\\/\\\/www.aircharter.com\\\/commercial-air-charter\\\/\",\"url\":\"https:\\\/\\\/www.aircharter.com\\\/commercial-air-charter\\\/\",\"name\":\"Jet Comercial - Aircharter\",\"isPartOf\":{\"@id\":\"https:\\\/\\\/www.aircharter.com\\\/de\\\/#website\"},\"primaryImageOfPage\":{\"@id\":\"https:\\\/\\\/www.aircharter.com\\\/commercial-air-charter\\\/#primaryimage\"},\"image\":{\"@id\":\"https:\\\/\\\/www.aircharter.com\\\/commercial-air-charter\\\/#primaryimage\"},\"thumbnailUrl\":\"https:\\\/\\\/www.aircharter.com\\\/wp-content\\\/uploads\\\/2013\\\/11\\\/commercial-air-charter.jpg\",\"datePublished\":\"2014-03-05T20:04:48+00:00\",\"dateModified\":\"2022-12-11T22:52:51+00:00\",\"breadcrumb\":{\"@id\":\"https:\\\/\\\/www.aircharter.com\\\/commercial-air-charter\\\/#breadcrumb\"},\"inLanguage\":\"es\",\"potentialAction\":[{\"@type\":\"ReadAction\",\"target\":[\"https:\\\/\\\/www.aircharter.com\\\/commercial-air-charter\\\/\"]}]},{\"@type\":\"ImageObject\",\"inLanguage\":\"es\",\"@id\":\"https:\\\/\\\/www.aircharter.com\\\/commercial-air-charter\\\/#primaryimage\",\"url\":\"https:\\\/\\\/www.aircharter.com\\\/wp-content\\\/uploads\\\/2013\\\/11\\\/commercial-air-charter.jpg\",\"contentUrl\":\"https:\\\/\\\/www.aircharter.com\\\/wp-content\\\/uploads\\\/2013\\\/11\\\/commercial-air-charter.jpg\"},{\"@type\":\"BreadcrumbList\",\"@id\":\"https:\\\/\\\/www.aircharter.com\\\/commercial-air-charter\\\/#breadcrumb\",\"itemListElement\":[{\"@type\":\"ListItem\",\"position\":1,\"name\":\"Home\",\"item\":\"https:\\\/\\\/www.aircharter.com\\\/\"},{\"@type\":\"ListItem\",\"position\":2,\"name\":\"Jet Comercial\"}]},{\"@type\":\"WebSite\",\"@id\":\"https:\\\/\\\/www.aircharter.com\\\/de\\\/#website\",\"url\":\"https:\\\/\\\/www.aircharter.com\\\/de\\\/\",\"name\":\"Aircharter\",\"description\":\"Air Charter | Private Jet Charter &amp; Rental | Fly Smarter | Hire a Business Jet\",\"publisher\":{\"@id\":\"https:\\\/\\\/www.aircharter.com\\\/de\\\/#organization\"},\"potentialAction\":[{\"@type\":\"SearchAction\",\"target\":{\"@type\":\"EntryPoint\",\"urlTemplate\":\"https:\\\/\\\/www.aircharter.com\\\/de\\\/?s={search_term_string}\"},\"query-input\":{\"@type\":\"PropertyValueSpecification\",\"valueRequired\":true,\"valueName\":\"search_term_string\"}}],\"inLanguage\":\"es\"},{\"@type\":\"Organization\",\"@id\":\"https:\\\/\\\/www.aircharter.com\\\/de\\\/#organization\",\"name\":\"Aircharter.com LLC\",\"url\":\"https:\\\/\\\/www.aircharter.com\\\/de\\\/\",\"logo\":{\"@type\":\"ImageObject\",\"inLanguage\":\"es\",\"@id\":\"https:\\\/\\\/www.aircharter.com\\\/de\\\/#\\\/schema\\\/logo\\\/image\\\/\",\"url\":\"https:\\\/\\\/www.aircharter.com\\\/wp-content\\\/uploads\\\/2022\\\/12\\\/Aircharter_logo_114X1141-11.png\",\"contentUrl\":\"https:\\\/\\\/www.aircharter.com\\\/wp-content\\\/uploads\\\/2022\\\/12\\\/Aircharter_logo_114X1141-11.png\",\"width\":114,\"height\":114,\"caption\":\"Aircharter.com LLC\"},\"image\":{\"@id\":\"https:\\\/\\\/www.aircharter.com\\\/de\\\/#\\\/schema\\\/logo\\\/image\\\/\"}}]}<\/script>\n<!-- \/ Yoast SEO plugin. -->","yoast_head_json":{"title":"Jet Comercial - Aircharter","robots":{"index":"index","follow":"follow","max-snippet":"max-snippet:-1","max-image-preview":"max-image-preview:large","max-video-preview":"max-video-preview:-1"},"canonical":"https:\/\/www.aircharter.com\/commercial-air-charter\/","og_locale":"es_ES","og_type":"article","og_title":"Jet Comercial - Aircharter","og_description":"Jet Comercial Nuestro equipo de flete a\u00e9reo comercial con experiencia trabaja en estrecha colaboraci\u00f3n con usted para encontrar el avi\u00f3n grande apropiado para su grupo de flete a\u00e9reo comercial. Ya sea que usted necesita para volar 50 pasajeros o cientos , Aircharter evaluar\u00e1 el tama\u00f1o y el presupuesto de su grupo para ayudarle en la selecci\u00f3n de aviones ch\u00e1rter a\u00e9reo comercial m\u00e1s adecuado. Air Charter Service cuenta con m\u00e1s de dos d\u00e9cadas &#8211; y enorme experiencia &#8211; en la entrega de servicios de flete a\u00e9reo a medida para clientes en todo el mundo . Como parte de la operaci\u00f3n global de 24 horas de Air Charter Service , Aircharter comerciales Jets est\u00e1 listo para planificar, organizar y gestionar la carta del jet para su grupo, donde quiera , cuando quiera y viajar . Charter &#8211; especialistas en alquiler de jet comercial Aircharter tiene m\u00e1s de 17 a\u00f1os de experiencia &#8211; y la gran experiencia &#8211; en la entrega de servicios de flete a\u00e9reo a medida para clientes en todo el mundo . Como parte de la operaci\u00f3n global de 24 horas de Air Charter , AirCharter.com comerciales Jets est\u00e1 listo para planificar, organizar y gestionar la carta del jet para su grupo, donde quiera , cuando quiera y viajar . &nbsp; \u00bfPor que Aire Charter.com LLC? Air Charter cuenta con m\u00e1s de 17 a\u00f1os de experiencia en el suministro de soluciones aut\u00f3nomas y emplea a los mejores expertos ch\u00e1rter. AirCharter.com organiza m\u00e1s de 9.000 contratos de alquiler completo por a\u00f1o para la participaci\u00f3n de m\u00faltiples sectores y tiene unos ingresos anuales de m\u00e1s de $ 600 millones. \u00bfPor qu\u00e9 elegir Aire Charter.com LLC? Gerente de cuenta personal-tan pronto como recibamos su solicitud, le asignar\u00e1 su","og_url":"https:\/\/www.aircharter.com\/commercial-air-charter\/","og_site_name":"Aircharter","article_modified_time":"2022-12-11T22:52:51+00:00","og_image":[{"url":"https:\/\/www.aircharter.com\/wp-content\/uploads\/2013\/11\/commercial-air-charter.jpg","type":"","width":"","height":""}],"twitter_card":"summary_large_image","twitter_misc":{"Tiempo de lectura":"3 minutos"},"schema":{"@context":"https:\/\/schema.org","@graph":[{"@type":"WebPage","@id":"https:\/\/www.aircharter.com\/commercial-air-charter\/","url":"https:\/\/www.aircharter.com\/commercial-air-charter\/","name":"Jet Comercial - Aircharter","isPartOf":{"@id":"https:\/\/www.aircharter.com\/de\/#website"},"primaryImageOfPage":{"@id":"https:\/\/www.aircharter.com\/commercial-air-charter\/#primaryimage"},"image":{"@id":"https:\/\/www.aircharter.com\/commercial-air-charter\/#primaryimage"},"thumbnailUrl":"https:\/\/www.aircharter.com\/wp-content\/uploads\/2013\/11\/commercial-air-charter.jpg","datePublished":"2014-03-05T20:04:48+00:00","dateModified":"2022-12-11T22:52:51+00:00","breadcrumb":{"@id":"https:\/\/www.aircharter.com\/commercial-air-charter\/#breadcrumb"},"inLanguage":"es","potentialAction":[{"@type":"ReadAction","target":["https:\/\/www.aircharter.com\/commercial-air-charter\/"]}]},{"@type":"ImageObject","inLanguage":"es","@id":"https:\/\/www.aircharter.com\/commercial-air-charter\/#primaryimage","url":"https:\/\/www.aircharter.com\/wp-content\/uploads\/2013\/11\/commercial-air-charter.jpg","contentUrl":"https:\/\/www.aircharter.com\/wp-content\/uploads\/2013\/11\/commercial-air-charter.jpg"},{"@type":"BreadcrumbList","@id":"https:\/\/www.aircharter.com\/commercial-air-charter\/#breadcrumb","itemListElement":[{"@type":"ListItem","position":1,"name":"Home","item":"https:\/\/www.aircharter.com\/"},{"@type":"ListItem","position":2,"name":"Jet Comercial"}]},{"@type":"WebSite","@id":"https:\/\/www.aircharter.com\/de\/#website","url":"https:\/\/www.aircharter.com\/de\/","name":"Aircharter","description":"Air Charter | Private Jet Charter &amp; Rental | Fly Smarter | Hire a Business Jet","publisher":{"@id":"https:\/\/www.aircharter.com\/de\/#organization"},"potentialAction":[{"@type":"SearchAction","target":{"@type":"EntryPoint","urlTemplate":"https:\/\/www.aircharter.com\/de\/?s={search_term_string}"},"query-input":{"@type":"PropertyValueSpecification","valueRequired":true,"valueName":"search_term_string"}}],"inLanguage":"es"},{"@type":"Organization","@id":"https:\/\/www.aircharter.com\/de\/#organization","name":"Aircharter.com LLC","url":"https:\/\/www.aircharter.com\/de\/","logo":{"@type":"ImageObject","inLanguage":"es","@id":"https:\/\/www.aircharter.com\/de\/#\/schema\/logo\/image\/","url":"https:\/\/www.aircharter.com\/wp-content\/uploads\/2022\/12\/Aircharter_logo_114X1141-11.png","contentUrl":"https:\/\/www.aircharter.com\/wp-content\/uploads\/2022\/12\/Aircharter_logo_114X1141-11.png","width":114,"height":114,"caption":"Aircharter.com LLC"},"image":{"@id":"https:\/\/www.aircharter.com\/de\/#\/schema\/logo\/image\/"}}]}},"_links":{"self":[{"href":"https:\/\/www.aircharter.com\/es\/wp-json\/wp\/v2\/pages\/25709","targetHints":{"allow":["GET"]}}],"collection":[{"href":"https:\/\/www.aircharter.com\/es\/wp-json\/wp\/v2\/pages"}],"about":[{"href":"https:\/\/www.aircharter.com\/es\/wp-json\/wp\/v2\/types\/page"}],"author":[{"embeddable":true,"href":"https:\/\/www.aircharter.com\/es\/wp-json\/wp\/v2\/users\/12"}],"replies":[{"embeddable":true,"href":"https:\/\/www.aircharter.com\/es\/wp-json\/wp\/v2\/comments?post=25709"}],"version-history":[{"count":3,"href":"https:\/\/www.aircharter.com\/es\/wp-json\/wp\/v2\/pages\/25709\/revisions"}],"predecessor-version":[{"id":28554,"href":"https:\/\/www.aircharter.com\/es\/wp-json\/wp\/v2\/pages\/25709\/revisions\/28554"}],"wp:attachment":[{"href":"https:\/\/www.aircharter.com\/es\/wp-json\/wp\/v2\/media?parent=25709"}],"curies":[{"name":"wp","href":"https:\/\/api.w.org\/{rel}","templated":true}]}}