{"id":25716,"date":"2014-03-05T16:07:03","date_gmt":"2014-03-05T21:07:03","guid":{"rendered":"https:\/\/www.aircharter.com\/?page_id=25716"},"modified":"2022-12-11T17:52:50","modified_gmt":"2022-12-11T22:52:50","slug":"ejecutivo-jet-arrendamiento","status":"publish","type":"page","link":"https:\/\/www.aircharter.com\/es\/ejecutivo-jet-arrendamiento\/","title":{"rendered":"Ejecutivo\u200b Jet Arrendamiento"},"content":{"rendered":"<h1>Ejecutivo\u200b Jet Arrendamiento\u200b\u200b<\/h1>\n<p>Buscando \u00a0jet ejecutivo arrendamiento? deje equipo de profesionales de Aircharter le ayudar\u00e1 a encontrar el avi\u00f3n adecuado en el mejor precio posible. Arrendamiento de un jet ejecutivo es \u00a0m\u00e1s rentable que la propiedad fraccional, usted s\u00f3lo paga las horas que vuelan. Para el habitual o el folleto de vez en cuando, usted puede estar seguro de que Aircharter entregar\u00e1 el mejor precio posible para sus necesidades de leasing de jets ejecutivos. Nuestro motor de reservas a continuaci\u00f3n le dar\u00e1 un precio al instante muy preciso para su viaje, no importa cu\u00e1n peque\u00f1o o compleja.<\/p>\n<p><strong>Ejecutivo\u00a0Jet Arrendamiento para la Gesti\u00f3n de Viajes Corporativos<\/strong><\/p>\n<p>Departamentos de viajes corporativos de gran tama\u00f1o y las operaciones de vuelo de la compa\u00f1\u00eda que regularmente dependen de arrendamiento jet ejecutivo no necesariamente tienen los recursos para evaluar cada operador de ch\u00e1rter, negociar los precios y obtener el alto nivel de servicio y confiabilidad requerida en el entorno empresarial exigente de hoy. AirCharter.com cambia todo lo relacionado con el Programa de Administraci\u00f3n de Air Charter que a\u00f1ade consistencia y eficiencia de su compra de flete a\u00e9reo.<\/p>\n<p>&nbsp;<\/p>\n<p><img decoding=\"async\" title=\"executive jet leasing\" alt=\"executive jet leasing\" src=\"https:\/\/www.aircharter.com\/wp-content\/uploads\/2013\/06\/ground5-300x184.jpg\" width=\"300\" height=\"184\" \/><\/p>\n<p>&nbsp;<\/p>\n<div class=\"fusion-fullwidth fullwidth-box fusion-builder-row-1 fusion-flex-container hundred-percent-fullwidth non-hundred-percent-height-scrolling\" style=\"--awb-border-radius-top-left:0px;--awb-border-radius-top-right:0px;--awb-border-radius-bottom-right:0px;--awb-border-radius-bottom-left:0px;--awb-overflow:visible;--awb-flex-wrap:wrap;\" ><div class=\"fusion-builder-row fusion-row fusion-flex-align-items-flex-start fusion-flex-content-wrap\" style=\"width:104% !important;max-width:104% !important;margin-left: calc(-4% \/ 2 );margin-right: calc(-4% \/ 2 );\"><div class=\"fusion-layout-column fusion_builder_column fusion-builder-column-0 fusion_builder_column_1_1 1_1 fusion-flex-column fusion-flex-align-self-flex-start fusion-column-no-min-height\" style=\"--awb-bg-size:cover;--awb-width-large:100%;--awb-margin-top-large:0px;--awb-spacing-right-large:1.92%;--awb-margin-bottom-large:0px;--awb-spacing-left-large:1.92%;--awb-width-medium:100%;--awb-spacing-right-medium:1.92%;--awb-spacing-left-medium:1.92%;--awb-width-small:100%;--awb-spacing-right-small:1.92%;--awb-spacing-left-small:1.92%;\"><div class=\"fusion-column-wrapper fusion-flex-justify-content-flex-start fusion-content-layout-column\"><div class=\"fusion-title title fusion-title-1 fusion-sep-none fusion-title-text fusion-title-size-two\" style=\"--awb-margin-top-small:10px;--awb-margin-right-small:0px;--awb-margin-bottom-small:10px;--awb-margin-left-small:0px;\"><h2 class=\"fusion-title-heading title-heading-left\" style=\"margin:0;\">Ejecutivo\u00a0Jet Arrendameinto nunca fue tan f\u00e1cil<\/h2><\/div>\n<h3>Ejecutivo\u00a0Jet Arrendamiento\u00a0le ofrece una experiencia de viaje que es imposible de duplicar con las l\u00edneas a\u00e9reas comerciales. Su experiencia de viaje AirCharter.com ofrece muchos beneficios, tales como:<\/h3>\n<\/div><\/div><div class=\"fusion-layout-column fusion_builder_column fusion-builder-column-1 fusion_builder_column_1_2 1_2 fusion-flex-column\" style=\"--awb-bg-size:cover;--awb-width-large:50%;--awb-margin-top-large:0px;--awb-spacing-right-large:3.84%;--awb-margin-bottom-large:20px;--awb-spacing-left-large:3.84%;--awb-width-medium:50%;--awb-spacing-right-medium:3.84%;--awb-spacing-left-medium:3.84%;--awb-width-small:100%;--awb-spacing-right-small:1.92%;--awb-spacing-left-small:1.92%;\"><div class=\"fusion-column-wrapper fusion-flex-justify-content-flex-start fusion-content-layout-column\"><strong>Privacidad<\/strong> &#8211; Con nuestro jet leasing ejecutivo usted y sus invitados tienen todo el avi\u00f3n por vosotros mismos. Usted viaja exclusivamente a los pasajeros que conoces, y disfrutar de la intimidad personal que le permite hablar de negocios o simplemente relajarse. Nuestros jets m\u00e1s grandes ofrecen una excelente experiencia gastron\u00f3mica comparable a un restaurante de cinco estrellas. Este es realmente el tipo de perfecci\u00f3n que las aerol\u00edneas comerciales ni siquiera considerar.<\/p>\n<p><strong>Comfort<\/strong> &#8211; Ofrecemos la clase de atenci\u00f3n personal que usted esperar\u00eda de un conserje de lujo. Nuestros servicios incluyen asientos de cuero espaciosos, wifi, pel\u00edculas gratuitas en vuelo, barra de bar y comidas gourmet de su elecci\u00f3n. No hay proceso largo registro de entrada. Usted tira hasta la aeronave y su equipaje se carga directamente desde su coche en el avi\u00f3n. Ahh, la perfecci\u00f3n!<\/div><\/div>\n<div class=\"fusion-layout-column fusion_builder_column fusion-builder-column-2 fusion_builder_column_1_2 1_2 fusion-flex-column\" style=\"--awb-bg-size:cover;--awb-width-large:50%;--awb-margin-top-large:0px;--awb-spacing-right-large:3.84%;--awb-margin-bottom-large:20px;--awb-spacing-left-large:3.84%;--awb-width-medium:50%;--awb-spacing-right-medium:3.84%;--awb-spacing-left-medium:3.84%;--awb-width-small:100%;--awb-spacing-right-small:1.92%;--awb-spacing-left-small:1.92%;\"><div class=\"fusion-column-wrapper fusion-flex-justify-content-flex-start fusion-content-layout-column\"><strong>Punto a Punto Viaje<\/strong> &#8211; Volamos cuando quieres volar, no se basa en nuestro propio programa. Con acceso a 10 veces m\u00e1s aeropuertos que las aerol\u00edneas comerciales, se puede volar dentro y fuera de los aeropuertos m\u00e1s peque\u00f1os y menos congestionados que est\u00e1n cerca de donde se encuentra y donde vas a. \u00bfQuieres a\u00f1adir una parada, mientras que en ruta o se est\u00e1 ejecutando tarde, nuestra tripulaci\u00f3n har\u00e1 todo lo posible para dar cabida a sus planes de viaje en constante cambio. Eso es lo que queremos decir cuando decimos que los viajes a\u00e9reos, Perfected \u2122.<\/p>\n<p><strong>Never Miss Dinner Again<\/strong>\u00a0&#8211; Cuando usted utiliza el arrendamiento jet ejecutivo de AirCharter.com, usted puede tener una reuni\u00f3n ma\u00f1ana en Los Angeles, una reuni\u00f3n por la tarde en Denver y volver a casa a San Francisco, justo a tiempo para la cena. AirCharter.com abre un mundo de oportunidades, d\u00e1ndole flexibilidad para planear su viaje alrededor de su horario. La manera perfecta de viajar.<\/div><\/div><\/div><\/div>\n","protected":false},"excerpt":{"rendered":"<p>Ejecutivo\u200b Jet Arrendamiento\u200b\u200b Buscando \u00a0jet ejecutivo arrendamiento? deje equipo de profesionales de Aircharter le ayudar\u00e1 a encontrar el avi\u00f3n adecuado en el mejor precio posible. Arrendamiento de un jet ejecutivo es \u00a0m\u00e1s rentable que la propiedad fraccional, usted s\u00f3lo paga las horas que vuelan. Para el habitual o el folleto de vez en cuando, usted puede estar seguro de que Aircharter entregar\u00e1 el mejor precio posible para sus necesidades de leasing de jets ejecutivos. Nuestro motor de reservas a continuaci\u00f3n le dar\u00e1 un precio al instante muy preciso para su viaje, no importa cu\u00e1n peque\u00f1o o compleja. Ejecutivo\u00a0Jet Arrendamiento para la Gesti\u00f3n de Viajes Corporativos Departamentos de viajes corporativos de gran tama\u00f1o y las operaciones de vuelo de la compa\u00f1\u00eda que regularmente dependen de arrendamiento jet ejecutivo no necesariamente tienen los recursos para evaluar cada operador de ch\u00e1rter, negociar los precios y obtener el alto nivel de servicio y confiabilidad requerida en el entorno empresarial exigente de hoy. AirCharter.com cambia todo lo relacionado con el Programa de Administraci\u00f3n de Air Charter que a\u00f1ade consistencia y eficiencia de su compra de flete a\u00e9reo. &nbsp; &nbsp;<\/p>\n","protected":false},"author":12,"featured_media":0,"parent":0,"menu_order":0,"comment_status":"closed","ping_status":"closed","template":"","meta":{"footnotes":""},"class_list":["post-25716","page","type-page","status-publish","hentry"],"yoast_head":"<!-- This site is optimized with the Yoast SEO plugin v27.4 - https:\/\/yoast.com\/product\/yoast-seo-wordpress\/ -->\n<title>Ejecutivo\u200b Jet Arrendamiento - Aircharter<\/title>\n<meta name=\"robots\" content=\"index, follow, max-snippet:-1, max-image-preview:large, max-video-preview:-1\" \/>\n<link rel=\"canonical\" href=\"https:\/\/www.aircharter.com\/ejecutivo-jet-arrendamiento\/\" \/>\n<meta property=\"og:locale\" content=\"es_ES\" \/>\n<meta property=\"og:type\" content=\"article\" \/>\n<meta property=\"og:title\" content=\"Ejecutivo\u200b Jet Arrendamiento - Aircharter\" \/>\n<meta property=\"og:description\" content=\"Ejecutivo\u200b Jet Arrendamiento\u200b\u200b Buscando \u00a0jet ejecutivo arrendamiento? deje equipo de profesionales de Aircharter le ayudar\u00e1 a encontrar el avi\u00f3n adecuado en el mejor precio posible. Arrendamiento de un jet ejecutivo es \u00a0m\u00e1s rentable que la propiedad fraccional, usted s\u00f3lo paga las horas que vuelan. Para el habitual o el folleto de vez en cuando, usted puede estar seguro de que Aircharter entregar\u00e1 el mejor precio posible para sus necesidades de leasing de jets ejecutivos. Nuestro motor de reservas a continuaci\u00f3n le dar\u00e1 un precio al instante muy preciso para su viaje, no importa cu\u00e1n peque\u00f1o o compleja. Ejecutivo\u00a0Jet Arrendamiento para la Gesti\u00f3n de Viajes Corporativos Departamentos de viajes corporativos de gran tama\u00f1o y las operaciones de vuelo de la compa\u00f1\u00eda que regularmente dependen de arrendamiento jet ejecutivo no necesariamente tienen los recursos para evaluar cada operador de ch\u00e1rter, negociar los precios y obtener el alto nivel de servicio y confiabilidad requerida en el entorno empresarial exigente de hoy. AirCharter.com cambia todo lo relacionado con el Programa de Administraci\u00f3n de Air Charter que a\u00f1ade consistencia y eficiencia de su compra de flete a\u00e9reo. &nbsp; &nbsp;\" \/>\n<meta property=\"og:url\" content=\"https:\/\/www.aircharter.com\/ejecutivo-jet-arrendamiento\/\" \/>\n<meta property=\"og:site_name\" content=\"Aircharter\" \/>\n<meta property=\"article:modified_time\" content=\"2022-12-11T22:52:50+00:00\" \/>\n<meta property=\"og:image\" content=\"https:\/\/www.aircharter.com\/wp-content\/uploads\/2013\/06\/ground5-300x184.jpg\" \/>\n<meta name=\"twitter:card\" content=\"summary_large_image\" \/>\n<meta name=\"twitter:label1\" content=\"Tiempo de lectura\" \/>\n\t<meta name=\"twitter:data1\" content=\"3 minutos\" \/>\n<script type=\"application\/ld+json\" class=\"yoast-schema-graph\">{\"@context\":\"https:\\\/\\\/schema.org\",\"@graph\":[{\"@type\":\"WebPage\",\"@id\":\"https:\\\/\\\/www.aircharter.com\\\/ejecutivo-jet-arrendamiento\\\/\",\"url\":\"https:\\\/\\\/www.aircharter.com\\\/ejecutivo-jet-arrendamiento\\\/\",\"name\":\"Ejecutivo\u200b Jet Arrendamiento - Aircharter\",\"isPartOf\":{\"@id\":\"https:\\\/\\\/www.aircharter.com\\\/de\\\/#website\"},\"primaryImageOfPage\":{\"@id\":\"https:\\\/\\\/www.aircharter.com\\\/ejecutivo-jet-arrendamiento\\\/#primaryimage\"},\"image\":{\"@id\":\"https:\\\/\\\/www.aircharter.com\\\/ejecutivo-jet-arrendamiento\\\/#primaryimage\"},\"thumbnailUrl\":\"https:\\\/\\\/www.aircharter.com\\\/wp-content\\\/uploads\\\/2013\\\/06\\\/ground5-300x184.jpg\",\"datePublished\":\"2014-03-05T21:07:03+00:00\",\"dateModified\":\"2022-12-11T22:52:50+00:00\",\"breadcrumb\":{\"@id\":\"https:\\\/\\\/www.aircharter.com\\\/ejecutivo-jet-arrendamiento\\\/#breadcrumb\"},\"inLanguage\":\"es\",\"potentialAction\":[{\"@type\":\"ReadAction\",\"target\":[\"https:\\\/\\\/www.aircharter.com\\\/ejecutivo-jet-arrendamiento\\\/\"]}]},{\"@type\":\"ImageObject\",\"inLanguage\":\"es\",\"@id\":\"https:\\\/\\\/www.aircharter.com\\\/ejecutivo-jet-arrendamiento\\\/#primaryimage\",\"url\":\"https:\\\/\\\/www.aircharter.com\\\/wp-content\\\/uploads\\\/2013\\\/06\\\/ground5-300x184.jpg\",\"contentUrl\":\"https:\\\/\\\/www.aircharter.com\\\/wp-content\\\/uploads\\\/2013\\\/06\\\/ground5-300x184.jpg\"},{\"@type\":\"BreadcrumbList\",\"@id\":\"https:\\\/\\\/www.aircharter.com\\\/ejecutivo-jet-arrendamiento\\\/#breadcrumb\",\"itemListElement\":[{\"@type\":\"ListItem\",\"position\":1,\"name\":\"Home\",\"item\":\"https:\\\/\\\/www.aircharter.com\\\/\"},{\"@type\":\"ListItem\",\"position\":2,\"name\":\"Ejecutivo\u200b Jet Arrendamiento\"}]},{\"@type\":\"WebSite\",\"@id\":\"https:\\\/\\\/www.aircharter.com\\\/de\\\/#website\",\"url\":\"https:\\\/\\\/www.aircharter.com\\\/de\\\/\",\"name\":\"Aircharter\",\"description\":\"Air Charter | Private Jet Charter &amp; Rental | Fly Smarter | Hire a Business Jet\",\"publisher\":{\"@id\":\"https:\\\/\\\/www.aircharter.com\\\/de\\\/#organization\"},\"potentialAction\":[{\"@type\":\"SearchAction\",\"target\":{\"@type\":\"EntryPoint\",\"urlTemplate\":\"https:\\\/\\\/www.aircharter.com\\\/de\\\/?s={search_term_string}\"},\"query-input\":{\"@type\":\"PropertyValueSpecification\",\"valueRequired\":true,\"valueName\":\"search_term_string\"}}],\"inLanguage\":\"es\"},{\"@type\":\"Organization\",\"@id\":\"https:\\\/\\\/www.aircharter.com\\\/de\\\/#organization\",\"name\":\"Aircharter.com LLC\",\"url\":\"https:\\\/\\\/www.aircharter.com\\\/de\\\/\",\"logo\":{\"@type\":\"ImageObject\",\"inLanguage\":\"es\",\"@id\":\"https:\\\/\\\/www.aircharter.com\\\/de\\\/#\\\/schema\\\/logo\\\/image\\\/\",\"url\":\"https:\\\/\\\/www.aircharter.com\\\/wp-content\\\/uploads\\\/2022\\\/12\\\/Aircharter_logo_114X1141-11.png\",\"contentUrl\":\"https:\\\/\\\/www.aircharter.com\\\/wp-content\\\/uploads\\\/2022\\\/12\\\/Aircharter_logo_114X1141-11.png\",\"width\":114,\"height\":114,\"caption\":\"Aircharter.com LLC\"},\"image\":{\"@id\":\"https:\\\/\\\/www.aircharter.com\\\/de\\\/#\\\/schema\\\/logo\\\/image\\\/\"}}]}<\/script>\n<!-- \/ Yoast SEO plugin. -->","yoast_head_json":{"title":"Ejecutivo\u200b Jet Arrendamiento - Aircharter","robots":{"index":"index","follow":"follow","max-snippet":"max-snippet:-1","max-image-preview":"max-image-preview:large","max-video-preview":"max-video-preview:-1"},"canonical":"https:\/\/www.aircharter.com\/ejecutivo-jet-arrendamiento\/","og_locale":"es_ES","og_type":"article","og_title":"Ejecutivo\u200b Jet Arrendamiento - Aircharter","og_description":"Ejecutivo\u200b Jet Arrendamiento\u200b\u200b Buscando \u00a0jet ejecutivo arrendamiento? deje equipo de profesionales de Aircharter le ayudar\u00e1 a encontrar el avi\u00f3n adecuado en el mejor precio posible. Arrendamiento de un jet ejecutivo es \u00a0m\u00e1s rentable que la propiedad fraccional, usted s\u00f3lo paga las horas que vuelan. Para el habitual o el folleto de vez en cuando, usted puede estar seguro de que Aircharter entregar\u00e1 el mejor precio posible para sus necesidades de leasing de jets ejecutivos. Nuestro motor de reservas a continuaci\u00f3n le dar\u00e1 un precio al instante muy preciso para su viaje, no importa cu\u00e1n peque\u00f1o o compleja. Ejecutivo\u00a0Jet Arrendamiento para la Gesti\u00f3n de Viajes Corporativos Departamentos de viajes corporativos de gran tama\u00f1o y las operaciones de vuelo de la compa\u00f1\u00eda que regularmente dependen de arrendamiento jet ejecutivo no necesariamente tienen los recursos para evaluar cada operador de ch\u00e1rter, negociar los precios y obtener el alto nivel de servicio y confiabilidad requerida en el entorno empresarial exigente de hoy. AirCharter.com cambia todo lo relacionado con el Programa de Administraci\u00f3n de Air Charter que a\u00f1ade consistencia y eficiencia de su compra de flete a\u00e9reo. &nbsp; &nbsp;","og_url":"https:\/\/www.aircharter.com\/ejecutivo-jet-arrendamiento\/","og_site_name":"Aircharter","article_modified_time":"2022-12-11T22:52:50+00:00","og_image":[{"url":"https:\/\/www.aircharter.com\/wp-content\/uploads\/2013\/06\/ground5-300x184.jpg","type":"","width":"","height":""}],"twitter_card":"summary_large_image","twitter_misc":{"Tiempo de lectura":"3 minutos"},"schema":{"@context":"https:\/\/schema.org","@graph":[{"@type":"WebPage","@id":"https:\/\/www.aircharter.com\/ejecutivo-jet-arrendamiento\/","url":"https:\/\/www.aircharter.com\/ejecutivo-jet-arrendamiento\/","name":"Ejecutivo\u200b Jet Arrendamiento - Aircharter","isPartOf":{"@id":"https:\/\/www.aircharter.com\/de\/#website"},"primaryImageOfPage":{"@id":"https:\/\/www.aircharter.com\/ejecutivo-jet-arrendamiento\/#primaryimage"},"image":{"@id":"https:\/\/www.aircharter.com\/ejecutivo-jet-arrendamiento\/#primaryimage"},"thumbnailUrl":"https:\/\/www.aircharter.com\/wp-content\/uploads\/2013\/06\/ground5-300x184.jpg","datePublished":"2014-03-05T21:07:03+00:00","dateModified":"2022-12-11T22:52:50+00:00","breadcrumb":{"@id":"https:\/\/www.aircharter.com\/ejecutivo-jet-arrendamiento\/#breadcrumb"},"inLanguage":"es","potentialAction":[{"@type":"ReadAction","target":["https:\/\/www.aircharter.com\/ejecutivo-jet-arrendamiento\/"]}]},{"@type":"ImageObject","inLanguage":"es","@id":"https:\/\/www.aircharter.com\/ejecutivo-jet-arrendamiento\/#primaryimage","url":"https:\/\/www.aircharter.com\/wp-content\/uploads\/2013\/06\/ground5-300x184.jpg","contentUrl":"https:\/\/www.aircharter.com\/wp-content\/uploads\/2013\/06\/ground5-300x184.jpg"},{"@type":"BreadcrumbList","@id":"https:\/\/www.aircharter.com\/ejecutivo-jet-arrendamiento\/#breadcrumb","itemListElement":[{"@type":"ListItem","position":1,"name":"Home","item":"https:\/\/www.aircharter.com\/"},{"@type":"ListItem","position":2,"name":"Ejecutivo\u200b Jet Arrendamiento"}]},{"@type":"WebSite","@id":"https:\/\/www.aircharter.com\/de\/#website","url":"https:\/\/www.aircharter.com\/de\/","name":"Aircharter","description":"Air Charter | Private Jet Charter &amp; Rental | Fly Smarter | Hire a Business Jet","publisher":{"@id":"https:\/\/www.aircharter.com\/de\/#organization"},"potentialAction":[{"@type":"SearchAction","target":{"@type":"EntryPoint","urlTemplate":"https:\/\/www.aircharter.com\/de\/?s={search_term_string}"},"query-input":{"@type":"PropertyValueSpecification","valueRequired":true,"valueName":"search_term_string"}}],"inLanguage":"es"},{"@type":"Organization","@id":"https:\/\/www.aircharter.com\/de\/#organization","name":"Aircharter.com LLC","url":"https:\/\/www.aircharter.com\/de\/","logo":{"@type":"ImageObject","inLanguage":"es","@id":"https:\/\/www.aircharter.com\/de\/#\/schema\/logo\/image\/","url":"https:\/\/www.aircharter.com\/wp-content\/uploads\/2022\/12\/Aircharter_logo_114X1141-11.png","contentUrl":"https:\/\/www.aircharter.com\/wp-content\/uploads\/2022\/12\/Aircharter_logo_114X1141-11.png","width":114,"height":114,"caption":"Aircharter.com LLC"},"image":{"@id":"https:\/\/www.aircharter.com\/de\/#\/schema\/logo\/image\/"}}]}},"_links":{"self":[{"href":"https:\/\/www.aircharter.com\/es\/wp-json\/wp\/v2\/pages\/25716","targetHints":{"allow":["GET"]}}],"collection":[{"href":"https:\/\/www.aircharter.com\/es\/wp-json\/wp\/v2\/pages"}],"about":[{"href":"https:\/\/www.aircharter.com\/es\/wp-json\/wp\/v2\/types\/page"}],"author":[{"embeddable":true,"href":"https:\/\/www.aircharter.com\/es\/wp-json\/wp\/v2\/users\/12"}],"replies":[{"embeddable":true,"href":"https:\/\/www.aircharter.com\/es\/wp-json\/wp\/v2\/comments?post=25716"}],"version-history":[{"count":2,"href":"https:\/\/www.aircharter.com\/es\/wp-json\/wp\/v2\/pages\/25716\/revisions"}],"predecessor-version":[{"id":37304,"href":"https:\/\/www.aircharter.com\/es\/wp-json\/wp\/v2\/pages\/25716\/revisions\/37304"}],"wp:attachment":[{"href":"https:\/\/www.aircharter.com\/es\/wp-json\/wp\/v2\/media?parent=25716"}],"curies":[{"name":"wp","href":"https:\/\/api.w.org\/{rel}","templated":true}]}}