{"id":25731,"date":"2014-03-07T12:55:18","date_gmt":"2014-03-07T17:55:18","guid":{"rendered":"https:\/\/www.aircharter.com\/?page_id=25731"},"modified":"2014-03-07T12:55:18","modified_gmt":"2014-03-07T17:55:18","slug":"tina-mvc-pagina-nino","status":"publish","type":"page","link":"https:\/\/www.aircharter.com\/es\/tina-mvc-pagina-nino\/","title":{"rendered":"Tina MVC P\u00e1gina Ni\u00f1o"},"content":{"rendered":"<p>Esta es una p\u00e1gina de Tina MVC.<\/p>\n<p>En circunstancias normales, no deber\u00eda editar esta p\u00e1gina.<\/p>\n<p>Cuando el plugin Tina MVC est\u00e1 activo este contenido se sobrescribir\u00e1 con la salida del controlador activo.<\/p>\n<p>Si Tina MVC est\u00e1 activo, y usted puede leer esto desde el lado p\u00fablico de una p\u00e1gina Worpdress (es decir, no a partir de &#8216;Actualizar&#8217; men\u00fa administraci\u00f3n) y luego<br \/>\nTina MVC puede haber \u00abperdido\u00bb esta p\u00e1gina controlador frontal (esto puede suceder si usted edita esta p\u00e1gina desde dentro de WordPress).<br \/>\nDesactivar y reactivar Tina MVC de arreglar.<\/p>\n<p>Si Tina MVC ha sido desactivado y luego esto se convierte en una p\u00e1gina \u00abnormal\u00bb WordPress y por lo tanto usted puede leer este texto.<br \/>\nPuede eliminar u ocultar de forma segura.<\/p>\n","protected":false},"excerpt":{"rendered":"<p>Esta es una p\u00e1gina de Tina MVC. En circunstancias normales, no deber\u00eda editar esta p\u00e1gina. Cuando el plugin Tina MVC est\u00e1 activo este contenido se sobrescribir\u00e1 con la salida del controlador activo. Si Tina MVC est\u00e1 activo, y usted puede leer esto desde el lado p\u00fablico de una p\u00e1gina Worpdress (es decir, no a partir de &#8216;Actualizar&#8217; men\u00fa administraci\u00f3n) y luego Tina MVC puede haber \u00abperdido\u00bb esta p\u00e1gina controlador frontal (esto puede suceder si usted edita esta p\u00e1gina desde dentro de WordPress). Desactivar y reactivar Tina MVC de arreglar. Si Tina MVC ha sido desactivado y luego esto se convierte en una p\u00e1gina \u00abnormal\u00bb WordPress y por lo tanto usted puede leer este texto. Puede eliminar u ocultar de forma segura.<\/p>\n","protected":false},"author":12,"featured_media":0,"parent":0,"menu_order":100,"comment_status":"closed","ping_status":"closed","template":"","meta":{"footnotes":""},"class_list":["post-25731","page","type-page","status-publish","hentry"],"yoast_head":"<!-- This site is optimized with the Yoast SEO plugin v27.4 - https:\/\/yoast.com\/product\/yoast-seo-wordpress\/ -->\n<title>Tina MVC P\u00e1gina Ni\u00f1o - Aircharter<\/title>\n<meta name=\"robots\" content=\"index, follow, max-snippet:-1, max-image-preview:large, max-video-preview:-1\" \/>\n<link rel=\"canonical\" href=\"https:\/\/www.aircharter.com\/tina-mvc-pagina-nino\/\" \/>\n<meta property=\"og:locale\" content=\"es_ES\" \/>\n<meta property=\"og:type\" content=\"article\" \/>\n<meta property=\"og:title\" content=\"Tina MVC P\u00e1gina Ni\u00f1o - Aircharter\" \/>\n<meta property=\"og:description\" content=\"Esta es una p\u00e1gina de Tina MVC. En circunstancias normales, no deber\u00eda editar esta p\u00e1gina. Cuando el plugin Tina MVC est\u00e1 activo este contenido se sobrescribir\u00e1 con la salida del controlador activo. Si Tina MVC est\u00e1 activo, y usted puede leer esto desde el lado p\u00fablico de una p\u00e1gina Worpdress (es decir, no a partir de &#8216;Actualizar&#8217; men\u00fa administraci\u00f3n) y luego Tina MVC puede haber \u00abperdido\u00bb esta p\u00e1gina controlador frontal (esto puede suceder si usted edita esta p\u00e1gina desde dentro de WordPress). Desactivar y reactivar Tina MVC de arreglar. Si Tina MVC ha sido desactivado y luego esto se convierte en una p\u00e1gina \u00abnormal\u00bb WordPress y por lo tanto usted puede leer este texto. Puede eliminar u ocultar de forma segura.\" \/>\n<meta property=\"og:url\" content=\"https:\/\/www.aircharter.com\/tina-mvc-pagina-nino\/\" \/>\n<meta property=\"og:site_name\" content=\"Aircharter\" \/>\n<meta name=\"twitter:card\" content=\"summary_large_image\" \/>\n<meta name=\"twitter:label1\" content=\"Tiempo de lectura\" \/>\n\t<meta name=\"twitter:data1\" content=\"1 minuto\" \/>\n<script type=\"application\/ld+json\" class=\"yoast-schema-graph\">{\"@context\":\"https:\\\/\\\/schema.org\",\"@graph\":[{\"@type\":\"WebPage\",\"@id\":\"https:\\\/\\\/www.aircharter.com\\\/tina-mvc-pagina-nino\\\/\",\"url\":\"https:\\\/\\\/www.aircharter.com\\\/tina-mvc-pagina-nino\\\/\",\"name\":\"Tina MVC P\u00e1gina Ni\u00f1o - Aircharter\",\"isPartOf\":{\"@id\":\"https:\\\/\\\/www.aircharter.com\\\/de\\\/#website\"},\"datePublished\":\"2014-03-07T17:55:18+00:00\",\"breadcrumb\":{\"@id\":\"https:\\\/\\\/www.aircharter.com\\\/tina-mvc-pagina-nino\\\/#breadcrumb\"},\"inLanguage\":\"es\",\"potentialAction\":[{\"@type\":\"ReadAction\",\"target\":[\"https:\\\/\\\/www.aircharter.com\\\/tina-mvc-pagina-nino\\\/\"]}]},{\"@type\":\"BreadcrumbList\",\"@id\":\"https:\\\/\\\/www.aircharter.com\\\/tina-mvc-pagina-nino\\\/#breadcrumb\",\"itemListElement\":[{\"@type\":\"ListItem\",\"position\":1,\"name\":\"Home\",\"item\":\"https:\\\/\\\/www.aircharter.com\\\/\"},{\"@type\":\"ListItem\",\"position\":2,\"name\":\"Tina MVC P\u00e1gina Ni\u00f1o\"}]},{\"@type\":\"WebSite\",\"@id\":\"https:\\\/\\\/www.aircharter.com\\\/de\\\/#website\",\"url\":\"https:\\\/\\\/www.aircharter.com\\\/de\\\/\",\"name\":\"Aircharter\",\"description\":\"Air Charter | Private Jet Charter &amp; Rental | Fly Smarter | Hire a Business Jet\",\"publisher\":{\"@id\":\"https:\\\/\\\/www.aircharter.com\\\/de\\\/#organization\"},\"potentialAction\":[{\"@type\":\"SearchAction\",\"target\":{\"@type\":\"EntryPoint\",\"urlTemplate\":\"https:\\\/\\\/www.aircharter.com\\\/de\\\/?s={search_term_string}\"},\"query-input\":{\"@type\":\"PropertyValueSpecification\",\"valueRequired\":true,\"valueName\":\"search_term_string\"}}],\"inLanguage\":\"es\"},{\"@type\":\"Organization\",\"@id\":\"https:\\\/\\\/www.aircharter.com\\\/de\\\/#organization\",\"name\":\"Aircharter.com LLC\",\"url\":\"https:\\\/\\\/www.aircharter.com\\\/de\\\/\",\"logo\":{\"@type\":\"ImageObject\",\"inLanguage\":\"es\",\"@id\":\"https:\\\/\\\/www.aircharter.com\\\/de\\\/#\\\/schema\\\/logo\\\/image\\\/\",\"url\":\"https:\\\/\\\/www.aircharter.com\\\/wp-content\\\/uploads\\\/2022\\\/12\\\/Aircharter_logo_114X1141-11.png\",\"contentUrl\":\"https:\\\/\\\/www.aircharter.com\\\/wp-content\\\/uploads\\\/2022\\\/12\\\/Aircharter_logo_114X1141-11.png\",\"width\":114,\"height\":114,\"caption\":\"Aircharter.com LLC\"},\"image\":{\"@id\":\"https:\\\/\\\/www.aircharter.com\\\/de\\\/#\\\/schema\\\/logo\\\/image\\\/\"}}]}<\/script>\n<!-- \/ Yoast SEO plugin. -->","yoast_head_json":{"title":"Tina MVC P\u00e1gina Ni\u00f1o - Aircharter","robots":{"index":"index","follow":"follow","max-snippet":"max-snippet:-1","max-image-preview":"max-image-preview:large","max-video-preview":"max-video-preview:-1"},"canonical":"https:\/\/www.aircharter.com\/tina-mvc-pagina-nino\/","og_locale":"es_ES","og_type":"article","og_title":"Tina MVC P\u00e1gina Ni\u00f1o - Aircharter","og_description":"Esta es una p\u00e1gina de Tina MVC. En circunstancias normales, no deber\u00eda editar esta p\u00e1gina. Cuando el plugin Tina MVC est\u00e1 activo este contenido se sobrescribir\u00e1 con la salida del controlador activo. Si Tina MVC est\u00e1 activo, y usted puede leer esto desde el lado p\u00fablico de una p\u00e1gina Worpdress (es decir, no a partir de &#8216;Actualizar&#8217; men\u00fa administraci\u00f3n) y luego Tina MVC puede haber \u00abperdido\u00bb esta p\u00e1gina controlador frontal (esto puede suceder si usted edita esta p\u00e1gina desde dentro de WordPress). Desactivar y reactivar Tina MVC de arreglar. Si Tina MVC ha sido desactivado y luego esto se convierte en una p\u00e1gina \u00abnormal\u00bb WordPress y por lo tanto usted puede leer este texto. Puede eliminar u ocultar de forma segura.","og_url":"https:\/\/www.aircharter.com\/tina-mvc-pagina-nino\/","og_site_name":"Aircharter","twitter_card":"summary_large_image","twitter_misc":{"Tiempo de lectura":"1 minuto"},"schema":{"@context":"https:\/\/schema.org","@graph":[{"@type":"WebPage","@id":"https:\/\/www.aircharter.com\/tina-mvc-pagina-nino\/","url":"https:\/\/www.aircharter.com\/tina-mvc-pagina-nino\/","name":"Tina MVC P\u00e1gina Ni\u00f1o - Aircharter","isPartOf":{"@id":"https:\/\/www.aircharter.com\/de\/#website"},"datePublished":"2014-03-07T17:55:18+00:00","breadcrumb":{"@id":"https:\/\/www.aircharter.com\/tina-mvc-pagina-nino\/#breadcrumb"},"inLanguage":"es","potentialAction":[{"@type":"ReadAction","target":["https:\/\/www.aircharter.com\/tina-mvc-pagina-nino\/"]}]},{"@type":"BreadcrumbList","@id":"https:\/\/www.aircharter.com\/tina-mvc-pagina-nino\/#breadcrumb","itemListElement":[{"@type":"ListItem","position":1,"name":"Home","item":"https:\/\/www.aircharter.com\/"},{"@type":"ListItem","position":2,"name":"Tina MVC P\u00e1gina Ni\u00f1o"}]},{"@type":"WebSite","@id":"https:\/\/www.aircharter.com\/de\/#website","url":"https:\/\/www.aircharter.com\/de\/","name":"Aircharter","description":"Air Charter | Private Jet Charter &amp; Rental | Fly Smarter | Hire a Business Jet","publisher":{"@id":"https:\/\/www.aircharter.com\/de\/#organization"},"potentialAction":[{"@type":"SearchAction","target":{"@type":"EntryPoint","urlTemplate":"https:\/\/www.aircharter.com\/de\/?s={search_term_string}"},"query-input":{"@type":"PropertyValueSpecification","valueRequired":true,"valueName":"search_term_string"}}],"inLanguage":"es"},{"@type":"Organization","@id":"https:\/\/www.aircharter.com\/de\/#organization","name":"Aircharter.com LLC","url":"https:\/\/www.aircharter.com\/de\/","logo":{"@type":"ImageObject","inLanguage":"es","@id":"https:\/\/www.aircharter.com\/de\/#\/schema\/logo\/image\/","url":"https:\/\/www.aircharter.com\/wp-content\/uploads\/2022\/12\/Aircharter_logo_114X1141-11.png","contentUrl":"https:\/\/www.aircharter.com\/wp-content\/uploads\/2022\/12\/Aircharter_logo_114X1141-11.png","width":114,"height":114,"caption":"Aircharter.com LLC"},"image":{"@id":"https:\/\/www.aircharter.com\/de\/#\/schema\/logo\/image\/"}}]}},"_links":{"self":[{"href":"https:\/\/www.aircharter.com\/es\/wp-json\/wp\/v2\/pages\/25731","targetHints":{"allow":["GET"]}}],"collection":[{"href":"https:\/\/www.aircharter.com\/es\/wp-json\/wp\/v2\/pages"}],"about":[{"href":"https:\/\/www.aircharter.com\/es\/wp-json\/wp\/v2\/types\/page"}],"author":[{"embeddable":true,"href":"https:\/\/www.aircharter.com\/es\/wp-json\/wp\/v2\/users\/12"}],"replies":[{"embeddable":true,"href":"https:\/\/www.aircharter.com\/es\/wp-json\/wp\/v2\/comments?post=25731"}],"version-history":[{"count":1,"href":"https:\/\/www.aircharter.com\/es\/wp-json\/wp\/v2\/pages\/25731\/revisions"}],"predecessor-version":[{"id":25732,"href":"https:\/\/www.aircharter.com\/es\/wp-json\/wp\/v2\/pages\/25731\/revisions\/25732"}],"wp:attachment":[{"href":"https:\/\/www.aircharter.com\/es\/wp-json\/wp\/v2\/media?parent=25731"}],"curies":[{"name":"wp","href":"https:\/\/api.w.org\/{rel}","templated":true}]}}