{"id":25745,"date":"2014-03-07T16:22:41","date_gmt":"2014-03-07T21:22:41","guid":{"rendered":"https:\/\/www.aircharter.com\/?page_id=25745"},"modified":"2022-12-11T17:52:47","modified_gmt":"2022-12-11T22:52:47","slug":"jet-privado","status":"publish","type":"page","link":"https:\/\/www.aircharter.com\/es\/jet-privado\/","title":{"rendered":"Jet Privado"},"content":{"rendered":"<p>Nuestro grupo de alquiler de jet privado con experiencia trabaja en estrecha colaboraci\u00f3n con usted para encontrar la aeronave sustancial m\u00e1s adecuado para sus necesidades avi\u00f3n privado. Si usted tiene que volar 50 viajeros o cientos, Aircharter evaluar\u00e1 el tama\u00f1o y el plan que le ayude en el avi\u00f3n privado m\u00e1s adecuado para sus necesidades de su grupo.<\/p>\n<p>Air Charter Service cuenta con m\u00e1s de dos d\u00e9cadas &#8211; y enorme destreza &#8211; en la entrega de un charter privado para los clientes en todo el mundo. Como componente de la operaci\u00f3n en todo el mundo las 24 horas de Air Charter Service, Aircharter servicio de jet privado est\u00e1 preparado para organizar, coordinar y supervisar alquiler de jet privado para usted y su grupo, donde sea, en cualquier punto y en cualquier caso el que deseas viajar.<\/p>\n<p>Echa un vistazo a nuestros jets privados<br \/>\n<em style=\"line-height: 1.5em;\"><a href=\"https:\/\/www.aircharter.com\/wp-content\/uploads\/2013\/06\/plane_mountains.jpg\"><img decoding=\"async\" class=\"alignright\" title=\"private jet\" src=\"https:\/\/www.aircharter.com\/wp-content\/uploads\/2013\/06\/plane_mountains-300x184.jpg\" alt=\"private jet\" width=\"300\" height=\"184\" \/><\/a><\/em><\/p>\n<h2>\u00bfPor que AirCharter.com LLC?<\/h2>\n<p>Air Charter cuenta con m\u00e1s de 17 a\u00f1os de conocimiento de dar resultados charter y utiliza s\u00f3lo los mejores expertos ch\u00e1rter. Aircharter.com organiza m\u00e1s de 9.000 contratos de alquiler completo para todos los a\u00f1os para incluir las diferentes partes y tiene unos ingresos anuales que superaron los $ 600 millones.<\/p>\n<p>\u00bfPor qu\u00e9 elegir AirCharter.com Llc?<\/p>\n<p>Jefe de la cuenta especial &#8211; tan pronto como recibamos su solicitud, le se\u00f1alar\u00e9 su propio experto de alquiler personalizado. Ellos ser\u00e1n accesibles desde el momento de reservar su vuelo a la hora de su llegada. Cada paso del camino, su especialista Jet Privado estar\u00e1 con ustedes y accesible cuando usted lo necesite.<\/p>\n<p>Jefe de la cuenta especial &#8211; tan pronto como recibamos su solicitud, le se\u00f1alar\u00e9 su propio experto de alquiler personalizado . Ellos ser\u00e1n accesibles desde el momento de reservar su fliFlight help &#8211; este grupo dedicado garantiza que todas sus necesidades se cumplan a su alrededor toda la experiencia de charter.<\/p>\n<p>Aircharter Protecci\u00f3n de Pagos &#8211; puede ser accesible sin esfuerzo y asegurar que usted y sus clientes si no deber\u00eda surgir un acontecimiento de insolvencia de las compa\u00f1\u00edas .<\/p>\n<p>Poder adquisitivo &#8211; a trav\u00e9s de los a\u00f1os , Aircharter.com ha reunido numerosas asociaciones s\u00f3lidas con los transbordadores a\u00e9reos . Nuestro tama\u00f1o y notoriedad nos permiten organizar mejor los costos que luego pueden ser transmitidas como fondos de reserva para nuestros clientes .<\/p>\n<p>Cortes\u00eda Representaci\u00f3n vuelo &#8211; siempre que lo desea podemos enviar una parte del personal para ir de la mano con su agregaci\u00f3n en el vuelo para garantizar que todo funcione f\u00e1cilmente y le facilitar\u00e1 sentimientos genuinos adicionales de serenidad.<\/p>\n<p>Marcado por su coste de gastos &#8211; de las insignias del equipo lodge para el check-in las \u00e1reas de trabajo y los apoyos para la cabeza , podemos suministrar diferentes respuestas de marcado para usted.<\/p>\n<p>En un radio de todo el mundo &#8211; la utilizaci\u00f3n de nuestro sistema integrado por centros de trabajo a nivel mundial , podemos ofrecer dominio barrio y nuestros entornos empresariales a cooperar para garantizar la mejor administraci\u00f3n concebible.<\/p>\n<p>P\u00f3ngase en contacto con nuestros expertos 24\/7- charter son accesibles todos los d\u00edas, todas las horas del d\u00eda para satisfacer needsght de nuestros clientes a la hora de su llegada. Cada paso del camino , su especialista Jet Privado estar\u00e1 con ustedes y accesible cuando usted lo necesite .<\/p>\n","protected":false},"excerpt":{"rendered":"<p>Nuestro grupo de alquiler de jet privado con experiencia trabaja en estrecha colaboraci\u00f3n con usted para encontrar la aeronave sustancial m\u00e1s adecuado para sus necesidades avi\u00f3n privado. Si usted tiene que volar 50 viajeros o cientos, Aircharter evaluar\u00e1 el tama\u00f1o y el plan que le ayude en el avi\u00f3n privado m\u00e1s adecuado para sus necesidades de su grupo. Air Charter Service cuenta con m\u00e1s de dos d\u00e9cadas &#8211; y enorme destreza &#8211; en la entrega de un charter privado para los clientes en todo el mundo. Como componente de la operaci\u00f3n en todo el mundo las 24 horas de Air Charter Service, Aircharter servicio de jet privado est\u00e1 preparado para organizar, coordinar y supervisar alquiler de jet privado para usted y su grupo, donde sea, en cualquier punto y en cualquier caso el que deseas viajar. Echa un vistazo a nuestros jets privados \u00bfPor que AirCharter.com LLC? Air Charter cuenta con m\u00e1s de 17 a\u00f1os de conocimiento de dar resultados charter y utiliza s\u00f3lo los mejores expertos ch\u00e1rter. Aircharter.com organiza m\u00e1s de 9.000 contratos de alquiler completo para todos los a\u00f1os para incluir las diferentes partes y tiene unos ingresos anuales que superaron los $ 600 millones. \u00bfPor qu\u00e9 elegir AirCharter.com Llc? Jefe de la cuenta especial &#8211; tan pronto como recibamos su solicitud, le se\u00f1alar\u00e9 su propio experto de alquiler personalizado. Ellos ser\u00e1n accesibles desde el momento de reservar su vuelo a la hora de su llegada. Cada paso del camino, su especialista Jet Privado estar\u00e1 con ustedes y accesible cuando usted lo necesite. Jefe de la cuenta especial &#8211; tan pronto como recibamos su solicitud, le se\u00f1alar\u00e9 su propio experto de alquiler personalizado . Ellos ser\u00e1n accesibles desde el momento de reservar su<\/p>\n","protected":false},"author":12,"featured_media":0,"parent":0,"menu_order":0,"comment_status":"closed","ping_status":"closed","template":"","meta":{"footnotes":""},"class_list":["post-25745","page","type-page","status-publish","hentry"],"yoast_head":"<!-- This site is optimized with the Yoast SEO plugin v27.4 - https:\/\/yoast.com\/product\/yoast-seo-wordpress\/ -->\n<title>Jet Privado - Aircharter<\/title>\n<meta name=\"robots\" content=\"index, follow, max-snippet:-1, max-image-preview:large, max-video-preview:-1\" \/>\n<link rel=\"canonical\" href=\"https:\/\/www.aircharter.com\/jet-privado\/\" \/>\n<meta property=\"og:locale\" content=\"es_ES\" \/>\n<meta property=\"og:type\" content=\"article\" \/>\n<meta property=\"og:title\" content=\"Jet Privado - Aircharter\" \/>\n<meta property=\"og:description\" content=\"Nuestro grupo de alquiler de jet privado con experiencia trabaja en estrecha colaboraci\u00f3n con usted para encontrar la aeronave sustancial m\u00e1s adecuado para sus necesidades avi\u00f3n privado. Si usted tiene que volar 50 viajeros o cientos, Aircharter evaluar\u00e1 el tama\u00f1o y el plan que le ayude en el avi\u00f3n privado m\u00e1s adecuado para sus necesidades de su grupo. Air Charter Service cuenta con m\u00e1s de dos d\u00e9cadas &#8211; y enorme destreza &#8211; en la entrega de un charter privado para los clientes en todo el mundo. Como componente de la operaci\u00f3n en todo el mundo las 24 horas de Air Charter Service, Aircharter servicio de jet privado est\u00e1 preparado para organizar, coordinar y supervisar alquiler de jet privado para usted y su grupo, donde sea, en cualquier punto y en cualquier caso el que deseas viajar. Echa un vistazo a nuestros jets privados \u00bfPor que AirCharter.com LLC? Air Charter cuenta con m\u00e1s de 17 a\u00f1os de conocimiento de dar resultados charter y utiliza s\u00f3lo los mejores expertos ch\u00e1rter. Aircharter.com organiza m\u00e1s de 9.000 contratos de alquiler completo para todos los a\u00f1os para incluir las diferentes partes y tiene unos ingresos anuales que superaron los $ 600 millones. \u00bfPor qu\u00e9 elegir AirCharter.com Llc? Jefe de la cuenta especial &#8211; tan pronto como recibamos su solicitud, le se\u00f1alar\u00e9 su propio experto de alquiler personalizado. Ellos ser\u00e1n accesibles desde el momento de reservar su vuelo a la hora de su llegada. Cada paso del camino, su especialista Jet Privado estar\u00e1 con ustedes y accesible cuando usted lo necesite. Jefe de la cuenta especial &#8211; tan pronto como recibamos su solicitud, le se\u00f1alar\u00e9 su propio experto de alquiler personalizado . Ellos ser\u00e1n accesibles desde el momento de reservar su\" \/>\n<meta property=\"og:url\" content=\"https:\/\/www.aircharter.com\/jet-privado\/\" \/>\n<meta property=\"og:site_name\" content=\"Aircharter\" \/>\n<meta property=\"article:modified_time\" content=\"2022-12-11T22:52:47+00:00\" \/>\n<meta property=\"og:image\" content=\"https:\/\/www.aircharter.com\/wp-content\/uploads\/2013\/06\/plane_mountains-300x184.jpg\" \/>\n<meta name=\"twitter:card\" content=\"summary_large_image\" \/>\n<meta name=\"twitter:label1\" content=\"Tiempo de lectura\" \/>\n\t<meta name=\"twitter:data1\" content=\"3 minutos\" \/>\n<script type=\"application\/ld+json\" class=\"yoast-schema-graph\">{\"@context\":\"https:\\\/\\\/schema.org\",\"@graph\":[{\"@type\":\"WebPage\",\"@id\":\"https:\\\/\\\/www.aircharter.com\\\/jet-privado\\\/\",\"url\":\"https:\\\/\\\/www.aircharter.com\\\/jet-privado\\\/\",\"name\":\"Jet Privado - Aircharter\",\"isPartOf\":{\"@id\":\"https:\\\/\\\/www.aircharter.com\\\/de\\\/#website\"},\"primaryImageOfPage\":{\"@id\":\"https:\\\/\\\/www.aircharter.com\\\/jet-privado\\\/#primaryimage\"},\"image\":{\"@id\":\"https:\\\/\\\/www.aircharter.com\\\/jet-privado\\\/#primaryimage\"},\"thumbnailUrl\":\"https:\\\/\\\/www.aircharter.com\\\/wp-content\\\/uploads\\\/2013\\\/06\\\/plane_mountains-300x184.jpg\",\"datePublished\":\"2014-03-07T21:22:41+00:00\",\"dateModified\":\"2022-12-11T22:52:47+00:00\",\"breadcrumb\":{\"@id\":\"https:\\\/\\\/www.aircharter.com\\\/jet-privado\\\/#breadcrumb\"},\"inLanguage\":\"es\",\"potentialAction\":[{\"@type\":\"ReadAction\",\"target\":[\"https:\\\/\\\/www.aircharter.com\\\/jet-privado\\\/\"]}]},{\"@type\":\"ImageObject\",\"inLanguage\":\"es\",\"@id\":\"https:\\\/\\\/www.aircharter.com\\\/jet-privado\\\/#primaryimage\",\"url\":\"https:\\\/\\\/www.aircharter.com\\\/wp-content\\\/uploads\\\/2013\\\/06\\\/plane_mountains-300x184.jpg\",\"contentUrl\":\"https:\\\/\\\/www.aircharter.com\\\/wp-content\\\/uploads\\\/2013\\\/06\\\/plane_mountains-300x184.jpg\"},{\"@type\":\"BreadcrumbList\",\"@id\":\"https:\\\/\\\/www.aircharter.com\\\/jet-privado\\\/#breadcrumb\",\"itemListElement\":[{\"@type\":\"ListItem\",\"position\":1,\"name\":\"Home\",\"item\":\"https:\\\/\\\/www.aircharter.com\\\/\"},{\"@type\":\"ListItem\",\"position\":2,\"name\":\"Jet Privado\"}]},{\"@type\":\"WebSite\",\"@id\":\"https:\\\/\\\/www.aircharter.com\\\/de\\\/#website\",\"url\":\"https:\\\/\\\/www.aircharter.com\\\/de\\\/\",\"name\":\"Aircharter\",\"description\":\"Air Charter | Private Jet Charter &amp; Rental | Fly Smarter | Hire a Business Jet\",\"publisher\":{\"@id\":\"https:\\\/\\\/www.aircharter.com\\\/de\\\/#organization\"},\"potentialAction\":[{\"@type\":\"SearchAction\",\"target\":{\"@type\":\"EntryPoint\",\"urlTemplate\":\"https:\\\/\\\/www.aircharter.com\\\/de\\\/?s={search_term_string}\"},\"query-input\":{\"@type\":\"PropertyValueSpecification\",\"valueRequired\":true,\"valueName\":\"search_term_string\"}}],\"inLanguage\":\"es\"},{\"@type\":\"Organization\",\"@id\":\"https:\\\/\\\/www.aircharter.com\\\/de\\\/#organization\",\"name\":\"Aircharter.com LLC\",\"url\":\"https:\\\/\\\/www.aircharter.com\\\/de\\\/\",\"logo\":{\"@type\":\"ImageObject\",\"inLanguage\":\"es\",\"@id\":\"https:\\\/\\\/www.aircharter.com\\\/de\\\/#\\\/schema\\\/logo\\\/image\\\/\",\"url\":\"https:\\\/\\\/www.aircharter.com\\\/wp-content\\\/uploads\\\/2022\\\/12\\\/Aircharter_logo_114X1141-11.png\",\"contentUrl\":\"https:\\\/\\\/www.aircharter.com\\\/wp-content\\\/uploads\\\/2022\\\/12\\\/Aircharter_logo_114X1141-11.png\",\"width\":114,\"height\":114,\"caption\":\"Aircharter.com LLC\"},\"image\":{\"@id\":\"https:\\\/\\\/www.aircharter.com\\\/de\\\/#\\\/schema\\\/logo\\\/image\\\/\"}}]}<\/script>\n<!-- \/ Yoast SEO plugin. -->","yoast_head_json":{"title":"Jet Privado - Aircharter","robots":{"index":"index","follow":"follow","max-snippet":"max-snippet:-1","max-image-preview":"max-image-preview:large","max-video-preview":"max-video-preview:-1"},"canonical":"https:\/\/www.aircharter.com\/jet-privado\/","og_locale":"es_ES","og_type":"article","og_title":"Jet Privado - Aircharter","og_description":"Nuestro grupo de alquiler de jet privado con experiencia trabaja en estrecha colaboraci\u00f3n con usted para encontrar la aeronave sustancial m\u00e1s adecuado para sus necesidades avi\u00f3n privado. Si usted tiene que volar 50 viajeros o cientos, Aircharter evaluar\u00e1 el tama\u00f1o y el plan que le ayude en el avi\u00f3n privado m\u00e1s adecuado para sus necesidades de su grupo. Air Charter Service cuenta con m\u00e1s de dos d\u00e9cadas &#8211; y enorme destreza &#8211; en la entrega de un charter privado para los clientes en todo el mundo. Como componente de la operaci\u00f3n en todo el mundo las 24 horas de Air Charter Service, Aircharter servicio de jet privado est\u00e1 preparado para organizar, coordinar y supervisar alquiler de jet privado para usted y su grupo, donde sea, en cualquier punto y en cualquier caso el que deseas viajar. Echa un vistazo a nuestros jets privados \u00bfPor que AirCharter.com LLC? Air Charter cuenta con m\u00e1s de 17 a\u00f1os de conocimiento de dar resultados charter y utiliza s\u00f3lo los mejores expertos ch\u00e1rter. Aircharter.com organiza m\u00e1s de 9.000 contratos de alquiler completo para todos los a\u00f1os para incluir las diferentes partes y tiene unos ingresos anuales que superaron los $ 600 millones. \u00bfPor qu\u00e9 elegir AirCharter.com Llc? Jefe de la cuenta especial &#8211; tan pronto como recibamos su solicitud, le se\u00f1alar\u00e9 su propio experto de alquiler personalizado. Ellos ser\u00e1n accesibles desde el momento de reservar su vuelo a la hora de su llegada. Cada paso del camino, su especialista Jet Privado estar\u00e1 con ustedes y accesible cuando usted lo necesite. Jefe de la cuenta especial &#8211; tan pronto como recibamos su solicitud, le se\u00f1alar\u00e9 su propio experto de alquiler personalizado . Ellos ser\u00e1n accesibles desde el momento de reservar su","og_url":"https:\/\/www.aircharter.com\/jet-privado\/","og_site_name":"Aircharter","article_modified_time":"2022-12-11T22:52:47+00:00","og_image":[{"url":"https:\/\/www.aircharter.com\/wp-content\/uploads\/2013\/06\/plane_mountains-300x184.jpg","type":"","width":"","height":""}],"twitter_card":"summary_large_image","twitter_misc":{"Tiempo de lectura":"3 minutos"},"schema":{"@context":"https:\/\/schema.org","@graph":[{"@type":"WebPage","@id":"https:\/\/www.aircharter.com\/jet-privado\/","url":"https:\/\/www.aircharter.com\/jet-privado\/","name":"Jet Privado - Aircharter","isPartOf":{"@id":"https:\/\/www.aircharter.com\/de\/#website"},"primaryImageOfPage":{"@id":"https:\/\/www.aircharter.com\/jet-privado\/#primaryimage"},"image":{"@id":"https:\/\/www.aircharter.com\/jet-privado\/#primaryimage"},"thumbnailUrl":"https:\/\/www.aircharter.com\/wp-content\/uploads\/2013\/06\/plane_mountains-300x184.jpg","datePublished":"2014-03-07T21:22:41+00:00","dateModified":"2022-12-11T22:52:47+00:00","breadcrumb":{"@id":"https:\/\/www.aircharter.com\/jet-privado\/#breadcrumb"},"inLanguage":"es","potentialAction":[{"@type":"ReadAction","target":["https:\/\/www.aircharter.com\/jet-privado\/"]}]},{"@type":"ImageObject","inLanguage":"es","@id":"https:\/\/www.aircharter.com\/jet-privado\/#primaryimage","url":"https:\/\/www.aircharter.com\/wp-content\/uploads\/2013\/06\/plane_mountains-300x184.jpg","contentUrl":"https:\/\/www.aircharter.com\/wp-content\/uploads\/2013\/06\/plane_mountains-300x184.jpg"},{"@type":"BreadcrumbList","@id":"https:\/\/www.aircharter.com\/jet-privado\/#breadcrumb","itemListElement":[{"@type":"ListItem","position":1,"name":"Home","item":"https:\/\/www.aircharter.com\/"},{"@type":"ListItem","position":2,"name":"Jet Privado"}]},{"@type":"WebSite","@id":"https:\/\/www.aircharter.com\/de\/#website","url":"https:\/\/www.aircharter.com\/de\/","name":"Aircharter","description":"Air Charter | Private Jet Charter &amp; Rental | Fly Smarter | Hire a Business Jet","publisher":{"@id":"https:\/\/www.aircharter.com\/de\/#organization"},"potentialAction":[{"@type":"SearchAction","target":{"@type":"EntryPoint","urlTemplate":"https:\/\/www.aircharter.com\/de\/?s={search_term_string}"},"query-input":{"@type":"PropertyValueSpecification","valueRequired":true,"valueName":"search_term_string"}}],"inLanguage":"es"},{"@type":"Organization","@id":"https:\/\/www.aircharter.com\/de\/#organization","name":"Aircharter.com LLC","url":"https:\/\/www.aircharter.com\/de\/","logo":{"@type":"ImageObject","inLanguage":"es","@id":"https:\/\/www.aircharter.com\/de\/#\/schema\/logo\/image\/","url":"https:\/\/www.aircharter.com\/wp-content\/uploads\/2022\/12\/Aircharter_logo_114X1141-11.png","contentUrl":"https:\/\/www.aircharter.com\/wp-content\/uploads\/2022\/12\/Aircharter_logo_114X1141-11.png","width":114,"height":114,"caption":"Aircharter.com LLC"},"image":{"@id":"https:\/\/www.aircharter.com\/de\/#\/schema\/logo\/image\/"}}]}},"_links":{"self":[{"href":"https:\/\/www.aircharter.com\/es\/wp-json\/wp\/v2\/pages\/25745","targetHints":{"allow":["GET"]}}],"collection":[{"href":"https:\/\/www.aircharter.com\/es\/wp-json\/wp\/v2\/pages"}],"about":[{"href":"https:\/\/www.aircharter.com\/es\/wp-json\/wp\/v2\/types\/page"}],"author":[{"embeddable":true,"href":"https:\/\/www.aircharter.com\/es\/wp-json\/wp\/v2\/users\/12"}],"replies":[{"embeddable":true,"href":"https:\/\/www.aircharter.com\/es\/wp-json\/wp\/v2\/comments?post=25745"}],"version-history":[{"count":2,"href":"https:\/\/www.aircharter.com\/es\/wp-json\/wp\/v2\/pages\/25745\/revisions"}],"predecessor-version":[{"id":31528,"href":"https:\/\/www.aircharter.com\/es\/wp-json\/wp\/v2\/pages\/25745\/revisions\/31528"}],"wp:attachment":[{"href":"https:\/\/www.aircharter.com\/es\/wp-json\/wp\/v2\/media?parent=25745"}],"curies":[{"name":"wp","href":"https:\/\/api.w.org\/{rel}","templated":true}]}}