{"id":25759,"date":"2014-03-07T16:53:38","date_gmt":"2014-03-07T21:53:38","guid":{"rendered":"https:\/\/www.aircharter.com\/?page_id=25759"},"modified":"2022-12-11T17:52:47","modified_gmt":"2022-12-11T22:52:47","slug":"agentes-de-viajes-de-jets-privados-charter","status":"publish","type":"page","link":"https:\/\/www.aircharter.com\/es\/agentes-de-viajes-de-jets-privados-charter\/","title":{"rendered":"Agentes de viajes de Jets privados charter"},"content":{"rendered":"<p><a href=\"https:\/\/www.aircharter.com\/wp-content\/uploads\/2013\/06\/Gulfstream_5_LgThmb.jpg\"><img decoding=\"async\" class=\"alignright\" title=\"travel agents for private charter jets\" alt=\"travel agents for private charter jets\" src=\"https:\/\/www.aircharter.com\/wp-content\/uploads\/2013\/06\/Gulfstream_5_LgThmb.jpg\" width=\"175\" height=\"119\" \/><\/a><\/p>\n<h1 align=\"left\">Agentes de Viajes de Jets Privados Charter<\/h1>\n<p align=\"left\">Air Charter mantiene relaciones con muchas de las agencias de viajes m\u00e1s importantes del mundo. Proporcionamos el avi\u00f3n m\u00e1s adecuado-misi\u00f3n disponible para cualquier petici\u00f3n, de los turbopropulsores ejecutivos King Air a 367 pasajeros de cabina grande Airbus o Boeing, o cualquier aeronave que sus solicitudes de clientes fuerzas.<\/p>\n<p>Al igual que con nuestros clientes habituales , nosotros nos encargaremos de su solicitud en tiempo y forma con una selecci\u00f3n de opciones de aviones de alta calidad a precios competitivos. Tambi\u00e9n podemos citar la disponibilidad de ida y vuelta en cualquier lugar en todo el pa\u00eds y en el mundo , junto con y cuando las aeronaves de un solo sentido disponible. como agentes de viajes para Private Jets Charter usted se sienta seguro en el trabajo con una empresa de alquiler de jet privado establecida y acreditada. Incluso nos aseguramos de que usted reciba el mejor precio disponible en todo el mercado, con nuestros precios bajos garantizados .<\/p>\n<p>P\u00f3ngase en contacto con nosotros y preguntar acerca de las citas comisionables para aviones charter privado . Proporcionamos respuestas r\u00e1pidas , cotizaciones detalladas escritas competitivos a nuestros agentes de viajes para charter privado Jets y Aeronaves , y hacerse cargo de los impuestos y toda la log\u00edstica . Ponemos a su disposici\u00f3n una confirmaci\u00f3n detallada \/ itinerario, organizar la restauraci\u00f3n y el transporte terrestre, y el vuelo seguimos con usted durante el viaje. Y su contacto carta est\u00e1 disponible 24\/ 7.<\/p>\n<p>Tambi\u00e9n podemos ayudarle si usted necesita un costo exacto o estadio r\u00e1pida , o la informaci\u00f3n de log\u00edstica \/ factibilidad para un charter privado potencial. Mira nuestra selecci\u00f3n de aeronaves para las elecciones de amplia gama que tiene para sus clientes.<\/p>\n<p>Agencias de viajes &#8211; le podemos ahorrar tiempo y energ\u00eda a la vez que le proporciona a nuestros agentes de viajes para Jets privados de la carta con el mejor valor en Private Jet Charter Vuelos para asistir con los viajes de su cliente , mientras que usted gana descuentos. Mediante el uso de nuestros servicios de vuelos ch\u00e1rter , usted puede planear los viajes para sus clientes con facilidad al hablar con uno de nuestros profesionales de viajes con experiencia.<\/p>\n<p>Al colaborar con ellos le ofrecemos nuestros agentes de viajes para Private Jets Charter algunos de los paquetes m\u00e1s exclusivos de vacaciones de lujo en cualquier lugar. Ninguna otra empresa ofrece el mismo nivel de servicio para Agentes de Viaje para jets privados .<\/p>\n<p>Sea cual sea a\u00e9reo privado servicios de agente de viajes que necesita, estamos aqu\u00ed para representar a usted o su empresa .<\/p>\n<p>Usted nos dice sus necesidades, ponemos a su disposici\u00f3n los servicios, la seguridad , la seguridad , el lujo , la comodidad a los mejores precios posibles , con un preaviso de tan s\u00f3lo cuatro horas , el acceso a cualquier parte del mundo por cualquier servicio de jet privado que pueda necesitar.<\/p>\n<p>Por favor ll\u00e1menos al 415-464-0400 o 1-866-FLY-CHTR<\/p>\n","protected":false},"excerpt":{"rendered":"<p>Agentes de Viajes de Jets Privados Charter Air Charter mantiene relaciones con muchas de las agencias de viajes m\u00e1s importantes del mundo. Proporcionamos el avi\u00f3n m\u00e1s adecuado-misi\u00f3n disponible para cualquier petici\u00f3n, de los turbopropulsores ejecutivos King Air a 367 pasajeros de cabina grande Airbus o Boeing, o cualquier aeronave que sus solicitudes de clientes fuerzas. Al igual que con nuestros clientes habituales , nosotros nos encargaremos de su solicitud en tiempo y forma con una selecci\u00f3n de opciones de aviones de alta calidad a precios competitivos. Tambi\u00e9n podemos citar la disponibilidad de ida y vuelta en cualquier lugar en todo el pa\u00eds y en el mundo , junto con y cuando las aeronaves de un solo sentido disponible. como agentes de viajes para Private Jets Charter usted se sienta seguro en el trabajo con una empresa de alquiler de jet privado establecida y acreditada. Incluso nos aseguramos de que usted reciba el mejor precio disponible en todo el mercado, con nuestros precios bajos garantizados . P\u00f3ngase en contacto con nosotros y preguntar acerca de las citas comisionables para aviones charter privado . Proporcionamos respuestas r\u00e1pidas , cotizaciones detalladas escritas competitivos a nuestros agentes de viajes para charter privado Jets y Aeronaves , y hacerse cargo de los impuestos y toda la log\u00edstica . Ponemos a su disposici\u00f3n una confirmaci\u00f3n detallada \/ itinerario, organizar la restauraci\u00f3n y el transporte terrestre, y el vuelo seguimos con usted durante el viaje. Y su contacto carta est\u00e1 disponible 24\/ 7. Tambi\u00e9n podemos ayudarle si usted necesita un costo exacto o estadio r\u00e1pida , o la informaci\u00f3n de log\u00edstica \/ factibilidad para un charter privado potencial. Mira nuestra selecci\u00f3n de aeronaves para las elecciones de amplia gama que tiene para<\/p>\n","protected":false},"author":12,"featured_media":0,"parent":0,"menu_order":0,"comment_status":"closed","ping_status":"closed","template":"","meta":{"footnotes":""},"class_list":["post-25759","page","type-page","status-publish","hentry"],"yoast_head":"<!-- This site is optimized with the Yoast SEO plugin v27.4 - https:\/\/yoast.com\/product\/yoast-seo-wordpress\/ -->\n<title>Agentes de viajes de Jets privados charter - Aircharter<\/title>\n<meta name=\"robots\" content=\"index, follow, max-snippet:-1, max-image-preview:large, max-video-preview:-1\" \/>\n<link rel=\"canonical\" href=\"https:\/\/www.aircharter.com\/agentes-de-viajes-de-jets-privados-charter\/\" \/>\n<meta property=\"og:locale\" content=\"es_ES\" \/>\n<meta property=\"og:type\" content=\"article\" \/>\n<meta property=\"og:title\" content=\"Agentes de viajes de Jets privados charter - Aircharter\" \/>\n<meta property=\"og:description\" content=\"Agentes de Viajes de Jets Privados Charter Air Charter mantiene relaciones con muchas de las agencias de viajes m\u00e1s importantes del mundo. Proporcionamos el avi\u00f3n m\u00e1s adecuado-misi\u00f3n disponible para cualquier petici\u00f3n, de los turbopropulsores ejecutivos King Air a 367 pasajeros de cabina grande Airbus o Boeing, o cualquier aeronave que sus solicitudes de clientes fuerzas. Al igual que con nuestros clientes habituales , nosotros nos encargaremos de su solicitud en tiempo y forma con una selecci\u00f3n de opciones de aviones de alta calidad a precios competitivos. Tambi\u00e9n podemos citar la disponibilidad de ida y vuelta en cualquier lugar en todo el pa\u00eds y en el mundo , junto con y cuando las aeronaves de un solo sentido disponible. como agentes de viajes para Private Jets Charter usted se sienta seguro en el trabajo con una empresa de alquiler de jet privado establecida y acreditada. Incluso nos aseguramos de que usted reciba el mejor precio disponible en todo el mercado, con nuestros precios bajos garantizados . P\u00f3ngase en contacto con nosotros y preguntar acerca de las citas comisionables para aviones charter privado . Proporcionamos respuestas r\u00e1pidas , cotizaciones detalladas escritas competitivos a nuestros agentes de viajes para charter privado Jets y Aeronaves , y hacerse cargo de los impuestos y toda la log\u00edstica . Ponemos a su disposici\u00f3n una confirmaci\u00f3n detallada \/ itinerario, organizar la restauraci\u00f3n y el transporte terrestre, y el vuelo seguimos con usted durante el viaje. Y su contacto carta est\u00e1 disponible 24\/ 7. Tambi\u00e9n podemos ayudarle si usted necesita un costo exacto o estadio r\u00e1pida , o la informaci\u00f3n de log\u00edstica \/ factibilidad para un charter privado potencial. Mira nuestra selecci\u00f3n de aeronaves para las elecciones de amplia gama que tiene para\" \/>\n<meta property=\"og:url\" content=\"https:\/\/www.aircharter.com\/agentes-de-viajes-de-jets-privados-charter\/\" \/>\n<meta property=\"og:site_name\" content=\"Aircharter\" \/>\n<meta property=\"article:modified_time\" content=\"2022-12-11T22:52:47+00:00\" \/>\n<meta property=\"og:image\" content=\"https:\/\/www.aircharter.com\/wp-content\/uploads\/2013\/06\/Gulfstream_5_LgThmb.jpg\" \/>\n<meta name=\"twitter:card\" content=\"summary_large_image\" \/>\n<meta name=\"twitter:label1\" content=\"Tiempo de lectura\" \/>\n\t<meta name=\"twitter:data1\" content=\"3 minutos\" \/>\n<script type=\"application\/ld+json\" class=\"yoast-schema-graph\">{\"@context\":\"https:\\\/\\\/schema.org\",\"@graph\":[{\"@type\":\"WebPage\",\"@id\":\"https:\\\/\\\/www.aircharter.com\\\/agentes-de-viajes-de-jets-privados-charter\\\/\",\"url\":\"https:\\\/\\\/www.aircharter.com\\\/agentes-de-viajes-de-jets-privados-charter\\\/\",\"name\":\"Agentes de viajes de Jets privados charter - Aircharter\",\"isPartOf\":{\"@id\":\"https:\\\/\\\/www.aircharter.com\\\/de\\\/#website\"},\"primaryImageOfPage\":{\"@id\":\"https:\\\/\\\/www.aircharter.com\\\/agentes-de-viajes-de-jets-privados-charter\\\/#primaryimage\"},\"image\":{\"@id\":\"https:\\\/\\\/www.aircharter.com\\\/agentes-de-viajes-de-jets-privados-charter\\\/#primaryimage\"},\"thumbnailUrl\":\"https:\\\/\\\/www.aircharter.com\\\/wp-content\\\/uploads\\\/2013\\\/06\\\/Gulfstream_5_LgThmb.jpg\",\"datePublished\":\"2014-03-07T21:53:38+00:00\",\"dateModified\":\"2022-12-11T22:52:47+00:00\",\"breadcrumb\":{\"@id\":\"https:\\\/\\\/www.aircharter.com\\\/agentes-de-viajes-de-jets-privados-charter\\\/#breadcrumb\"},\"inLanguage\":\"es\",\"potentialAction\":[{\"@type\":\"ReadAction\",\"target\":[\"https:\\\/\\\/www.aircharter.com\\\/agentes-de-viajes-de-jets-privados-charter\\\/\"]}]},{\"@type\":\"ImageObject\",\"inLanguage\":\"es\",\"@id\":\"https:\\\/\\\/www.aircharter.com\\\/agentes-de-viajes-de-jets-privados-charter\\\/#primaryimage\",\"url\":\"https:\\\/\\\/www.aircharter.com\\\/wp-content\\\/uploads\\\/2013\\\/06\\\/Gulfstream_5_LgThmb.jpg\",\"contentUrl\":\"https:\\\/\\\/www.aircharter.com\\\/wp-content\\\/uploads\\\/2013\\\/06\\\/Gulfstream_5_LgThmb.jpg\"},{\"@type\":\"BreadcrumbList\",\"@id\":\"https:\\\/\\\/www.aircharter.com\\\/agentes-de-viajes-de-jets-privados-charter\\\/#breadcrumb\",\"itemListElement\":[{\"@type\":\"ListItem\",\"position\":1,\"name\":\"Home\",\"item\":\"https:\\\/\\\/www.aircharter.com\\\/\"},{\"@type\":\"ListItem\",\"position\":2,\"name\":\"Agentes de viajes de Jets privados charter\"}]},{\"@type\":\"WebSite\",\"@id\":\"https:\\\/\\\/www.aircharter.com\\\/de\\\/#website\",\"url\":\"https:\\\/\\\/www.aircharter.com\\\/de\\\/\",\"name\":\"Aircharter\",\"description\":\"Air Charter | Private Jet Charter &amp; Rental | Fly Smarter | Hire a Business Jet\",\"publisher\":{\"@id\":\"https:\\\/\\\/www.aircharter.com\\\/de\\\/#organization\"},\"potentialAction\":[{\"@type\":\"SearchAction\",\"target\":{\"@type\":\"EntryPoint\",\"urlTemplate\":\"https:\\\/\\\/www.aircharter.com\\\/de\\\/?s={search_term_string}\"},\"query-input\":{\"@type\":\"PropertyValueSpecification\",\"valueRequired\":true,\"valueName\":\"search_term_string\"}}],\"inLanguage\":\"es\"},{\"@type\":\"Organization\",\"@id\":\"https:\\\/\\\/www.aircharter.com\\\/de\\\/#organization\",\"name\":\"Aircharter.com LLC\",\"url\":\"https:\\\/\\\/www.aircharter.com\\\/de\\\/\",\"logo\":{\"@type\":\"ImageObject\",\"inLanguage\":\"es\",\"@id\":\"https:\\\/\\\/www.aircharter.com\\\/de\\\/#\\\/schema\\\/logo\\\/image\\\/\",\"url\":\"https:\\\/\\\/www.aircharter.com\\\/wp-content\\\/uploads\\\/2022\\\/12\\\/Aircharter_logo_114X1141-11.png\",\"contentUrl\":\"https:\\\/\\\/www.aircharter.com\\\/wp-content\\\/uploads\\\/2022\\\/12\\\/Aircharter_logo_114X1141-11.png\",\"width\":114,\"height\":114,\"caption\":\"Aircharter.com LLC\"},\"image\":{\"@id\":\"https:\\\/\\\/www.aircharter.com\\\/de\\\/#\\\/schema\\\/logo\\\/image\\\/\"}}]}<\/script>\n<!-- \/ Yoast SEO plugin. -->","yoast_head_json":{"title":"Agentes de viajes de Jets privados charter - Aircharter","robots":{"index":"index","follow":"follow","max-snippet":"max-snippet:-1","max-image-preview":"max-image-preview:large","max-video-preview":"max-video-preview:-1"},"canonical":"https:\/\/www.aircharter.com\/agentes-de-viajes-de-jets-privados-charter\/","og_locale":"es_ES","og_type":"article","og_title":"Agentes de viajes de Jets privados charter - Aircharter","og_description":"Agentes de Viajes de Jets Privados Charter Air Charter mantiene relaciones con muchas de las agencias de viajes m\u00e1s importantes del mundo. Proporcionamos el avi\u00f3n m\u00e1s adecuado-misi\u00f3n disponible para cualquier petici\u00f3n, de los turbopropulsores ejecutivos King Air a 367 pasajeros de cabina grande Airbus o Boeing, o cualquier aeronave que sus solicitudes de clientes fuerzas. Al igual que con nuestros clientes habituales , nosotros nos encargaremos de su solicitud en tiempo y forma con una selecci\u00f3n de opciones de aviones de alta calidad a precios competitivos. Tambi\u00e9n podemos citar la disponibilidad de ida y vuelta en cualquier lugar en todo el pa\u00eds y en el mundo , junto con y cuando las aeronaves de un solo sentido disponible. como agentes de viajes para Private Jets Charter usted se sienta seguro en el trabajo con una empresa de alquiler de jet privado establecida y acreditada. Incluso nos aseguramos de que usted reciba el mejor precio disponible en todo el mercado, con nuestros precios bajos garantizados . P\u00f3ngase en contacto con nosotros y preguntar acerca de las citas comisionables para aviones charter privado . Proporcionamos respuestas r\u00e1pidas , cotizaciones detalladas escritas competitivos a nuestros agentes de viajes para charter privado Jets y Aeronaves , y hacerse cargo de los impuestos y toda la log\u00edstica . Ponemos a su disposici\u00f3n una confirmaci\u00f3n detallada \/ itinerario, organizar la restauraci\u00f3n y el transporte terrestre, y el vuelo seguimos con usted durante el viaje. Y su contacto carta est\u00e1 disponible 24\/ 7. Tambi\u00e9n podemos ayudarle si usted necesita un costo exacto o estadio r\u00e1pida , o la informaci\u00f3n de log\u00edstica \/ factibilidad para un charter privado potencial. Mira nuestra selecci\u00f3n de aeronaves para las elecciones de amplia gama que tiene para","og_url":"https:\/\/www.aircharter.com\/agentes-de-viajes-de-jets-privados-charter\/","og_site_name":"Aircharter","article_modified_time":"2022-12-11T22:52:47+00:00","og_image":[{"url":"https:\/\/www.aircharter.com\/wp-content\/uploads\/2013\/06\/Gulfstream_5_LgThmb.jpg","type":"","width":"","height":""}],"twitter_card":"summary_large_image","twitter_misc":{"Tiempo de lectura":"3 minutos"},"schema":{"@context":"https:\/\/schema.org","@graph":[{"@type":"WebPage","@id":"https:\/\/www.aircharter.com\/agentes-de-viajes-de-jets-privados-charter\/","url":"https:\/\/www.aircharter.com\/agentes-de-viajes-de-jets-privados-charter\/","name":"Agentes de viajes de Jets privados charter - Aircharter","isPartOf":{"@id":"https:\/\/www.aircharter.com\/de\/#website"},"primaryImageOfPage":{"@id":"https:\/\/www.aircharter.com\/agentes-de-viajes-de-jets-privados-charter\/#primaryimage"},"image":{"@id":"https:\/\/www.aircharter.com\/agentes-de-viajes-de-jets-privados-charter\/#primaryimage"},"thumbnailUrl":"https:\/\/www.aircharter.com\/wp-content\/uploads\/2013\/06\/Gulfstream_5_LgThmb.jpg","datePublished":"2014-03-07T21:53:38+00:00","dateModified":"2022-12-11T22:52:47+00:00","breadcrumb":{"@id":"https:\/\/www.aircharter.com\/agentes-de-viajes-de-jets-privados-charter\/#breadcrumb"},"inLanguage":"es","potentialAction":[{"@type":"ReadAction","target":["https:\/\/www.aircharter.com\/agentes-de-viajes-de-jets-privados-charter\/"]}]},{"@type":"ImageObject","inLanguage":"es","@id":"https:\/\/www.aircharter.com\/agentes-de-viajes-de-jets-privados-charter\/#primaryimage","url":"https:\/\/www.aircharter.com\/wp-content\/uploads\/2013\/06\/Gulfstream_5_LgThmb.jpg","contentUrl":"https:\/\/www.aircharter.com\/wp-content\/uploads\/2013\/06\/Gulfstream_5_LgThmb.jpg"},{"@type":"BreadcrumbList","@id":"https:\/\/www.aircharter.com\/agentes-de-viajes-de-jets-privados-charter\/#breadcrumb","itemListElement":[{"@type":"ListItem","position":1,"name":"Home","item":"https:\/\/www.aircharter.com\/"},{"@type":"ListItem","position":2,"name":"Agentes de viajes de Jets privados charter"}]},{"@type":"WebSite","@id":"https:\/\/www.aircharter.com\/de\/#website","url":"https:\/\/www.aircharter.com\/de\/","name":"Aircharter","description":"Air Charter | Private Jet Charter &amp; Rental | Fly Smarter | Hire a Business Jet","publisher":{"@id":"https:\/\/www.aircharter.com\/de\/#organization"},"potentialAction":[{"@type":"SearchAction","target":{"@type":"EntryPoint","urlTemplate":"https:\/\/www.aircharter.com\/de\/?s={search_term_string}"},"query-input":{"@type":"PropertyValueSpecification","valueRequired":true,"valueName":"search_term_string"}}],"inLanguage":"es"},{"@type":"Organization","@id":"https:\/\/www.aircharter.com\/de\/#organization","name":"Aircharter.com LLC","url":"https:\/\/www.aircharter.com\/de\/","logo":{"@type":"ImageObject","inLanguage":"es","@id":"https:\/\/www.aircharter.com\/de\/#\/schema\/logo\/image\/","url":"https:\/\/www.aircharter.com\/wp-content\/uploads\/2022\/12\/Aircharter_logo_114X1141-11.png","contentUrl":"https:\/\/www.aircharter.com\/wp-content\/uploads\/2022\/12\/Aircharter_logo_114X1141-11.png","width":114,"height":114,"caption":"Aircharter.com LLC"},"image":{"@id":"https:\/\/www.aircharter.com\/de\/#\/schema\/logo\/image\/"}}]}},"_links":{"self":[{"href":"https:\/\/www.aircharter.com\/es\/wp-json\/wp\/v2\/pages\/25759","targetHints":{"allow":["GET"]}}],"collection":[{"href":"https:\/\/www.aircharter.com\/es\/wp-json\/wp\/v2\/pages"}],"about":[{"href":"https:\/\/www.aircharter.com\/es\/wp-json\/wp\/v2\/types\/page"}],"author":[{"embeddable":true,"href":"https:\/\/www.aircharter.com\/es\/wp-json\/wp\/v2\/users\/12"}],"replies":[{"embeddable":true,"href":"https:\/\/www.aircharter.com\/es\/wp-json\/wp\/v2\/comments?post=25759"}],"version-history":[{"count":1,"href":"https:\/\/www.aircharter.com\/es\/wp-json\/wp\/v2\/pages\/25759\/revisions"}],"predecessor-version":[{"id":25762,"href":"https:\/\/www.aircharter.com\/es\/wp-json\/wp\/v2\/pages\/25759\/revisions\/25762"}],"wp:attachment":[{"href":"https:\/\/www.aircharter.com\/es\/wp-json\/wp\/v2\/media?parent=25759"}],"curies":[{"name":"wp","href":"https:\/\/api.w.org\/{rel}","templated":true}]}}