{"id":25775,"date":"2014-03-07T18:12:32","date_gmt":"2014-03-07T23:12:32","guid":{"rendered":"https:\/\/www.aircharter.com\/?page_id=25775"},"modified":"2022-12-11T17:52:46","modified_gmt":"2022-12-11T22:52:46","slug":"charter-jet-privado","status":"publish","type":"page","link":"https:\/\/www.aircharter.com\/es\/charter-jet-privado\/","title":{"rendered":"Charter Jet Privado"},"content":{"rendered":"<h1>Charter Jet Privado<\/h1>\n<p>Nuestro experimentado equipo trabaja en estrecha colaboraci\u00f3n con usted para encontrar el avi\u00f3n grande apropiado para su grupo. Ya sea que usted necesita para volar 50 pasajeros o miles, Aircharter evaluar\u00e1 el tama\u00f1o de su grupo y el presupuesto para ayudarle en la selection.Looking avi\u00f3n m\u00e1s adecuado para un alquiler de jet privado al mejor precio? AirCharter.com es la \u00fanica compa\u00f1\u00eda de jet privado que ofrece fijos, precios bajos garantizados para vuelos entre 25.000 parejas de aeropuertos comerciales y privados, y las opciones de personalizaci\u00f3n de estos vuelos para satisfacer sus needs.Select espec\u00edfica una ciudad de salida y de destino para ver ejemplos de nuestro fijo precios. Los precios indicados son para viajes de ida entre los aeropuertos preferidos AirCharter.com &#8216;s.<\/p>\n<p><img decoding=\"async\" title=\"private jet charter\" alt=\"private jet charter\" src=\"https:\/\/www.aircharter.com\/wp-content\/uploads\/2013\/06\/Gulfstream_5_LgThmb.jpg\" width=\"175\" height=\"119\" \/><\/p>\n<h1>Charter Jet Privado:<\/h1>\n<p>\u00bfNo le gustar\u00eda tener la mejor experiencia en jet privado nunca, as\u00ed que ahora puede cuando usted alquilar un jet privado desde Air Charter .<\/p>\n<p>desde 1996 es todo lo que hemos estado haciendo para nuestros clientes. Somos mucho m\u00e1s que un avi\u00f3n de la compa\u00f1\u00eda charter privado mundial con personal multiling\u00fce experimentado en cinco zonas de tiempo , trabajando en oficinas en Nueva York, San Francisco , Europa , Oriente Medio y Asia.<\/p>\n<p>Nuestra misi\u00f3n es ir por encima y m\u00e1s all\u00e1 : trabajamos duro para ofrecer a nuestros clientes una experiencia especial que es insuperable . Estamos totalmente comprometidos con nuestra creencia de que las cuestiones de calidad, la entrega de usted, el cliente , el mejor servicio de jet privado en el mundo .<\/p>\n<p>&nbsp;<\/p>\n<p>Deje que Air Charter ser departamento de vuelo de su empresa para todas sus necesidades de alquiler de jet privado , al igual que las empresas m\u00e1s exitosas del mundo han confiado AirCharter.com durante a\u00f1os como su departamento de vuelo exclusiva . Una alternativa a la posesi\u00f3n de una sola aeronave privada o peque\u00f1a flota de aviones privados , Aircharter permite a las empresas maximizar su productividad y reducir al m\u00ednimo su inversi\u00f3n.<\/p>\n<p>Varios vuelos de flete a\u00e9reo se pueden arreglar a volar al mismo tiempo , teniendo en cuenta el alcance global y la m\u00e1xima eficiencia. Un tiempo precioso se salva mediante el embarque expedito ya bordo de las reuniones. Incluso el transporte terrestre se puede organizar a su salida y sus aeropuertos de destino , asegur\u00e1ndose de que cada vuelo charter privado es perfecta.<\/p>\n<p>Para todas sus alquileres de vuelos ch\u00e1rter y vuelos ejecutivos Aircharter.com LLC es la empresa de corretaje de ch\u00e1rter en un jet completa a utilizar .<\/p>\n","protected":false},"excerpt":{"rendered":"<p>Charter Jet Privado Nuestro experimentado equipo trabaja en estrecha colaboraci\u00f3n con usted para encontrar el avi\u00f3n grande apropiado para su grupo. Ya sea que usted necesita para volar 50 pasajeros o miles, Aircharter evaluar\u00e1 el tama\u00f1o de su grupo y el presupuesto para ayudarle en la selection.Looking avi\u00f3n m\u00e1s adecuado para un alquiler de jet privado al mejor precio? AirCharter.com es la \u00fanica compa\u00f1\u00eda de jet privado que ofrece fijos, precios bajos garantizados para vuelos entre 25.000 parejas de aeropuertos comerciales y privados, y las opciones de personalizaci\u00f3n de estos vuelos para satisfacer sus needs.Select espec\u00edfica una ciudad de salida y de destino para ver ejemplos de nuestro fijo precios. Los precios indicados son para viajes de ida entre los aeropuertos preferidos AirCharter.com &#8216;s. Charter Jet Privado: \u00bfNo le gustar\u00eda tener la mejor experiencia en jet privado nunca, as\u00ed que ahora puede cuando usted alquilar un jet privado desde Air Charter . desde 1996 es todo lo que hemos estado haciendo para nuestros clientes. Somos mucho m\u00e1s que un avi\u00f3n de la compa\u00f1\u00eda charter privado mundial con personal multiling\u00fce experimentado en cinco zonas de tiempo , trabajando en oficinas en Nueva York, San Francisco , Europa , Oriente Medio y Asia. Nuestra misi\u00f3n es ir por encima y m\u00e1s all\u00e1 : trabajamos duro para ofrecer a nuestros clientes una experiencia especial que es insuperable . Estamos totalmente comprometidos con nuestra creencia de que las cuestiones de calidad, la entrega de usted, el cliente , el mejor servicio de jet privado en el mundo . &nbsp; Deje que Air Charter ser departamento de vuelo de su empresa para todas sus necesidades de alquiler de jet privado , al igual que las empresas m\u00e1s exitosas del mundo<\/p>\n","protected":false},"author":12,"featured_media":0,"parent":0,"menu_order":0,"comment_status":"closed","ping_status":"closed","template":"","meta":{"footnotes":""},"class_list":["post-25775","page","type-page","status-publish","hentry"],"yoast_head":"<!-- This site is optimized with the Yoast SEO plugin v27.4 - https:\/\/yoast.com\/product\/yoast-seo-wordpress\/ -->\n<title>Charter Jet Privado - Aircharter<\/title>\n<meta name=\"robots\" content=\"index, follow, max-snippet:-1, max-image-preview:large, max-video-preview:-1\" \/>\n<link rel=\"canonical\" href=\"https:\/\/www.aircharter.com\/charter-jet-privado\/\" \/>\n<meta property=\"og:locale\" content=\"es_ES\" \/>\n<meta property=\"og:type\" content=\"article\" \/>\n<meta property=\"og:title\" content=\"Charter Jet Privado - Aircharter\" \/>\n<meta property=\"og:description\" content=\"Charter Jet Privado Nuestro experimentado equipo trabaja en estrecha colaboraci\u00f3n con usted para encontrar el avi\u00f3n grande apropiado para su grupo. Ya sea que usted necesita para volar 50 pasajeros o miles, Aircharter evaluar\u00e1 el tama\u00f1o de su grupo y el presupuesto para ayudarle en la selection.Looking avi\u00f3n m\u00e1s adecuado para un alquiler de jet privado al mejor precio? AirCharter.com es la \u00fanica compa\u00f1\u00eda de jet privado que ofrece fijos, precios bajos garantizados para vuelos entre 25.000 parejas de aeropuertos comerciales y privados, y las opciones de personalizaci\u00f3n de estos vuelos para satisfacer sus needs.Select espec\u00edfica una ciudad de salida y de destino para ver ejemplos de nuestro fijo precios. Los precios indicados son para viajes de ida entre los aeropuertos preferidos AirCharter.com &#8216;s. Charter Jet Privado: \u00bfNo le gustar\u00eda tener la mejor experiencia en jet privado nunca, as\u00ed que ahora puede cuando usted alquilar un jet privado desde Air Charter . desde 1996 es todo lo que hemos estado haciendo para nuestros clientes. Somos mucho m\u00e1s que un avi\u00f3n de la compa\u00f1\u00eda charter privado mundial con personal multiling\u00fce experimentado en cinco zonas de tiempo , trabajando en oficinas en Nueva York, San Francisco , Europa , Oriente Medio y Asia. Nuestra misi\u00f3n es ir por encima y m\u00e1s all\u00e1 : trabajamos duro para ofrecer a nuestros clientes una experiencia especial que es insuperable . Estamos totalmente comprometidos con nuestra creencia de que las cuestiones de calidad, la entrega de usted, el cliente , el mejor servicio de jet privado en el mundo . &nbsp; Deje que Air Charter ser departamento de vuelo de su empresa para todas sus necesidades de alquiler de jet privado , al igual que las empresas m\u00e1s exitosas del mundo\" \/>\n<meta property=\"og:url\" content=\"https:\/\/www.aircharter.com\/charter-jet-privado\/\" \/>\n<meta property=\"og:site_name\" content=\"Aircharter\" \/>\n<meta property=\"article:modified_time\" content=\"2022-12-11T22:52:46+00:00\" \/>\n<meta property=\"og:image\" content=\"https:\/\/www.aircharter.com\/wp-content\/uploads\/2013\/06\/Gulfstream_5_LgThmb.jpg\" \/>\n<meta name=\"twitter:card\" content=\"summary_large_image\" \/>\n<meta name=\"twitter:label1\" content=\"Tiempo de lectura\" \/>\n\t<meta name=\"twitter:data1\" content=\"2 minutos\" \/>\n<script type=\"application\/ld+json\" class=\"yoast-schema-graph\">{\"@context\":\"https:\\\/\\\/schema.org\",\"@graph\":[{\"@type\":\"WebPage\",\"@id\":\"https:\\\/\\\/www.aircharter.com\\\/charter-jet-privado\\\/\",\"url\":\"https:\\\/\\\/www.aircharter.com\\\/charter-jet-privado\\\/\",\"name\":\"Charter Jet Privado - Aircharter\",\"isPartOf\":{\"@id\":\"https:\\\/\\\/www.aircharter.com\\\/de\\\/#website\"},\"primaryImageOfPage\":{\"@id\":\"https:\\\/\\\/www.aircharter.com\\\/charter-jet-privado\\\/#primaryimage\"},\"image\":{\"@id\":\"https:\\\/\\\/www.aircharter.com\\\/charter-jet-privado\\\/#primaryimage\"},\"thumbnailUrl\":\"https:\\\/\\\/www.aircharter.com\\\/wp-content\\\/uploads\\\/2013\\\/06\\\/Gulfstream_5_LgThmb.jpg\",\"datePublished\":\"2014-03-07T23:12:32+00:00\",\"dateModified\":\"2022-12-11T22:52:46+00:00\",\"breadcrumb\":{\"@id\":\"https:\\\/\\\/www.aircharter.com\\\/charter-jet-privado\\\/#breadcrumb\"},\"inLanguage\":\"es\",\"potentialAction\":[{\"@type\":\"ReadAction\",\"target\":[\"https:\\\/\\\/www.aircharter.com\\\/charter-jet-privado\\\/\"]}]},{\"@type\":\"ImageObject\",\"inLanguage\":\"es\",\"@id\":\"https:\\\/\\\/www.aircharter.com\\\/charter-jet-privado\\\/#primaryimage\",\"url\":\"https:\\\/\\\/www.aircharter.com\\\/wp-content\\\/uploads\\\/2013\\\/06\\\/Gulfstream_5_LgThmb.jpg\",\"contentUrl\":\"https:\\\/\\\/www.aircharter.com\\\/wp-content\\\/uploads\\\/2013\\\/06\\\/Gulfstream_5_LgThmb.jpg\"},{\"@type\":\"BreadcrumbList\",\"@id\":\"https:\\\/\\\/www.aircharter.com\\\/charter-jet-privado\\\/#breadcrumb\",\"itemListElement\":[{\"@type\":\"ListItem\",\"position\":1,\"name\":\"Home\",\"item\":\"https:\\\/\\\/www.aircharter.com\\\/\"},{\"@type\":\"ListItem\",\"position\":2,\"name\":\"Charter Jet Privado\"}]},{\"@type\":\"WebSite\",\"@id\":\"https:\\\/\\\/www.aircharter.com\\\/de\\\/#website\",\"url\":\"https:\\\/\\\/www.aircharter.com\\\/de\\\/\",\"name\":\"Aircharter\",\"description\":\"Air Charter | Private Jet Charter &amp; Rental | Fly Smarter | Hire a Business Jet\",\"publisher\":{\"@id\":\"https:\\\/\\\/www.aircharter.com\\\/de\\\/#organization\"},\"potentialAction\":[{\"@type\":\"SearchAction\",\"target\":{\"@type\":\"EntryPoint\",\"urlTemplate\":\"https:\\\/\\\/www.aircharter.com\\\/de\\\/?s={search_term_string}\"},\"query-input\":{\"@type\":\"PropertyValueSpecification\",\"valueRequired\":true,\"valueName\":\"search_term_string\"}}],\"inLanguage\":\"es\"},{\"@type\":\"Organization\",\"@id\":\"https:\\\/\\\/www.aircharter.com\\\/de\\\/#organization\",\"name\":\"Aircharter.com LLC\",\"url\":\"https:\\\/\\\/www.aircharter.com\\\/de\\\/\",\"logo\":{\"@type\":\"ImageObject\",\"inLanguage\":\"es\",\"@id\":\"https:\\\/\\\/www.aircharter.com\\\/de\\\/#\\\/schema\\\/logo\\\/image\\\/\",\"url\":\"https:\\\/\\\/www.aircharter.com\\\/wp-content\\\/uploads\\\/2022\\\/12\\\/Aircharter_logo_114X1141-11.png\",\"contentUrl\":\"https:\\\/\\\/www.aircharter.com\\\/wp-content\\\/uploads\\\/2022\\\/12\\\/Aircharter_logo_114X1141-11.png\",\"width\":114,\"height\":114,\"caption\":\"Aircharter.com LLC\"},\"image\":{\"@id\":\"https:\\\/\\\/www.aircharter.com\\\/de\\\/#\\\/schema\\\/logo\\\/image\\\/\"}}]}<\/script>\n<!-- \/ Yoast SEO plugin. -->","yoast_head_json":{"title":"Charter Jet Privado - Aircharter","robots":{"index":"index","follow":"follow","max-snippet":"max-snippet:-1","max-image-preview":"max-image-preview:large","max-video-preview":"max-video-preview:-1"},"canonical":"https:\/\/www.aircharter.com\/charter-jet-privado\/","og_locale":"es_ES","og_type":"article","og_title":"Charter Jet Privado - Aircharter","og_description":"Charter Jet Privado Nuestro experimentado equipo trabaja en estrecha colaboraci\u00f3n con usted para encontrar el avi\u00f3n grande apropiado para su grupo. Ya sea que usted necesita para volar 50 pasajeros o miles, Aircharter evaluar\u00e1 el tama\u00f1o de su grupo y el presupuesto para ayudarle en la selection.Looking avi\u00f3n m\u00e1s adecuado para un alquiler de jet privado al mejor precio? AirCharter.com es la \u00fanica compa\u00f1\u00eda de jet privado que ofrece fijos, precios bajos garantizados para vuelos entre 25.000 parejas de aeropuertos comerciales y privados, y las opciones de personalizaci\u00f3n de estos vuelos para satisfacer sus needs.Select espec\u00edfica una ciudad de salida y de destino para ver ejemplos de nuestro fijo precios. Los precios indicados son para viajes de ida entre los aeropuertos preferidos AirCharter.com &#8216;s. Charter Jet Privado: \u00bfNo le gustar\u00eda tener la mejor experiencia en jet privado nunca, as\u00ed que ahora puede cuando usted alquilar un jet privado desde Air Charter . desde 1996 es todo lo que hemos estado haciendo para nuestros clientes. Somos mucho m\u00e1s que un avi\u00f3n de la compa\u00f1\u00eda charter privado mundial con personal multiling\u00fce experimentado en cinco zonas de tiempo , trabajando en oficinas en Nueva York, San Francisco , Europa , Oriente Medio y Asia. Nuestra misi\u00f3n es ir por encima y m\u00e1s all\u00e1 : trabajamos duro para ofrecer a nuestros clientes una experiencia especial que es insuperable . Estamos totalmente comprometidos con nuestra creencia de que las cuestiones de calidad, la entrega de usted, el cliente , el mejor servicio de jet privado en el mundo . &nbsp; Deje que Air Charter ser departamento de vuelo de su empresa para todas sus necesidades de alquiler de jet privado , al igual que las empresas m\u00e1s exitosas del mundo","og_url":"https:\/\/www.aircharter.com\/charter-jet-privado\/","og_site_name":"Aircharter","article_modified_time":"2022-12-11T22:52:46+00:00","og_image":[{"url":"https:\/\/www.aircharter.com\/wp-content\/uploads\/2013\/06\/Gulfstream_5_LgThmb.jpg","type":"","width":"","height":""}],"twitter_card":"summary_large_image","twitter_misc":{"Tiempo de lectura":"2 minutos"},"schema":{"@context":"https:\/\/schema.org","@graph":[{"@type":"WebPage","@id":"https:\/\/www.aircharter.com\/charter-jet-privado\/","url":"https:\/\/www.aircharter.com\/charter-jet-privado\/","name":"Charter Jet Privado - Aircharter","isPartOf":{"@id":"https:\/\/www.aircharter.com\/de\/#website"},"primaryImageOfPage":{"@id":"https:\/\/www.aircharter.com\/charter-jet-privado\/#primaryimage"},"image":{"@id":"https:\/\/www.aircharter.com\/charter-jet-privado\/#primaryimage"},"thumbnailUrl":"https:\/\/www.aircharter.com\/wp-content\/uploads\/2013\/06\/Gulfstream_5_LgThmb.jpg","datePublished":"2014-03-07T23:12:32+00:00","dateModified":"2022-12-11T22:52:46+00:00","breadcrumb":{"@id":"https:\/\/www.aircharter.com\/charter-jet-privado\/#breadcrumb"},"inLanguage":"es","potentialAction":[{"@type":"ReadAction","target":["https:\/\/www.aircharter.com\/charter-jet-privado\/"]}]},{"@type":"ImageObject","inLanguage":"es","@id":"https:\/\/www.aircharter.com\/charter-jet-privado\/#primaryimage","url":"https:\/\/www.aircharter.com\/wp-content\/uploads\/2013\/06\/Gulfstream_5_LgThmb.jpg","contentUrl":"https:\/\/www.aircharter.com\/wp-content\/uploads\/2013\/06\/Gulfstream_5_LgThmb.jpg"},{"@type":"BreadcrumbList","@id":"https:\/\/www.aircharter.com\/charter-jet-privado\/#breadcrumb","itemListElement":[{"@type":"ListItem","position":1,"name":"Home","item":"https:\/\/www.aircharter.com\/"},{"@type":"ListItem","position":2,"name":"Charter Jet Privado"}]},{"@type":"WebSite","@id":"https:\/\/www.aircharter.com\/de\/#website","url":"https:\/\/www.aircharter.com\/de\/","name":"Aircharter","description":"Air Charter | Private Jet Charter &amp; Rental | Fly Smarter | Hire a Business Jet","publisher":{"@id":"https:\/\/www.aircharter.com\/de\/#organization"},"potentialAction":[{"@type":"SearchAction","target":{"@type":"EntryPoint","urlTemplate":"https:\/\/www.aircharter.com\/de\/?s={search_term_string}"},"query-input":{"@type":"PropertyValueSpecification","valueRequired":true,"valueName":"search_term_string"}}],"inLanguage":"es"},{"@type":"Organization","@id":"https:\/\/www.aircharter.com\/de\/#organization","name":"Aircharter.com LLC","url":"https:\/\/www.aircharter.com\/de\/","logo":{"@type":"ImageObject","inLanguage":"es","@id":"https:\/\/www.aircharter.com\/de\/#\/schema\/logo\/image\/","url":"https:\/\/www.aircharter.com\/wp-content\/uploads\/2022\/12\/Aircharter_logo_114X1141-11.png","contentUrl":"https:\/\/www.aircharter.com\/wp-content\/uploads\/2022\/12\/Aircharter_logo_114X1141-11.png","width":114,"height":114,"caption":"Aircharter.com LLC"},"image":{"@id":"https:\/\/www.aircharter.com\/de\/#\/schema\/logo\/image\/"}}]}},"_links":{"self":[{"href":"https:\/\/www.aircharter.com\/es\/wp-json\/wp\/v2\/pages\/25775","targetHints":{"allow":["GET"]}}],"collection":[{"href":"https:\/\/www.aircharter.com\/es\/wp-json\/wp\/v2\/pages"}],"about":[{"href":"https:\/\/www.aircharter.com\/es\/wp-json\/wp\/v2\/types\/page"}],"author":[{"embeddable":true,"href":"https:\/\/www.aircharter.com\/es\/wp-json\/wp\/v2\/users\/12"}],"replies":[{"embeddable":true,"href":"https:\/\/www.aircharter.com\/es\/wp-json\/wp\/v2\/comments?post=25775"}],"version-history":[{"count":1,"href":"https:\/\/www.aircharter.com\/es\/wp-json\/wp\/v2\/pages\/25775\/revisions"}],"predecessor-version":[{"id":25776,"href":"https:\/\/www.aircharter.com\/es\/wp-json\/wp\/v2\/pages\/25775\/revisions\/25776"}],"wp:attachment":[{"href":"https:\/\/www.aircharter.com\/es\/wp-json\/wp\/v2\/media?parent=25775"}],"curies":[{"name":"wp","href":"https:\/\/api.w.org\/{rel}","templated":true}]}}