{"id":25823,"date":"2014-03-10T13:47:44","date_gmt":"2014-03-10T17:47:44","guid":{"rendered":"https:\/\/www.aircharter.com\/?page_id=25823"},"modified":"2022-12-11T17:52:45","modified_gmt":"2022-12-11T22:52:45","slug":"jet-charter-broker-2","status":"publish","type":"page","link":"https:\/\/www.aircharter.com\/es\/jet-charter-broker-2\/","title":{"rendered":"Jet Charter Broker"},"content":{"rendered":"<h1>Air Charter &#8211;\u00a0<strong>Jet Charter Broker<\/strong><\/h1>\n<p>Departamentos de viajes corporativos de gran tama\u00f1o y las operaciones de vuelo de la compa\u00f1\u00eda que regularmente dependen de un broker de alquiler de jet no necesariamente tienen los recursos para evaluar cada operador de ch\u00e1rter, negociar los<img decoding=\"async\" class=\"alignright\" title=\"jet charter broker\" src=\"https:\/\/www.aircharter.com\/wp-content\/uploads\/2013\/06\/plane_G550.jpg\" alt=\"jet charter broker\" width=\"422\" height=\"259\" \/> precios y obtener el alto nivel de servicio y confiabilidad alquiler de jet broker necesario\u00a0 en el entorno empresarial exigente de hoy. Air Charter cambia todo eso con el Programa Ejecutivo de Gesti\u00f3n de \u00a0Charter que a\u00f1ade consistencia y eficiencia de su compra de flete a\u00e9reo. \u00bfPor qu\u00e9 comprar la propiedad fraccional de un reactor de la empresa cuando se puede pagar por las horas que vuelan? Air Charter est\u00e1 aqu\u00ed para ayudarle en cada paso del camino, utilizando nuestra herramienta de reserva en l\u00ednea, usted puede conseguir un precio web ahora mismo entre cualquier destino en todo el mundo, para 2 pasajeros o miles.<\/p>\n<h1><strong>\u00bfPor\u00a0qu\u00e9\u00a0AirCharter.com S.R.L?<\/strong><strong><div class=\"fusion-fullwidth fullwidth-box fusion-builder-row-1 fusion-flex-container hundred-percent-fullwidth non-hundred-percent-height-scrolling\" style=\"--awb-border-radius-top-left:0px;--awb-border-radius-top-right:0px;--awb-border-radius-bottom-right:0px;--awb-border-radius-bottom-left:0px;--awb-overflow:visible;--awb-margin-top:40px;--awb-background-color:rgba(255,255,255,0);--awb-flex-wrap:wrap;\" ><div class=\"fusion-builder-row fusion-row fusion-flex-align-items-flex-start fusion-flex-content-wrap\" style=\"width:calc( 100% + 0px ) !important;max-width:calc( 100% + 0px ) !important;margin-left: calc(-0px \/ 2 );margin-right: calc(-0px \/ 2 );\"><div class=\"fusion-layout-column fusion_builder_column fusion-builder-column-0 fusion_builder_column_1_1 1_1 fusion-flex-column fusion-flex-align-self-flex-start fusion-column-no-min-height\" style=\"--awb-bg-size:cover;--awb-width-large:100%;--awb-margin-top-large:0px;--awb-spacing-right-large:0px;--awb-margin-bottom-large:0px;--awb-spacing-left-large:0px;--awb-width-medium:100%;--awb-spacing-right-medium:0px;--awb-spacing-left-medium:0px;--awb-width-small:100%;--awb-spacing-right-small:0px;--awb-spacing-left-small:0px;\"><div class=\"fusion-column-wrapper fusion-flex-justify-content-flex-start fusion-content-layout-column\"><div class=\"fusion-separator fusion-full-width-sep\" style=\"align-self: center;margin-left: auto;margin-right: auto;width:100%;\"><div class=\"fusion-separator-border sep-double\" style=\"--awb-height:20px;--awb-amount:20px;border-color:#e0dede;border-top-width:1px;border-bottom-width:1px;\"><\/div><\/div><\/strong><\/h1>\n<div id=\"col_1\">\n<div id=\"col_1_inner\">\n<p>Air Charter cuenta con m\u00e1s de 17 a\u00f1os de experiencia en el suministro de soluciones aut\u00f3nomas y emplea a los mejores expertos ch\u00e1rter. AirCharter.com organiza m\u00e1s de 9.000 contratos de alquiler completo por a\u00f1o para la participaci\u00f3n de m\u00faltiples sectores y tiene unos ingresos anuales de m\u00e1s de $ 600 millones.<\/p>\n<p><strong>\u00bfPor\u00a0qu\u00e9\u00a0AirCharter.com S.R.L?<\/strong><\/p>\n<p><strong><\/div><\/div><\/div><\/div><div class=\"fusion-fullwidth fullwidth-box fusion-builder-row-2 fusion-flex-container hundred-percent-fullwidth non-hundred-percent-height-scrolling\" style=\"--awb-border-radius-top-left:0px;--awb-border-radius-top-right:0px;--awb-border-radius-bottom-right:0px;--awb-border-radius-bottom-left:0px;--awb-overflow:visible;--awb-margin-top:40px;--awb-background-color:rgba(255,255,255,0);--awb-flex-wrap:wrap;\" ><div class=\"fusion-builder-row fusion-row fusion-flex-align-items-flex-start fusion-flex-content-wrap\" style=\"width:calc( 100% + 0px ) !important;max-width:calc( 100% + 0px ) !important;margin-left: calc(-0px \/ 2 );margin-right: calc(-0px \/ 2 );\"><div class=\"fusion-layout-column fusion_builder_column fusion-builder-column-1 fusion_builder_column_1_1 1_1 fusion-flex-column fusion-flex-align-self-flex-start fusion-column-no-min-height\" style=\"--awb-bg-size:cover;--awb-width-large:100%;--awb-margin-top-large:0px;--awb-spacing-right-large:0px;--awb-margin-bottom-large:0px;--awb-spacing-left-large:0px;--awb-width-medium:100%;--awb-spacing-right-medium:0px;--awb-spacing-left-medium:0px;--awb-width-small:100%;--awb-spacing-right-small:0px;--awb-spacing-left-small:0px;\"><div class=\"fusion-column-wrapper fusion-flex-justify-content-flex-start fusion-content-layout-column\"><div class=\"fusion-separator fusion-full-width-sep\" style=\"align-self: center;margin-left: auto;margin-right: auto;width:100%;\"><div class=\"fusion-separator-border sep-double\" style=\"--awb-height:20px;--awb-amount:20px;border-color:#e0dede;border-top-width:1px;border-bottom-width:1px;\"><\/div><\/div><\/strong><\/p>\n<ul>\n<li><strong>Gerente de cuenta personal<\/strong> &#8211; tan pronto como recibamos su solicitud, le asignar\u00e1 su propio experto de charter. Estar\u00e1n disponibles desde el momento de reservar su vuelo al momento de aterrizar.<\/li>\n<li><strong>Soporte de vuelos<\/strong> &#8211; este equipo se asegura de que todas sus necesidades se cumplan a lo largo de toda la experiencia de charter.<\/li>\n<li><strong>Aircharter Protecci\u00f3n de Pagos<\/strong> &#8211; puede estar disponible a bajo costo y que usted y sus clientes a proteger en caso de quiebra de las compa\u00f1\u00edas a\u00e9reas.<\/li>\n<li><strong>El poder de compra<\/strong> &#8211; en los \u00faltimos a\u00f1os, AirCharter.com ha construido muchas relaciones fuertes con las compa\u00f1\u00edas a\u00e9reas. Nuestro tama\u00f1o y reputaci\u00f3n nos permiten negociar mejores precios que luego pueden ser transmitidas como ahorros a nuestros clientes.<\/li>\n<li><strong>Representaci\u00f3n de vuelo de cortes\u00eda<\/strong> &#8211; si lo desea podemos enviarle un miembro del personal para acompa\u00f1ar a su grupo en el vuelo para asegurarse de que todo funcione correctamente y para ofrecerle mayor tranquilidad.<\/li>\n<li><strong>Branding a precio de coste<\/strong> &#8211; desde los uniformes de la tripulaci\u00f3n de cabina a los escritorios y reposacabezas de check-in, podemos ofrecer m\u00faltiples soluciones de marca para usted.<\/li>\n<li><strong>Presencia global<\/strong> &#8211; utilizando nuestra red establecida de oficinas internacionales, podemos ofrecer la experiencia local y nuestras oficinas trabajar\u00e1n juntos para garantizar el mejor servicio posible de cualquier broker de alquiler de jet.<\/li>\n<li><strong>P\u00f3ngase en contacto con nuestros profesionales 24\/7<\/strong>&#8211; broker de alquiler de jet est\u00e1n disponibles las 24 horas 7 d\u00edas a la semana.<\/li>\n<\/ul>\n<\/div>\n<\/div>\n<\/div><\/div><\/div><\/div><\/p>\n","protected":false},"excerpt":{"rendered":"<p>Air Charter &#8211;\u00a0Jet Charter Broker Departamentos de viajes corporativos de gran tama\u00f1o y las operaciones de vuelo de la compa\u00f1\u00eda que regularmente dependen de un broker de alquiler de jet no necesariamente tienen los recursos para evaluar cada operador de ch\u00e1rter, negociar los precios y obtener el alto nivel de servicio y confiabilidad alquiler de jet broker necesario\u00a0 en el entorno empresarial exigente de hoy. Air Charter cambia todo eso con el Programa Ejecutivo de Gesti\u00f3n de \u00a0Charter que a\u00f1ade consistencia y eficiencia de su compra de flete a\u00e9reo. \u00bfPor qu\u00e9 comprar la propiedad fraccional de un reactor de la empresa cuando se puede pagar por las horas que vuelan? Air Charter est\u00e1 aqu\u00ed para ayudarle en cada paso del camino, utilizando nuestra herramienta de reserva en l\u00ednea, usted puede conseguir un precio web ahora mismo entre cualquier destino en todo el mundo, para 2 pasajeros o miles. \u00bfPor\u00a0qu\u00e9\u00a0AirCharter.com S.R.L?<\/p>\n","protected":false},"author":12,"featured_media":0,"parent":0,"menu_order":0,"comment_status":"closed","ping_status":"closed","template":"","meta":{"footnotes":""},"class_list":["post-25823","page","type-page","status-publish","hentry"],"yoast_head":"<!-- This site is optimized with the Yoast SEO plugin v27.4 - https:\/\/yoast.com\/product\/yoast-seo-wordpress\/ -->\n<title>Jet Charter Broker - Aircharter<\/title>\n<meta name=\"robots\" content=\"index, follow, max-snippet:-1, max-image-preview:large, max-video-preview:-1\" \/>\n<link rel=\"canonical\" href=\"https:\/\/www.aircharter.com\/jet-charter-broker-2\/\" \/>\n<meta property=\"og:locale\" content=\"es_ES\" \/>\n<meta property=\"og:type\" content=\"article\" \/>\n<meta property=\"og:title\" content=\"Jet Charter Broker - Aircharter\" \/>\n<meta property=\"og:description\" content=\"Air Charter &#8211;\u00a0Jet Charter Broker Departamentos de viajes corporativos de gran tama\u00f1o y las operaciones de vuelo de la compa\u00f1\u00eda que regularmente dependen de un broker de alquiler de jet no necesariamente tienen los recursos para evaluar cada operador de ch\u00e1rter, negociar los precios y obtener el alto nivel de servicio y confiabilidad alquiler de jet broker necesario\u00a0 en el entorno empresarial exigente de hoy. Air Charter cambia todo eso con el Programa Ejecutivo de Gesti\u00f3n de \u00a0Charter que a\u00f1ade consistencia y eficiencia de su compra de flete a\u00e9reo. \u00bfPor qu\u00e9 comprar la propiedad fraccional de un reactor de la empresa cuando se puede pagar por las horas que vuelan? Air Charter est\u00e1 aqu\u00ed para ayudarle en cada paso del camino, utilizando nuestra herramienta de reserva en l\u00ednea, usted puede conseguir un precio web ahora mismo entre cualquier destino en todo el mundo, para 2 pasajeros o miles. \u00bfPor\u00a0qu\u00e9\u00a0AirCharter.com S.R.L?\" \/>\n<meta property=\"og:url\" content=\"https:\/\/www.aircharter.com\/jet-charter-broker-2\/\" \/>\n<meta property=\"og:site_name\" content=\"Aircharter\" \/>\n<meta property=\"article:modified_time\" content=\"2022-12-11T22:52:45+00:00\" \/>\n<meta property=\"og:image\" content=\"https:\/\/www.aircharter.com\/wp-content\/uploads\/2013\/06\/plane_G550.jpg\" \/>\n<meta name=\"twitter:card\" content=\"summary_large_image\" \/>\n<meta name=\"twitter:label1\" content=\"Tiempo de lectura\" \/>\n\t<meta name=\"twitter:data1\" content=\"3 minutos\" \/>\n<script type=\"application\/ld+json\" class=\"yoast-schema-graph\">{\"@context\":\"https:\\\/\\\/schema.org\",\"@graph\":[{\"@type\":\"WebPage\",\"@id\":\"https:\\\/\\\/www.aircharter.com\\\/jet-charter-broker-2\\\/\",\"url\":\"https:\\\/\\\/www.aircharter.com\\\/jet-charter-broker-2\\\/\",\"name\":\"Jet Charter Broker - Aircharter\",\"isPartOf\":{\"@id\":\"https:\\\/\\\/www.aircharter.com\\\/de\\\/#website\"},\"primaryImageOfPage\":{\"@id\":\"https:\\\/\\\/www.aircharter.com\\\/jet-charter-broker-2\\\/#primaryimage\"},\"image\":{\"@id\":\"https:\\\/\\\/www.aircharter.com\\\/jet-charter-broker-2\\\/#primaryimage\"},\"thumbnailUrl\":\"https:\\\/\\\/www.aircharter.com\\\/wp-content\\\/uploads\\\/2013\\\/06\\\/plane_G550.jpg\",\"datePublished\":\"2014-03-10T17:47:44+00:00\",\"dateModified\":\"2022-12-11T22:52:45+00:00\",\"breadcrumb\":{\"@id\":\"https:\\\/\\\/www.aircharter.com\\\/jet-charter-broker-2\\\/#breadcrumb\"},\"inLanguage\":\"es\",\"potentialAction\":[{\"@type\":\"ReadAction\",\"target\":[\"https:\\\/\\\/www.aircharter.com\\\/jet-charter-broker-2\\\/\"]}]},{\"@type\":\"ImageObject\",\"inLanguage\":\"es\",\"@id\":\"https:\\\/\\\/www.aircharter.com\\\/jet-charter-broker-2\\\/#primaryimage\",\"url\":\"https:\\\/\\\/www.aircharter.com\\\/wp-content\\\/uploads\\\/2013\\\/06\\\/plane_G550.jpg\",\"contentUrl\":\"https:\\\/\\\/www.aircharter.com\\\/wp-content\\\/uploads\\\/2013\\\/06\\\/plane_G550.jpg\"},{\"@type\":\"BreadcrumbList\",\"@id\":\"https:\\\/\\\/www.aircharter.com\\\/jet-charter-broker-2\\\/#breadcrumb\",\"itemListElement\":[{\"@type\":\"ListItem\",\"position\":1,\"name\":\"Home\",\"item\":\"https:\\\/\\\/www.aircharter.com\\\/\"},{\"@type\":\"ListItem\",\"position\":2,\"name\":\"Jet Charter Broker\"}]},{\"@type\":\"WebSite\",\"@id\":\"https:\\\/\\\/www.aircharter.com\\\/de\\\/#website\",\"url\":\"https:\\\/\\\/www.aircharter.com\\\/de\\\/\",\"name\":\"Aircharter\",\"description\":\"Air Charter | Private Jet Charter &amp; Rental | Fly Smarter | Hire a Business Jet\",\"publisher\":{\"@id\":\"https:\\\/\\\/www.aircharter.com\\\/de\\\/#organization\"},\"potentialAction\":[{\"@type\":\"SearchAction\",\"target\":{\"@type\":\"EntryPoint\",\"urlTemplate\":\"https:\\\/\\\/www.aircharter.com\\\/de\\\/?s={search_term_string}\"},\"query-input\":{\"@type\":\"PropertyValueSpecification\",\"valueRequired\":true,\"valueName\":\"search_term_string\"}}],\"inLanguage\":\"es\"},{\"@type\":\"Organization\",\"@id\":\"https:\\\/\\\/www.aircharter.com\\\/de\\\/#organization\",\"name\":\"Aircharter.com LLC\",\"url\":\"https:\\\/\\\/www.aircharter.com\\\/de\\\/\",\"logo\":{\"@type\":\"ImageObject\",\"inLanguage\":\"es\",\"@id\":\"https:\\\/\\\/www.aircharter.com\\\/de\\\/#\\\/schema\\\/logo\\\/image\\\/\",\"url\":\"https:\\\/\\\/www.aircharter.com\\\/wp-content\\\/uploads\\\/2022\\\/12\\\/Aircharter_logo_114X1141-11.png\",\"contentUrl\":\"https:\\\/\\\/www.aircharter.com\\\/wp-content\\\/uploads\\\/2022\\\/12\\\/Aircharter_logo_114X1141-11.png\",\"width\":114,\"height\":114,\"caption\":\"Aircharter.com LLC\"},\"image\":{\"@id\":\"https:\\\/\\\/www.aircharter.com\\\/de\\\/#\\\/schema\\\/logo\\\/image\\\/\"}}]}<\/script>\n<!-- \/ Yoast SEO plugin. -->","yoast_head_json":{"title":"Jet Charter Broker - Aircharter","robots":{"index":"index","follow":"follow","max-snippet":"max-snippet:-1","max-image-preview":"max-image-preview:large","max-video-preview":"max-video-preview:-1"},"canonical":"https:\/\/www.aircharter.com\/jet-charter-broker-2\/","og_locale":"es_ES","og_type":"article","og_title":"Jet Charter Broker - Aircharter","og_description":"Air Charter &#8211;\u00a0Jet Charter Broker Departamentos de viajes corporativos de gran tama\u00f1o y las operaciones de vuelo de la compa\u00f1\u00eda que regularmente dependen de un broker de alquiler de jet no necesariamente tienen los recursos para evaluar cada operador de ch\u00e1rter, negociar los precios y obtener el alto nivel de servicio y confiabilidad alquiler de jet broker necesario\u00a0 en el entorno empresarial exigente de hoy. Air Charter cambia todo eso con el Programa Ejecutivo de Gesti\u00f3n de \u00a0Charter que a\u00f1ade consistencia y eficiencia de su compra de flete a\u00e9reo. \u00bfPor qu\u00e9 comprar la propiedad fraccional de un reactor de la empresa cuando se puede pagar por las horas que vuelan? Air Charter est\u00e1 aqu\u00ed para ayudarle en cada paso del camino, utilizando nuestra herramienta de reserva en l\u00ednea, usted puede conseguir un precio web ahora mismo entre cualquier destino en todo el mundo, para 2 pasajeros o miles. \u00bfPor\u00a0qu\u00e9\u00a0AirCharter.com S.R.L?","og_url":"https:\/\/www.aircharter.com\/jet-charter-broker-2\/","og_site_name":"Aircharter","article_modified_time":"2022-12-11T22:52:45+00:00","og_image":[{"url":"https:\/\/www.aircharter.com\/wp-content\/uploads\/2013\/06\/plane_G550.jpg","type":"","width":"","height":""}],"twitter_card":"summary_large_image","twitter_misc":{"Tiempo de lectura":"3 minutos"},"schema":{"@context":"https:\/\/schema.org","@graph":[{"@type":"WebPage","@id":"https:\/\/www.aircharter.com\/jet-charter-broker-2\/","url":"https:\/\/www.aircharter.com\/jet-charter-broker-2\/","name":"Jet Charter Broker - Aircharter","isPartOf":{"@id":"https:\/\/www.aircharter.com\/de\/#website"},"primaryImageOfPage":{"@id":"https:\/\/www.aircharter.com\/jet-charter-broker-2\/#primaryimage"},"image":{"@id":"https:\/\/www.aircharter.com\/jet-charter-broker-2\/#primaryimage"},"thumbnailUrl":"https:\/\/www.aircharter.com\/wp-content\/uploads\/2013\/06\/plane_G550.jpg","datePublished":"2014-03-10T17:47:44+00:00","dateModified":"2022-12-11T22:52:45+00:00","breadcrumb":{"@id":"https:\/\/www.aircharter.com\/jet-charter-broker-2\/#breadcrumb"},"inLanguage":"es","potentialAction":[{"@type":"ReadAction","target":["https:\/\/www.aircharter.com\/jet-charter-broker-2\/"]}]},{"@type":"ImageObject","inLanguage":"es","@id":"https:\/\/www.aircharter.com\/jet-charter-broker-2\/#primaryimage","url":"https:\/\/www.aircharter.com\/wp-content\/uploads\/2013\/06\/plane_G550.jpg","contentUrl":"https:\/\/www.aircharter.com\/wp-content\/uploads\/2013\/06\/plane_G550.jpg"},{"@type":"BreadcrumbList","@id":"https:\/\/www.aircharter.com\/jet-charter-broker-2\/#breadcrumb","itemListElement":[{"@type":"ListItem","position":1,"name":"Home","item":"https:\/\/www.aircharter.com\/"},{"@type":"ListItem","position":2,"name":"Jet Charter Broker"}]},{"@type":"WebSite","@id":"https:\/\/www.aircharter.com\/de\/#website","url":"https:\/\/www.aircharter.com\/de\/","name":"Aircharter","description":"Air Charter | Private Jet Charter &amp; Rental | Fly Smarter | Hire a Business Jet","publisher":{"@id":"https:\/\/www.aircharter.com\/de\/#organization"},"potentialAction":[{"@type":"SearchAction","target":{"@type":"EntryPoint","urlTemplate":"https:\/\/www.aircharter.com\/de\/?s={search_term_string}"},"query-input":{"@type":"PropertyValueSpecification","valueRequired":true,"valueName":"search_term_string"}}],"inLanguage":"es"},{"@type":"Organization","@id":"https:\/\/www.aircharter.com\/de\/#organization","name":"Aircharter.com LLC","url":"https:\/\/www.aircharter.com\/de\/","logo":{"@type":"ImageObject","inLanguage":"es","@id":"https:\/\/www.aircharter.com\/de\/#\/schema\/logo\/image\/","url":"https:\/\/www.aircharter.com\/wp-content\/uploads\/2022\/12\/Aircharter_logo_114X1141-11.png","contentUrl":"https:\/\/www.aircharter.com\/wp-content\/uploads\/2022\/12\/Aircharter_logo_114X1141-11.png","width":114,"height":114,"caption":"Aircharter.com LLC"},"image":{"@id":"https:\/\/www.aircharter.com\/de\/#\/schema\/logo\/image\/"}}]}},"_links":{"self":[{"href":"https:\/\/www.aircharter.com\/es\/wp-json\/wp\/v2\/pages\/25823","targetHints":{"allow":["GET"]}}],"collection":[{"href":"https:\/\/www.aircharter.com\/es\/wp-json\/wp\/v2\/pages"}],"about":[{"href":"https:\/\/www.aircharter.com\/es\/wp-json\/wp\/v2\/types\/page"}],"author":[{"embeddable":true,"href":"https:\/\/www.aircharter.com\/es\/wp-json\/wp\/v2\/users\/12"}],"replies":[{"embeddable":true,"href":"https:\/\/www.aircharter.com\/es\/wp-json\/wp\/v2\/comments?post=25823"}],"version-history":[{"count":4,"href":"https:\/\/www.aircharter.com\/es\/wp-json\/wp\/v2\/pages\/25823\/revisions"}],"predecessor-version":[{"id":37293,"href":"https:\/\/www.aircharter.com\/es\/wp-json\/wp\/v2\/pages\/25823\/revisions\/37293"}],"wp:attachment":[{"href":"https:\/\/www.aircharter.com\/es\/wp-json\/wp\/v2\/media?parent=25823"}],"curies":[{"name":"wp","href":"https:\/\/api.w.org\/{rel}","templated":true}]}}