{"id":25827,"date":"2014-03-10T14:05:59","date_gmt":"2014-03-10T18:05:59","guid":{"rendered":"https:\/\/www.aircharter.com\/?page_id=25827"},"modified":"2022-12-11T17:52:45","modified_gmt":"2022-12-11T22:52:45","slug":"viaje-del-grupo","status":"publish","type":"page","link":"https:\/\/www.aircharter.com\/es\/viaje-del-grupo\/","title":{"rendered":"Viaje del Grupo"},"content":{"rendered":"<h1>Viaje del Grupo<\/h1>\n<p>Aircharter ofrece servicio de viajes en grupo extraordinario para la industria del entretenimiento y la producci\u00f3n. Todos nuestros aviones se pueden personalizar para satisfacer sus necesidades, ya sea un 737 para dar cabida a m\u00fasicos de su sinfon\u00eda y los instrumentos a bordo, o un Air Charter para manejar el transporte de tripulaci\u00f3n y equipo a lugares de rodaje remotas.<br \/>\nPodemos proporcionarle con non-stop, acceso directo a destinos que no est\u00e1n normalmente servidos por l\u00edneas a\u00e9reas regulares, creando una experiencia de viaje mucho m\u00e1s c\u00f3modo y lujoso para sus pasajeros. Nuestros aviones se puede configurar para el asiento entrenador para una aproximaci\u00f3n econ\u00f3mica de viajar, as\u00ed como algunos pueden ser equipados con gran lujo asientos de primera clase.<br \/>\n<img decoding=\"async\" class=\"alignright\" title=\"group travel\" alt=\"group travel\" src=\"https:\/\/www.aircharter.com\/wp-content\/uploads\/2012\/07\/BBJ_K64830.jpg\" width=\"210\" height=\"168\" \/><\/p>\n<p>Lo que diferencia a Aircharter por encima del resto cuando se trata de la carta de los deportes? Te est\u00e1 ofreciendo con el boleto ganador. Ya sea que usted est\u00e1 transportando su equipo deportivo o de todos sus devotos fans, Aircharter siempre tiene su ojo en la bola.<br \/>\nUna red mundial de aeronaves aprobadas, incluyendo la flota m\u00e1s grande de deportes dedicado disponible en los EE.UU., para ofrecerle la m\u00e1s amplia variedad de modelos y configuraciones de asientos, que van desde turboh\u00e9lice 19 asientos confortables a 747 en todo el cuerpo.<br \/>\nLa disponibilidad de aviones para cumplir con los exigentes horarios de los vuelos de los viajeros del grupo<\/p>\n<p>Aircharter puede proporcionarle la m\u00e1xima experiencia VIP a trav\u00e9s de nuestro servicio de primera clase en nuestra flete a\u00e9reo VIP para sus necesidades de viaje en grupo.<br \/>\nUna red mundial de operadores para ofrecerle la m\u00e1s amplia variedad de configuraciones de avi\u00f3n de primera clase y los asientos, con capacidad de 40 pasajeros a 88 pasajeros.<br \/>\nInteriores de aviones de lujo, como asientos de cuero, ricos chapas de madera y salones de lujo opulento.<br \/>\nPersonal orientadas a servicios se encargan de todos los detalles, incluyendo servicio de catering y plata de primera clase servicios.<\/p>\n<p>Aircharter tiene m\u00e1s de 17 a\u00f1os de experiencia &#8211; y la gran experiencia &#8211; en la entrega de servicios de flete a\u00e9reo a medida para clientes en todo el mundo. Como parte de la operaci\u00f3n global de 24 horas de Air Charter, AirCharter.com comerciales Jets est\u00e1 listo para planificar, organizar y gestionar la carta del jet para su grupo, donde quiera, cuando quiera y viajar. Utilice nuestro sistema de reservas en l\u00ednea para obtener un precio en estos momentos.<\/p>\n<p>&nbsp;<\/p>\n","protected":false},"excerpt":{"rendered":"<p>Viaje del Grupo Aircharter ofrece servicio de viajes en grupo extraordinario para la industria del entretenimiento y la producci\u00f3n. Todos nuestros aviones se pueden personalizar para satisfacer sus necesidades, ya sea un 737 para dar cabida a m\u00fasicos de su sinfon\u00eda y los instrumentos a bordo, o un Air Charter para manejar el transporte de tripulaci\u00f3n y equipo a lugares de rodaje remotas. Podemos proporcionarle con non-stop, acceso directo a destinos que no est\u00e1n normalmente servidos por l\u00edneas a\u00e9reas regulares, creando una experiencia de viaje mucho m\u00e1s c\u00f3modo y lujoso para sus pasajeros. Nuestros aviones se puede configurar para el asiento entrenador para una aproximaci\u00f3n econ\u00f3mica de viajar, as\u00ed como algunos pueden ser equipados con gran lujo asientos de primera clase. Lo que diferencia a Aircharter por encima del resto cuando se trata de la carta de los deportes? Te est\u00e1 ofreciendo con el boleto ganador. Ya sea que usted est\u00e1 transportando su equipo deportivo o de todos sus devotos fans, Aircharter siempre tiene su ojo en la bola. Una red mundial de aeronaves aprobadas, incluyendo la flota m\u00e1s grande de deportes dedicado disponible en los EE.UU., para ofrecerle la m\u00e1s amplia variedad de modelos y configuraciones de asientos, que van desde turboh\u00e9lice 19 asientos confortables a 747 en todo el cuerpo. La disponibilidad de aviones para cumplir con los exigentes horarios de los vuelos de los viajeros del grupo Aircharter puede proporcionarle la m\u00e1xima experiencia VIP a trav\u00e9s de nuestro servicio de primera clase en nuestra flete a\u00e9reo VIP para sus necesidades de viaje en grupo. Una red mundial de operadores para ofrecerle la m\u00e1s amplia variedad de configuraciones de avi\u00f3n de primera clase y los asientos, con capacidad de 40 pasajeros a 88<\/p>\n","protected":false},"author":12,"featured_media":0,"parent":0,"menu_order":0,"comment_status":"closed","ping_status":"closed","template":"","meta":{"footnotes":""},"class_list":["post-25827","page","type-page","status-publish","hentry"],"yoast_head":"<!-- This site is optimized with the Yoast SEO plugin v27.4 - https:\/\/yoast.com\/product\/yoast-seo-wordpress\/ -->\n<title>Viaje del Grupo - Aircharter<\/title>\n<meta name=\"robots\" content=\"index, follow, max-snippet:-1, max-image-preview:large, max-video-preview:-1\" \/>\n<link rel=\"canonical\" href=\"https:\/\/www.aircharter.com\/viaje-del-grupo\/\" \/>\n<meta property=\"og:locale\" content=\"es_ES\" \/>\n<meta property=\"og:type\" content=\"article\" \/>\n<meta property=\"og:title\" content=\"Viaje del Grupo - Aircharter\" \/>\n<meta property=\"og:description\" content=\"Viaje del Grupo Aircharter ofrece servicio de viajes en grupo extraordinario para la industria del entretenimiento y la producci\u00f3n. Todos nuestros aviones se pueden personalizar para satisfacer sus necesidades, ya sea un 737 para dar cabida a m\u00fasicos de su sinfon\u00eda y los instrumentos a bordo, o un Air Charter para manejar el transporte de tripulaci\u00f3n y equipo a lugares de rodaje remotas. Podemos proporcionarle con non-stop, acceso directo a destinos que no est\u00e1n normalmente servidos por l\u00edneas a\u00e9reas regulares, creando una experiencia de viaje mucho m\u00e1s c\u00f3modo y lujoso para sus pasajeros. Nuestros aviones se puede configurar para el asiento entrenador para una aproximaci\u00f3n econ\u00f3mica de viajar, as\u00ed como algunos pueden ser equipados con gran lujo asientos de primera clase. Lo que diferencia a Aircharter por encima del resto cuando se trata de la carta de los deportes? Te est\u00e1 ofreciendo con el boleto ganador. Ya sea que usted est\u00e1 transportando su equipo deportivo o de todos sus devotos fans, Aircharter siempre tiene su ojo en la bola. Una red mundial de aeronaves aprobadas, incluyendo la flota m\u00e1s grande de deportes dedicado disponible en los EE.UU., para ofrecerle la m\u00e1s amplia variedad de modelos y configuraciones de asientos, que van desde turboh\u00e9lice 19 asientos confortables a 747 en todo el cuerpo. La disponibilidad de aviones para cumplir con los exigentes horarios de los vuelos de los viajeros del grupo Aircharter puede proporcionarle la m\u00e1xima experiencia VIP a trav\u00e9s de nuestro servicio de primera clase en nuestra flete a\u00e9reo VIP para sus necesidades de viaje en grupo. Una red mundial de operadores para ofrecerle la m\u00e1s amplia variedad de configuraciones de avi\u00f3n de primera clase y los asientos, con capacidad de 40 pasajeros a 88\" \/>\n<meta property=\"og:url\" content=\"https:\/\/www.aircharter.com\/viaje-del-grupo\/\" \/>\n<meta property=\"og:site_name\" content=\"Aircharter\" \/>\n<meta property=\"article:modified_time\" content=\"2022-12-11T22:52:45+00:00\" \/>\n<meta property=\"og:image\" content=\"https:\/\/www.aircharter.com\/wp-content\/uploads\/2012\/07\/BBJ_K64830.jpg\" \/>\n<meta name=\"twitter:card\" content=\"summary_large_image\" \/>\n<meta name=\"twitter:label1\" content=\"Tiempo de lectura\" \/>\n\t<meta name=\"twitter:data1\" content=\"2 minutos\" \/>\n<script type=\"application\/ld+json\" class=\"yoast-schema-graph\">{\"@context\":\"https:\\\/\\\/schema.org\",\"@graph\":[{\"@type\":\"WebPage\",\"@id\":\"https:\\\/\\\/www.aircharter.com\\\/viaje-del-grupo\\\/\",\"url\":\"https:\\\/\\\/www.aircharter.com\\\/viaje-del-grupo\\\/\",\"name\":\"Viaje del Grupo - Aircharter\",\"isPartOf\":{\"@id\":\"https:\\\/\\\/www.aircharter.com\\\/de\\\/#website\"},\"primaryImageOfPage\":{\"@id\":\"https:\\\/\\\/www.aircharter.com\\\/viaje-del-grupo\\\/#primaryimage\"},\"image\":{\"@id\":\"https:\\\/\\\/www.aircharter.com\\\/viaje-del-grupo\\\/#primaryimage\"},\"thumbnailUrl\":\"https:\\\/\\\/www.aircharter.com\\\/wp-content\\\/uploads\\\/2012\\\/07\\\/BBJ_K64830.jpg\",\"datePublished\":\"2014-03-10T18:05:59+00:00\",\"dateModified\":\"2022-12-11T22:52:45+00:00\",\"breadcrumb\":{\"@id\":\"https:\\\/\\\/www.aircharter.com\\\/viaje-del-grupo\\\/#breadcrumb\"},\"inLanguage\":\"es\",\"potentialAction\":[{\"@type\":\"ReadAction\",\"target\":[\"https:\\\/\\\/www.aircharter.com\\\/viaje-del-grupo\\\/\"]}]},{\"@type\":\"ImageObject\",\"inLanguage\":\"es\",\"@id\":\"https:\\\/\\\/www.aircharter.com\\\/viaje-del-grupo\\\/#primaryimage\",\"url\":\"https:\\\/\\\/www.aircharter.com\\\/wp-content\\\/uploads\\\/2012\\\/07\\\/BBJ_K64830.jpg\",\"contentUrl\":\"https:\\\/\\\/www.aircharter.com\\\/wp-content\\\/uploads\\\/2012\\\/07\\\/BBJ_K64830.jpg\"},{\"@type\":\"BreadcrumbList\",\"@id\":\"https:\\\/\\\/www.aircharter.com\\\/viaje-del-grupo\\\/#breadcrumb\",\"itemListElement\":[{\"@type\":\"ListItem\",\"position\":1,\"name\":\"Home\",\"item\":\"https:\\\/\\\/www.aircharter.com\\\/\"},{\"@type\":\"ListItem\",\"position\":2,\"name\":\"Viaje del Grupo\"}]},{\"@type\":\"WebSite\",\"@id\":\"https:\\\/\\\/www.aircharter.com\\\/de\\\/#website\",\"url\":\"https:\\\/\\\/www.aircharter.com\\\/de\\\/\",\"name\":\"Aircharter\",\"description\":\"Air Charter | Private Jet Charter &amp; Rental | Fly Smarter | Hire a Business Jet\",\"publisher\":{\"@id\":\"https:\\\/\\\/www.aircharter.com\\\/de\\\/#organization\"},\"potentialAction\":[{\"@type\":\"SearchAction\",\"target\":{\"@type\":\"EntryPoint\",\"urlTemplate\":\"https:\\\/\\\/www.aircharter.com\\\/de\\\/?s={search_term_string}\"},\"query-input\":{\"@type\":\"PropertyValueSpecification\",\"valueRequired\":true,\"valueName\":\"search_term_string\"}}],\"inLanguage\":\"es\"},{\"@type\":\"Organization\",\"@id\":\"https:\\\/\\\/www.aircharter.com\\\/de\\\/#organization\",\"name\":\"Aircharter.com LLC\",\"url\":\"https:\\\/\\\/www.aircharter.com\\\/de\\\/\",\"logo\":{\"@type\":\"ImageObject\",\"inLanguage\":\"es\",\"@id\":\"https:\\\/\\\/www.aircharter.com\\\/de\\\/#\\\/schema\\\/logo\\\/image\\\/\",\"url\":\"https:\\\/\\\/www.aircharter.com\\\/wp-content\\\/uploads\\\/2022\\\/12\\\/Aircharter_logo_114X1141-11.png\",\"contentUrl\":\"https:\\\/\\\/www.aircharter.com\\\/wp-content\\\/uploads\\\/2022\\\/12\\\/Aircharter_logo_114X1141-11.png\",\"width\":114,\"height\":114,\"caption\":\"Aircharter.com LLC\"},\"image\":{\"@id\":\"https:\\\/\\\/www.aircharter.com\\\/de\\\/#\\\/schema\\\/logo\\\/image\\\/\"}}]}<\/script>\n<!-- \/ Yoast SEO plugin. -->","yoast_head_json":{"title":"Viaje del Grupo - Aircharter","robots":{"index":"index","follow":"follow","max-snippet":"max-snippet:-1","max-image-preview":"max-image-preview:large","max-video-preview":"max-video-preview:-1"},"canonical":"https:\/\/www.aircharter.com\/viaje-del-grupo\/","og_locale":"es_ES","og_type":"article","og_title":"Viaje del Grupo - Aircharter","og_description":"Viaje del Grupo Aircharter ofrece servicio de viajes en grupo extraordinario para la industria del entretenimiento y la producci\u00f3n. Todos nuestros aviones se pueden personalizar para satisfacer sus necesidades, ya sea un 737 para dar cabida a m\u00fasicos de su sinfon\u00eda y los instrumentos a bordo, o un Air Charter para manejar el transporte de tripulaci\u00f3n y equipo a lugares de rodaje remotas. Podemos proporcionarle con non-stop, acceso directo a destinos que no est\u00e1n normalmente servidos por l\u00edneas a\u00e9reas regulares, creando una experiencia de viaje mucho m\u00e1s c\u00f3modo y lujoso para sus pasajeros. Nuestros aviones se puede configurar para el asiento entrenador para una aproximaci\u00f3n econ\u00f3mica de viajar, as\u00ed como algunos pueden ser equipados con gran lujo asientos de primera clase. Lo que diferencia a Aircharter por encima del resto cuando se trata de la carta de los deportes? Te est\u00e1 ofreciendo con el boleto ganador. Ya sea que usted est\u00e1 transportando su equipo deportivo o de todos sus devotos fans, Aircharter siempre tiene su ojo en la bola. Una red mundial de aeronaves aprobadas, incluyendo la flota m\u00e1s grande de deportes dedicado disponible en los EE.UU., para ofrecerle la m\u00e1s amplia variedad de modelos y configuraciones de asientos, que van desde turboh\u00e9lice 19 asientos confortables a 747 en todo el cuerpo. La disponibilidad de aviones para cumplir con los exigentes horarios de los vuelos de los viajeros del grupo Aircharter puede proporcionarle la m\u00e1xima experiencia VIP a trav\u00e9s de nuestro servicio de primera clase en nuestra flete a\u00e9reo VIP para sus necesidades de viaje en grupo. Una red mundial de operadores para ofrecerle la m\u00e1s amplia variedad de configuraciones de avi\u00f3n de primera clase y los asientos, con capacidad de 40 pasajeros a 88","og_url":"https:\/\/www.aircharter.com\/viaje-del-grupo\/","og_site_name":"Aircharter","article_modified_time":"2022-12-11T22:52:45+00:00","og_image":[{"url":"https:\/\/www.aircharter.com\/wp-content\/uploads\/2012\/07\/BBJ_K64830.jpg","type":"","width":"","height":""}],"twitter_card":"summary_large_image","twitter_misc":{"Tiempo de lectura":"2 minutos"},"schema":{"@context":"https:\/\/schema.org","@graph":[{"@type":"WebPage","@id":"https:\/\/www.aircharter.com\/viaje-del-grupo\/","url":"https:\/\/www.aircharter.com\/viaje-del-grupo\/","name":"Viaje del Grupo - Aircharter","isPartOf":{"@id":"https:\/\/www.aircharter.com\/de\/#website"},"primaryImageOfPage":{"@id":"https:\/\/www.aircharter.com\/viaje-del-grupo\/#primaryimage"},"image":{"@id":"https:\/\/www.aircharter.com\/viaje-del-grupo\/#primaryimage"},"thumbnailUrl":"https:\/\/www.aircharter.com\/wp-content\/uploads\/2012\/07\/BBJ_K64830.jpg","datePublished":"2014-03-10T18:05:59+00:00","dateModified":"2022-12-11T22:52:45+00:00","breadcrumb":{"@id":"https:\/\/www.aircharter.com\/viaje-del-grupo\/#breadcrumb"},"inLanguage":"es","potentialAction":[{"@type":"ReadAction","target":["https:\/\/www.aircharter.com\/viaje-del-grupo\/"]}]},{"@type":"ImageObject","inLanguage":"es","@id":"https:\/\/www.aircharter.com\/viaje-del-grupo\/#primaryimage","url":"https:\/\/www.aircharter.com\/wp-content\/uploads\/2012\/07\/BBJ_K64830.jpg","contentUrl":"https:\/\/www.aircharter.com\/wp-content\/uploads\/2012\/07\/BBJ_K64830.jpg"},{"@type":"BreadcrumbList","@id":"https:\/\/www.aircharter.com\/viaje-del-grupo\/#breadcrumb","itemListElement":[{"@type":"ListItem","position":1,"name":"Home","item":"https:\/\/www.aircharter.com\/"},{"@type":"ListItem","position":2,"name":"Viaje del Grupo"}]},{"@type":"WebSite","@id":"https:\/\/www.aircharter.com\/de\/#website","url":"https:\/\/www.aircharter.com\/de\/","name":"Aircharter","description":"Air Charter | Private Jet Charter &amp; Rental | Fly Smarter | Hire a Business Jet","publisher":{"@id":"https:\/\/www.aircharter.com\/de\/#organization"},"potentialAction":[{"@type":"SearchAction","target":{"@type":"EntryPoint","urlTemplate":"https:\/\/www.aircharter.com\/de\/?s={search_term_string}"},"query-input":{"@type":"PropertyValueSpecification","valueRequired":true,"valueName":"search_term_string"}}],"inLanguage":"es"},{"@type":"Organization","@id":"https:\/\/www.aircharter.com\/de\/#organization","name":"Aircharter.com LLC","url":"https:\/\/www.aircharter.com\/de\/","logo":{"@type":"ImageObject","inLanguage":"es","@id":"https:\/\/www.aircharter.com\/de\/#\/schema\/logo\/image\/","url":"https:\/\/www.aircharter.com\/wp-content\/uploads\/2022\/12\/Aircharter_logo_114X1141-11.png","contentUrl":"https:\/\/www.aircharter.com\/wp-content\/uploads\/2022\/12\/Aircharter_logo_114X1141-11.png","width":114,"height":114,"caption":"Aircharter.com LLC"},"image":{"@id":"https:\/\/www.aircharter.com\/de\/#\/schema\/logo\/image\/"}}]}},"_links":{"self":[{"href":"https:\/\/www.aircharter.com\/es\/wp-json\/wp\/v2\/pages\/25827","targetHints":{"allow":["GET"]}}],"collection":[{"href":"https:\/\/www.aircharter.com\/es\/wp-json\/wp\/v2\/pages"}],"about":[{"href":"https:\/\/www.aircharter.com\/es\/wp-json\/wp\/v2\/types\/page"}],"author":[{"embeddable":true,"href":"https:\/\/www.aircharter.com\/es\/wp-json\/wp\/v2\/users\/12"}],"replies":[{"embeddable":true,"href":"https:\/\/www.aircharter.com\/es\/wp-json\/wp\/v2\/comments?post=25827"}],"version-history":[{"count":1,"href":"https:\/\/www.aircharter.com\/es\/wp-json\/wp\/v2\/pages\/25827\/revisions"}],"predecessor-version":[{"id":25829,"href":"https:\/\/www.aircharter.com\/es\/wp-json\/wp\/v2\/pages\/25827\/revisions\/25829"}],"wp:attachment":[{"href":"https:\/\/www.aircharter.com\/es\/wp-json\/wp\/v2\/media?parent=25827"}],"curies":[{"name":"wp","href":"https:\/\/api.w.org\/{rel}","templated":true}]}}