{"id":25831,"date":"2014-03-10T14:23:49","date_gmt":"2014-03-10T18:23:49","guid":{"rendered":"https:\/\/www.aircharter.com\/?page_id=25831"},"modified":"2022-12-11T17:52:44","modified_gmt":"2022-12-11T22:52:44","slug":"vuelo-charter-a-las-vegas","status":"publish","type":"page","link":"https:\/\/www.aircharter.com\/es\/vuelo-charter-a-las-vegas\/","title":{"rendered":"Vuelo Charter a Las Vegas"},"content":{"rendered":"<h1>Vuelo Charter a Las Vegas<\/h1>\n<p>Mirando a fletar un vuelo a Las Vegas hoy, tenemos todo cubierto. Si quieres dejar de Los \u00c1ngeles o de Nueva York, o en cualquier otro lugar en todo el mundo, estaremos con usted en cada paso del camino. El alquiler de un jet privado ya no es tan problem\u00e1tico y complejo como lo era antes. Motor de reservas Out automatizado le dar\u00e1 un precio estimado para su vuelo charter a las vegas o cualquier otro destino.<\/p>\n<p>Fundada en 1985, Air Charter se ha convertido en los l\u00edderes del mercado en la prestaci\u00f3n de servicios de alquiler de jet privado mundiales. Nacida de la voluntad de ofrecer a los clientes una manera m\u00e1s simple y m\u00e1s comprensible para comprar servicios de charter, Charter Air fue fundada en el principio de la colocaci\u00f3n de las necesidades del cliente en primer lugar.<\/p>\n<p><img decoding=\"async\" title=\"charter flight to las vegas\" src=\"https:\/\/www.aircharter.com\/wp-content\/uploads\/2013\/06\/plane_sunset2.jpg\" alt=\"charter flight to las vegas\" width=\"210\" height=\"168\" \/><\/p>\n<ul>\n<li>El verdadero costo de volar en un jet privado siempre ha estado envuelto en el misterio de los t\u00e9rminos t\u00e9cnicos y los costos ocultos que podr\u00edan ser confusas, incluso para un viajero experimentado. Air Charter simplifica el proceso mediante la creaci\u00f3n de la \u00abCharter Jet Precio Garantizado\u00bb. El precio del alquiler que se citan es el precio que pagas.<\/li>\n<li>AirCharter opera en los principios de servicio absoluto y completo cliente de chorro. Su equipo crea vuelos charter privados personalizado a las vegas que se adaptan a sus pasajeros cada deseo y necesidad, incluyendo la disposici\u00f3n de servicio de comida gourmet, bebidas especiales, entretenimiento a bordo, y otras comodidades.<\/li>\n<\/ul>\n<h1>Why Air Charter.com LLC ?<\/h1>\n<div id=\"col_1\">\n<div id=\"col_1_inner\">\n<p>Air Charter cuenta con m\u00e1s de 17 a\u00f1os de experiencia en el suministro de soluciones aut\u00f3nomas y emplea a los mejores expertos ch\u00e1rter. AirCharter.com organiza m\u00e1s de 9.000 contratos de alquiler completo por a\u00f1o para la participaci\u00f3n de m\u00faltiples sectores y tiene unos ingresos anuales de m\u00e1s de $ 600 millones.<\/p>\n<p><strong>\u00bfPor\u00a0qu\u00e9\u00a0AirCharter.com S.R.L?<\/strong><\/p>\n<p><strong>\u00a0<\/strong><\/p>\n<ul>\n<li><strong>Gerente de cuenta personal<\/strong>\u00a0&#8211; tan pronto como recibamos su solicitud, le asignar\u00e1 su propio experto de charter. Estar\u00e1n disponibles desde el momento de reservar su vuelo al momento de aterrizar.<\/li>\n<li><strong>Soporte de vuelos<\/strong>\u00a0&#8211; este equipo se asegura de que todas sus necesidades se cumplan a lo largo de toda la experiencia de charter.<\/li>\n<li><strong>Aircharter Protecci\u00f3n de Pagos<\/strong>\u00a0&#8211; puede estar disponible a bajo costo y que usted y sus clientes a proteger en caso de quiebra de las compa\u00f1\u00edas a\u00e9reas.<\/li>\n<li><strong>El poder de compra<\/strong>\u00a0&#8211; en los \u00faltimos a\u00f1os, AirCharter.com ha construido muchas relaciones fuertes con las compa\u00f1\u00edas a\u00e9reas. Nuestro tama\u00f1o y reputaci\u00f3n nos permiten negociar mejores precios que luego pueden ser transmitidas como ahorros a nuestros clientes.<\/li>\n<li><strong>Representaci\u00f3n de vuelo de cortes\u00eda<\/strong>\u00a0&#8211; si lo desea podemos enviarle un miembro del personal para acompa\u00f1ar a su grupo en el vuelo para asegurarse de que todo funcione correctamente y para ofrecerle mayor tranquilidad.<\/li>\n<li><strong>Branding a precio de coste<\/strong>\u00a0&#8211; desde los uniformes de la tripulaci\u00f3n de cabina a los escritorios y reposacabezas de check-in, podemos ofrecer m\u00faltiples soluciones de marca para usted.<\/li>\n<li><strong>Presencia global<\/strong>\u00a0&#8211; utilizando nuestra red establecida de oficinas internacionales, podemos ofrecer la experiencia local y nuestras oficinas trabajar\u00e1n juntos para garantizar el mejor servicio posible de cualquier broker de alquiler de jet.<\/li>\n<li><strong>P\u00f3ngase en contacto con nuestros profesionales 24\/7<\/strong>&#8211; broker de alquiler de jet est\u00e1n disponibles las 24 horas 7 d\u00edas a la semana.<\/li>\n<\/ul>\n<\/div>\n<\/div>\n","protected":false},"excerpt":{"rendered":"<p>Vuelo Charter a Las Vegas Mirando a fletar un vuelo a Las Vegas hoy, tenemos todo cubierto. Si quieres dejar de Los \u00c1ngeles o de Nueva York, o en cualquier otro lugar en todo el mundo, estaremos con usted en cada paso del camino. El alquiler de un jet privado ya no es tan problem\u00e1tico y complejo como lo era antes. Motor de reservas Out automatizado le dar\u00e1 un precio estimado para su vuelo charter a las vegas o cualquier otro destino. Fundada en 1985, Air Charter se ha convertido en los l\u00edderes del mercado en la prestaci\u00f3n de servicios de alquiler de jet privado mundiales. Nacida de la voluntad de ofrecer a los clientes una manera m\u00e1s simple y m\u00e1s comprensible para comprar servicios de charter, Charter Air fue fundada en el principio de la colocaci\u00f3n de las necesidades del cliente en primer lugar. El verdadero costo de volar en un jet privado siempre ha estado envuelto en el misterio de los t\u00e9rminos t\u00e9cnicos y los costos ocultos que podr\u00edan ser confusas, incluso para un viajero experimentado. Air Charter simplifica el proceso mediante la creaci\u00f3n de la \u00abCharter Jet Precio Garantizado\u00bb. El precio del alquiler que se citan es el precio que pagas. AirCharter opera en los principios de servicio absoluto y completo cliente de chorro. Su equipo crea vuelos charter privados personalizado a las vegas que se adaptan a sus pasajeros cada deseo y necesidad, incluyendo la disposici\u00f3n de servicio de comida gourmet, bebidas especiales, entretenimiento a bordo, y otras comodidades. Why Air Charter.com LLC ? Air Charter cuenta con m\u00e1s de 17 a\u00f1os de experiencia en el suministro de soluciones aut\u00f3nomas y emplea a los mejores expertos ch\u00e1rter. AirCharter.com organiza m\u00e1s de<\/p>\n","protected":false},"author":12,"featured_media":0,"parent":0,"menu_order":0,"comment_status":"closed","ping_status":"closed","template":"","meta":{"footnotes":""},"class_list":["post-25831","page","type-page","status-publish","hentry"],"yoast_head":"<!-- This site is optimized with the Yoast SEO plugin v27.4 - https:\/\/yoast.com\/product\/yoast-seo-wordpress\/ -->\n<title>Vuelo Charter a Las Vegas - Aircharter<\/title>\n<meta name=\"robots\" content=\"index, follow, max-snippet:-1, max-image-preview:large, max-video-preview:-1\" \/>\n<link rel=\"canonical\" href=\"https:\/\/www.aircharter.com\/vuelo-charter-a-las-vegas\/\" \/>\n<meta property=\"og:locale\" content=\"es_ES\" \/>\n<meta property=\"og:type\" content=\"article\" \/>\n<meta property=\"og:title\" content=\"Vuelo Charter a Las Vegas - Aircharter\" \/>\n<meta property=\"og:description\" content=\"Vuelo Charter a Las Vegas Mirando a fletar un vuelo a Las Vegas hoy, tenemos todo cubierto. Si quieres dejar de Los \u00c1ngeles o de Nueva York, o en cualquier otro lugar en todo el mundo, estaremos con usted en cada paso del camino. El alquiler de un jet privado ya no es tan problem\u00e1tico y complejo como lo era antes. Motor de reservas Out automatizado le dar\u00e1 un precio estimado para su vuelo charter a las vegas o cualquier otro destino. Fundada en 1985, Air Charter se ha convertido en los l\u00edderes del mercado en la prestaci\u00f3n de servicios de alquiler de jet privado mundiales. Nacida de la voluntad de ofrecer a los clientes una manera m\u00e1s simple y m\u00e1s comprensible para comprar servicios de charter, Charter Air fue fundada en el principio de la colocaci\u00f3n de las necesidades del cliente en primer lugar. El verdadero costo de volar en un jet privado siempre ha estado envuelto en el misterio de los t\u00e9rminos t\u00e9cnicos y los costos ocultos que podr\u00edan ser confusas, incluso para un viajero experimentado. Air Charter simplifica el proceso mediante la creaci\u00f3n de la \u00abCharter Jet Precio Garantizado\u00bb. El precio del alquiler que se citan es el precio que pagas. AirCharter opera en los principios de servicio absoluto y completo cliente de chorro. Su equipo crea vuelos charter privados personalizado a las vegas que se adaptan a sus pasajeros cada deseo y necesidad, incluyendo la disposici\u00f3n de servicio de comida gourmet, bebidas especiales, entretenimiento a bordo, y otras comodidades. Why Air Charter.com LLC ? Air Charter cuenta con m\u00e1s de 17 a\u00f1os de experiencia en el suministro de soluciones aut\u00f3nomas y emplea a los mejores expertos ch\u00e1rter. AirCharter.com organiza m\u00e1s de\" \/>\n<meta property=\"og:url\" content=\"https:\/\/www.aircharter.com\/vuelo-charter-a-las-vegas\/\" \/>\n<meta property=\"og:site_name\" content=\"Aircharter\" \/>\n<meta property=\"article:modified_time\" content=\"2022-12-11T22:52:44+00:00\" \/>\n<meta property=\"og:image\" content=\"https:\/\/www.aircharter.com\/wp-content\/uploads\/2013\/06\/plane_sunset2.jpg\" \/>\n<meta name=\"twitter:card\" content=\"summary_large_image\" \/>\n<meta name=\"twitter:label1\" content=\"Tiempo de lectura\" \/>\n\t<meta name=\"twitter:data1\" content=\"3 minutos\" \/>\n<script type=\"application\/ld+json\" class=\"yoast-schema-graph\">{\"@context\":\"https:\\\/\\\/schema.org\",\"@graph\":[{\"@type\":\"WebPage\",\"@id\":\"https:\\\/\\\/www.aircharter.com\\\/vuelo-charter-a-las-vegas\\\/\",\"url\":\"https:\\\/\\\/www.aircharter.com\\\/vuelo-charter-a-las-vegas\\\/\",\"name\":\"Vuelo Charter a Las Vegas - Aircharter\",\"isPartOf\":{\"@id\":\"https:\\\/\\\/www.aircharter.com\\\/de\\\/#website\"},\"primaryImageOfPage\":{\"@id\":\"https:\\\/\\\/www.aircharter.com\\\/vuelo-charter-a-las-vegas\\\/#primaryimage\"},\"image\":{\"@id\":\"https:\\\/\\\/www.aircharter.com\\\/vuelo-charter-a-las-vegas\\\/#primaryimage\"},\"thumbnailUrl\":\"https:\\\/\\\/www.aircharter.com\\\/wp-content\\\/uploads\\\/2013\\\/06\\\/plane_sunset2.jpg\",\"datePublished\":\"2014-03-10T18:23:49+00:00\",\"dateModified\":\"2022-12-11T22:52:44+00:00\",\"breadcrumb\":{\"@id\":\"https:\\\/\\\/www.aircharter.com\\\/vuelo-charter-a-las-vegas\\\/#breadcrumb\"},\"inLanguage\":\"es\",\"potentialAction\":[{\"@type\":\"ReadAction\",\"target\":[\"https:\\\/\\\/www.aircharter.com\\\/vuelo-charter-a-las-vegas\\\/\"]}]},{\"@type\":\"ImageObject\",\"inLanguage\":\"es\",\"@id\":\"https:\\\/\\\/www.aircharter.com\\\/vuelo-charter-a-las-vegas\\\/#primaryimage\",\"url\":\"https:\\\/\\\/www.aircharter.com\\\/wp-content\\\/uploads\\\/2013\\\/06\\\/plane_sunset2.jpg\",\"contentUrl\":\"https:\\\/\\\/www.aircharter.com\\\/wp-content\\\/uploads\\\/2013\\\/06\\\/plane_sunset2.jpg\"},{\"@type\":\"BreadcrumbList\",\"@id\":\"https:\\\/\\\/www.aircharter.com\\\/vuelo-charter-a-las-vegas\\\/#breadcrumb\",\"itemListElement\":[{\"@type\":\"ListItem\",\"position\":1,\"name\":\"Home\",\"item\":\"https:\\\/\\\/www.aircharter.com\\\/\"},{\"@type\":\"ListItem\",\"position\":2,\"name\":\"Vuelo Charter a Las Vegas\"}]},{\"@type\":\"WebSite\",\"@id\":\"https:\\\/\\\/www.aircharter.com\\\/de\\\/#website\",\"url\":\"https:\\\/\\\/www.aircharter.com\\\/de\\\/\",\"name\":\"Aircharter\",\"description\":\"Air Charter | Private Jet Charter &amp; Rental | Fly Smarter | Hire a Business Jet\",\"publisher\":{\"@id\":\"https:\\\/\\\/www.aircharter.com\\\/de\\\/#organization\"},\"potentialAction\":[{\"@type\":\"SearchAction\",\"target\":{\"@type\":\"EntryPoint\",\"urlTemplate\":\"https:\\\/\\\/www.aircharter.com\\\/de\\\/?s={search_term_string}\"},\"query-input\":{\"@type\":\"PropertyValueSpecification\",\"valueRequired\":true,\"valueName\":\"search_term_string\"}}],\"inLanguage\":\"es\"},{\"@type\":\"Organization\",\"@id\":\"https:\\\/\\\/www.aircharter.com\\\/de\\\/#organization\",\"name\":\"Aircharter.com LLC\",\"url\":\"https:\\\/\\\/www.aircharter.com\\\/de\\\/\",\"logo\":{\"@type\":\"ImageObject\",\"inLanguage\":\"es\",\"@id\":\"https:\\\/\\\/www.aircharter.com\\\/de\\\/#\\\/schema\\\/logo\\\/image\\\/\",\"url\":\"https:\\\/\\\/www.aircharter.com\\\/wp-content\\\/uploads\\\/2022\\\/12\\\/Aircharter_logo_114X1141-11.png\",\"contentUrl\":\"https:\\\/\\\/www.aircharter.com\\\/wp-content\\\/uploads\\\/2022\\\/12\\\/Aircharter_logo_114X1141-11.png\",\"width\":114,\"height\":114,\"caption\":\"Aircharter.com LLC\"},\"image\":{\"@id\":\"https:\\\/\\\/www.aircharter.com\\\/de\\\/#\\\/schema\\\/logo\\\/image\\\/\"}}]}<\/script>\n<!-- \/ Yoast SEO plugin. -->","yoast_head_json":{"title":"Vuelo Charter a Las Vegas - Aircharter","robots":{"index":"index","follow":"follow","max-snippet":"max-snippet:-1","max-image-preview":"max-image-preview:large","max-video-preview":"max-video-preview:-1"},"canonical":"https:\/\/www.aircharter.com\/vuelo-charter-a-las-vegas\/","og_locale":"es_ES","og_type":"article","og_title":"Vuelo Charter a Las Vegas - Aircharter","og_description":"Vuelo Charter a Las Vegas Mirando a fletar un vuelo a Las Vegas hoy, tenemos todo cubierto. Si quieres dejar de Los \u00c1ngeles o de Nueva York, o en cualquier otro lugar en todo el mundo, estaremos con usted en cada paso del camino. El alquiler de un jet privado ya no es tan problem\u00e1tico y complejo como lo era antes. Motor de reservas Out automatizado le dar\u00e1 un precio estimado para su vuelo charter a las vegas o cualquier otro destino. Fundada en 1985, Air Charter se ha convertido en los l\u00edderes del mercado en la prestaci\u00f3n de servicios de alquiler de jet privado mundiales. Nacida de la voluntad de ofrecer a los clientes una manera m\u00e1s simple y m\u00e1s comprensible para comprar servicios de charter, Charter Air fue fundada en el principio de la colocaci\u00f3n de las necesidades del cliente en primer lugar. El verdadero costo de volar en un jet privado siempre ha estado envuelto en el misterio de los t\u00e9rminos t\u00e9cnicos y los costos ocultos que podr\u00edan ser confusas, incluso para un viajero experimentado. Air Charter simplifica el proceso mediante la creaci\u00f3n de la \u00abCharter Jet Precio Garantizado\u00bb. El precio del alquiler que se citan es el precio que pagas. AirCharter opera en los principios de servicio absoluto y completo cliente de chorro. Su equipo crea vuelos charter privados personalizado a las vegas que se adaptan a sus pasajeros cada deseo y necesidad, incluyendo la disposici\u00f3n de servicio de comida gourmet, bebidas especiales, entretenimiento a bordo, y otras comodidades. Why Air Charter.com LLC ? Air Charter cuenta con m\u00e1s de 17 a\u00f1os de experiencia en el suministro de soluciones aut\u00f3nomas y emplea a los mejores expertos ch\u00e1rter. AirCharter.com organiza m\u00e1s de","og_url":"https:\/\/www.aircharter.com\/vuelo-charter-a-las-vegas\/","og_site_name":"Aircharter","article_modified_time":"2022-12-11T22:52:44+00:00","og_image":[{"url":"https:\/\/www.aircharter.com\/wp-content\/uploads\/2013\/06\/plane_sunset2.jpg","type":"","width":"","height":""}],"twitter_card":"summary_large_image","twitter_misc":{"Tiempo de lectura":"3 minutos"},"schema":{"@context":"https:\/\/schema.org","@graph":[{"@type":"WebPage","@id":"https:\/\/www.aircharter.com\/vuelo-charter-a-las-vegas\/","url":"https:\/\/www.aircharter.com\/vuelo-charter-a-las-vegas\/","name":"Vuelo Charter a Las Vegas - Aircharter","isPartOf":{"@id":"https:\/\/www.aircharter.com\/de\/#website"},"primaryImageOfPage":{"@id":"https:\/\/www.aircharter.com\/vuelo-charter-a-las-vegas\/#primaryimage"},"image":{"@id":"https:\/\/www.aircharter.com\/vuelo-charter-a-las-vegas\/#primaryimage"},"thumbnailUrl":"https:\/\/www.aircharter.com\/wp-content\/uploads\/2013\/06\/plane_sunset2.jpg","datePublished":"2014-03-10T18:23:49+00:00","dateModified":"2022-12-11T22:52:44+00:00","breadcrumb":{"@id":"https:\/\/www.aircharter.com\/vuelo-charter-a-las-vegas\/#breadcrumb"},"inLanguage":"es","potentialAction":[{"@type":"ReadAction","target":["https:\/\/www.aircharter.com\/vuelo-charter-a-las-vegas\/"]}]},{"@type":"ImageObject","inLanguage":"es","@id":"https:\/\/www.aircharter.com\/vuelo-charter-a-las-vegas\/#primaryimage","url":"https:\/\/www.aircharter.com\/wp-content\/uploads\/2013\/06\/plane_sunset2.jpg","contentUrl":"https:\/\/www.aircharter.com\/wp-content\/uploads\/2013\/06\/plane_sunset2.jpg"},{"@type":"BreadcrumbList","@id":"https:\/\/www.aircharter.com\/vuelo-charter-a-las-vegas\/#breadcrumb","itemListElement":[{"@type":"ListItem","position":1,"name":"Home","item":"https:\/\/www.aircharter.com\/"},{"@type":"ListItem","position":2,"name":"Vuelo Charter a Las Vegas"}]},{"@type":"WebSite","@id":"https:\/\/www.aircharter.com\/de\/#website","url":"https:\/\/www.aircharter.com\/de\/","name":"Aircharter","description":"Air Charter | Private Jet Charter &amp; Rental | Fly Smarter | Hire a Business Jet","publisher":{"@id":"https:\/\/www.aircharter.com\/de\/#organization"},"potentialAction":[{"@type":"SearchAction","target":{"@type":"EntryPoint","urlTemplate":"https:\/\/www.aircharter.com\/de\/?s={search_term_string}"},"query-input":{"@type":"PropertyValueSpecification","valueRequired":true,"valueName":"search_term_string"}}],"inLanguage":"es"},{"@type":"Organization","@id":"https:\/\/www.aircharter.com\/de\/#organization","name":"Aircharter.com LLC","url":"https:\/\/www.aircharter.com\/de\/","logo":{"@type":"ImageObject","inLanguage":"es","@id":"https:\/\/www.aircharter.com\/de\/#\/schema\/logo\/image\/","url":"https:\/\/www.aircharter.com\/wp-content\/uploads\/2022\/12\/Aircharter_logo_114X1141-11.png","contentUrl":"https:\/\/www.aircharter.com\/wp-content\/uploads\/2022\/12\/Aircharter_logo_114X1141-11.png","width":114,"height":114,"caption":"Aircharter.com LLC"},"image":{"@id":"https:\/\/www.aircharter.com\/de\/#\/schema\/logo\/image\/"}}]}},"_links":{"self":[{"href":"https:\/\/www.aircharter.com\/es\/wp-json\/wp\/v2\/pages\/25831","targetHints":{"allow":["GET"]}}],"collection":[{"href":"https:\/\/www.aircharter.com\/es\/wp-json\/wp\/v2\/pages"}],"about":[{"href":"https:\/\/www.aircharter.com\/es\/wp-json\/wp\/v2\/types\/page"}],"author":[{"embeddable":true,"href":"https:\/\/www.aircharter.com\/es\/wp-json\/wp\/v2\/users\/12"}],"replies":[{"embeddable":true,"href":"https:\/\/www.aircharter.com\/es\/wp-json\/wp\/v2\/comments?post=25831"}],"version-history":[{"count":3,"href":"https:\/\/www.aircharter.com\/es\/wp-json\/wp\/v2\/pages\/25831\/revisions"}],"predecessor-version":[{"id":31529,"href":"https:\/\/www.aircharter.com\/es\/wp-json\/wp\/v2\/pages\/25831\/revisions\/31529"}],"wp:attachment":[{"href":"https:\/\/www.aircharter.com\/es\/wp-json\/wp\/v2\/media?parent=25831"}],"curies":[{"name":"wp","href":"https:\/\/api.w.org\/{rel}","templated":true}]}}