{"id":25852,"date":"2014-03-10T17:51:51","date_gmt":"2014-03-10T21:51:51","guid":{"rendered":"https:\/\/www.aircharter.com\/?page_id=25852"},"modified":"2022-12-11T17:52:44","modified_gmt":"2022-12-11T22:52:44","slug":"gulfstream-jet-2","status":"publish","type":"page","link":"https:\/\/www.aircharter.com\/es\/gulfstream-jet-2\/","title":{"rendered":"Gulfstream Jet"},"content":{"rendered":"<h1><strong>Gulfstream Jet<\/strong><\/h1>\n<p>Aircharter ofrece un extraordinario servicio de flete a\u00e9reo de Gulfstream Jets, nuestra red mundial le ofrece una amplia variedad de aviones de negocios aprobados, que var\u00edan en tama\u00f1o, desde peque\u00f1as a gran cabina, con capacidad para 8 pasajeros. Personal capacitado AirCharter.com &#8216;s ofrece un servicio excepcional para satisfacer las necesidades m\u00e1s exigentes del viajero ejecutivo.<br \/>\nPodemos proporcionarle con non-stop, acceso directo a destinos que no est\u00e1n normalmente servidos por l\u00edneas a\u00e9reas regulares, creando una experiencia de viaje mucho m\u00e1s c\u00f3modo y lujoso para sus pasajeros.<br \/>\n<a href=\"https:\/\/www.aircharter.com\/wp-content\/uploads\/2013\/06\/plane_mountains.jpg\"><img decoding=\"async\" title=\"Gulfstream Jet\" alt=\"Gulfstream Jet\" src=\"https:\/\/www.aircharter.com\/wp-content\/uploads\/2013\/06\/plane_mountains-300x184.jpg\" width=\"300\" height=\"184\" \/><\/a><\/p>\n<p>Nuestro experimentado equipo trabaja en estrecha colaboraci\u00f3n con usted para encontrar el avi\u00f3n adecuado para su viaje. Ya sea que usted necesita para volar 4 pasajeros o miles, nuestro Air Charter Company evaluar\u00e1 su presupuesto para ayudarle en la selecci\u00f3n de aviones m\u00e1s apropiado.<br \/>\nNuestros vuelos Air Charter est\u00e1n disponibles para nuestros valiosos clientes 24 horas al d\u00eda siete d\u00eda por semana, siempre vamos a estar disponibles para servir!<br \/>\nUtilice nuestro Gu\u00eda de Air Charter para aprender c\u00f3mo reservar mejor su avi\u00f3n para su grupo.<\/p>\n<p>Aeronaves en servicio de alquiler de arrendamiento no son siempre la mejor manera de ir cuando se tiene en cuenta que le podemos ofrecer precios que son similares a una aeronave arrendada sin la necesidad de arrendar uno, \u00bfpor qu\u00e9 pagar por un jet privado cuando se puede pagar s\u00f3lo las horas que volar?<br \/>\nNuestros aviones jet Gulfstream est\u00e1n disponibles para todos nuestros clientes.<br \/>\nMirando hacia el alquiler de aviones no busques m\u00e1s aconsejamos probar nuestro motor de reservas online de arriba para los precios competitivos.<\/p>\n<p>Trabajamos con varios equipos de ejecutivos de gesti\u00f3n de jet llame a nuestra oficina para la asistencia a 866-FLY-CHTR<br \/>\nNuestro experimentado equipo trabaja en estrecha colaboraci\u00f3n con usted en sus necesidades de viaje ejecutivos. AirCharter.com ofrece todos los tama\u00f1os de las aeronaves y los precios garantizados al instante a trav\u00e9s de nuestro sistema de reservas en l\u00ednea de 24 horas. Todos nuestros clientes disfrutan de nuestro servicio al cliente 24\/7\/365, incluyendo el seguimiento de vuelo desde el despegue hasta el aterrizaje.<\/p>\n","protected":false},"excerpt":{"rendered":"<p>Gulfstream Jet Aircharter ofrece un extraordinario servicio de flete a\u00e9reo de Gulfstream Jets, nuestra red mundial le ofrece una amplia variedad de aviones de negocios aprobados, que var\u00edan en tama\u00f1o, desde peque\u00f1as a gran cabina, con capacidad para 8 pasajeros. Personal capacitado AirCharter.com &#8216;s ofrece un servicio excepcional para satisfacer las necesidades m\u00e1s exigentes del viajero ejecutivo. Podemos proporcionarle con non-stop, acceso directo a destinos que no est\u00e1n normalmente servidos por l\u00edneas a\u00e9reas regulares, creando una experiencia de viaje mucho m\u00e1s c\u00f3modo y lujoso para sus pasajeros. Nuestro experimentado equipo trabaja en estrecha colaboraci\u00f3n con usted para encontrar el avi\u00f3n adecuado para su viaje. Ya sea que usted necesita para volar 4 pasajeros o miles, nuestro Air Charter Company evaluar\u00e1 su presupuesto para ayudarle en la selecci\u00f3n de aviones m\u00e1s apropiado. Nuestros vuelos Air Charter est\u00e1n disponibles para nuestros valiosos clientes 24 horas al d\u00eda siete d\u00eda por semana, siempre vamos a estar disponibles para servir! Utilice nuestro Gu\u00eda de Air Charter para aprender c\u00f3mo reservar mejor su avi\u00f3n para su grupo. Aeronaves en servicio de alquiler de arrendamiento no son siempre la mejor manera de ir cuando se tiene en cuenta que le podemos ofrecer precios que son similares a una aeronave arrendada sin la necesidad de arrendar uno, \u00bfpor qu\u00e9 pagar por un jet privado cuando se puede pagar s\u00f3lo las horas que volar? Nuestros aviones jet Gulfstream est\u00e1n disponibles para todos nuestros clientes. Mirando hacia el alquiler de aviones no busques m\u00e1s aconsejamos probar nuestro motor de reservas online de arriba para los precios competitivos. Trabajamos con varios equipos de ejecutivos de gesti\u00f3n de jet llame a nuestra oficina para la asistencia a 866-FLY-CHTR Nuestro experimentado equipo trabaja en estrecha colaboraci\u00f3n con<\/p>\n","protected":false},"author":12,"featured_media":0,"parent":0,"menu_order":0,"comment_status":"closed","ping_status":"closed","template":"","meta":{"footnotes":""},"class_list":["post-25852","page","type-page","status-publish","hentry"],"yoast_head":"<!-- This site is optimized with the Yoast SEO plugin v27.4 - https:\/\/yoast.com\/product\/yoast-seo-wordpress\/ -->\n<title>Gulfstream Jet - Aircharter<\/title>\n<meta name=\"robots\" content=\"index, follow, max-snippet:-1, max-image-preview:large, max-video-preview:-1\" \/>\n<link rel=\"canonical\" href=\"https:\/\/www.aircharter.com\/gulfstream-jet-2\/\" \/>\n<meta property=\"og:locale\" content=\"es_ES\" \/>\n<meta property=\"og:type\" content=\"article\" \/>\n<meta property=\"og:title\" content=\"Gulfstream Jet - Aircharter\" \/>\n<meta property=\"og:description\" content=\"Gulfstream Jet Aircharter ofrece un extraordinario servicio de flete a\u00e9reo de Gulfstream Jets, nuestra red mundial le ofrece una amplia variedad de aviones de negocios aprobados, que var\u00edan en tama\u00f1o, desde peque\u00f1as a gran cabina, con capacidad para 8 pasajeros. Personal capacitado AirCharter.com &#8216;s ofrece un servicio excepcional para satisfacer las necesidades m\u00e1s exigentes del viajero ejecutivo. Podemos proporcionarle con non-stop, acceso directo a destinos que no est\u00e1n normalmente servidos por l\u00edneas a\u00e9reas regulares, creando una experiencia de viaje mucho m\u00e1s c\u00f3modo y lujoso para sus pasajeros. Nuestro experimentado equipo trabaja en estrecha colaboraci\u00f3n con usted para encontrar el avi\u00f3n adecuado para su viaje. Ya sea que usted necesita para volar 4 pasajeros o miles, nuestro Air Charter Company evaluar\u00e1 su presupuesto para ayudarle en la selecci\u00f3n de aviones m\u00e1s apropiado. Nuestros vuelos Air Charter est\u00e1n disponibles para nuestros valiosos clientes 24 horas al d\u00eda siete d\u00eda por semana, siempre vamos a estar disponibles para servir! Utilice nuestro Gu\u00eda de Air Charter para aprender c\u00f3mo reservar mejor su avi\u00f3n para su grupo. Aeronaves en servicio de alquiler de arrendamiento no son siempre la mejor manera de ir cuando se tiene en cuenta que le podemos ofrecer precios que son similares a una aeronave arrendada sin la necesidad de arrendar uno, \u00bfpor qu\u00e9 pagar por un jet privado cuando se puede pagar s\u00f3lo las horas que volar? Nuestros aviones jet Gulfstream est\u00e1n disponibles para todos nuestros clientes. Mirando hacia el alquiler de aviones no busques m\u00e1s aconsejamos probar nuestro motor de reservas online de arriba para los precios competitivos. Trabajamos con varios equipos de ejecutivos de gesti\u00f3n de jet llame a nuestra oficina para la asistencia a 866-FLY-CHTR Nuestro experimentado equipo trabaja en estrecha colaboraci\u00f3n con\" \/>\n<meta property=\"og:url\" content=\"https:\/\/www.aircharter.com\/gulfstream-jet-2\/\" \/>\n<meta property=\"og:site_name\" content=\"Aircharter\" \/>\n<meta property=\"article:modified_time\" content=\"2022-12-11T22:52:44+00:00\" \/>\n<meta property=\"og:image\" content=\"https:\/\/www.aircharter.com\/wp-content\/uploads\/2013\/06\/plane_mountains-300x184.jpg\" \/>\n<meta name=\"twitter:card\" content=\"summary_large_image\" \/>\n<meta name=\"twitter:label1\" content=\"Tiempo de lectura\" \/>\n\t<meta name=\"twitter:data1\" content=\"2 minutos\" \/>\n<script type=\"application\/ld+json\" class=\"yoast-schema-graph\">{\"@context\":\"https:\\\/\\\/schema.org\",\"@graph\":[{\"@type\":\"WebPage\",\"@id\":\"https:\\\/\\\/www.aircharter.com\\\/gulfstream-jet-2\\\/\",\"url\":\"https:\\\/\\\/www.aircharter.com\\\/gulfstream-jet-2\\\/\",\"name\":\"Gulfstream Jet - Aircharter\",\"isPartOf\":{\"@id\":\"https:\\\/\\\/www.aircharter.com\\\/de\\\/#website\"},\"primaryImageOfPage\":{\"@id\":\"https:\\\/\\\/www.aircharter.com\\\/gulfstream-jet-2\\\/#primaryimage\"},\"image\":{\"@id\":\"https:\\\/\\\/www.aircharter.com\\\/gulfstream-jet-2\\\/#primaryimage\"},\"thumbnailUrl\":\"https:\\\/\\\/www.aircharter.com\\\/wp-content\\\/uploads\\\/2013\\\/06\\\/plane_mountains-300x184.jpg\",\"datePublished\":\"2014-03-10T21:51:51+00:00\",\"dateModified\":\"2022-12-11T22:52:44+00:00\",\"breadcrumb\":{\"@id\":\"https:\\\/\\\/www.aircharter.com\\\/gulfstream-jet-2\\\/#breadcrumb\"},\"inLanguage\":\"es\",\"potentialAction\":[{\"@type\":\"ReadAction\",\"target\":[\"https:\\\/\\\/www.aircharter.com\\\/gulfstream-jet-2\\\/\"]}]},{\"@type\":\"ImageObject\",\"inLanguage\":\"es\",\"@id\":\"https:\\\/\\\/www.aircharter.com\\\/gulfstream-jet-2\\\/#primaryimage\",\"url\":\"https:\\\/\\\/www.aircharter.com\\\/wp-content\\\/uploads\\\/2013\\\/06\\\/plane_mountains-300x184.jpg\",\"contentUrl\":\"https:\\\/\\\/www.aircharter.com\\\/wp-content\\\/uploads\\\/2013\\\/06\\\/plane_mountains-300x184.jpg\"},{\"@type\":\"BreadcrumbList\",\"@id\":\"https:\\\/\\\/www.aircharter.com\\\/gulfstream-jet-2\\\/#breadcrumb\",\"itemListElement\":[{\"@type\":\"ListItem\",\"position\":1,\"name\":\"Home\",\"item\":\"https:\\\/\\\/www.aircharter.com\\\/\"},{\"@type\":\"ListItem\",\"position\":2,\"name\":\"Gulfstream Jet\"}]},{\"@type\":\"WebSite\",\"@id\":\"https:\\\/\\\/www.aircharter.com\\\/de\\\/#website\",\"url\":\"https:\\\/\\\/www.aircharter.com\\\/de\\\/\",\"name\":\"Aircharter\",\"description\":\"Air Charter | Private Jet Charter &amp; Rental | Fly Smarter | Hire a Business Jet\",\"publisher\":{\"@id\":\"https:\\\/\\\/www.aircharter.com\\\/de\\\/#organization\"},\"potentialAction\":[{\"@type\":\"SearchAction\",\"target\":{\"@type\":\"EntryPoint\",\"urlTemplate\":\"https:\\\/\\\/www.aircharter.com\\\/de\\\/?s={search_term_string}\"},\"query-input\":{\"@type\":\"PropertyValueSpecification\",\"valueRequired\":true,\"valueName\":\"search_term_string\"}}],\"inLanguage\":\"es\"},{\"@type\":\"Organization\",\"@id\":\"https:\\\/\\\/www.aircharter.com\\\/de\\\/#organization\",\"name\":\"Aircharter.com LLC\",\"url\":\"https:\\\/\\\/www.aircharter.com\\\/de\\\/\",\"logo\":{\"@type\":\"ImageObject\",\"inLanguage\":\"es\",\"@id\":\"https:\\\/\\\/www.aircharter.com\\\/de\\\/#\\\/schema\\\/logo\\\/image\\\/\",\"url\":\"https:\\\/\\\/www.aircharter.com\\\/wp-content\\\/uploads\\\/2022\\\/12\\\/Aircharter_logo_114X1141-11.png\",\"contentUrl\":\"https:\\\/\\\/www.aircharter.com\\\/wp-content\\\/uploads\\\/2022\\\/12\\\/Aircharter_logo_114X1141-11.png\",\"width\":114,\"height\":114,\"caption\":\"Aircharter.com LLC\"},\"image\":{\"@id\":\"https:\\\/\\\/www.aircharter.com\\\/de\\\/#\\\/schema\\\/logo\\\/image\\\/\"}}]}<\/script>\n<!-- \/ Yoast SEO plugin. -->","yoast_head_json":{"title":"Gulfstream Jet - Aircharter","robots":{"index":"index","follow":"follow","max-snippet":"max-snippet:-1","max-image-preview":"max-image-preview:large","max-video-preview":"max-video-preview:-1"},"canonical":"https:\/\/www.aircharter.com\/gulfstream-jet-2\/","og_locale":"es_ES","og_type":"article","og_title":"Gulfstream Jet - Aircharter","og_description":"Gulfstream Jet Aircharter ofrece un extraordinario servicio de flete a\u00e9reo de Gulfstream Jets, nuestra red mundial le ofrece una amplia variedad de aviones de negocios aprobados, que var\u00edan en tama\u00f1o, desde peque\u00f1as a gran cabina, con capacidad para 8 pasajeros. Personal capacitado AirCharter.com &#8216;s ofrece un servicio excepcional para satisfacer las necesidades m\u00e1s exigentes del viajero ejecutivo. Podemos proporcionarle con non-stop, acceso directo a destinos que no est\u00e1n normalmente servidos por l\u00edneas a\u00e9reas regulares, creando una experiencia de viaje mucho m\u00e1s c\u00f3modo y lujoso para sus pasajeros. Nuestro experimentado equipo trabaja en estrecha colaboraci\u00f3n con usted para encontrar el avi\u00f3n adecuado para su viaje. Ya sea que usted necesita para volar 4 pasajeros o miles, nuestro Air Charter Company evaluar\u00e1 su presupuesto para ayudarle en la selecci\u00f3n de aviones m\u00e1s apropiado. Nuestros vuelos Air Charter est\u00e1n disponibles para nuestros valiosos clientes 24 horas al d\u00eda siete d\u00eda por semana, siempre vamos a estar disponibles para servir! Utilice nuestro Gu\u00eda de Air Charter para aprender c\u00f3mo reservar mejor su avi\u00f3n para su grupo. Aeronaves en servicio de alquiler de arrendamiento no son siempre la mejor manera de ir cuando se tiene en cuenta que le podemos ofrecer precios que son similares a una aeronave arrendada sin la necesidad de arrendar uno, \u00bfpor qu\u00e9 pagar por un jet privado cuando se puede pagar s\u00f3lo las horas que volar? Nuestros aviones jet Gulfstream est\u00e1n disponibles para todos nuestros clientes. Mirando hacia el alquiler de aviones no busques m\u00e1s aconsejamos probar nuestro motor de reservas online de arriba para los precios competitivos. Trabajamos con varios equipos de ejecutivos de gesti\u00f3n de jet llame a nuestra oficina para la asistencia a 866-FLY-CHTR Nuestro experimentado equipo trabaja en estrecha colaboraci\u00f3n con","og_url":"https:\/\/www.aircharter.com\/gulfstream-jet-2\/","og_site_name":"Aircharter","article_modified_time":"2022-12-11T22:52:44+00:00","og_image":[{"url":"https:\/\/www.aircharter.com\/wp-content\/uploads\/2013\/06\/plane_mountains-300x184.jpg","type":"","width":"","height":""}],"twitter_card":"summary_large_image","twitter_misc":{"Tiempo de lectura":"2 minutos"},"schema":{"@context":"https:\/\/schema.org","@graph":[{"@type":"WebPage","@id":"https:\/\/www.aircharter.com\/gulfstream-jet-2\/","url":"https:\/\/www.aircharter.com\/gulfstream-jet-2\/","name":"Gulfstream Jet - Aircharter","isPartOf":{"@id":"https:\/\/www.aircharter.com\/de\/#website"},"primaryImageOfPage":{"@id":"https:\/\/www.aircharter.com\/gulfstream-jet-2\/#primaryimage"},"image":{"@id":"https:\/\/www.aircharter.com\/gulfstream-jet-2\/#primaryimage"},"thumbnailUrl":"https:\/\/www.aircharter.com\/wp-content\/uploads\/2013\/06\/plane_mountains-300x184.jpg","datePublished":"2014-03-10T21:51:51+00:00","dateModified":"2022-12-11T22:52:44+00:00","breadcrumb":{"@id":"https:\/\/www.aircharter.com\/gulfstream-jet-2\/#breadcrumb"},"inLanguage":"es","potentialAction":[{"@type":"ReadAction","target":["https:\/\/www.aircharter.com\/gulfstream-jet-2\/"]}]},{"@type":"ImageObject","inLanguage":"es","@id":"https:\/\/www.aircharter.com\/gulfstream-jet-2\/#primaryimage","url":"https:\/\/www.aircharter.com\/wp-content\/uploads\/2013\/06\/plane_mountains-300x184.jpg","contentUrl":"https:\/\/www.aircharter.com\/wp-content\/uploads\/2013\/06\/plane_mountains-300x184.jpg"},{"@type":"BreadcrumbList","@id":"https:\/\/www.aircharter.com\/gulfstream-jet-2\/#breadcrumb","itemListElement":[{"@type":"ListItem","position":1,"name":"Home","item":"https:\/\/www.aircharter.com\/"},{"@type":"ListItem","position":2,"name":"Gulfstream Jet"}]},{"@type":"WebSite","@id":"https:\/\/www.aircharter.com\/de\/#website","url":"https:\/\/www.aircharter.com\/de\/","name":"Aircharter","description":"Air Charter | Private Jet Charter &amp; Rental | Fly Smarter | Hire a Business Jet","publisher":{"@id":"https:\/\/www.aircharter.com\/de\/#organization"},"potentialAction":[{"@type":"SearchAction","target":{"@type":"EntryPoint","urlTemplate":"https:\/\/www.aircharter.com\/de\/?s={search_term_string}"},"query-input":{"@type":"PropertyValueSpecification","valueRequired":true,"valueName":"search_term_string"}}],"inLanguage":"es"},{"@type":"Organization","@id":"https:\/\/www.aircharter.com\/de\/#organization","name":"Aircharter.com LLC","url":"https:\/\/www.aircharter.com\/de\/","logo":{"@type":"ImageObject","inLanguage":"es","@id":"https:\/\/www.aircharter.com\/de\/#\/schema\/logo\/image\/","url":"https:\/\/www.aircharter.com\/wp-content\/uploads\/2022\/12\/Aircharter_logo_114X1141-11.png","contentUrl":"https:\/\/www.aircharter.com\/wp-content\/uploads\/2022\/12\/Aircharter_logo_114X1141-11.png","width":114,"height":114,"caption":"Aircharter.com LLC"},"image":{"@id":"https:\/\/www.aircharter.com\/de\/#\/schema\/logo\/image\/"}}]}},"_links":{"self":[{"href":"https:\/\/www.aircharter.com\/es\/wp-json\/wp\/v2\/pages\/25852","targetHints":{"allow":["GET"]}}],"collection":[{"href":"https:\/\/www.aircharter.com\/es\/wp-json\/wp\/v2\/pages"}],"about":[{"href":"https:\/\/www.aircharter.com\/es\/wp-json\/wp\/v2\/types\/page"}],"author":[{"embeddable":true,"href":"https:\/\/www.aircharter.com\/es\/wp-json\/wp\/v2\/users\/12"}],"replies":[{"embeddable":true,"href":"https:\/\/www.aircharter.com\/es\/wp-json\/wp\/v2\/comments?post=25852"}],"version-history":[{"count":1,"href":"https:\/\/www.aircharter.com\/es\/wp-json\/wp\/v2\/pages\/25852\/revisions"}],"predecessor-version":[{"id":25853,"href":"https:\/\/www.aircharter.com\/es\/wp-json\/wp\/v2\/pages\/25852\/revisions\/25853"}],"wp:attachment":[{"href":"https:\/\/www.aircharter.com\/es\/wp-json\/wp\/v2\/media?parent=25852"}],"curies":[{"name":"wp","href":"https:\/\/api.w.org\/{rel}","templated":true}]}}