{"id":25943,"date":"2014-03-15T10:37:20","date_gmt":"2014-03-15T14:37:20","guid":{"rendered":"https:\/\/www.aircharter.com\/?page_id=25943"},"modified":"2022-12-11T17:52:43","modified_gmt":"2022-12-11T22:52:43","slug":"avion-privado-charter","status":"publish","type":"page","link":"https:\/\/www.aircharter.com\/es\/avion-privado-charter\/","title":{"rendered":"Avi\u00f3n Privado Charter"},"content":{"rendered":"<h1>\u00a0Avi\u00f3n Privado Charter<\/h1>\n<p>Mirando para alquilar un avi\u00f3n privado? Usted est\u00e1 en www.aircharter.com, la mejor soluci\u00f3n posible.<\/p>\n<p>Deje que nuestro equipo le proporcionar\u00e1 una amplia variedad de aviones calificados y certificados; prop para salvar, jet para la velocidad, el helic\u00f3ptero para mayor comodidad y m\u00e1s. El valor de un jet privado, avi\u00f3n es el valor de su tiempo y su necesidad de comodidad y confort. S\u00ed, un jet privado, avi\u00f3n va a costar m\u00e1s de un asiento en un avi\u00f3n comercial. S\u00ed, usted puede elegir los tiempos de salida \/ llegada, elegir los mejores aeropuertos, elegir sus horarios de salida, elija los servicios de a bordo y catering, reservar aparcamiento y servicios de aeropuerto y elegir el mejor avi\u00f3n para exceder sus expectativas. Comparar un paseo en limusina a un taxi. Personal bien informado de Air Charter ofrece un servicio excepcional al proporcionar las mejores opciones para satisfacer las necesidades m\u00e1s exigentes de los viajeros. Si su viaje es por negocios o por placer no vamos a satisfacer sus necesidades y superar sus expectativas.<\/p>\n<p><img decoding=\"async\" style=\"font-size: 14px; line-height: 1.5em;\" title=\"private plane charter\" alt=\"private plane charter\" src=\"https:\/\/www.aircharter.com\/wp-content\/uploads\/2013\/06\/ground5-300x184.jpg\" width=\"300\" height=\"184\" \/><\/p>\n<p><strong>TRANSPORTE A\u00c9REO .. Tu Manera Siempre!<\/strong><\/p>\n<p>Avi\u00f3n charter privado que ofrece una experiencia de viaje que es imposible reproducir en los viajes en avi\u00f3n comercial. Su experiencia de viaje Air Charter ofrece muchos beneficios, tales como:<\/p>\n<p><strong>Privacidad<\/strong> &#8211; Con Air Charter , usted y sus invitados tienen todo el avi\u00f3n por vosotros mismos . Usted viaja exclusivamente a los pasajeros que conoces , y disfrutar de la intimidad personal que le permite hablar de negocios o simplemente relajarse. Nuestros jets m\u00e1s grandes ofrecen una excelente experiencia gastron\u00f3mica comparable a un restaurante de cinco estrellas . Este es realmente el tipo de perfecci\u00f3n que las aerol\u00edneas comerciales ni siquiera considerar.<\/p>\n<p><strong>Comfort<\/strong> &#8211; Ofrecemos la clase de atenci\u00f3n personal que usted esperar\u00eda de un conserje de lujo. Nuestros servicios incluyen asientos amplios de cuero, pel\u00edculas gratuitas en vuelo , barra de bar y comidas gourmet de su elecci\u00f3n. No hay proceso largo registro de entrada. Usted tira hasta la aeronave y su equipaje se carga directamente desde su coche en el avi\u00f3n. Ahh, la perfecci\u00f3n!<\/p>\n<p><strong>Punto a Punto Travel<\/strong> &#8211; Volamos cuando quieres volar , no se basa en nuestro propio programa . Con acceso a 10 veces m\u00e1s aeropuertos que las aerol\u00edneas comerciales , se puede volar dentro y fuera de los aeropuertos m\u00e1s peque\u00f1os y menos congestionados que est\u00e1n cerca de donde se encuentra y donde vas a . \u00bfQuieres a\u00f1adir una parada , mientras que en ruta o se est\u00e1 ejecutando tarde, nuestra tripulaci\u00f3n har\u00e1 todo lo posible para dar cabida a sus planes de viaje en constante cambio . Eso es lo que queremos decir cuando decimos Viaje en avi\u00f3n .. su manera siempre !<\/p>\n<p><strong>No te pierdas la cena otra vez<\/strong> &#8211; Cuando usted utiliza un jet privado, avi\u00f3n privado desde www.AirCharter.com , usted puede tener una reuni\u00f3n por la ma\u00f1ana en San Francisco, una reuni\u00f3n por la tarde en Denver y volver a casa a San Francisco , justo a tiempo para la cena. www.AirCharter.com abre un mundo de oportunidades, d\u00e1ndole flexibilidad para planear su viaje alrededor de su horario. La manera perfecta de viajar es a su manera siempre .<\/p>\n<p>&nbsp;<\/p>\n<p><strong>\u00a0Reuniones &amp;\u00a0Incentivos Air Charter<\/strong><\/p>\n<p>Aircharter toma de reuniones y de alquiler de incentivos a un nivel m\u00e1s alto. Nuestro experimentado equipo trabaja estrechamente con usted para asegurar que los grupos de viaje se satisfacen las necesidades. Podemos personalizar la experiencia de viaje de su grupo, llevando a cabo el tema de su reuni\u00f3n o incentivo desde el momento de abordar el avi\u00f3n personalizado.<br \/>\nImagine la cantidad de inter\u00e9s adicional que va a crear por tener su avi\u00f3n personal adaptado a las necesidades de su grupo. Si sus necesidades de vuelo son un 747 por 400 ganadores de incentivos o un jet regional de 40 asistentes a la reuni\u00f3n, Aircharter puede hacer la experiencia \u00fanica de su organizaci\u00f3n.<br \/>\nPuede proporcionar sin parar, acceso directo a destinos que no est\u00e1n normalmente servidos por l\u00edneas a\u00e9reas regulares, creando una mayor experiencia de viaje de sus pasajeros.<\/p>\n","protected":false},"excerpt":{"rendered":"<p>\u00a0Avi\u00f3n Privado Charter Mirando para alquilar un avi\u00f3n privado? Usted est\u00e1 en www.aircharter.com, la mejor soluci\u00f3n posible. Deje que nuestro equipo le proporcionar\u00e1 una amplia variedad de aviones calificados y certificados; prop para salvar, jet para la velocidad, el helic\u00f3ptero para mayor comodidad y m\u00e1s. El valor de un jet privado, avi\u00f3n es el valor de su tiempo y su necesidad de comodidad y confort. S\u00ed, un jet privado, avi\u00f3n va a costar m\u00e1s de un asiento en un avi\u00f3n comercial. S\u00ed, usted puede elegir los tiempos de salida \/ llegada, elegir los mejores aeropuertos, elegir sus horarios de salida, elija los servicios de a bordo y catering, reservar aparcamiento y servicios de aeropuerto y elegir el mejor avi\u00f3n para exceder sus expectativas. Comparar un paseo en limusina a un taxi. Personal bien informado de Air Charter ofrece un servicio excepcional al proporcionar las mejores opciones para satisfacer las necesidades m\u00e1s exigentes de los viajeros. Si su viaje es por negocios o por placer no vamos a satisfacer sus necesidades y superar sus expectativas. TRANSPORTE A\u00c9REO .. Tu Manera Siempre! Avi\u00f3n charter privado que ofrece una experiencia de viaje que es imposible reproducir en los viajes en avi\u00f3n comercial. Su experiencia de viaje Air Charter ofrece muchos beneficios, tales como: Privacidad &#8211; Con Air Charter , usted y sus invitados tienen todo el avi\u00f3n por vosotros mismos . Usted viaja exclusivamente a los pasajeros que conoces , y disfrutar de la intimidad personal que le permite hablar de negocios o simplemente relajarse. Nuestros jets m\u00e1s grandes ofrecen una excelente experiencia gastron\u00f3mica comparable a un restaurante de cinco estrellas . Este es realmente el tipo de perfecci\u00f3n que las aerol\u00edneas comerciales ni siquiera considerar. Comfort &#8211;<\/p>\n","protected":false},"author":12,"featured_media":0,"parent":0,"menu_order":0,"comment_status":"closed","ping_status":"closed","template":"","meta":{"footnotes":""},"class_list":["post-25943","page","type-page","status-publish","hentry"],"yoast_head":"<!-- This site is optimized with the Yoast SEO plugin v27.4 - https:\/\/yoast.com\/product\/yoast-seo-wordpress\/ -->\n<title>Avi\u00f3n Privado Charter - Aircharter<\/title>\n<meta name=\"robots\" content=\"index, follow, max-snippet:-1, max-image-preview:large, max-video-preview:-1\" \/>\n<link rel=\"canonical\" href=\"https:\/\/www.aircharter.com\/avion-privado-charter\/\" \/>\n<meta property=\"og:locale\" content=\"es_ES\" \/>\n<meta property=\"og:type\" content=\"article\" \/>\n<meta property=\"og:title\" content=\"Avi\u00f3n Privado Charter - Aircharter\" \/>\n<meta property=\"og:description\" content=\"\u00a0Avi\u00f3n Privado Charter Mirando para alquilar un avi\u00f3n privado? Usted est\u00e1 en www.aircharter.com, la mejor soluci\u00f3n posible. Deje que nuestro equipo le proporcionar\u00e1 una amplia variedad de aviones calificados y certificados; prop para salvar, jet para la velocidad, el helic\u00f3ptero para mayor comodidad y m\u00e1s. El valor de un jet privado, avi\u00f3n es el valor de su tiempo y su necesidad de comodidad y confort. S\u00ed, un jet privado, avi\u00f3n va a costar m\u00e1s de un asiento en un avi\u00f3n comercial. S\u00ed, usted puede elegir los tiempos de salida \/ llegada, elegir los mejores aeropuertos, elegir sus horarios de salida, elija los servicios de a bordo y catering, reservar aparcamiento y servicios de aeropuerto y elegir el mejor avi\u00f3n para exceder sus expectativas. Comparar un paseo en limusina a un taxi. Personal bien informado de Air Charter ofrece un servicio excepcional al proporcionar las mejores opciones para satisfacer las necesidades m\u00e1s exigentes de los viajeros. Si su viaje es por negocios o por placer no vamos a satisfacer sus necesidades y superar sus expectativas. TRANSPORTE A\u00c9REO .. Tu Manera Siempre! Avi\u00f3n charter privado que ofrece una experiencia de viaje que es imposible reproducir en los viajes en avi\u00f3n comercial. Su experiencia de viaje Air Charter ofrece muchos beneficios, tales como: Privacidad &#8211; Con Air Charter , usted y sus invitados tienen todo el avi\u00f3n por vosotros mismos . Usted viaja exclusivamente a los pasajeros que conoces , y disfrutar de la intimidad personal que le permite hablar de negocios o simplemente relajarse. Nuestros jets m\u00e1s grandes ofrecen una excelente experiencia gastron\u00f3mica comparable a un restaurante de cinco estrellas . Este es realmente el tipo de perfecci\u00f3n que las aerol\u00edneas comerciales ni siquiera considerar. Comfort &#8211;\" \/>\n<meta property=\"og:url\" content=\"https:\/\/www.aircharter.com\/avion-privado-charter\/\" \/>\n<meta property=\"og:site_name\" content=\"Aircharter\" \/>\n<meta property=\"article:modified_time\" content=\"2022-12-11T22:52:43+00:00\" \/>\n<meta property=\"og:image\" content=\"https:\/\/www.aircharter.com\/wp-content\/uploads\/2013\/06\/ground5-300x184.jpg\" \/>\n<meta name=\"twitter:card\" content=\"summary_large_image\" \/>\n<meta name=\"twitter:label1\" content=\"Tiempo de lectura\" \/>\n\t<meta name=\"twitter:data1\" content=\"4 minutos\" \/>\n<script type=\"application\/ld+json\" class=\"yoast-schema-graph\">{\"@context\":\"https:\\\/\\\/schema.org\",\"@graph\":[{\"@type\":\"WebPage\",\"@id\":\"https:\\\/\\\/www.aircharter.com\\\/avion-privado-charter\\\/\",\"url\":\"https:\\\/\\\/www.aircharter.com\\\/avion-privado-charter\\\/\",\"name\":\"Avi\u00f3n Privado Charter - Aircharter\",\"isPartOf\":{\"@id\":\"https:\\\/\\\/www.aircharter.com\\\/de\\\/#website\"},\"primaryImageOfPage\":{\"@id\":\"https:\\\/\\\/www.aircharter.com\\\/avion-privado-charter\\\/#primaryimage\"},\"image\":{\"@id\":\"https:\\\/\\\/www.aircharter.com\\\/avion-privado-charter\\\/#primaryimage\"},\"thumbnailUrl\":\"https:\\\/\\\/www.aircharter.com\\\/wp-content\\\/uploads\\\/2013\\\/06\\\/ground5-300x184.jpg\",\"datePublished\":\"2014-03-15T14:37:20+00:00\",\"dateModified\":\"2022-12-11T22:52:43+00:00\",\"breadcrumb\":{\"@id\":\"https:\\\/\\\/www.aircharter.com\\\/avion-privado-charter\\\/#breadcrumb\"},\"inLanguage\":\"es\",\"potentialAction\":[{\"@type\":\"ReadAction\",\"target\":[\"https:\\\/\\\/www.aircharter.com\\\/avion-privado-charter\\\/\"]}]},{\"@type\":\"ImageObject\",\"inLanguage\":\"es\",\"@id\":\"https:\\\/\\\/www.aircharter.com\\\/avion-privado-charter\\\/#primaryimage\",\"url\":\"https:\\\/\\\/www.aircharter.com\\\/wp-content\\\/uploads\\\/2013\\\/06\\\/ground5-300x184.jpg\",\"contentUrl\":\"https:\\\/\\\/www.aircharter.com\\\/wp-content\\\/uploads\\\/2013\\\/06\\\/ground5-300x184.jpg\"},{\"@type\":\"BreadcrumbList\",\"@id\":\"https:\\\/\\\/www.aircharter.com\\\/avion-privado-charter\\\/#breadcrumb\",\"itemListElement\":[{\"@type\":\"ListItem\",\"position\":1,\"name\":\"Home\",\"item\":\"https:\\\/\\\/www.aircharter.com\\\/\"},{\"@type\":\"ListItem\",\"position\":2,\"name\":\"Avi\u00f3n Privado Charter\"}]},{\"@type\":\"WebSite\",\"@id\":\"https:\\\/\\\/www.aircharter.com\\\/de\\\/#website\",\"url\":\"https:\\\/\\\/www.aircharter.com\\\/de\\\/\",\"name\":\"Aircharter\",\"description\":\"Air Charter | Private Jet Charter &amp; Rental | Fly Smarter | Hire a Business Jet\",\"publisher\":{\"@id\":\"https:\\\/\\\/www.aircharter.com\\\/de\\\/#organization\"},\"potentialAction\":[{\"@type\":\"SearchAction\",\"target\":{\"@type\":\"EntryPoint\",\"urlTemplate\":\"https:\\\/\\\/www.aircharter.com\\\/de\\\/?s={search_term_string}\"},\"query-input\":{\"@type\":\"PropertyValueSpecification\",\"valueRequired\":true,\"valueName\":\"search_term_string\"}}],\"inLanguage\":\"es\"},{\"@type\":\"Organization\",\"@id\":\"https:\\\/\\\/www.aircharter.com\\\/de\\\/#organization\",\"name\":\"Aircharter.com LLC\",\"url\":\"https:\\\/\\\/www.aircharter.com\\\/de\\\/\",\"logo\":{\"@type\":\"ImageObject\",\"inLanguage\":\"es\",\"@id\":\"https:\\\/\\\/www.aircharter.com\\\/de\\\/#\\\/schema\\\/logo\\\/image\\\/\",\"url\":\"https:\\\/\\\/www.aircharter.com\\\/wp-content\\\/uploads\\\/2022\\\/12\\\/Aircharter_logo_114X1141-11.png\",\"contentUrl\":\"https:\\\/\\\/www.aircharter.com\\\/wp-content\\\/uploads\\\/2022\\\/12\\\/Aircharter_logo_114X1141-11.png\",\"width\":114,\"height\":114,\"caption\":\"Aircharter.com LLC\"},\"image\":{\"@id\":\"https:\\\/\\\/www.aircharter.com\\\/de\\\/#\\\/schema\\\/logo\\\/image\\\/\"}}]}<\/script>\n<!-- \/ Yoast SEO plugin. -->","yoast_head_json":{"title":"Avi\u00f3n Privado Charter - Aircharter","robots":{"index":"index","follow":"follow","max-snippet":"max-snippet:-1","max-image-preview":"max-image-preview:large","max-video-preview":"max-video-preview:-1"},"canonical":"https:\/\/www.aircharter.com\/avion-privado-charter\/","og_locale":"es_ES","og_type":"article","og_title":"Avi\u00f3n Privado Charter - Aircharter","og_description":"\u00a0Avi\u00f3n Privado Charter Mirando para alquilar un avi\u00f3n privado? Usted est\u00e1 en www.aircharter.com, la mejor soluci\u00f3n posible. Deje que nuestro equipo le proporcionar\u00e1 una amplia variedad de aviones calificados y certificados; prop para salvar, jet para la velocidad, el helic\u00f3ptero para mayor comodidad y m\u00e1s. El valor de un jet privado, avi\u00f3n es el valor de su tiempo y su necesidad de comodidad y confort. S\u00ed, un jet privado, avi\u00f3n va a costar m\u00e1s de un asiento en un avi\u00f3n comercial. S\u00ed, usted puede elegir los tiempos de salida \/ llegada, elegir los mejores aeropuertos, elegir sus horarios de salida, elija los servicios de a bordo y catering, reservar aparcamiento y servicios de aeropuerto y elegir el mejor avi\u00f3n para exceder sus expectativas. Comparar un paseo en limusina a un taxi. Personal bien informado de Air Charter ofrece un servicio excepcional al proporcionar las mejores opciones para satisfacer las necesidades m\u00e1s exigentes de los viajeros. Si su viaje es por negocios o por placer no vamos a satisfacer sus necesidades y superar sus expectativas. TRANSPORTE A\u00c9REO .. Tu Manera Siempre! Avi\u00f3n charter privado que ofrece una experiencia de viaje que es imposible reproducir en los viajes en avi\u00f3n comercial. Su experiencia de viaje Air Charter ofrece muchos beneficios, tales como: Privacidad &#8211; Con Air Charter , usted y sus invitados tienen todo el avi\u00f3n por vosotros mismos . Usted viaja exclusivamente a los pasajeros que conoces , y disfrutar de la intimidad personal que le permite hablar de negocios o simplemente relajarse. Nuestros jets m\u00e1s grandes ofrecen una excelente experiencia gastron\u00f3mica comparable a un restaurante de cinco estrellas . Este es realmente el tipo de perfecci\u00f3n que las aerol\u00edneas comerciales ni siquiera considerar. Comfort &#8211;","og_url":"https:\/\/www.aircharter.com\/avion-privado-charter\/","og_site_name":"Aircharter","article_modified_time":"2022-12-11T22:52:43+00:00","og_image":[{"url":"https:\/\/www.aircharter.com\/wp-content\/uploads\/2013\/06\/ground5-300x184.jpg","type":"","width":"","height":""}],"twitter_card":"summary_large_image","twitter_misc":{"Tiempo de lectura":"4 minutos"},"schema":{"@context":"https:\/\/schema.org","@graph":[{"@type":"WebPage","@id":"https:\/\/www.aircharter.com\/avion-privado-charter\/","url":"https:\/\/www.aircharter.com\/avion-privado-charter\/","name":"Avi\u00f3n Privado Charter - Aircharter","isPartOf":{"@id":"https:\/\/www.aircharter.com\/de\/#website"},"primaryImageOfPage":{"@id":"https:\/\/www.aircharter.com\/avion-privado-charter\/#primaryimage"},"image":{"@id":"https:\/\/www.aircharter.com\/avion-privado-charter\/#primaryimage"},"thumbnailUrl":"https:\/\/www.aircharter.com\/wp-content\/uploads\/2013\/06\/ground5-300x184.jpg","datePublished":"2014-03-15T14:37:20+00:00","dateModified":"2022-12-11T22:52:43+00:00","breadcrumb":{"@id":"https:\/\/www.aircharter.com\/avion-privado-charter\/#breadcrumb"},"inLanguage":"es","potentialAction":[{"@type":"ReadAction","target":["https:\/\/www.aircharter.com\/avion-privado-charter\/"]}]},{"@type":"ImageObject","inLanguage":"es","@id":"https:\/\/www.aircharter.com\/avion-privado-charter\/#primaryimage","url":"https:\/\/www.aircharter.com\/wp-content\/uploads\/2013\/06\/ground5-300x184.jpg","contentUrl":"https:\/\/www.aircharter.com\/wp-content\/uploads\/2013\/06\/ground5-300x184.jpg"},{"@type":"BreadcrumbList","@id":"https:\/\/www.aircharter.com\/avion-privado-charter\/#breadcrumb","itemListElement":[{"@type":"ListItem","position":1,"name":"Home","item":"https:\/\/www.aircharter.com\/"},{"@type":"ListItem","position":2,"name":"Avi\u00f3n Privado Charter"}]},{"@type":"WebSite","@id":"https:\/\/www.aircharter.com\/de\/#website","url":"https:\/\/www.aircharter.com\/de\/","name":"Aircharter","description":"Air Charter | Private Jet Charter &amp; Rental | Fly Smarter | Hire a Business Jet","publisher":{"@id":"https:\/\/www.aircharter.com\/de\/#organization"},"potentialAction":[{"@type":"SearchAction","target":{"@type":"EntryPoint","urlTemplate":"https:\/\/www.aircharter.com\/de\/?s={search_term_string}"},"query-input":{"@type":"PropertyValueSpecification","valueRequired":true,"valueName":"search_term_string"}}],"inLanguage":"es"},{"@type":"Organization","@id":"https:\/\/www.aircharter.com\/de\/#organization","name":"Aircharter.com LLC","url":"https:\/\/www.aircharter.com\/de\/","logo":{"@type":"ImageObject","inLanguage":"es","@id":"https:\/\/www.aircharter.com\/de\/#\/schema\/logo\/image\/","url":"https:\/\/www.aircharter.com\/wp-content\/uploads\/2022\/12\/Aircharter_logo_114X1141-11.png","contentUrl":"https:\/\/www.aircharter.com\/wp-content\/uploads\/2022\/12\/Aircharter_logo_114X1141-11.png","width":114,"height":114,"caption":"Aircharter.com LLC"},"image":{"@id":"https:\/\/www.aircharter.com\/de\/#\/schema\/logo\/image\/"}}]}},"_links":{"self":[{"href":"https:\/\/www.aircharter.com\/es\/wp-json\/wp\/v2\/pages\/25943","targetHints":{"allow":["GET"]}}],"collection":[{"href":"https:\/\/www.aircharter.com\/es\/wp-json\/wp\/v2\/pages"}],"about":[{"href":"https:\/\/www.aircharter.com\/es\/wp-json\/wp\/v2\/types\/page"}],"author":[{"embeddable":true,"href":"https:\/\/www.aircharter.com\/es\/wp-json\/wp\/v2\/users\/12"}],"replies":[{"embeddable":true,"href":"https:\/\/www.aircharter.com\/es\/wp-json\/wp\/v2\/comments?post=25943"}],"version-history":[{"count":1,"href":"https:\/\/www.aircharter.com\/es\/wp-json\/wp\/v2\/pages\/25943\/revisions"}],"predecessor-version":[{"id":25955,"href":"https:\/\/www.aircharter.com\/es\/wp-json\/wp\/v2\/pages\/25943\/revisions\/25955"}],"wp:attachment":[{"href":"https:\/\/www.aircharter.com\/es\/wp-json\/wp\/v2\/media?parent=25943"}],"curies":[{"name":"wp","href":"https:\/\/api.w.org\/{rel}","templated":true}]}}