{"id":26451,"date":"2014-04-15T15:02:43","date_gmt":"2014-04-15T19:02:43","guid":{"rendered":"https:\/\/www.aircharter.com\/?page_id=26451"},"modified":"2022-12-11T17:51:36","modified_gmt":"2022-12-11T22:51:36","slug":"red","status":"publish","type":"page","link":"https:\/\/www.aircharter.com\/es\/red\/","title":{"rendered":"La Red"},"content":{"rendered":"<h1><strong>La Red<\/strong><\/h1>\n<p>Con acceso a m\u00e1s de 18 millones de vuelos anuales , un promedio de 49.000 vuelos en los cinco continentes diarias , estamos comprometidos a servirle el mejor .<em> Nuestra red<\/em> est\u00e1 formada por 9.000 aviones capaces de vuelos nacional e internacional<\/p>\n<p><img decoding=\"async\" class=\"alignright\" src=\"https:\/\/www.aircharter.com\/wp-content\/uploads\/2013\/06\/Gulfstream_light-300x134.jpg\" alt=\"red\" width=\"300\" height=\"189\" \/>,\u00a0m\u00e1s de 18.000 aeropuertos y en 170 pa\u00edses. No importa en qu\u00e9 lugar del mundo se viaja con nosotros, usted puede esperar los mismos altos est\u00e1ndares de seguridad y servicio. Adem\u00e1s, nuestros servicios no se limitan a los de flete a\u00e9reo , sino tambi\u00e9n de transporte terrestre, lo que le permite ser recogido en el aeropuerto y conducido a su destino con estilo , comodidad y clase .En cualquier momento\u00a0nuestros equipos est\u00e1n disponibles en su demanda para ayudarle con su viaje.<\/p>\n<p>&nbsp;<\/p>\n<h1>La Seguridad es Nuestra Prioridad<\/h1>\n<p>Nuestra empresa no s\u00f3lo se conforma con cualquier cosa. Contamos con los m\u00e1s rigurosos est\u00e1ndares de seguridad, mantenimiento, formaci\u00f3n y operaciones. Adem\u00e1s de seguir muchos mejores pr\u00e1cticas para cumplir con los requisitos de seguridad para llegar con seguridad a su destino , Aircharter es un orgulloso miembro de la ( NBAA ) .<\/p>\n<p>Tambi\u00e9n seguimos muchas pr\u00e1cticas para cumplir con los requisitos de seguridad para llegar con seguridad a su destino . Investigamos todos nuestros propietarios de aeronaves de idoneidad, que compruebe las clasificaciones y calificaciones de los pilotos y aeronaves , y tambi\u00e9n tenemos las mejores redes de servicios de clientes. Nuestra empresa se esfuerza por invertir sus recursos y el tiempo en que le proporciona el avi\u00f3n m\u00e1s seguro y conveniente para su viaje. Su equipo de Air Charter est\u00e1 aqu\u00ed para hacer su experiencia de vuelo incomparablemente seguro y c\u00f3modo.<\/p>\n<h1>Servicios VIP y Privacidad<\/h1>\n<p>Ya sea que se ponga en contacto con nosotros mediante el motor de b\u00fasqueda en l\u00ednea , correo electr\u00f3nico, o por tel\u00e9fono , Aircharter utiliza la red l\u00edder en el mercado con un equipo dedicado que est\u00e1 dispuesto a ofrecer su mejor experiencia de vuelo. El equipo de operaciones multiling\u00fce se encarga de cada vuelo , y est\u00e1 disponible las 24 horas del d\u00eda , los 365 d\u00edas del a\u00f1o. Nuestro equipo hablan Ingl\u00e9s , espa\u00f1ol , franc\u00e9s, \u00e1rabe y chino que le da un escenario mundial de destinos . Somos conscientes de la importancia de las necesidades de nuestros clientes y vamos a hacer lo posible para cumplir y superar lo. Ofrecemos muchos servicios que mejorar\u00e1n su experiencia de vuelo . Estamos orgullosos de ofrecerle nuestros chefs gourmet en el lugar que tienen comedor en vuelo a nuevas alturas con la cocina que agrada al paladar , as\u00ed como el ojo. A petici\u00f3n, Aircharter ofrece Five Star Gourmet comidas ejecutivas que satisfar\u00e1n todas sus necesidades culinarias en cualquier parte del mundo . Todos los requisitos podr\u00e1n ser solicitados y satisfechos durante el d\u00eda del viaje y son facturables al finalizar el viaje.<\/p>\n<p>En el avion , tambi\u00e9n ofrecemos catering especial para eventos especiales para grupos de cualquier tama\u00f1o . Desde eventos vacacionales catering para reuni\u00f3n privada. Para obtener m\u00e1s informaci\u00f3n, por favor consulte a nuestros especialistas Charter de catering a +1-212-999-4926 .<\/p>\n<p>Por mucho que nos valoramos a nuestros clientes , valoramos su privacidad. Aircharter tiene una<span style=\"text-decoration: underline;\"><em><span style=\"color: #0000ff; text-decoration: underline;\"> pol\u00edtica de privacidad<\/span><\/em><\/span> completa fijado en su lugar. La discreci\u00f3n y la protecci\u00f3n de la informaci\u00f3n personal de nuestros clientes es una de nuestras mayores prioridades. Air Charter puede organizar una experiencia VIP verdaderamente personalizado para su vuelo ch\u00e1rter . Estamos aqu\u00ed para hacer su experiencia de vuelo en nuestros aviones privados tan lujoso y \u00fanico como usted sue\u00f1a que sea.<\/p>\n","protected":false},"excerpt":{"rendered":"<p>La Red Con acceso a m\u00e1s de 18 millones de vuelos anuales , un promedio de 49.000 vuelos en los cinco continentes diarias , estamos comprometidos a servirle el mejor . Nuestra red est\u00e1 formada por 9.000 aviones capaces de vuelos nacional e internacional ,\u00a0m\u00e1s de 18.000 aeropuertos y en 170 pa\u00edses. No importa en qu\u00e9 lugar del mundo se viaja con nosotros, usted puede esperar los mismos altos est\u00e1ndares de seguridad y servicio. Adem\u00e1s, nuestros servicios no se limitan a los de flete a\u00e9reo , sino tambi\u00e9n de transporte terrestre, lo que le permite ser recogido en el aeropuerto y conducido a su destino con estilo , comodidad y clase .En cualquier momento\u00a0nuestros equipos est\u00e1n disponibles en su demanda para ayudarle con su viaje. &nbsp; La Seguridad es Nuestra Prioridad Nuestra empresa no s\u00f3lo se conforma con cualquier cosa. Contamos con los m\u00e1s rigurosos est\u00e1ndares de seguridad, mantenimiento, formaci\u00f3n y operaciones. Adem\u00e1s de seguir muchos mejores pr\u00e1cticas para cumplir con los requisitos de seguridad para llegar con seguridad a su destino , Aircharter es un orgulloso miembro de la ( NBAA ) . Tambi\u00e9n seguimos muchas pr\u00e1cticas para cumplir con los requisitos de seguridad para llegar con seguridad a su destino . Investigamos todos nuestros propietarios de aeronaves de idoneidad, que compruebe las clasificaciones y calificaciones de los pilotos y aeronaves , y tambi\u00e9n tenemos las mejores redes de servicios de clientes. Nuestra empresa se esfuerza por invertir sus recursos y el tiempo en que le proporciona el avi\u00f3n m\u00e1s seguro y conveniente para su viaje. Su equipo de Air Charter est\u00e1 aqu\u00ed para hacer su experiencia de vuelo incomparablemente seguro y c\u00f3modo. Servicios VIP y Privacidad Ya sea que se ponga en contacto<\/p>\n","protected":false},"author":12,"featured_media":0,"parent":0,"menu_order":0,"comment_status":"closed","ping_status":"open","template":"","meta":{"footnotes":""},"class_list":["post-26451","page","type-page","status-publish","hentry"],"yoast_head":"<!-- This site is optimized with the Yoast SEO plugin v27.4 - https:\/\/yoast.com\/product\/yoast-seo-wordpress\/ -->\n<title>La Red - Aircharter<\/title>\n<meta name=\"robots\" content=\"index, follow, max-snippet:-1, max-image-preview:large, max-video-preview:-1\" \/>\n<link rel=\"canonical\" href=\"https:\/\/www.aircharter.com\/red\/\" \/>\n<meta property=\"og:locale\" content=\"es_ES\" \/>\n<meta property=\"og:type\" content=\"article\" \/>\n<meta property=\"og:title\" content=\"La Red - Aircharter\" \/>\n<meta property=\"og:description\" content=\"La Red Con acceso a m\u00e1s de 18 millones de vuelos anuales , un promedio de 49.000 vuelos en los cinco continentes diarias , estamos comprometidos a servirle el mejor . Nuestra red est\u00e1 formada por 9.000 aviones capaces de vuelos nacional e internacional ,\u00a0m\u00e1s de 18.000 aeropuertos y en 170 pa\u00edses. No importa en qu\u00e9 lugar del mundo se viaja con nosotros, usted puede esperar los mismos altos est\u00e1ndares de seguridad y servicio. Adem\u00e1s, nuestros servicios no se limitan a los de flete a\u00e9reo , sino tambi\u00e9n de transporte terrestre, lo que le permite ser recogido en el aeropuerto y conducido a su destino con estilo , comodidad y clase .En cualquier momento\u00a0nuestros equipos est\u00e1n disponibles en su demanda para ayudarle con su viaje. &nbsp; La Seguridad es Nuestra Prioridad Nuestra empresa no s\u00f3lo se conforma con cualquier cosa. Contamos con los m\u00e1s rigurosos est\u00e1ndares de seguridad, mantenimiento, formaci\u00f3n y operaciones. Adem\u00e1s de seguir muchos mejores pr\u00e1cticas para cumplir con los requisitos de seguridad para llegar con seguridad a su destino , Aircharter es un orgulloso miembro de la ( NBAA ) . Tambi\u00e9n seguimos muchas pr\u00e1cticas para cumplir con los requisitos de seguridad para llegar con seguridad a su destino . Investigamos todos nuestros propietarios de aeronaves de idoneidad, que compruebe las clasificaciones y calificaciones de los pilotos y aeronaves , y tambi\u00e9n tenemos las mejores redes de servicios de clientes. Nuestra empresa se esfuerza por invertir sus recursos y el tiempo en que le proporciona el avi\u00f3n m\u00e1s seguro y conveniente para su viaje. Su equipo de Air Charter est\u00e1 aqu\u00ed para hacer su experiencia de vuelo incomparablemente seguro y c\u00f3modo. Servicios VIP y Privacidad Ya sea que se ponga en contacto\" \/>\n<meta property=\"og:url\" content=\"https:\/\/www.aircharter.com\/red\/\" \/>\n<meta property=\"og:site_name\" content=\"Aircharter\" \/>\n<meta property=\"article:modified_time\" content=\"2022-12-11T22:51:36+00:00\" \/>\n<meta property=\"og:image\" content=\"https:\/\/www.aircharter.com\/wp-content\/uploads\/2013\/06\/Gulfstream_light-300x134.jpg\" \/>\n<meta name=\"twitter:card\" content=\"summary_large_image\" \/>\n<meta name=\"twitter:label1\" content=\"Tiempo de lectura\" \/>\n\t<meta name=\"twitter:data1\" content=\"3 minutos\" \/>\n<script type=\"application\/ld+json\" class=\"yoast-schema-graph\">{\"@context\":\"https:\\\/\\\/schema.org\",\"@graph\":[{\"@type\":\"WebPage\",\"@id\":\"https:\\\/\\\/www.aircharter.com\\\/red\\\/\",\"url\":\"https:\\\/\\\/www.aircharter.com\\\/red\\\/\",\"name\":\"La Red - Aircharter\",\"isPartOf\":{\"@id\":\"https:\\\/\\\/www.aircharter.com\\\/de\\\/#website\"},\"primaryImageOfPage\":{\"@id\":\"https:\\\/\\\/www.aircharter.com\\\/red\\\/#primaryimage\"},\"image\":{\"@id\":\"https:\\\/\\\/www.aircharter.com\\\/red\\\/#primaryimage\"},\"thumbnailUrl\":\"https:\\\/\\\/www.aircharter.com\\\/wp-content\\\/uploads\\\/2013\\\/06\\\/Gulfstream_light-300x134.jpg\",\"datePublished\":\"2014-04-15T19:02:43+00:00\",\"dateModified\":\"2022-12-11T22:51:36+00:00\",\"breadcrumb\":{\"@id\":\"https:\\\/\\\/www.aircharter.com\\\/red\\\/#breadcrumb\"},\"inLanguage\":\"es\",\"potentialAction\":[{\"@type\":\"ReadAction\",\"target\":[\"https:\\\/\\\/www.aircharter.com\\\/red\\\/\"]}]},{\"@type\":\"ImageObject\",\"inLanguage\":\"es\",\"@id\":\"https:\\\/\\\/www.aircharter.com\\\/red\\\/#primaryimage\",\"url\":\"https:\\\/\\\/www.aircharter.com\\\/wp-content\\\/uploads\\\/2013\\\/06\\\/Gulfstream_light-300x134.jpg\",\"contentUrl\":\"https:\\\/\\\/www.aircharter.com\\\/wp-content\\\/uploads\\\/2013\\\/06\\\/Gulfstream_light-300x134.jpg\"},{\"@type\":\"BreadcrumbList\",\"@id\":\"https:\\\/\\\/www.aircharter.com\\\/red\\\/#breadcrumb\",\"itemListElement\":[{\"@type\":\"ListItem\",\"position\":1,\"name\":\"Home\",\"item\":\"https:\\\/\\\/www.aircharter.com\\\/\"},{\"@type\":\"ListItem\",\"position\":2,\"name\":\"La Red\"}]},{\"@type\":\"WebSite\",\"@id\":\"https:\\\/\\\/www.aircharter.com\\\/de\\\/#website\",\"url\":\"https:\\\/\\\/www.aircharter.com\\\/de\\\/\",\"name\":\"Aircharter\",\"description\":\"Air Charter | Private Jet Charter &amp; Rental | Fly Smarter | Hire a Business Jet\",\"publisher\":{\"@id\":\"https:\\\/\\\/www.aircharter.com\\\/de\\\/#organization\"},\"potentialAction\":[{\"@type\":\"SearchAction\",\"target\":{\"@type\":\"EntryPoint\",\"urlTemplate\":\"https:\\\/\\\/www.aircharter.com\\\/de\\\/?s={search_term_string}\"},\"query-input\":{\"@type\":\"PropertyValueSpecification\",\"valueRequired\":true,\"valueName\":\"search_term_string\"}}],\"inLanguage\":\"es\"},{\"@type\":\"Organization\",\"@id\":\"https:\\\/\\\/www.aircharter.com\\\/de\\\/#organization\",\"name\":\"Aircharter.com LLC\",\"url\":\"https:\\\/\\\/www.aircharter.com\\\/de\\\/\",\"logo\":{\"@type\":\"ImageObject\",\"inLanguage\":\"es\",\"@id\":\"https:\\\/\\\/www.aircharter.com\\\/de\\\/#\\\/schema\\\/logo\\\/image\\\/\",\"url\":\"https:\\\/\\\/www.aircharter.com\\\/wp-content\\\/uploads\\\/2022\\\/12\\\/Aircharter_logo_114X1141-11.png\",\"contentUrl\":\"https:\\\/\\\/www.aircharter.com\\\/wp-content\\\/uploads\\\/2022\\\/12\\\/Aircharter_logo_114X1141-11.png\",\"width\":114,\"height\":114,\"caption\":\"Aircharter.com LLC\"},\"image\":{\"@id\":\"https:\\\/\\\/www.aircharter.com\\\/de\\\/#\\\/schema\\\/logo\\\/image\\\/\"}}]}<\/script>\n<!-- \/ Yoast SEO plugin. -->","yoast_head_json":{"title":"La Red - Aircharter","robots":{"index":"index","follow":"follow","max-snippet":"max-snippet:-1","max-image-preview":"max-image-preview:large","max-video-preview":"max-video-preview:-1"},"canonical":"https:\/\/www.aircharter.com\/red\/","og_locale":"es_ES","og_type":"article","og_title":"La Red - Aircharter","og_description":"La Red Con acceso a m\u00e1s de 18 millones de vuelos anuales , un promedio de 49.000 vuelos en los cinco continentes diarias , estamos comprometidos a servirle el mejor . Nuestra red est\u00e1 formada por 9.000 aviones capaces de vuelos nacional e internacional ,\u00a0m\u00e1s de 18.000 aeropuertos y en 170 pa\u00edses. No importa en qu\u00e9 lugar del mundo se viaja con nosotros, usted puede esperar los mismos altos est\u00e1ndares de seguridad y servicio. Adem\u00e1s, nuestros servicios no se limitan a los de flete a\u00e9reo , sino tambi\u00e9n de transporte terrestre, lo que le permite ser recogido en el aeropuerto y conducido a su destino con estilo , comodidad y clase .En cualquier momento\u00a0nuestros equipos est\u00e1n disponibles en su demanda para ayudarle con su viaje. &nbsp; La Seguridad es Nuestra Prioridad Nuestra empresa no s\u00f3lo se conforma con cualquier cosa. Contamos con los m\u00e1s rigurosos est\u00e1ndares de seguridad, mantenimiento, formaci\u00f3n y operaciones. Adem\u00e1s de seguir muchos mejores pr\u00e1cticas para cumplir con los requisitos de seguridad para llegar con seguridad a su destino , Aircharter es un orgulloso miembro de la ( NBAA ) . Tambi\u00e9n seguimos muchas pr\u00e1cticas para cumplir con los requisitos de seguridad para llegar con seguridad a su destino . Investigamos todos nuestros propietarios de aeronaves de idoneidad, que compruebe las clasificaciones y calificaciones de los pilotos y aeronaves , y tambi\u00e9n tenemos las mejores redes de servicios de clientes. Nuestra empresa se esfuerza por invertir sus recursos y el tiempo en que le proporciona el avi\u00f3n m\u00e1s seguro y conveniente para su viaje. Su equipo de Air Charter est\u00e1 aqu\u00ed para hacer su experiencia de vuelo incomparablemente seguro y c\u00f3modo. Servicios VIP y Privacidad Ya sea que se ponga en contacto","og_url":"https:\/\/www.aircharter.com\/red\/","og_site_name":"Aircharter","article_modified_time":"2022-12-11T22:51:36+00:00","og_image":[{"url":"https:\/\/www.aircharter.com\/wp-content\/uploads\/2013\/06\/Gulfstream_light-300x134.jpg","type":"","width":"","height":""}],"twitter_card":"summary_large_image","twitter_misc":{"Tiempo de lectura":"3 minutos"},"schema":{"@context":"https:\/\/schema.org","@graph":[{"@type":"WebPage","@id":"https:\/\/www.aircharter.com\/red\/","url":"https:\/\/www.aircharter.com\/red\/","name":"La Red - Aircharter","isPartOf":{"@id":"https:\/\/www.aircharter.com\/de\/#website"},"primaryImageOfPage":{"@id":"https:\/\/www.aircharter.com\/red\/#primaryimage"},"image":{"@id":"https:\/\/www.aircharter.com\/red\/#primaryimage"},"thumbnailUrl":"https:\/\/www.aircharter.com\/wp-content\/uploads\/2013\/06\/Gulfstream_light-300x134.jpg","datePublished":"2014-04-15T19:02:43+00:00","dateModified":"2022-12-11T22:51:36+00:00","breadcrumb":{"@id":"https:\/\/www.aircharter.com\/red\/#breadcrumb"},"inLanguage":"es","potentialAction":[{"@type":"ReadAction","target":["https:\/\/www.aircharter.com\/red\/"]}]},{"@type":"ImageObject","inLanguage":"es","@id":"https:\/\/www.aircharter.com\/red\/#primaryimage","url":"https:\/\/www.aircharter.com\/wp-content\/uploads\/2013\/06\/Gulfstream_light-300x134.jpg","contentUrl":"https:\/\/www.aircharter.com\/wp-content\/uploads\/2013\/06\/Gulfstream_light-300x134.jpg"},{"@type":"BreadcrumbList","@id":"https:\/\/www.aircharter.com\/red\/#breadcrumb","itemListElement":[{"@type":"ListItem","position":1,"name":"Home","item":"https:\/\/www.aircharter.com\/"},{"@type":"ListItem","position":2,"name":"La Red"}]},{"@type":"WebSite","@id":"https:\/\/www.aircharter.com\/de\/#website","url":"https:\/\/www.aircharter.com\/de\/","name":"Aircharter","description":"Air Charter | Private Jet Charter &amp; Rental | Fly Smarter | Hire a Business Jet","publisher":{"@id":"https:\/\/www.aircharter.com\/de\/#organization"},"potentialAction":[{"@type":"SearchAction","target":{"@type":"EntryPoint","urlTemplate":"https:\/\/www.aircharter.com\/de\/?s={search_term_string}"},"query-input":{"@type":"PropertyValueSpecification","valueRequired":true,"valueName":"search_term_string"}}],"inLanguage":"es"},{"@type":"Organization","@id":"https:\/\/www.aircharter.com\/de\/#organization","name":"Aircharter.com LLC","url":"https:\/\/www.aircharter.com\/de\/","logo":{"@type":"ImageObject","inLanguage":"es","@id":"https:\/\/www.aircharter.com\/de\/#\/schema\/logo\/image\/","url":"https:\/\/www.aircharter.com\/wp-content\/uploads\/2022\/12\/Aircharter_logo_114X1141-11.png","contentUrl":"https:\/\/www.aircharter.com\/wp-content\/uploads\/2022\/12\/Aircharter_logo_114X1141-11.png","width":114,"height":114,"caption":"Aircharter.com LLC"},"image":{"@id":"https:\/\/www.aircharter.com\/de\/#\/schema\/logo\/image\/"}}]}},"_links":{"self":[{"href":"https:\/\/www.aircharter.com\/es\/wp-json\/wp\/v2\/pages\/26451","targetHints":{"allow":["GET"]}}],"collection":[{"href":"https:\/\/www.aircharter.com\/es\/wp-json\/wp\/v2\/pages"}],"about":[{"href":"https:\/\/www.aircharter.com\/es\/wp-json\/wp\/v2\/types\/page"}],"author":[{"embeddable":true,"href":"https:\/\/www.aircharter.com\/es\/wp-json\/wp\/v2\/users\/12"}],"replies":[{"embeddable":true,"href":"https:\/\/www.aircharter.com\/es\/wp-json\/wp\/v2\/comments?post=26451"}],"version-history":[{"count":12,"href":"https:\/\/www.aircharter.com\/es\/wp-json\/wp\/v2\/pages\/26451\/revisions"}],"predecessor-version":[{"id":26643,"href":"https:\/\/www.aircharter.com\/es\/wp-json\/wp\/v2\/pages\/26451\/revisions\/26643"}],"wp:attachment":[{"href":"https:\/\/www.aircharter.com\/es\/wp-json\/wp\/v2\/media?parent=26451"}],"curies":[{"name":"wp","href":"https:\/\/api.w.org\/{rel}","templated":true}]}}