{"id":26552,"date":"2014-04-17T18:06:51","date_gmt":"2014-04-17T22:06:51","guid":{"rendered":"https:\/\/www.aircharter.com\/?page_id=26552"},"modified":"2022-12-11T17:51:35","modified_gmt":"2022-12-11T22:51:35","slug":"como-pueden-los-pasajeros-volar-privada","status":"publish","type":"page","link":"https:\/\/www.aircharter.com\/es\/como-pueden-los-pasajeros-volar-privada\/","title":{"rendered":"\u00bfC\u00f3mo pueden los pasajeros volar privado?"},"content":{"rendered":"<div class=\"fusion-fullwidth fullwidth-box fusion-builder-row-1 fusion-flex-container hundred-percent-fullwidth non-hundred-percent-height-scrolling\" style=\"--awb-border-radius-top-left:0px;--awb-border-radius-top-right:0px;--awb-border-radius-bottom-right:0px;--awb-border-radius-bottom-left:0px;--awb-overflow:visible;--awb-flex-wrap:wrap;\" ><div class=\"fusion-builder-row fusion-row fusion-flex-align-items-flex-start fusion-flex-content-wrap\" style=\"width:calc( 100% + 0px ) !important;max-width:calc( 100% + 0px ) !important;margin-left: calc(-0px \/ 2 );margin-right: calc(-0px \/ 2 );\"><div class=\"fusion-layout-column fusion_builder_column fusion-builder-column-0 fusion_builder_column_1_1 1_1 fusion-flex-column fusion-flex-align-self-flex-start fusion-column-no-min-height\" style=\"--awb-bg-size:cover;--awb-width-large:100%;--awb-margin-top-large:0px;--awb-spacing-right-large:0px;--awb-margin-bottom-large:0px;--awb-spacing-left-large:0px;--awb-width-medium:100%;--awb-spacing-right-medium:0px;--awb-spacing-left-medium:0px;--awb-width-small:100%;--awb-spacing-right-small:0px;--awb-spacing-left-small:0px;\"><div class=\"fusion-column-wrapper fusion-flex-justify-content-flex-start fusion-content-layout-column\"><div class=\"fusion-slider-sc\"><div class=\"fusion-flexslider-loading flexslider flexslider-hover-type-none\" data-slideshow_autoplay=\"1\" data-slideshow_smooth_height=\"1\" data-slideshow_speed=\"4000\" style=\"max-width:100%;height:100%;\"><ul class=\"slides\">\n[slider=https:\/\/www.aircharter.com\/wp-content\/uploads\/2014\/01\/G550_03.jpg]\n[slider=https:\/\/www.aircharter.com\/wp-content\/uploads\/2014\/01\/G550_04.jpg]\n<\/ul><\/div><\/div>\n<p>&nbsp;<\/p>\n<p>&nbsp;<\/p>\n<p>Si usted es un viajero frecuente, es muy posible que usted ha visto su parte justa de serpenteando l\u00edneas de seguridad de aeropuertos, escalas largas y conexiones perdidas. Pero en estos d\u00edas, cuando se viaja por placer o por negocios, solo o con su familia, usted puede evitar este tipo de inconvenientes y los paquetes de m\u00e1s de recreaci\u00f3n en un corto espacio de tiempo por el alquiler de un jet privado. Puede hacer su vida mucho m\u00e1s f\u00e1cil. La pregunta restante est\u00e1 en la capacidad de estos aviones. Hay muchos aviones para satisfacer sus necesidades, y se agrupan de acuerdo a su tama\u00f1o, el alcance y los servicios en cinco categor\u00edas b\u00e1sicas.<\/p>\n<p>Jets ligeros:<\/p>\n<p>Jets ligeros, como el Learjet 31 y 35 , Citation II y V y la Raytheon Premier 1 son algunos de los aviones privados m\u00e1s peque\u00f1os . Ellos pueden tener entre 5-8 pasajeros c\u00f3modamente. Aviones ligeros no son tan amplias como el resto de los jets privados. Sin embargo , son muy eficiente y barato si vas a viajar una distancia corta. A pesar de que su motor podr\u00eda salir bastante peque\u00f1o, puede alcanzar hasta 500 MPH, y puede ir tan lejos como 1000 nm en promedio.<\/p>\n<p>Aviones Turbo Prop :<\/p>\n<p>Aviones turboh\u00e9lice son m\u00e1s peque\u00f1os que la mayor\u00eda de los jets privados. Ellos pueden tener entre 5 y 8 pasajeros y volar hasta 4 horas sin parar , y tienen un alcance de 1.000 nm en un promedio. Algunos incluso se puede subir a 1500 NM . Aviones turboh\u00e9lice son lo suficientemente potente y controlable para manejar las pistas cortas y \u00e1speras ( entre 2.000 y 2.400 pies de largo) que los jets m\u00e1s grandes no pueden. Los aviones son f\u00e1cilmente adaptables y pueden ser equipados con flotadores y esqu\u00eds de nieve , lo que permite aterrizajes en muchos entornos diferentes . El King Air 90 , King Air 350 y Pilatus PC- 12 son ejemplos de aviones turboh\u00e9lice .Aviones turbohelices son mas pequenos que la mayoria de los jets privados. Ellos pueden tener entre 5 y 8 pasajeros y volar hasta 4 horas sin parar, y tienen un alcance de 1.000 nm en un promedio. Algunos incluso se puede subir a 1500 NM.<\/p>\n<p>De Jets Tama\u00f1o Medio:<\/p>\n<p>Jets de tama\u00f1o medio como\u00a0el Lear 45 , Hawker y Gulfstream G150 800\/800XP son m\u00e1s de una opci\u00f3n amplia. Aunque cuenta con una espaciosa cabina y el \u00e1rea de equipaje, aviones de tama\u00f1o medio est\u00e1n destinados a llevar entre 6 y 8 pasajeros. Con eso se dice , estas aeronaves pueden volar un m\u00e1ximo de 7 horas.<\/p>\n<p>S\u00faper Medianos Jets:<\/p>\n<p>Aviones S\u00faper mediano tama\u00f1o son capaces de vuelos transcontinentales. Este tipo de aviones se le permite despegar y aterrizar tanto a peque\u00f1os aeropuertos locales y , aeropuertos internacionales m\u00e1s grandes. Estos planos com\u00fanmente tienen hasta 9 viajeros; Sin embargo , algunos de los modelos m\u00e1s grandes pueden llevar a 12 . S\u00faper aviones de tama\u00f1o medio est\u00e1n dise\u00f1ados con todo el lujo y las instalaciones de mayor jet privado , como casas bastante grandes y espaciosas , sistemas de entretenimiento opcional y comida que hizo a petici\u00f3n . El Citation X , Falcon 50 y Gulfstream G200 son algunos de estos aviones . Son capaces de volar a una velocidad de 555 MPH, y una gama de 3.100 nan\u00f3metro.<\/p>\n<p>Grandes y pesados \u200b\u200bJets :<\/p>\n<p>Jets grandes o pesados \u200b\u200bson los m\u00e1s grandes aviones privados, con capacidad promedio de 12 pasajeros c\u00f3modamente. Algunas pueden contener hasta 20 . Planes como la serie Falcon 900, Gulfstream II y Challenger 605 son capaces de volar 9 horas o 4.000 millas sin parar. Con tales capacidades a largo plazo , estos aviones tienen asientos de primera clase, ya veces tienen una zona de dormitorio privado. Junto con un piloto, aviones pesados \u200b\u200btambi\u00e9n tienen asistentes de vuelo para ayudar a asegurar la seguridad de los pasajeros , y que tienden a sus necesidades.<\/p>\n<p>4 Pasajeros:<\/p>\n<p>\u00bfViaja a corta distancia ? Buscando algo elegante, con clase , y asequible ? AirCharter.com usted puede poner en el mejor avi\u00f3n para adaptarse a sus necesidades. El gemelo- turboventilador Eclipse 500 bien combina la fiabilidad , la eficiencia del combustible , y la simplicidad en una carcasa elegante y con estilo . Aunque clasificado como un chorro de luz, el Eclipse 500 puede acomodar entre 4-6 pasajeros y su equipaje durante la noche , por lo que es justo para la peque\u00f1a propiedad individuo \/ empresa. Se puede volar a 41.000 pies y completar un viaje de 600 NM con cuatro pasajeros y reservas en 1 hora y 48 minutos .<\/p>\n<p>8 Pasajeros:<\/p>\n<p>\u00bfQuieres algo r\u00e1pido, bajo consumo de combustible , y es capaz de llevar a usted y su familia o su grupo empresarial ? \u00bfEst\u00e1 cansado de no tener suficiente espacio para su equipaje? Con el Bombardier Learjet 35A , podemos garantizar su comodidad con un viaje suave y r\u00e1pido . Este avi\u00f3n est\u00e1 equipado con dos motores HoneyWell TFE731 &#8211; 2 -2B que permite el despegue en 18.300 libras . Un m\u00e1ximo de ocho pasajeros pueden viajar en la cabina del Learjet 35 . Es 12,9 metros de largo, 4,9 metros de ancho y 4,3 metros de altura. Hay 40 pies c\u00fabicos de espacio de equipaje , suficientes para llevar a cabo cerca de ocho maletas de tama\u00f1o est\u00e1ndar . Con su gama de m\u00e1s de 2.789 NM , este avi\u00f3n es perfecto para viajar a nivel nacional e internacional.<\/p>\n<p>10 Pasajeros:<\/p>\n<p>\u00bfEst\u00e1 buscando un avi\u00f3n de lujo , c\u00f3modo y espacioso para llegar a su destino ? Entre nuestra selecci\u00f3n de \u00e9lite de los jets de lujo , El Hawker 800XP \/ 900XP se destaca como la opci\u00f3n perfecta en jets privados s\u00faper medianos . Este avi\u00f3n tiene un alcance de 3.280 nm a una velocidad de crucero de 540 MPH. Se puede despegar con un peso m\u00e1ximo de 28.000 LB, que le permite llevar mucho equipaje en estado board.Este\u00a0jet privado de arte puede dar tanto el pasajero y el piloto con el confort , la eficiencia y el rendimiento. Con su capacidad de hasta 13 pasajeros , este avi\u00f3n le permite viajar con su grupo a su destino en el pa\u00eds, o transcontinental.<\/div><\/div><\/div><\/div>\n","protected":false},"excerpt":{"rendered":"","protected":false},"author":12,"featured_media":0,"parent":0,"menu_order":0,"comment_status":"closed","ping_status":"open","template":"","meta":{"footnotes":""},"class_list":["post-26552","page","type-page","status-publish","hentry"],"yoast_head":"<!-- This site is optimized with the Yoast SEO plugin v27.4 - https:\/\/yoast.com\/product\/yoast-seo-wordpress\/ -->\n<title>\u00bfC\u00f3mo pueden los pasajeros volar privado? - Aircharter<\/title>\n<meta name=\"robots\" content=\"index, follow, max-snippet:-1, max-image-preview:large, max-video-preview:-1\" \/>\n<link rel=\"canonical\" href=\"https:\/\/www.aircharter.com\/como-pueden-los-pasajeros-volar-privada\/\" \/>\n<meta property=\"og:locale\" content=\"es_ES\" \/>\n<meta property=\"og:type\" content=\"article\" \/>\n<meta property=\"og:title\" content=\"\u00bfC\u00f3mo pueden los pasajeros volar privado? - Aircharter\" \/>\n<meta property=\"og:url\" content=\"https:\/\/www.aircharter.com\/como-pueden-los-pasajeros-volar-privada\/\" \/>\n<meta property=\"og:site_name\" content=\"Aircharter\" \/>\n<meta property=\"article:modified_time\" content=\"2022-12-11T22:51:35+00:00\" \/>\n<meta name=\"twitter:card\" content=\"summary_large_image\" \/>\n<meta name=\"twitter:label1\" content=\"Tiempo de lectura\" \/>\n\t<meta name=\"twitter:data1\" content=\"5 minutos\" \/>\n<script type=\"application\/ld+json\" class=\"yoast-schema-graph\">{\"@context\":\"https:\\\/\\\/schema.org\",\"@graph\":[{\"@type\":\"WebPage\",\"@id\":\"https:\\\/\\\/www.aircharter.com\\\/como-pueden-los-pasajeros-volar-privada\\\/\",\"url\":\"https:\\\/\\\/www.aircharter.com\\\/como-pueden-los-pasajeros-volar-privada\\\/\",\"name\":\"\u00bfC\u00f3mo pueden los pasajeros volar privado? - Aircharter\",\"isPartOf\":{\"@id\":\"https:\\\/\\\/www.aircharter.com\\\/de\\\/#website\"},\"datePublished\":\"2014-04-17T22:06:51+00:00\",\"dateModified\":\"2022-12-11T22:51:35+00:00\",\"breadcrumb\":{\"@id\":\"https:\\\/\\\/www.aircharter.com\\\/como-pueden-los-pasajeros-volar-privada\\\/#breadcrumb\"},\"inLanguage\":\"es\",\"potentialAction\":[{\"@type\":\"ReadAction\",\"target\":[\"https:\\\/\\\/www.aircharter.com\\\/como-pueden-los-pasajeros-volar-privada\\\/\"]}]},{\"@type\":\"BreadcrumbList\",\"@id\":\"https:\\\/\\\/www.aircharter.com\\\/como-pueden-los-pasajeros-volar-privada\\\/#breadcrumb\",\"itemListElement\":[{\"@type\":\"ListItem\",\"position\":1,\"name\":\"Home\",\"item\":\"https:\\\/\\\/www.aircharter.com\\\/\"},{\"@type\":\"ListItem\",\"position\":2,\"name\":\"\u00bfC\u00f3mo pueden los pasajeros volar privado?\"}]},{\"@type\":\"WebSite\",\"@id\":\"https:\\\/\\\/www.aircharter.com\\\/de\\\/#website\",\"url\":\"https:\\\/\\\/www.aircharter.com\\\/de\\\/\",\"name\":\"Aircharter\",\"description\":\"Air Charter | Private Jet Charter &amp; Rental | Fly Smarter | Hire a Business Jet\",\"publisher\":{\"@id\":\"https:\\\/\\\/www.aircharter.com\\\/de\\\/#organization\"},\"potentialAction\":[{\"@type\":\"SearchAction\",\"target\":{\"@type\":\"EntryPoint\",\"urlTemplate\":\"https:\\\/\\\/www.aircharter.com\\\/de\\\/?s={search_term_string}\"},\"query-input\":{\"@type\":\"PropertyValueSpecification\",\"valueRequired\":true,\"valueName\":\"search_term_string\"}}],\"inLanguage\":\"es\"},{\"@type\":\"Organization\",\"@id\":\"https:\\\/\\\/www.aircharter.com\\\/de\\\/#organization\",\"name\":\"Aircharter.com LLC\",\"url\":\"https:\\\/\\\/www.aircharter.com\\\/de\\\/\",\"logo\":{\"@type\":\"ImageObject\",\"inLanguage\":\"es\",\"@id\":\"https:\\\/\\\/www.aircharter.com\\\/de\\\/#\\\/schema\\\/logo\\\/image\\\/\",\"url\":\"https:\\\/\\\/www.aircharter.com\\\/wp-content\\\/uploads\\\/2022\\\/12\\\/Aircharter_logo_114X1141-11.png\",\"contentUrl\":\"https:\\\/\\\/www.aircharter.com\\\/wp-content\\\/uploads\\\/2022\\\/12\\\/Aircharter_logo_114X1141-11.png\",\"width\":114,\"height\":114,\"caption\":\"Aircharter.com LLC\"},\"image\":{\"@id\":\"https:\\\/\\\/www.aircharter.com\\\/de\\\/#\\\/schema\\\/logo\\\/image\\\/\"}}]}<\/script>\n<!-- \/ Yoast SEO plugin. -->","yoast_head_json":{"title":"\u00bfC\u00f3mo pueden los pasajeros volar privado? - Aircharter","robots":{"index":"index","follow":"follow","max-snippet":"max-snippet:-1","max-image-preview":"max-image-preview:large","max-video-preview":"max-video-preview:-1"},"canonical":"https:\/\/www.aircharter.com\/como-pueden-los-pasajeros-volar-privada\/","og_locale":"es_ES","og_type":"article","og_title":"\u00bfC\u00f3mo pueden los pasajeros volar privado? - Aircharter","og_url":"https:\/\/www.aircharter.com\/como-pueden-los-pasajeros-volar-privada\/","og_site_name":"Aircharter","article_modified_time":"2022-12-11T22:51:35+00:00","twitter_card":"summary_large_image","twitter_misc":{"Tiempo de lectura":"5 minutos"},"schema":{"@context":"https:\/\/schema.org","@graph":[{"@type":"WebPage","@id":"https:\/\/www.aircharter.com\/como-pueden-los-pasajeros-volar-privada\/","url":"https:\/\/www.aircharter.com\/como-pueden-los-pasajeros-volar-privada\/","name":"\u00bfC\u00f3mo pueden los pasajeros volar privado? - Aircharter","isPartOf":{"@id":"https:\/\/www.aircharter.com\/de\/#website"},"datePublished":"2014-04-17T22:06:51+00:00","dateModified":"2022-12-11T22:51:35+00:00","breadcrumb":{"@id":"https:\/\/www.aircharter.com\/como-pueden-los-pasajeros-volar-privada\/#breadcrumb"},"inLanguage":"es","potentialAction":[{"@type":"ReadAction","target":["https:\/\/www.aircharter.com\/como-pueden-los-pasajeros-volar-privada\/"]}]},{"@type":"BreadcrumbList","@id":"https:\/\/www.aircharter.com\/como-pueden-los-pasajeros-volar-privada\/#breadcrumb","itemListElement":[{"@type":"ListItem","position":1,"name":"Home","item":"https:\/\/www.aircharter.com\/"},{"@type":"ListItem","position":2,"name":"\u00bfC\u00f3mo pueden los pasajeros volar privado?"}]},{"@type":"WebSite","@id":"https:\/\/www.aircharter.com\/de\/#website","url":"https:\/\/www.aircharter.com\/de\/","name":"Aircharter","description":"Air Charter | Private Jet Charter &amp; Rental | Fly Smarter | Hire a Business Jet","publisher":{"@id":"https:\/\/www.aircharter.com\/de\/#organization"},"potentialAction":[{"@type":"SearchAction","target":{"@type":"EntryPoint","urlTemplate":"https:\/\/www.aircharter.com\/de\/?s={search_term_string}"},"query-input":{"@type":"PropertyValueSpecification","valueRequired":true,"valueName":"search_term_string"}}],"inLanguage":"es"},{"@type":"Organization","@id":"https:\/\/www.aircharter.com\/de\/#organization","name":"Aircharter.com LLC","url":"https:\/\/www.aircharter.com\/de\/","logo":{"@type":"ImageObject","inLanguage":"es","@id":"https:\/\/www.aircharter.com\/de\/#\/schema\/logo\/image\/","url":"https:\/\/www.aircharter.com\/wp-content\/uploads\/2022\/12\/Aircharter_logo_114X1141-11.png","contentUrl":"https:\/\/www.aircharter.com\/wp-content\/uploads\/2022\/12\/Aircharter_logo_114X1141-11.png","width":114,"height":114,"caption":"Aircharter.com LLC"},"image":{"@id":"https:\/\/www.aircharter.com\/de\/#\/schema\/logo\/image\/"}}]}},"_links":{"self":[{"href":"https:\/\/www.aircharter.com\/es\/wp-json\/wp\/v2\/pages\/26552","targetHints":{"allow":["GET"]}}],"collection":[{"href":"https:\/\/www.aircharter.com\/es\/wp-json\/wp\/v2\/pages"}],"about":[{"href":"https:\/\/www.aircharter.com\/es\/wp-json\/wp\/v2\/types\/page"}],"author":[{"embeddable":true,"href":"https:\/\/www.aircharter.com\/es\/wp-json\/wp\/v2\/users\/12"}],"replies":[{"embeddable":true,"href":"https:\/\/www.aircharter.com\/es\/wp-json\/wp\/v2\/comments?post=26552"}],"version-history":[{"count":5,"href":"https:\/\/www.aircharter.com\/es\/wp-json\/wp\/v2\/pages\/26552\/revisions"}],"predecessor-version":[{"id":37280,"href":"https:\/\/www.aircharter.com\/es\/wp-json\/wp\/v2\/pages\/26552\/revisions\/37280"}],"wp:attachment":[{"href":"https:\/\/www.aircharter.com\/es\/wp-json\/wp\/v2\/media?parent=26552"}],"curies":[{"name":"wp","href":"https:\/\/api.w.org\/{rel}","templated":true}]}}