{"id":25694,"date":"2013-12-18T18:22:32","date_gmt":"2013-12-18T13:22:32","guid":{"rendered":"https:\/\/www.aircharter.com\/private-jet-2\/"},"modified":"2022-12-11T17:53:17","modified_gmt":"2022-12-11T22:53:17","slug":"jet-prive","status":"publish","type":"page","link":"https:\/\/www.aircharter.com\/fr\/jet-prive\/","title":{"rendered":"Les Jets priv\u00e9"},"content":{"rendered":"<h1><strong>Experts du <\/strong><strong> Jet priv\u00e9<\/strong><\/h1>\n<p>Notre groupe charter de jet priv\u00e9 exp\u00e9riment\u00e9 travaille en \u00e9troite collaboration avec vous pour trouver l&rsquo;avion le plus adapt\u00e9 \u00e0 vos besoins d&rsquo;avion priv\u00e9. Si vous avez 50 ou des centaines de voyageurs, Air Charter \u00e9valuera la taille et le plan pour vous aider dans le plan priv\u00e9 le plus appropri\u00e9 pour vos besoins de votre groupe.<\/p>\n<p>Air Charter Service \u00e0 une exp\u00e9rience de plus de deux d\u00e9cennies &#8211; et une grande dext\u00e9rit\u00e9 &#8211; dans la prestation du Charter priv\u00e9 pour les clients du monde entier. En tant que composant de 24 heures de service dans le monde d&rsquo;Air Charter Service, Aircharter service de jet priv\u00e9 est amorc\u00e9e \u00e0 organiser, orchestrer et superviser le jet priv\u00e9 pour vous et votre groupe, au moment et \u00e0 la destination de votre choix. Veuillez consulter <i>nos jets priv\u00e9s<\/i><\/p>\n<p><em><a href=\"https:\/\/www.aircharter.com\/wp-content\/uploads\/2013\/06\/plane_mountains.jpg\"><img decoding=\"async\" class=\"alignright\" title=\"private jet\" src=\"https:\/\/www.aircharter.com\/wp-content\/uploads\/2013\/06\/plane_mountains-300x184.jpg\" alt=\"private jet\" width=\"300\" height=\"184\" \/><\/a><\/em><\/p>\n<h2>Pourquoi Air Charter.com?<\/h2>\n<p>Air Charter a plus de 17 ans d&rsquo;exp\u00e9rience dans les solutions d&rsquo;affr\u00e8tement et n&#8217;emploie que les meilleurs experts en Charter. AirCharter.com organise plus de 9000 contrats d&rsquo;affr\u00e8tement complets par an dans multiples secteurs et a un chiffre d&rsquo;affaire annuel de plus de 600 Millions de dollars.<\/p>\n<p><b>Pourquoi choisir Air Charter.com?<\/b><\/p>\n<p><b>Gestion de compte personnel &#8211;<\/b> D\u00e8s que nous recevons votre demande, nous vous attribuons votre propre expert charter. Ils seront disponibles \u00e0 partir du moment o\u00f9 vous r\u00e9servez votre vol et au moment o\u00f9 vous atterrissez.<\/p>\n<p><b>Le support de vol &#8211;<\/b> Cette \u00e9quipe d\u00e9di\u00e9e s\u2019assure que tous vos besoins sont satisfait durant l&rsquo;exp\u00e9rience Charter<\/p>\n<p><b>AirCharter- protection de paiement<\/b> &#8211; Peut-\u00eatre disponible \u00e0 faible co\u00fbt et vous et vos clients seront prot\u00e9g\u00e9 en cas de faillite des compagnies a\u00e9riennes<\/p>\n<p><b>Pouvoir de n\u00e9gociation &#8211;<\/b> Au fil des ann\u00e9es, AirCharter.com a construit beaucoup de relations solides avec les compagnies a\u00e9riennes. Notre taille et notre r\u00e9putation nous permettent de n\u00e9gocier de meilleurs tarifs qui peuvent ensuite offrir des \u00e9conomies \u00e0 nos clients.<\/p>\n<p><b>Repr\u00e9sentation compl\u00e9mentaire dans le vol<\/b> &#8211; Si vous le souhaitez, nous pouvons vous envoyer un membre du personnel pour accompagner votre groupe sur le vol pour s&rsquo;assurer que tout fonctionne bien et vous offrir la tranquillit\u00e9 d\u2019esprit.<\/p>\n<p><b>Marquage au co\u00fbt des frais <\/b>&#8211; De l&rsquo;uniforme d&rsquo;\u00e9quipage de cabine \u00e0 des pupitres et des appuis-t\u00eate dans le bureau check-in nous pouvons fournir des solutions de marquage multiples pour vous<\/p>\n<p><b>Pr\u00e9sence mondiale<\/b> &#8211; Gr\u00e2ce \u00e0 notre r\u00e9seau d\u00e9j\u00e0 \u00e9tabli \u00e0 travers des bureaux internationaux, nous pouvons vous offrir l&rsquo;expertise locale et nos bureaux vont travailler ensemble pour assurer le meilleur service possible<\/p>\n<p><b>Contactez 24\/7-<\/b> Nos professionnels Charter sont disponibles 24 heures \/ 7 jours par semaine<\/p>\n","protected":false},"excerpt":{"rendered":"<p>Experts du Jet priv\u00e9 Notre groupe charter de jet priv\u00e9 exp\u00e9riment\u00e9 travaille en \u00e9troite collaboration avec vous pour trouver l&rsquo;avion le plus adapt\u00e9 \u00e0 vos besoins d&rsquo;avion priv\u00e9. Si vous avez 50 ou des centaines de voyageurs, Air Charter \u00e9valuera la taille et le plan pour vous aider dans le plan priv\u00e9 le plus appropri\u00e9 pour vos besoins de votre groupe. Air Charter Service \u00e0 une exp\u00e9rience de plus de deux d\u00e9cennies &#8211; et une grande dext\u00e9rit\u00e9 &#8211; dans la prestation du Charter priv\u00e9 pour les clients du monde entier. En tant que composant de 24 heures de service dans le monde d&rsquo;Air Charter Service, Aircharter service de jet priv\u00e9 est amorc\u00e9e \u00e0 organiser, orchestrer et superviser le jet priv\u00e9 pour vous et votre groupe, au moment et \u00e0 la destination de votre choix. Veuillez consulter nos jets priv\u00e9s Pourquoi Air Charter.com? Air Charter a plus de 17 ans d&rsquo;exp\u00e9rience dans les solutions d&rsquo;affr\u00e8tement et n&#8217;emploie que les meilleurs experts en Charter. AirCharter.com organise plus de 9000 contrats d&rsquo;affr\u00e8tement complets par an dans multiples secteurs et a un chiffre d&rsquo;affaire annuel de plus de 600 Millions de dollars. Pourquoi choisir Air Charter.com? Gestion de compte personnel &#8211; D\u00e8s que nous recevons votre demande, nous vous attribuons votre propre expert charter. Ils seront disponibles \u00e0 partir du moment o\u00f9 vous r\u00e9servez votre vol et au moment o\u00f9 vous atterrissez. Le support de vol &#8211; Cette \u00e9quipe d\u00e9di\u00e9e s\u2019assure que tous vos besoins sont satisfait durant l&rsquo;exp\u00e9rience Charter AirCharter- protection de paiement &#8211; Peut-\u00eatre disponible \u00e0 faible co\u00fbt et vous et vos clients seront prot\u00e9g\u00e9 en cas de faillite des compagnies a\u00e9riennes Pouvoir de n\u00e9gociation &#8211; Au fil des ann\u00e9es, AirCharter.com a construit beaucoup de relations solides<\/p>\n","protected":false},"author":7,"featured_media":0,"parent":0,"menu_order":0,"comment_status":"closed","ping_status":"closed","template":"","meta":{"footnotes":""},"class_list":["post-25694","page","type-page","status-publish","hentry"],"yoast_head":"<!-- This site is optimized with the Yoast SEO plugin v27.4 - https:\/\/yoast.com\/product\/yoast-seo-wordpress\/ -->\n<title>Aircharter - Our Private Jet Experts are Here to Help<\/title>\n<meta name=\"description\" content=\"Our experienced private jet charter group will work closely with you to find the most suitable aircraft for your private plane needs\" \/>\n<meta name=\"robots\" content=\"index, follow, max-snippet:-1, max-image-preview:large, max-video-preview:-1\" \/>\n<link rel=\"canonical\" href=\"https:\/\/www.aircharter.com\/jet-prive\/\" \/>\n<meta property=\"og:locale\" content=\"fr_FR\" \/>\n<meta property=\"og:type\" content=\"article\" \/>\n<meta property=\"og:title\" content=\"Aircharter - Our Private Jet Experts are Here to Help\" \/>\n<meta property=\"og:description\" content=\"Our experienced private jet charter group will work closely with you to find the most suitable aircraft for your private plane needs\" \/>\n<meta property=\"og:url\" content=\"https:\/\/www.aircharter.com\/jet-prive\/\" \/>\n<meta property=\"og:site_name\" content=\"Aircharter\" \/>\n<meta property=\"article:modified_time\" content=\"2022-12-11T22:53:17+00:00\" \/>\n<meta property=\"og:image\" content=\"https:\/\/www.aircharter.com\/wp-content\/uploads\/2013\/06\/plane_mountains-300x184.jpg\" \/>\n<meta name=\"twitter:card\" content=\"summary_large_image\" \/>\n<meta name=\"twitter:label1\" content=\"Dur\u00e9e de lecture estim\u00e9e\" \/>\n\t<meta name=\"twitter:data1\" content=\"2 minutes\" \/>\n<script type=\"application\/ld+json\" class=\"yoast-schema-graph\">{\"@context\":\"https:\\\/\\\/schema.org\",\"@graph\":[{\"@type\":\"WebPage\",\"@id\":\"https:\\\/\\\/www.aircharter.com\\\/jet-prive\\\/\",\"url\":\"https:\\\/\\\/www.aircharter.com\\\/jet-prive\\\/\",\"name\":\"Aircharter - Our Private Jet Experts are Here to Help\",\"isPartOf\":{\"@id\":\"https:\\\/\\\/www.aircharter.com\\\/de\\\/#website\"},\"primaryImageOfPage\":{\"@id\":\"https:\\\/\\\/www.aircharter.com\\\/jet-prive\\\/#primaryimage\"},\"image\":{\"@id\":\"https:\\\/\\\/www.aircharter.com\\\/jet-prive\\\/#primaryimage\"},\"thumbnailUrl\":\"https:\\\/\\\/www.aircharter.com\\\/wp-content\\\/uploads\\\/2013\\\/06\\\/plane_mountains-300x184.jpg\",\"datePublished\":\"2013-12-18T13:22:32+00:00\",\"dateModified\":\"2022-12-11T22:53:17+00:00\",\"description\":\"Our experienced private jet charter group will work closely with you to find the most suitable aircraft for your private plane needs\",\"breadcrumb\":{\"@id\":\"https:\\\/\\\/www.aircharter.com\\\/jet-prive\\\/#breadcrumb\"},\"inLanguage\":\"fr-FR\",\"potentialAction\":[{\"@type\":\"ReadAction\",\"target\":[\"https:\\\/\\\/www.aircharter.com\\\/jet-prive\\\/\"]}]},{\"@type\":\"ImageObject\",\"inLanguage\":\"fr-FR\",\"@id\":\"https:\\\/\\\/www.aircharter.com\\\/jet-prive\\\/#primaryimage\",\"url\":\"https:\\\/\\\/www.aircharter.com\\\/wp-content\\\/uploads\\\/2013\\\/06\\\/plane_mountains-300x184.jpg\",\"contentUrl\":\"https:\\\/\\\/www.aircharter.com\\\/wp-content\\\/uploads\\\/2013\\\/06\\\/plane_mountains-300x184.jpg\"},{\"@type\":\"BreadcrumbList\",\"@id\":\"https:\\\/\\\/www.aircharter.com\\\/jet-prive\\\/#breadcrumb\",\"itemListElement\":[{\"@type\":\"ListItem\",\"position\":1,\"name\":\"Home\",\"item\":\"https:\\\/\\\/www.aircharter.com\\\/\"},{\"@type\":\"ListItem\",\"position\":2,\"name\":\"Les Jets priv\u00e9\"}]},{\"@type\":\"WebSite\",\"@id\":\"https:\\\/\\\/www.aircharter.com\\\/de\\\/#website\",\"url\":\"https:\\\/\\\/www.aircharter.com\\\/de\\\/\",\"name\":\"Aircharter\",\"description\":\"Air Charter | Private Jet Charter &amp; Rental | Fly Smarter | Hire a Business Jet\",\"publisher\":{\"@id\":\"https:\\\/\\\/www.aircharter.com\\\/de\\\/#organization\"},\"potentialAction\":[{\"@type\":\"SearchAction\",\"target\":{\"@type\":\"EntryPoint\",\"urlTemplate\":\"https:\\\/\\\/www.aircharter.com\\\/de\\\/?s={search_term_string}\"},\"query-input\":{\"@type\":\"PropertyValueSpecification\",\"valueRequired\":true,\"valueName\":\"search_term_string\"}}],\"inLanguage\":\"fr-FR\"},{\"@type\":\"Organization\",\"@id\":\"https:\\\/\\\/www.aircharter.com\\\/de\\\/#organization\",\"name\":\"Aircharter.com LLC\",\"url\":\"https:\\\/\\\/www.aircharter.com\\\/de\\\/\",\"logo\":{\"@type\":\"ImageObject\",\"inLanguage\":\"fr-FR\",\"@id\":\"https:\\\/\\\/www.aircharter.com\\\/de\\\/#\\\/schema\\\/logo\\\/image\\\/\",\"url\":\"https:\\\/\\\/www.aircharter.com\\\/wp-content\\\/uploads\\\/2022\\\/12\\\/Aircharter_logo_114X1141-11.png\",\"contentUrl\":\"https:\\\/\\\/www.aircharter.com\\\/wp-content\\\/uploads\\\/2022\\\/12\\\/Aircharter_logo_114X1141-11.png\",\"width\":114,\"height\":114,\"caption\":\"Aircharter.com LLC\"},\"image\":{\"@id\":\"https:\\\/\\\/www.aircharter.com\\\/de\\\/#\\\/schema\\\/logo\\\/image\\\/\"}}]}<\/script>\n<!-- \/ Yoast SEO plugin. -->","yoast_head_json":{"title":"Aircharter - Our Private Jet Experts are Here to Help","description":"Our experienced private jet charter group will work closely with you to find the most suitable aircraft for your private plane needs","robots":{"index":"index","follow":"follow","max-snippet":"max-snippet:-1","max-image-preview":"max-image-preview:large","max-video-preview":"max-video-preview:-1"},"canonical":"https:\/\/www.aircharter.com\/jet-prive\/","og_locale":"fr_FR","og_type":"article","og_title":"Aircharter - Our Private Jet Experts are Here to Help","og_description":"Our experienced private jet charter group will work closely with you to find the most suitable aircraft for your private plane needs","og_url":"https:\/\/www.aircharter.com\/jet-prive\/","og_site_name":"Aircharter","article_modified_time":"2022-12-11T22:53:17+00:00","og_image":[{"url":"https:\/\/www.aircharter.com\/wp-content\/uploads\/2013\/06\/plane_mountains-300x184.jpg","type":"","width":"","height":""}],"twitter_card":"summary_large_image","twitter_misc":{"Dur\u00e9e de lecture estim\u00e9e":"2 minutes"},"schema":{"@context":"https:\/\/schema.org","@graph":[{"@type":"WebPage","@id":"https:\/\/www.aircharter.com\/jet-prive\/","url":"https:\/\/www.aircharter.com\/jet-prive\/","name":"Aircharter - Our Private Jet Experts are Here to Help","isPartOf":{"@id":"https:\/\/www.aircharter.com\/de\/#website"},"primaryImageOfPage":{"@id":"https:\/\/www.aircharter.com\/jet-prive\/#primaryimage"},"image":{"@id":"https:\/\/www.aircharter.com\/jet-prive\/#primaryimage"},"thumbnailUrl":"https:\/\/www.aircharter.com\/wp-content\/uploads\/2013\/06\/plane_mountains-300x184.jpg","datePublished":"2013-12-18T13:22:32+00:00","dateModified":"2022-12-11T22:53:17+00:00","description":"Our experienced private jet charter group will work closely with you to find the most suitable aircraft for your private plane needs","breadcrumb":{"@id":"https:\/\/www.aircharter.com\/jet-prive\/#breadcrumb"},"inLanguage":"fr-FR","potentialAction":[{"@type":"ReadAction","target":["https:\/\/www.aircharter.com\/jet-prive\/"]}]},{"@type":"ImageObject","inLanguage":"fr-FR","@id":"https:\/\/www.aircharter.com\/jet-prive\/#primaryimage","url":"https:\/\/www.aircharter.com\/wp-content\/uploads\/2013\/06\/plane_mountains-300x184.jpg","contentUrl":"https:\/\/www.aircharter.com\/wp-content\/uploads\/2013\/06\/plane_mountains-300x184.jpg"},{"@type":"BreadcrumbList","@id":"https:\/\/www.aircharter.com\/jet-prive\/#breadcrumb","itemListElement":[{"@type":"ListItem","position":1,"name":"Home","item":"https:\/\/www.aircharter.com\/"},{"@type":"ListItem","position":2,"name":"Les Jets priv\u00e9"}]},{"@type":"WebSite","@id":"https:\/\/www.aircharter.com\/de\/#website","url":"https:\/\/www.aircharter.com\/de\/","name":"Aircharter","description":"Air Charter | Private Jet Charter &amp; Rental | Fly Smarter | Hire a Business Jet","publisher":{"@id":"https:\/\/www.aircharter.com\/de\/#organization"},"potentialAction":[{"@type":"SearchAction","target":{"@type":"EntryPoint","urlTemplate":"https:\/\/www.aircharter.com\/de\/?s={search_term_string}"},"query-input":{"@type":"PropertyValueSpecification","valueRequired":true,"valueName":"search_term_string"}}],"inLanguage":"fr-FR"},{"@type":"Organization","@id":"https:\/\/www.aircharter.com\/de\/#organization","name":"Aircharter.com LLC","url":"https:\/\/www.aircharter.com\/de\/","logo":{"@type":"ImageObject","inLanguage":"fr-FR","@id":"https:\/\/www.aircharter.com\/de\/#\/schema\/logo\/image\/","url":"https:\/\/www.aircharter.com\/wp-content\/uploads\/2022\/12\/Aircharter_logo_114X1141-11.png","contentUrl":"https:\/\/www.aircharter.com\/wp-content\/uploads\/2022\/12\/Aircharter_logo_114X1141-11.png","width":114,"height":114,"caption":"Aircharter.com LLC"},"image":{"@id":"https:\/\/www.aircharter.com\/de\/#\/schema\/logo\/image\/"}}]}},"_links":{"self":[{"href":"https:\/\/www.aircharter.com\/fr\/wp-json\/wp\/v2\/pages\/25694","targetHints":{"allow":["GET"]}}],"collection":[{"href":"https:\/\/www.aircharter.com\/fr\/wp-json\/wp\/v2\/pages"}],"about":[{"href":"https:\/\/www.aircharter.com\/fr\/wp-json\/wp\/v2\/types\/page"}],"author":[{"embeddable":true,"href":"https:\/\/www.aircharter.com\/fr\/wp-json\/wp\/v2\/users\/7"}],"replies":[{"embeddable":true,"href":"https:\/\/www.aircharter.com\/fr\/wp-json\/wp\/v2\/comments?post=25694"}],"version-history":[{"count":14,"href":"https:\/\/www.aircharter.com\/fr\/wp-json\/wp\/v2\/pages\/25694\/revisions"}],"predecessor-version":[{"id":32176,"href":"https:\/\/www.aircharter.com\/fr\/wp-json\/wp\/v2\/pages\/25694\/revisions\/32176"}],"wp:attachment":[{"href":"https:\/\/www.aircharter.com\/fr\/wp-json\/wp\/v2\/media?parent=25694"}],"curies":[{"name":"wp","href":"https:\/\/api.w.org\/{rel}","templated":true}]}}