{"id":25797,"date":"2013-12-16T19:29:30","date_gmt":"2013-12-16T14:29:30","guid":{"rendered":"https:\/\/www.aircharter.com\/fractional-ownership-2\/"},"modified":"2022-12-11T17:53:19","modified_gmt":"2022-12-11T22:53:19","slug":"multipropriete","status":"publish","type":"page","link":"https:\/\/www.aircharter.com\/fr\/multipropriete\/","title":{"rendered":"Multipropri\u00e9t\u00e9"},"content":{"rendered":"<h1>Multipropri\u00e9t\u00e9 vs <b>affr\u00e8tement\u00a0<\/b>des jets priv\u00e9s<\/h1>\n<p>Il \u00a0existe plusieurs types de Multipropri\u00e9t\u00e9 d\u2019avion\u00a0 \u00ab\u00a0temps partag\u00e9\u00a0\u00bb et de bloquer les heures programm\u00e9s \u00a0disponibles, mais en r\u00e9alit\u00e9, il ya peu, d\u2019avantage \u00e0 la Multipropri\u00e9t\u00e9 \u00a0sur l&rsquo;affr\u00e8tement a\u00e9rien priv\u00e9<\/p>\n<p>M\u00eame s&rsquo;il peut sembler que la propri\u00e9t\u00e9, ou m\u00eame la propri\u00e9t\u00e9 partielle d&rsquo;un avion priv\u00e9 offre une commodit\u00e9 in\u00e9gal\u00e9e, la r\u00e9alit\u00e9 est bien diff\u00e9rente. Qu&rsquo;il s&rsquo;agit d&rsquo;une r\u00e9servation de derni\u00e8re minute, la planification d&rsquo;un itin\u00e9raire complexe, ou en s&rsquo;assurant que les besoins sp\u00e9cifiques sont pris en charge, l&rsquo;affr\u00e8tement a\u00e9rien priv\u00e9 peut g\u00e9n\u00e9ralement atteindre ou d\u00e9passer les services offerts par un courtier en multipropri\u00e9t\u00e9. Par exemple, alors que de nombreuses entreprises offrent des fractions, \u00a0une r\u00e9servation de 8 heures \u00e0 d\u00e9coller garantie, Air Charter peut g\u00e9n\u00e9ralement fournir un avion \u00e0 moins de 2,5 heures. Avec plus de 55 000 Avions priv\u00e9s dans notre r\u00e9seau mondial, vous avez un choix in\u00e9gal\u00e9<\/p>\n<p><div class=\"fusion-fullwidth fullwidth-box fusion-builder-row-1 fusion-flex-container hundred-percent-fullwidth non-hundred-percent-height-scrolling\" style=\"--awb-border-radius-top-left:0px;--awb-border-radius-top-right:0px;--awb-border-radius-bottom-right:0px;--awb-border-radius-bottom-left:0px;--awb-overflow:visible;--awb-margin-top:40px;--awb-background-color:rgba(255,255,255,0);--awb-flex-wrap:wrap;\" ><div class=\"fusion-builder-row fusion-row fusion-flex-align-items-flex-start fusion-flex-content-wrap\" style=\"width:calc( 100% + 0px ) !important;max-width:calc( 100% + 0px ) !important;margin-left: calc(-0px \/ 2 );margin-right: calc(-0px \/ 2 );\"><div class=\"fusion-layout-column fusion_builder_column fusion-builder-column-0 fusion_builder_column_1_1 1_1 fusion-flex-column fusion-flex-align-self-flex-start fusion-column-no-min-height\" style=\"--awb-bg-size:cover;--awb-width-large:100%;--awb-margin-top-large:0px;--awb-spacing-right-large:0px;--awb-margin-bottom-large:0px;--awb-spacing-left-large:0px;--awb-width-medium:100%;--awb-spacing-right-medium:0px;--awb-spacing-left-medium:0px;--awb-width-small:100%;--awb-spacing-right-small:0px;--awb-spacing-left-small:0px;\"><div class=\"fusion-column-wrapper fusion-flex-justify-content-flex-start fusion-content-layout-column\"><div class=\"fusion-separator fusion-full-width-sep\" style=\"align-self: center;margin-left: auto;margin-right: auto;width:100%;\"><div class=\"fusion-separator-border sep-double\" style=\"--awb-height:20px;--awb-amount:20px;border-color:#e0dede;border-top-width:1px;border-bottom-width:1px;\"><\/div><\/div>\n<h1>Vaut-il vraiment la peine?<\/h1>\n<p>Alors que la charge horaire de vol de votre avion en multipropri\u00e9t\u00e9 peut sembler inf\u00e9rieur \u00e0 \u00a0Air charter \u00a0priv\u00e9e, \u00a0la r\u00e9alit\u00e9 \u00a0est \u00a0encore plus compliqu\u00e9e . Consid\u00e9rez les frais du propri\u00e9taire d&rsquo;une fraction \u00a0qui doit payer : en plus de l&rsquo;achat de la part\u00a0 d&rsquo;avion, il ya aussi des frais mensuels de maintenance et d\u2019exploitation, ainsi que les frais d&rsquo;assurance. Et en plus de tout cela, vous aurez toujours \u00a0a pay\u00e9 un tarif horaire pour le temps de vol. En revanche, lorsque vous r\u00e9servez un vol par Air Charter, tout ce que vous payez c\u2019est \u00a0le vol. Lorsque vous additionnez tous ces co\u00fbts, le taux horaire de l&rsquo;Air Charter peut \u00eatre la moiti\u00e9 \u00e0 un tiers de moins que le taux horaire total de la typique multipropri\u00e9t\u00e9 entreprise pour une classe similaire d\u2019avion. Vous devriez aussi \u00eatre conscient que les d\u00e9penses mensuelles d\u2019exploitation factur\u00e9e par les soci\u00e9t\u00e9s fractionnels sont g\u00e9n\u00e9ralement beaucoup plus \u00e9lev\u00e9es que les co\u00fbts r\u00e9els du maintien et de l&rsquo;exploitation de l&rsquo;avion. En outre, lorsque la soci\u00e9t\u00e9 fractionnel vend l&rsquo;appareil \u00e0 la fin de la dur\u00e9e de votre contrat, vous ne r\u00e9cup\u00e9rer q\u2019 une fraction de votre investissement initial. Avec Air Charter il n&rsquo;y a pas de frais cach\u00e9s. Vous recevrez un devis contenant le co\u00fbt total du vol &#8211; et c&rsquo;est tout ce qu&rsquo;il ya \u00e0 faire!<\/p>\n<p>Le concept de la\u00a0 soci\u00e9t\u00e9 \u00a0d\u2019avion en multipropri\u00e9t\u00e9 \u00a0sont tout neuf, et donc \u00a0plus s\u00fbr, c\u2019est un mythe. Tout \u00a0notre r\u00e9seau d&rsquo;appareils est rigoureusement entretenu conform\u00e9ment aux normes de la CAA, et chacun d&rsquo;eux est \u00e9quip\u00e9 des derni\u00e8res avioniques, y compris GPS et TCAS pour assurer votre s\u00e9curit\u00e9<\/p>\n<\/div><\/div><\/div><\/div><div class=\"fusion-fullwidth fullwidth-box fusion-builder-row-2 fusion-flex-container hundred-percent-fullwidth non-hundred-percent-height-scrolling\" style=\"--awb-border-radius-top-left:0px;--awb-border-radius-top-right:0px;--awb-border-radius-bottom-right:0px;--awb-border-radius-bottom-left:0px;--awb-overflow:visible;--awb-flex-wrap:wrap;\" ><div class=\"fusion-builder-row fusion-row fusion-flex-align-items-flex-start fusion-flex-content-wrap\" style=\"width:104% !important;max-width:104% !important;margin-left: calc(-4% \/ 2 );margin-right: calc(-4% \/ 2 );\"><div class=\"fusion-layout-column fusion_builder_column fusion-builder-column-1 fusion_builder_column_1_2 1_2 fusion-flex-column\" style=\"--awb-bg-size:cover;--awb-width-large:50%;--awb-margin-top-large:0px;--awb-spacing-right-large:3.84%;--awb-margin-bottom-large:20px;--awb-spacing-left-large:3.84%;--awb-width-medium:100%;--awb-spacing-right-medium:1.92%;--awb-spacing-left-medium:1.92%;--awb-width-small:100%;--awb-spacing-right-small:1.92%;--awb-spacing-left-small:1.92%;\"><div class=\"fusion-column-wrapper fusion-flex-justify-content-flex-start fusion-content-layout-column\"><div class=\"fusion-reading-box-container reading-box-container-1\" style=\"--awb-title-color:var(--awb-color8);--awb-margin-top:0px;--awb-margin-bottom:20px;\"><div class=\"reading-box\" style=\"background-color:#f6f6f6;border-width:4px;border-color:#f6f6f6;border-left-width:4px;border-left-color:var(--primary_color);border-style:solid;\"><h2><b><i>Les nouvelles de l\u2019aviation Internationale \u2013Beaucoup sont choqu\u00e9s par la baisse des valeurs de la multipropri\u00e9t\u00e9  <\/i><\/b><\/h2><div class=\"reading-box-description fusion-reading-box-additional\"><i>Les propri\u00e9taires d'avions fractionn\u00e9s qui ont \u00e9t\u00e9 assur\u00e9s, il ya cinq ans, lorsque l'aviation d'affaires a \u00e9t\u00e9 en plein essor et que  leurs part conserve 75-80 pour cent de leur valeur d\u00e9couvrent \u00e0 leur grande consternation que leurs parts ont, dans certains cas retenu moins  que 50 pour cent de la valeur d'origine.<\/i><em>. <strong>'<b><i>C'est le premier v\u00e9ritable test du syst\u00e8me de la multipropri\u00e9t\u00e9<\/i><\/b>',<\/strong> <i>dit un observateur<\/i><\/em><strong><em>, '<b><i>et certains propri\u00e9taires d'actions n\u2019ont pas du tout appr\u00e9ci\u00e9<\/i><\/b>.'<\/em><\/strong><\/div><div class=\"fusion-clearfix\"><\/div><\/div><svg style=\"opacity:0.1-1;\" xmlns=\"http:\/\/www.w3.org\/2000\/svg\" version=\"1.1\" width=\"100%\" viewBox=\"0 0 600 28\" preserveAspectRatio=\"none\"><g clip-path=\"url(#a)\"><mask id=\"b\" style=\"mask-type:luminance\" maskUnits=\"userSpaceOnUse\" x=\"0\" y=\"0\" width=\"600\" height=\"28\"><path d=\"M0 0h600v28H0V0Z\" fill=\"#fff\"\/><\/mask><g filter=\"url(#c)\" mask=\"url(#b)\"><path d=\"M16.439-18.667h567.123v30.8S438.961-8.4 300-8.4C161.04-8.4 16.438 12.133 16.438 12.133v-30.8Z\" fill=\"#000\"\/><\/g><\/g><defs><clipPath id=\"a\"><path fill=\"#fff\" d=\"M0 0h600v28H0z\"\/><\/clipPath><filter id=\"c\" x=\"5.438\" y=\"-29.667\" width=\"589.123\" height=\"52.8\" filterUnits=\"userSpaceOnUse\" color-interpolation-filters=\"sRGB\"><feFlood flood-opacity=\"0\" result=\"BackgroundImageFix\"\/><feBlend in=\"SourceGraphic\" in2=\"BackgroundImageFix\" result=\"shape\"\/><feGaussianBlur stdDeviation=\"5.5\" result=\"effect1_foregroundBlur_3983_183\"\/><\/filter><\/defs><\/svg><\/div><\/div><\/div>\n<div class=\"fusion-layout-column fusion_builder_column fusion-builder-column-2 fusion_builder_column_1_2 1_2 fusion-flex-column\" style=\"--awb-bg-size:cover;--awb-width-large:50%;--awb-margin-top-large:0px;--awb-spacing-right-large:3.84%;--awb-margin-bottom-large:20px;--awb-spacing-left-large:3.84%;--awb-width-medium:100%;--awb-spacing-right-medium:1.92%;--awb-spacing-left-medium:1.92%;--awb-width-small:100%;--awb-spacing-right-small:1.92%;--awb-spacing-left-small:1.92%;\"><div class=\"fusion-column-wrapper fusion-flex-justify-content-flex-start fusion-content-layout-column\"><div class=\"fusion-image-element \" style=\"--awb-caption-title-font-family:var(--h2_typography-font-family);--awb-caption-title-font-weight:var(--h2_typography-font-weight);--awb-caption-title-font-style:var(--h2_typography-font-style);--awb-caption-title-size:var(--h2_typography-font-size);--awb-caption-title-transform:var(--h2_typography-text-transform);--awb-caption-title-line-height:var(--h2_typography-line-height);--awb-caption-title-letter-spacing:var(--h2_typography-letter-spacing);\"><span class=\" fusion-imageframe imageframe-border,glow,dropshadow,bottomshadow imageframe-1 hover-type-none\" style=\"border:4px solid #f6f6f6;\"><img decoding=\"async\" width=\"489\" height=\"286\" alt=\"fractional ownership\" title=\"GS 150\" src=\"https:\/\/www.aircharter.com\/wp-content\/uploads\/2013\/06\/GS-150.jpg\" class=\"img-responsive wp-image-33283\" srcset=\"https:\/\/www.aircharter.com\/wp-content\/uploads\/2013\/06\/GS-150-300x175.jpg 300w, https:\/\/www.aircharter.com\/wp-content\/uploads\/2013\/06\/GS-150.jpg 489w\" sizes=\"(max-width: 489px) 100vw, 489px\" \/><\/span><\/div><\/div><\/div>\n<p>&nbsp;<\/p>\n<p>Il est simple de croire que la multipropri\u00e9t\u00e9 est \u00e9quivalente \u00a0\u00e0 poss\u00e9der votre propre avion. \u00a0\u00a0Il serait semblable \u00e0 la possession d&rsquo;un immeuble \u00e0 temps partiel \u00a0et de croire que vous poss\u00e9dez l&rsquo;ensemble du complexe. La v\u00e9rit\u00e9 est que vous \u00eates le propri\u00e9taire techniquement d\u2019une part \u00a0 d\u2019avion particulier, en effet vous avez un contrat avec la soci\u00e9t\u00e9 de multipropri\u00e9t\u00e9 qui vous permet d&rsquo;utiliser \u00a0n&rsquo;importe quel appareil \u00e9quivalent dans la flotte de la compagnie pour un certain nombre d&rsquo;heures chaque ann\u00e9e. Vous n\u2019aurez rarement, voire jamais, vol\u00e9 sur l&rsquo;avion que vous poss\u00e9dez en partie. Et, contrairement \u00e0 un avion que vous poss\u00e9dez, vous n&rsquo;avez pas de mot \u00e0 dire sur qui utilise \u00abvotre\u00bb avion et combien de fois il vole ou\u00a0 quelle distance il parcourt. Toutes ces d\u00e9cisions sont entre les mains de la \u00a0soci\u00e9t\u00e9 fractionn\u00e9e \u00a0qui g\u00e8re le programme. L\u2019Affr\u00e8tement a\u00e9rien priv\u00e9 est clairement le choix le plus \u00e9conomique et le plus pratique.<\/p>\n<p>Il y a beaucoup de plans pour la vente des multipropri\u00e9t\u00e9s , et d&rsquo;autres sont invent\u00e9s chaque jour. Mais rarement d\u2019avantage \u00a0par rapport \u00e0 l\u2019affr\u00e8tement priv\u00e9. Le probl\u00e8me avec des programmes tels que l&rsquo;appartenance \u00e0 un bloc de charter est que, comme la Multipropri\u00e9t\u00e9, ils ont besoin d&rsquo;entreprise prospective pour payer beaucoup d&rsquo;argent comme avance. L&rsquo;\u00e9conomie que vous ferez en utilisant le air \u00a0charter traditionnel priv\u00e9e, est importante &#8211; et sans aucun engagement<\/p>\n<h2>Air Charter a examin\u00e9 les diverses options disponibles et les conclusions ind\u00e9pendantes sont \u00e9num\u00e9r\u00e9s ci-dessous:<\/h2>\n<div class=\"table-1\">\n<table width=\"100%\">\n<thead>\n<tr>\n<th><\/th>\n<th style=\"text-align: center;\">Solution d&rsquo;affr\u00e8tement<\/th>\n<th style=\"text-align: center;\">Tarif par heure<\/th>\n<th style=\"text-align: center;\"><strong>Multipropri\u00e9t\u00e9<\/strong><\/th>\n<\/tr>\n<\/thead>\n<tbody>\n<tr>\n<td><strong>P\u00e9riode d&rsquo;engagement<\/strong><\/td>\n<td>Base de voyage par voyage<\/td>\n<td>G\u00e9n\u00e9ralement offert en 25 hr block \u00e0 \u00eatre utilis\u00e9 sur une p\u00e9riode de 12 mois(aviser 3 mois \u00e0 l&rsquo;avance)<\/td>\n<td>2 ans minimum<\/td>\n<\/tr>\n<tr>\n<td><strong>D\u00e9pense financi\u00e8re<\/strong><\/td>\n<td>Co\u00fbt d&rsquo;un voyage individuel<\/td>\n<td>tout le \u00a0Block doit \u00eatre payer \u00e0 l&rsquo;avance<\/td>\n<td>Minimum \u00a0375 000 US$\u00a0d&rsquo;investissement ou contrat de location \u00e0 long terme<\/td>\n<\/tr>\n<tr>\n<td><strong>\u00e9tablissement des prix<\/strong><\/td>\n<td>Prix fixe pour chaque Charter<\/td>\n<td>Prix fixe, mais soumis \u00e0 des frais suppl\u00e9mentaires dans certains a\u00e9roports europ\u00e9ens<\/td>\n<td>Prix fixe, mais soumis \u00e0 des frais suppl\u00e9mentaires dans certains a\u00e9roports europ\u00e9ens<\/td>\n<\/tr>\n<tr>\n<td><strong>Tarification<\/strong><\/td>\n<td>Prix tout compris<\/td>\n<td>Tarif horaire \u00e9lev\u00e9 pour les heures de vol\u00a0(pour couvrir les empty legs)<\/td>\n<td>La somme du capital ou \u00a0le montant de location mensuel. les frais de gestion mensuel. Tarif horaire pour les heures de vol<\/td>\n<\/tr>\n<tr>\n<td><strong>Type d&rsquo;avion<\/strong><\/td>\n<td>Choisir un avion qui convient \u00a0\u00e0 chaque individu<\/td>\n<td>limit\u00e9 aux a\u00e9ronefs dont le programme s&rsquo;engagent dans un type\/taille d&rsquo;avion (avec possibilit\u00e9 de changer l&rsquo;objet d&rsquo;ajustement financier)<\/td>\n<td>limit\u00e9 aux a\u00e9ronefs dont le programme s&rsquo;engagent dans un type\/taille d&rsquo;avion (avec possibilit\u00e9 de changer l&rsquo;objet d&rsquo;ajustement financier)<\/td>\n<\/tr>\n<\/tbody>\n<tbody>\n<tr>\n<td><strong>D\u00e9lai Minimum pour la r\u00e9servation<\/strong><\/td>\n<td>Potentiellement disponible dans les 2 heures \u00e0 l&rsquo;avance<\/td>\n<td>Minimum 10hrs \u00e0 l&rsquo;avance. 48 hrs au prix du contrat ou des majorations de 5 \u00e0 10% qui s&rsquo;appliquent \u00e0 l&rsquo;avance pour une courte p\u00e9riode<\/td>\n<td>6 &#8211; 10 heurs en fonction de la part achet\u00e9s<\/td>\n<\/tr>\n<tr>\n<td><strong>Familiarit\u00e9<\/strong><\/td>\n<td>Peut garantir le m\u00eame avion et le m\u00eame \u00e9quipage si disponible<\/td>\n<td>Aucune garantie pour le m\u00eame avion ou le m\u00eame \u00e9quipage<\/td>\n<td>Aucune garantie pour le m\u00eame avion ou le m\u00eame \u00e9quipage<\/td>\n<\/tr>\n<\/tbody>\n<\/table>\n<p>&nbsp;<\/p>\n<p>&nbsp;<\/p>\n<\/div>\n<\/div><\/div><\/p>\n","protected":false},"excerpt":{"rendered":"<p>Multipropri\u00e9t\u00e9 vs affr\u00e8tement\u00a0des jets priv\u00e9s Il \u00a0existe plusieurs types de Multipropri\u00e9t\u00e9 d\u2019avion\u00a0 \u00ab\u00a0temps partag\u00e9\u00a0\u00bb et de bloquer les heures programm\u00e9s \u00a0disponibles, mais en r\u00e9alit\u00e9, il ya peu, d\u2019avantage \u00e0 la Multipropri\u00e9t\u00e9 \u00a0sur l&rsquo;affr\u00e8tement a\u00e9rien priv\u00e9 M\u00eame s&rsquo;il peut sembler que la propri\u00e9t\u00e9, ou m\u00eame la propri\u00e9t\u00e9 partielle d&rsquo;un avion priv\u00e9 offre une commodit\u00e9 in\u00e9gal\u00e9e, la r\u00e9alit\u00e9 est bien diff\u00e9rente. Qu&rsquo;il s&rsquo;agit d&rsquo;une r\u00e9servation de derni\u00e8re minute, la planification d&rsquo;un itin\u00e9raire complexe, ou en s&rsquo;assurant que les besoins sp\u00e9cifiques sont pris en charge, l&rsquo;affr\u00e8tement a\u00e9rien priv\u00e9 peut g\u00e9n\u00e9ralement atteindre ou d\u00e9passer les services offerts par un courtier en multipropri\u00e9t\u00e9. Par exemple, alors que de nombreuses entreprises offrent des fractions, \u00a0une r\u00e9servation de 8 heures \u00e0 d\u00e9coller garantie, Air Charter peut g\u00e9n\u00e9ralement fournir un avion \u00e0 moins de 2,5 heures. Avec plus de 55 000 Avions priv\u00e9s dans notre r\u00e9seau mondial, vous avez un choix in\u00e9gal\u00e9<\/p>\n","protected":false},"author":7,"featured_media":0,"parent":0,"menu_order":0,"comment_status":"closed","ping_status":"closed","template":"","meta":{"footnotes":""},"class_list":["post-25797","page","type-page","status-publish","hentry"],"yoast_head":"<!-- This site is optimized with the Yoast SEO plugin v27.4 - https:\/\/yoast.com\/product\/yoast-seo-wordpress\/ -->\n<title>Aircharter - Fractional Ownership vs. Charter<\/title>\n<meta name=\"description\" content=\"When you book a flight through AirCharter, all you are paying for is the flight. Air Charter advantages vs Fractional Ownership\" \/>\n<meta name=\"robots\" content=\"index, follow, max-snippet:-1, max-image-preview:large, max-video-preview:-1\" \/>\n<link rel=\"canonical\" href=\"https:\/\/www.aircharter.com\/multipropriete\/\" \/>\n<meta property=\"og:locale\" content=\"fr_FR\" \/>\n<meta property=\"og:type\" content=\"article\" \/>\n<meta property=\"og:title\" content=\"Aircharter - Fractional Ownership vs. Charter\" \/>\n<meta property=\"og:description\" content=\"When you book a flight through AirCharter, all you are paying for is the flight. Air Charter advantages vs Fractional Ownership\" \/>\n<meta property=\"og:url\" content=\"https:\/\/www.aircharter.com\/multipropriete\/\" \/>\n<meta property=\"og:site_name\" content=\"Aircharter\" \/>\n<meta property=\"article:modified_time\" content=\"2022-12-11T22:53:19+00:00\" \/>\n<meta property=\"og:image\" content=\"https:\/\/www.aircharter.com\/wp-content\/uploads\/2013\/06\/GS-150.jpg\" \/>\n<meta name=\"twitter:card\" content=\"summary_large_image\" \/>\n<meta name=\"twitter:label1\" content=\"Dur\u00e9e de lecture estim\u00e9e\" \/>\n\t<meta name=\"twitter:data1\" content=\"6 minutes\" \/>\n<script type=\"application\/ld+json\" class=\"yoast-schema-graph\">{\"@context\":\"https:\\\/\\\/schema.org\",\"@graph\":[{\"@type\":\"WebPage\",\"@id\":\"https:\\\/\\\/www.aircharter.com\\\/multipropriete\\\/\",\"url\":\"https:\\\/\\\/www.aircharter.com\\\/multipropriete\\\/\",\"name\":\"Aircharter - Fractional Ownership vs. Charter\",\"isPartOf\":{\"@id\":\"https:\\\/\\\/www.aircharter.com\\\/de\\\/#website\"},\"primaryImageOfPage\":{\"@id\":\"https:\\\/\\\/www.aircharter.com\\\/multipropriete\\\/#primaryimage\"},\"image\":{\"@id\":\"https:\\\/\\\/www.aircharter.com\\\/multipropriete\\\/#primaryimage\"},\"thumbnailUrl\":\"https:\\\/\\\/www.aircharter.com\\\/wp-content\\\/uploads\\\/2013\\\/06\\\/GS-150.jpg\",\"datePublished\":\"2013-12-16T14:29:30+00:00\",\"dateModified\":\"2022-12-11T22:53:19+00:00\",\"description\":\"When you book a flight through AirCharter, all you are paying for is the flight. Air Charter advantages vs Fractional Ownership\",\"breadcrumb\":{\"@id\":\"https:\\\/\\\/www.aircharter.com\\\/multipropriete\\\/#breadcrumb\"},\"inLanguage\":\"fr-FR\",\"potentialAction\":[{\"@type\":\"ReadAction\",\"target\":[\"https:\\\/\\\/www.aircharter.com\\\/multipropriete\\\/\"]}]},{\"@type\":\"ImageObject\",\"inLanguage\":\"fr-FR\",\"@id\":\"https:\\\/\\\/www.aircharter.com\\\/multipropriete\\\/#primaryimage\",\"url\":\"https:\\\/\\\/www.aircharter.com\\\/wp-content\\\/uploads\\\/2013\\\/06\\\/GS-150.jpg\",\"contentUrl\":\"https:\\\/\\\/www.aircharter.com\\\/wp-content\\\/uploads\\\/2013\\\/06\\\/GS-150.jpg\"},{\"@type\":\"BreadcrumbList\",\"@id\":\"https:\\\/\\\/www.aircharter.com\\\/multipropriete\\\/#breadcrumb\",\"itemListElement\":[{\"@type\":\"ListItem\",\"position\":1,\"name\":\"Home\",\"item\":\"https:\\\/\\\/www.aircharter.com\\\/\"},{\"@type\":\"ListItem\",\"position\":2,\"name\":\"Multipropri\u00e9t\u00e9\"}]},{\"@type\":\"WebSite\",\"@id\":\"https:\\\/\\\/www.aircharter.com\\\/de\\\/#website\",\"url\":\"https:\\\/\\\/www.aircharter.com\\\/de\\\/\",\"name\":\"Aircharter\",\"description\":\"Air Charter | Private Jet Charter &amp; Rental | Fly Smarter | Hire a Business Jet\",\"publisher\":{\"@id\":\"https:\\\/\\\/www.aircharter.com\\\/de\\\/#organization\"},\"potentialAction\":[{\"@type\":\"SearchAction\",\"target\":{\"@type\":\"EntryPoint\",\"urlTemplate\":\"https:\\\/\\\/www.aircharter.com\\\/de\\\/?s={search_term_string}\"},\"query-input\":{\"@type\":\"PropertyValueSpecification\",\"valueRequired\":true,\"valueName\":\"search_term_string\"}}],\"inLanguage\":\"fr-FR\"},{\"@type\":\"Organization\",\"@id\":\"https:\\\/\\\/www.aircharter.com\\\/de\\\/#organization\",\"name\":\"Aircharter.com LLC\",\"url\":\"https:\\\/\\\/www.aircharter.com\\\/de\\\/\",\"logo\":{\"@type\":\"ImageObject\",\"inLanguage\":\"fr-FR\",\"@id\":\"https:\\\/\\\/www.aircharter.com\\\/de\\\/#\\\/schema\\\/logo\\\/image\\\/\",\"url\":\"https:\\\/\\\/www.aircharter.com\\\/wp-content\\\/uploads\\\/2022\\\/12\\\/Aircharter_logo_114X1141-11.png\",\"contentUrl\":\"https:\\\/\\\/www.aircharter.com\\\/wp-content\\\/uploads\\\/2022\\\/12\\\/Aircharter_logo_114X1141-11.png\",\"width\":114,\"height\":114,\"caption\":\"Aircharter.com LLC\"},\"image\":{\"@id\":\"https:\\\/\\\/www.aircharter.com\\\/de\\\/#\\\/schema\\\/logo\\\/image\\\/\"}}]}<\/script>\n<!-- \/ Yoast SEO plugin. -->","yoast_head_json":{"title":"Aircharter - Fractional Ownership vs. Charter","description":"When you book a flight through AirCharter, all you are paying for is the flight. Air Charter advantages vs Fractional Ownership","robots":{"index":"index","follow":"follow","max-snippet":"max-snippet:-1","max-image-preview":"max-image-preview:large","max-video-preview":"max-video-preview:-1"},"canonical":"https:\/\/www.aircharter.com\/multipropriete\/","og_locale":"fr_FR","og_type":"article","og_title":"Aircharter - Fractional Ownership vs. Charter","og_description":"When you book a flight through AirCharter, all you are paying for is the flight. Air Charter advantages vs Fractional Ownership","og_url":"https:\/\/www.aircharter.com\/multipropriete\/","og_site_name":"Aircharter","article_modified_time":"2022-12-11T22:53:19+00:00","og_image":[{"url":"https:\/\/www.aircharter.com\/wp-content\/uploads\/2013\/06\/GS-150.jpg","type":"","width":"","height":""}],"twitter_card":"summary_large_image","twitter_misc":{"Dur\u00e9e de lecture estim\u00e9e":"6 minutes"},"schema":{"@context":"https:\/\/schema.org","@graph":[{"@type":"WebPage","@id":"https:\/\/www.aircharter.com\/multipropriete\/","url":"https:\/\/www.aircharter.com\/multipropriete\/","name":"Aircharter - Fractional Ownership vs. Charter","isPartOf":{"@id":"https:\/\/www.aircharter.com\/de\/#website"},"primaryImageOfPage":{"@id":"https:\/\/www.aircharter.com\/multipropriete\/#primaryimage"},"image":{"@id":"https:\/\/www.aircharter.com\/multipropriete\/#primaryimage"},"thumbnailUrl":"https:\/\/www.aircharter.com\/wp-content\/uploads\/2013\/06\/GS-150.jpg","datePublished":"2013-12-16T14:29:30+00:00","dateModified":"2022-12-11T22:53:19+00:00","description":"When you book a flight through AirCharter, all you are paying for is the flight. Air Charter advantages vs Fractional Ownership","breadcrumb":{"@id":"https:\/\/www.aircharter.com\/multipropriete\/#breadcrumb"},"inLanguage":"fr-FR","potentialAction":[{"@type":"ReadAction","target":["https:\/\/www.aircharter.com\/multipropriete\/"]}]},{"@type":"ImageObject","inLanguage":"fr-FR","@id":"https:\/\/www.aircharter.com\/multipropriete\/#primaryimage","url":"https:\/\/www.aircharter.com\/wp-content\/uploads\/2013\/06\/GS-150.jpg","contentUrl":"https:\/\/www.aircharter.com\/wp-content\/uploads\/2013\/06\/GS-150.jpg"},{"@type":"BreadcrumbList","@id":"https:\/\/www.aircharter.com\/multipropriete\/#breadcrumb","itemListElement":[{"@type":"ListItem","position":1,"name":"Home","item":"https:\/\/www.aircharter.com\/"},{"@type":"ListItem","position":2,"name":"Multipropri\u00e9t\u00e9"}]},{"@type":"WebSite","@id":"https:\/\/www.aircharter.com\/de\/#website","url":"https:\/\/www.aircharter.com\/de\/","name":"Aircharter","description":"Air Charter | Private Jet Charter &amp; Rental | Fly Smarter | Hire a Business Jet","publisher":{"@id":"https:\/\/www.aircharter.com\/de\/#organization"},"potentialAction":[{"@type":"SearchAction","target":{"@type":"EntryPoint","urlTemplate":"https:\/\/www.aircharter.com\/de\/?s={search_term_string}"},"query-input":{"@type":"PropertyValueSpecification","valueRequired":true,"valueName":"search_term_string"}}],"inLanguage":"fr-FR"},{"@type":"Organization","@id":"https:\/\/www.aircharter.com\/de\/#organization","name":"Aircharter.com LLC","url":"https:\/\/www.aircharter.com\/de\/","logo":{"@type":"ImageObject","inLanguage":"fr-FR","@id":"https:\/\/www.aircharter.com\/de\/#\/schema\/logo\/image\/","url":"https:\/\/www.aircharter.com\/wp-content\/uploads\/2022\/12\/Aircharter_logo_114X1141-11.png","contentUrl":"https:\/\/www.aircharter.com\/wp-content\/uploads\/2022\/12\/Aircharter_logo_114X1141-11.png","width":114,"height":114,"caption":"Aircharter.com LLC"},"image":{"@id":"https:\/\/www.aircharter.com\/de\/#\/schema\/logo\/image\/"}}]}},"_links":{"self":[{"href":"https:\/\/www.aircharter.com\/fr\/wp-json\/wp\/v2\/pages\/25797","targetHints":{"allow":["GET"]}}],"collection":[{"href":"https:\/\/www.aircharter.com\/fr\/wp-json\/wp\/v2\/pages"}],"about":[{"href":"https:\/\/www.aircharter.com\/fr\/wp-json\/wp\/v2\/types\/page"}],"author":[{"embeddable":true,"href":"https:\/\/www.aircharter.com\/fr\/wp-json\/wp\/v2\/users\/7"}],"replies":[{"embeddable":true,"href":"https:\/\/www.aircharter.com\/fr\/wp-json\/wp\/v2\/comments?post=25797"}],"version-history":[{"count":15,"href":"https:\/\/www.aircharter.com\/fr\/wp-json\/wp\/v2\/pages\/25797\/revisions"}],"predecessor-version":[{"id":37351,"href":"https:\/\/www.aircharter.com\/fr\/wp-json\/wp\/v2\/pages\/25797\/revisions\/37351"}],"wp:attachment":[{"href":"https:\/\/www.aircharter.com\/fr\/wp-json\/wp\/v2\/media?parent=25797"}],"curies":[{"name":"wp","href":"https:\/\/api.w.org\/{rel}","templated":true}]}}