{"id":25817,"date":"2014-03-10T11:25:42","date_gmt":"2014-03-10T15:25:42","guid":{"rendered":"https:\/\/www.aircharter.com\/?page_id=25817"},"modified":"2018-02-01T05:10:19","modified_gmt":"2018-02-01T10:10:19","slug":"avions","status":"publish","type":"page","link":"https:\/\/www.aircharter.com\/fr\/avions\/","title":{"rendered":"GUIDE AVIONS"},"content":{"rendered":"<section class=\"rich-text\">\n<div class=\"container\">\n<div class=\"padded-content\">\n<h1>GUIDE\u00a0AVIONS<\/h1>\n<\/div>\n<\/div>\n<\/section>\n<section class=\"aircraft-categories\">\n<div class=\"wrapper container\">\n<p><b>TOUS TYPES D\u2019AVIONS CHARTER, TOUTES TAILLES, TOUS FORMATS. TOUS SUR MESURE SELON VOS BESOINS.<\/b><\/p>\n<p>Air Charter poss\u00e8de un syst\u00e8me de r\u00e9f\u00e9rencement instantan\u00e9 des disponibilit\u00e9s avions charter dans le monde entier. De plus, notre r\u00e9seau international de bureaux et d\u2019experts nous permet d\u2019obtenir des conditions n\u00e9goci\u00e9es sur tout type d\u2019avion tel que : avion charter commercial, affr\u00e8tement jet priv\u00e9 et avion cargo charter. Nous avons \u00e9galement acc\u00e8s \u00e0 tous les a\u00e9roports dans le monde et nous suivons les informations sur le march\u00e9 a\u00e9rien instantan\u00e9ment.<\/p>\n<p>Prenez un moment pour d\u00e9couvrir quelques uns des avions \u00e0 votre disposition et pr\u00eat \u00e0 d\u00e9coller.<\/p>\n<\/div>\n<\/section>\n\r\n         <link rel=\"stylesheet\" href=\"https:\/\/maxcdn.bootstrapcdn.com\/bootstrap\/3.3.1\/css\/bootstrap.min.css\">\r\n        <link type=\"text\/css\" rel=\"stylesheet\" media=\"screen\" href=\"https:\/\/www.aircharter.com\/wp-content\/plugins\/aircraft-guide\/css\/style.css\" \/>\r\n        <link type=\"text\/css\" rel=\"stylesheet\" media=\"screen\" href=\"https:\/\/www.aircharter.com\/wp-content\/plugins\/aircraft-guide\/plugins\/jQuery.wowSlider\/style.css\" \/>\r\n        <script>plugins_url = \"https:\/\/www.aircharter.com\/wp-content\/plugins\"<\/script>\r\n        <script type=\"text\/javascript\" src=\"https:\/\/www.aircharter.com\/wp-content\/plugins\/aircraft-guide\/js\/utils.js\"><\/script>\r\n        <script type=\"text\/javascript\" src=\"https:\/\/www.aircharter.com\/wp-content\/plugins\/aircraft-guide\/js\/main.js\"><\/script>\r\n        <script type=\"text\/javascript\" src=\"https:\/\/www.aircharter.com\/wp-content\/plugins\/aircraft-guide\/js\/BootStrap.js\"><\/script>\r\n        <script type=\"text\/javascript\" src=\"https:\/\/www.aircharter.com\/wp-content\/plugins\/aircraft-guide\/js\/functions.js\"><\/script>\r\n         <script type=\"text\/javascript\" src=\"https:\/\/www.aircharter.com\/wp-content\/plugins\/Booking_Engine\/plugins\/bootstrap\/bootstrap3-typeahead.min.js\"><\/script>\r\n        <!-- ---------------------------------- DataTable ------------------------------------------------ -->\r\n        <script type=\"text\/javascript\" src=\"https:\/\/www.aircharter.com\/wp-content\/plugins\/aircraft-guide\/plugins\/jQuery.wowSlider\/wowslider.js\"><\/script>\r\n    <div id=\"aircraft_guide\"><div id=\"ag_aircarft\"><table class=\"steeps\">\r\n                        <tbody>\r\n                            <tr>\r\n                                <td colspan=\"3\" class=\"label_steeps\" style=\"padding-right: 70px; color: #53C0F8;text-align: center;\" data-event=\"ag_utils.showPrevStep\" data-param=\"0\"><span>CATEGORIES<\/span><\/td>\r\n                                <td colspan=\"3\" class=\"label_steeps\" style=\"text-align: center;\"><span>AIRCRAFT<\/span><\/td>\r\n                                <td colspan=\"3\" class=\"label_steeps\" style=\"padding-left: 70px;text-align: center;\"><span>AIRCRAFT DETAIL<\/span><\/td>\r\n                                <td rowspan=\"3\">\r\n                                    <button data-call=\"toggleSearch\" data-action=\"hide\" class=\"button small blue search\"><i class=\"fa fa-eye-slash\"><\/i> Hide search<\/button>\r\n                                <\/td>\r\n                            <\/tr>\r\n                            <tr class=\"icons\">\r\n                                <td width=\"12%\"><\/td>\r\n                                <td  style=\"color : #53C0F8\" data-event=\"ag_utils.showPrevStep\" data-param=\"0\"><i class=\"fa fa-book\"><\/i><\/td>\r\n                                <td colspan=\"2\"><img decoding=\"async\" src=\"https:\/\/www.aircharter.com\/wp-content\/plugins\/aircraft-guide\/img\/Line.png\" class=\"line\"><\/td>\r\n                                <td ><i class=\"fa fa-plane\"><\/i><\/td>\r\n                                <td colspan=\"2\"><img decoding=\"async\" src=\"https:\/\/www.aircharter.com\/wp-content\/plugins\/aircraft-guide\/img\/Line.png\" class=\"line\"><\/td>\r\n                                <td><i class=\"fa fa-filter\"><\/i><\/td>\r\n\r\n                                <td width=\"11%\"><\/td>\r\n                            <\/tr>\r\n                            <tr height=\"20px\"><\/tr>\r\n                        <\/tbody>\r\n                    <\/table><div class=\"search-criteria\" style=\"display: none\">\r\n                        <div class=\"row\">\r\n                            <div class=\"col-md-12\">\r\n                                <div class=\"form-group col-md-3\">\r\n                                    <label for=\"searchType\">Aircraft type<\/label>\r\n                                    <input type=\"text\" class=\"form-control\" id=\"searchType\" placeholder=\"Type a name of aircraft\">\r\n                                <\/div>\r\n                                <div class=\"form-group col-md-3\">\r\n                                    <label for=\"searchCat\">A\/C Category<\/label>\r\n                                    <select class=\"\" id=\"searchCat\">\r\n                                        <option value=\"All\">All<\/option>\r\n                                    <\/select>\r\n                                <\/div>\r\n                                <div class=\"form-group col-md-3\">\r\n                                    <label for=\"searchMan\">Manufacturer<\/label>\r\n                                    <select class=\"\" id=\"searchMan\">\r\n                                        <option value=\"All\">All<\/option>\r\n                                    <\/select>\r\n                                <\/div>\r\n                                <div class=\"form-group col-md-1\">\r\n                                    <label for=\"searchPax\">Pax<\/label>\r\n                                    <input type=\"number\" class=\"form-control\" id=\"searchPax\" placeholder=\"Pax\">\r\n                                <\/div>\r\n                                <div class=\"form-group col-md-2\" style=\"margin: 0;padding-top: 25px;padding-right: 0;\">\r\n                                    <button data-call=\"searchAircrafts\" type=\"button\" class=\"button small blue search\" style=\"float: right;\"><i class=\"fa fa-search\"><\/i> Search<\/button>\r\n                                <\/div>\r\n                            <\/div>\r\n                        <\/div>\r\n                    <\/div><div class=\"loading-text\">Loading Aircraft Data<\/div>\r\n                    <div class=\"load\">\r\n\r\n                    <\/div><div class=\"ag_categories\">\r\n                        <div class=\"cat_liste\">\r\n\r\n                        <\/div>\r\n                    <\/div><div class=\"ag_aircraft_list\" style=\"display : none;\">\r\n\r\n                    <\/div> <div class=\"ag_aircraft_details\" style=\"display: none\">\r\n                         <div class=\"row\">\r\n                            <div class=\"col-md-12\">\r\n                                <div class=\"plane-detail-block\">\r\n                                    <div class=\"plane-info\" >\r\n                                        <div class=\"slider\">\r\n\r\n                                        <\/div>\r\n                                        <div class=\"plane-detail\">\r\n                                            <table>\r\n                                                <tr class=\"impair\">\r\n                                                    <td colspan=\"2\" ><h1 style=\"font-weight: 600;font-size: 20px !important;margin: 0;color : #1c3d81 !important;font-weight: 600;\"class=\"planeName\"><\/h1><\/td>\r\n                                                <\/tr>\r\n                                                <tr class=\"pair\">\r\n                                                    <td><img decoding=\"async\" src=\"https:\/\/www.aircharter.com\/wp-content\/plugins\/aircraft-guide\/img\/price.png\" style=\"margin-right : 20%\"\/> Price per hour<\/td>\r\n                                                    <td><span class=\"price\"><\/span><\/td>\r\n                                                <\/tr>\r\n                                                <tr class=\"impair\">\r\n                                                    <td><img decoding=\"async\" src=\"https:\/\/www.aircharter.com\/wp-content\/plugins\/aircraft-guide\/img\/seats.png\" style=\"margin-right : 20%\"\/> Comfort Pax<\/td>\r\n                                                    <td><span class=\"comfortpax\">1445<\/span><\/td>\r\n                                                <\/tr>\r\n                                                <!---<tr class=\"pair\">\r\n                                                    <td><img decoding=\"async\" src=\"https:\/\/www.aircharter.com\/wp-content\/plugins\/aircraft-guide\/img\/seats.png\" style=\"margin-right : 20%\"\/> Max. passengers<\/td>\r\n                                                    <td><span class=\"maxpax\">9<\/span><\/td>\r\n                                                <\/tr>-->\r\n                                                <tr class=\"pair\">\r\n                                                    <td><img decoding=\"async\" src=\"https:\/\/www.aircharter.com\/wp-content\/plugins\/aircraft-guide\/img\/speed.png\" style=\"margin-right : 20%\"\/> Cruise speed <\/td>\r\n                                                    <td><span class=\"cspeed\">150 Nm<\/span><\/td>\r\n                                                <\/tr>\r\n                                                <tr class=\"impair\">\r\n                                                    <td><img decoding=\"async\" src=\"https:\/\/www.aircharter.com\/wp-content\/plugins\/aircraft-guide\/img\/side.png\" style=\"margin-right : 10%; width : 40px;background-color : #0081FF;\" class=\"alengthimg\"\/> Aircraft Length<\/td>\r\n                                                    <td><span class=\"alength\">90 <\/span><\/td>\r\n                                                <\/tr>\r\n                                                <tr class=\"pair\">\r\n                                                    <td><img decoding=\"async\" src=\"https:\/\/www.aircharter.com\/wp-content\/plugins\/aircraft-guide\/img\/side.png\" style=\"margin-right : 18%; width : 24px;\" class=\"acabinimg\"\/> Cabin width<\/td>\r\n                                                    <td><span class=\"cabinwi\">90 <\/span><\/td>\r\n                                                <\/tr>\r\n                                                <tr class=\"impair\">\r\n                                                    <td><img decoding=\"async\" src=\"https:\/\/www.aircharter.com\/wp-content\/plugins\/aircraft-guide\/img\/side.png\" style=\"margin-right : 18%; width : 24px;\" class=\"acabinimg\"\/> Cabin height<\/td>\r\n                                                    <td><span class=\"cabinhi\" ><\/span><\/td>\r\n                                                <\/tr>\r\n                                                <tr class=\"pair\">\r\n                                                    <td><div class=\"afloorimg\" style=\"width: 45px;height: 11px;background-size: 43px !important;  background-repeat : no-repeat;background-position: 50% 50%;  float: left;margin-right: 11%;margin-top: 4px;\"><\/div> Cabin length<\/td>\r\n                                                    <td><span class=\"cabinli\" ><\/span><\/td>\r\n                                                <\/tr>\r\n                                                <tr class=\"impair\">\r\n                                                    <td><img decoding=\"async\" src=\"https:\/\/www.aircharter.com\/wp-content\/plugins\/aircraft-guide\/img\/toilette.png\" style=\"margin-right : 20%\"\/> Lavatory<\/td>\r\n                                                    <td><span class=\"lavatory\">None<\/span><\/td>\r\n                                                <\/tr>\r\n                                                <tr class=\"pair\">\r\n                                                    <td><img decoding=\"async\" src=\"https:\/\/www.aircharter.com\/wp-content\/plugins\/aircraft-guide\/img\/fuel.png\" style=\"margin-right : 20%\"\/> Range<\/td>\r\n                                                    <td><span class=\"range\">1445<\/span><\/td>\r\n                                                <\/tr>\r\n\r\n                                                <tr class=\"impair\">\r\n                                                    <td><img decoding=\"async\" src=\"https:\/\/www.aircharter.com\/wp-content\/plugins\/aircraft-guide\/img\/altitude.png\" style=\"margin-right : 20%; width: 20px;\"\/> Cruise Altitude<\/td>\r\n                                                    <td><span class=\"cruisealtitude\">1445<\/span><\/td>\r\n                                                <\/tr>\r\n                                                <tr class=\"pair\">\r\n                                                    <td><img decoding=\"async\" src=\"https:\/\/www.aircharter.com\/wp-content\/plugins\/aircraft-guide\/img\/endurance.png\" style=\"margin-right : 20%\"\/> Endurance<\/td>\r\n                                                    <td><span class=\"endurance\">1445<\/span><\/td>\r\n                                                <\/tr>\r\n                                                <tr class=\"impair\">\r\n                                                    <td><img decoding=\"async\" src=\"https:\/\/www.aircharter.com\/wp-content\/plugins\/aircraft-guide\/img\/galley.png\" style=\"margin-right : 20%\"\/> Galley Type<\/td>\r\n                                                    <td><span class=\"galleytype\">1445<\/span><\/td>\r\n                                                <\/tr>\r\n                                                <tr class=\"pair\">\r\n                                                    <td><img decoding=\"async\" src=\"https:\/\/www.aircharter.com\/wp-content\/plugins\/aircraft-guide\/img\/baggage.png\" style=\"margin-right : 20%\"\/> Baggage Capacity<\/td>\r\n                                                    <td><span class=\"baggagec\">250. 22 Ctu<\/span><\/td>\r\n                                                <\/tr>\r\n                                                <tr class=\"impair\">\r\n                                                    <td><img decoding=\"async\" src=\"https:\/\/www.aircharter.com\/wp-content\/plugins\/aircraft-guide\/img\/golf.png\" style=\"margin-right : 20%\"\/> Max Golf<\/td>\r\n                                                    <td><span class=\"maxgolf\">1445<\/span><\/td>\r\n                                                <\/tr>\r\n                                                <tr class=\"pair\">\r\n                                                    <td><img decoding=\"async\" src=\"https:\/\/www.aircharter.com\/wp-content\/plugins\/aircraft-guide\/img\/ski.png\" style=\"margin-right : 20%\"\/> Max Skis<\/td>\r\n                                                    <td><span class=\"maxskis\">1445<\/span><\/td>\r\n                                                <\/tr>\r\n                                                <tr class=\"impair\">\r\n                                                    <td><i class=\"fa fa-road\" style=\"margin-right:20%;color:#0081FF;font-size: 16px;\"><\/i> Min Runway<\/td>\r\n                                                    <td><span class=\"minrunway\">1445<\/span><\/td>\r\n                                                <\/tr>\r\n\r\n                                            <\/table>\r\n                                        <\/div>\r\n                                        <div style=\" display: flex; width: 100%; \">\r\n                                            <button style=\" margin: 10px auto; \" class=\"button small blue plane-button-detail\" data-call=\"bookAircraft\" data-cat=\"\" data-plane=\"\">Book This Aircraft<\/button>\r\n                                        <\/div>\r\n                                        <div class=\"plane-detail-desc\" style=\"margin-top: 20px;\">\r\n                                            <h3>Description<\/h3>\r\n                                            <span class=\"description\"><\/span>\r\n                                        <\/div>\r\n                                    <\/div>\r\n                                <\/div>\r\n                            <\/div>\r\n                        <\/div>\r\n                    <\/div><\/div><\/div>\n","protected":false},"excerpt":{"rendered":"<p>GUIDE\u00a0AVIONS TOUS TYPES D\u2019AVIONS CHARTER, TOUTES TAILLES, TOUS FORMATS. TOUS SUR MESURE SELON VOS BESOINS. Air Charter poss\u00e8de un syst\u00e8me de r\u00e9f\u00e9rencement instantan\u00e9 des disponibilit\u00e9s avions charter dans le monde entier. De plus, notre r\u00e9seau international de bureaux et d\u2019experts nous permet d\u2019obtenir des conditions n\u00e9goci\u00e9es sur tout type d\u2019avion tel que : avion charter commercial, affr\u00e8tement jet priv\u00e9 et avion cargo charter. Nous avons \u00e9galement acc\u00e8s \u00e0 tous les a\u00e9roports dans le monde et nous suivons les informations sur le march\u00e9 a\u00e9rien instantan\u00e9ment. Prenez un moment pour d\u00e9couvrir quelques uns des avions \u00e0 votre disposition et pr\u00eat \u00e0 d\u00e9coller.<\/p>\n","protected":false},"author":11,"featured_media":0,"parent":0,"menu_order":0,"comment_status":"closed","ping_status":"open","template":"","meta":{"footnotes":""},"class_list":["post-25817","page","type-page","status-publish","hentry"],"yoast_head":"<!-- This site is optimized with the Yoast SEO plugin v27.4 - https:\/\/yoast.com\/product\/yoast-seo-wordpress\/ -->\n<title>GUIDE AVIONS - Aircharter<\/title>\n<meta name=\"robots\" content=\"index, follow, max-snippet:-1, max-image-preview:large, max-video-preview:-1\" \/>\n<link rel=\"canonical\" href=\"https:\/\/www.aircharter.com\/avions\/\" \/>\n<meta property=\"og:locale\" content=\"fr_FR\" \/>\n<meta property=\"og:type\" content=\"article\" \/>\n<meta property=\"og:title\" content=\"GUIDE AVIONS - Aircharter\" \/>\n<meta property=\"og:description\" content=\"GUIDE\u00a0AVIONS TOUS TYPES D\u2019AVIONS CHARTER, TOUTES TAILLES, TOUS FORMATS. TOUS SUR MESURE SELON VOS BESOINS. Air Charter poss\u00e8de un syst\u00e8me de r\u00e9f\u00e9rencement instantan\u00e9 des disponibilit\u00e9s avions charter dans le monde entier. De plus, notre r\u00e9seau international de bureaux et d\u2019experts nous permet d\u2019obtenir des conditions n\u00e9goci\u00e9es sur tout type d\u2019avion tel que : avion charter commercial, affr\u00e8tement jet priv\u00e9 et avion cargo charter. Nous avons \u00e9galement acc\u00e8s \u00e0 tous les a\u00e9roports dans le monde et nous suivons les informations sur le march\u00e9 a\u00e9rien instantan\u00e9ment. Prenez un moment pour d\u00e9couvrir quelques uns des avions \u00e0 votre disposition et pr\u00eat \u00e0 d\u00e9coller.\" \/>\n<meta property=\"og:url\" content=\"https:\/\/www.aircharter.com\/avions\/\" \/>\n<meta property=\"og:site_name\" content=\"Aircharter\" \/>\n<meta property=\"article:modified_time\" content=\"2018-02-01T10:10:19+00:00\" \/>\n<meta name=\"twitter:card\" content=\"summary_large_image\" \/>\n<meta name=\"twitter:label1\" content=\"Dur\u00e9e de lecture estim\u00e9e\" \/>\n\t<meta name=\"twitter:data1\" content=\"1 minute\" \/>\n<script type=\"application\/ld+json\" class=\"yoast-schema-graph\">{\"@context\":\"https:\\\/\\\/schema.org\",\"@graph\":[{\"@type\":\"WebPage\",\"@id\":\"https:\\\/\\\/www.aircharter.com\\\/avions\\\/\",\"url\":\"https:\\\/\\\/www.aircharter.com\\\/avions\\\/\",\"name\":\"GUIDE AVIONS - Aircharter\",\"isPartOf\":{\"@id\":\"https:\\\/\\\/www.aircharter.com\\\/de\\\/#website\"},\"datePublished\":\"2014-03-10T15:25:42+00:00\",\"dateModified\":\"2018-02-01T10:10:19+00:00\",\"breadcrumb\":{\"@id\":\"https:\\\/\\\/www.aircharter.com\\\/avions\\\/#breadcrumb\"},\"inLanguage\":\"fr-FR\",\"potentialAction\":[{\"@type\":\"ReadAction\",\"target\":[\"https:\\\/\\\/www.aircharter.com\\\/avions\\\/\"]}]},{\"@type\":\"BreadcrumbList\",\"@id\":\"https:\\\/\\\/www.aircharter.com\\\/avions\\\/#breadcrumb\",\"itemListElement\":[{\"@type\":\"ListItem\",\"position\":1,\"name\":\"Home\",\"item\":\"https:\\\/\\\/www.aircharter.com\\\/\"},{\"@type\":\"ListItem\",\"position\":2,\"name\":\"GUIDE AVIONS\"}]},{\"@type\":\"WebSite\",\"@id\":\"https:\\\/\\\/www.aircharter.com\\\/de\\\/#website\",\"url\":\"https:\\\/\\\/www.aircharter.com\\\/de\\\/\",\"name\":\"Aircharter\",\"description\":\"Air Charter | Private Jet Charter &amp; Rental | Fly Smarter | Hire a Business Jet\",\"publisher\":{\"@id\":\"https:\\\/\\\/www.aircharter.com\\\/de\\\/#organization\"},\"potentialAction\":[{\"@type\":\"SearchAction\",\"target\":{\"@type\":\"EntryPoint\",\"urlTemplate\":\"https:\\\/\\\/www.aircharter.com\\\/de\\\/?s={search_term_string}\"},\"query-input\":{\"@type\":\"PropertyValueSpecification\",\"valueRequired\":true,\"valueName\":\"search_term_string\"}}],\"inLanguage\":\"fr-FR\"},{\"@type\":\"Organization\",\"@id\":\"https:\\\/\\\/www.aircharter.com\\\/de\\\/#organization\",\"name\":\"Aircharter.com LLC\",\"url\":\"https:\\\/\\\/www.aircharter.com\\\/de\\\/\",\"logo\":{\"@type\":\"ImageObject\",\"inLanguage\":\"fr-FR\",\"@id\":\"https:\\\/\\\/www.aircharter.com\\\/de\\\/#\\\/schema\\\/logo\\\/image\\\/\",\"url\":\"https:\\\/\\\/www.aircharter.com\\\/wp-content\\\/uploads\\\/2022\\\/12\\\/Aircharter_logo_114X1141-11.png\",\"contentUrl\":\"https:\\\/\\\/www.aircharter.com\\\/wp-content\\\/uploads\\\/2022\\\/12\\\/Aircharter_logo_114X1141-11.png\",\"width\":114,\"height\":114,\"caption\":\"Aircharter.com LLC\"},\"image\":{\"@id\":\"https:\\\/\\\/www.aircharter.com\\\/de\\\/#\\\/schema\\\/logo\\\/image\\\/\"}}]}<\/script>\n<!-- \/ Yoast SEO plugin. -->","yoast_head_json":{"title":"GUIDE AVIONS - Aircharter","robots":{"index":"index","follow":"follow","max-snippet":"max-snippet:-1","max-image-preview":"max-image-preview:large","max-video-preview":"max-video-preview:-1"},"canonical":"https:\/\/www.aircharter.com\/avions\/","og_locale":"fr_FR","og_type":"article","og_title":"GUIDE AVIONS - Aircharter","og_description":"GUIDE\u00a0AVIONS TOUS TYPES D\u2019AVIONS CHARTER, TOUTES TAILLES, TOUS FORMATS. TOUS SUR MESURE SELON VOS BESOINS. Air Charter poss\u00e8de un syst\u00e8me de r\u00e9f\u00e9rencement instantan\u00e9 des disponibilit\u00e9s avions charter dans le monde entier. De plus, notre r\u00e9seau international de bureaux et d\u2019experts nous permet d\u2019obtenir des conditions n\u00e9goci\u00e9es sur tout type d\u2019avion tel que : avion charter commercial, affr\u00e8tement jet priv\u00e9 et avion cargo charter. Nous avons \u00e9galement acc\u00e8s \u00e0 tous les a\u00e9roports dans le monde et nous suivons les informations sur le march\u00e9 a\u00e9rien instantan\u00e9ment. Prenez un moment pour d\u00e9couvrir quelques uns des avions \u00e0 votre disposition et pr\u00eat \u00e0 d\u00e9coller.","og_url":"https:\/\/www.aircharter.com\/avions\/","og_site_name":"Aircharter","article_modified_time":"2018-02-01T10:10:19+00:00","twitter_card":"summary_large_image","twitter_misc":{"Dur\u00e9e de lecture estim\u00e9e":"1 minute"},"schema":{"@context":"https:\/\/schema.org","@graph":[{"@type":"WebPage","@id":"https:\/\/www.aircharter.com\/avions\/","url":"https:\/\/www.aircharter.com\/avions\/","name":"GUIDE AVIONS - Aircharter","isPartOf":{"@id":"https:\/\/www.aircharter.com\/de\/#website"},"datePublished":"2014-03-10T15:25:42+00:00","dateModified":"2018-02-01T10:10:19+00:00","breadcrumb":{"@id":"https:\/\/www.aircharter.com\/avions\/#breadcrumb"},"inLanguage":"fr-FR","potentialAction":[{"@type":"ReadAction","target":["https:\/\/www.aircharter.com\/avions\/"]}]},{"@type":"BreadcrumbList","@id":"https:\/\/www.aircharter.com\/avions\/#breadcrumb","itemListElement":[{"@type":"ListItem","position":1,"name":"Home","item":"https:\/\/www.aircharter.com\/"},{"@type":"ListItem","position":2,"name":"GUIDE AVIONS"}]},{"@type":"WebSite","@id":"https:\/\/www.aircharter.com\/de\/#website","url":"https:\/\/www.aircharter.com\/de\/","name":"Aircharter","description":"Air Charter | Private Jet Charter &amp; Rental | Fly Smarter | Hire a Business Jet","publisher":{"@id":"https:\/\/www.aircharter.com\/de\/#organization"},"potentialAction":[{"@type":"SearchAction","target":{"@type":"EntryPoint","urlTemplate":"https:\/\/www.aircharter.com\/de\/?s={search_term_string}"},"query-input":{"@type":"PropertyValueSpecification","valueRequired":true,"valueName":"search_term_string"}}],"inLanguage":"fr-FR"},{"@type":"Organization","@id":"https:\/\/www.aircharter.com\/de\/#organization","name":"Aircharter.com LLC","url":"https:\/\/www.aircharter.com\/de\/","logo":{"@type":"ImageObject","inLanguage":"fr-FR","@id":"https:\/\/www.aircharter.com\/de\/#\/schema\/logo\/image\/","url":"https:\/\/www.aircharter.com\/wp-content\/uploads\/2022\/12\/Aircharter_logo_114X1141-11.png","contentUrl":"https:\/\/www.aircharter.com\/wp-content\/uploads\/2022\/12\/Aircharter_logo_114X1141-11.png","width":114,"height":114,"caption":"Aircharter.com LLC"},"image":{"@id":"https:\/\/www.aircharter.com\/de\/#\/schema\/logo\/image\/"}}]}},"_links":{"self":[{"href":"https:\/\/www.aircharter.com\/fr\/wp-json\/wp\/v2\/pages\/25817","targetHints":{"allow":["GET"]}}],"collection":[{"href":"https:\/\/www.aircharter.com\/fr\/wp-json\/wp\/v2\/pages"}],"about":[{"href":"https:\/\/www.aircharter.com\/fr\/wp-json\/wp\/v2\/types\/page"}],"author":[{"embeddable":true,"href":"https:\/\/www.aircharter.com\/fr\/wp-json\/wp\/v2\/users\/11"}],"replies":[{"embeddable":true,"href":"https:\/\/www.aircharter.com\/fr\/wp-json\/wp\/v2\/comments?post=25817"}],"version-history":[{"count":4,"href":"https:\/\/www.aircharter.com\/fr\/wp-json\/wp\/v2\/pages\/25817\/revisions"}],"predecessor-version":[{"id":32038,"href":"https:\/\/www.aircharter.com\/fr\/wp-json\/wp\/v2\/pages\/25817\/revisions\/32038"}],"wp:attachment":[{"href":"https:\/\/www.aircharter.com\/fr\/wp-json\/wp\/v2\/media?parent=25817"}],"curies":[{"name":"wp","href":"https:\/\/api.w.org\/{rel}","templated":true}]}}