{"id":26034,"date":"2014-03-25T17:05:39","date_gmt":"2014-03-25T21:05:39","guid":{"rendered":"https:\/\/www.aircharter.com\/?page_id=26034"},"modified":"2022-12-11T17:52:43","modified_gmt":"2022-12-11T22:52:43","slug":"travel-agents-for-private-charter-jets-2","status":"publish","type":"page","link":"https:\/\/www.aircharter.com\/fr\/travel-agents-for-private-charter-jets-2\/","title":{"rendered":"Les agences de voyage pour les affr\u00e8tements de Jet priv\u00e9"},"content":{"rendered":"<h1 align=\"left\"><strong>Les Agences \u00a0de voyage pour les affr\u00e8tements de <\/strong><\/h1>\n<h1 align=\"left\"><strong>jets \u00a0<\/strong><strong>priv\u00e9<\/strong><\/h1>\n<p>Air Charter entretient des relations avec un grand nombre d\u2019agence \u00a0de voyage haut de gamme \u00a0dans le monde. Nous fournissons l&rsquo;avion de mission appropri\u00e9 le plus disponible pour toute demande, aux agents de voyages pour les turbopropulseurs ex\u00e9cutifs charter \u00a0jets priv\u00e9 King Air 367 \u00a0passagers \u00a0grande cabine de l&rsquo;Airbus ou Boeing, ou n&rsquo;importe quel avion que votre client demande<\/p>\n<p>&nbsp;<\/p>\n<p>Tout comme avec nos clients r\u00e9guliers, nous nous occupons de votre demande dans les meilleurs d\u00e9lais avec une s\u00e9lection d&rsquo;options d&rsquo;avions de qualit\u00e9 sup\u00e9rieure \u00e0 des prix comp\u00e9titifs. Nous pouvons \u00e9galement vous envoyez un devis pour un aller-retour \u00a0disponible n&rsquo;importe o\u00f9 \u00a0\u00e0 l&rsquo;\u00e9chelle nationale et dans le monde, et \u00a0des avions en aller simple si c\u2019est disponible. Comme les agences \u00a0de voyages pour les affr\u00e8tements de Jets priv\u00e9 vous vous sentirez \u00a0confiant de travailler \u00a0avec une entreprise d&rsquo;affr\u00e8tement de jet Priv\u00e9 de bonne r\u00e9putation. Nous nous assurons m\u00eame \u00a0que vous recevez le meilleur prix disponible dans l&rsquo;ensemble du march\u00e9, avec notre<a href=\"https:\/\/www.aircharter.com\/index.php\/private-jet-charter-2\/private-jet-charter\/\"> garantie du meilleur prix<\/a><\/p>\n<p>Contactez-nous et demandez des devis avec \u00a0commission pour<a href=\"https:\/\/www.aircharter.com\/index.php\/private-jet-charter-2\/private-jet-charter\/\"> les avions d\u2019affr\u00e8tement priv\u00e9<\/a>. Nous fournissons des r\u00e9ponses rapides, des devis comp\u00e9titifs \u00e0 travers des \u00e9crits d\u00e9taill\u00e9s \u00e0 nos agences de voyages pour les affr\u00e8tements de jet priv\u00e9 et des a\u00e9ronefs, et nous nous occupons \u00a0des taxes et de toute la logistique. Nous vous fournissons une confirmation \/ itin\u00e9raire d\u00e9taill\u00e9, et nous organisons la restauration et le transport terrestre, en plus du suivi du vol pendant le voyage.<\/p>\n<p>Votre contact d\u2019affr\u00e8tement \u00a0est disponible 24\/7<\/p>\n<p>Nous pouvons \u00e9galement vous aidez\u00a0 \u00e0 trouver un co\u00fbt pr\u00e9cis ou approximatif , ou de \u00a0l&rsquo;information \u00a0logistique\/ faisabilit\u00e9 pour un affr\u00e8tement \u00a0priv\u00e9 potentiel. Regardez notre s\u00e9lection d&rsquo;a\u00e9ronef pour le choix d\u2019une \u00a0large gamme pour vos clients<\/p>\n<p>Agences de voyage &#8211; nous pouvons vous faire \u00e9conomiser du temps et de l&rsquo;\u00e9nergie tout en vous offrant nos agences de voyages pour les affr\u00e8tements\u00a0 Jets priv\u00e9 avec la meilleure valeur dans les affr\u00e8tements jets priv\u00e9s \u00a0\u00a0pour vous\u00a0 aidez \u00e0 organiser \u00a0les voyages de vos clients, tout en vous offrant \u00a0des r\u00e9ductions. En utilisant nos services de vols nolis\u00e9s, vous pouvez planifier des voyages pour vos clients en toute \u00a0facilit\u00e9 en parlant avec l&rsquo; un de nos professionnels de voyage exp\u00e9riment\u00e9s.<\/p>\n<p>En collaborant avec eux, nous vous proposons nos agences de voyages pour \u00a0les affr\u00e8tements de\u00a0 Jets priv\u00e9 l\u2019un des packages de voyage exclusifs \u00a0le plus luxueux. \u00a0Aucune autre compagnie ne peut offrir \u00a0le m\u00eame niveau de service pour les agences de voyages pour les jets priv\u00e9s.<\/p>\n<p>Quel que soit les services de \u00a0l\u2019agence de voyage priv\u00e9 dont vous aurez besoin, nous sommes l\u00e0 pour vous repr\u00e9sentez ou repr\u00e9senter votre entreprise<\/p>\n<p>Communiquez-nous vos besoins, nous \u00a0sommes engag\u00e9s \u00e0\u00a0vous offrir un service complet, en plus de \u00a0la s\u00e9curit\u00e9, \u00a0le luxe, le confort au meilleur prix possible, avec un d\u00e9lai de 4 heures de pr\u00e9avis, l&rsquo;acc\u00e8s est partout dans le monde pour un service de jet priv\u00e9, dont vous aurez besoin<\/p>\n<p>Veuillez nous contacter au <b>\u00a0<\/b>+33 4 88 36 10 00<\/p>\n","protected":false},"excerpt":{"rendered":"<p>Les Agences \u00a0de voyage pour les affr\u00e8tements de jets \u00a0priv\u00e9 Air Charter entretient des relations avec un grand nombre d\u2019agence \u00a0de voyage haut de gamme \u00a0dans le monde. Nous fournissons l&rsquo;avion de mission appropri\u00e9 le plus disponible pour toute demande, aux agents de voyages pour les turbopropulseurs ex\u00e9cutifs charter \u00a0jets priv\u00e9 King Air 367 \u00a0passagers \u00a0grande cabine de l&rsquo;Airbus ou Boeing, ou n&rsquo;importe quel avion que votre client demande &nbsp; Tout comme avec nos clients r\u00e9guliers, nous nous occupons de votre demande dans les meilleurs d\u00e9lais avec une s\u00e9lection d&rsquo;options d&rsquo;avions de qualit\u00e9 sup\u00e9rieure \u00e0 des prix comp\u00e9titifs. Nous pouvons \u00e9galement vous envoyez un devis pour un aller-retour \u00a0disponible n&rsquo;importe o\u00f9 \u00a0\u00e0 l&rsquo;\u00e9chelle nationale et dans le monde, et \u00a0des avions en aller simple si c\u2019est disponible. Comme les agences \u00a0de voyages pour les affr\u00e8tements de Jets priv\u00e9 vous vous sentirez \u00a0confiant de travailler \u00a0avec une entreprise d&rsquo;affr\u00e8tement de jet Priv\u00e9 de bonne r\u00e9putation. Nous nous assurons m\u00eame \u00a0que vous recevez le meilleur prix disponible dans l&rsquo;ensemble du march\u00e9, avec notre garantie du meilleur prix Contactez-nous et demandez des devis avec \u00a0commission pour les avions d\u2019affr\u00e8tement priv\u00e9. Nous fournissons des r\u00e9ponses rapides, des devis comp\u00e9titifs \u00e0 travers des \u00e9crits d\u00e9taill\u00e9s \u00e0 nos agences de voyages pour les affr\u00e8tements de jet priv\u00e9 et des a\u00e9ronefs, et nous nous occupons \u00a0des taxes et de toute la logistique. Nous vous fournissons une confirmation \/ itin\u00e9raire d\u00e9taill\u00e9, et nous organisons la restauration et le transport terrestre, en plus du suivi du vol pendant le voyage. Votre contact d\u2019affr\u00e8tement \u00a0est disponible 24\/7 Nous pouvons \u00e9galement vous aidez\u00a0 \u00e0 trouver un co\u00fbt pr\u00e9cis ou approximatif , ou de \u00a0l&rsquo;information \u00a0logistique\/ faisabilit\u00e9 pour un affr\u00e8tement \u00a0priv\u00e9 potentiel. Regardez notre s\u00e9lection d&rsquo;a\u00e9ronef pour<\/p>\n","protected":false},"author":14,"featured_media":0,"parent":0,"menu_order":0,"comment_status":"closed","ping_status":"closed","template":"","meta":{"footnotes":""},"class_list":["post-26034","page","type-page","status-publish","hentry"],"yoast_head":"<!-- This site is optimized with the Yoast SEO plugin v27.4 - https:\/\/yoast.com\/product\/yoast-seo-wordpress\/ -->\n<title>Les agences de voyage pour les affr\u00e8tements de Jet priv\u00e9 - Aircharter<\/title>\n<meta name=\"robots\" content=\"index, follow, max-snippet:-1, max-image-preview:large, max-video-preview:-1\" \/>\n<link rel=\"canonical\" href=\"https:\/\/www.aircharter.com\/travel-agents-for-private-charter-jets-2\/\" \/>\n<meta property=\"og:locale\" content=\"fr_FR\" \/>\n<meta property=\"og:type\" content=\"article\" \/>\n<meta property=\"og:title\" content=\"Les agences de voyage pour les affr\u00e8tements de Jet priv\u00e9 - Aircharter\" \/>\n<meta property=\"og:description\" content=\"Les Agences \u00a0de voyage pour les affr\u00e8tements de jets \u00a0priv\u00e9 Air Charter entretient des relations avec un grand nombre d\u2019agence \u00a0de voyage haut de gamme \u00a0dans le monde. Nous fournissons l&rsquo;avion de mission appropri\u00e9 le plus disponible pour toute demande, aux agents de voyages pour les turbopropulseurs ex\u00e9cutifs charter \u00a0jets priv\u00e9 King Air 367 \u00a0passagers \u00a0grande cabine de l&rsquo;Airbus ou Boeing, ou n&rsquo;importe quel avion que votre client demande &nbsp; Tout comme avec nos clients r\u00e9guliers, nous nous occupons de votre demande dans les meilleurs d\u00e9lais avec une s\u00e9lection d&rsquo;options d&rsquo;avions de qualit\u00e9 sup\u00e9rieure \u00e0 des prix comp\u00e9titifs. Nous pouvons \u00e9galement vous envoyez un devis pour un aller-retour \u00a0disponible n&rsquo;importe o\u00f9 \u00a0\u00e0 l&rsquo;\u00e9chelle nationale et dans le monde, et \u00a0des avions en aller simple si c\u2019est disponible. Comme les agences \u00a0de voyages pour les affr\u00e8tements de Jets priv\u00e9 vous vous sentirez \u00a0confiant de travailler \u00a0avec une entreprise d&rsquo;affr\u00e8tement de jet Priv\u00e9 de bonne r\u00e9putation. Nous nous assurons m\u00eame \u00a0que vous recevez le meilleur prix disponible dans l&rsquo;ensemble du march\u00e9, avec notre garantie du meilleur prix Contactez-nous et demandez des devis avec \u00a0commission pour les avions d\u2019affr\u00e8tement priv\u00e9. Nous fournissons des r\u00e9ponses rapides, des devis comp\u00e9titifs \u00e0 travers des \u00e9crits d\u00e9taill\u00e9s \u00e0 nos agences de voyages pour les affr\u00e8tements de jet priv\u00e9 et des a\u00e9ronefs, et nous nous occupons \u00a0des taxes et de toute la logistique. Nous vous fournissons une confirmation \/ itin\u00e9raire d\u00e9taill\u00e9, et nous organisons la restauration et le transport terrestre, en plus du suivi du vol pendant le voyage. Votre contact d\u2019affr\u00e8tement \u00a0est disponible 24\/7 Nous pouvons \u00e9galement vous aidez\u00a0 \u00e0 trouver un co\u00fbt pr\u00e9cis ou approximatif , ou de \u00a0l&rsquo;information \u00a0logistique\/ faisabilit\u00e9 pour un affr\u00e8tement \u00a0priv\u00e9 potentiel. Regardez notre s\u00e9lection d&rsquo;a\u00e9ronef pour\" \/>\n<meta property=\"og:url\" content=\"https:\/\/www.aircharter.com\/travel-agents-for-private-charter-jets-2\/\" \/>\n<meta property=\"og:site_name\" content=\"Aircharter\" \/>\n<meta property=\"article:modified_time\" content=\"2022-12-11T22:52:43+00:00\" \/>\n<meta name=\"twitter:card\" content=\"summary_large_image\" \/>\n<meta name=\"twitter:label1\" content=\"Dur\u00e9e de lecture estim\u00e9e\" \/>\n\t<meta name=\"twitter:data1\" content=\"3 minutes\" \/>\n<script type=\"application\/ld+json\" class=\"yoast-schema-graph\">{\"@context\":\"https:\\\/\\\/schema.org\",\"@graph\":[{\"@type\":\"WebPage\",\"@id\":\"https:\\\/\\\/www.aircharter.com\\\/travel-agents-for-private-charter-jets-2\\\/\",\"url\":\"https:\\\/\\\/www.aircharter.com\\\/travel-agents-for-private-charter-jets-2\\\/\",\"name\":\"Les agences de voyage pour les affr\u00e8tements de Jet priv\u00e9 - Aircharter\",\"isPartOf\":{\"@id\":\"https:\\\/\\\/www.aircharter.com\\\/de\\\/#website\"},\"datePublished\":\"2014-03-25T21:05:39+00:00\",\"dateModified\":\"2022-12-11T22:52:43+00:00\",\"breadcrumb\":{\"@id\":\"https:\\\/\\\/www.aircharter.com\\\/travel-agents-for-private-charter-jets-2\\\/#breadcrumb\"},\"inLanguage\":\"fr-FR\",\"potentialAction\":[{\"@type\":\"ReadAction\",\"target\":[\"https:\\\/\\\/www.aircharter.com\\\/travel-agents-for-private-charter-jets-2\\\/\"]}]},{\"@type\":\"BreadcrumbList\",\"@id\":\"https:\\\/\\\/www.aircharter.com\\\/travel-agents-for-private-charter-jets-2\\\/#breadcrumb\",\"itemListElement\":[{\"@type\":\"ListItem\",\"position\":1,\"name\":\"Home\",\"item\":\"https:\\\/\\\/www.aircharter.com\\\/\"},{\"@type\":\"ListItem\",\"position\":2,\"name\":\"Les agences de voyage pour les affr\u00e8tements de Jet priv\u00e9\"}]},{\"@type\":\"WebSite\",\"@id\":\"https:\\\/\\\/www.aircharter.com\\\/de\\\/#website\",\"url\":\"https:\\\/\\\/www.aircharter.com\\\/de\\\/\",\"name\":\"Aircharter\",\"description\":\"Air Charter | Private Jet Charter &amp; Rental | Fly Smarter | Hire a Business Jet\",\"publisher\":{\"@id\":\"https:\\\/\\\/www.aircharter.com\\\/de\\\/#organization\"},\"potentialAction\":[{\"@type\":\"SearchAction\",\"target\":{\"@type\":\"EntryPoint\",\"urlTemplate\":\"https:\\\/\\\/www.aircharter.com\\\/de\\\/?s={search_term_string}\"},\"query-input\":{\"@type\":\"PropertyValueSpecification\",\"valueRequired\":true,\"valueName\":\"search_term_string\"}}],\"inLanguage\":\"fr-FR\"},{\"@type\":\"Organization\",\"@id\":\"https:\\\/\\\/www.aircharter.com\\\/de\\\/#organization\",\"name\":\"Aircharter.com LLC\",\"url\":\"https:\\\/\\\/www.aircharter.com\\\/de\\\/\",\"logo\":{\"@type\":\"ImageObject\",\"inLanguage\":\"fr-FR\",\"@id\":\"https:\\\/\\\/www.aircharter.com\\\/de\\\/#\\\/schema\\\/logo\\\/image\\\/\",\"url\":\"https:\\\/\\\/www.aircharter.com\\\/wp-content\\\/uploads\\\/2022\\\/12\\\/Aircharter_logo_114X1141-11.png\",\"contentUrl\":\"https:\\\/\\\/www.aircharter.com\\\/wp-content\\\/uploads\\\/2022\\\/12\\\/Aircharter_logo_114X1141-11.png\",\"width\":114,\"height\":114,\"caption\":\"Aircharter.com LLC\"},\"image\":{\"@id\":\"https:\\\/\\\/www.aircharter.com\\\/de\\\/#\\\/schema\\\/logo\\\/image\\\/\"}}]}<\/script>\n<!-- \/ Yoast SEO plugin. -->","yoast_head_json":{"title":"Les agences de voyage pour les affr\u00e8tements de Jet priv\u00e9 - Aircharter","robots":{"index":"index","follow":"follow","max-snippet":"max-snippet:-1","max-image-preview":"max-image-preview:large","max-video-preview":"max-video-preview:-1"},"canonical":"https:\/\/www.aircharter.com\/travel-agents-for-private-charter-jets-2\/","og_locale":"fr_FR","og_type":"article","og_title":"Les agences de voyage pour les affr\u00e8tements de Jet priv\u00e9 - Aircharter","og_description":"Les Agences \u00a0de voyage pour les affr\u00e8tements de jets \u00a0priv\u00e9 Air Charter entretient des relations avec un grand nombre d\u2019agence \u00a0de voyage haut de gamme \u00a0dans le monde. Nous fournissons l&rsquo;avion de mission appropri\u00e9 le plus disponible pour toute demande, aux agents de voyages pour les turbopropulseurs ex\u00e9cutifs charter \u00a0jets priv\u00e9 King Air 367 \u00a0passagers \u00a0grande cabine de l&rsquo;Airbus ou Boeing, ou n&rsquo;importe quel avion que votre client demande &nbsp; Tout comme avec nos clients r\u00e9guliers, nous nous occupons de votre demande dans les meilleurs d\u00e9lais avec une s\u00e9lection d&rsquo;options d&rsquo;avions de qualit\u00e9 sup\u00e9rieure \u00e0 des prix comp\u00e9titifs. Nous pouvons \u00e9galement vous envoyez un devis pour un aller-retour \u00a0disponible n&rsquo;importe o\u00f9 \u00a0\u00e0 l&rsquo;\u00e9chelle nationale et dans le monde, et \u00a0des avions en aller simple si c\u2019est disponible. Comme les agences \u00a0de voyages pour les affr\u00e8tements de Jets priv\u00e9 vous vous sentirez \u00a0confiant de travailler \u00a0avec une entreprise d&rsquo;affr\u00e8tement de jet Priv\u00e9 de bonne r\u00e9putation. Nous nous assurons m\u00eame \u00a0que vous recevez le meilleur prix disponible dans l&rsquo;ensemble du march\u00e9, avec notre garantie du meilleur prix Contactez-nous et demandez des devis avec \u00a0commission pour les avions d\u2019affr\u00e8tement priv\u00e9. Nous fournissons des r\u00e9ponses rapides, des devis comp\u00e9titifs \u00e0 travers des \u00e9crits d\u00e9taill\u00e9s \u00e0 nos agences de voyages pour les affr\u00e8tements de jet priv\u00e9 et des a\u00e9ronefs, et nous nous occupons \u00a0des taxes et de toute la logistique. Nous vous fournissons une confirmation \/ itin\u00e9raire d\u00e9taill\u00e9, et nous organisons la restauration et le transport terrestre, en plus du suivi du vol pendant le voyage. Votre contact d\u2019affr\u00e8tement \u00a0est disponible 24\/7 Nous pouvons \u00e9galement vous aidez\u00a0 \u00e0 trouver un co\u00fbt pr\u00e9cis ou approximatif , ou de \u00a0l&rsquo;information \u00a0logistique\/ faisabilit\u00e9 pour un affr\u00e8tement \u00a0priv\u00e9 potentiel. Regardez notre s\u00e9lection d&rsquo;a\u00e9ronef pour","og_url":"https:\/\/www.aircharter.com\/travel-agents-for-private-charter-jets-2\/","og_site_name":"Aircharter","article_modified_time":"2022-12-11T22:52:43+00:00","twitter_card":"summary_large_image","twitter_misc":{"Dur\u00e9e de lecture estim\u00e9e":"3 minutes"},"schema":{"@context":"https:\/\/schema.org","@graph":[{"@type":"WebPage","@id":"https:\/\/www.aircharter.com\/travel-agents-for-private-charter-jets-2\/","url":"https:\/\/www.aircharter.com\/travel-agents-for-private-charter-jets-2\/","name":"Les agences de voyage pour les affr\u00e8tements de Jet priv\u00e9 - Aircharter","isPartOf":{"@id":"https:\/\/www.aircharter.com\/de\/#website"},"datePublished":"2014-03-25T21:05:39+00:00","dateModified":"2022-12-11T22:52:43+00:00","breadcrumb":{"@id":"https:\/\/www.aircharter.com\/travel-agents-for-private-charter-jets-2\/#breadcrumb"},"inLanguage":"fr-FR","potentialAction":[{"@type":"ReadAction","target":["https:\/\/www.aircharter.com\/travel-agents-for-private-charter-jets-2\/"]}]},{"@type":"BreadcrumbList","@id":"https:\/\/www.aircharter.com\/travel-agents-for-private-charter-jets-2\/#breadcrumb","itemListElement":[{"@type":"ListItem","position":1,"name":"Home","item":"https:\/\/www.aircharter.com\/"},{"@type":"ListItem","position":2,"name":"Les agences de voyage pour les affr\u00e8tements de Jet priv\u00e9"}]},{"@type":"WebSite","@id":"https:\/\/www.aircharter.com\/de\/#website","url":"https:\/\/www.aircharter.com\/de\/","name":"Aircharter","description":"Air Charter | Private Jet Charter &amp; Rental | Fly Smarter | Hire a Business Jet","publisher":{"@id":"https:\/\/www.aircharter.com\/de\/#organization"},"potentialAction":[{"@type":"SearchAction","target":{"@type":"EntryPoint","urlTemplate":"https:\/\/www.aircharter.com\/de\/?s={search_term_string}"},"query-input":{"@type":"PropertyValueSpecification","valueRequired":true,"valueName":"search_term_string"}}],"inLanguage":"fr-FR"},{"@type":"Organization","@id":"https:\/\/www.aircharter.com\/de\/#organization","name":"Aircharter.com LLC","url":"https:\/\/www.aircharter.com\/de\/","logo":{"@type":"ImageObject","inLanguage":"fr-FR","@id":"https:\/\/www.aircharter.com\/de\/#\/schema\/logo\/image\/","url":"https:\/\/www.aircharter.com\/wp-content\/uploads\/2022\/12\/Aircharter_logo_114X1141-11.png","contentUrl":"https:\/\/www.aircharter.com\/wp-content\/uploads\/2022\/12\/Aircharter_logo_114X1141-11.png","width":114,"height":114,"caption":"Aircharter.com LLC"},"image":{"@id":"https:\/\/www.aircharter.com\/de\/#\/schema\/logo\/image\/"}}]}},"_links":{"self":[{"href":"https:\/\/www.aircharter.com\/fr\/wp-json\/wp\/v2\/pages\/26034","targetHints":{"allow":["GET"]}}],"collection":[{"href":"https:\/\/www.aircharter.com\/fr\/wp-json\/wp\/v2\/pages"}],"about":[{"href":"https:\/\/www.aircharter.com\/fr\/wp-json\/wp\/v2\/types\/page"}],"author":[{"embeddable":true,"href":"https:\/\/www.aircharter.com\/fr\/wp-json\/wp\/v2\/users\/14"}],"replies":[{"embeddable":true,"href":"https:\/\/www.aircharter.com\/fr\/wp-json\/wp\/v2\/comments?post=26034"}],"version-history":[{"count":5,"href":"https:\/\/www.aircharter.com\/fr\/wp-json\/wp\/v2\/pages\/26034\/revisions"}],"predecessor-version":[{"id":26104,"href":"https:\/\/www.aircharter.com\/fr\/wp-json\/wp\/v2\/pages\/26034\/revisions\/26104"}],"wp:attachment":[{"href":"https:\/\/www.aircharter.com\/fr\/wp-json\/wp\/v2\/media?parent=26034"}],"curies":[{"name":"wp","href":"https:\/\/api.w.org\/{rel}","templated":true}]}}