{"id":26056,"date":"2014-03-29T10:21:27","date_gmt":"2014-03-29T14:21:27","guid":{"rendered":"https:\/\/www.aircharter.com\/?page_id=26056"},"modified":"2022-12-11T17:52:42","modified_gmt":"2022-12-11T22:52:42","slug":"location-de-jet-prive","status":"publish","type":"page","link":"https:\/\/www.aircharter.com\/fr\/location-de-jet-prive\/","title":{"rendered":"Location de \u200b\u200b Jet priv\u00e9"},"content":{"rendered":"<h1>Location de Jet priv\u00e9<\/h1>\n<p>Vous cherchez un \u00a0jet de \u00a0location priv\u00e9 ? Nos \u00e9quipes professionnelles d\u2019Aircharter \u00a0vous aideront \u00a0\u00e0 trouver le bon avion au meilleur prix possible. La location d&rsquo;un jet priv\u00e9 est la solution la plus rentable par rapport \u00e0 la \u00a0multipropri\u00e9t\u00e9, vous ne payez que les heures que vous pilotez. Pour l&rsquo;habituelle ou \u00e0 la brochure occasionnelle, vous pouvez \u00eatre s\u00fbr que Aircharter livrera le meilleur prix possible pour vos besoins de location de \u00a0jet de direction. Notre moteur de r\u00e9servation ci-dessous vous donnera un prix instantan\u00e9 tr\u00e8s pr\u00e9cis pour vos voyages<\/p>\n<p><strong>Location de jet priv\u00e9<b>\u00a0<\/b>pour la gestion de voyage d&rsquo;entreprise\u00a0<\/strong> Les Services \u00a0de voyages d&rsquo;affaires et les grandes op\u00e9rations de vol de la compagnie qui d\u00e9pendent r\u00e9guli\u00e8rement du \u00a0jet priv\u00e9 de \u00a0location n&rsquo;ont pas n\u00e9cessairement les ressources n\u00e9cessaires pour \u00e9valuer chaque op\u00e9rateur d\u2019affr\u00e8tement, \u00a0n\u00e9gocier les tarifs et obtenir le niveau \u00e9lev\u00e9 de service et de fiabilit\u00e9 requis dans un environnement d&rsquo;affaires exigeant d&rsquo;aujourd&rsquo;hui. AirCharter.com change tout cela avec le programme Air Charter Management qui ajoute coh\u00e9rence et\u00a0 efficacit\u00e9 \u00e0 votre achat d\u2019affr\u00e8tement a\u00e9rien<\/p>\n<p><img decoding=\"async\" class=\"alignright\" title=\"executive jet leasing\" src=\"https:\/\/www.aircharter.com\/wp-content\/uploads\/2013\/06\/ground5-300x184.jpg\" alt=\"executive jet leasing\" width=\"300\" height=\"184\" \/> \u00a0 <div class=\"fusion-fullwidth fullwidth-box fusion-builder-row-1 fusion-flex-container hundred-percent-fullwidth non-hundred-percent-height-scrolling\" style=\"--awb-border-radius-top-left:0px;--awb-border-radius-top-right:0px;--awb-border-radius-bottom-right:0px;--awb-border-radius-bottom-left:0px;--awb-overflow:visible;--awb-flex-wrap:wrap;\" ><div class=\"fusion-builder-row fusion-row fusion-flex-align-items-flex-start fusion-flex-content-wrap\" style=\"width:104% !important;max-width:104% !important;margin-left: calc(-4% \/ 2 );margin-right: calc(-4% \/ 2 );\"><div class=\"fusion-layout-column fusion_builder_column fusion-builder-column-0 fusion_builder_column_1_1 1_1 fusion-flex-column fusion-flex-align-self-flex-start fusion-column-no-min-height\" style=\"--awb-bg-size:cover;--awb-width-large:100%;--awb-margin-top-large:0px;--awb-spacing-right-large:1.92%;--awb-margin-bottom-large:0px;--awb-spacing-left-large:1.92%;--awb-width-medium:100%;--awb-spacing-right-medium:1.92%;--awb-spacing-left-medium:1.92%;--awb-width-small:100%;--awb-spacing-right-small:1.92%;--awb-spacing-left-small:1.92%;\"><div class=\"fusion-column-wrapper fusion-flex-justify-content-flex-start fusion-content-layout-column\"><div class=\"fusion-title title fusion-title-1 fusion-title-text fusion-title-size-two\" style=\"--awb-margin-top-small:10px;--awb-margin-right-small:0px;--awb-margin-bottom-small:10px;--awb-margin-left-small:0px;\"><div class=\"title-sep-container title-sep-container-left fusion-no-large-visibility fusion-no-medium-visibility fusion-no-small-visibility\"><div class=\"title-sep sep-double sep-solid\" style=\"border-color:#e0dede;\"><\/div><\/div><span class=\"awb-title-spacer fusion-no-large-visibility fusion-no-medium-visibility fusion-no-small-visibility\"><\/span><h2 class=\"fusion-title-heading title-heading-left\" style=\"margin:0;\">Priv\u00e9 \u00a0? La location de jet n&rsquo;a jamais \u00e9t\u00e9 aussi facile<\/h2><span class=\"awb-title-spacer\"><\/span><div class=\"title-sep-container title-sep-container-right\"><div class=\"title-sep sep-double sep-solid\" style=\"border-color:#e0dede;\"><\/div><\/div><\/div> <strong>Les Jets priv\u00e9 de location \u00a0vous offre une exp\u00e9rience de Voyage impossible \u00e0 reproduire avec les compagnies a\u00e9riennes commerciales. Votre exp\u00e9rience Voyage de AirCharter.com offre de nombreux avantages tels que:\u00a0<\/strong> <\/div><\/div><div class=\"fusion-layout-column fusion_builder_column fusion-builder-column-1 fusion_builder_column_1_2 1_2 fusion-flex-column\" style=\"--awb-bg-size:cover;--awb-width-large:50%;--awb-margin-top-large:0px;--awb-spacing-right-large:3.84%;--awb-margin-bottom-large:20px;--awb-spacing-left-large:3.84%;--awb-width-medium:100%;--awb-spacing-right-medium:1.92%;--awb-spacing-left-medium:1.92%;--awb-width-small:100%;--awb-spacing-right-small:1.92%;--awb-spacing-left-small:1.92%;\"><div class=\"fusion-column-wrapper fusion-flex-justify-content-flex-start fusion-content-layout-column\"><strong>Intimit\u00e9<\/strong>\u00a0&#8211;\u00a0Avec notre Jet priv\u00e9 \u00a0de location vous profitez ainsi que vos invit\u00e9s de \u00a0l&rsquo;avion en entier. Vous voyagez exclusivement avec des passagers que vous connaissez, et profiter de la vie priv\u00e9e qui vous permet de discuter affaires ou simplement de vous \u00a0d\u00e9tendre. Nos grands jets offrent une exp\u00e9rience gastronomique comparable \u00e0 un restaurant cinq \u00e9toiles. C&rsquo;est \u00a0le genre de perfection que les compagnies a\u00e9riennes commerciales n&rsquo;envisageraient m\u00eame pas<\/p>\n<p><strong>Confort<\/strong>\u00a0-Nous fournissons le genre d&rsquo;attention personnelle que vous attendez d&rsquo;un conciergerie de luxe. Nos \u00e9quipements comprennent des si\u00e8ges en cuir spacieux, wifi, films gratuits en vol, un bar et des repas gastronomiques de votre choix. Il n&rsquo;existe pas de long processus d&rsquo;arriv\u00e9e. Vous tirez jusqu&rsquo;\u00e0 l&rsquo;avion et vos bagages sont charg\u00e9s directement de votre voiture dans l\u2019avion. La perfection! <\/div><\/div> <div class=\"fusion-layout-column fusion_builder_column fusion-builder-column-2 fusion_builder_column_1_2 1_2 fusion-flex-column\" style=\"--awb-bg-size:cover;--awb-width-large:50%;--awb-margin-top-large:0px;--awb-spacing-right-large:3.84%;--awb-margin-bottom-large:20px;--awb-spacing-left-large:3.84%;--awb-width-medium:100%;--awb-spacing-right-medium:1.92%;--awb-spacing-left-medium:1.92%;--awb-width-small:100%;--awb-spacing-right-small:1.92%;--awb-spacing-left-small:1.92%;\"><div class=\"fusion-column-wrapper fusion-flex-justify-content-flex-start fusion-content-layout-column\">\n<p><strong>Voyage d&rsquo;un point \u00e0 l&rsquo;autre<\/strong>\u00a0&#8211;\u00a0Nous ne sommes pas bas\u00e9 sur notre propre calendrier, Nous volons lorsque vous voulez voler, Avec un acc\u00e8s \u00e0 10 fois plus d&rsquo;a\u00e9roports que les compagnies a\u00e9riennes commerciales, vous pouvez voler au sein ou hors des plus petits, ou moins congestionn\u00e9es des a\u00e9roports qui sont proches de l&rsquo;endroit o\u00f9 vous \u00eates ou dans lequel vous allez. Vous voulez ajouter une \u00e9tape tout en route ou bien \u00a0vous \u00eates en retard, notre \u00e9quipe fera tout son possible pour r\u00e9pondre \u00e0 vos projets de voyage en constant changement. C&rsquo;est ce que nous entendons par \u00a0Air Voyage, perfectionn\u00e9 \u2122<\/p>\n<p><strong>Ne jamais rater un d\u00eener<\/strong>\u00a0-Lorsque vous utilisez un jet priv\u00e9 de location de AirCharter.com, vous pouvez avoir une s\u00e9ance le matin \u00e0 Los Angeles, une r\u00e9union\u00a0 en apr\u00e8s-midi \u00e0 Denver et retourner \u00e0 la maison \u00e0 San Francisco, juste \u00e0 temps pour le d\u00eener. AirCharter.com ouvre un monde de possibilit\u00e9s en vous donnant la flexibilit\u00e9 de planifier vos Voyages selon votre programme. c&rsquo;est Le moyen id\u00e9al pour voyager <\/div><\/div><\/div><\/div><\/p>\n","protected":false},"excerpt":{"rendered":"<p>Location de Jet priv\u00e9 Vous cherchez un \u00a0jet de \u00a0location priv\u00e9 ? Nos \u00e9quipes professionnelles d\u2019Aircharter \u00a0vous aideront \u00a0\u00e0 trouver le bon avion au meilleur prix possible. La location d&rsquo;un jet priv\u00e9 est la solution la plus rentable par rapport \u00e0 la \u00a0multipropri\u00e9t\u00e9, vous ne payez que les heures que vous pilotez. Pour l&rsquo;habituelle ou \u00e0 la brochure occasionnelle, vous pouvez \u00eatre s\u00fbr que Aircharter livrera le meilleur prix possible pour vos besoins de location de \u00a0jet de direction. Notre moteur de r\u00e9servation ci-dessous vous donnera un prix instantan\u00e9 tr\u00e8s pr\u00e9cis pour vos voyages Location de jet priv\u00e9\u00a0pour la gestion de voyage d&rsquo;entreprise\u00a0 Les Services \u00a0de voyages d&rsquo;affaires et les grandes op\u00e9rations de vol de la compagnie qui d\u00e9pendent r\u00e9guli\u00e8rement du \u00a0jet priv\u00e9 de \u00a0location n&rsquo;ont pas n\u00e9cessairement les ressources n\u00e9cessaires pour \u00e9valuer chaque op\u00e9rateur d\u2019affr\u00e8tement, \u00a0n\u00e9gocier les tarifs et obtenir le niveau \u00e9lev\u00e9 de service et de fiabilit\u00e9 requis dans un environnement d&rsquo;affaires exigeant d&rsquo;aujourd&rsquo;hui. AirCharter.com change tout cela avec le programme Air Charter Management qui ajoute coh\u00e9rence et\u00a0 efficacit\u00e9 \u00e0 votre achat d\u2019affr\u00e8tement a\u00e9rien \u00a0<\/p>\n","protected":false},"author":14,"featured_media":0,"parent":0,"menu_order":0,"comment_status":"closed","ping_status":"closed","template":"","meta":{"footnotes":""},"class_list":["post-26056","page","type-page","status-publish","hentry"],"yoast_head":"<!-- This site is optimized with the Yoast SEO plugin v27.4 - https:\/\/yoast.com\/product\/yoast-seo-wordpress\/ -->\n<title>Location de \u200b\u200b Jet priv\u00e9 - Aircharter<\/title>\n<meta name=\"robots\" content=\"index, follow, max-snippet:-1, max-image-preview:large, max-video-preview:-1\" \/>\n<link rel=\"canonical\" href=\"https:\/\/www.aircharter.com\/location-de-jet-prive\/\" \/>\n<meta property=\"og:locale\" content=\"fr_FR\" \/>\n<meta property=\"og:type\" content=\"article\" \/>\n<meta property=\"og:title\" content=\"Location de \u200b\u200b Jet priv\u00e9 - Aircharter\" \/>\n<meta property=\"og:description\" content=\"Location de Jet priv\u00e9 Vous cherchez un \u00a0jet de \u00a0location priv\u00e9 ? Nos \u00e9quipes professionnelles d\u2019Aircharter \u00a0vous aideront \u00a0\u00e0 trouver le bon avion au meilleur prix possible. La location d&rsquo;un jet priv\u00e9 est la solution la plus rentable par rapport \u00e0 la \u00a0multipropri\u00e9t\u00e9, vous ne payez que les heures que vous pilotez. Pour l&rsquo;habituelle ou \u00e0 la brochure occasionnelle, vous pouvez \u00eatre s\u00fbr que Aircharter livrera le meilleur prix possible pour vos besoins de location de \u00a0jet de direction. Notre moteur de r\u00e9servation ci-dessous vous donnera un prix instantan\u00e9 tr\u00e8s pr\u00e9cis pour vos voyages Location de jet priv\u00e9\u00a0pour la gestion de voyage d&rsquo;entreprise\u00a0 Les Services \u00a0de voyages d&rsquo;affaires et les grandes op\u00e9rations de vol de la compagnie qui d\u00e9pendent r\u00e9guli\u00e8rement du \u00a0jet priv\u00e9 de \u00a0location n&rsquo;ont pas n\u00e9cessairement les ressources n\u00e9cessaires pour \u00e9valuer chaque op\u00e9rateur d\u2019affr\u00e8tement, \u00a0n\u00e9gocier les tarifs et obtenir le niveau \u00e9lev\u00e9 de service et de fiabilit\u00e9 requis dans un environnement d&rsquo;affaires exigeant d&rsquo;aujourd&rsquo;hui. AirCharter.com change tout cela avec le programme Air Charter Management qui ajoute coh\u00e9rence et\u00a0 efficacit\u00e9 \u00e0 votre achat d\u2019affr\u00e8tement a\u00e9rien \u00a0\" \/>\n<meta property=\"og:url\" content=\"https:\/\/www.aircharter.com\/location-de-jet-prive\/\" \/>\n<meta property=\"og:site_name\" content=\"Aircharter\" \/>\n<meta property=\"article:modified_time\" content=\"2022-12-11T22:52:42+00:00\" \/>\n<meta property=\"og:image\" content=\"https:\/\/www.aircharter.com\/wp-content\/uploads\/2013\/06\/ground5-300x184.jpg\" \/>\n<meta name=\"twitter:card\" content=\"summary_large_image\" \/>\n<meta name=\"twitter:label1\" content=\"Dur\u00e9e de lecture estim\u00e9e\" \/>\n\t<meta name=\"twitter:data1\" content=\"3 minutes\" \/>\n<script type=\"application\/ld+json\" class=\"yoast-schema-graph\">{\"@context\":\"https:\\\/\\\/schema.org\",\"@graph\":[{\"@type\":\"WebPage\",\"@id\":\"https:\\\/\\\/www.aircharter.com\\\/location-de-jet-prive\\\/\",\"url\":\"https:\\\/\\\/www.aircharter.com\\\/location-de-jet-prive\\\/\",\"name\":\"Location de \u200b\u200b Jet priv\u00e9 - Aircharter\",\"isPartOf\":{\"@id\":\"https:\\\/\\\/www.aircharter.com\\\/de\\\/#website\"},\"primaryImageOfPage\":{\"@id\":\"https:\\\/\\\/www.aircharter.com\\\/location-de-jet-prive\\\/#primaryimage\"},\"image\":{\"@id\":\"https:\\\/\\\/www.aircharter.com\\\/location-de-jet-prive\\\/#primaryimage\"},\"thumbnailUrl\":\"https:\\\/\\\/www.aircharter.com\\\/wp-content\\\/uploads\\\/2013\\\/06\\\/ground5-300x184.jpg\",\"datePublished\":\"2014-03-29T14:21:27+00:00\",\"dateModified\":\"2022-12-11T22:52:42+00:00\",\"breadcrumb\":{\"@id\":\"https:\\\/\\\/www.aircharter.com\\\/location-de-jet-prive\\\/#breadcrumb\"},\"inLanguage\":\"fr-FR\",\"potentialAction\":[{\"@type\":\"ReadAction\",\"target\":[\"https:\\\/\\\/www.aircharter.com\\\/location-de-jet-prive\\\/\"]}]},{\"@type\":\"ImageObject\",\"inLanguage\":\"fr-FR\",\"@id\":\"https:\\\/\\\/www.aircharter.com\\\/location-de-jet-prive\\\/#primaryimage\",\"url\":\"https:\\\/\\\/www.aircharter.com\\\/wp-content\\\/uploads\\\/2013\\\/06\\\/ground5-300x184.jpg\",\"contentUrl\":\"https:\\\/\\\/www.aircharter.com\\\/wp-content\\\/uploads\\\/2013\\\/06\\\/ground5-300x184.jpg\"},{\"@type\":\"BreadcrumbList\",\"@id\":\"https:\\\/\\\/www.aircharter.com\\\/location-de-jet-prive\\\/#breadcrumb\",\"itemListElement\":[{\"@type\":\"ListItem\",\"position\":1,\"name\":\"Home\",\"item\":\"https:\\\/\\\/www.aircharter.com\\\/\"},{\"@type\":\"ListItem\",\"position\":2,\"name\":\"Location de \u200b\u200b Jet priv\u00e9\"}]},{\"@type\":\"WebSite\",\"@id\":\"https:\\\/\\\/www.aircharter.com\\\/de\\\/#website\",\"url\":\"https:\\\/\\\/www.aircharter.com\\\/de\\\/\",\"name\":\"Aircharter\",\"description\":\"Air Charter | Private Jet Charter &amp; Rental | Fly Smarter | Hire a Business Jet\",\"publisher\":{\"@id\":\"https:\\\/\\\/www.aircharter.com\\\/de\\\/#organization\"},\"potentialAction\":[{\"@type\":\"SearchAction\",\"target\":{\"@type\":\"EntryPoint\",\"urlTemplate\":\"https:\\\/\\\/www.aircharter.com\\\/de\\\/?s={search_term_string}\"},\"query-input\":{\"@type\":\"PropertyValueSpecification\",\"valueRequired\":true,\"valueName\":\"search_term_string\"}}],\"inLanguage\":\"fr-FR\"},{\"@type\":\"Organization\",\"@id\":\"https:\\\/\\\/www.aircharter.com\\\/de\\\/#organization\",\"name\":\"Aircharter.com LLC\",\"url\":\"https:\\\/\\\/www.aircharter.com\\\/de\\\/\",\"logo\":{\"@type\":\"ImageObject\",\"inLanguage\":\"fr-FR\",\"@id\":\"https:\\\/\\\/www.aircharter.com\\\/de\\\/#\\\/schema\\\/logo\\\/image\\\/\",\"url\":\"https:\\\/\\\/www.aircharter.com\\\/wp-content\\\/uploads\\\/2022\\\/12\\\/Aircharter_logo_114X1141-11.png\",\"contentUrl\":\"https:\\\/\\\/www.aircharter.com\\\/wp-content\\\/uploads\\\/2022\\\/12\\\/Aircharter_logo_114X1141-11.png\",\"width\":114,\"height\":114,\"caption\":\"Aircharter.com LLC\"},\"image\":{\"@id\":\"https:\\\/\\\/www.aircharter.com\\\/de\\\/#\\\/schema\\\/logo\\\/image\\\/\"}}]}<\/script>\n<!-- \/ Yoast SEO plugin. -->","yoast_head_json":{"title":"Location de \u200b\u200b Jet priv\u00e9 - Aircharter","robots":{"index":"index","follow":"follow","max-snippet":"max-snippet:-1","max-image-preview":"max-image-preview:large","max-video-preview":"max-video-preview:-1"},"canonical":"https:\/\/www.aircharter.com\/location-de-jet-prive\/","og_locale":"fr_FR","og_type":"article","og_title":"Location de \u200b\u200b Jet priv\u00e9 - Aircharter","og_description":"Location de Jet priv\u00e9 Vous cherchez un \u00a0jet de \u00a0location priv\u00e9 ? Nos \u00e9quipes professionnelles d\u2019Aircharter \u00a0vous aideront \u00a0\u00e0 trouver le bon avion au meilleur prix possible. La location d&rsquo;un jet priv\u00e9 est la solution la plus rentable par rapport \u00e0 la \u00a0multipropri\u00e9t\u00e9, vous ne payez que les heures que vous pilotez. Pour l&rsquo;habituelle ou \u00e0 la brochure occasionnelle, vous pouvez \u00eatre s\u00fbr que Aircharter livrera le meilleur prix possible pour vos besoins de location de \u00a0jet de direction. Notre moteur de r\u00e9servation ci-dessous vous donnera un prix instantan\u00e9 tr\u00e8s pr\u00e9cis pour vos voyages Location de jet priv\u00e9\u00a0pour la gestion de voyage d&rsquo;entreprise\u00a0 Les Services \u00a0de voyages d&rsquo;affaires et les grandes op\u00e9rations de vol de la compagnie qui d\u00e9pendent r\u00e9guli\u00e8rement du \u00a0jet priv\u00e9 de \u00a0location n&rsquo;ont pas n\u00e9cessairement les ressources n\u00e9cessaires pour \u00e9valuer chaque op\u00e9rateur d\u2019affr\u00e8tement, \u00a0n\u00e9gocier les tarifs et obtenir le niveau \u00e9lev\u00e9 de service et de fiabilit\u00e9 requis dans un environnement d&rsquo;affaires exigeant d&rsquo;aujourd&rsquo;hui. AirCharter.com change tout cela avec le programme Air Charter Management qui ajoute coh\u00e9rence et\u00a0 efficacit\u00e9 \u00e0 votre achat d\u2019affr\u00e8tement a\u00e9rien \u00a0","og_url":"https:\/\/www.aircharter.com\/location-de-jet-prive\/","og_site_name":"Aircharter","article_modified_time":"2022-12-11T22:52:42+00:00","og_image":[{"url":"https:\/\/www.aircharter.com\/wp-content\/uploads\/2013\/06\/ground5-300x184.jpg","type":"","width":"","height":""}],"twitter_card":"summary_large_image","twitter_misc":{"Dur\u00e9e de lecture estim\u00e9e":"3 minutes"},"schema":{"@context":"https:\/\/schema.org","@graph":[{"@type":"WebPage","@id":"https:\/\/www.aircharter.com\/location-de-jet-prive\/","url":"https:\/\/www.aircharter.com\/location-de-jet-prive\/","name":"Location de \u200b\u200b Jet priv\u00e9 - Aircharter","isPartOf":{"@id":"https:\/\/www.aircharter.com\/de\/#website"},"primaryImageOfPage":{"@id":"https:\/\/www.aircharter.com\/location-de-jet-prive\/#primaryimage"},"image":{"@id":"https:\/\/www.aircharter.com\/location-de-jet-prive\/#primaryimage"},"thumbnailUrl":"https:\/\/www.aircharter.com\/wp-content\/uploads\/2013\/06\/ground5-300x184.jpg","datePublished":"2014-03-29T14:21:27+00:00","dateModified":"2022-12-11T22:52:42+00:00","breadcrumb":{"@id":"https:\/\/www.aircharter.com\/location-de-jet-prive\/#breadcrumb"},"inLanguage":"fr-FR","potentialAction":[{"@type":"ReadAction","target":["https:\/\/www.aircharter.com\/location-de-jet-prive\/"]}]},{"@type":"ImageObject","inLanguage":"fr-FR","@id":"https:\/\/www.aircharter.com\/location-de-jet-prive\/#primaryimage","url":"https:\/\/www.aircharter.com\/wp-content\/uploads\/2013\/06\/ground5-300x184.jpg","contentUrl":"https:\/\/www.aircharter.com\/wp-content\/uploads\/2013\/06\/ground5-300x184.jpg"},{"@type":"BreadcrumbList","@id":"https:\/\/www.aircharter.com\/location-de-jet-prive\/#breadcrumb","itemListElement":[{"@type":"ListItem","position":1,"name":"Home","item":"https:\/\/www.aircharter.com\/"},{"@type":"ListItem","position":2,"name":"Location de \u200b\u200b Jet priv\u00e9"}]},{"@type":"WebSite","@id":"https:\/\/www.aircharter.com\/de\/#website","url":"https:\/\/www.aircharter.com\/de\/","name":"Aircharter","description":"Air Charter | Private Jet Charter &amp; Rental | Fly Smarter | Hire a Business Jet","publisher":{"@id":"https:\/\/www.aircharter.com\/de\/#organization"},"potentialAction":[{"@type":"SearchAction","target":{"@type":"EntryPoint","urlTemplate":"https:\/\/www.aircharter.com\/de\/?s={search_term_string}"},"query-input":{"@type":"PropertyValueSpecification","valueRequired":true,"valueName":"search_term_string"}}],"inLanguage":"fr-FR"},{"@type":"Organization","@id":"https:\/\/www.aircharter.com\/de\/#organization","name":"Aircharter.com LLC","url":"https:\/\/www.aircharter.com\/de\/","logo":{"@type":"ImageObject","inLanguage":"fr-FR","@id":"https:\/\/www.aircharter.com\/de\/#\/schema\/logo\/image\/","url":"https:\/\/www.aircharter.com\/wp-content\/uploads\/2022\/12\/Aircharter_logo_114X1141-11.png","contentUrl":"https:\/\/www.aircharter.com\/wp-content\/uploads\/2022\/12\/Aircharter_logo_114X1141-11.png","width":114,"height":114,"caption":"Aircharter.com LLC"},"image":{"@id":"https:\/\/www.aircharter.com\/de\/#\/schema\/logo\/image\/"}}]}},"_links":{"self":[{"href":"https:\/\/www.aircharter.com\/fr\/wp-json\/wp\/v2\/pages\/26056","targetHints":{"allow":["GET"]}}],"collection":[{"href":"https:\/\/www.aircharter.com\/fr\/wp-json\/wp\/v2\/pages"}],"about":[{"href":"https:\/\/www.aircharter.com\/fr\/wp-json\/wp\/v2\/types\/page"}],"author":[{"embeddable":true,"href":"https:\/\/www.aircharter.com\/fr\/wp-json\/wp\/v2\/users\/14"}],"replies":[{"embeddable":true,"href":"https:\/\/www.aircharter.com\/fr\/wp-json\/wp\/v2\/comments?post=26056"}],"version-history":[{"count":18,"href":"https:\/\/www.aircharter.com\/fr\/wp-json\/wp\/v2\/pages\/26056\/revisions"}],"predecessor-version":[{"id":37288,"href":"https:\/\/www.aircharter.com\/fr\/wp-json\/wp\/v2\/pages\/26056\/revisions\/37288"}],"wp:attachment":[{"href":"https:\/\/www.aircharter.com\/fr\/wp-json\/wp\/v2\/media?parent=26056"}],"curies":[{"name":"wp","href":"https:\/\/api.w.org\/{rel}","templated":true}]}}