{"id":26073,"date":"2014-03-31T13:34:30","date_gmt":"2014-03-31T17:34:30","guid":{"rendered":"https:\/\/www.aircharter.com\/?page_id=26073"},"modified":"2022-12-11T17:52:42","modified_gmt":"2022-12-11T22:52:42","slug":"air-charter-commercial","status":"publish","type":"page","link":"https:\/\/www.aircharter.com\/fr\/air-charter-commercial\/","title":{"rendered":"Air Charter Commercial"},"content":{"rendered":"<h1>Air Charter\u00a0Commercial<\/h1>\n<p>Notre \u00e9quipe commerciale de l&rsquo;affr\u00e8tement a\u00e9rien exp\u00e9riment\u00e9 travaille en \u00e9troite collaboration avec vous pour trouver le grand a\u00e9ronef appropri\u00e9 pour votre groupe d&rsquo;affr\u00e8tement a\u00e9rien commercial. Que vous ayez besoin d\u2019un avion pour \u00a050 ou des centaines de \u00a0passagers, \u00a0Aircharter \u00a0\u00e9valuera la taille et le budget de votre groupe pour vous aider dans le choix de l&rsquo;affr\u00e8tement a\u00e9rien commercial le plus appropri\u00e9<\/p>\n<p><img decoding=\"async\" class=\"alignright\" alt=\"commercial-air-charter\" src=\"https:\/\/www.aircharter.com\/wp-content\/uploads\/2013\/11\/commercial-air-charter.jpg\" width=\"255\" height=\"184\" \/><\/p>\n<p>Air Charter service \u00a0\u00e0 une exp\u00e9rience de plus de deux d\u00e9cennies &#8211; et\u00a0 une \u00a0expertise &#8211; dans la prestation de services d&rsquo;affr\u00e8tement a\u00e9rien sur mesure \u00e0 ses clients dans le monde entier. Dans le cadre de l&rsquo;op\u00e9ration de 24 heures mondial d&rsquo;Air Charter Service, Aircharter Jets commerciaux est pr\u00eat \u00e0 planifier, organiser et g\u00e9rer les jets \u00a0d\u2019affr\u00e8tement \u00a0pour votre groupe, \u00a0au moment, \u00e0 l\u2019endroit et de la fa\u00e7on dont vous souhaitez voyager<\/p>\n<h1>Air Charter \u2013 sp\u00e9cialiste dans l&rsquo;affr\u00e8tement de jet \u00a0commercial<\/h1>\n<p>Aircharter a plus de 17 ans d&rsquo;exp\u00e9rience et d&rsquo;expertise \u00a0dans la prestation des services d&rsquo;affr\u00e8tement a\u00e9rien sur mesure \u00e0 ses clients dans le monde entier. Dans le cadre de l&rsquo;op\u00e9ration globale de 24 heures d&rsquo;Air Charter, AirCharter.com Jets commerciaux est pr\u00eat \u00e0 planifier, organiser et g\u00e9rer les jets d\u2019affr\u00e8tement \u00a0\u00a0au moment, \u00e0 l\u2019endroit et de la fa\u00e7on dont vous souhaitez voyager<\/p>\n<p>Jetez un coup \u00a0d\u2019\u0153il \u00e0 nos appareils d&rsquo;affr\u00e8tement a\u00e9rien commercial<\/p>\n<p>&nbsp;<\/p>\n<h1>Pourquoi Air Charter.com LLC ?<\/h1>\n<div id=\"col_1\">\n<div id=\"col_1_inner\">\n<p>Air Charter a plus de 17 ans d&rsquo;exp\u00e9rience dans les \u00a0solutions d&rsquo;affr\u00e8tement et n&#8217;emploie que les meilleurs experts de l\u2019affr\u00e8tement. \u00a0AirCharter.com organise plus de 9000 contrats d&rsquo;affr\u00e8tement complets par an en \u00a0impliquant de multiples secteurs et a un chiffre d&rsquo;affaires annuel de plus de 600 Millions de dollars<\/p>\n<p><strong>Pourquoi choisir Air Charter.com LLC?<\/strong><\/p>\n<ul>\n<li><strong>Gestionnaire du compte personnel<\/strong>\u00a0&#8211;\u00a0D\u00e8s que nous recevons votre demande, nous vous attribuons \u00a0votre propre expert d\u2019affr\u00e8tement. \u00a0Ils seront disponible \u00a0\u00e0 partir du moment o\u00f9 vous r\u00e9servez votre vol \u00a0et jusqu\u2019au moment o\u00f9 vous atterrissez<\/li>\n<li><strong>Le support de vol\u00a0<\/strong>&#8211;\u00a0Cette \u00a0\u00e9quipe d\u00e9vou\u00e9e s&rsquo;assure que tous vos besoins sont satisfaits \u00e0 travers l&rsquo;exp\u00e9rience des affr\u00e8tements<\/li>\n<li><strong>AirCharter et la protection de paiement<\/strong>\u00a0-Peut \u00eatre disponible \u00e0 faible co\u00fbt et vous et vos clients sont prot\u00e9g\u00e9s \u00a0en cas de faillite des compagnies a\u00e9riennes<\/li>\n<li><strong>Pouvoir de n\u00e9gociation\u00a0<\/strong>&#8211;\u00a0Au fil des ann\u00e9es, \u00a0AirCharter.com a construit beaucoup de relations solides avec les compagnies a\u00e9riennes. \u00a0Notre taille et notre r\u00e9putation nous permettent de n\u00e9gocier de meilleurs tarifs \u00a0qui peuvent ensuite offrir \u00a0des \u00e9conomies \u00e0 nos clients.<\/li>\n<li><strong><strong>Repr\u00e9sentation \u00a0compl\u00e9mentaire\u00a0 dans le \u00a0vol<\/strong>\u00a0<\/strong>&#8211;\u00a0\u00a0Si vous le souhaitez, nous pouvons vous envoyer un membre du personnel pour accompagner votre groupe sur le vol pour s&rsquo;assurer que tout fonctionne bien et\u00a0 vous offrir la tranquillit\u00e9 d\u2019esprit.<\/li>\n<li><strong><strong>Marquage au cout des frais \u00a0<\/strong><\/strong>\u2013\u00a0De l&rsquo;uniforme d&rsquo;\u00e9quipage de cabine \u00e0 des pupitres et des appuis-t\u00eate check-in nous pouvons fournir des solutions de marquage multiples pour vous<\/li>\n<li><strong><strong>Pr\u00e9sence mondiale<\/strong>\u00a0<\/strong>&#8211;\u00a0\u00a0Gr\u00e2ce \u00e0 notre r\u00e9seau d\u00e9j\u00e0 \u00e9tabli \u00e0 travers \u00a0des \u00a0bureaux internationaux, nous pouvons vous \u00a0offrir l&rsquo;expertise locale et nos bureaux vont travailler ensemble pour assurer le meilleur service possible<\/li>\n<li><strong>Contacte \u00a024\/7<\/strong>&#8211;\u00a0Nos professionnels Charter \u00a0sont disponibles 24 heures sur \u00a07 jours par semaine<\/li>\n<\/ul>\n<\/div>\n<\/div>\n","protected":false},"excerpt":{"rendered":"<p>Air Charter\u00a0Commercial Notre \u00e9quipe commerciale de l&rsquo;affr\u00e8tement a\u00e9rien exp\u00e9riment\u00e9 travaille en \u00e9troite collaboration avec vous pour trouver le grand a\u00e9ronef appropri\u00e9 pour votre groupe d&rsquo;affr\u00e8tement a\u00e9rien commercial. Que vous ayez besoin d\u2019un avion pour \u00a050 ou des centaines de \u00a0passagers, \u00a0Aircharter \u00a0\u00e9valuera la taille et le budget de votre groupe pour vous aider dans le choix de l&rsquo;affr\u00e8tement a\u00e9rien commercial le plus appropri\u00e9 Air Charter service \u00a0\u00e0 une exp\u00e9rience de plus de deux d\u00e9cennies &#8211; et\u00a0 une \u00a0expertise &#8211; dans la prestation de services d&rsquo;affr\u00e8tement a\u00e9rien sur mesure \u00e0 ses clients dans le monde entier. Dans le cadre de l&rsquo;op\u00e9ration de 24 heures mondial d&rsquo;Air Charter Service, Aircharter Jets commerciaux est pr\u00eat \u00e0 planifier, organiser et g\u00e9rer les jets \u00a0d\u2019affr\u00e8tement \u00a0pour votre groupe, \u00a0au moment, \u00e0 l\u2019endroit et de la fa\u00e7on dont vous souhaitez voyager Air Charter \u2013 sp\u00e9cialiste dans l&rsquo;affr\u00e8tement de jet \u00a0commercial Aircharter a plus de 17 ans d&rsquo;exp\u00e9rience et d&rsquo;expertise \u00a0dans la prestation des services d&rsquo;affr\u00e8tement a\u00e9rien sur mesure \u00e0 ses clients dans le monde entier. Dans le cadre de l&rsquo;op\u00e9ration globale de 24 heures d&rsquo;Air Charter, AirCharter.com Jets commerciaux est pr\u00eat \u00e0 planifier, organiser et g\u00e9rer les jets d\u2019affr\u00e8tement \u00a0\u00a0au moment, \u00e0 l\u2019endroit et de la fa\u00e7on dont vous souhaitez voyager Jetez un coup \u00a0d\u2019\u0153il \u00e0 nos appareils d&rsquo;affr\u00e8tement a\u00e9rien commercial &nbsp; Pourquoi Air Charter.com LLC ? Air Charter a plus de 17 ans d&rsquo;exp\u00e9rience dans les \u00a0solutions d&rsquo;affr\u00e8tement et n&#8217;emploie que les meilleurs experts de l\u2019affr\u00e8tement. \u00a0AirCharter.com organise plus de 9000 contrats d&rsquo;affr\u00e8tement complets par an en \u00a0impliquant de multiples secteurs et a un chiffre d&rsquo;affaires annuel de plus de 600 Millions de dollars Pourquoi choisir Air Charter.com LLC? Gestionnaire du compte personnel\u00a0&#8211;\u00a0D\u00e8s que nous recevons votre demande, nous vous<\/p>\n","protected":false},"author":14,"featured_media":0,"parent":0,"menu_order":0,"comment_status":"closed","ping_status":"closed","template":"full-width.php","meta":{"footnotes":""},"class_list":["post-26073","page","type-page","status-publish","hentry"],"yoast_head":"<!-- This site is optimized with the Yoast SEO plugin v27.4 - https:\/\/yoast.com\/product\/yoast-seo-wordpress\/ -->\n<title>Air Charter Commercial - Aircharter<\/title>\n<meta name=\"robots\" content=\"index, follow, max-snippet:-1, max-image-preview:large, max-video-preview:-1\" \/>\n<link rel=\"canonical\" href=\"https:\/\/www.aircharter.com\/air-charter-commercial\/\" \/>\n<meta property=\"og:locale\" content=\"fr_FR\" \/>\n<meta property=\"og:type\" content=\"article\" \/>\n<meta property=\"og:title\" content=\"Air Charter Commercial - Aircharter\" \/>\n<meta property=\"og:description\" content=\"Air Charter\u00a0Commercial Notre \u00e9quipe commerciale de l&rsquo;affr\u00e8tement a\u00e9rien exp\u00e9riment\u00e9 travaille en \u00e9troite collaboration avec vous pour trouver le grand a\u00e9ronef appropri\u00e9 pour votre groupe d&rsquo;affr\u00e8tement a\u00e9rien commercial. Que vous ayez besoin d\u2019un avion pour \u00a050 ou des centaines de \u00a0passagers, \u00a0Aircharter \u00a0\u00e9valuera la taille et le budget de votre groupe pour vous aider dans le choix de l&rsquo;affr\u00e8tement a\u00e9rien commercial le plus appropri\u00e9 Air Charter service \u00a0\u00e0 une exp\u00e9rience de plus de deux d\u00e9cennies &#8211; et\u00a0 une \u00a0expertise &#8211; dans la prestation de services d&rsquo;affr\u00e8tement a\u00e9rien sur mesure \u00e0 ses clients dans le monde entier. Dans le cadre de l&rsquo;op\u00e9ration de 24 heures mondial d&rsquo;Air Charter Service, Aircharter Jets commerciaux est pr\u00eat \u00e0 planifier, organiser et g\u00e9rer les jets \u00a0d\u2019affr\u00e8tement \u00a0pour votre groupe, \u00a0au moment, \u00e0 l\u2019endroit et de la fa\u00e7on dont vous souhaitez voyager Air Charter \u2013 sp\u00e9cialiste dans l&rsquo;affr\u00e8tement de jet \u00a0commercial Aircharter a plus de 17 ans d&rsquo;exp\u00e9rience et d&rsquo;expertise \u00a0dans la prestation des services d&rsquo;affr\u00e8tement a\u00e9rien sur mesure \u00e0 ses clients dans le monde entier. Dans le cadre de l&rsquo;op\u00e9ration globale de 24 heures d&rsquo;Air Charter, AirCharter.com Jets commerciaux est pr\u00eat \u00e0 planifier, organiser et g\u00e9rer les jets d\u2019affr\u00e8tement \u00a0\u00a0au moment, \u00e0 l\u2019endroit et de la fa\u00e7on dont vous souhaitez voyager Jetez un coup \u00a0d\u2019\u0153il \u00e0 nos appareils d&rsquo;affr\u00e8tement a\u00e9rien commercial &nbsp; Pourquoi Air Charter.com LLC ? Air Charter a plus de 17 ans d&rsquo;exp\u00e9rience dans les \u00a0solutions d&rsquo;affr\u00e8tement et n&#8217;emploie que les meilleurs experts de l\u2019affr\u00e8tement. \u00a0AirCharter.com organise plus de 9000 contrats d&rsquo;affr\u00e8tement complets par an en \u00a0impliquant de multiples secteurs et a un chiffre d&rsquo;affaires annuel de plus de 600 Millions de dollars Pourquoi choisir Air Charter.com LLC? Gestionnaire du compte personnel\u00a0&#8211;\u00a0D\u00e8s que nous recevons votre demande, nous vous\" \/>\n<meta property=\"og:url\" content=\"https:\/\/www.aircharter.com\/air-charter-commercial\/\" \/>\n<meta property=\"og:site_name\" content=\"Aircharter\" \/>\n<meta property=\"article:modified_time\" content=\"2022-12-11T22:52:42+00:00\" \/>\n<meta property=\"og:image\" content=\"https:\/\/www.aircharter.com\/wp-content\/uploads\/2013\/11\/commercial-air-charter.jpg\" \/>\n<meta name=\"twitter:card\" content=\"summary_large_image\" \/>\n<meta name=\"twitter:label1\" content=\"Dur\u00e9e de lecture estim\u00e9e\" \/>\n\t<meta name=\"twitter:data1\" content=\"3 minutes\" \/>\n<script type=\"application\/ld+json\" class=\"yoast-schema-graph\">{\"@context\":\"https:\\\/\\\/schema.org\",\"@graph\":[{\"@type\":\"WebPage\",\"@id\":\"https:\\\/\\\/www.aircharter.com\\\/air-charter-commercial\\\/\",\"url\":\"https:\\\/\\\/www.aircharter.com\\\/air-charter-commercial\\\/\",\"name\":\"Air Charter Commercial - Aircharter\",\"isPartOf\":{\"@id\":\"https:\\\/\\\/www.aircharter.com\\\/de\\\/#website\"},\"primaryImageOfPage\":{\"@id\":\"https:\\\/\\\/www.aircharter.com\\\/air-charter-commercial\\\/#primaryimage\"},\"image\":{\"@id\":\"https:\\\/\\\/www.aircharter.com\\\/air-charter-commercial\\\/#primaryimage\"},\"thumbnailUrl\":\"https:\\\/\\\/www.aircharter.com\\\/wp-content\\\/uploads\\\/2013\\\/11\\\/commercial-air-charter.jpg\",\"datePublished\":\"2014-03-31T17:34:30+00:00\",\"dateModified\":\"2022-12-11T22:52:42+00:00\",\"breadcrumb\":{\"@id\":\"https:\\\/\\\/www.aircharter.com\\\/air-charter-commercial\\\/#breadcrumb\"},\"inLanguage\":\"fr-FR\",\"potentialAction\":[{\"@type\":\"ReadAction\",\"target\":[\"https:\\\/\\\/www.aircharter.com\\\/air-charter-commercial\\\/\"]}]},{\"@type\":\"ImageObject\",\"inLanguage\":\"fr-FR\",\"@id\":\"https:\\\/\\\/www.aircharter.com\\\/air-charter-commercial\\\/#primaryimage\",\"url\":\"https:\\\/\\\/www.aircharter.com\\\/wp-content\\\/uploads\\\/2013\\\/11\\\/commercial-air-charter.jpg\",\"contentUrl\":\"https:\\\/\\\/www.aircharter.com\\\/wp-content\\\/uploads\\\/2013\\\/11\\\/commercial-air-charter.jpg\"},{\"@type\":\"BreadcrumbList\",\"@id\":\"https:\\\/\\\/www.aircharter.com\\\/air-charter-commercial\\\/#breadcrumb\",\"itemListElement\":[{\"@type\":\"ListItem\",\"position\":1,\"name\":\"Home\",\"item\":\"https:\\\/\\\/www.aircharter.com\\\/\"},{\"@type\":\"ListItem\",\"position\":2,\"name\":\"Air Charter Commercial\"}]},{\"@type\":\"WebSite\",\"@id\":\"https:\\\/\\\/www.aircharter.com\\\/de\\\/#website\",\"url\":\"https:\\\/\\\/www.aircharter.com\\\/de\\\/\",\"name\":\"Aircharter\",\"description\":\"Air Charter | Private Jet Charter &amp; Rental | Fly Smarter | Hire a Business Jet\",\"publisher\":{\"@id\":\"https:\\\/\\\/www.aircharter.com\\\/de\\\/#organization\"},\"potentialAction\":[{\"@type\":\"SearchAction\",\"target\":{\"@type\":\"EntryPoint\",\"urlTemplate\":\"https:\\\/\\\/www.aircharter.com\\\/de\\\/?s={search_term_string}\"},\"query-input\":{\"@type\":\"PropertyValueSpecification\",\"valueRequired\":true,\"valueName\":\"search_term_string\"}}],\"inLanguage\":\"fr-FR\"},{\"@type\":\"Organization\",\"@id\":\"https:\\\/\\\/www.aircharter.com\\\/de\\\/#organization\",\"name\":\"Aircharter.com LLC\",\"url\":\"https:\\\/\\\/www.aircharter.com\\\/de\\\/\",\"logo\":{\"@type\":\"ImageObject\",\"inLanguage\":\"fr-FR\",\"@id\":\"https:\\\/\\\/www.aircharter.com\\\/de\\\/#\\\/schema\\\/logo\\\/image\\\/\",\"url\":\"https:\\\/\\\/www.aircharter.com\\\/wp-content\\\/uploads\\\/2022\\\/12\\\/Aircharter_logo_114X1141-11.png\",\"contentUrl\":\"https:\\\/\\\/www.aircharter.com\\\/wp-content\\\/uploads\\\/2022\\\/12\\\/Aircharter_logo_114X1141-11.png\",\"width\":114,\"height\":114,\"caption\":\"Aircharter.com LLC\"},\"image\":{\"@id\":\"https:\\\/\\\/www.aircharter.com\\\/de\\\/#\\\/schema\\\/logo\\\/image\\\/\"}}]}<\/script>\n<!-- \/ Yoast SEO plugin. -->","yoast_head_json":{"title":"Air Charter Commercial - Aircharter","robots":{"index":"index","follow":"follow","max-snippet":"max-snippet:-1","max-image-preview":"max-image-preview:large","max-video-preview":"max-video-preview:-1"},"canonical":"https:\/\/www.aircharter.com\/air-charter-commercial\/","og_locale":"fr_FR","og_type":"article","og_title":"Air Charter Commercial - Aircharter","og_description":"Air Charter\u00a0Commercial Notre \u00e9quipe commerciale de l&rsquo;affr\u00e8tement a\u00e9rien exp\u00e9riment\u00e9 travaille en \u00e9troite collaboration avec vous pour trouver le grand a\u00e9ronef appropri\u00e9 pour votre groupe d&rsquo;affr\u00e8tement a\u00e9rien commercial. Que vous ayez besoin d\u2019un avion pour \u00a050 ou des centaines de \u00a0passagers, \u00a0Aircharter \u00a0\u00e9valuera la taille et le budget de votre groupe pour vous aider dans le choix de l&rsquo;affr\u00e8tement a\u00e9rien commercial le plus appropri\u00e9 Air Charter service \u00a0\u00e0 une exp\u00e9rience de plus de deux d\u00e9cennies &#8211; et\u00a0 une \u00a0expertise &#8211; dans la prestation de services d&rsquo;affr\u00e8tement a\u00e9rien sur mesure \u00e0 ses clients dans le monde entier. Dans le cadre de l&rsquo;op\u00e9ration de 24 heures mondial d&rsquo;Air Charter Service, Aircharter Jets commerciaux est pr\u00eat \u00e0 planifier, organiser et g\u00e9rer les jets \u00a0d\u2019affr\u00e8tement \u00a0pour votre groupe, \u00a0au moment, \u00e0 l\u2019endroit et de la fa\u00e7on dont vous souhaitez voyager Air Charter \u2013 sp\u00e9cialiste dans l&rsquo;affr\u00e8tement de jet \u00a0commercial Aircharter a plus de 17 ans d&rsquo;exp\u00e9rience et d&rsquo;expertise \u00a0dans la prestation des services d&rsquo;affr\u00e8tement a\u00e9rien sur mesure \u00e0 ses clients dans le monde entier. Dans le cadre de l&rsquo;op\u00e9ration globale de 24 heures d&rsquo;Air Charter, AirCharter.com Jets commerciaux est pr\u00eat \u00e0 planifier, organiser et g\u00e9rer les jets d\u2019affr\u00e8tement \u00a0\u00a0au moment, \u00e0 l\u2019endroit et de la fa\u00e7on dont vous souhaitez voyager Jetez un coup \u00a0d\u2019\u0153il \u00e0 nos appareils d&rsquo;affr\u00e8tement a\u00e9rien commercial &nbsp; Pourquoi Air Charter.com LLC ? Air Charter a plus de 17 ans d&rsquo;exp\u00e9rience dans les \u00a0solutions d&rsquo;affr\u00e8tement et n&#8217;emploie que les meilleurs experts de l\u2019affr\u00e8tement. \u00a0AirCharter.com organise plus de 9000 contrats d&rsquo;affr\u00e8tement complets par an en \u00a0impliquant de multiples secteurs et a un chiffre d&rsquo;affaires annuel de plus de 600 Millions de dollars Pourquoi choisir Air Charter.com LLC? Gestionnaire du compte personnel\u00a0&#8211;\u00a0D\u00e8s que nous recevons votre demande, nous vous","og_url":"https:\/\/www.aircharter.com\/air-charter-commercial\/","og_site_name":"Aircharter","article_modified_time":"2022-12-11T22:52:42+00:00","og_image":[{"url":"https:\/\/www.aircharter.com\/wp-content\/uploads\/2013\/11\/commercial-air-charter.jpg","type":"","width":"","height":""}],"twitter_card":"summary_large_image","twitter_misc":{"Dur\u00e9e de lecture estim\u00e9e":"3 minutes"},"schema":{"@context":"https:\/\/schema.org","@graph":[{"@type":"WebPage","@id":"https:\/\/www.aircharter.com\/air-charter-commercial\/","url":"https:\/\/www.aircharter.com\/air-charter-commercial\/","name":"Air Charter Commercial - Aircharter","isPartOf":{"@id":"https:\/\/www.aircharter.com\/de\/#website"},"primaryImageOfPage":{"@id":"https:\/\/www.aircharter.com\/air-charter-commercial\/#primaryimage"},"image":{"@id":"https:\/\/www.aircharter.com\/air-charter-commercial\/#primaryimage"},"thumbnailUrl":"https:\/\/www.aircharter.com\/wp-content\/uploads\/2013\/11\/commercial-air-charter.jpg","datePublished":"2014-03-31T17:34:30+00:00","dateModified":"2022-12-11T22:52:42+00:00","breadcrumb":{"@id":"https:\/\/www.aircharter.com\/air-charter-commercial\/#breadcrumb"},"inLanguage":"fr-FR","potentialAction":[{"@type":"ReadAction","target":["https:\/\/www.aircharter.com\/air-charter-commercial\/"]}]},{"@type":"ImageObject","inLanguage":"fr-FR","@id":"https:\/\/www.aircharter.com\/air-charter-commercial\/#primaryimage","url":"https:\/\/www.aircharter.com\/wp-content\/uploads\/2013\/11\/commercial-air-charter.jpg","contentUrl":"https:\/\/www.aircharter.com\/wp-content\/uploads\/2013\/11\/commercial-air-charter.jpg"},{"@type":"BreadcrumbList","@id":"https:\/\/www.aircharter.com\/air-charter-commercial\/#breadcrumb","itemListElement":[{"@type":"ListItem","position":1,"name":"Home","item":"https:\/\/www.aircharter.com\/"},{"@type":"ListItem","position":2,"name":"Air Charter Commercial"}]},{"@type":"WebSite","@id":"https:\/\/www.aircharter.com\/de\/#website","url":"https:\/\/www.aircharter.com\/de\/","name":"Aircharter","description":"Air Charter | Private Jet Charter &amp; Rental | Fly Smarter | Hire a Business Jet","publisher":{"@id":"https:\/\/www.aircharter.com\/de\/#organization"},"potentialAction":[{"@type":"SearchAction","target":{"@type":"EntryPoint","urlTemplate":"https:\/\/www.aircharter.com\/de\/?s={search_term_string}"},"query-input":{"@type":"PropertyValueSpecification","valueRequired":true,"valueName":"search_term_string"}}],"inLanguage":"fr-FR"},{"@type":"Organization","@id":"https:\/\/www.aircharter.com\/de\/#organization","name":"Aircharter.com LLC","url":"https:\/\/www.aircharter.com\/de\/","logo":{"@type":"ImageObject","inLanguage":"fr-FR","@id":"https:\/\/www.aircharter.com\/de\/#\/schema\/logo\/image\/","url":"https:\/\/www.aircharter.com\/wp-content\/uploads\/2022\/12\/Aircharter_logo_114X1141-11.png","contentUrl":"https:\/\/www.aircharter.com\/wp-content\/uploads\/2022\/12\/Aircharter_logo_114X1141-11.png","width":114,"height":114,"caption":"Aircharter.com LLC"},"image":{"@id":"https:\/\/www.aircharter.com\/de\/#\/schema\/logo\/image\/"}}]}},"_links":{"self":[{"href":"https:\/\/www.aircharter.com\/fr\/wp-json\/wp\/v2\/pages\/26073","targetHints":{"allow":["GET"]}}],"collection":[{"href":"https:\/\/www.aircharter.com\/fr\/wp-json\/wp\/v2\/pages"}],"about":[{"href":"https:\/\/www.aircharter.com\/fr\/wp-json\/wp\/v2\/types\/page"}],"author":[{"embeddable":true,"href":"https:\/\/www.aircharter.com\/fr\/wp-json\/wp\/v2\/users\/14"}],"replies":[{"embeddable":true,"href":"https:\/\/www.aircharter.com\/fr\/wp-json\/wp\/v2\/comments?post=26073"}],"version-history":[{"count":7,"href":"https:\/\/www.aircharter.com\/fr\/wp-json\/wp\/v2\/pages\/26073\/revisions"}],"predecessor-version":[{"id":26077,"href":"https:\/\/www.aircharter.com\/fr\/wp-json\/wp\/v2\/pages\/26073\/revisions\/26077"}],"wp:attachment":[{"href":"https:\/\/www.aircharter.com\/fr\/wp-json\/wp\/v2\/media?parent=26073"}],"curies":[{"name":"wp","href":"https:\/\/api.w.org\/{rel}","templated":true}]}}