{"id":26153,"date":"2014-04-03T17:49:48","date_gmt":"2014-04-03T21:49:48","guid":{"rendered":"https:\/\/www.aircharter.com\/?page_id=26153"},"modified":"2022-12-11T17:52:41","modified_gmt":"2022-12-11T22:52:41","slug":"les-vols-affretement-a-destination-de-las-vegas","status":"publish","type":"page","link":"https:\/\/www.aircharter.com\/fr\/les-vols-affretement-a-destination-de-las-vegas\/","title":{"rendered":"Les Vols d&rsquo;affr\u00e8tement \u00e0 destination de Las Vegas"},"content":{"rendered":"<h1><strong>Les vols d&rsquo;affr\u00e8tement \u00e0 destination de Las Vegas<\/strong><\/h1>\n<p>Vous cherchez \u00e0 louer \u00a0aujourd&rsquo;hui \u00a0un vol \u00e0 destination de Las Vegas, nous avons ce qu\u2019il vous faut. Si vous souhaitez faire un d\u00e9part \u00a0de \u00a0Los Angeles ou de New York, ou de n&rsquo;importe quelle ville \u00a0dans le monde, nous serons avec vous \u00e0 chaque \u00e9tape du chemin. Affr\u00e9ter un jet priv\u00e9 n\u2019est plus compliqu\u00e9, il vous suffit d\u2019utiliser un \u00a0Moteur de r\u00e9servation automatique afin d\u2019avoir un prix estimatif pour \u00a0votre vol charter \u00e0 destination de \u00a0Las Vegas ou toute autre destination<\/p>\n<p>Fond\u00e9 en 1985, Air Charter est devenu \u00a0leader \u00a0des \u00a0services \u00a0charter d&rsquo;avions priv\u00e9s dans le monde. N\u00e9 de la volont\u00e9 d&rsquo;offrir aux clients un moyen plus simple et plus compr\u00e9hensible pour acheter des services d&rsquo;affr\u00e8tement, Air Charter a \u00e9t\u00e9 fond\u00e9e sur le principe de satisfaire d&rsquo;abord les besoins du client<\/p>\n<ul>\n<li>Le vrai co\u00fbt du vol sur un jet priv\u00e9 a toujours \u00e9t\u00e9 envelopp\u00e9 par \u00a0le myst\u00e8re des\u00a0 conditions \u00a0techniques et de frais cach\u00e9s qui pourraient \u00eatre source de confusion, m\u00eame pour un voyageur saisonnier. \u00a0Air Charter a simplifi\u00e9 le processus en cr\u00e9ant la \u00able Prix garantie de l\u2019affr\u00e8tement de \u00a0Jet\u00a0\u00bb Le prix de location sur votre devis est le prix que vous payez<\/li>\n<li>Air Charter op\u00e8re sur le principe \u00a0du service client\u00e8le complet des jets. Son \u00e9quipe cr\u00e9e des vols charter priv\u00e9 personnalis\u00e9s \u00e0 destination de Las Vegas qui r\u00e9pond aux besoins des passagers, y compris la disposition du service des repas gastronomique, boissons sp\u00e9ciales, divertissement en vol, et d&rsquo;autres \u00e9quipements<\/li>\n<\/ul>\n<p><strong>Pourquoi Air Charter.com SARL ?<\/strong><\/p>\n<p><img decoding=\"async\" class=\"alignright\" title=\"charter flight to las vegas\" src=\"https:\/\/www.aircharter.com\/wp-content\/uploads\/2013\/06\/plane_sunset2.jpg\" alt=\"charter flight to las vegas\" width=\"210\" height=\"168\" \/><\/p>\n<p>Air Charter \u00e0 plus de 17 ans d&rsquo;exp\u00e9rience dans les \u00a0solutions<\/p>\n<p>D\u2019affr\u00e9tement et n&#8217;emploie que les meilleurs experts.<\/p>\n<p>AirCharter.com organise plus de 9.000 contrats<\/p>\n<p>D\u2019affr\u00e8tements complets par an en impliquant<\/p>\n<p>de multiples secteurs et a un chiffre d&rsquo;affaires annuel<\/p>\n<p>de plus de $ 600 Millions<\/p>\n<p><strong>Pourquoi choisir Air Charter.com LLC?<\/strong><\/p>\n<p><b>Gestion de compte personnel &#8211;<\/b>\u00a0D\u00e8s que nous recevons votre demande, nous vous attribuons votre propre expert charter. Ils seront disponibles \u00e0 partir du moment o\u00f9 vous r\u00e9servez votre vol et au moment o\u00f9 vous atterrissez.<\/p>\n<p><b>Le support de vol &#8211;<\/b>\u00a0Cette \u00e9quipe d\u00e9di\u00e9e s\u2019assure que tous vos besoins sont satisfait durant l\u2019exp\u00e9rience Charter<\/p>\n<p><b>AirCharter- protection de paiement<\/b>\u00a0\u2013 Peut-\u00eatre disponible \u00e0 faible co\u00fbt et vous et vos clients seront prot\u00e9g\u00e9 en cas de faillite des compagnies a\u00e9riennes<\/p>\n<p><b>Pouvoir de n\u00e9gociation &#8211;<\/b>\u00a0Au fil des ann\u00e9es, AirCharter.com a construit beaucoup de relations solides avec les compagnies a\u00e9riennes. Notre taille et notre r\u00e9putation nous permettent de n\u00e9gocier de meilleurs tarifs qui peuvent ensuite offrir des \u00e9conomies \u00e0 nos clients.<\/p>\n<p><b>Repr\u00e9sentation compl\u00e9mentaire dans le vol<\/b>\u00a0\u2013 Si vous le souhaitez, nous pouvons vous envoyer un membre du personnel pour accompagner votre groupe sur le vol pour s\u2019assurer que tout fonctionne bien et vous offrir la tranquillit\u00e9 d\u2019esprit.<\/p>\n<p><b>Marquage au co\u00fbt des frais\u00a0<\/b>&#8211; De l\u2019uniforme d\u2019\u00e9quipage de cabine \u00e0 des pupitres et des appuis-t\u00eate dans le bureau check-in nous pouvons fournir des solutions de marquage multiples pour vous<\/p>\n<p><b>Pr\u00e9sence mondiale<\/b>\u00a0\u2013 Gr\u00e2ce \u00e0 notre r\u00e9seau d\u00e9j\u00e0 \u00e9tabli \u00e0 travers des bureaux internationaux, nous pouvons vous offrir l\u2019expertise locale et nos bureaux vont travailler ensemble pour assurer le meilleur service possible<\/p>\n<p><b>Contactez 24\/7-<\/b>\u00a0Nos professionnels Charter sont disponibles 24 heures \/ 7 jours par semaine<\/p>\n<p>&nbsp;<\/p>\n","protected":false},"excerpt":{"rendered":"<p>Les vols d&rsquo;affr\u00e8tement \u00e0 destination de Las Vegas Vous cherchez \u00e0 louer \u00a0aujourd&rsquo;hui \u00a0un vol \u00e0 destination de Las Vegas, nous avons ce qu\u2019il vous faut. Si vous souhaitez faire un d\u00e9part \u00a0de \u00a0Los Angeles ou de New York, ou de n&rsquo;importe quelle ville \u00a0dans le monde, nous serons avec vous \u00e0 chaque \u00e9tape du chemin. Affr\u00e9ter un jet priv\u00e9 n\u2019est plus compliqu\u00e9, il vous suffit d\u2019utiliser un \u00a0Moteur de r\u00e9servation automatique afin d\u2019avoir un prix estimatif pour \u00a0votre vol charter \u00e0 destination de \u00a0Las Vegas ou toute autre destination Fond\u00e9 en 1985, Air Charter est devenu \u00a0leader \u00a0des \u00a0services \u00a0charter d&rsquo;avions priv\u00e9s dans le monde. N\u00e9 de la volont\u00e9 d&rsquo;offrir aux clients un moyen plus simple et plus compr\u00e9hensible pour acheter des services d&rsquo;affr\u00e8tement, Air Charter a \u00e9t\u00e9 fond\u00e9e sur le principe de satisfaire d&rsquo;abord les besoins du client Le vrai co\u00fbt du vol sur un jet priv\u00e9 a toujours \u00e9t\u00e9 envelopp\u00e9 par \u00a0le myst\u00e8re des\u00a0 conditions \u00a0techniques et de frais cach\u00e9s qui pourraient \u00eatre source de confusion, m\u00eame pour un voyageur saisonnier. \u00a0Air Charter a simplifi\u00e9 le processus en cr\u00e9ant la \u00able Prix garantie de l\u2019affr\u00e8tement de \u00a0Jet\u00a0\u00bb Le prix de location sur votre devis est le prix que vous payez Air Charter op\u00e8re sur le principe \u00a0du service client\u00e8le complet des jets. Son \u00e9quipe cr\u00e9e des vols charter priv\u00e9 personnalis\u00e9s \u00e0 destination de Las Vegas qui r\u00e9pond aux besoins des passagers, y compris la disposition du service des repas gastronomique, boissons sp\u00e9ciales, divertissement en vol, et d&rsquo;autres \u00e9quipements Pourquoi Air Charter.com SARL ? Air Charter \u00e0 plus de 17 ans d&rsquo;exp\u00e9rience dans les \u00a0solutions D\u2019affr\u00e9tement et n&#8217;emploie que les meilleurs experts. AirCharter.com organise plus de 9.000 contrats D\u2019affr\u00e8tements complets par an en<\/p>\n","protected":false},"author":14,"featured_media":0,"parent":0,"menu_order":0,"comment_status":"closed","ping_status":"closed","template":"","meta":{"footnotes":""},"class_list":["post-26153","page","type-page","status-publish","hentry"],"yoast_head":"<!-- This site is optimized with the Yoast SEO plugin v27.4 - https:\/\/yoast.com\/product\/yoast-seo-wordpress\/ -->\n<title>Les Vols d&#039;affr\u00e8tement \u00e0 destination de Las Vegas - Aircharter<\/title>\n<meta name=\"robots\" content=\"index, follow, max-snippet:-1, max-image-preview:large, max-video-preview:-1\" \/>\n<link rel=\"canonical\" href=\"https:\/\/www.aircharter.com\/les-vols-affretement-a-destination-de-las-vegas\/\" \/>\n<meta property=\"og:locale\" content=\"fr_FR\" \/>\n<meta property=\"og:type\" content=\"article\" \/>\n<meta property=\"og:title\" content=\"Les Vols d&#039;affr\u00e8tement \u00e0 destination de Las Vegas - Aircharter\" \/>\n<meta property=\"og:description\" content=\"Les vols d&rsquo;affr\u00e8tement \u00e0 destination de Las Vegas Vous cherchez \u00e0 louer \u00a0aujourd&rsquo;hui \u00a0un vol \u00e0 destination de Las Vegas, nous avons ce qu\u2019il vous faut. Si vous souhaitez faire un d\u00e9part \u00a0de \u00a0Los Angeles ou de New York, ou de n&rsquo;importe quelle ville \u00a0dans le monde, nous serons avec vous \u00e0 chaque \u00e9tape du chemin. Affr\u00e9ter un jet priv\u00e9 n\u2019est plus compliqu\u00e9, il vous suffit d\u2019utiliser un \u00a0Moteur de r\u00e9servation automatique afin d\u2019avoir un prix estimatif pour \u00a0votre vol charter \u00e0 destination de \u00a0Las Vegas ou toute autre destination Fond\u00e9 en 1985, Air Charter est devenu \u00a0leader \u00a0des \u00a0services \u00a0charter d&rsquo;avions priv\u00e9s dans le monde. N\u00e9 de la volont\u00e9 d&rsquo;offrir aux clients un moyen plus simple et plus compr\u00e9hensible pour acheter des services d&rsquo;affr\u00e8tement, Air Charter a \u00e9t\u00e9 fond\u00e9e sur le principe de satisfaire d&rsquo;abord les besoins du client Le vrai co\u00fbt du vol sur un jet priv\u00e9 a toujours \u00e9t\u00e9 envelopp\u00e9 par \u00a0le myst\u00e8re des\u00a0 conditions \u00a0techniques et de frais cach\u00e9s qui pourraient \u00eatre source de confusion, m\u00eame pour un voyageur saisonnier. \u00a0Air Charter a simplifi\u00e9 le processus en cr\u00e9ant la \u00able Prix garantie de l\u2019affr\u00e8tement de \u00a0Jet\u00a0\u00bb Le prix de location sur votre devis est le prix que vous payez Air Charter op\u00e8re sur le principe \u00a0du service client\u00e8le complet des jets. Son \u00e9quipe cr\u00e9e des vols charter priv\u00e9 personnalis\u00e9s \u00e0 destination de Las Vegas qui r\u00e9pond aux besoins des passagers, y compris la disposition du service des repas gastronomique, boissons sp\u00e9ciales, divertissement en vol, et d&rsquo;autres \u00e9quipements Pourquoi Air Charter.com SARL ? Air Charter \u00e0 plus de 17 ans d&rsquo;exp\u00e9rience dans les \u00a0solutions D\u2019affr\u00e9tement et n&#8217;emploie que les meilleurs experts. AirCharter.com organise plus de 9.000 contrats D\u2019affr\u00e8tements complets par an en\" \/>\n<meta property=\"og:url\" content=\"https:\/\/www.aircharter.com\/les-vols-affretement-a-destination-de-las-vegas\/\" \/>\n<meta property=\"og:site_name\" content=\"Aircharter\" \/>\n<meta property=\"article:modified_time\" content=\"2022-12-11T22:52:41+00:00\" \/>\n<meta property=\"og:image\" content=\"https:\/\/www.aircharter.com\/wp-content\/uploads\/2013\/06\/plane_sunset2.jpg\" \/>\n<meta name=\"twitter:card\" content=\"summary_large_image\" \/>\n<meta name=\"twitter:label1\" content=\"Dur\u00e9e de lecture estim\u00e9e\" \/>\n\t<meta name=\"twitter:data1\" content=\"3 minutes\" \/>\n<script type=\"application\/ld+json\" class=\"yoast-schema-graph\">{\"@context\":\"https:\\\/\\\/schema.org\",\"@graph\":[{\"@type\":\"WebPage\",\"@id\":\"https:\\\/\\\/www.aircharter.com\\\/les-vols-affretement-a-destination-de-las-vegas\\\/\",\"url\":\"https:\\\/\\\/www.aircharter.com\\\/les-vols-affretement-a-destination-de-las-vegas\\\/\",\"name\":\"Les Vols d'affr\u00e8tement \u00e0 destination de Las Vegas - Aircharter\",\"isPartOf\":{\"@id\":\"https:\\\/\\\/www.aircharter.com\\\/de\\\/#website\"},\"primaryImageOfPage\":{\"@id\":\"https:\\\/\\\/www.aircharter.com\\\/les-vols-affretement-a-destination-de-las-vegas\\\/#primaryimage\"},\"image\":{\"@id\":\"https:\\\/\\\/www.aircharter.com\\\/les-vols-affretement-a-destination-de-las-vegas\\\/#primaryimage\"},\"thumbnailUrl\":\"https:\\\/\\\/www.aircharter.com\\\/wp-content\\\/uploads\\\/2013\\\/06\\\/plane_sunset2.jpg\",\"datePublished\":\"2014-04-03T21:49:48+00:00\",\"dateModified\":\"2022-12-11T22:52:41+00:00\",\"breadcrumb\":{\"@id\":\"https:\\\/\\\/www.aircharter.com\\\/les-vols-affretement-a-destination-de-las-vegas\\\/#breadcrumb\"},\"inLanguage\":\"fr-FR\",\"potentialAction\":[{\"@type\":\"ReadAction\",\"target\":[\"https:\\\/\\\/www.aircharter.com\\\/les-vols-affretement-a-destination-de-las-vegas\\\/\"]}]},{\"@type\":\"ImageObject\",\"inLanguage\":\"fr-FR\",\"@id\":\"https:\\\/\\\/www.aircharter.com\\\/les-vols-affretement-a-destination-de-las-vegas\\\/#primaryimage\",\"url\":\"https:\\\/\\\/www.aircharter.com\\\/wp-content\\\/uploads\\\/2013\\\/06\\\/plane_sunset2.jpg\",\"contentUrl\":\"https:\\\/\\\/www.aircharter.com\\\/wp-content\\\/uploads\\\/2013\\\/06\\\/plane_sunset2.jpg\"},{\"@type\":\"BreadcrumbList\",\"@id\":\"https:\\\/\\\/www.aircharter.com\\\/les-vols-affretement-a-destination-de-las-vegas\\\/#breadcrumb\",\"itemListElement\":[{\"@type\":\"ListItem\",\"position\":1,\"name\":\"Home\",\"item\":\"https:\\\/\\\/www.aircharter.com\\\/\"},{\"@type\":\"ListItem\",\"position\":2,\"name\":\"Les Vols d&#8217;affr\u00e8tement \u00e0 destination de Las Vegas\"}]},{\"@type\":\"WebSite\",\"@id\":\"https:\\\/\\\/www.aircharter.com\\\/de\\\/#website\",\"url\":\"https:\\\/\\\/www.aircharter.com\\\/de\\\/\",\"name\":\"Aircharter\",\"description\":\"Air Charter | Private Jet Charter &amp; Rental | Fly Smarter | Hire a Business Jet\",\"publisher\":{\"@id\":\"https:\\\/\\\/www.aircharter.com\\\/de\\\/#organization\"},\"potentialAction\":[{\"@type\":\"SearchAction\",\"target\":{\"@type\":\"EntryPoint\",\"urlTemplate\":\"https:\\\/\\\/www.aircharter.com\\\/de\\\/?s={search_term_string}\"},\"query-input\":{\"@type\":\"PropertyValueSpecification\",\"valueRequired\":true,\"valueName\":\"search_term_string\"}}],\"inLanguage\":\"fr-FR\"},{\"@type\":\"Organization\",\"@id\":\"https:\\\/\\\/www.aircharter.com\\\/de\\\/#organization\",\"name\":\"Aircharter.com LLC\",\"url\":\"https:\\\/\\\/www.aircharter.com\\\/de\\\/\",\"logo\":{\"@type\":\"ImageObject\",\"inLanguage\":\"fr-FR\",\"@id\":\"https:\\\/\\\/www.aircharter.com\\\/de\\\/#\\\/schema\\\/logo\\\/image\\\/\",\"url\":\"https:\\\/\\\/www.aircharter.com\\\/wp-content\\\/uploads\\\/2022\\\/12\\\/Aircharter_logo_114X1141-11.png\",\"contentUrl\":\"https:\\\/\\\/www.aircharter.com\\\/wp-content\\\/uploads\\\/2022\\\/12\\\/Aircharter_logo_114X1141-11.png\",\"width\":114,\"height\":114,\"caption\":\"Aircharter.com LLC\"},\"image\":{\"@id\":\"https:\\\/\\\/www.aircharter.com\\\/de\\\/#\\\/schema\\\/logo\\\/image\\\/\"}}]}<\/script>\n<!-- \/ Yoast SEO plugin. -->","yoast_head_json":{"title":"Les Vols d'affr\u00e8tement \u00e0 destination de Las Vegas - Aircharter","robots":{"index":"index","follow":"follow","max-snippet":"max-snippet:-1","max-image-preview":"max-image-preview:large","max-video-preview":"max-video-preview:-1"},"canonical":"https:\/\/www.aircharter.com\/les-vols-affretement-a-destination-de-las-vegas\/","og_locale":"fr_FR","og_type":"article","og_title":"Les Vols d'affr\u00e8tement \u00e0 destination de Las Vegas - Aircharter","og_description":"Les vols d&rsquo;affr\u00e8tement \u00e0 destination de Las Vegas Vous cherchez \u00e0 louer \u00a0aujourd&rsquo;hui \u00a0un vol \u00e0 destination de Las Vegas, nous avons ce qu\u2019il vous faut. Si vous souhaitez faire un d\u00e9part \u00a0de \u00a0Los Angeles ou de New York, ou de n&rsquo;importe quelle ville \u00a0dans le monde, nous serons avec vous \u00e0 chaque \u00e9tape du chemin. Affr\u00e9ter un jet priv\u00e9 n\u2019est plus compliqu\u00e9, il vous suffit d\u2019utiliser un \u00a0Moteur de r\u00e9servation automatique afin d\u2019avoir un prix estimatif pour \u00a0votre vol charter \u00e0 destination de \u00a0Las Vegas ou toute autre destination Fond\u00e9 en 1985, Air Charter est devenu \u00a0leader \u00a0des \u00a0services \u00a0charter d&rsquo;avions priv\u00e9s dans le monde. N\u00e9 de la volont\u00e9 d&rsquo;offrir aux clients un moyen plus simple et plus compr\u00e9hensible pour acheter des services d&rsquo;affr\u00e8tement, Air Charter a \u00e9t\u00e9 fond\u00e9e sur le principe de satisfaire d&rsquo;abord les besoins du client Le vrai co\u00fbt du vol sur un jet priv\u00e9 a toujours \u00e9t\u00e9 envelopp\u00e9 par \u00a0le myst\u00e8re des\u00a0 conditions \u00a0techniques et de frais cach\u00e9s qui pourraient \u00eatre source de confusion, m\u00eame pour un voyageur saisonnier. \u00a0Air Charter a simplifi\u00e9 le processus en cr\u00e9ant la \u00able Prix garantie de l\u2019affr\u00e8tement de \u00a0Jet\u00a0\u00bb Le prix de location sur votre devis est le prix que vous payez Air Charter op\u00e8re sur le principe \u00a0du service client\u00e8le complet des jets. Son \u00e9quipe cr\u00e9e des vols charter priv\u00e9 personnalis\u00e9s \u00e0 destination de Las Vegas qui r\u00e9pond aux besoins des passagers, y compris la disposition du service des repas gastronomique, boissons sp\u00e9ciales, divertissement en vol, et d&rsquo;autres \u00e9quipements Pourquoi Air Charter.com SARL ? Air Charter \u00e0 plus de 17 ans d&rsquo;exp\u00e9rience dans les \u00a0solutions D\u2019affr\u00e9tement et n&#8217;emploie que les meilleurs experts. AirCharter.com organise plus de 9.000 contrats D\u2019affr\u00e8tements complets par an en","og_url":"https:\/\/www.aircharter.com\/les-vols-affretement-a-destination-de-las-vegas\/","og_site_name":"Aircharter","article_modified_time":"2022-12-11T22:52:41+00:00","og_image":[{"url":"https:\/\/www.aircharter.com\/wp-content\/uploads\/2013\/06\/plane_sunset2.jpg","type":"","width":"","height":""}],"twitter_card":"summary_large_image","twitter_misc":{"Dur\u00e9e de lecture estim\u00e9e":"3 minutes"},"schema":{"@context":"https:\/\/schema.org","@graph":[{"@type":"WebPage","@id":"https:\/\/www.aircharter.com\/les-vols-affretement-a-destination-de-las-vegas\/","url":"https:\/\/www.aircharter.com\/les-vols-affretement-a-destination-de-las-vegas\/","name":"Les Vols d'affr\u00e8tement \u00e0 destination de Las Vegas - Aircharter","isPartOf":{"@id":"https:\/\/www.aircharter.com\/de\/#website"},"primaryImageOfPage":{"@id":"https:\/\/www.aircharter.com\/les-vols-affretement-a-destination-de-las-vegas\/#primaryimage"},"image":{"@id":"https:\/\/www.aircharter.com\/les-vols-affretement-a-destination-de-las-vegas\/#primaryimage"},"thumbnailUrl":"https:\/\/www.aircharter.com\/wp-content\/uploads\/2013\/06\/plane_sunset2.jpg","datePublished":"2014-04-03T21:49:48+00:00","dateModified":"2022-12-11T22:52:41+00:00","breadcrumb":{"@id":"https:\/\/www.aircharter.com\/les-vols-affretement-a-destination-de-las-vegas\/#breadcrumb"},"inLanguage":"fr-FR","potentialAction":[{"@type":"ReadAction","target":["https:\/\/www.aircharter.com\/les-vols-affretement-a-destination-de-las-vegas\/"]}]},{"@type":"ImageObject","inLanguage":"fr-FR","@id":"https:\/\/www.aircharter.com\/les-vols-affretement-a-destination-de-las-vegas\/#primaryimage","url":"https:\/\/www.aircharter.com\/wp-content\/uploads\/2013\/06\/plane_sunset2.jpg","contentUrl":"https:\/\/www.aircharter.com\/wp-content\/uploads\/2013\/06\/plane_sunset2.jpg"},{"@type":"BreadcrumbList","@id":"https:\/\/www.aircharter.com\/les-vols-affretement-a-destination-de-las-vegas\/#breadcrumb","itemListElement":[{"@type":"ListItem","position":1,"name":"Home","item":"https:\/\/www.aircharter.com\/"},{"@type":"ListItem","position":2,"name":"Les Vols d&#8217;affr\u00e8tement \u00e0 destination de Las Vegas"}]},{"@type":"WebSite","@id":"https:\/\/www.aircharter.com\/de\/#website","url":"https:\/\/www.aircharter.com\/de\/","name":"Aircharter","description":"Air Charter | Private Jet Charter &amp; Rental | Fly Smarter | Hire a Business Jet","publisher":{"@id":"https:\/\/www.aircharter.com\/de\/#organization"},"potentialAction":[{"@type":"SearchAction","target":{"@type":"EntryPoint","urlTemplate":"https:\/\/www.aircharter.com\/de\/?s={search_term_string}"},"query-input":{"@type":"PropertyValueSpecification","valueRequired":true,"valueName":"search_term_string"}}],"inLanguage":"fr-FR"},{"@type":"Organization","@id":"https:\/\/www.aircharter.com\/de\/#organization","name":"Aircharter.com LLC","url":"https:\/\/www.aircharter.com\/de\/","logo":{"@type":"ImageObject","inLanguage":"fr-FR","@id":"https:\/\/www.aircharter.com\/de\/#\/schema\/logo\/image\/","url":"https:\/\/www.aircharter.com\/wp-content\/uploads\/2022\/12\/Aircharter_logo_114X1141-11.png","contentUrl":"https:\/\/www.aircharter.com\/wp-content\/uploads\/2022\/12\/Aircharter_logo_114X1141-11.png","width":114,"height":114,"caption":"Aircharter.com LLC"},"image":{"@id":"https:\/\/www.aircharter.com\/de\/#\/schema\/logo\/image\/"}}]}},"_links":{"self":[{"href":"https:\/\/www.aircharter.com\/fr\/wp-json\/wp\/v2\/pages\/26153","targetHints":{"allow":["GET"]}}],"collection":[{"href":"https:\/\/www.aircharter.com\/fr\/wp-json\/wp\/v2\/pages"}],"about":[{"href":"https:\/\/www.aircharter.com\/fr\/wp-json\/wp\/v2\/types\/page"}],"author":[{"embeddable":true,"href":"https:\/\/www.aircharter.com\/fr\/wp-json\/wp\/v2\/users\/14"}],"replies":[{"embeddable":true,"href":"https:\/\/www.aircharter.com\/fr\/wp-json\/wp\/v2\/comments?post=26153"}],"version-history":[{"count":7,"href":"https:\/\/www.aircharter.com\/fr\/wp-json\/wp\/v2\/pages\/26153\/revisions"}],"predecessor-version":[{"id":26645,"href":"https:\/\/www.aircharter.com\/fr\/wp-json\/wp\/v2\/pages\/26153\/revisions\/26645"}],"wp:attachment":[{"href":"https:\/\/www.aircharter.com\/fr\/wp-json\/wp\/v2\/media?parent=26153"}],"curies":[{"name":"wp","href":"https:\/\/api.w.org\/{rel}","templated":true}]}}