{"id":26165,"date":"2014-04-05T08:02:30","date_gmt":"2014-04-05T12:02:30","guid":{"rendered":"https:\/\/www.aircharter.com\/?page_id=26165"},"modified":"2022-12-11T17:52:41","modified_gmt":"2022-12-11T22:52:41","slug":"voyage-de-groupe","status":"publish","type":"page","link":"https:\/\/www.aircharter.com\/fr\/voyage-de-groupe\/","title":{"rendered":"Voyage de groupe"},"content":{"rendered":"<h1><strong>Voyage de Groupe\u00a0<\/strong><\/h1>\n<p>Aircharter offre un service de Voyage de groupe extraordinaire pour l&rsquo;industrie du divertissement et de la production. Tous nos appareils peuvent \u00eatre personnalis\u00e9s pour s&rsquo;adapter \u00e0 vos besoins, qu&rsquo;il s&rsquo;agisse d&rsquo;un 737, \u00a0pour accueillir des musiciens et des instruments de votre symphonie \u00e0 bord, ou\u00a0d\u2019un Air Charter pour g\u00e9rer le transport de l&rsquo;\u00e9quipage et de l&rsquo;\u00e9quipement des \u00a0lieux de tournage \u00e0 distance.<\/p>\n<p>Nous pouvons vous fournir sans arr\u00eat, un acc\u00e8s direct vers des destinations qui ne sont pas habituellement offert \u00a0par les compagnies a\u00e9riennes, c\u2019est la cr\u00e9ation d&rsquo;une exp\u00e9rience de Voyage beaucoup plus pratique et luxueuse pour vos passagers. Notre appareil peut \u00eatre configur\u00e9 pour l&rsquo;entra\u00eeneur des si\u00e8ges pour une approche \u00e9conomique des voyages, et \u00a0certains peuvent m\u00eame \u00eatre \u00e9quip\u00e9s de luxueux si\u00e8ges de premi\u00e8re classe<\/p>\n<p>Qu\u2019est ce qui diff\u00e9rencie Air Charter du reste quand il s&rsquo;agit du Charter sport?<\/p>\n<p><img decoding=\"async\" class=\"alignright\" title=\"group travel\" alt=\"group travel\" src=\"https:\/\/www.aircharter.com\/wp-content\/uploads\/2012\/07\/BBJ_K64830.jpg\" width=\"210\" height=\"168\" \/>C&rsquo;est de vous fournir le billet gagnant. Que vous transportez votre \u00e9quipe sportive ou tous leurs fans d\u00e9vou\u00e9s, Air Charter a toujours l&rsquo;\u0153il sur la balle<\/p>\n<p>Un r\u00e9seau mondial d&rsquo;appareils approuv\u00e9s, y compris la plus grande flotte disponible de sport aux \u00c9tats-Unis , pour vous offrir la plus grande vari\u00e9t\u00e9 de mod\u00e8les et de configuration\u00a0 de si\u00e8ge , allant de 19 si\u00e8ges turbopropulseurs \u00e0 de confortables 747 \u00e0 large fuselage<\/p>\n<p>Nous offrons une capacit\u00e9 d&rsquo;expertise pour g\u00e9rer <em>les horaires selon les exigences de l&rsquo;\u00e9quipe de Sport \u00a0et de leurs\u00a0 fans\u00a0<\/em><\/p>\n<p>Air Charter peut vous offrir l&rsquo;exp\u00e9rience VIP ultime gr\u00e2ce \u00e0 notre service de premi\u00e8re classe sur notre Air Charter VIP pour vos besoins de voyage en \u00a0groupe.<\/p>\n<p>Un R\u00e9seau mondial d&rsquo;op\u00e9rateur pour vous offrir la plus grande vari\u00e9t\u00e9 de configurations de l&rsquo;avion de premi\u00e8re classe et un coin salon, pouvant accueillir de 40 passagers \u00e0 88 passagers.<\/p>\n<p>Int\u00e9rieurs d&rsquo;avions de luxe, notamment des si\u00e8ges en cuir, \u00a0riches placages de bois et les salons de luxe.<\/p>\n<p>Le Personnel orient\u00e9s services s&rsquo;occupent de tous les d\u00e9tails, y compris la restauration et des \u00e9quipements de premi\u00e8re classe et le service\u00a0 en argent<\/p>\n<p>Aircharter a plus de 17 ans d&rsquo;exp\u00e9rience et d&rsquo;expertise dans la prestation des services d&rsquo;affr\u00e8tement a\u00e9rien sur mesure \u00e0 ses clients dans le monde entier. Dans le cadre de l&rsquo;op\u00e9ration globale de 24 heures d&rsquo;Air Charter, AirCharter.com Jets commerciaux est pr\u00eat \u00e0 planifier, organiser et g\u00e9rer les jets d\u2019affr\u00e8tement\u00a0 pour votre groupe. Utilisez notre syst\u00e8me de r\u00e9servation en ligne pour obtenir un bon prix<\/p>\n<p>&nbsp;<\/p>\n","protected":false},"excerpt":{"rendered":"<p>Voyage de Groupe\u00a0 Aircharter offre un service de Voyage de groupe extraordinaire pour l&rsquo;industrie du divertissement et de la production. Tous nos appareils peuvent \u00eatre personnalis\u00e9s pour s&rsquo;adapter \u00e0 vos besoins, qu&rsquo;il s&rsquo;agisse d&rsquo;un 737, \u00a0pour accueillir des musiciens et des instruments de votre symphonie \u00e0 bord, ou\u00a0d\u2019un Air Charter pour g\u00e9rer le transport de l&rsquo;\u00e9quipage et de l&rsquo;\u00e9quipement des \u00a0lieux de tournage \u00e0 distance. Nous pouvons vous fournir sans arr\u00eat, un acc\u00e8s direct vers des destinations qui ne sont pas habituellement offert \u00a0par les compagnies a\u00e9riennes, c\u2019est la cr\u00e9ation d&rsquo;une exp\u00e9rience de Voyage beaucoup plus pratique et luxueuse pour vos passagers. Notre appareil peut \u00eatre configur\u00e9 pour l&rsquo;entra\u00eeneur des si\u00e8ges pour une approche \u00e9conomique des voyages, et \u00a0certains peuvent m\u00eame \u00eatre \u00e9quip\u00e9s de luxueux si\u00e8ges de premi\u00e8re classe Qu\u2019est ce qui diff\u00e9rencie Air Charter du reste quand il s&rsquo;agit du Charter sport? C&rsquo;est de vous fournir le billet gagnant. Que vous transportez votre \u00e9quipe sportive ou tous leurs fans d\u00e9vou\u00e9s, Air Charter a toujours l&rsquo;\u0153il sur la balle Un r\u00e9seau mondial d&rsquo;appareils approuv\u00e9s, y compris la plus grande flotte disponible de sport aux \u00c9tats-Unis , pour vous offrir la plus grande vari\u00e9t\u00e9 de mod\u00e8les et de configuration\u00a0 de si\u00e8ge , allant de 19 si\u00e8ges turbopropulseurs \u00e0 de confortables 747 \u00e0 large fuselage Nous offrons une capacit\u00e9 d&rsquo;expertise pour g\u00e9rer les horaires selon les exigences de l&rsquo;\u00e9quipe de Sport \u00a0et de leurs\u00a0 fans\u00a0 Air Charter peut vous offrir l&rsquo;exp\u00e9rience VIP ultime gr\u00e2ce \u00e0 notre service de premi\u00e8re classe sur notre Air Charter VIP pour vos besoins de voyage en \u00a0groupe. Un R\u00e9seau mondial d&rsquo;op\u00e9rateur pour vous offrir la plus grande vari\u00e9t\u00e9 de configurations de l&rsquo;avion de premi\u00e8re classe et un coin salon, pouvant accueillir de<\/p>\n","protected":false},"author":14,"featured_media":0,"parent":0,"menu_order":0,"comment_status":"closed","ping_status":"closed","template":"","meta":{"footnotes":""},"class_list":["post-26165","page","type-page","status-publish","hentry"],"yoast_head":"<!-- This site is optimized with the Yoast SEO plugin v27.4 - https:\/\/yoast.com\/product\/yoast-seo-wordpress\/ -->\n<title>Voyage de groupe - Aircharter<\/title>\n<meta name=\"robots\" content=\"index, follow, max-snippet:-1, max-image-preview:large, max-video-preview:-1\" \/>\n<link rel=\"canonical\" href=\"https:\/\/www.aircharter.com\/voyage-de-groupe\/\" \/>\n<meta property=\"og:locale\" content=\"fr_FR\" \/>\n<meta property=\"og:type\" content=\"article\" \/>\n<meta property=\"og:title\" content=\"Voyage de groupe - Aircharter\" \/>\n<meta property=\"og:description\" content=\"Voyage de Groupe\u00a0 Aircharter offre un service de Voyage de groupe extraordinaire pour l&rsquo;industrie du divertissement et de la production. Tous nos appareils peuvent \u00eatre personnalis\u00e9s pour s&rsquo;adapter \u00e0 vos besoins, qu&rsquo;il s&rsquo;agisse d&rsquo;un 737, \u00a0pour accueillir des musiciens et des instruments de votre symphonie \u00e0 bord, ou\u00a0d\u2019un Air Charter pour g\u00e9rer le transport de l&rsquo;\u00e9quipage et de l&rsquo;\u00e9quipement des \u00a0lieux de tournage \u00e0 distance. Nous pouvons vous fournir sans arr\u00eat, un acc\u00e8s direct vers des destinations qui ne sont pas habituellement offert \u00a0par les compagnies a\u00e9riennes, c\u2019est la cr\u00e9ation d&rsquo;une exp\u00e9rience de Voyage beaucoup plus pratique et luxueuse pour vos passagers. Notre appareil peut \u00eatre configur\u00e9 pour l&rsquo;entra\u00eeneur des si\u00e8ges pour une approche \u00e9conomique des voyages, et \u00a0certains peuvent m\u00eame \u00eatre \u00e9quip\u00e9s de luxueux si\u00e8ges de premi\u00e8re classe Qu\u2019est ce qui diff\u00e9rencie Air Charter du reste quand il s&rsquo;agit du Charter sport? C&rsquo;est de vous fournir le billet gagnant. Que vous transportez votre \u00e9quipe sportive ou tous leurs fans d\u00e9vou\u00e9s, Air Charter a toujours l&rsquo;\u0153il sur la balle Un r\u00e9seau mondial d&rsquo;appareils approuv\u00e9s, y compris la plus grande flotte disponible de sport aux \u00c9tats-Unis , pour vous offrir la plus grande vari\u00e9t\u00e9 de mod\u00e8les et de configuration\u00a0 de si\u00e8ge , allant de 19 si\u00e8ges turbopropulseurs \u00e0 de confortables 747 \u00e0 large fuselage Nous offrons une capacit\u00e9 d&rsquo;expertise pour g\u00e9rer les horaires selon les exigences de l&rsquo;\u00e9quipe de Sport \u00a0et de leurs\u00a0 fans\u00a0 Air Charter peut vous offrir l&rsquo;exp\u00e9rience VIP ultime gr\u00e2ce \u00e0 notre service de premi\u00e8re classe sur notre Air Charter VIP pour vos besoins de voyage en \u00a0groupe. Un R\u00e9seau mondial d&rsquo;op\u00e9rateur pour vous offrir la plus grande vari\u00e9t\u00e9 de configurations de l&rsquo;avion de premi\u00e8re classe et un coin salon, pouvant accueillir de\" \/>\n<meta property=\"og:url\" content=\"https:\/\/www.aircharter.com\/voyage-de-groupe\/\" \/>\n<meta property=\"og:site_name\" content=\"Aircharter\" \/>\n<meta property=\"article:modified_time\" content=\"2022-12-11T22:52:41+00:00\" \/>\n<meta property=\"og:image\" content=\"https:\/\/www.aircharter.com\/wp-content\/uploads\/2012\/07\/BBJ_K64830.jpg\" \/>\n<meta name=\"twitter:card\" content=\"summary_large_image\" \/>\n<meta name=\"twitter:label1\" content=\"Dur\u00e9e de lecture estim\u00e9e\" \/>\n\t<meta name=\"twitter:data1\" content=\"2 minutes\" \/>\n<script type=\"application\/ld+json\" class=\"yoast-schema-graph\">{\"@context\":\"https:\\\/\\\/schema.org\",\"@graph\":[{\"@type\":\"WebPage\",\"@id\":\"https:\\\/\\\/www.aircharter.com\\\/voyage-de-groupe\\\/\",\"url\":\"https:\\\/\\\/www.aircharter.com\\\/voyage-de-groupe\\\/\",\"name\":\"Voyage de groupe - Aircharter\",\"isPartOf\":{\"@id\":\"https:\\\/\\\/www.aircharter.com\\\/de\\\/#website\"},\"primaryImageOfPage\":{\"@id\":\"https:\\\/\\\/www.aircharter.com\\\/voyage-de-groupe\\\/#primaryimage\"},\"image\":{\"@id\":\"https:\\\/\\\/www.aircharter.com\\\/voyage-de-groupe\\\/#primaryimage\"},\"thumbnailUrl\":\"https:\\\/\\\/www.aircharter.com\\\/wp-content\\\/uploads\\\/2012\\\/07\\\/BBJ_K64830.jpg\",\"datePublished\":\"2014-04-05T12:02:30+00:00\",\"dateModified\":\"2022-12-11T22:52:41+00:00\",\"breadcrumb\":{\"@id\":\"https:\\\/\\\/www.aircharter.com\\\/voyage-de-groupe\\\/#breadcrumb\"},\"inLanguage\":\"fr-FR\",\"potentialAction\":[{\"@type\":\"ReadAction\",\"target\":[\"https:\\\/\\\/www.aircharter.com\\\/voyage-de-groupe\\\/\"]}]},{\"@type\":\"ImageObject\",\"inLanguage\":\"fr-FR\",\"@id\":\"https:\\\/\\\/www.aircharter.com\\\/voyage-de-groupe\\\/#primaryimage\",\"url\":\"https:\\\/\\\/www.aircharter.com\\\/wp-content\\\/uploads\\\/2012\\\/07\\\/BBJ_K64830.jpg\",\"contentUrl\":\"https:\\\/\\\/www.aircharter.com\\\/wp-content\\\/uploads\\\/2012\\\/07\\\/BBJ_K64830.jpg\"},{\"@type\":\"BreadcrumbList\",\"@id\":\"https:\\\/\\\/www.aircharter.com\\\/voyage-de-groupe\\\/#breadcrumb\",\"itemListElement\":[{\"@type\":\"ListItem\",\"position\":1,\"name\":\"Home\",\"item\":\"https:\\\/\\\/www.aircharter.com\\\/\"},{\"@type\":\"ListItem\",\"position\":2,\"name\":\"Voyage de groupe\"}]},{\"@type\":\"WebSite\",\"@id\":\"https:\\\/\\\/www.aircharter.com\\\/de\\\/#website\",\"url\":\"https:\\\/\\\/www.aircharter.com\\\/de\\\/\",\"name\":\"Aircharter\",\"description\":\"Air Charter | Private Jet Charter &amp; Rental | Fly Smarter | Hire a Business Jet\",\"publisher\":{\"@id\":\"https:\\\/\\\/www.aircharter.com\\\/de\\\/#organization\"},\"potentialAction\":[{\"@type\":\"SearchAction\",\"target\":{\"@type\":\"EntryPoint\",\"urlTemplate\":\"https:\\\/\\\/www.aircharter.com\\\/de\\\/?s={search_term_string}\"},\"query-input\":{\"@type\":\"PropertyValueSpecification\",\"valueRequired\":true,\"valueName\":\"search_term_string\"}}],\"inLanguage\":\"fr-FR\"},{\"@type\":\"Organization\",\"@id\":\"https:\\\/\\\/www.aircharter.com\\\/de\\\/#organization\",\"name\":\"Aircharter.com LLC\",\"url\":\"https:\\\/\\\/www.aircharter.com\\\/de\\\/\",\"logo\":{\"@type\":\"ImageObject\",\"inLanguage\":\"fr-FR\",\"@id\":\"https:\\\/\\\/www.aircharter.com\\\/de\\\/#\\\/schema\\\/logo\\\/image\\\/\",\"url\":\"https:\\\/\\\/www.aircharter.com\\\/wp-content\\\/uploads\\\/2022\\\/12\\\/Aircharter_logo_114X1141-11.png\",\"contentUrl\":\"https:\\\/\\\/www.aircharter.com\\\/wp-content\\\/uploads\\\/2022\\\/12\\\/Aircharter_logo_114X1141-11.png\",\"width\":114,\"height\":114,\"caption\":\"Aircharter.com LLC\"},\"image\":{\"@id\":\"https:\\\/\\\/www.aircharter.com\\\/de\\\/#\\\/schema\\\/logo\\\/image\\\/\"}}]}<\/script>\n<!-- \/ Yoast SEO plugin. -->","yoast_head_json":{"title":"Voyage de groupe - Aircharter","robots":{"index":"index","follow":"follow","max-snippet":"max-snippet:-1","max-image-preview":"max-image-preview:large","max-video-preview":"max-video-preview:-1"},"canonical":"https:\/\/www.aircharter.com\/voyage-de-groupe\/","og_locale":"fr_FR","og_type":"article","og_title":"Voyage de groupe - Aircharter","og_description":"Voyage de Groupe\u00a0 Aircharter offre un service de Voyage de groupe extraordinaire pour l&rsquo;industrie du divertissement et de la production. Tous nos appareils peuvent \u00eatre personnalis\u00e9s pour s&rsquo;adapter \u00e0 vos besoins, qu&rsquo;il s&rsquo;agisse d&rsquo;un 737, \u00a0pour accueillir des musiciens et des instruments de votre symphonie \u00e0 bord, ou\u00a0d\u2019un Air Charter pour g\u00e9rer le transport de l&rsquo;\u00e9quipage et de l&rsquo;\u00e9quipement des \u00a0lieux de tournage \u00e0 distance. Nous pouvons vous fournir sans arr\u00eat, un acc\u00e8s direct vers des destinations qui ne sont pas habituellement offert \u00a0par les compagnies a\u00e9riennes, c\u2019est la cr\u00e9ation d&rsquo;une exp\u00e9rience de Voyage beaucoup plus pratique et luxueuse pour vos passagers. Notre appareil peut \u00eatre configur\u00e9 pour l&rsquo;entra\u00eeneur des si\u00e8ges pour une approche \u00e9conomique des voyages, et \u00a0certains peuvent m\u00eame \u00eatre \u00e9quip\u00e9s de luxueux si\u00e8ges de premi\u00e8re classe Qu\u2019est ce qui diff\u00e9rencie Air Charter du reste quand il s&rsquo;agit du Charter sport? C&rsquo;est de vous fournir le billet gagnant. Que vous transportez votre \u00e9quipe sportive ou tous leurs fans d\u00e9vou\u00e9s, Air Charter a toujours l&rsquo;\u0153il sur la balle Un r\u00e9seau mondial d&rsquo;appareils approuv\u00e9s, y compris la plus grande flotte disponible de sport aux \u00c9tats-Unis , pour vous offrir la plus grande vari\u00e9t\u00e9 de mod\u00e8les et de configuration\u00a0 de si\u00e8ge , allant de 19 si\u00e8ges turbopropulseurs \u00e0 de confortables 747 \u00e0 large fuselage Nous offrons une capacit\u00e9 d&rsquo;expertise pour g\u00e9rer les horaires selon les exigences de l&rsquo;\u00e9quipe de Sport \u00a0et de leurs\u00a0 fans\u00a0 Air Charter peut vous offrir l&rsquo;exp\u00e9rience VIP ultime gr\u00e2ce \u00e0 notre service de premi\u00e8re classe sur notre Air Charter VIP pour vos besoins de voyage en \u00a0groupe. Un R\u00e9seau mondial d&rsquo;op\u00e9rateur pour vous offrir la plus grande vari\u00e9t\u00e9 de configurations de l&rsquo;avion de premi\u00e8re classe et un coin salon, pouvant accueillir de","og_url":"https:\/\/www.aircharter.com\/voyage-de-groupe\/","og_site_name":"Aircharter","article_modified_time":"2022-12-11T22:52:41+00:00","og_image":[{"url":"https:\/\/www.aircharter.com\/wp-content\/uploads\/2012\/07\/BBJ_K64830.jpg","type":"","width":"","height":""}],"twitter_card":"summary_large_image","twitter_misc":{"Dur\u00e9e de lecture estim\u00e9e":"2 minutes"},"schema":{"@context":"https:\/\/schema.org","@graph":[{"@type":"WebPage","@id":"https:\/\/www.aircharter.com\/voyage-de-groupe\/","url":"https:\/\/www.aircharter.com\/voyage-de-groupe\/","name":"Voyage de groupe - Aircharter","isPartOf":{"@id":"https:\/\/www.aircharter.com\/de\/#website"},"primaryImageOfPage":{"@id":"https:\/\/www.aircharter.com\/voyage-de-groupe\/#primaryimage"},"image":{"@id":"https:\/\/www.aircharter.com\/voyage-de-groupe\/#primaryimage"},"thumbnailUrl":"https:\/\/www.aircharter.com\/wp-content\/uploads\/2012\/07\/BBJ_K64830.jpg","datePublished":"2014-04-05T12:02:30+00:00","dateModified":"2022-12-11T22:52:41+00:00","breadcrumb":{"@id":"https:\/\/www.aircharter.com\/voyage-de-groupe\/#breadcrumb"},"inLanguage":"fr-FR","potentialAction":[{"@type":"ReadAction","target":["https:\/\/www.aircharter.com\/voyage-de-groupe\/"]}]},{"@type":"ImageObject","inLanguage":"fr-FR","@id":"https:\/\/www.aircharter.com\/voyage-de-groupe\/#primaryimage","url":"https:\/\/www.aircharter.com\/wp-content\/uploads\/2012\/07\/BBJ_K64830.jpg","contentUrl":"https:\/\/www.aircharter.com\/wp-content\/uploads\/2012\/07\/BBJ_K64830.jpg"},{"@type":"BreadcrumbList","@id":"https:\/\/www.aircharter.com\/voyage-de-groupe\/#breadcrumb","itemListElement":[{"@type":"ListItem","position":1,"name":"Home","item":"https:\/\/www.aircharter.com\/"},{"@type":"ListItem","position":2,"name":"Voyage de groupe"}]},{"@type":"WebSite","@id":"https:\/\/www.aircharter.com\/de\/#website","url":"https:\/\/www.aircharter.com\/de\/","name":"Aircharter","description":"Air Charter | Private Jet Charter &amp; Rental | Fly Smarter | Hire a Business Jet","publisher":{"@id":"https:\/\/www.aircharter.com\/de\/#organization"},"potentialAction":[{"@type":"SearchAction","target":{"@type":"EntryPoint","urlTemplate":"https:\/\/www.aircharter.com\/de\/?s={search_term_string}"},"query-input":{"@type":"PropertyValueSpecification","valueRequired":true,"valueName":"search_term_string"}}],"inLanguage":"fr-FR"},{"@type":"Organization","@id":"https:\/\/www.aircharter.com\/de\/#organization","name":"Aircharter.com LLC","url":"https:\/\/www.aircharter.com\/de\/","logo":{"@type":"ImageObject","inLanguage":"fr-FR","@id":"https:\/\/www.aircharter.com\/de\/#\/schema\/logo\/image\/","url":"https:\/\/www.aircharter.com\/wp-content\/uploads\/2022\/12\/Aircharter_logo_114X1141-11.png","contentUrl":"https:\/\/www.aircharter.com\/wp-content\/uploads\/2022\/12\/Aircharter_logo_114X1141-11.png","width":114,"height":114,"caption":"Aircharter.com LLC"},"image":{"@id":"https:\/\/www.aircharter.com\/de\/#\/schema\/logo\/image\/"}}]}},"_links":{"self":[{"href":"https:\/\/www.aircharter.com\/fr\/wp-json\/wp\/v2\/pages\/26165","targetHints":{"allow":["GET"]}}],"collection":[{"href":"https:\/\/www.aircharter.com\/fr\/wp-json\/wp\/v2\/pages"}],"about":[{"href":"https:\/\/www.aircharter.com\/fr\/wp-json\/wp\/v2\/types\/page"}],"author":[{"embeddable":true,"href":"https:\/\/www.aircharter.com\/fr\/wp-json\/wp\/v2\/users\/14"}],"replies":[{"embeddable":true,"href":"https:\/\/www.aircharter.com\/fr\/wp-json\/wp\/v2\/comments?post=26165"}],"version-history":[{"count":5,"href":"https:\/\/www.aircharter.com\/fr\/wp-json\/wp\/v2\/pages\/26165\/revisions"}],"predecessor-version":[{"id":26172,"href":"https:\/\/www.aircharter.com\/fr\/wp-json\/wp\/v2\/pages\/26165\/revisions\/26172"}],"wp:attachment":[{"href":"https:\/\/www.aircharter.com\/fr\/wp-json\/wp\/v2\/media?parent=26165"}],"curies":[{"name":"wp","href":"https:\/\/api.w.org\/{rel}","templated":true}]}}