{"id":26653,"date":"2014-04-19T09:45:34","date_gmt":"2014-04-19T13:45:34","guid":{"rendered":"https:\/\/www.aircharter.com\/?page_id=26653"},"modified":"2022-12-11T17:51:34","modified_gmt":"2022-12-11T22:51:34","slug":"vip-3","status":"publish","type":"page","link":"https:\/\/www.aircharter.com\/fr\/vip-3\/","title":{"rendered":"VIP"},"content":{"rendered":"<h2><strong>Air Charter\u00a0VIP<\/strong><\/h2>\n<p>Air Charter peut vous offrir une exp\u00e9rience VIP unique gr\u00e2ce \u00e0 notre service de premi\u00e8re classe sur notre VIP Air Charter.<\/p>\n<p>Un r\u00e9seau mondial d\u2019op\u00e9rateurs est disponible \u00a0pour vous offrir la plus grande vari\u00e9t\u00e9 de configurations de si\u00e8ges dans des a\u00e9ronefs de premi\u00e8re classe, pouvant accueillir \u00a0de 18 \u00e0 88 passagers.<\/p>\n<p>Un \u00a0Int\u00e9rieur d\u2019avion de luxe comprenant \u00a0des si\u00e8ges en cuir, des riches placages en \u00a0bois et des salons de luxe.<\/p>\n<p>Le Personnel orient\u00e9es services s\u2019occupent de tous les d\u00e9tails, y compris la restauration et les \u00e9quipements de premi\u00e8re classe ainsi que des services en argent<\/p>\n<div class=\"fusion-fullwidth fullwidth-box fusion-builder-row-1 fusion-flex-container hundred-percent-fullwidth non-hundred-percent-height-scrolling\" style=\"--awb-border-radius-top-left:0px;--awb-border-radius-top-right:0px;--awb-border-radius-bottom-right:0px;--awb-border-radius-bottom-left:0px;--awb-overflow:visible;--awb-flex-wrap:wrap;\" ><div class=\"fusion-builder-row fusion-row fusion-flex-align-items-flex-start fusion-flex-content-wrap\" style=\"width:104% !important;max-width:104% !important;margin-left: calc(-4% \/ 2 );margin-right: calc(-4% \/ 2 );\"><div class=\"fusion-layout-column fusion_builder_column fusion-builder-column-0 fusion_builder_column_1_2 1_2 fusion-flex-column\" style=\"--awb-bg-size:cover;--awb-width-large:50%;--awb-margin-top-large:0px;--awb-spacing-right-large:3.84%;--awb-margin-bottom-large:20px;--awb-spacing-left-large:3.84%;--awb-width-medium:100%;--awb-spacing-right-medium:1.92%;--awb-spacing-left-medium:1.92%;--awb-width-small:100%;--awb-spacing-right-small:1.92%;--awb-spacing-left-small:1.92%;\"><div class=\"fusion-column-wrapper fusion-flex-justify-content-flex-start fusion-content-layout-column\">\n<p><img decoding=\"async\" class=\"alignnone\" title=\"vip\" src=\"https:\/\/www.aircharter.com\/wp-content\/uploads\/2013\/06\/Plane_interior_BBJ2.jpg\" alt=\"vip\" width=\"660\" height=\"405\" \/><\/p>\n<\/div><\/div><div class=\"fusion-layout-column fusion_builder_column fusion-builder-column-1 fusion_builder_column_1_2 1_2 fusion-flex-column\" style=\"--awb-bg-size:cover;--awb-width-large:50%;--awb-margin-top-large:0px;--awb-spacing-right-large:3.84%;--awb-margin-bottom-large:20px;--awb-spacing-left-large:3.84%;--awb-width-medium:100%;--awb-spacing-right-medium:1.92%;--awb-spacing-left-medium:1.92%;--awb-width-small:100%;--awb-spacing-right-small:1.92%;--awb-spacing-left-small:1.92%;\"><div class=\"fusion-column-wrapper fusion-flex-justify-content-flex-start fusion-content-layout-column\">\n<p><img decoding=\"async\" class=\"alignnone\" title=\"BBJ\" src=\"https:\/\/www.aircharter.com\/wp-content\/uploads\/2013\/06\/Plane_interior_BBJ.jpg\" alt=\"BBJ\" width=\"660\" height=\"405\" \/><\/p>\n<\/div><\/div>\n<p>Vous ne\u00a0savez pas comment r\u00e9server un jet priv\u00e9? Il y a beaucoup de plans pour la vente de blocs d\u2019heure pour la location de Jet priv\u00e9, et d\u2019autres sont invent\u00e9s chaque jour. Mais les avantages de l\u2019affr\u00e8tement a\u00e9rien priv\u00e9 sont \u00a0rares.\u00a0Le probl\u00e8me avec des programmes tels que l\u2019appartenance \u00e0 un bloc d\u2019affr\u00e8tement \u00a0est, comme la Multipropri\u00e9t\u00e9, \u00a0 ont besoin d\u2019entreprise prospective pour payer beaucoup d\u2019argent \u00e0 l\u2019avance.\u00a0L\u2019\u00e9conomie que vous ferez en utilisant l\u2019affr\u00e8tement \u00a0traditionnelle priv\u00e9e d\u2019air Charter, \u00a0est importante \u2013 et sans aucun engagement<\/p>\n<p>Vous ne payez que les heures que vous pilotez, tous les co\u00fbts et frais seront inclus dans le prix \u00e0 l\u2019avance, ce qui vous permet de vous soucier de choses bien plus importantes que vos arrangements de location de jet priv\u00e9. Toute la restauration et le transport terrestre peuvent \u00eatre personnalis\u00e9s selon vos \u00a0besoins. Nos top-notch sp\u00e9cialistes de l\u2019affr\u00e8tement \u00a0sont les meilleurs dans l\u2019industrie<\/p>\n<p>Air Charter sera avec vous \u00e0 chaque \u00e9tape du vol. D\u00e8s que nous recevrons votre demande, nous vous attribuerons \u00a0votre propre sp\u00e9cialiste de la location de jets priv\u00e9s. Ils seront disponibles au moment o\u00f9 vous r\u00e9servez votre jet priv\u00e9 et \u00e0 l\u2019instant o\u00f9 vous atterrissez<\/div><\/div>\n","protected":false},"excerpt":{"rendered":"<p>Air Charter\u00a0VIP Air Charter peut vous offrir une exp\u00e9rience VIP unique gr\u00e2ce \u00e0 notre service de premi\u00e8re classe sur notre VIP Air Charter. Un r\u00e9seau mondial d\u2019op\u00e9rateurs est disponible \u00a0pour vous offrir la plus grande vari\u00e9t\u00e9 de configurations de si\u00e8ges dans des a\u00e9ronefs de premi\u00e8re classe, pouvant accueillir \u00a0de 18 \u00e0 88 passagers. Un \u00a0Int\u00e9rieur d\u2019avion de luxe comprenant \u00a0des si\u00e8ges en cuir, des riches placages en \u00a0bois et des salons de luxe. Le Personnel orient\u00e9es services s\u2019occupent de tous les d\u00e9tails, y compris la restauration et les \u00e9quipements de premi\u00e8re classe ainsi que des services en argent<\/p>\n","protected":false},"author":14,"featured_media":0,"parent":0,"menu_order":0,"comment_status":"closed","ping_status":"closed","template":"","meta":{"footnotes":""},"class_list":["post-26653","page","type-page","status-publish","hentry"],"yoast_head":"<!-- This site is optimized with the Yoast SEO plugin v27.4 - https:\/\/yoast.com\/product\/yoast-seo-wordpress\/ -->\n<title>VIP - Aircharter<\/title>\n<meta name=\"robots\" content=\"index, follow, max-snippet:-1, max-image-preview:large, max-video-preview:-1\" \/>\n<link rel=\"canonical\" href=\"https:\/\/www.aircharter.com\/vip-3\/\" \/>\n<meta property=\"og:locale\" content=\"fr_FR\" \/>\n<meta property=\"og:type\" content=\"article\" \/>\n<meta property=\"og:title\" content=\"VIP - Aircharter\" \/>\n<meta property=\"og:description\" content=\"Air Charter\u00a0VIP Air Charter peut vous offrir une exp\u00e9rience VIP unique gr\u00e2ce \u00e0 notre service de premi\u00e8re classe sur notre VIP Air Charter. Un r\u00e9seau mondial d\u2019op\u00e9rateurs est disponible \u00a0pour vous offrir la plus grande vari\u00e9t\u00e9 de configurations de si\u00e8ges dans des a\u00e9ronefs de premi\u00e8re classe, pouvant accueillir \u00a0de 18 \u00e0 88 passagers. Un \u00a0Int\u00e9rieur d\u2019avion de luxe comprenant \u00a0des si\u00e8ges en cuir, des riches placages en \u00a0bois et des salons de luxe. Le Personnel orient\u00e9es services s\u2019occupent de tous les d\u00e9tails, y compris la restauration et les \u00e9quipements de premi\u00e8re classe ainsi que des services en argent\" \/>\n<meta property=\"og:url\" content=\"https:\/\/www.aircharter.com\/vip-3\/\" \/>\n<meta property=\"og:site_name\" content=\"Aircharter\" \/>\n<meta property=\"article:modified_time\" content=\"2022-12-11T22:51:34+00:00\" \/>\n<meta property=\"og:image\" content=\"https:\/\/www.aircharter.com\/wp-content\/uploads\/2013\/06\/Plane_interior_BBJ2.jpg\" \/>\n<meta name=\"twitter:card\" content=\"summary_large_image\" \/>\n<meta name=\"twitter:label1\" content=\"Dur\u00e9e de lecture estim\u00e9e\" \/>\n\t<meta name=\"twitter:data1\" content=\"2 minutes\" \/>\n<script type=\"application\/ld+json\" class=\"yoast-schema-graph\">{\"@context\":\"https:\\\/\\\/schema.org\",\"@graph\":[{\"@type\":\"WebPage\",\"@id\":\"https:\\\/\\\/www.aircharter.com\\\/vip-3\\\/\",\"url\":\"https:\\\/\\\/www.aircharter.com\\\/vip-3\\\/\",\"name\":\"VIP - Aircharter\",\"isPartOf\":{\"@id\":\"https:\\\/\\\/www.aircharter.com\\\/de\\\/#website\"},\"primaryImageOfPage\":{\"@id\":\"https:\\\/\\\/www.aircharter.com\\\/vip-3\\\/#primaryimage\"},\"image\":{\"@id\":\"https:\\\/\\\/www.aircharter.com\\\/vip-3\\\/#primaryimage\"},\"thumbnailUrl\":\"https:\\\/\\\/www.aircharter.com\\\/wp-content\\\/uploads\\\/2013\\\/06\\\/Plane_interior_BBJ2.jpg\",\"datePublished\":\"2014-04-19T13:45:34+00:00\",\"dateModified\":\"2022-12-11T22:51:34+00:00\",\"breadcrumb\":{\"@id\":\"https:\\\/\\\/www.aircharter.com\\\/vip-3\\\/#breadcrumb\"},\"inLanguage\":\"fr-FR\",\"potentialAction\":[{\"@type\":\"ReadAction\",\"target\":[\"https:\\\/\\\/www.aircharter.com\\\/vip-3\\\/\"]}]},{\"@type\":\"ImageObject\",\"inLanguage\":\"fr-FR\",\"@id\":\"https:\\\/\\\/www.aircharter.com\\\/vip-3\\\/#primaryimage\",\"url\":\"https:\\\/\\\/www.aircharter.com\\\/wp-content\\\/uploads\\\/2013\\\/06\\\/Plane_interior_BBJ2.jpg\",\"contentUrl\":\"https:\\\/\\\/www.aircharter.com\\\/wp-content\\\/uploads\\\/2013\\\/06\\\/Plane_interior_BBJ2.jpg\"},{\"@type\":\"BreadcrumbList\",\"@id\":\"https:\\\/\\\/www.aircharter.com\\\/vip-3\\\/#breadcrumb\",\"itemListElement\":[{\"@type\":\"ListItem\",\"position\":1,\"name\":\"Home\",\"item\":\"https:\\\/\\\/www.aircharter.com\\\/\"},{\"@type\":\"ListItem\",\"position\":2,\"name\":\"VIP\"}]},{\"@type\":\"WebSite\",\"@id\":\"https:\\\/\\\/www.aircharter.com\\\/de\\\/#website\",\"url\":\"https:\\\/\\\/www.aircharter.com\\\/de\\\/\",\"name\":\"Aircharter\",\"description\":\"Air Charter | Private Jet Charter &amp; Rental | Fly Smarter | Hire a Business Jet\",\"publisher\":{\"@id\":\"https:\\\/\\\/www.aircharter.com\\\/de\\\/#organization\"},\"potentialAction\":[{\"@type\":\"SearchAction\",\"target\":{\"@type\":\"EntryPoint\",\"urlTemplate\":\"https:\\\/\\\/www.aircharter.com\\\/de\\\/?s={search_term_string}\"},\"query-input\":{\"@type\":\"PropertyValueSpecification\",\"valueRequired\":true,\"valueName\":\"search_term_string\"}}],\"inLanguage\":\"fr-FR\"},{\"@type\":\"Organization\",\"@id\":\"https:\\\/\\\/www.aircharter.com\\\/de\\\/#organization\",\"name\":\"Aircharter.com LLC\",\"url\":\"https:\\\/\\\/www.aircharter.com\\\/de\\\/\",\"logo\":{\"@type\":\"ImageObject\",\"inLanguage\":\"fr-FR\",\"@id\":\"https:\\\/\\\/www.aircharter.com\\\/de\\\/#\\\/schema\\\/logo\\\/image\\\/\",\"url\":\"https:\\\/\\\/www.aircharter.com\\\/wp-content\\\/uploads\\\/2022\\\/12\\\/Aircharter_logo_114X1141-11.png\",\"contentUrl\":\"https:\\\/\\\/www.aircharter.com\\\/wp-content\\\/uploads\\\/2022\\\/12\\\/Aircharter_logo_114X1141-11.png\",\"width\":114,\"height\":114,\"caption\":\"Aircharter.com LLC\"},\"image\":{\"@id\":\"https:\\\/\\\/www.aircharter.com\\\/de\\\/#\\\/schema\\\/logo\\\/image\\\/\"}}]}<\/script>\n<!-- \/ Yoast SEO plugin. -->","yoast_head_json":{"title":"VIP - Aircharter","robots":{"index":"index","follow":"follow","max-snippet":"max-snippet:-1","max-image-preview":"max-image-preview:large","max-video-preview":"max-video-preview:-1"},"canonical":"https:\/\/www.aircharter.com\/vip-3\/","og_locale":"fr_FR","og_type":"article","og_title":"VIP - Aircharter","og_description":"Air Charter\u00a0VIP Air Charter peut vous offrir une exp\u00e9rience VIP unique gr\u00e2ce \u00e0 notre service de premi\u00e8re classe sur notre VIP Air Charter. Un r\u00e9seau mondial d\u2019op\u00e9rateurs est disponible \u00a0pour vous offrir la plus grande vari\u00e9t\u00e9 de configurations de si\u00e8ges dans des a\u00e9ronefs de premi\u00e8re classe, pouvant accueillir \u00a0de 18 \u00e0 88 passagers. Un \u00a0Int\u00e9rieur d\u2019avion de luxe comprenant \u00a0des si\u00e8ges en cuir, des riches placages en \u00a0bois et des salons de luxe. Le Personnel orient\u00e9es services s\u2019occupent de tous les d\u00e9tails, y compris la restauration et les \u00e9quipements de premi\u00e8re classe ainsi que des services en argent","og_url":"https:\/\/www.aircharter.com\/vip-3\/","og_site_name":"Aircharter","article_modified_time":"2022-12-11T22:51:34+00:00","og_image":[{"url":"https:\/\/www.aircharter.com\/wp-content\/uploads\/2013\/06\/Plane_interior_BBJ2.jpg","type":"","width":"","height":""}],"twitter_card":"summary_large_image","twitter_misc":{"Dur\u00e9e de lecture estim\u00e9e":"2 minutes"},"schema":{"@context":"https:\/\/schema.org","@graph":[{"@type":"WebPage","@id":"https:\/\/www.aircharter.com\/vip-3\/","url":"https:\/\/www.aircharter.com\/vip-3\/","name":"VIP - Aircharter","isPartOf":{"@id":"https:\/\/www.aircharter.com\/de\/#website"},"primaryImageOfPage":{"@id":"https:\/\/www.aircharter.com\/vip-3\/#primaryimage"},"image":{"@id":"https:\/\/www.aircharter.com\/vip-3\/#primaryimage"},"thumbnailUrl":"https:\/\/www.aircharter.com\/wp-content\/uploads\/2013\/06\/Plane_interior_BBJ2.jpg","datePublished":"2014-04-19T13:45:34+00:00","dateModified":"2022-12-11T22:51:34+00:00","breadcrumb":{"@id":"https:\/\/www.aircharter.com\/vip-3\/#breadcrumb"},"inLanguage":"fr-FR","potentialAction":[{"@type":"ReadAction","target":["https:\/\/www.aircharter.com\/vip-3\/"]}]},{"@type":"ImageObject","inLanguage":"fr-FR","@id":"https:\/\/www.aircharter.com\/vip-3\/#primaryimage","url":"https:\/\/www.aircharter.com\/wp-content\/uploads\/2013\/06\/Plane_interior_BBJ2.jpg","contentUrl":"https:\/\/www.aircharter.com\/wp-content\/uploads\/2013\/06\/Plane_interior_BBJ2.jpg"},{"@type":"BreadcrumbList","@id":"https:\/\/www.aircharter.com\/vip-3\/#breadcrumb","itemListElement":[{"@type":"ListItem","position":1,"name":"Home","item":"https:\/\/www.aircharter.com\/"},{"@type":"ListItem","position":2,"name":"VIP"}]},{"@type":"WebSite","@id":"https:\/\/www.aircharter.com\/de\/#website","url":"https:\/\/www.aircharter.com\/de\/","name":"Aircharter","description":"Air Charter | Private Jet Charter &amp; Rental | Fly Smarter | Hire a Business Jet","publisher":{"@id":"https:\/\/www.aircharter.com\/de\/#organization"},"potentialAction":[{"@type":"SearchAction","target":{"@type":"EntryPoint","urlTemplate":"https:\/\/www.aircharter.com\/de\/?s={search_term_string}"},"query-input":{"@type":"PropertyValueSpecification","valueRequired":true,"valueName":"search_term_string"}}],"inLanguage":"fr-FR"},{"@type":"Organization","@id":"https:\/\/www.aircharter.com\/de\/#organization","name":"Aircharter.com LLC","url":"https:\/\/www.aircharter.com\/de\/","logo":{"@type":"ImageObject","inLanguage":"fr-FR","@id":"https:\/\/www.aircharter.com\/de\/#\/schema\/logo\/image\/","url":"https:\/\/www.aircharter.com\/wp-content\/uploads\/2022\/12\/Aircharter_logo_114X1141-11.png","contentUrl":"https:\/\/www.aircharter.com\/wp-content\/uploads\/2022\/12\/Aircharter_logo_114X1141-11.png","width":114,"height":114,"caption":"Aircharter.com LLC"},"image":{"@id":"https:\/\/www.aircharter.com\/de\/#\/schema\/logo\/image\/"}}]}},"_links":{"self":[{"href":"https:\/\/www.aircharter.com\/fr\/wp-json\/wp\/v2\/pages\/26653","targetHints":{"allow":["GET"]}}],"collection":[{"href":"https:\/\/www.aircharter.com\/fr\/wp-json\/wp\/v2\/pages"}],"about":[{"href":"https:\/\/www.aircharter.com\/fr\/wp-json\/wp\/v2\/types\/page"}],"author":[{"embeddable":true,"href":"https:\/\/www.aircharter.com\/fr\/wp-json\/wp\/v2\/users\/14"}],"replies":[{"embeddable":true,"href":"https:\/\/www.aircharter.com\/fr\/wp-json\/wp\/v2\/comments?post=26653"}],"version-history":[{"count":3,"href":"https:\/\/www.aircharter.com\/fr\/wp-json\/wp\/v2\/pages\/26653\/revisions"}],"predecessor-version":[{"id":37279,"href":"https:\/\/www.aircharter.com\/fr\/wp-json\/wp\/v2\/pages\/26653\/revisions\/37279"}],"wp:attachment":[{"href":"https:\/\/www.aircharter.com\/fr\/wp-json\/wp\/v2\/media?parent=26653"}],"curies":[{"name":"wp","href":"https:\/\/api.w.org\/{rel}","templated":true}]}}