{"id":26863,"date":"2014-05-03T09:57:40","date_gmt":"2014-05-03T13:57:40","guid":{"rendered":"https:\/\/www.aircharter.com\/?page_id=26863"},"modified":"2022-12-11T17:51:33","modified_gmt":"2022-12-11T22:51:33","slug":"les-services-dair-charter","status":"publish","type":"page","link":"https:\/\/www.aircharter.com\/fr\/les-services-dair-charter\/","title":{"rendered":"Les Services d&rsquo;Air Charter"},"content":{"rendered":"<p><strong>Les services d&rsquo;Air Charter\u00a0<\/strong><\/p>\n<p>Vous cherchez \u00e0 louer un avion priv\u00e9? Laissez notre \u00e9quipe de service d\u2019affr\u00e8tement a\u00e9rien \u00a0vous fournir une grande vari\u00e9t\u00e9 d&rsquo;avions d&rsquo;affaires approuv\u00e9s, dont la taille varie entre les petites et les \u00a0grandes \u00a0cabines, pouvant accueillir jusqu&rsquo;\u00e0 60 passagers. Le personnel qualifi\u00e9 d\u2019 Air Charter propose un service exceptionnel pour satisfaire les besoins les plus exigeants des voyageurs d&rsquo;affaires. Visualisez nos options priv\u00e9es\u00a0 de l\u2019affr\u00e8tement des jets<\/p>\n<p>Voyage a\u00e9rien , perfectionn\u00e9 TM<\/p>\n<div class=\"fusion-fullwidth fullwidth-box fusion-builder-row-1 fusion-flex-container hundred-percent-fullwidth non-hundred-percent-height-scrolling\" style=\"--awb-border-radius-top-left:0px;--awb-border-radius-top-right:0px;--awb-border-radius-bottom-right:0px;--awb-border-radius-bottom-left:0px;--awb-overflow:visible;--awb-flex-wrap:wrap;\" ><div class=\"fusion-builder-row fusion-row fusion-flex-align-items-flex-start fusion-flex-content-wrap\" style=\"width:calc( 100% + 0px ) !important;max-width:calc( 100% + 0px ) !important;margin-left: calc(-0px \/ 2 );margin-right: calc(-0px \/ 2 );\"><div class=\"fusion-layout-column fusion_builder_column fusion-builder-column-0 fusion_builder_column_1_1 1_1 fusion-flex-column fusion-flex-align-self-flex-start fusion-column-no-min-height\" style=\"--awb-bg-size:cover;--awb-width-large:100%;--awb-margin-top-large:0px;--awb-spacing-right-large:0px;--awb-margin-bottom-large:0px;--awb-spacing-left-large:0px;--awb-width-medium:100%;--awb-spacing-right-medium:0px;--awb-spacing-left-medium:0px;--awb-width-small:100%;--awb-spacing-right-small:0px;--awb-spacing-left-small:0px;\"><div class=\"fusion-column-wrapper fusion-flex-justify-content-flex-start fusion-content-layout-column\"><div class=\"fusion-title title fusion-title-1 fusion-title-text fusion-title-size-two\" style=\"--awb-margin-top-small:10px;--awb-margin-right-small:0px;--awb-margin-bottom-small:10px;--awb-margin-left-small:0px;\"><div class=\"title-sep-container title-sep-container-left fusion-no-large-visibility fusion-no-medium-visibility fusion-no-small-visibility\"><div class=\"title-sep sep-double sep-solid\" style=\"border-color:#e0dede;\"><\/div><\/div><span class=\"awb-title-spacer fusion-no-large-visibility fusion-no-medium-visibility fusion-no-small-visibility\"><\/span><h2 class=\"fusion-title-heading title-heading-left\" style=\"margin:0;\"><strong>Les\u00a0diff\u00e8rents services d\u2019 Air Charter <\/strong><\/h2><span class=\"awb-title-spacer\"><\/span><div class=\"title-sep-container title-sep-container-right\"><div class=\"title-sep sep-double sep-solid\" style=\"border-color:#e0dede;\"><\/div><\/div><\/div>\n<p>Le Service d&rsquo;Air \u00a0Charter vous offre une exp\u00e9rience de Voyage impossible \u00e0 reproduire avec d\u2019autres compagnies a\u00e9riennes commerciales. Votre exp\u00e9rience \u00a0de Voyage avec AirCharter.com offre de nombreux avantages tels que:<\/p>\n<\/div><\/div><div class=\"fusion-layout-column fusion_builder_column fusion-builder-column-1 fusion_builder_column_1_1 1_1 fusion-flex-column fusion-flex-align-self-flex-start fusion-column-no-min-height\" style=\"--awb-bg-size:cover;--awb-width-large:100%;--awb-margin-top-large:0px;--awb-spacing-right-large:0px;--awb-margin-bottom-large:0px;--awb-spacing-left-large:0px;--awb-width-medium:100%;--awb-spacing-right-medium:0px;--awb-spacing-left-medium:0px;--awb-width-small:100%;--awb-spacing-right-small:0px;--awb-spacing-left-small:0px;\"><div class=\"fusion-column-wrapper fusion-flex-justify-content-flex-start fusion-content-layout-column\"><div class=\"fusion-tabs fusion-tabs-1 classic nav-is-justified horizontal-tabs icon-position-left mobile-mode-accordion\" style=\"--awb-title-border-radius-top-left:0px;--awb-title-border-radius-top-right:0px;--awb-title-border-radius-bottom-right:0px;--awb-title-border-radius-bottom-left:0px;--awb-inactive-color:#ebeaea;--awb-background-color:#ffffff;--awb-border-color:#ebeaea;--awb-active-border-color:#67b7e1;\"><div class=\"nav\"><ul class=\"nav-tabs nav-justified\" role=\"tablist\" aria-orientation=\"horizontal\"><\/ul><\/div><div class=\"tab-content\"><\/div><\/div>\n<div class=\"tab-pane fade fusion-clearfix in active\" role=\"tabpanel\" tabindex=\"0\">\n<i class=\"fb-icon-element-1 fb-icon-element fontawesome-icon fa fa-random circle-yes fusion-text-flow\" style=\"--awb-circlebordersize:1px;--awb-font-size:35.2px;--awb-width:70.4px;--awb-height:70.4px;--awb-line-height:68.4px;--awb-margin-right:20px;\"><\/i>\n<p>Air Charter priv\u00e9 peut offrir des forfaits d\u2019 affr\u00e8tement d&rsquo;avions \u00e0 un prix r\u00e9duits qui comprend le transport, les gardes du corps priv\u00e9s, les h\u00f4tels de luxe et plus<\/p>\n<p>Depuis 1996, AirCharter.com \u00a0fournit des services de r\u00e9servation d &lsquo;affr\u00e8tement a\u00e9rien en ligne \u00e0 un large \u00e9ventail de clients, y compris les clients d\u2019 affaires, \u00a0les vacanciers, les \u00e9quipes sportives et les soci\u00e9t\u00e9s \u00e0 travers le monde. A travers \u00a0le syst\u00e8me de r\u00e9servation en ligne d\u2019AirCharter.com, les voyageurs peuvent obtenir des devis rapides et r\u00e9server des vols nationaux et internationaux sur plus de 1200 avions, y compris les jets et les turbopropulseurs.<\/p>\n<p>Fond\u00e9 en 1985, Air Charter est devenu le leader du march\u00e9 dans la fourniture des services d\u2019affr\u00e8tement a\u00e9rien priv\u00e9s \u00e0 travers le monde. N\u00e9 de la volont\u00e9 d&rsquo;offrir aux clients un moyen plus simple claire pour acheter des services d&rsquo;affr\u00e8tement, Air Charter a \u00e9t\u00e9 fond\u00e9e sur le principe de placer d&rsquo;abord les besoins des clients<\/p>\n<ul>\n<li>\u2022 Le co\u00fbt r\u00e9el d\u2019un vol \u00a0sur un jet priv\u00e9 a toujours \u00e9t\u00e9 envelopp\u00e9 dans le myst\u00e8re des termes techniques et de frais cach\u00e9s qui pourraient \u00eatre source de confusion, m\u00eame pour un voyageur fr\u00e9quent. Air Charter a simplifi\u00e9 le processus en cr\u00e9ant la \u00abGarantie du Prix d\u2019affr\u00e8tement de Jet\u00a0\u00bb. Le prix de location que vous \u00a0cit\u00e9 est le prix que vous payez.<\/li>\n<li>\u2022 Air Charter fonctionne sur les principes de service ultime et complet du \u00a0jet priv\u00e9. Notre \u00e9quipe est sp\u00e9cialis\u00e9e dans la cr\u00e9ation de vols d\u2019 affr\u00e8tement priv\u00e9s personnalis\u00e9s qui r\u00e9pondent aux besoins de \u00a0nos passagers \u00bb, y compris la disposition des services des \u00a0repas gastronomique, boissons sp\u00e9ciales, divertissement en vol, et de nombreux autres services<\/li>\n<\/ul>\n<\/div>\n<div class=\"tab-pane fade fusion-clearfix\" role=\"tabpanel\" tabindex=\"0\"><i class=\"fb-icon-element-2 fb-icon-element fontawesome-icon fa fa-magic circle-yes fusion-text-flow\" style=\"--awb-circlebordersize:1px;--awb-font-size:35.2px;--awb-width:70.4px;--awb-height:70.4px;--awb-line-height:68.4px;--awb-margin-right:20px;\"><\/i> Nous fournissons le genre d&rsquo;attention personnelle que vous attendez d&rsquo;une conciergerie de luxe pour les services de l&rsquo; affr\u00e8tement a\u00e9rien. Nos \u00e9quipements incluent des si\u00e8ges spacieux en cuir, des films gratuits en vol, d&rsquo;un bar et de repas gastronomiques de votre choix. Il n&rsquo;existe pas de long processus d&rsquo;arriv\u00e9e. Vos bagages sont \u00a0charg\u00e9 directement \u00e0 partir de votre voiture dans l\u2019avion. la perfection!<\/p>\n<p>Un vol affr\u00e9t\u00e9s diff\u00e8re de l&rsquo;aviation programm\u00e9, mais du point de vue du client, il peut se r\u00e9sumer en trois mots: efficacit\u00e9, confidentialit\u00e9 et flexibilit\u00e9. Vous pouvez \u00eatre un planificateur de Voyage d&rsquo;entreprise en essayant d&rsquo;organiser un vol pour huit dirigeants de New York au Nebraska en toute s\u00e9curit\u00e9 et avec aussi peu de temps d&rsquo;arr\u00eat possible ou vous pouvez essayer de soulever un patient gravement malade d&rsquo;un h\u00f4pital \u00e0\u00a0 un autre. Vous pouvez \u00e9galement essayer de d\u00e9placer tout le casting des stars, l&rsquo;\u00e9quipage et l&rsquo;\u00e9quipement d&rsquo;un film blockbuster de Los Angeles \u00e0 Vancouver , ou vous pouvez juste essayer d&rsquo;obtenir votre famille de Londres \u00e0 Aruba aussi rapidement et confortablement que possible . Quels que soient vos priorit\u00e9s, le Voyage d\u2019 Air Charter vous donne la possibilit\u00e9 d&rsquo;organiser le voyage selon vos besoins<\/p>\n<p>Lorsque vous voyagez \u00a0avec une compagnies a\u00e9riennes r\u00e9guli\u00e8res , vous voyagez selon \u00a0le calendrier de la compagnie a\u00e9rienne (en supposant qu&rsquo;ils sont \u00e0 l&rsquo;heure) et en zigzag le long de leurs routes hub-and -spoke , reliant ici , changer d&rsquo;avion l\u00e0-bas, et parfois doubler ou tripler votre temps de Voyage, et avec un grand groupes cela peut \u00eatre difficile. Les longs trajets de et vers les grands a\u00e9roports commerciaux internationaux, le temps pass\u00e9 en r\u00e9servant des billets d&rsquo;avion , le contr\u00f4le, le marquage ou m\u00eame la perte de bagages draine votre productivit\u00e9 encore plus. Vous pouvez ensuite attendre dans les lignes avec aucune fin en vue , seulement \u00e0 se d\u00e9v\u00eatir , d\u00e9baller , rechercher et s&rsquo;habiller . Vous remballer et retrouver votre dignit\u00e9 , alors que finalement monter \u00e0 bord d&rsquo;un avion avec 300 de parfaits inconnus . Une r\u00e9union de travail utile et priv\u00e9 \u00e0 bord d&rsquo;un avion de ligne commerciale est tout \u00e0 fait impossible , et l&rsquo;ach\u00e8vement des travaux en toute confidentialit\u00e9 ou autrement est plus qu&rsquo;un d\u00e9fi .<\/p>\n<p>Avec l\u2019affr\u00e8tement , vous voyagez o\u00f9 vous voulez, quand vous voulez, selon votre planning, et avec des am\u00e9nagements personnalis\u00e9s que vous choisissez. De plus en plus d&rsquo;affaires et de plaisir dans les affr\u00e8tements a\u00e9riens . Le temps est de l&rsquo;argent gaspill\u00e9 et chaque instant est une occasion manqu\u00e9e. Air Charter vous met aux commandes de votre emploi du temps en pla\u00e7ant une flotte d&rsquo;avions \u00e0 votre disposition o\u00f9 que vous soyez dans le monde .<\/p>\n[ \/ tab]\n<div class=\"tab-pane fade fusion-clearfix\" role=\"tabpanel\" tabindex=\"0\"><\/div><i class=\"fb-icon-element-3 fb-icon-element fontawesome-icon fa fa-desktop circle-yes fusion-text-flow\" style=\"--awb-circlebordersize:1px;--awb-font-size:35.2px;--awb-width:70.4px;--awb-height:70.4px;--awb-line-height:68.4px;--awb-margin-right:20px;\"><\/i>\n<p>Air Charter priv\u00e9 peut offrir des forfaits d\u2019affr\u00e8tement d&rsquo;avions escompt\u00e9es qui comprent le transport, les gardes du corps priv\u00e9s, les h\u00f4tels de luxe et plus<\/p>\n<p>Depuis 1996, AirCharter.com \u00a0fournit des services de r\u00e9servation de l&rsquo;affr\u00e8tement a\u00e9rien en ligne \u00e0 un large \u00e9ventail de clients, y compris les voyageurs d&rsquo;affaires, les vacanciers, les \u00e9quipes sportives et les soci\u00e9t\u00e9s \u00e0 travers le monde. A travers le \u00a0syst\u00e8me de r\u00e9servation en ligne d&rsquo;Air Charter, les voyageurs peuvent obtenir des devis rapide et r\u00e9server un \u00a0Voyage nationale et internationale sur plus de 1.200 avions, y compris les jets et turbopropulseurs.<\/p>\n<p>\u2022 Personne ne sait o\u00f9 vous allez.<\/p>\n<p>\u2022 Personne ne sait avec \u00a0qui vous voyagez<\/p>\n<\/div>\n<div class=\"tab-pane fade fusion-clearfix\" role=\"tabpanel\" tabindex=\"0\"><i class=\"fb-icon-element-4 fb-icon-element fontawesome-icon fa fa-magic circle-yes fusion-text-flow\" style=\"--awb-circlebordersize:1px;--awb-font-size:35.2px;--awb-width:70.4px;--awb-height:70.4px;--awb-line-height:68.4px;--awb-margin-right:20px;\"><\/i>\u00a0Nous volons lorsque vous voulez voler, nous respectons votre propre calendrier. Avec un acc\u00e8s \u00e0 10 fois plus d&rsquo;a\u00e9roports que les compagnies a\u00e9riennes commerciales, vous pouvez faire des vols au sein ou hors \u00a0des a\u00e9roports les plus petits, moins congestionn\u00e9es qui sont proches de l&rsquo;endroit o\u00f9 vous \u00eates et o\u00f9 vous allez. Vous voulez ajouter une \u00e9tape tout en route ou vous \u00eates pris de retard, notre \u00e9quipe fera tout son possible pour accueillir tous vos projets de voyage en constante \u00e9volution. C&rsquo;est ce que nous entendons par \u00a0un voyage a\u00e9rien, perfectionn\u00e9 TM<\/p>\n<p>&nbsp;<\/p>\n<p>&nbsp;<\/p>\n<\/div>\n<div class=\"tab-pane fade fusion-clearfix\" role=\"tabpanel\" tabindex=\"0\"><\/div>\n<i class=\"fb-icon-element-5 fb-icon-element fontawesome-icon fa fa-tint circle-yes fusion-text-flow\" style=\"--awb-circlebordersize:1px;--awb-font-size:35.2px;--awb-width:70.4px;--awb-height:70.4px;--awb-line-height:68.4px;--awb-margin-right:20px;\"><\/i>\u00a0\u00a0Lorsque vous utilisez un affr\u00e8tement de Jet priv\u00e9 d\u2019AirCharter.com, vous pouvez avoir une s\u00e9ance le matin \u00e0 Los Angeles, une r\u00e9union l\u2019apr\u00e8s-midi \u00e0 Denver et retourner \u00e0 la maison \u00e0 San Francisco, juste \u00e0 temps pour \u00a0d\u00eener. AirCharter.com ouvre un monde de possibilit\u00e9s en vous donnant la possibilit\u00e9 de planifier votre Voyage autour de votre horaire. Le moyen id\u00e9al pour voyager.<\/p>\n<p>\u2022 Votre avion restera sur place \u00e0 vous attendre<\/p>\n<p>\u2022 Un \u00e9quipage complet est \u00e0 votre disposition afin \u00a0de prendre soin de vous<\/p>\n<p>Air Charter poss\u00e8de l&rsquo;une des plus grande flotte d&rsquo;avions de \u00a0jet priv\u00e9. Avec un r\u00e9seau de plus de 350 fournisseurs de services de jet aux \u00c9tats-Unis et \u00e0 l&rsquo;\u00e9tranger, Air Charter peut correspondre \u00e0 vos besoins de Voyage instantan\u00e9s. Nous avons des milliers d&rsquo;avions \u00e0 r\u00e9action en attente de votre r\u00e9servation. La Location de jet priv\u00e9 est abordable, s\u00fbr et pratique.<\/p>\n<p>Notre inventaire d\u2019affr\u00e8tement de jet priv\u00e9 est catalogu\u00e9 par la d\u00e9signation de l&rsquo;industrie pour l&rsquo;avion. Vous pouvez nous contacter Si un avion \u00e0 r\u00e9action est \u00a0absent de la phototh\u00e8que,. Nous mettons \u00e0 jour continuellement de nouveaux jets priv\u00e9s pour notre r\u00e9seau d\u2019affr\u00e8tement de jet. Appelez-nous pour un devis d\u2019 affr\u00e8tement de jet \u00a0professionnel au +33 4 88 36 10 00<\/div><\/div><\/div><\/div>\n","protected":false},"excerpt":{"rendered":"<p>Les services d&rsquo;Air Charter\u00a0 Vous cherchez \u00e0 louer un avion priv\u00e9? Laissez notre \u00e9quipe de service d\u2019affr\u00e8tement a\u00e9rien \u00a0vous fournir une grande vari\u00e9t\u00e9 d&rsquo;avions d&rsquo;affaires approuv\u00e9s, dont la taille varie entre les petites et les \u00a0grandes \u00a0cabines, pouvant accueillir jusqu&rsquo;\u00e0 60 passagers. Le personnel qualifi\u00e9 d\u2019 Air Charter propose un service exceptionnel pour satisfaire les besoins les plus exigeants des voyageurs d&rsquo;affaires. Visualisez nos options priv\u00e9es\u00a0 de l\u2019affr\u00e8tement des jets Voyage a\u00e9rien , perfectionn\u00e9 TM<\/p>\n","protected":false},"author":14,"featured_media":0,"parent":0,"menu_order":0,"comment_status":"closed","ping_status":"closed","template":"","meta":{"footnotes":""},"class_list":["post-26863","page","type-page","status-publish","hentry"],"yoast_head":"<!-- This site is optimized with the Yoast SEO plugin v27.4 - https:\/\/yoast.com\/product\/yoast-seo-wordpress\/ -->\n<title>Les Services d&#039;Air Charter - Aircharter<\/title>\n<meta name=\"robots\" content=\"index, follow, max-snippet:-1, max-image-preview:large, max-video-preview:-1\" \/>\n<link rel=\"canonical\" href=\"https:\/\/www.aircharter.com\/les-services-dair-charter\/\" \/>\n<meta property=\"og:locale\" content=\"fr_FR\" \/>\n<meta property=\"og:type\" content=\"article\" \/>\n<meta property=\"og:title\" content=\"Les Services d&#039;Air Charter - Aircharter\" \/>\n<meta property=\"og:description\" content=\"Les services d&rsquo;Air Charter\u00a0 Vous cherchez \u00e0 louer un avion priv\u00e9? Laissez notre \u00e9quipe de service d\u2019affr\u00e8tement a\u00e9rien \u00a0vous fournir une grande vari\u00e9t\u00e9 d&rsquo;avions d&rsquo;affaires approuv\u00e9s, dont la taille varie entre les petites et les \u00a0grandes \u00a0cabines, pouvant accueillir jusqu&rsquo;\u00e0 60 passagers. Le personnel qualifi\u00e9 d\u2019 Air Charter propose un service exceptionnel pour satisfaire les besoins les plus exigeants des voyageurs d&rsquo;affaires. Visualisez nos options priv\u00e9es\u00a0 de l\u2019affr\u00e8tement des jets Voyage a\u00e9rien , perfectionn\u00e9 TM\" \/>\n<meta property=\"og:url\" content=\"https:\/\/www.aircharter.com\/les-services-dair-charter\/\" \/>\n<meta property=\"og:site_name\" content=\"Aircharter\" \/>\n<meta property=\"article:modified_time\" content=\"2022-12-11T22:51:33+00:00\" \/>\n<meta name=\"twitter:card\" content=\"summary_large_image\" \/>\n<meta name=\"twitter:label1\" content=\"Dur\u00e9e de lecture estim\u00e9e\" \/>\n\t<meta name=\"twitter:data1\" content=\"8 minutes\" \/>\n<script type=\"application\/ld+json\" class=\"yoast-schema-graph\">{\"@context\":\"https:\\\/\\\/schema.org\",\"@graph\":[{\"@type\":\"WebPage\",\"@id\":\"https:\\\/\\\/www.aircharter.com\\\/les-services-dair-charter\\\/\",\"url\":\"https:\\\/\\\/www.aircharter.com\\\/les-services-dair-charter\\\/\",\"name\":\"Les Services d'Air Charter - Aircharter\",\"isPartOf\":{\"@id\":\"https:\\\/\\\/www.aircharter.com\\\/de\\\/#website\"},\"datePublished\":\"2014-05-03T13:57:40+00:00\",\"dateModified\":\"2022-12-11T22:51:33+00:00\",\"breadcrumb\":{\"@id\":\"https:\\\/\\\/www.aircharter.com\\\/les-services-dair-charter\\\/#breadcrumb\"},\"inLanguage\":\"fr-FR\",\"potentialAction\":[{\"@type\":\"ReadAction\",\"target\":[\"https:\\\/\\\/www.aircharter.com\\\/les-services-dair-charter\\\/\"]}]},{\"@type\":\"BreadcrumbList\",\"@id\":\"https:\\\/\\\/www.aircharter.com\\\/les-services-dair-charter\\\/#breadcrumb\",\"itemListElement\":[{\"@type\":\"ListItem\",\"position\":1,\"name\":\"Home\",\"item\":\"https:\\\/\\\/www.aircharter.com\\\/\"},{\"@type\":\"ListItem\",\"position\":2,\"name\":\"Les Services d&#8217;Air Charter\"}]},{\"@type\":\"WebSite\",\"@id\":\"https:\\\/\\\/www.aircharter.com\\\/de\\\/#website\",\"url\":\"https:\\\/\\\/www.aircharter.com\\\/de\\\/\",\"name\":\"Aircharter\",\"description\":\"Air Charter | Private Jet Charter &amp; Rental | Fly Smarter | Hire a Business Jet\",\"publisher\":{\"@id\":\"https:\\\/\\\/www.aircharter.com\\\/de\\\/#organization\"},\"potentialAction\":[{\"@type\":\"SearchAction\",\"target\":{\"@type\":\"EntryPoint\",\"urlTemplate\":\"https:\\\/\\\/www.aircharter.com\\\/de\\\/?s={search_term_string}\"},\"query-input\":{\"@type\":\"PropertyValueSpecification\",\"valueRequired\":true,\"valueName\":\"search_term_string\"}}],\"inLanguage\":\"fr-FR\"},{\"@type\":\"Organization\",\"@id\":\"https:\\\/\\\/www.aircharter.com\\\/de\\\/#organization\",\"name\":\"Aircharter.com LLC\",\"url\":\"https:\\\/\\\/www.aircharter.com\\\/de\\\/\",\"logo\":{\"@type\":\"ImageObject\",\"inLanguage\":\"fr-FR\",\"@id\":\"https:\\\/\\\/www.aircharter.com\\\/de\\\/#\\\/schema\\\/logo\\\/image\\\/\",\"url\":\"https:\\\/\\\/www.aircharter.com\\\/wp-content\\\/uploads\\\/2022\\\/12\\\/Aircharter_logo_114X1141-11.png\",\"contentUrl\":\"https:\\\/\\\/www.aircharter.com\\\/wp-content\\\/uploads\\\/2022\\\/12\\\/Aircharter_logo_114X1141-11.png\",\"width\":114,\"height\":114,\"caption\":\"Aircharter.com LLC\"},\"image\":{\"@id\":\"https:\\\/\\\/www.aircharter.com\\\/de\\\/#\\\/schema\\\/logo\\\/image\\\/\"}}]}<\/script>\n<!-- \/ Yoast SEO plugin. -->","yoast_head_json":{"title":"Les Services d'Air Charter - Aircharter","robots":{"index":"index","follow":"follow","max-snippet":"max-snippet:-1","max-image-preview":"max-image-preview:large","max-video-preview":"max-video-preview:-1"},"canonical":"https:\/\/www.aircharter.com\/les-services-dair-charter\/","og_locale":"fr_FR","og_type":"article","og_title":"Les Services d'Air Charter - Aircharter","og_description":"Les services d&rsquo;Air Charter\u00a0 Vous cherchez \u00e0 louer un avion priv\u00e9? Laissez notre \u00e9quipe de service d\u2019affr\u00e8tement a\u00e9rien \u00a0vous fournir une grande vari\u00e9t\u00e9 d&rsquo;avions d&rsquo;affaires approuv\u00e9s, dont la taille varie entre les petites et les \u00a0grandes \u00a0cabines, pouvant accueillir jusqu&rsquo;\u00e0 60 passagers. Le personnel qualifi\u00e9 d\u2019 Air Charter propose un service exceptionnel pour satisfaire les besoins les plus exigeants des voyageurs d&rsquo;affaires. Visualisez nos options priv\u00e9es\u00a0 de l\u2019affr\u00e8tement des jets Voyage a\u00e9rien , perfectionn\u00e9 TM","og_url":"https:\/\/www.aircharter.com\/les-services-dair-charter\/","og_site_name":"Aircharter","article_modified_time":"2022-12-11T22:51:33+00:00","twitter_card":"summary_large_image","twitter_misc":{"Dur\u00e9e de lecture estim\u00e9e":"8 minutes"},"schema":{"@context":"https:\/\/schema.org","@graph":[{"@type":"WebPage","@id":"https:\/\/www.aircharter.com\/les-services-dair-charter\/","url":"https:\/\/www.aircharter.com\/les-services-dair-charter\/","name":"Les Services d'Air Charter - Aircharter","isPartOf":{"@id":"https:\/\/www.aircharter.com\/de\/#website"},"datePublished":"2014-05-03T13:57:40+00:00","dateModified":"2022-12-11T22:51:33+00:00","breadcrumb":{"@id":"https:\/\/www.aircharter.com\/les-services-dair-charter\/#breadcrumb"},"inLanguage":"fr-FR","potentialAction":[{"@type":"ReadAction","target":["https:\/\/www.aircharter.com\/les-services-dair-charter\/"]}]},{"@type":"BreadcrumbList","@id":"https:\/\/www.aircharter.com\/les-services-dair-charter\/#breadcrumb","itemListElement":[{"@type":"ListItem","position":1,"name":"Home","item":"https:\/\/www.aircharter.com\/"},{"@type":"ListItem","position":2,"name":"Les Services d&#8217;Air Charter"}]},{"@type":"WebSite","@id":"https:\/\/www.aircharter.com\/de\/#website","url":"https:\/\/www.aircharter.com\/de\/","name":"Aircharter","description":"Air Charter | Private Jet Charter &amp; Rental | Fly Smarter | Hire a Business Jet","publisher":{"@id":"https:\/\/www.aircharter.com\/de\/#organization"},"potentialAction":[{"@type":"SearchAction","target":{"@type":"EntryPoint","urlTemplate":"https:\/\/www.aircharter.com\/de\/?s={search_term_string}"},"query-input":{"@type":"PropertyValueSpecification","valueRequired":true,"valueName":"search_term_string"}}],"inLanguage":"fr-FR"},{"@type":"Organization","@id":"https:\/\/www.aircharter.com\/de\/#organization","name":"Aircharter.com LLC","url":"https:\/\/www.aircharter.com\/de\/","logo":{"@type":"ImageObject","inLanguage":"fr-FR","@id":"https:\/\/www.aircharter.com\/de\/#\/schema\/logo\/image\/","url":"https:\/\/www.aircharter.com\/wp-content\/uploads\/2022\/12\/Aircharter_logo_114X1141-11.png","contentUrl":"https:\/\/www.aircharter.com\/wp-content\/uploads\/2022\/12\/Aircharter_logo_114X1141-11.png","width":114,"height":114,"caption":"Aircharter.com LLC"},"image":{"@id":"https:\/\/www.aircharter.com\/de\/#\/schema\/logo\/image\/"}}]}},"_links":{"self":[{"href":"https:\/\/www.aircharter.com\/fr\/wp-json\/wp\/v2\/pages\/26863","targetHints":{"allow":["GET"]}}],"collection":[{"href":"https:\/\/www.aircharter.com\/fr\/wp-json\/wp\/v2\/pages"}],"about":[{"href":"https:\/\/www.aircharter.com\/fr\/wp-json\/wp\/v2\/types\/page"}],"author":[{"embeddable":true,"href":"https:\/\/www.aircharter.com\/fr\/wp-json\/wp\/v2\/users\/14"}],"replies":[{"embeddable":true,"href":"https:\/\/www.aircharter.com\/fr\/wp-json\/wp\/v2\/comments?post=26863"}],"version-history":[{"count":9,"href":"https:\/\/www.aircharter.com\/fr\/wp-json\/wp\/v2\/pages\/26863\/revisions"}],"predecessor-version":[{"id":37276,"href":"https:\/\/www.aircharter.com\/fr\/wp-json\/wp\/v2\/pages\/26863\/revisions\/37276"}],"wp:attachment":[{"href":"https:\/\/www.aircharter.com\/fr\/wp-json\/wp\/v2\/media?parent=26863"}],"curies":[{"name":"wp","href":"https:\/\/api.w.org\/{rel}","templated":true}]}}