{"id":26914,"date":"2014-05-12T17:21:18","date_gmt":"2014-05-12T21:21:18","guid":{"rendered":"https:\/\/www.aircharter.com\/?page_id=26914"},"modified":"2022-12-11T17:51:33","modified_gmt":"2022-12-11T22:51:33","slug":"location-un-jet-prive","status":"publish","type":"page","link":"https:\/\/www.aircharter.com\/fr\/location-un-jet-prive\/","title":{"rendered":"Location d&rsquo;un Jet priv\u00e9"},"content":{"rendered":"<h1>Combien co<strong>\u00fbte une location de Jet priv\u00e9?<\/strong><\/h1>\n<p>Vous voulez en savoir plus sur le co\u00fbt de location d\u2019un jet priv\u00e9? Le prix d\u2019affr\u00e8tement d\u2019un Jet priv\u00e9 est \u00a0calcul\u00e9s en utilisant le tarif horaire du jet, les frais du carburant, les frais de d\u00e9collage et d\u2019atterrissage (les a\u00e9roports font payer des montants diff\u00e9rents en fonction de la taille du jet priv\u00e9, et de la surtaxe actuelle de l&rsquo;a\u00e9roport) les a\u00e9roports internationaux sont plus chers \u00e0\u00a0 atterrir , tandis que les FBO sont g\u00e9n\u00e9ralement beaucoup moins cher, et offre une zone beaucoup plus luxueuse \u00e0 bord de votre avion, vous permettant d\u2019\u00eatre \u00e0 bord de \u00a0votre jet apr\u00e8s une tr\u00e8s br\u00e8ve v\u00e9rification de s\u00e9curit\u00e9<\/p>\n<p><strong>Quel serait le co\u00fbt de mon voyage? Gr\u00e2ce \u00e0 notre moteur de r\u00e9servation en ligne, vous pouvez calculer un prix tr\u00e8s pr\u00e9cis, pour tous les jets de taille, et pour un certain nombre de passagers. Essayez-le maintenant<\/strong>:<\/p>\n<p><div class=\"fusion-fullwidth fullwidth-box fusion-builder-row-1 fusion-flex-container hundred-percent-fullwidth non-hundred-percent-height-scrolling\" style=\"--awb-border-radius-top-left:0px;--awb-border-radius-top-right:0px;--awb-border-radius-bottom-right:0px;--awb-border-radius-bottom-left:0px;--awb-overflow:visible;--awb-margin-top:40px;--awb-background-color:rgba(255,255,255,0);--awb-flex-wrap:wrap;\" ><div class=\"fusion-builder-row fusion-row fusion-flex-align-items-flex-start fusion-flex-content-wrap\" style=\"width:calc( 100% + 0px ) !important;max-width:calc( 100% + 0px ) !important;margin-left: calc(-0px \/ 2 );margin-right: calc(-0px \/ 2 );\"><div class=\"fusion-layout-column fusion_builder_column fusion-builder-column-0 fusion_builder_column_1_1 1_1 fusion-flex-column fusion-flex-align-self-flex-start fusion-column-no-min-height\" style=\"--awb-bg-size:cover;--awb-width-large:100%;--awb-margin-top-large:0px;--awb-spacing-right-large:0px;--awb-margin-bottom-large:0px;--awb-spacing-left-large:0px;--awb-width-medium:100%;--awb-spacing-right-medium:0px;--awb-spacing-left-medium:0px;--awb-width-small:100%;--awb-spacing-right-small:0px;--awb-spacing-left-small:0px;\"><div class=\"fusion-column-wrapper fusion-flex-justify-content-flex-start fusion-content-layout-column\"><div class=\"fusion-separator fusion-full-width-sep\" style=\"align-self: center;margin-left: auto;margin-right: auto;width:100%;\"><\/div>\n<\/div><\/div><\/div><\/div><div class=\"fusion-fullwidth fullwidth-box fusion-builder-row-2 fusion-flex-container hundred-percent-fullwidth non-hundred-percent-height-scrolling\" style=\"--awb-border-radius-top-left:0px;--awb-border-radius-top-right:0px;--awb-border-radius-bottom-right:0px;--awb-border-radius-bottom-left:0px;--awb-overflow:visible;--awb-flex-wrap:wrap;\" ><div class=\"fusion-builder-row fusion-row fusion-flex-align-items-flex-start fusion-flex-content-wrap\" style=\"width:calc( 100% + 0px ) !important;max-width:calc( 100% + 0px ) !important;margin-left: calc(-0px \/ 2 );margin-right: calc(-0px \/ 2 );\"><div class=\"fusion-layout-column fusion_builder_column fusion-builder-column-1 fusion_builder_column_1_1 1_1 fusion-flex-column fusion-flex-align-self-flex-start fusion-column-no-min-height\" style=\"--awb-bg-size:cover;--awb-width-large:100%;--awb-margin-top-large:0px;--awb-spacing-right-large:0px;--awb-margin-bottom-large:0px;--awb-spacing-left-large:0px;--awb-width-medium:100%;--awb-spacing-right-medium:0px;--awb-spacing-left-medium:0px;--awb-width-small:100%;--awb-spacing-right-small:0px;--awb-spacing-left-small:0px;\"><div class=\"fusion-column-wrapper fusion-flex-justify-content-flex-start fusion-content-layout-column\">[booking_engine type=\u00a0\u00bbbig\u00a0\u00bb][\/booking_engine]\n<div class=\"fusion-separator fusion-full-width-sep\" style=\"align-self: center;margin-left: auto;margin-right: auto;margin-top:40px;margin-bottom:40px;width:100%;\"><\/div>\n<p><strong>Voici les prix approximatifs pour toutes les cat\u00e9gories d&rsquo;a\u00e9ronefs que nous proposons:<\/strong><\/p>\n<p>Gr\u00e2ce \u00e0 notre syst\u00e8me de r\u00e9servation ci-dessus, vous serez en mesure d&rsquo;obtenir un prix beaucoup plus pr\u00e9cis<\/p>\n<table width=\"100%\">\n<tbody>\n<tr>\n<td><img decoding=\"async\" title=\"rent a private jet\" src=\"https:\/\/www.aircharter.com\/wp-content\/uploads\/2013\/06\/KingAir_200_LgThmb.jpg\" alt=\"rent a private jet\" width=\"120\" height=\"81\" border=\"0\" \/><\/td>\n<td>\n<h2><\/h2>\n<h2><b>Affr\u00e8tement de Turbo Prop\u00a0<\/b><\/h2>\n<p>Capacit\u00e9: 6 &#8211; 8 Personne<br \/>\nVitesse\u00a0218 &#8211; 315 mph<br \/>\nDistance: 1,500 &#8211; 2,000 sm<br \/>\ntaux\u00a0\u00a0$1.200 &#8211; 1,500\/hr<\/td>\n<td><a href=\"http:\/\/aircharter.com\/privatejetrental.html\"><img decoding=\"async\" title=\"jet charter prices\" src=\"https:\/\/www.aircharter.com\/wp-content\/uploads\/2013\/06\/Falcon_2000_LgThmb.jpg\" alt=\"jet charter prices\" width=\"120\" height=\"81\" border=\"0\" \/><\/a><\/td>\n<td>\n<h2><\/h2>\n<h2><b>Affr\u00e8tement de jet: Super\u00a0taille-moyenne<\/b><\/h2>\n<p>Capacit\u00e9: 7 &#8211; 9 People<br \/>\nVitesse\u00a0490 &#8211; 590 mph<br \/>\nDistance: 3,000 &#8211; 3,900 sm<br \/>\nTaux\u00a0$3.200 &#8211; 4,000\/hr<\/td>\n<\/tr>\n<tr>\n<td><a href=\"http:\/\/aircharter.com\/privatejetrental.html\"><img decoding=\"async\" title=\"air charter prices\" src=\"https:\/\/www.aircharter.com\/wp-content\/uploads\/2013\/06\/Beachjet_400_LgThmb.jpg\" alt=\"air charter prices\" width=\"120\" height=\"81\" border=\"0\" \/><\/a><\/td>\n<td>\n<h2><\/h2>\n<h2><\/h2>\n<h2><b>\u00a0Affr\u00e8tement de jet de cabine l\u00e9g\u00e8re<\/b><\/h2>\n<p>Capacit\u00e9: 5 &#8211; 8 People<br \/>\nVitesse\u00a0400 &#8211; 480 mph<br \/>\nDistance: 1,600 &#8211; 2,000 sm<br \/>\nTaux\u00a0$2.000 &#8211; 2,1500\/hr<\/td>\n<td><a href=\"http:\/\/aircharter.com\/privatejetrental.html\"><img decoding=\"async\" title=\"rent a private jet\" src=\"https:\/\/www.aircharter.com\/wp-content\/uploads\/2013\/06\/Gulfstream_5_LgThmb.jpg\" alt=\"rent a private jet\" width=\"120\" height=\"81\" border=\"0\" \/><\/a><\/td>\n<td>\n<h2><\/h2>\n<h2><b>Affr\u00e8tement de jet de\u00a0taille pleine\u00a0\u00a0<\/b><\/h2>\n<p>Capacit\u00e9: 9 &#8211; 23 People<br \/>\nVitesse 500 &#8211; 560 mph<br \/>\nDistance: 4,000 &#8211; 7,000 sm<br \/>\nTaux\u00a0$4,000 &#8211; 13,000\/hr<\/td>\n<\/tr>\n<tr>\n<td><a href=\"http:\/\/aircharter.com\/privatejetrental.html\"><img decoding=\"async\" title=\"private jet charter prices\" src=\"https:\/\/www.aircharter.com\/wp-content\/uploads\/2013\/06\/LearJet_60_LgThmb.jpg\" alt=\"private jet charter prices\" width=\"120\" height=\"81\" border=\"0\" \/><\/a><\/td>\n<td>\n<h2><\/h2>\n<h2><b>Affr\u00e8tement de Jet de taille moyenne<\/b><\/h2>\n<p>Capacit\u00e9: 8 &#8211; 10 People<br \/>\nVitesse 510 &#8211; 590 mph<br \/>\nDistance: 3,000 &#8211; 3,500 sm<br \/>\nTaux\u00a0$2,500 &#8211; 3,2000\/hr<\/td>\n<td><a href=\"http:\/\/aircharter.com\/privatejetrental.html\"><img decoding=\"async\" title=\"Rent a Private Jet\" src=\"https:\/\/www.aircharter.com\/wp-content\/uploads\/2013\/06\/BBJ_ext.jpg\" alt=\"Rent a Private Jet\" width=\"120\" height=\"81\" border=\"0\" \/><\/a><\/td>\n<td>\n<h2><\/h2>\n<h2><b>\u00a0Affr\u00e8tement de jet de super taille\u00a0<\/b><\/h2>\n<p>Capacit\u00e9: 15 &#8211; 71 People<br \/>\nVitesse 565 &#8211; 620 mph<br \/>\nDistance: 7,000 &#8211; 10,000 sm<br \/>\nTaux\u00a0$7,000 &#8211; 15,000\/hr<\/td>\n<\/tr>\n<\/tbody>\n<\/table>\n<p>&nbsp;<\/p>\n<p>Le vrai co\u00fbt d\u2019un vol sur un jet priv\u00e9 a toujours \u00e9t\u00e9 envelopp\u00e9 dans le myst\u00e8re des \u00a0termes techniques et des \u00a0frais cach\u00e9s qui pourraient \u00eatre source de confusion, m\u00eame pour un voyageur r\u00e9gulier. Air Charter a simplifi\u00e9 le processus en cr\u00e9ant la \u00abla Garantie du Prix d\u2019un affr\u00e8tement de Jet\u00a0\u00bb. Le prix de location cit\u00e9 est le prix que vous payez. Aircharter fonctionne sur les principes du service client\u00e8le de jet absolue et complet. Notre \u00e9quipe cr\u00e9e des vols d\u2019affr\u00e8tement\u00a0 priv\u00e9s personnalis\u00e9s qui r\u00e9pondent aux besoins des \u00a0passagers, y compris la disposition du service des \u00a0repas gastronomique,des boissons sp\u00e9ciales, et du divertissement \u00e0 bord, ainsi que d\u2019autres services. En outre, le personnel d\u2019Air Charter organise un programme VIP de conciergerie pour un \u00a0service complet de Jet sur le terrain. Pensez au jet priv\u00e9 pour votre prochain sp\u00e9cial \u00e9v\u00e9nement; sorties de golf, voyages en famille, week-end de ski ou une nuit de poker \u00e0 Las Vegas<\/div><\/div><\/div><\/div><\/p>\n","protected":false},"excerpt":{"rendered":"<p>Combien co\u00fbte une location de Jet priv\u00e9? Vous voulez en savoir plus sur le co\u00fbt de location d\u2019un jet priv\u00e9? Le prix d\u2019affr\u00e8tement d\u2019un Jet priv\u00e9 est \u00a0calcul\u00e9s en utilisant le tarif horaire du jet, les frais du carburant, les frais de d\u00e9collage et d\u2019atterrissage (les a\u00e9roports font payer des montants diff\u00e9rents en fonction de la taille du jet priv\u00e9, et de la surtaxe actuelle de l&rsquo;a\u00e9roport) les a\u00e9roports internationaux sont plus chers \u00e0\u00a0 atterrir , tandis que les FBO sont g\u00e9n\u00e9ralement beaucoup moins cher, et offre une zone beaucoup plus luxueuse \u00e0 bord de votre avion, vous permettant d\u2019\u00eatre \u00e0 bord de \u00a0votre jet apr\u00e8s une tr\u00e8s br\u00e8ve v\u00e9rification de s\u00e9curit\u00e9 Quel serait le co\u00fbt de mon voyage? Gr\u00e2ce \u00e0 notre moteur de r\u00e9servation en ligne, vous pouvez calculer un prix tr\u00e8s pr\u00e9cis, pour tous les jets de taille, et pour un certain nombre de passagers. Essayez-le maintenant:<\/p>\n","protected":false},"author":14,"featured_media":0,"parent":0,"menu_order":0,"comment_status":"closed","ping_status":"closed","template":"","meta":{"footnotes":""},"class_list":["post-26914","page","type-page","status-publish","hentry"],"yoast_head":"<!-- This site is optimized with the Yoast SEO plugin v27.4 - https:\/\/yoast.com\/product\/yoast-seo-wordpress\/ -->\n<title>Location d&#039;un Jet priv\u00e9 - Aircharter<\/title>\n<meta name=\"robots\" content=\"index, follow, max-snippet:-1, max-image-preview:large, max-video-preview:-1\" \/>\n<link rel=\"canonical\" href=\"https:\/\/www.aircharter.com\/location-un-jet-prive\/\" \/>\n<meta property=\"og:locale\" content=\"fr_FR\" \/>\n<meta property=\"og:type\" content=\"article\" \/>\n<meta property=\"og:title\" content=\"Location d&#039;un Jet priv\u00e9 - Aircharter\" \/>\n<meta property=\"og:description\" content=\"Combien co\u00fbte une location de Jet priv\u00e9? Vous voulez en savoir plus sur le co\u00fbt de location d\u2019un jet priv\u00e9? Le prix d\u2019affr\u00e8tement d\u2019un Jet priv\u00e9 est \u00a0calcul\u00e9s en utilisant le tarif horaire du jet, les frais du carburant, les frais de d\u00e9collage et d\u2019atterrissage (les a\u00e9roports font payer des montants diff\u00e9rents en fonction de la taille du jet priv\u00e9, et de la surtaxe actuelle de l&rsquo;a\u00e9roport) les a\u00e9roports internationaux sont plus chers \u00e0\u00a0 atterrir , tandis que les FBO sont g\u00e9n\u00e9ralement beaucoup moins cher, et offre une zone beaucoup plus luxueuse \u00e0 bord de votre avion, vous permettant d\u2019\u00eatre \u00e0 bord de \u00a0votre jet apr\u00e8s une tr\u00e8s br\u00e8ve v\u00e9rification de s\u00e9curit\u00e9 Quel serait le co\u00fbt de mon voyage? Gr\u00e2ce \u00e0 notre moteur de r\u00e9servation en ligne, vous pouvez calculer un prix tr\u00e8s pr\u00e9cis, pour tous les jets de taille, et pour un certain nombre de passagers. Essayez-le maintenant:\" \/>\n<meta property=\"og:url\" content=\"https:\/\/www.aircharter.com\/location-un-jet-prive\/\" \/>\n<meta property=\"og:site_name\" content=\"Aircharter\" \/>\n<meta property=\"article:modified_time\" content=\"2022-12-11T22:51:33+00:00\" \/>\n<meta property=\"og:image\" content=\"https:\/\/www.aircharter.com\/wp-content\/uploads\/2013\/06\/KingAir_200_LgThmb.jpg\" \/>\n<meta name=\"twitter:card\" content=\"summary_large_image\" \/>\n<meta name=\"twitter:label1\" content=\"Dur\u00e9e de lecture estim\u00e9e\" \/>\n\t<meta name=\"twitter:data1\" content=\"3 minutes\" \/>\n<script type=\"application\/ld+json\" class=\"yoast-schema-graph\">{\"@context\":\"https:\\\/\\\/schema.org\",\"@graph\":[{\"@type\":\"WebPage\",\"@id\":\"https:\\\/\\\/www.aircharter.com\\\/location-un-jet-prive\\\/\",\"url\":\"https:\\\/\\\/www.aircharter.com\\\/location-un-jet-prive\\\/\",\"name\":\"Location d'un Jet priv\u00e9 - Aircharter\",\"isPartOf\":{\"@id\":\"https:\\\/\\\/www.aircharter.com\\\/de\\\/#website\"},\"primaryImageOfPage\":{\"@id\":\"https:\\\/\\\/www.aircharter.com\\\/location-un-jet-prive\\\/#primaryimage\"},\"image\":{\"@id\":\"https:\\\/\\\/www.aircharter.com\\\/location-un-jet-prive\\\/#primaryimage\"},\"thumbnailUrl\":\"https:\\\/\\\/www.aircharter.com\\\/wp-content\\\/uploads\\\/2013\\\/06\\\/KingAir_200_LgThmb.jpg\",\"datePublished\":\"2014-05-12T21:21:18+00:00\",\"dateModified\":\"2022-12-11T22:51:33+00:00\",\"breadcrumb\":{\"@id\":\"https:\\\/\\\/www.aircharter.com\\\/location-un-jet-prive\\\/#breadcrumb\"},\"inLanguage\":\"fr-FR\",\"potentialAction\":[{\"@type\":\"ReadAction\",\"target\":[\"https:\\\/\\\/www.aircharter.com\\\/location-un-jet-prive\\\/\"]}]},{\"@type\":\"ImageObject\",\"inLanguage\":\"fr-FR\",\"@id\":\"https:\\\/\\\/www.aircharter.com\\\/location-un-jet-prive\\\/#primaryimage\",\"url\":\"https:\\\/\\\/www.aircharter.com\\\/wp-content\\\/uploads\\\/2013\\\/06\\\/KingAir_200_LgThmb.jpg\",\"contentUrl\":\"https:\\\/\\\/www.aircharter.com\\\/wp-content\\\/uploads\\\/2013\\\/06\\\/KingAir_200_LgThmb.jpg\"},{\"@type\":\"BreadcrumbList\",\"@id\":\"https:\\\/\\\/www.aircharter.com\\\/location-un-jet-prive\\\/#breadcrumb\",\"itemListElement\":[{\"@type\":\"ListItem\",\"position\":1,\"name\":\"Home\",\"item\":\"https:\\\/\\\/www.aircharter.com\\\/\"},{\"@type\":\"ListItem\",\"position\":2,\"name\":\"Location d&#8217;un Jet priv\u00e9\"}]},{\"@type\":\"WebSite\",\"@id\":\"https:\\\/\\\/www.aircharter.com\\\/de\\\/#website\",\"url\":\"https:\\\/\\\/www.aircharter.com\\\/de\\\/\",\"name\":\"Aircharter\",\"description\":\"Air Charter | Private Jet Charter &amp; Rental | Fly Smarter | Hire a Business Jet\",\"publisher\":{\"@id\":\"https:\\\/\\\/www.aircharter.com\\\/de\\\/#organization\"},\"potentialAction\":[{\"@type\":\"SearchAction\",\"target\":{\"@type\":\"EntryPoint\",\"urlTemplate\":\"https:\\\/\\\/www.aircharter.com\\\/de\\\/?s={search_term_string}\"},\"query-input\":{\"@type\":\"PropertyValueSpecification\",\"valueRequired\":true,\"valueName\":\"search_term_string\"}}],\"inLanguage\":\"fr-FR\"},{\"@type\":\"Organization\",\"@id\":\"https:\\\/\\\/www.aircharter.com\\\/de\\\/#organization\",\"name\":\"Aircharter.com LLC\",\"url\":\"https:\\\/\\\/www.aircharter.com\\\/de\\\/\",\"logo\":{\"@type\":\"ImageObject\",\"inLanguage\":\"fr-FR\",\"@id\":\"https:\\\/\\\/www.aircharter.com\\\/de\\\/#\\\/schema\\\/logo\\\/image\\\/\",\"url\":\"https:\\\/\\\/www.aircharter.com\\\/wp-content\\\/uploads\\\/2022\\\/12\\\/Aircharter_logo_114X1141-11.png\",\"contentUrl\":\"https:\\\/\\\/www.aircharter.com\\\/wp-content\\\/uploads\\\/2022\\\/12\\\/Aircharter_logo_114X1141-11.png\",\"width\":114,\"height\":114,\"caption\":\"Aircharter.com LLC\"},\"image\":{\"@id\":\"https:\\\/\\\/www.aircharter.com\\\/de\\\/#\\\/schema\\\/logo\\\/image\\\/\"}}]}<\/script>\n<!-- \/ Yoast SEO plugin. -->","yoast_head_json":{"title":"Location d'un Jet priv\u00e9 - Aircharter","robots":{"index":"index","follow":"follow","max-snippet":"max-snippet:-1","max-image-preview":"max-image-preview:large","max-video-preview":"max-video-preview:-1"},"canonical":"https:\/\/www.aircharter.com\/location-un-jet-prive\/","og_locale":"fr_FR","og_type":"article","og_title":"Location d'un Jet priv\u00e9 - Aircharter","og_description":"Combien co\u00fbte une location de Jet priv\u00e9? Vous voulez en savoir plus sur le co\u00fbt de location d\u2019un jet priv\u00e9? Le prix d\u2019affr\u00e8tement d\u2019un Jet priv\u00e9 est \u00a0calcul\u00e9s en utilisant le tarif horaire du jet, les frais du carburant, les frais de d\u00e9collage et d\u2019atterrissage (les a\u00e9roports font payer des montants diff\u00e9rents en fonction de la taille du jet priv\u00e9, et de la surtaxe actuelle de l&rsquo;a\u00e9roport) les a\u00e9roports internationaux sont plus chers \u00e0\u00a0 atterrir , tandis que les FBO sont g\u00e9n\u00e9ralement beaucoup moins cher, et offre une zone beaucoup plus luxueuse \u00e0 bord de votre avion, vous permettant d\u2019\u00eatre \u00e0 bord de \u00a0votre jet apr\u00e8s une tr\u00e8s br\u00e8ve v\u00e9rification de s\u00e9curit\u00e9 Quel serait le co\u00fbt de mon voyage? Gr\u00e2ce \u00e0 notre moteur de r\u00e9servation en ligne, vous pouvez calculer un prix tr\u00e8s pr\u00e9cis, pour tous les jets de taille, et pour un certain nombre de passagers. Essayez-le maintenant:","og_url":"https:\/\/www.aircharter.com\/location-un-jet-prive\/","og_site_name":"Aircharter","article_modified_time":"2022-12-11T22:51:33+00:00","og_image":[{"url":"https:\/\/www.aircharter.com\/wp-content\/uploads\/2013\/06\/KingAir_200_LgThmb.jpg","type":"","width":"","height":""}],"twitter_card":"summary_large_image","twitter_misc":{"Dur\u00e9e de lecture estim\u00e9e":"3 minutes"},"schema":{"@context":"https:\/\/schema.org","@graph":[{"@type":"WebPage","@id":"https:\/\/www.aircharter.com\/location-un-jet-prive\/","url":"https:\/\/www.aircharter.com\/location-un-jet-prive\/","name":"Location d'un Jet priv\u00e9 - Aircharter","isPartOf":{"@id":"https:\/\/www.aircharter.com\/de\/#website"},"primaryImageOfPage":{"@id":"https:\/\/www.aircharter.com\/location-un-jet-prive\/#primaryimage"},"image":{"@id":"https:\/\/www.aircharter.com\/location-un-jet-prive\/#primaryimage"},"thumbnailUrl":"https:\/\/www.aircharter.com\/wp-content\/uploads\/2013\/06\/KingAir_200_LgThmb.jpg","datePublished":"2014-05-12T21:21:18+00:00","dateModified":"2022-12-11T22:51:33+00:00","breadcrumb":{"@id":"https:\/\/www.aircharter.com\/location-un-jet-prive\/#breadcrumb"},"inLanguage":"fr-FR","potentialAction":[{"@type":"ReadAction","target":["https:\/\/www.aircharter.com\/location-un-jet-prive\/"]}]},{"@type":"ImageObject","inLanguage":"fr-FR","@id":"https:\/\/www.aircharter.com\/location-un-jet-prive\/#primaryimage","url":"https:\/\/www.aircharter.com\/wp-content\/uploads\/2013\/06\/KingAir_200_LgThmb.jpg","contentUrl":"https:\/\/www.aircharter.com\/wp-content\/uploads\/2013\/06\/KingAir_200_LgThmb.jpg"},{"@type":"BreadcrumbList","@id":"https:\/\/www.aircharter.com\/location-un-jet-prive\/#breadcrumb","itemListElement":[{"@type":"ListItem","position":1,"name":"Home","item":"https:\/\/www.aircharter.com\/"},{"@type":"ListItem","position":2,"name":"Location d&#8217;un Jet priv\u00e9"}]},{"@type":"WebSite","@id":"https:\/\/www.aircharter.com\/de\/#website","url":"https:\/\/www.aircharter.com\/de\/","name":"Aircharter","description":"Air Charter | Private Jet Charter &amp; Rental | Fly Smarter | Hire a Business Jet","publisher":{"@id":"https:\/\/www.aircharter.com\/de\/#organization"},"potentialAction":[{"@type":"SearchAction","target":{"@type":"EntryPoint","urlTemplate":"https:\/\/www.aircharter.com\/de\/?s={search_term_string}"},"query-input":{"@type":"PropertyValueSpecification","valueRequired":true,"valueName":"search_term_string"}}],"inLanguage":"fr-FR"},{"@type":"Organization","@id":"https:\/\/www.aircharter.com\/de\/#organization","name":"Aircharter.com LLC","url":"https:\/\/www.aircharter.com\/de\/","logo":{"@type":"ImageObject","inLanguage":"fr-FR","@id":"https:\/\/www.aircharter.com\/de\/#\/schema\/logo\/image\/","url":"https:\/\/www.aircharter.com\/wp-content\/uploads\/2022\/12\/Aircharter_logo_114X1141-11.png","contentUrl":"https:\/\/www.aircharter.com\/wp-content\/uploads\/2022\/12\/Aircharter_logo_114X1141-11.png","width":114,"height":114,"caption":"Aircharter.com LLC"},"image":{"@id":"https:\/\/www.aircharter.com\/de\/#\/schema\/logo\/image\/"}}]}},"_links":{"self":[{"href":"https:\/\/www.aircharter.com\/fr\/wp-json\/wp\/v2\/pages\/26914","targetHints":{"allow":["GET"]}}],"collection":[{"href":"https:\/\/www.aircharter.com\/fr\/wp-json\/wp\/v2\/pages"}],"about":[{"href":"https:\/\/www.aircharter.com\/fr\/wp-json\/wp\/v2\/types\/page"}],"author":[{"embeddable":true,"href":"https:\/\/www.aircharter.com\/fr\/wp-json\/wp\/v2\/users\/14"}],"replies":[{"embeddable":true,"href":"https:\/\/www.aircharter.com\/fr\/wp-json\/wp\/v2\/comments?post=26914"}],"version-history":[{"count":11,"href":"https:\/\/www.aircharter.com\/fr\/wp-json\/wp\/v2\/pages\/26914\/revisions"}],"predecessor-version":[{"id":37275,"href":"https:\/\/www.aircharter.com\/fr\/wp-json\/wp\/v2\/pages\/26914\/revisions\/37275"}],"wp:attachment":[{"href":"https:\/\/www.aircharter.com\/fr\/wp-json\/wp\/v2\/media?parent=26914"}],"curies":[{"name":"wp","href":"https:\/\/api.w.org\/{rel}","templated":true}]}}