{"id":26931,"date":"2014-05-13T13:41:22","date_gmt":"2014-05-13T17:41:22","guid":{"rendered":"https:\/\/www.aircharter.com\/?page_id=26931"},"modified":"2022-12-11T17:51:32","modified_gmt":"2022-12-11T22:51:32","slug":"sport","status":"publish","type":"page","link":"https:\/\/www.aircharter.com\/fr\/sport\/","title":{"rendered":"Sport"},"content":{"rendered":"<p><strong>Air Charter\u00a0Sports<\/strong><\/p>\n<p>Qu\u2019est ce qui diff\u00e9rencie Air Charter du reste quand il s&rsquo;agit de l&rsquo; affr\u00e8tement pour le sport\u00a0? C&rsquo;est de vous fournir le billet gagnant.<\/p>\n<p>Que vous transportez une \u00e9quipe sportive ou tous leurs fans , Air Charter \u00a0 a toujours l&rsquo;\u0153il sur la balle<\/p>\n<p><a href=\"https:\/\/www.aircharter.com\/wp-content\/uploads\/2013\/06\/plane_mountains.jpg\"><img decoding=\"async\" class=\"alignright size-medium wp-image-3957\" title=\"sports\" src=\"https:\/\/www.aircharter.com\/wp-content\/uploads\/2013\/06\/plane_mountains-300x184.jpg\" alt=\"sports\" width=\"300\" height=\"184\" srcset=\"https:\/\/www.aircharter.com\/wp-content\/uploads\/2013\/06\/plane_mountains-300x184.jpg 300w, https:\/\/www.aircharter.com\/wp-content\/uploads\/2013\/06\/plane_mountains.jpg 660w\" sizes=\"(max-width: 300px) 100vw, 300px\" \/><\/a><\/p>\n<p>Un r\u00e9seau mondial d&rsquo;appareils approuv\u00e9s, y compris la plus grande flotte\u00a0disponible de sport aux \u00c9tats-Unis , pour vous offrir la plus grande vari\u00e9t\u00e9\u00a0de mod\u00e8les et de configuration\u00a0 de si\u00e8ge , allant de 19 si\u00e8ges\u00a0turbopropulseurs \u00e0 de confortables 747 \u00e0 large fuselage .<\/p>\n<p>Des avions disponible \u00a0pour r\u00e9pondre aux horaires de vol selon les exigences\u00a0des \u00e9quipes sportives et de leurs fans<\/p>\n<p>Nous offrons une capacit\u00e9 d&rsquo;expertise pour g\u00e9rer les horaires selon les exigences\u00a0 de l&rsquo;\u00e9quipe de Sport \u00a0et de leurs\u00a0 fans.<\/p>\n<p>L\u2019\u00c9quipe\u00a0 et ses fans \u00e0 bord de l\u2019avion sont directement\u00a0 transporter par voie terrestre pour plus de \u00a0s\u00e9curit\u00e9.<\/p>\n<p>Nous offrons 24\/7 et durant toute \u00a0l&rsquo;ann\u00e9e un support\u00a0 op\u00e9rationnel pour le \u00a0suivi des vols et de la repr\u00e9sentation sur place pour informer le personnel de l&rsquo;a\u00e9roport et l&rsquo;\u00e9quipage de cabine<\/p>\n<p>Pour plus d&rsquo;informations, \u00e9crivez-nous ou appelez-nous \u00a0\u00a0au \u00a000\u00a033 4 88 36 10 00<\/p>\n<p>Air Charter peut vous offrir l&rsquo;ultime exp\u00e9rience VIP gr\u00e2ce \u00e0 notre service de premi\u00e8re classe sur notre Air Charter VIP pour vos besoins de voyage en \u00a0groupe.<\/p>\n<p>Un R\u00e9seau mondial d&rsquo;op\u00e9rateurs pour vous offrir la plus grande vari\u00e9t\u00e9 de configurations de l&rsquo;avion de premi\u00e8re classe et un coin de salon , pouvant accueillir de 40 \u00a0\u00e0 88 passagers .<\/p>\n<p>L&rsquo; Int\u00e9rieurs d&rsquo;avions de luxe, notamment des si\u00e8ges en cuir, \u00a0de riche placages de bois et des salons de luxe.<\/p>\n<p>Le Personnel orient\u00e9 services s&rsquo;occupent de tous les d\u00e9tails, y compris \u00a0la restauration les \u00e9quipements de premi\u00e8re classe \u00a0et le service\u00a0 en argent<\/p>\n<p>&nbsp;<\/p>\n<p><strong>Pourquoi Air Charter.com S.A.R.L ?<\/strong><\/p>\n<p>Air Charter a plus de 17 ans d&rsquo;exp\u00e9rience \u00a0dans les solutions d&rsquo;affr\u00e8tement et n&#8217;emploie que les meilleurs experts en Charter. AirCharter.com organise plus de 9000 contrats d&rsquo;affr\u00e8tement complets par an dans \u00a0multiples secteurs et a un chiffre d&rsquo;affaire \u00a0annuel de plus de 600 Millions de dollars.<\/p>\n<p><strong>Pourquoi choisir Air Charter.com SARL?<\/strong><\/p>\n<ul>\n<li><strong>Gestion de compte personnel &#8211;<\/strong>\u00a0D\u00e8s que nous recevons votre demande,\u00a0 nous vous attribuons votre propre expert\u00a0 charter. \u00a0Ils seront disponibles \u00e0 partir du moment o\u00f9 vous r\u00e9servez votre vol et au moment o\u00f9 vous atterrissez.<\/li>\n<li><strong>Le support de vol &#8211;<\/strong>\u00a0Cette \u00e9quipe d\u00e9di\u00e9e s\u2019assure que tous vos besoins sont satisfaits\u00a0 durant l&rsquo;exp\u00e9rience Charter<\/li>\n<li><strong>AirCharter- protection de paiement<\/strong>\u00a0&#8211; Peut-\u00eatre disponible \u00e0 faible co\u00fbt et vous et vos clients seront prot\u00e9g\u00e9 \u00a0en cas de faillite des compagnies a\u00e9riennes<\/li>\n<li><strong>Pouvoir de n\u00e9gociation\u00a0&#8211;<\/strong>\u00a0Au fil des ann\u00e9es, \u00a0AirCharter.com a construit beaucoup de relations solides avec les compagnies a\u00e9riennes. \u00a0Notre taille et notre r\u00e9putation nous permettent de n\u00e9gocier de meilleurs tarifs \u00a0qui peuvent ensuite offrir \u00a0des \u00e9conomies \u00e0 nos clients.<\/li>\n<li><strong>Repr\u00e9sentation \u00a0compl\u00e9mentaire \u00a0\u00e0 bord<\/strong>\u00a0&#8211; Si vous le souhaitez, nous pouvons vous envoyer un membre du personnel pour accompagner votre groupe sur le vol pour s&rsquo;assurer que tout fonctionne bien et\u00a0 vous offrir la tranquillit\u00e9 d\u2019esprit.<\/li>\n<li><strong>Marquage au\u00a0co\u00fbt\u00a0des frais \u00a0<\/strong>&#8211; De l&rsquo;uniforme d&rsquo;\u00e9quipage de cabine \u00e0 des pupitres et des appuis-t\u00eate \u00a0 dans le bureau check-in nous pouvons fournir des solutions de marquage multiples pour vous<\/li>\n<li><strong>Pr\u00e9sence mondiale<\/strong>\u00a0&#8211; Gr\u00e2ce \u00e0 notre r\u00e9seau d\u00e9j\u00e0 \u00e9tabli \u00e0 travers \u00a0des \u00a0bureaux internationaux, nous pouvons vous \u00a0offrir l&rsquo;expertise locale et nos bureaux vont travailler ensemble pour assurer le meilleur service possible<\/li>\n<li><strong>Contacte 24\/7-<\/strong>\u00a0Nos professionnels Charter \u00a0sont disponibles 24 heures \/ 7 jours par semaine<\/li>\n<\/ul>\n<p>&nbsp;<\/p>\n<p>&nbsp;<\/p>\n","protected":false},"excerpt":{"rendered":"<p>Air Charter\u00a0Sports Qu\u2019est ce qui diff\u00e9rencie Air Charter du reste quand il s&rsquo;agit de l&rsquo; affr\u00e8tement pour le sport\u00a0? C&rsquo;est de vous fournir le billet gagnant. Que vous transportez une \u00e9quipe sportive ou tous leurs fans , Air Charter \u00a0 a toujours l&rsquo;\u0153il sur la balle Un r\u00e9seau mondial d&rsquo;appareils approuv\u00e9s, y compris la plus grande flotte\u00a0disponible de sport aux \u00c9tats-Unis , pour vous offrir la plus grande vari\u00e9t\u00e9\u00a0de mod\u00e8les et de configuration\u00a0 de si\u00e8ge , allant de 19 si\u00e8ges\u00a0turbopropulseurs \u00e0 de confortables 747 \u00e0 large fuselage . Des avions disponible \u00a0pour r\u00e9pondre aux horaires de vol selon les exigences\u00a0des \u00e9quipes sportives et de leurs fans Nous offrons une capacit\u00e9 d&rsquo;expertise pour g\u00e9rer les horaires selon les exigences\u00a0 de l&rsquo;\u00e9quipe de Sport \u00a0et de leurs\u00a0 fans. L\u2019\u00c9quipe\u00a0 et ses fans \u00e0 bord de l\u2019avion sont directement\u00a0 transporter par voie terrestre pour plus de \u00a0s\u00e9curit\u00e9. Nous offrons 24\/7 et durant toute \u00a0l&rsquo;ann\u00e9e un support\u00a0 op\u00e9rationnel pour le \u00a0suivi des vols et de la repr\u00e9sentation sur place pour informer le personnel de l&rsquo;a\u00e9roport et l&rsquo;\u00e9quipage de cabine Pour plus d&rsquo;informations, \u00e9crivez-nous ou appelez-nous \u00a0\u00a0au \u00a000\u00a033 4 88 36 10 00 Air Charter peut vous offrir l&rsquo;ultime exp\u00e9rience VIP gr\u00e2ce \u00e0 notre service de premi\u00e8re classe sur notre Air Charter VIP pour vos besoins de voyage en \u00a0groupe. Un R\u00e9seau mondial d&rsquo;op\u00e9rateurs pour vous offrir la plus grande vari\u00e9t\u00e9 de configurations de l&rsquo;avion de premi\u00e8re classe et un coin de salon , pouvant accueillir de 40 \u00a0\u00e0 88 passagers . L&rsquo; Int\u00e9rieurs d&rsquo;avions de luxe, notamment des si\u00e8ges en cuir, \u00a0de riche placages de bois et des salons de luxe. Le Personnel orient\u00e9 services s&rsquo;occupent de tous les d\u00e9tails, y compris \u00a0la restauration les \u00e9quipements de premi\u00e8re classe<\/p>\n","protected":false},"author":14,"featured_media":0,"parent":0,"menu_order":0,"comment_status":"closed","ping_status":"closed","template":"","meta":{"footnotes":""},"class_list":["post-26931","page","type-page","status-publish","hentry"],"yoast_head":"<!-- This site is optimized with the Yoast SEO plugin v27.4 - https:\/\/yoast.com\/product\/yoast-seo-wordpress\/ -->\n<title>Sport - Aircharter<\/title>\n<meta name=\"robots\" content=\"index, follow, max-snippet:-1, max-image-preview:large, max-video-preview:-1\" \/>\n<link rel=\"canonical\" href=\"https:\/\/www.aircharter.com\/sport\/\" \/>\n<meta property=\"og:locale\" content=\"fr_FR\" \/>\n<meta property=\"og:type\" content=\"article\" \/>\n<meta property=\"og:title\" content=\"Sport - Aircharter\" \/>\n<meta property=\"og:description\" content=\"Air Charter\u00a0Sports Qu\u2019est ce qui diff\u00e9rencie Air Charter du reste quand il s&rsquo;agit de l&rsquo; affr\u00e8tement pour le sport\u00a0? C&rsquo;est de vous fournir le billet gagnant. Que vous transportez une \u00e9quipe sportive ou tous leurs fans , Air Charter \u00a0 a toujours l&rsquo;\u0153il sur la balle Un r\u00e9seau mondial d&rsquo;appareils approuv\u00e9s, y compris la plus grande flotte\u00a0disponible de sport aux \u00c9tats-Unis , pour vous offrir la plus grande vari\u00e9t\u00e9\u00a0de mod\u00e8les et de configuration\u00a0 de si\u00e8ge , allant de 19 si\u00e8ges\u00a0turbopropulseurs \u00e0 de confortables 747 \u00e0 large fuselage . Des avions disponible \u00a0pour r\u00e9pondre aux horaires de vol selon les exigences\u00a0des \u00e9quipes sportives et de leurs fans Nous offrons une capacit\u00e9 d&rsquo;expertise pour g\u00e9rer les horaires selon les exigences\u00a0 de l&rsquo;\u00e9quipe de Sport \u00a0et de leurs\u00a0 fans. L\u2019\u00c9quipe\u00a0 et ses fans \u00e0 bord de l\u2019avion sont directement\u00a0 transporter par voie terrestre pour plus de \u00a0s\u00e9curit\u00e9. Nous offrons 24\/7 et durant toute \u00a0l&rsquo;ann\u00e9e un support\u00a0 op\u00e9rationnel pour le \u00a0suivi des vols et de la repr\u00e9sentation sur place pour informer le personnel de l&rsquo;a\u00e9roport et l&rsquo;\u00e9quipage de cabine Pour plus d&rsquo;informations, \u00e9crivez-nous ou appelez-nous \u00a0\u00a0au \u00a000\u00a033 4 88 36 10 00 Air Charter peut vous offrir l&rsquo;ultime exp\u00e9rience VIP gr\u00e2ce \u00e0 notre service de premi\u00e8re classe sur notre Air Charter VIP pour vos besoins de voyage en \u00a0groupe. Un R\u00e9seau mondial d&rsquo;op\u00e9rateurs pour vous offrir la plus grande vari\u00e9t\u00e9 de configurations de l&rsquo;avion de premi\u00e8re classe et un coin de salon , pouvant accueillir de 40 \u00a0\u00e0 88 passagers . L&rsquo; Int\u00e9rieurs d&rsquo;avions de luxe, notamment des si\u00e8ges en cuir, \u00a0de riche placages de bois et des salons de luxe. Le Personnel orient\u00e9 services s&rsquo;occupent de tous les d\u00e9tails, y compris \u00a0la restauration les \u00e9quipements de premi\u00e8re classe\" \/>\n<meta property=\"og:url\" content=\"https:\/\/www.aircharter.com\/sport\/\" \/>\n<meta property=\"og:site_name\" content=\"Aircharter\" \/>\n<meta property=\"article:modified_time\" content=\"2022-12-11T22:51:32+00:00\" \/>\n<meta property=\"og:image\" content=\"https:\/\/www.aircharter.com\/wp-content\/uploads\/2013\/06\/plane_mountains-300x184.jpg\" \/>\n<meta name=\"twitter:card\" content=\"summary_large_image\" \/>\n<meta name=\"twitter:label1\" content=\"Dur\u00e9e de lecture estim\u00e9e\" \/>\n\t<meta name=\"twitter:data1\" content=\"3 minutes\" \/>\n<script type=\"application\/ld+json\" class=\"yoast-schema-graph\">{\"@context\":\"https:\\\/\\\/schema.org\",\"@graph\":[{\"@type\":\"WebPage\",\"@id\":\"https:\\\/\\\/www.aircharter.com\\\/sport\\\/\",\"url\":\"https:\\\/\\\/www.aircharter.com\\\/sport\\\/\",\"name\":\"Sport - Aircharter\",\"isPartOf\":{\"@id\":\"https:\\\/\\\/www.aircharter.com\\\/de\\\/#website\"},\"primaryImageOfPage\":{\"@id\":\"https:\\\/\\\/www.aircharter.com\\\/sport\\\/#primaryimage\"},\"image\":{\"@id\":\"https:\\\/\\\/www.aircharter.com\\\/sport\\\/#primaryimage\"},\"thumbnailUrl\":\"https:\\\/\\\/www.aircharter.com\\\/wp-content\\\/uploads\\\/2013\\\/06\\\/plane_mountains-300x184.jpg\",\"datePublished\":\"2014-05-13T17:41:22+00:00\",\"dateModified\":\"2022-12-11T22:51:32+00:00\",\"breadcrumb\":{\"@id\":\"https:\\\/\\\/www.aircharter.com\\\/sport\\\/#breadcrumb\"},\"inLanguage\":\"fr-FR\",\"potentialAction\":[{\"@type\":\"ReadAction\",\"target\":[\"https:\\\/\\\/www.aircharter.com\\\/sport\\\/\"]}]},{\"@type\":\"ImageObject\",\"inLanguage\":\"fr-FR\",\"@id\":\"https:\\\/\\\/www.aircharter.com\\\/sport\\\/#primaryimage\",\"url\":\"https:\\\/\\\/www.aircharter.com\\\/wp-content\\\/uploads\\\/2013\\\/06\\\/plane_mountains-300x184.jpg\",\"contentUrl\":\"https:\\\/\\\/www.aircharter.com\\\/wp-content\\\/uploads\\\/2013\\\/06\\\/plane_mountains-300x184.jpg\"},{\"@type\":\"BreadcrumbList\",\"@id\":\"https:\\\/\\\/www.aircharter.com\\\/sport\\\/#breadcrumb\",\"itemListElement\":[{\"@type\":\"ListItem\",\"position\":1,\"name\":\"Home\",\"item\":\"https:\\\/\\\/www.aircharter.com\\\/\"},{\"@type\":\"ListItem\",\"position\":2,\"name\":\"Sport\"}]},{\"@type\":\"WebSite\",\"@id\":\"https:\\\/\\\/www.aircharter.com\\\/de\\\/#website\",\"url\":\"https:\\\/\\\/www.aircharter.com\\\/de\\\/\",\"name\":\"Aircharter\",\"description\":\"Air Charter | Private Jet Charter &amp; Rental | Fly Smarter | Hire a Business Jet\",\"publisher\":{\"@id\":\"https:\\\/\\\/www.aircharter.com\\\/de\\\/#organization\"},\"potentialAction\":[{\"@type\":\"SearchAction\",\"target\":{\"@type\":\"EntryPoint\",\"urlTemplate\":\"https:\\\/\\\/www.aircharter.com\\\/de\\\/?s={search_term_string}\"},\"query-input\":{\"@type\":\"PropertyValueSpecification\",\"valueRequired\":true,\"valueName\":\"search_term_string\"}}],\"inLanguage\":\"fr-FR\"},{\"@type\":\"Organization\",\"@id\":\"https:\\\/\\\/www.aircharter.com\\\/de\\\/#organization\",\"name\":\"Aircharter.com LLC\",\"url\":\"https:\\\/\\\/www.aircharter.com\\\/de\\\/\",\"logo\":{\"@type\":\"ImageObject\",\"inLanguage\":\"fr-FR\",\"@id\":\"https:\\\/\\\/www.aircharter.com\\\/de\\\/#\\\/schema\\\/logo\\\/image\\\/\",\"url\":\"https:\\\/\\\/www.aircharter.com\\\/wp-content\\\/uploads\\\/2022\\\/12\\\/Aircharter_logo_114X1141-11.png\",\"contentUrl\":\"https:\\\/\\\/www.aircharter.com\\\/wp-content\\\/uploads\\\/2022\\\/12\\\/Aircharter_logo_114X1141-11.png\",\"width\":114,\"height\":114,\"caption\":\"Aircharter.com LLC\"},\"image\":{\"@id\":\"https:\\\/\\\/www.aircharter.com\\\/de\\\/#\\\/schema\\\/logo\\\/image\\\/\"}}]}<\/script>\n<!-- \/ Yoast SEO plugin. -->","yoast_head_json":{"title":"Sport - Aircharter","robots":{"index":"index","follow":"follow","max-snippet":"max-snippet:-1","max-image-preview":"max-image-preview:large","max-video-preview":"max-video-preview:-1"},"canonical":"https:\/\/www.aircharter.com\/sport\/","og_locale":"fr_FR","og_type":"article","og_title":"Sport - Aircharter","og_description":"Air Charter\u00a0Sports Qu\u2019est ce qui diff\u00e9rencie Air Charter du reste quand il s&rsquo;agit de l&rsquo; affr\u00e8tement pour le sport\u00a0? C&rsquo;est de vous fournir le billet gagnant. Que vous transportez une \u00e9quipe sportive ou tous leurs fans , Air Charter \u00a0 a toujours l&rsquo;\u0153il sur la balle Un r\u00e9seau mondial d&rsquo;appareils approuv\u00e9s, y compris la plus grande flotte\u00a0disponible de sport aux \u00c9tats-Unis , pour vous offrir la plus grande vari\u00e9t\u00e9\u00a0de mod\u00e8les et de configuration\u00a0 de si\u00e8ge , allant de 19 si\u00e8ges\u00a0turbopropulseurs \u00e0 de confortables 747 \u00e0 large fuselage . Des avions disponible \u00a0pour r\u00e9pondre aux horaires de vol selon les exigences\u00a0des \u00e9quipes sportives et de leurs fans Nous offrons une capacit\u00e9 d&rsquo;expertise pour g\u00e9rer les horaires selon les exigences\u00a0 de l&rsquo;\u00e9quipe de Sport \u00a0et de leurs\u00a0 fans. L\u2019\u00c9quipe\u00a0 et ses fans \u00e0 bord de l\u2019avion sont directement\u00a0 transporter par voie terrestre pour plus de \u00a0s\u00e9curit\u00e9. Nous offrons 24\/7 et durant toute \u00a0l&rsquo;ann\u00e9e un support\u00a0 op\u00e9rationnel pour le \u00a0suivi des vols et de la repr\u00e9sentation sur place pour informer le personnel de l&rsquo;a\u00e9roport et l&rsquo;\u00e9quipage de cabine Pour plus d&rsquo;informations, \u00e9crivez-nous ou appelez-nous \u00a0\u00a0au \u00a000\u00a033 4 88 36 10 00 Air Charter peut vous offrir l&rsquo;ultime exp\u00e9rience VIP gr\u00e2ce \u00e0 notre service de premi\u00e8re classe sur notre Air Charter VIP pour vos besoins de voyage en \u00a0groupe. Un R\u00e9seau mondial d&rsquo;op\u00e9rateurs pour vous offrir la plus grande vari\u00e9t\u00e9 de configurations de l&rsquo;avion de premi\u00e8re classe et un coin de salon , pouvant accueillir de 40 \u00a0\u00e0 88 passagers . L&rsquo; Int\u00e9rieurs d&rsquo;avions de luxe, notamment des si\u00e8ges en cuir, \u00a0de riche placages de bois et des salons de luxe. Le Personnel orient\u00e9 services s&rsquo;occupent de tous les d\u00e9tails, y compris \u00a0la restauration les \u00e9quipements de premi\u00e8re classe","og_url":"https:\/\/www.aircharter.com\/sport\/","og_site_name":"Aircharter","article_modified_time":"2022-12-11T22:51:32+00:00","og_image":[{"url":"https:\/\/www.aircharter.com\/wp-content\/uploads\/2013\/06\/plane_mountains-300x184.jpg","type":"","width":"","height":""}],"twitter_card":"summary_large_image","twitter_misc":{"Dur\u00e9e de lecture estim\u00e9e":"3 minutes"},"schema":{"@context":"https:\/\/schema.org","@graph":[{"@type":"WebPage","@id":"https:\/\/www.aircharter.com\/sport\/","url":"https:\/\/www.aircharter.com\/sport\/","name":"Sport - Aircharter","isPartOf":{"@id":"https:\/\/www.aircharter.com\/de\/#website"},"primaryImageOfPage":{"@id":"https:\/\/www.aircharter.com\/sport\/#primaryimage"},"image":{"@id":"https:\/\/www.aircharter.com\/sport\/#primaryimage"},"thumbnailUrl":"https:\/\/www.aircharter.com\/wp-content\/uploads\/2013\/06\/plane_mountains-300x184.jpg","datePublished":"2014-05-13T17:41:22+00:00","dateModified":"2022-12-11T22:51:32+00:00","breadcrumb":{"@id":"https:\/\/www.aircharter.com\/sport\/#breadcrumb"},"inLanguage":"fr-FR","potentialAction":[{"@type":"ReadAction","target":["https:\/\/www.aircharter.com\/sport\/"]}]},{"@type":"ImageObject","inLanguage":"fr-FR","@id":"https:\/\/www.aircharter.com\/sport\/#primaryimage","url":"https:\/\/www.aircharter.com\/wp-content\/uploads\/2013\/06\/plane_mountains-300x184.jpg","contentUrl":"https:\/\/www.aircharter.com\/wp-content\/uploads\/2013\/06\/plane_mountains-300x184.jpg"},{"@type":"BreadcrumbList","@id":"https:\/\/www.aircharter.com\/sport\/#breadcrumb","itemListElement":[{"@type":"ListItem","position":1,"name":"Home","item":"https:\/\/www.aircharter.com\/"},{"@type":"ListItem","position":2,"name":"Sport"}]},{"@type":"WebSite","@id":"https:\/\/www.aircharter.com\/de\/#website","url":"https:\/\/www.aircharter.com\/de\/","name":"Aircharter","description":"Air Charter | Private Jet Charter &amp; Rental | Fly Smarter | Hire a Business Jet","publisher":{"@id":"https:\/\/www.aircharter.com\/de\/#organization"},"potentialAction":[{"@type":"SearchAction","target":{"@type":"EntryPoint","urlTemplate":"https:\/\/www.aircharter.com\/de\/?s={search_term_string}"},"query-input":{"@type":"PropertyValueSpecification","valueRequired":true,"valueName":"search_term_string"}}],"inLanguage":"fr-FR"},{"@type":"Organization","@id":"https:\/\/www.aircharter.com\/de\/#organization","name":"Aircharter.com LLC","url":"https:\/\/www.aircharter.com\/de\/","logo":{"@type":"ImageObject","inLanguage":"fr-FR","@id":"https:\/\/www.aircharter.com\/de\/#\/schema\/logo\/image\/","url":"https:\/\/www.aircharter.com\/wp-content\/uploads\/2022\/12\/Aircharter_logo_114X1141-11.png","contentUrl":"https:\/\/www.aircharter.com\/wp-content\/uploads\/2022\/12\/Aircharter_logo_114X1141-11.png","width":114,"height":114,"caption":"Aircharter.com LLC"},"image":{"@id":"https:\/\/www.aircharter.com\/de\/#\/schema\/logo\/image\/"}}]}},"_links":{"self":[{"href":"https:\/\/www.aircharter.com\/fr\/wp-json\/wp\/v2\/pages\/26931","targetHints":{"allow":["GET"]}}],"collection":[{"href":"https:\/\/www.aircharter.com\/fr\/wp-json\/wp\/v2\/pages"}],"about":[{"href":"https:\/\/www.aircharter.com\/fr\/wp-json\/wp\/v2\/types\/page"}],"author":[{"embeddable":true,"href":"https:\/\/www.aircharter.com\/fr\/wp-json\/wp\/v2\/users\/14"}],"replies":[{"embeddable":true,"href":"https:\/\/www.aircharter.com\/fr\/wp-json\/wp\/v2\/comments?post=26931"}],"version-history":[{"count":1,"href":"https:\/\/www.aircharter.com\/fr\/wp-json\/wp\/v2\/pages\/26931\/revisions"}],"predecessor-version":[{"id":26932,"href":"https:\/\/www.aircharter.com\/fr\/wp-json\/wp\/v2\/pages\/26931\/revisions\/26932"}],"wp:attachment":[{"href":"https:\/\/www.aircharter.com\/fr\/wp-json\/wp\/v2\/media?parent=26931"}],"curies":[{"name":"wp","href":"https:\/\/api.w.org\/{rel}","templated":true}]}}