{"id":26939,"date":"2014-05-13T18:24:40","date_gmt":"2014-05-13T22:24:40","guid":{"rendered":"https:\/\/www.aircharter.com\/?page_id=26939"},"modified":"2022-12-11T17:51:32","modified_gmt":"2022-12-11T22:51:32","slug":"affretement-davion","status":"publish","type":"page","link":"https:\/\/www.aircharter.com\/fr\/affretement-davion\/","title":{"rendered":"Affr\u00e8tement d\u2019avion"},"content":{"rendered":"<h1><strong>Affr\u00e8tement d\u2019avion \u00a0\u00a0<\/strong><\/h1>\n<p>Notre \u00e9quipe exp\u00e9riment\u00e9e travaille en \u00e9troite collaboration avec vous, pour trouver le grand a\u00e9ronef appropri\u00e9 pour votre groupe. Que vous ayez besoin d\u2019un vol pour \u00a050 ou des milliers de \u00a0passagers, Aircharter \u00e9valuera la taille et le budget de votre groupe pour vous aider \u00e0 trouver l&rsquo;avion le plus appropri\u00e9 au meilleur prix. \u00a0AirCharter.com est la seule entreprise de<a href=\"https:\/\/www.aircharter.com\/index.php\/private-jet-charter-2\/private-plane-charter\/\"> jet priv\u00e9<\/a> qui offre des prix fixe pour des vols parmi \u00a025.000 paires d&rsquo;a\u00e9roports commerciaux et priv\u00e9s, et des options pour la personnalisation de ces vols pour r\u00e9pondre \u00e0 vos besoins sp\u00e9cifiques. S\u00e9lectionnez \u00a0la ville de destination pour voir des exemples de nos prix fixes. Les prix indiqu\u00e9s sont pour un Voyage dans \u00a0les a\u00e9roports privil\u00e9gi\u00e9s d\u2019AirCharter.com<\/p>\n<h1><strong>Affr\u00e8tement d\u2019avion<\/strong><\/h1>\n<p>N&rsquo;aimeriez-vous pas vivre \u00a0la meilleure exp\u00e9rience de jet priv\u00e9\u00a0? \u00a0Maintenant vous avez la possibilit\u00e9 de vivre une exp\u00e9rience unique en louant un jet priv\u00e9 d\u2019Air Charter\u00a0<img decoding=\"async\" class=\"size-full wp-image-4842  alignright\" title=\"Aircraft Charter\" src=\"https:\/\/www.aircharter.com\/wp-content\/uploads\/2013\/06\/Gulfstream_5_LgThmb.jpg\" alt=\"Aircraft Charter\" width=\"175\" height=\"119\" \/><\/p>\n<p>C&rsquo;est tout ce que nous faisons pour nos clients depuis 1996. Nous sommes plus qu\u2019une simple entreprise \u00a0d\u2019affr\u00e8tement mondial d\u2019avion. \u00a0Notre personnel multilingue exp\u00e9riment\u00e9 travaille dans les \u00a0cinq fuseaux horaires, et dans des bureaux \u00e0 New York, San Francisco, en Europe, au Moyen-Orient et en Asie<\/p>\n<p>Nous travaillons dur afin de fournir \u00e0 nos clients une exp\u00e9rience unique. Nous nous\u00a0engageons avec\u00a0conviction\u00a0 \u00e0 offrir \u00e0 nos clients la meilleure qualit\u00e9 de service de jet priv\u00e9 dans le monde<\/p>\n<p>Laissez Air Charter devenir votre d\u00e9partement de vol pour les services de vol de votre entreprise pour tous vos besoins <em>d&rsquo; affr\u00e8tement\u00a0d&rsquo;a\u00e9ronefs<\/em>, Durant plusieurs ann\u00e9es les plus grandes soci\u00e9t\u00e9s du monde ont fait confiance \u00e0 AirCharter.com pour leur service de vol priv\u00e9. Une alternative \u00e0 la possession d&rsquo;un seul avion priv\u00e9 ou une petite flotte de jets priv\u00e9s, Aircharter permet aux entreprises de maximiser leur productivit\u00e9 tout en minimisant leur investissement<\/p>\n<p>Plusieurs vols d\u2019air Charter peuvent \u00eatre organis\u00e9s afin de faire des vols simultan\u00e9ment, permettant une efficacit\u00e9 maximale. Un temps pr\u00e9cieux est \u00e9conomis\u00e9 gr\u00e2ce \u00e0 un embarquement acc\u00e9l\u00e9r\u00e9 en plus de la possibilit\u00e9 de faire des r\u00e9unions \u00e0 bord de l\u2019avion. Le transport terrestre sera \u00e9galement organis\u00e9 lors de votre d\u00e9part et de votre arriv\u00e9 \u00e0 l\u2019a\u00e9roport de destination, en s&rsquo;assurant que chaque vol charter priv\u00e9 est transparent<\/p>\n<p>Pour tous vos vols affr\u00e9t\u00e9s pour vos vacances et vos vols d&rsquo;affaires, \u00a0Aircharter.com \u00a0SARL est la soci\u00e9t\u00e9 de courtage\u00a0d\u2019affr\u00e8tement a\u00e9rien d&rsquo;un jet complet<\/p>\n<p>&nbsp;<\/p>\n","protected":false},"excerpt":{"rendered":"<p>Affr\u00e8tement d\u2019avion \u00a0\u00a0 Notre \u00e9quipe exp\u00e9riment\u00e9e travaille en \u00e9troite collaboration avec vous, pour trouver le grand a\u00e9ronef appropri\u00e9 pour votre groupe. Que vous ayez besoin d\u2019un vol pour \u00a050 ou des milliers de \u00a0passagers, Aircharter \u00e9valuera la taille et le budget de votre groupe pour vous aider \u00e0 trouver l&rsquo;avion le plus appropri\u00e9 au meilleur prix. \u00a0AirCharter.com est la seule entreprise de jet priv\u00e9 qui offre des prix fixe pour des vols parmi \u00a025.000 paires d&rsquo;a\u00e9roports commerciaux et priv\u00e9s, et des options pour la personnalisation de ces vols pour r\u00e9pondre \u00e0 vos besoins sp\u00e9cifiques. S\u00e9lectionnez \u00a0la ville de destination pour voir des exemples de nos prix fixes. Les prix indiqu\u00e9s sont pour un Voyage dans \u00a0les a\u00e9roports privil\u00e9gi\u00e9s d\u2019AirCharter.com Affr\u00e8tement d\u2019avion N&rsquo;aimeriez-vous pas vivre \u00a0la meilleure exp\u00e9rience de jet priv\u00e9\u00a0? \u00a0Maintenant vous avez la possibilit\u00e9 de vivre une exp\u00e9rience unique en louant un jet priv\u00e9 d\u2019Air Charter\u00a0 C&rsquo;est tout ce que nous faisons pour nos clients depuis 1996. Nous sommes plus qu\u2019une simple entreprise \u00a0d\u2019affr\u00e8tement mondial d\u2019avion. \u00a0Notre personnel multilingue exp\u00e9riment\u00e9 travaille dans les \u00a0cinq fuseaux horaires, et dans des bureaux \u00e0 New York, San Francisco, en Europe, au Moyen-Orient et en Asie Nous travaillons dur afin de fournir \u00e0 nos clients une exp\u00e9rience unique. Nous nous\u00a0engageons avec\u00a0conviction\u00a0 \u00e0 offrir \u00e0 nos clients la meilleure qualit\u00e9 de service de jet priv\u00e9 dans le monde Laissez Air Charter devenir votre d\u00e9partement de vol pour les services de vol de votre entreprise pour tous vos besoins d&rsquo; affr\u00e8tement\u00a0d&rsquo;a\u00e9ronefs, Durant plusieurs ann\u00e9es les plus grandes soci\u00e9t\u00e9s du monde ont fait confiance \u00e0 AirCharter.com pour leur service de vol priv\u00e9. Une alternative \u00e0 la possession d&rsquo;un seul avion priv\u00e9 ou une petite flotte de jets priv\u00e9s, Aircharter permet aux<\/p>\n","protected":false},"author":14,"featured_media":0,"parent":0,"menu_order":0,"comment_status":"closed","ping_status":"open","template":"","meta":{"footnotes":""},"class_list":["post-26939","page","type-page","status-publish","hentry"],"yoast_head":"<!-- This site is optimized with the Yoast SEO plugin v27.4 - https:\/\/yoast.com\/product\/yoast-seo-wordpress\/ -->\n<title>Affr\u00e8tement d\u2019avion - Aircharter<\/title>\n<meta name=\"robots\" content=\"index, follow, max-snippet:-1, max-image-preview:large, max-video-preview:-1\" \/>\n<link rel=\"canonical\" href=\"https:\/\/www.aircharter.com\/affretement-davion\/\" \/>\n<meta property=\"og:locale\" content=\"fr_FR\" \/>\n<meta property=\"og:type\" content=\"article\" \/>\n<meta property=\"og:title\" content=\"Affr\u00e8tement d\u2019avion - Aircharter\" \/>\n<meta property=\"og:description\" content=\"Affr\u00e8tement d\u2019avion \u00a0\u00a0 Notre \u00e9quipe exp\u00e9riment\u00e9e travaille en \u00e9troite collaboration avec vous, pour trouver le grand a\u00e9ronef appropri\u00e9 pour votre groupe. Que vous ayez besoin d\u2019un vol pour \u00a050 ou des milliers de \u00a0passagers, Aircharter \u00e9valuera la taille et le budget de votre groupe pour vous aider \u00e0 trouver l&rsquo;avion le plus appropri\u00e9 au meilleur prix. \u00a0AirCharter.com est la seule entreprise de jet priv\u00e9 qui offre des prix fixe pour des vols parmi \u00a025.000 paires d&rsquo;a\u00e9roports commerciaux et priv\u00e9s, et des options pour la personnalisation de ces vols pour r\u00e9pondre \u00e0 vos besoins sp\u00e9cifiques. S\u00e9lectionnez \u00a0la ville de destination pour voir des exemples de nos prix fixes. Les prix indiqu\u00e9s sont pour un Voyage dans \u00a0les a\u00e9roports privil\u00e9gi\u00e9s d\u2019AirCharter.com Affr\u00e8tement d\u2019avion N&rsquo;aimeriez-vous pas vivre \u00a0la meilleure exp\u00e9rience de jet priv\u00e9\u00a0? \u00a0Maintenant vous avez la possibilit\u00e9 de vivre une exp\u00e9rience unique en louant un jet priv\u00e9 d\u2019Air Charter\u00a0 C&rsquo;est tout ce que nous faisons pour nos clients depuis 1996. Nous sommes plus qu\u2019une simple entreprise \u00a0d\u2019affr\u00e8tement mondial d\u2019avion. \u00a0Notre personnel multilingue exp\u00e9riment\u00e9 travaille dans les \u00a0cinq fuseaux horaires, et dans des bureaux \u00e0 New York, San Francisco, en Europe, au Moyen-Orient et en Asie Nous travaillons dur afin de fournir \u00e0 nos clients une exp\u00e9rience unique. Nous nous\u00a0engageons avec\u00a0conviction\u00a0 \u00e0 offrir \u00e0 nos clients la meilleure qualit\u00e9 de service de jet priv\u00e9 dans le monde Laissez Air Charter devenir votre d\u00e9partement de vol pour les services de vol de votre entreprise pour tous vos besoins d&rsquo; affr\u00e8tement\u00a0d&rsquo;a\u00e9ronefs, Durant plusieurs ann\u00e9es les plus grandes soci\u00e9t\u00e9s du monde ont fait confiance \u00e0 AirCharter.com pour leur service de vol priv\u00e9. Une alternative \u00e0 la possession d&rsquo;un seul avion priv\u00e9 ou une petite flotte de jets priv\u00e9s, Aircharter permet aux\" \/>\n<meta property=\"og:url\" content=\"https:\/\/www.aircharter.com\/affretement-davion\/\" \/>\n<meta property=\"og:site_name\" content=\"Aircharter\" \/>\n<meta property=\"article:modified_time\" content=\"2022-12-11T22:51:32+00:00\" \/>\n<meta property=\"og:image\" content=\"https:\/\/www.aircharter.com\/wp-content\/uploads\/2013\/06\/Gulfstream_5_LgThmb.jpg\" \/>\n<meta name=\"twitter:card\" content=\"summary_large_image\" \/>\n<meta name=\"twitter:label1\" content=\"Dur\u00e9e de lecture estim\u00e9e\" \/>\n\t<meta name=\"twitter:data1\" content=\"2 minutes\" \/>\n<script type=\"application\/ld+json\" class=\"yoast-schema-graph\">{\"@context\":\"https:\\\/\\\/schema.org\",\"@graph\":[{\"@type\":\"WebPage\",\"@id\":\"https:\\\/\\\/www.aircharter.com\\\/affretement-davion\\\/\",\"url\":\"https:\\\/\\\/www.aircharter.com\\\/affretement-davion\\\/\",\"name\":\"Affr\u00e8tement d\u2019avion - Aircharter\",\"isPartOf\":{\"@id\":\"https:\\\/\\\/www.aircharter.com\\\/de\\\/#website\"},\"primaryImageOfPage\":{\"@id\":\"https:\\\/\\\/www.aircharter.com\\\/affretement-davion\\\/#primaryimage\"},\"image\":{\"@id\":\"https:\\\/\\\/www.aircharter.com\\\/affretement-davion\\\/#primaryimage\"},\"thumbnailUrl\":\"https:\\\/\\\/www.aircharter.com\\\/wp-content\\\/uploads\\\/2013\\\/06\\\/Gulfstream_5_LgThmb.jpg\",\"datePublished\":\"2014-05-13T22:24:40+00:00\",\"dateModified\":\"2022-12-11T22:51:32+00:00\",\"breadcrumb\":{\"@id\":\"https:\\\/\\\/www.aircharter.com\\\/affretement-davion\\\/#breadcrumb\"},\"inLanguage\":\"fr-FR\",\"potentialAction\":[{\"@type\":\"ReadAction\",\"target\":[\"https:\\\/\\\/www.aircharter.com\\\/affretement-davion\\\/\"]}]},{\"@type\":\"ImageObject\",\"inLanguage\":\"fr-FR\",\"@id\":\"https:\\\/\\\/www.aircharter.com\\\/affretement-davion\\\/#primaryimage\",\"url\":\"https:\\\/\\\/www.aircharter.com\\\/wp-content\\\/uploads\\\/2013\\\/06\\\/Gulfstream_5_LgThmb.jpg\",\"contentUrl\":\"https:\\\/\\\/www.aircharter.com\\\/wp-content\\\/uploads\\\/2013\\\/06\\\/Gulfstream_5_LgThmb.jpg\"},{\"@type\":\"BreadcrumbList\",\"@id\":\"https:\\\/\\\/www.aircharter.com\\\/affretement-davion\\\/#breadcrumb\",\"itemListElement\":[{\"@type\":\"ListItem\",\"position\":1,\"name\":\"Home\",\"item\":\"https:\\\/\\\/www.aircharter.com\\\/\"},{\"@type\":\"ListItem\",\"position\":2,\"name\":\"Affr\u00e8tement d\u2019avion\"}]},{\"@type\":\"WebSite\",\"@id\":\"https:\\\/\\\/www.aircharter.com\\\/de\\\/#website\",\"url\":\"https:\\\/\\\/www.aircharter.com\\\/de\\\/\",\"name\":\"Aircharter\",\"description\":\"Air Charter | Private Jet Charter &amp; Rental | Fly Smarter | Hire a Business Jet\",\"publisher\":{\"@id\":\"https:\\\/\\\/www.aircharter.com\\\/de\\\/#organization\"},\"potentialAction\":[{\"@type\":\"SearchAction\",\"target\":{\"@type\":\"EntryPoint\",\"urlTemplate\":\"https:\\\/\\\/www.aircharter.com\\\/de\\\/?s={search_term_string}\"},\"query-input\":{\"@type\":\"PropertyValueSpecification\",\"valueRequired\":true,\"valueName\":\"search_term_string\"}}],\"inLanguage\":\"fr-FR\"},{\"@type\":\"Organization\",\"@id\":\"https:\\\/\\\/www.aircharter.com\\\/de\\\/#organization\",\"name\":\"Aircharter.com LLC\",\"url\":\"https:\\\/\\\/www.aircharter.com\\\/de\\\/\",\"logo\":{\"@type\":\"ImageObject\",\"inLanguage\":\"fr-FR\",\"@id\":\"https:\\\/\\\/www.aircharter.com\\\/de\\\/#\\\/schema\\\/logo\\\/image\\\/\",\"url\":\"https:\\\/\\\/www.aircharter.com\\\/wp-content\\\/uploads\\\/2022\\\/12\\\/Aircharter_logo_114X1141-11.png\",\"contentUrl\":\"https:\\\/\\\/www.aircharter.com\\\/wp-content\\\/uploads\\\/2022\\\/12\\\/Aircharter_logo_114X1141-11.png\",\"width\":114,\"height\":114,\"caption\":\"Aircharter.com LLC\"},\"image\":{\"@id\":\"https:\\\/\\\/www.aircharter.com\\\/de\\\/#\\\/schema\\\/logo\\\/image\\\/\"}}]}<\/script>\n<!-- \/ Yoast SEO plugin. -->","yoast_head_json":{"title":"Affr\u00e8tement d\u2019avion - Aircharter","robots":{"index":"index","follow":"follow","max-snippet":"max-snippet:-1","max-image-preview":"max-image-preview:large","max-video-preview":"max-video-preview:-1"},"canonical":"https:\/\/www.aircharter.com\/affretement-davion\/","og_locale":"fr_FR","og_type":"article","og_title":"Affr\u00e8tement d\u2019avion - Aircharter","og_description":"Affr\u00e8tement d\u2019avion \u00a0\u00a0 Notre \u00e9quipe exp\u00e9riment\u00e9e travaille en \u00e9troite collaboration avec vous, pour trouver le grand a\u00e9ronef appropri\u00e9 pour votre groupe. Que vous ayez besoin d\u2019un vol pour \u00a050 ou des milliers de \u00a0passagers, Aircharter \u00e9valuera la taille et le budget de votre groupe pour vous aider \u00e0 trouver l&rsquo;avion le plus appropri\u00e9 au meilleur prix. \u00a0AirCharter.com est la seule entreprise de jet priv\u00e9 qui offre des prix fixe pour des vols parmi \u00a025.000 paires d&rsquo;a\u00e9roports commerciaux et priv\u00e9s, et des options pour la personnalisation de ces vols pour r\u00e9pondre \u00e0 vos besoins sp\u00e9cifiques. S\u00e9lectionnez \u00a0la ville de destination pour voir des exemples de nos prix fixes. Les prix indiqu\u00e9s sont pour un Voyage dans \u00a0les a\u00e9roports privil\u00e9gi\u00e9s d\u2019AirCharter.com Affr\u00e8tement d\u2019avion N&rsquo;aimeriez-vous pas vivre \u00a0la meilleure exp\u00e9rience de jet priv\u00e9\u00a0? \u00a0Maintenant vous avez la possibilit\u00e9 de vivre une exp\u00e9rience unique en louant un jet priv\u00e9 d\u2019Air Charter\u00a0 C&rsquo;est tout ce que nous faisons pour nos clients depuis 1996. Nous sommes plus qu\u2019une simple entreprise \u00a0d\u2019affr\u00e8tement mondial d\u2019avion. \u00a0Notre personnel multilingue exp\u00e9riment\u00e9 travaille dans les \u00a0cinq fuseaux horaires, et dans des bureaux \u00e0 New York, San Francisco, en Europe, au Moyen-Orient et en Asie Nous travaillons dur afin de fournir \u00e0 nos clients une exp\u00e9rience unique. Nous nous\u00a0engageons avec\u00a0conviction\u00a0 \u00e0 offrir \u00e0 nos clients la meilleure qualit\u00e9 de service de jet priv\u00e9 dans le monde Laissez Air Charter devenir votre d\u00e9partement de vol pour les services de vol de votre entreprise pour tous vos besoins d&rsquo; affr\u00e8tement\u00a0d&rsquo;a\u00e9ronefs, Durant plusieurs ann\u00e9es les plus grandes soci\u00e9t\u00e9s du monde ont fait confiance \u00e0 AirCharter.com pour leur service de vol priv\u00e9. Une alternative \u00e0 la possession d&rsquo;un seul avion priv\u00e9 ou une petite flotte de jets priv\u00e9s, Aircharter permet aux","og_url":"https:\/\/www.aircharter.com\/affretement-davion\/","og_site_name":"Aircharter","article_modified_time":"2022-12-11T22:51:32+00:00","og_image":[{"url":"https:\/\/www.aircharter.com\/wp-content\/uploads\/2013\/06\/Gulfstream_5_LgThmb.jpg","type":"","width":"","height":""}],"twitter_card":"summary_large_image","twitter_misc":{"Dur\u00e9e de lecture estim\u00e9e":"2 minutes"},"schema":{"@context":"https:\/\/schema.org","@graph":[{"@type":"WebPage","@id":"https:\/\/www.aircharter.com\/affretement-davion\/","url":"https:\/\/www.aircharter.com\/affretement-davion\/","name":"Affr\u00e8tement d\u2019avion - Aircharter","isPartOf":{"@id":"https:\/\/www.aircharter.com\/de\/#website"},"primaryImageOfPage":{"@id":"https:\/\/www.aircharter.com\/affretement-davion\/#primaryimage"},"image":{"@id":"https:\/\/www.aircharter.com\/affretement-davion\/#primaryimage"},"thumbnailUrl":"https:\/\/www.aircharter.com\/wp-content\/uploads\/2013\/06\/Gulfstream_5_LgThmb.jpg","datePublished":"2014-05-13T22:24:40+00:00","dateModified":"2022-12-11T22:51:32+00:00","breadcrumb":{"@id":"https:\/\/www.aircharter.com\/affretement-davion\/#breadcrumb"},"inLanguage":"fr-FR","potentialAction":[{"@type":"ReadAction","target":["https:\/\/www.aircharter.com\/affretement-davion\/"]}]},{"@type":"ImageObject","inLanguage":"fr-FR","@id":"https:\/\/www.aircharter.com\/affretement-davion\/#primaryimage","url":"https:\/\/www.aircharter.com\/wp-content\/uploads\/2013\/06\/Gulfstream_5_LgThmb.jpg","contentUrl":"https:\/\/www.aircharter.com\/wp-content\/uploads\/2013\/06\/Gulfstream_5_LgThmb.jpg"},{"@type":"BreadcrumbList","@id":"https:\/\/www.aircharter.com\/affretement-davion\/#breadcrumb","itemListElement":[{"@type":"ListItem","position":1,"name":"Home","item":"https:\/\/www.aircharter.com\/"},{"@type":"ListItem","position":2,"name":"Affr\u00e8tement d\u2019avion"}]},{"@type":"WebSite","@id":"https:\/\/www.aircharter.com\/de\/#website","url":"https:\/\/www.aircharter.com\/de\/","name":"Aircharter","description":"Air Charter | Private Jet Charter &amp; Rental | Fly Smarter | Hire a Business Jet","publisher":{"@id":"https:\/\/www.aircharter.com\/de\/#organization"},"potentialAction":[{"@type":"SearchAction","target":{"@type":"EntryPoint","urlTemplate":"https:\/\/www.aircharter.com\/de\/?s={search_term_string}"},"query-input":{"@type":"PropertyValueSpecification","valueRequired":true,"valueName":"search_term_string"}}],"inLanguage":"fr-FR"},{"@type":"Organization","@id":"https:\/\/www.aircharter.com\/de\/#organization","name":"Aircharter.com LLC","url":"https:\/\/www.aircharter.com\/de\/","logo":{"@type":"ImageObject","inLanguage":"fr-FR","@id":"https:\/\/www.aircharter.com\/de\/#\/schema\/logo\/image\/","url":"https:\/\/www.aircharter.com\/wp-content\/uploads\/2022\/12\/Aircharter_logo_114X1141-11.png","contentUrl":"https:\/\/www.aircharter.com\/wp-content\/uploads\/2022\/12\/Aircharter_logo_114X1141-11.png","width":114,"height":114,"caption":"Aircharter.com LLC"},"image":{"@id":"https:\/\/www.aircharter.com\/de\/#\/schema\/logo\/image\/"}}]}},"_links":{"self":[{"href":"https:\/\/www.aircharter.com\/fr\/wp-json\/wp\/v2\/pages\/26939","targetHints":{"allow":["GET"]}}],"collection":[{"href":"https:\/\/www.aircharter.com\/fr\/wp-json\/wp\/v2\/pages"}],"about":[{"href":"https:\/\/www.aircharter.com\/fr\/wp-json\/wp\/v2\/types\/page"}],"author":[{"embeddable":true,"href":"https:\/\/www.aircharter.com\/fr\/wp-json\/wp\/v2\/users\/14"}],"replies":[{"embeddable":true,"href":"https:\/\/www.aircharter.com\/fr\/wp-json\/wp\/v2\/comments?post=26939"}],"version-history":[{"count":4,"href":"https:\/\/www.aircharter.com\/fr\/wp-json\/wp\/v2\/pages\/26939\/revisions"}],"predecessor-version":[{"id":26943,"href":"https:\/\/www.aircharter.com\/fr\/wp-json\/wp\/v2\/pages\/26939\/revisions\/26943"}],"wp:attachment":[{"href":"https:\/\/www.aircharter.com\/fr\/wp-json\/wp\/v2\/media?parent=26939"}],"curies":[{"name":"wp","href":"https:\/\/api.w.org\/{rel}","templated":true}]}}