{"id":26955,"date":"2014-05-14T13:29:44","date_gmt":"2014-05-14T17:29:44","guid":{"rendered":"https:\/\/www.aircharter.com\/?page_id=26955"},"modified":"2022-12-11T17:51:31","modified_gmt":"2022-12-11T22:51:31","slug":"air-charter-prive","status":"publish","type":"page","link":"https:\/\/www.aircharter.com\/fr\/air-charter-prive\/","title":{"rendered":"Air Charter Priv\u00e9"},"content":{"rendered":"<p><strong>Air Charter Priv\u00e9<\/strong><\/p>\n<p>Vous cherchez \u00e0 louer un avion priv\u00e9? Vous \u00eates sur www.aircharter.com, la meilleure solution possible Laissez notre \u00e9quipe vous offrir une grande vari\u00e9t\u00e9 d&rsquo;a\u00e9ronefs qualifi\u00e9s et certifi\u00e9s; prop \u00a0pour sauver, jet pour la vitesse, l&rsquo;h\u00e9licopt\u00e8re pour plus de commodit\u00e9 &#8230; .La valeur d&rsquo;un avion d\u2019affr\u00e8tement \u00a0priv\u00e9 est la valeur de votre temps et de votre besoin pour plus de commodit\u00e9 et de confort. Oui, un avion d\u2019affr\u00e8tement \u00a0priv\u00e9 co\u00fbtera plus d&rsquo;un si\u00e8ge sur un avion commercial. Oui, vous pouvez choisir vos heures de d\u00e9part \/ d&rsquo;arriv\u00e9e, choisir les meilleurs a\u00e9roports, s\u00e9lectionnez vos heures de d\u00e9part, choisir des services et de la restauration \u00e0 bord, r\u00e9gler le parking et les services de l&rsquo;a\u00e9roport et choisir le meilleur avion pour d\u00e9passer vos attentes. Comparer un tour de limousine pour un trajet en taxi. Le personnel qualifi\u00e9 d\u2019Air Charter propose un service exceptionnel en fournissant les meilleurs choix pour satisfaire les besoins exigeants du voyageur Que votre voyage soit pour affaires ou par plaisir, nous r\u00e9pondrons \u00e0 vos besoins et d\u00e9passerons \u00a0vos attentes<\/p>\n<p><img decoding=\"async\" class=\"alignright\" title=\"private plane charter\" src=\"https:\/\/www.aircharter.com\/wp-content\/uploads\/2013\/06\/ground5-300x184.jpg\" alt=\"Affr\u00e8tement d'avion priv\u00e9\" width=\"300\" height=\"184\" \/><\/p>\n<p><b>AIR TRAVEL .. Your Way Always!\u00a0<\/b><b>\u00a0 \u00a0<\/b><\/p>\n<p>Affr\u00e8tement d\u2019avion priv\u00e9 vous offre une exp\u00e9rience de Voyage qui est impossible \u00e0 reproduire sur un\u00a0 Vol commercial. Votre exp\u00e9rience \u00a0de Voyage Air Charter offre de nombreux avantages tels que\u00a0:<\/p>\n<p><strong>Intimit\u00e9 &#8211;<\/strong>Avec notre Jet priv\u00e9 de location vous profitez ainsi que vos invit\u00e9s de \u00a0l\u2019avion en entier. Vous voyagez exclusivement avec des passagers que vous connaissez, et profiter de la vie priv\u00e9e qui vous permet de discuter affaires ou simplement de vous d\u00e9tendre. Nos grands jets offrent une exp\u00e9rience gastronomique comparable \u00e0 un restaurant cinq \u00e9toiles. C\u2019est le genre de perfection que les compagnies a\u00e9riennes commerciales n\u2019envisageraient m\u00eame pas<\/p>\n<p><b>Confort &#8211;\u00a0<\/b>Nous fournissons le genre d\u2019attention personnelle que vous attendez d\u2019un conciergerie de luxe. Nos \u00e9quipements comprennent des si\u00e8ges en cuir spacieux, wifi, films gratuits en vol, un bar et des repas gastronomiques de votre choix. Il n\u2019existe pas de long processus d\u2019arriv\u00e9e. Vous tirez jusqu\u2019\u00e0 l\u2019avion et vos bagages sont charg\u00e9s directement de votre voiture dans l\u2019avion. La perfection!<\/p>\n<p><b>Voyage d&rsquo;un point \u00e0 l&rsquo; autre<\/b>&#8211;\u00a0Nous ne sommes pas bas\u00e9 sur notre propre calendrier, Nous volons lorsque vous voulez voler, Avec un acc\u00e8s \u00e0 10 fois plus d\u2019a\u00e9roports que les compagnies a\u00e9riennes commerciales, vous pouvez voler au sein ou hors des plus petits, ou moins congestionn\u00e9es des a\u00e9roports qui sont proches de l\u2019endroit o\u00f9 vous \u00eates ou dans lequel vous allez. Vous voulez ajouter une \u00e9tape tout en route ou bien \u00a0vous \u00eates en retard, notre \u00e9quipe fera tout son possible pour r\u00e9pondre \u00e0 vos projets de voyage en constant changement. C\u2019est ce que nous entendons par \u00a0Air Voyage, perfectionn\u00e9 \u2122<\/p>\n<p><b>Ne jamais rater un d\u00eener<\/b><b>\u00a0&#8211;\u00a0<\/b>Lorsque vous utilisez un jet priv\u00e9 de location de AirCharter.com, vous pouvez avoir une s\u00e9ance le matin \u00e0 Los Angeles, une r\u00e9union\u00a0 en apr\u00e8s-midi \u00e0 Denver et retourner \u00e0 la maison \u00e0 San Francisco, juste \u00e0 temps pour le d\u00eener. AirCharter.com ouvre un monde de possibilit\u00e9s en vous donnant la flexibilit\u00e9 de planifier vos Voyages selon votre programme. c\u2019est Le moyen id\u00e9al pour voyager<\/p>\n<p><strong>R\u00e9union Air Charter<\/strong>\u00a0Aircharter \u00a0place \u00a0l\u2019affr\u00e8tement des \u00a0r\u00e9unions\u00a0 \u00e0 un niveau sup\u00e9rieur. Notre \u00e9quipe exp\u00e9riment\u00e9e travaille en \u00e9troite collaboration avec vous afin de s\u2019assurer que les besoins de vos voyages de groupes \u00a0sont satisfaits. Nous pouvons personnaliser l&rsquo;exp\u00e9rience de voyage de votre groupe en prenant en consid\u00e9ration \u00a0le th\u00e8me de votre r\u00e9union \u00e0 partir du moment o\u00f9 vous embarquez dans \u00a0votre avion personnalis\u00e9 Imaginez combien d&rsquo;int\u00e9r\u00eat suppl\u00e9mentaire vous allez cr\u00e9er en ayant votre avion personnel adapt\u00e9 aux besoins de votre groupe. Que vos besoins de vol soit un 747 \u00a0ou un jet r\u00e9gional de 40 participants \u00e0 la r\u00e9union, Aircharter peut rendre votre exp\u00e9rience unique Vous pouvez fournir sans arr\u00eat, un acc\u00e8s direct vers des destinations qui ne sont pas habituellement propos\u00e9es par les compagnies a\u00e9riennes, la cr\u00e9ation d&rsquo;une exp\u00e9rience unique de Voyage pour vos passagers<\/p>\n<p>&nbsp;<\/p>\n<p>&nbsp;<\/p>\n","protected":false},"excerpt":{"rendered":"<p>Air Charter Priv\u00e9 Vous cherchez \u00e0 louer un avion priv\u00e9? Vous \u00eates sur www.aircharter.com, la meilleure solution possible Laissez notre \u00e9quipe vous offrir une grande vari\u00e9t\u00e9 d&rsquo;a\u00e9ronefs qualifi\u00e9s et certifi\u00e9s; prop \u00a0pour sauver, jet pour la vitesse, l&rsquo;h\u00e9licopt\u00e8re pour plus de commodit\u00e9 &#8230; .La valeur d&rsquo;un avion d\u2019affr\u00e8tement \u00a0priv\u00e9 est la valeur de votre temps et de votre besoin pour plus de commodit\u00e9 et de confort. Oui, un avion d\u2019affr\u00e8tement \u00a0priv\u00e9 co\u00fbtera plus d&rsquo;un si\u00e8ge sur un avion commercial. Oui, vous pouvez choisir vos heures de d\u00e9part \/ d&rsquo;arriv\u00e9e, choisir les meilleurs a\u00e9roports, s\u00e9lectionnez vos heures de d\u00e9part, choisir des services et de la restauration \u00e0 bord, r\u00e9gler le parking et les services de l&rsquo;a\u00e9roport et choisir le meilleur avion pour d\u00e9passer vos attentes. Comparer un tour de limousine pour un trajet en taxi. Le personnel qualifi\u00e9 d\u2019Air Charter propose un service exceptionnel en fournissant les meilleurs choix pour satisfaire les besoins exigeants du voyageur Que votre voyage soit pour affaires ou par plaisir, nous r\u00e9pondrons \u00e0 vos besoins et d\u00e9passerons \u00a0vos attentes AIR TRAVEL .. Your Way Always!\u00a0\u00a0 \u00a0 Affr\u00e8tement d\u2019avion priv\u00e9 vous offre une exp\u00e9rience de Voyage qui est impossible \u00e0 reproduire sur un\u00a0 Vol commercial. Votre exp\u00e9rience \u00a0de Voyage Air Charter offre de nombreux avantages tels que\u00a0: Intimit\u00e9 &#8211;Avec notre Jet priv\u00e9 de location vous profitez ainsi que vos invit\u00e9s de \u00a0l\u2019avion en entier. Vous voyagez exclusivement avec des passagers que vous connaissez, et profiter de la vie priv\u00e9e qui vous permet de discuter affaires ou simplement de vous d\u00e9tendre. Nos grands jets offrent une exp\u00e9rience gastronomique comparable \u00e0 un restaurant cinq \u00e9toiles. C\u2019est le genre de perfection que les compagnies a\u00e9riennes commerciales n\u2019envisageraient m\u00eame pas Confort &#8211;\u00a0Nous fournissons le genre d\u2019attention<\/p>\n","protected":false},"author":14,"featured_media":0,"parent":0,"menu_order":0,"comment_status":"closed","ping_status":"closed","template":"","meta":{"footnotes":""},"class_list":["post-26955","page","type-page","status-publish","hentry"],"yoast_head":"<!-- This site is optimized with the Yoast SEO plugin v27.3 - https:\/\/yoast.com\/product\/yoast-seo-wordpress\/ -->\n<title>Air Charter Priv\u00e9 - Aircharter<\/title>\n<meta name=\"robots\" content=\"index, follow, max-snippet:-1, max-image-preview:large, max-video-preview:-1\" \/>\n<link rel=\"canonical\" href=\"https:\/\/www.aircharter.com\/air-charter-prive\/\" \/>\n<meta property=\"og:locale\" content=\"fr_FR\" \/>\n<meta property=\"og:type\" content=\"article\" \/>\n<meta property=\"og:title\" content=\"Air Charter Priv\u00e9 - Aircharter\" \/>\n<meta property=\"og:description\" content=\"Air Charter Priv\u00e9 Vous cherchez \u00e0 louer un avion priv\u00e9? Vous \u00eates sur www.aircharter.com, la meilleure solution possible Laissez notre \u00e9quipe vous offrir une grande vari\u00e9t\u00e9 d&rsquo;a\u00e9ronefs qualifi\u00e9s et certifi\u00e9s; prop \u00a0pour sauver, jet pour la vitesse, l&rsquo;h\u00e9licopt\u00e8re pour plus de commodit\u00e9 &#8230; .La valeur d&rsquo;un avion d\u2019affr\u00e8tement \u00a0priv\u00e9 est la valeur de votre temps et de votre besoin pour plus de commodit\u00e9 et de confort. Oui, un avion d\u2019affr\u00e8tement \u00a0priv\u00e9 co\u00fbtera plus d&rsquo;un si\u00e8ge sur un avion commercial. Oui, vous pouvez choisir vos heures de d\u00e9part \/ d&rsquo;arriv\u00e9e, choisir les meilleurs a\u00e9roports, s\u00e9lectionnez vos heures de d\u00e9part, choisir des services et de la restauration \u00e0 bord, r\u00e9gler le parking et les services de l&rsquo;a\u00e9roport et choisir le meilleur avion pour d\u00e9passer vos attentes. Comparer un tour de limousine pour un trajet en taxi. Le personnel qualifi\u00e9 d\u2019Air Charter propose un service exceptionnel en fournissant les meilleurs choix pour satisfaire les besoins exigeants du voyageur Que votre voyage soit pour affaires ou par plaisir, nous r\u00e9pondrons \u00e0 vos besoins et d\u00e9passerons \u00a0vos attentes AIR TRAVEL .. Your Way Always!\u00a0\u00a0 \u00a0 Affr\u00e8tement d\u2019avion priv\u00e9 vous offre une exp\u00e9rience de Voyage qui est impossible \u00e0 reproduire sur un\u00a0 Vol commercial. Votre exp\u00e9rience \u00a0de Voyage Air Charter offre de nombreux avantages tels que\u00a0: Intimit\u00e9 &#8211;Avec notre Jet priv\u00e9 de location vous profitez ainsi que vos invit\u00e9s de \u00a0l\u2019avion en entier. Vous voyagez exclusivement avec des passagers que vous connaissez, et profiter de la vie priv\u00e9e qui vous permet de discuter affaires ou simplement de vous d\u00e9tendre. Nos grands jets offrent une exp\u00e9rience gastronomique comparable \u00e0 un restaurant cinq \u00e9toiles. C\u2019est le genre de perfection que les compagnies a\u00e9riennes commerciales n\u2019envisageraient m\u00eame pas Confort &#8211;\u00a0Nous fournissons le genre d\u2019attention\" \/>\n<meta property=\"og:url\" content=\"https:\/\/www.aircharter.com\/air-charter-prive\/\" \/>\n<meta property=\"og:site_name\" content=\"Aircharter\" \/>\n<meta property=\"article:modified_time\" content=\"2022-12-11T22:51:31+00:00\" \/>\n<meta property=\"og:image\" content=\"https:\/\/www.aircharter.com\/wp-content\/uploads\/2013\/06\/ground5-300x184.jpg\" \/>\n<meta name=\"twitter:card\" content=\"summary_large_image\" \/>\n<meta name=\"twitter:label1\" content=\"Dur\u00e9e de lecture estim\u00e9e\" \/>\n\t<meta name=\"twitter:data1\" content=\"4 minutes\" \/>\n<script type=\"application\/ld+json\" class=\"yoast-schema-graph\">{\"@context\":\"https:\\\/\\\/schema.org\",\"@graph\":[{\"@type\":\"WebPage\",\"@id\":\"https:\\\/\\\/www.aircharter.com\\\/air-charter-prive\\\/\",\"url\":\"https:\\\/\\\/www.aircharter.com\\\/air-charter-prive\\\/\",\"name\":\"Air Charter Priv\u00e9 - Aircharter\",\"isPartOf\":{\"@id\":\"https:\\\/\\\/www.aircharter.com\\\/de\\\/#website\"},\"primaryImageOfPage\":{\"@id\":\"https:\\\/\\\/www.aircharter.com\\\/air-charter-prive\\\/#primaryimage\"},\"image\":{\"@id\":\"https:\\\/\\\/www.aircharter.com\\\/air-charter-prive\\\/#primaryimage\"},\"thumbnailUrl\":\"https:\\\/\\\/www.aircharter.com\\\/wp-content\\\/uploads\\\/2013\\\/06\\\/ground5-300x184.jpg\",\"datePublished\":\"2014-05-14T17:29:44+00:00\",\"dateModified\":\"2022-12-11T22:51:31+00:00\",\"breadcrumb\":{\"@id\":\"https:\\\/\\\/www.aircharter.com\\\/air-charter-prive\\\/#breadcrumb\"},\"inLanguage\":\"fr-FR\",\"potentialAction\":[{\"@type\":\"ReadAction\",\"target\":[\"https:\\\/\\\/www.aircharter.com\\\/air-charter-prive\\\/\"]}]},{\"@type\":\"ImageObject\",\"inLanguage\":\"fr-FR\",\"@id\":\"https:\\\/\\\/www.aircharter.com\\\/air-charter-prive\\\/#primaryimage\",\"url\":\"https:\\\/\\\/www.aircharter.com\\\/wp-content\\\/uploads\\\/2013\\\/06\\\/ground5-300x184.jpg\",\"contentUrl\":\"https:\\\/\\\/www.aircharter.com\\\/wp-content\\\/uploads\\\/2013\\\/06\\\/ground5-300x184.jpg\"},{\"@type\":\"BreadcrumbList\",\"@id\":\"https:\\\/\\\/www.aircharter.com\\\/air-charter-prive\\\/#breadcrumb\",\"itemListElement\":[{\"@type\":\"ListItem\",\"position\":1,\"name\":\"Home\",\"item\":\"https:\\\/\\\/www.aircharter.com\\\/\"},{\"@type\":\"ListItem\",\"position\":2,\"name\":\"Air Charter Priv\u00e9\"}]},{\"@type\":\"WebSite\",\"@id\":\"https:\\\/\\\/www.aircharter.com\\\/de\\\/#website\",\"url\":\"https:\\\/\\\/www.aircharter.com\\\/de\\\/\",\"name\":\"Aircharter\",\"description\":\"Air Charter | Private Jet Charter &amp; Rental | Fly Smarter | Hire a Business Jet\",\"publisher\":{\"@id\":\"https:\\\/\\\/www.aircharter.com\\\/de\\\/#organization\"},\"potentialAction\":[{\"@type\":\"SearchAction\",\"target\":{\"@type\":\"EntryPoint\",\"urlTemplate\":\"https:\\\/\\\/www.aircharter.com\\\/de\\\/?s={search_term_string}\"},\"query-input\":{\"@type\":\"PropertyValueSpecification\",\"valueRequired\":true,\"valueName\":\"search_term_string\"}}],\"inLanguage\":\"fr-FR\"},{\"@type\":\"Organization\",\"@id\":\"https:\\\/\\\/www.aircharter.com\\\/de\\\/#organization\",\"name\":\"Aircharter.com LLC\",\"url\":\"https:\\\/\\\/www.aircharter.com\\\/de\\\/\",\"logo\":{\"@type\":\"ImageObject\",\"inLanguage\":\"fr-FR\",\"@id\":\"https:\\\/\\\/www.aircharter.com\\\/de\\\/#\\\/schema\\\/logo\\\/image\\\/\",\"url\":\"https:\\\/\\\/www.aircharter.com\\\/wp-content\\\/uploads\\\/2022\\\/12\\\/Aircharter_logo_114X1141-11.png\",\"contentUrl\":\"https:\\\/\\\/www.aircharter.com\\\/wp-content\\\/uploads\\\/2022\\\/12\\\/Aircharter_logo_114X1141-11.png\",\"width\":114,\"height\":114,\"caption\":\"Aircharter.com LLC\"},\"image\":{\"@id\":\"https:\\\/\\\/www.aircharter.com\\\/de\\\/#\\\/schema\\\/logo\\\/image\\\/\"}}]}<\/script>\n<!-- \/ Yoast SEO plugin. -->","yoast_head_json":{"title":"Air Charter Priv\u00e9 - Aircharter","robots":{"index":"index","follow":"follow","max-snippet":"max-snippet:-1","max-image-preview":"max-image-preview:large","max-video-preview":"max-video-preview:-1"},"canonical":"https:\/\/www.aircharter.com\/air-charter-prive\/","og_locale":"fr_FR","og_type":"article","og_title":"Air Charter Priv\u00e9 - Aircharter","og_description":"Air Charter Priv\u00e9 Vous cherchez \u00e0 louer un avion priv\u00e9? Vous \u00eates sur www.aircharter.com, la meilleure solution possible Laissez notre \u00e9quipe vous offrir une grande vari\u00e9t\u00e9 d&rsquo;a\u00e9ronefs qualifi\u00e9s et certifi\u00e9s; prop \u00a0pour sauver, jet pour la vitesse, l&rsquo;h\u00e9licopt\u00e8re pour plus de commodit\u00e9 &#8230; .La valeur d&rsquo;un avion d\u2019affr\u00e8tement \u00a0priv\u00e9 est la valeur de votre temps et de votre besoin pour plus de commodit\u00e9 et de confort. Oui, un avion d\u2019affr\u00e8tement \u00a0priv\u00e9 co\u00fbtera plus d&rsquo;un si\u00e8ge sur un avion commercial. Oui, vous pouvez choisir vos heures de d\u00e9part \/ d&rsquo;arriv\u00e9e, choisir les meilleurs a\u00e9roports, s\u00e9lectionnez vos heures de d\u00e9part, choisir des services et de la restauration \u00e0 bord, r\u00e9gler le parking et les services de l&rsquo;a\u00e9roport et choisir le meilleur avion pour d\u00e9passer vos attentes. Comparer un tour de limousine pour un trajet en taxi. Le personnel qualifi\u00e9 d\u2019Air Charter propose un service exceptionnel en fournissant les meilleurs choix pour satisfaire les besoins exigeants du voyageur Que votre voyage soit pour affaires ou par plaisir, nous r\u00e9pondrons \u00e0 vos besoins et d\u00e9passerons \u00a0vos attentes AIR TRAVEL .. Your Way Always!\u00a0\u00a0 \u00a0 Affr\u00e8tement d\u2019avion priv\u00e9 vous offre une exp\u00e9rience de Voyage qui est impossible \u00e0 reproduire sur un\u00a0 Vol commercial. Votre exp\u00e9rience \u00a0de Voyage Air Charter offre de nombreux avantages tels que\u00a0: Intimit\u00e9 &#8211;Avec notre Jet priv\u00e9 de location vous profitez ainsi que vos invit\u00e9s de \u00a0l\u2019avion en entier. Vous voyagez exclusivement avec des passagers que vous connaissez, et profiter de la vie priv\u00e9e qui vous permet de discuter affaires ou simplement de vous d\u00e9tendre. Nos grands jets offrent une exp\u00e9rience gastronomique comparable \u00e0 un restaurant cinq \u00e9toiles. C\u2019est le genre de perfection que les compagnies a\u00e9riennes commerciales n\u2019envisageraient m\u00eame pas Confort &#8211;\u00a0Nous fournissons le genre d\u2019attention","og_url":"https:\/\/www.aircharter.com\/air-charter-prive\/","og_site_name":"Aircharter","article_modified_time":"2022-12-11T22:51:31+00:00","og_image":[{"url":"https:\/\/www.aircharter.com\/wp-content\/uploads\/2013\/06\/ground5-300x184.jpg","type":"","width":"","height":""}],"twitter_card":"summary_large_image","twitter_misc":{"Dur\u00e9e de lecture estim\u00e9e":"4 minutes"},"schema":{"@context":"https:\/\/schema.org","@graph":[{"@type":"WebPage","@id":"https:\/\/www.aircharter.com\/air-charter-prive\/","url":"https:\/\/www.aircharter.com\/air-charter-prive\/","name":"Air Charter Priv\u00e9 - Aircharter","isPartOf":{"@id":"https:\/\/www.aircharter.com\/de\/#website"},"primaryImageOfPage":{"@id":"https:\/\/www.aircharter.com\/air-charter-prive\/#primaryimage"},"image":{"@id":"https:\/\/www.aircharter.com\/air-charter-prive\/#primaryimage"},"thumbnailUrl":"https:\/\/www.aircharter.com\/wp-content\/uploads\/2013\/06\/ground5-300x184.jpg","datePublished":"2014-05-14T17:29:44+00:00","dateModified":"2022-12-11T22:51:31+00:00","breadcrumb":{"@id":"https:\/\/www.aircharter.com\/air-charter-prive\/#breadcrumb"},"inLanguage":"fr-FR","potentialAction":[{"@type":"ReadAction","target":["https:\/\/www.aircharter.com\/air-charter-prive\/"]}]},{"@type":"ImageObject","inLanguage":"fr-FR","@id":"https:\/\/www.aircharter.com\/air-charter-prive\/#primaryimage","url":"https:\/\/www.aircharter.com\/wp-content\/uploads\/2013\/06\/ground5-300x184.jpg","contentUrl":"https:\/\/www.aircharter.com\/wp-content\/uploads\/2013\/06\/ground5-300x184.jpg"},{"@type":"BreadcrumbList","@id":"https:\/\/www.aircharter.com\/air-charter-prive\/#breadcrumb","itemListElement":[{"@type":"ListItem","position":1,"name":"Home","item":"https:\/\/www.aircharter.com\/"},{"@type":"ListItem","position":2,"name":"Air Charter Priv\u00e9"}]},{"@type":"WebSite","@id":"https:\/\/www.aircharter.com\/de\/#website","url":"https:\/\/www.aircharter.com\/de\/","name":"Aircharter","description":"Air Charter | Private Jet Charter &amp; Rental | Fly Smarter | Hire a Business Jet","publisher":{"@id":"https:\/\/www.aircharter.com\/de\/#organization"},"potentialAction":[{"@type":"SearchAction","target":{"@type":"EntryPoint","urlTemplate":"https:\/\/www.aircharter.com\/de\/?s={search_term_string}"},"query-input":{"@type":"PropertyValueSpecification","valueRequired":true,"valueName":"search_term_string"}}],"inLanguage":"fr-FR"},{"@type":"Organization","@id":"https:\/\/www.aircharter.com\/de\/#organization","name":"Aircharter.com LLC","url":"https:\/\/www.aircharter.com\/de\/","logo":{"@type":"ImageObject","inLanguage":"fr-FR","@id":"https:\/\/www.aircharter.com\/de\/#\/schema\/logo\/image\/","url":"https:\/\/www.aircharter.com\/wp-content\/uploads\/2022\/12\/Aircharter_logo_114X1141-11.png","contentUrl":"https:\/\/www.aircharter.com\/wp-content\/uploads\/2022\/12\/Aircharter_logo_114X1141-11.png","width":114,"height":114,"caption":"Aircharter.com LLC"},"image":{"@id":"https:\/\/www.aircharter.com\/de\/#\/schema\/logo\/image\/"}}]}},"_links":{"self":[{"href":"https:\/\/www.aircharter.com\/fr\/wp-json\/wp\/v2\/pages\/26955","targetHints":{"allow":["GET"]}}],"collection":[{"href":"https:\/\/www.aircharter.com\/fr\/wp-json\/wp\/v2\/pages"}],"about":[{"href":"https:\/\/www.aircharter.com\/fr\/wp-json\/wp\/v2\/types\/page"}],"author":[{"embeddable":true,"href":"https:\/\/www.aircharter.com\/fr\/wp-json\/wp\/v2\/users\/14"}],"replies":[{"embeddable":true,"href":"https:\/\/www.aircharter.com\/fr\/wp-json\/wp\/v2\/comments?post=26955"}],"version-history":[{"count":3,"href":"https:\/\/www.aircharter.com\/fr\/wp-json\/wp\/v2\/pages\/26955\/revisions"}],"predecessor-version":[{"id":26958,"href":"https:\/\/www.aircharter.com\/fr\/wp-json\/wp\/v2\/pages\/26955\/revisions\/26958"}],"wp:attachment":[{"href":"https:\/\/www.aircharter.com\/fr\/wp-json\/wp\/v2\/media?parent=26955"}],"curies":[{"name":"wp","href":"https:\/\/api.w.org\/{rel}","templated":true}]}}