{"id":5410,"date":"2013-11-27T03:46:50","date_gmt":"2013-11-26T22:46:50","guid":{"rendered":"https:\/\/www.aircharter.com\/?page_id=5410"},"modified":"2022-12-11T17:53:19","modified_gmt":"2022-12-11T22:53:19","slug":"location-davion-daffaire","status":"publish","type":"page","link":"https:\/\/www.aircharter.com\/fr\/location-davion-daffaire\/","title":{"rendered":"Location d&rsquo;avion d&rsquo;affaire"},"content":{"rendered":"<div class=\"fusion-fullwidth fullwidth-box fusion-builder-row-1 fusion-flex-container hundred-percent-fullwidth non-hundred-percent-height-scrolling\" style=\"--awb-border-radius-top-left:0px;--awb-border-radius-top-right:0px;--awb-border-radius-bottom-right:0px;--awb-border-radius-bottom-left:0px;--awb-overflow:visible;--awb-flex-wrap:wrap;\" ><div class=\"fusion-builder-row fusion-row fusion-flex-align-items-flex-start fusion-flex-content-wrap\" style=\"width:calc( 100% + 0px ) !important;max-width:calc( 100% + 0px ) !important;margin-left: calc(-0px \/ 2 );margin-right: calc(-0px \/ 2 );\"><div class=\"fusion-layout-column fusion_builder_column fusion-builder-column-0 fusion_builder_column_1_1 1_1 fusion-flex-column fusion-flex-align-self-flex-start fusion-column-no-min-height\" style=\"--awb-bg-size:cover;--awb-width-large:100%;--awb-margin-top-large:0px;--awb-spacing-right-large:0px;--awb-margin-bottom-large:0px;--awb-spacing-left-large:0px;--awb-width-medium:100%;--awb-spacing-right-medium:0px;--awb-spacing-left-medium:0px;--awb-width-small:100%;--awb-spacing-right-small:0px;--awb-spacing-left-small:0px;\"><div class=\"fusion-column-wrapper fusion-flex-justify-content-flex-start fusion-content-layout-column\"><div id=\"attachment_4842\" style=\"width: 185px\" class=\"wp-caption alignright\"><a href=\"https:\/\/www.aircharter.com\/wp-content\/uploads\/2013\/06\/Gulfstream_5_LgThmb.jpg\"><img decoding=\"async\" aria-describedby=\"caption-attachment-4842\" class=\"size-full wp-image-4842    \" alt=\"location d'avion d'affaire\" src=\"https:\/\/www.aircharter.com\/wp-content\/uploads\/2013\/06\/Gulfstream_5_LgThmb.jpg\" width=\"175\" height=\"119\" \/><\/a><p id=\"caption-attachment-4842\" class=\"wp-caption-text\">Location d&rsquo;avion d&rsquo;affaire<\/p><\/div>\n<h1>Location d&rsquo;avion d&rsquo;affaire :<\/h1>\n<p>Vous cherchez une <em>location d&rsquo;avion d&rsquo;affaire,\u00a0<\/em>des Jet priv\u00e9 au meilleur prix du march\u00e9 ? Vous avez trouv\u00e9 la bonne \u00e9quipe.<br \/>\nAir Charter le leader mondial de location d&rsquo;<em>avion d&rsquo;affaire<\/em> est une agence de courtage, sp\u00e9cialis\u00e9e dans la recherche des meilleures offres en aviation priv\u00e9e.<\/p>\n<p>A partir de 2.200 \u20ac l\u2019heure de vol TTC, Air Charter vous permet de vous d\u00e9placer vers plus de 1500 a\u00e9roports en Europe et Afrique du Nord en toute libert\u00e9 \u00a0s\u00e9curit\u00e9.<\/p>\n<ul>\n<li>Vous ne payez que l\u2019heure de vol effectu\u00e9e pour la location d&rsquo;avion d&rsquo;affaire.<\/li>\n<li>Aucun abonnement ni paiement \u00e0 l&rsquo;avance n\u2019est n\u00e9cessaire<\/li>\n<li>Aucun frais suppl\u00e9mentaire n\u2019est \u00e0 pr\u00e9voir<\/li>\n<li>T\u00e9l\u00e9phone satellite \u00e0 disposition.<\/li>\n<li>Assortiments de snacks sal\u00e9s et sucr\u00e9s, par Pierre Herm\u00e9 Paris.<\/li>\n<li>Champagne (Veuve cliquot), tous les types de Coca- Cola, Perrier, Evian,\u2026<\/li>\n<li>La presse du jour et du mois, en version papier ou sur ipad<\/li>\n<\/ul>\n<p><strong>En option, \u00e0 la r\u00e9servation de la location d&rsquo;avion d&rsquo;affaire:<a href=\"https:\/\/www.aircharter.com\/wp-content\/uploads\/2013\/06\/Plane_interior_4.jpg\"><img decoding=\"async\" class=\"size-thumbnail wp-image-3941 alignright\" title=\"location d'avion d'affaire\" alt=\"location d'avion d'affaire\" src=\"https:\/\/www.aircharter.com\/wp-content\/uploads\/2013\/06\/Plane_interior_4-150x150.jpg\" width=\"150\" height=\"150\" srcset=\"https:\/\/www.aircharter.com\/wp-content\/uploads\/2013\/06\/Plane_interior_4-66x66.jpg 66w, https:\/\/www.aircharter.com\/wp-content\/uploads\/2013\/06\/Plane_interior_4-150x150.jpg 150w\" sizes=\"(max-width: 150px) 100vw, 150px\" \/><\/a><\/strong><\/p>\n<ul>\n<li>Transferts ville \u2013 a\u00e9roports int\u00e9gr\u00e9s \u00e0 la prestation<\/li>\n<li>Menus personnalis\u00e9s durant votre vol<\/li>\n<\/ul>\n<p>La r\u00e9servation de votre jet s\u2019effectue en toute simplicit\u00e9 : par internet en quelques clics, ou par t\u00e9l\u00e9phone aupr\u00e8s de notre service de r\u00e9servation (04 88 36 10 00).<\/p>\n<h1><span style=\"font-size: 14px; line-height: 1.5em;\">Depuis 1996, AirCharter est l&rsquo;un des courtiers majeur reconnu dans le monde a\u00e9rien est un sp\u00e9cialiste de la location de jet priv\u00e9, location d\u2019avion d\u2019affaires, d\u2019avion taxi. Mais aussi de la location d&rsquo;avion commercial de petite, moyenne ou large capacit\u00e9 o\u00f9 d\u2019avion VIP pour le transport de 1 \u00e0 400 passagers souhaitant louer un avion jet priv\u00e9 dans le cadre de voyages d\u2019affaires professionnel, voyage priv\u00e9 ou voyage de groupe.<\/span><\/h1>\n<p>AirCharter propose un choix vari\u00e9 de <a title=\"location d'avion d'affaire\" href=\"\/index.php\/fr\">location d\u2019avion d&rsquo;affaire<\/a> adapt\u00e9 \u00e0 vos d\u00e9placements tels que:<\/p>\n<ul>\n<li>location avion taxi (DA42, Piper 34, Piper Cheyenne,\u2026)<\/li>\n<li>location d\u2019avion priv\u00e9 turbopropulseur ( Beech 90, Becch 200, Beech 350, Piaggio Avanti P 180,.. )<\/li>\n<li>location de jet priv\u00e9 (jet Mustang ,Falcon10, 50,900,2000, Bombardier Challenger 600,601,604,605,850 , LearJet 70, 60,45, 35,25, Raytheon Premier , Embraer Phenom 100 ou 300, Gulfstream G200, G300, GIV, GV, G450, G550\u2026)<\/li>\n<li>location d&rsquo;avion Commercial (Boeing 727,267,777 et 747. Airbus 319,320 MD85 etc\u2026)<\/li>\n<\/ul>\n<h2>Location d&rsquo;avion d&rsquo;affaire<\/h2>\n<p>AirCharter r\u00e9pond \u00e0 tous types de mission qu\u2019il s\u2019agisse de voyage priv\u00e9 ou d&rsquo;avion d\u2019affaires. Louer un avion jet priv\u00e9 pour transporter 1 \u00e0 19 personnes, en moins de 2 heures est facilement r\u00e9alisable en cas d\u2019urgence. Et ce au d\u00e9part de Paris, Lille, Strasbourg, Tours, Lyon, Nice, Marseille, Bordeaux pour ne citer que quelques villes au d\u00e9part de la France.<\/p>\n<p>AirCharter op\u00e8re aussi depuis Marseille et de toute la France, mais \u00e9galement au d\u00e9part de toute l\u2019Europe et le monde entier.<\/p>\n<p>Louer un avion commercial de ligne avec AirCharter pour des voyages de groupe compris entre 20 et 400 passagers pour des op\u00e9rations incentive, \u00e9v\u00e9nementiel de grande taille sont des op\u00e9rations que r\u00e9alise tr\u00e8s souvent AirCharter pour ses clients dans le monde entier \u00e0 choisir un avion commercial pour un groupe adapt\u00e9 VIP ou low-cost avec une garantie de suivi logistique complet de la mission sur mesure !<\/p>\n<p>AirCharter assure \u00e9galement des missions de rapatriement sanitaire ou urgent de passagers ainsi que le transport de fret urgente de toute dimension.<\/p>\n<p>Location d&rsquo;avion d&rsquo;affaire, Location d\u2019avion priv\u00e9, Location de jet prive, Location avion commercial petite, moyenne, grande capacit\u00e9, Voyage de groupe , Incentive \u00e9v\u00e8nementiel, AirCharter r\u00e9pond \u00e0 toutes vos demandes de prix d\u2019affr\u00e8tement d\u2019avion ou tarif et prix de location d\u2019un avion jet priv\u00e9, h\u00e9licopt\u00e8re, avion commercial.<\/p>\n<p>AirCharter c\u2019est la garantie de devis rapide , d\u00e9taill\u00e9s, comp\u00e9titifs adapt\u00e9s \u00e0 vos besoins de voyage et de pouvoir louer un avion ou h\u00e9licopt\u00e8re pour un d\u00e9collage dans les deux heures si n\u00e9cessaire lors de vol urgent.<\/p>\n<p>AirCharter propose \u00e9galement des services additionnels tels que r\u00e9servation de taxi, limousine, bus, restaurant, h\u00f4tel, bateaux ou yacht,\u2026<\/p>\n<p>AirCharter est aussi sp\u00e9cialis\u00e9e dans le conseil, le \u00a0management, achat, vente et location d\u2019avion d\u2019affaires et avion priv\u00e9.<\/p>\n<p>AirCharter propose un programme d\u2019achat d\u2019heures de vol \u00abFreedom Plan\u00bb pour ses clients amener \u00e0 se d\u00e9placer tr\u00e8s souvent en France , en Europe ou \u00a0dans \u00a0le monde entier et qui souhaitent louer un avion priv\u00e9, jet d\u2019affaires priv\u00e9 au meilleur tarif sans contrainte de validit\u00e9 dans de temps avec un budget adapt\u00e9 \u00e0 leur besoin de d\u00e9placement.<\/p>\n<p>AirCharter peut vous proposer \u00a0la location d&rsquo; un avion jet priv\u00e9 d\u2019affaires, h\u00e9licopt\u00e8re ou avion commercial de ligne \u00e0 partir de Paris, Deauville, Caen, Limoges Bordeaux, Lille, Tours, Bordeaux, Lyon, Chamb\u00e9ry, Nice, Marseille Toulon, la Mole, ou Monaco. AERO AFFAIRES propose la location d\u2019avion jet priv\u00e9.<\/p>\n<p>AirCharter vous savez que vous pouvez compter sur nos services en Europe, aux USA au Moyen Orient et sur toute l\u2019Asie pour des voyages priv\u00e9s en toute s\u00e9r\u00e9nit\u00e9 pour vous emmener n\u2019importe\u00a0o\u00f9\u00a0dans le monde \u00e0 bord d\u2019avion jet priv\u00e9, h\u00e9licopt\u00e8re ou avion commercial VIP s\u00fbr et confortable!<\/div><\/div><\/div><\/div>\n","protected":false},"excerpt":{"rendered":"","protected":false},"author":6,"featured_media":0,"parent":0,"menu_order":0,"comment_status":"open","ping_status":"open","template":"","meta":{"footnotes":""},"class_list":["post-5410","page","type-page","status-publish","hentry"],"yoast_head":"<!-- This site is optimized with the Yoast SEO plugin v27.4 - https:\/\/yoast.com\/product\/yoast-seo-wordpress\/ -->\n<title>Avion d&#039;affaire -location jet priv\u00e9 Aircharter<\/title>\n<meta name=\"description\" content=\"Air Charter le leader mondial d&#039;avion d&#039;affaire est une agence de courtage, sp\u00e9cialis\u00e9e dans la recherche des meilleures offres en aviation priv\u00e9e. Devis en ligne\" \/>\n<meta name=\"robots\" content=\"index, follow, max-snippet:-1, max-image-preview:large, max-video-preview:-1\" \/>\n<link rel=\"canonical\" href=\"https:\/\/www.aircharter.com\/location-davion-daffaire\/\" \/>\n<meta property=\"og:locale\" content=\"fr_FR\" \/>\n<meta property=\"og:type\" content=\"article\" \/>\n<meta property=\"og:title\" content=\"Avion d&#039;affaire -location jet priv\u00e9 Aircharter\" \/>\n<meta property=\"og:description\" content=\"Air Charter le leader mondial d&#039;avion d&#039;affaire est une agence de courtage, sp\u00e9cialis\u00e9e dans la recherche des meilleures offres en aviation priv\u00e9e. Devis en ligne\" \/>\n<meta property=\"og:url\" content=\"https:\/\/www.aircharter.com\/location-davion-daffaire\/\" \/>\n<meta property=\"og:site_name\" content=\"Aircharter\" \/>\n<meta property=\"article:modified_time\" content=\"2022-12-11T22:53:19+00:00\" \/>\n<meta property=\"og:image\" content=\"https:\/\/www.aircharter.com\/wp-content\/uploads\/2013\/06\/Gulfstream_5_LgThmb.jpg\" \/>\n<meta name=\"twitter:card\" content=\"summary_large_image\" \/>\n<meta name=\"twitter:label1\" content=\"Dur\u00e9e de lecture estim\u00e9e\" \/>\n\t<meta name=\"twitter:data1\" content=\"5 minutes\" \/>\n<script type=\"application\/ld+json\" class=\"yoast-schema-graph\">{\"@context\":\"https:\\\/\\\/schema.org\",\"@graph\":[{\"@type\":\"WebPage\",\"@id\":\"https:\\\/\\\/www.aircharter.com\\\/location-davion-daffaire\\\/\",\"url\":\"https:\\\/\\\/www.aircharter.com\\\/location-davion-daffaire\\\/\",\"name\":\"Avion d'affaire -location jet priv\u00e9 Aircharter\",\"isPartOf\":{\"@id\":\"https:\\\/\\\/www.aircharter.com\\\/de\\\/#website\"},\"primaryImageOfPage\":{\"@id\":\"https:\\\/\\\/www.aircharter.com\\\/location-davion-daffaire\\\/#primaryimage\"},\"image\":{\"@id\":\"https:\\\/\\\/www.aircharter.com\\\/location-davion-daffaire\\\/#primaryimage\"},\"thumbnailUrl\":\"https:\\\/\\\/www.aircharter.com\\\/wp-content\\\/uploads\\\/2013\\\/06\\\/Gulfstream_5_LgThmb.jpg\",\"datePublished\":\"2013-11-26T22:46:50+00:00\",\"dateModified\":\"2022-12-11T22:53:19+00:00\",\"description\":\"Air Charter le leader mondial d'avion d'affaire est une agence de courtage, sp\u00e9cialis\u00e9e dans la recherche des meilleures offres en aviation priv\u00e9e. Devis en ligne\",\"breadcrumb\":{\"@id\":\"https:\\\/\\\/www.aircharter.com\\\/location-davion-daffaire\\\/#breadcrumb\"},\"inLanguage\":\"fr-FR\",\"potentialAction\":[{\"@type\":\"ReadAction\",\"target\":[\"https:\\\/\\\/www.aircharter.com\\\/location-davion-daffaire\\\/\"]}]},{\"@type\":\"ImageObject\",\"inLanguage\":\"fr-FR\",\"@id\":\"https:\\\/\\\/www.aircharter.com\\\/location-davion-daffaire\\\/#primaryimage\",\"url\":\"https:\\\/\\\/www.aircharter.com\\\/wp-content\\\/uploads\\\/2013\\\/06\\\/Gulfstream_5_LgThmb.jpg\",\"contentUrl\":\"https:\\\/\\\/www.aircharter.com\\\/wp-content\\\/uploads\\\/2013\\\/06\\\/Gulfstream_5_LgThmb.jpg\"},{\"@type\":\"BreadcrumbList\",\"@id\":\"https:\\\/\\\/www.aircharter.com\\\/location-davion-daffaire\\\/#breadcrumb\",\"itemListElement\":[{\"@type\":\"ListItem\",\"position\":1,\"name\":\"Home\",\"item\":\"https:\\\/\\\/www.aircharter.com\\\/\"},{\"@type\":\"ListItem\",\"position\":2,\"name\":\"Location d&#8217;avion d&#8217;affaire\"}]},{\"@type\":\"WebSite\",\"@id\":\"https:\\\/\\\/www.aircharter.com\\\/de\\\/#website\",\"url\":\"https:\\\/\\\/www.aircharter.com\\\/de\\\/\",\"name\":\"Aircharter\",\"description\":\"Air Charter | Private Jet Charter &amp; Rental | Fly Smarter | Hire a Business Jet\",\"publisher\":{\"@id\":\"https:\\\/\\\/www.aircharter.com\\\/de\\\/#organization\"},\"potentialAction\":[{\"@type\":\"SearchAction\",\"target\":{\"@type\":\"EntryPoint\",\"urlTemplate\":\"https:\\\/\\\/www.aircharter.com\\\/de\\\/?s={search_term_string}\"},\"query-input\":{\"@type\":\"PropertyValueSpecification\",\"valueRequired\":true,\"valueName\":\"search_term_string\"}}],\"inLanguage\":\"fr-FR\"},{\"@type\":\"Organization\",\"@id\":\"https:\\\/\\\/www.aircharter.com\\\/de\\\/#organization\",\"name\":\"Aircharter.com LLC\",\"url\":\"https:\\\/\\\/www.aircharter.com\\\/de\\\/\",\"logo\":{\"@type\":\"ImageObject\",\"inLanguage\":\"fr-FR\",\"@id\":\"https:\\\/\\\/www.aircharter.com\\\/de\\\/#\\\/schema\\\/logo\\\/image\\\/\",\"url\":\"https:\\\/\\\/www.aircharter.com\\\/wp-content\\\/uploads\\\/2022\\\/12\\\/Aircharter_logo_114X1141-11.png\",\"contentUrl\":\"https:\\\/\\\/www.aircharter.com\\\/wp-content\\\/uploads\\\/2022\\\/12\\\/Aircharter_logo_114X1141-11.png\",\"width\":114,\"height\":114,\"caption\":\"Aircharter.com LLC\"},\"image\":{\"@id\":\"https:\\\/\\\/www.aircharter.com\\\/de\\\/#\\\/schema\\\/logo\\\/image\\\/\"}}]}<\/script>\n<!-- \/ Yoast SEO plugin. -->","yoast_head_json":{"title":"Avion d'affaire -location jet priv\u00e9 Aircharter","description":"Air Charter le leader mondial d'avion d'affaire est une agence de courtage, sp\u00e9cialis\u00e9e dans la recherche des meilleures offres en aviation priv\u00e9e. Devis en ligne","robots":{"index":"index","follow":"follow","max-snippet":"max-snippet:-1","max-image-preview":"max-image-preview:large","max-video-preview":"max-video-preview:-1"},"canonical":"https:\/\/www.aircharter.com\/location-davion-daffaire\/","og_locale":"fr_FR","og_type":"article","og_title":"Avion d'affaire -location jet priv\u00e9 Aircharter","og_description":"Air Charter le leader mondial d'avion d'affaire est une agence de courtage, sp\u00e9cialis\u00e9e dans la recherche des meilleures offres en aviation priv\u00e9e. Devis en ligne","og_url":"https:\/\/www.aircharter.com\/location-davion-daffaire\/","og_site_name":"Aircharter","article_modified_time":"2022-12-11T22:53:19+00:00","og_image":[{"url":"https:\/\/www.aircharter.com\/wp-content\/uploads\/2013\/06\/Gulfstream_5_LgThmb.jpg","type":"","width":"","height":""}],"twitter_card":"summary_large_image","twitter_misc":{"Dur\u00e9e de lecture estim\u00e9e":"5 minutes"},"schema":{"@context":"https:\/\/schema.org","@graph":[{"@type":"WebPage","@id":"https:\/\/www.aircharter.com\/location-davion-daffaire\/","url":"https:\/\/www.aircharter.com\/location-davion-daffaire\/","name":"Avion d'affaire -location jet priv\u00e9 Aircharter","isPartOf":{"@id":"https:\/\/www.aircharter.com\/de\/#website"},"primaryImageOfPage":{"@id":"https:\/\/www.aircharter.com\/location-davion-daffaire\/#primaryimage"},"image":{"@id":"https:\/\/www.aircharter.com\/location-davion-daffaire\/#primaryimage"},"thumbnailUrl":"https:\/\/www.aircharter.com\/wp-content\/uploads\/2013\/06\/Gulfstream_5_LgThmb.jpg","datePublished":"2013-11-26T22:46:50+00:00","dateModified":"2022-12-11T22:53:19+00:00","description":"Air Charter le leader mondial d'avion d'affaire est une agence de courtage, sp\u00e9cialis\u00e9e dans la recherche des meilleures offres en aviation priv\u00e9e. Devis en ligne","breadcrumb":{"@id":"https:\/\/www.aircharter.com\/location-davion-daffaire\/#breadcrumb"},"inLanguage":"fr-FR","potentialAction":[{"@type":"ReadAction","target":["https:\/\/www.aircharter.com\/location-davion-daffaire\/"]}]},{"@type":"ImageObject","inLanguage":"fr-FR","@id":"https:\/\/www.aircharter.com\/location-davion-daffaire\/#primaryimage","url":"https:\/\/www.aircharter.com\/wp-content\/uploads\/2013\/06\/Gulfstream_5_LgThmb.jpg","contentUrl":"https:\/\/www.aircharter.com\/wp-content\/uploads\/2013\/06\/Gulfstream_5_LgThmb.jpg"},{"@type":"BreadcrumbList","@id":"https:\/\/www.aircharter.com\/location-davion-daffaire\/#breadcrumb","itemListElement":[{"@type":"ListItem","position":1,"name":"Home","item":"https:\/\/www.aircharter.com\/"},{"@type":"ListItem","position":2,"name":"Location d&#8217;avion d&#8217;affaire"}]},{"@type":"WebSite","@id":"https:\/\/www.aircharter.com\/de\/#website","url":"https:\/\/www.aircharter.com\/de\/","name":"Aircharter","description":"Air Charter | Private Jet Charter &amp; Rental | Fly Smarter | Hire a Business Jet","publisher":{"@id":"https:\/\/www.aircharter.com\/de\/#organization"},"potentialAction":[{"@type":"SearchAction","target":{"@type":"EntryPoint","urlTemplate":"https:\/\/www.aircharter.com\/de\/?s={search_term_string}"},"query-input":{"@type":"PropertyValueSpecification","valueRequired":true,"valueName":"search_term_string"}}],"inLanguage":"fr-FR"},{"@type":"Organization","@id":"https:\/\/www.aircharter.com\/de\/#organization","name":"Aircharter.com LLC","url":"https:\/\/www.aircharter.com\/de\/","logo":{"@type":"ImageObject","inLanguage":"fr-FR","@id":"https:\/\/www.aircharter.com\/de\/#\/schema\/logo\/image\/","url":"https:\/\/www.aircharter.com\/wp-content\/uploads\/2022\/12\/Aircharter_logo_114X1141-11.png","contentUrl":"https:\/\/www.aircharter.com\/wp-content\/uploads\/2022\/12\/Aircharter_logo_114X1141-11.png","width":114,"height":114,"caption":"Aircharter.com LLC"},"image":{"@id":"https:\/\/www.aircharter.com\/de\/#\/schema\/logo\/image\/"}}]}},"_links":{"self":[{"href":"https:\/\/www.aircharter.com\/fr\/wp-json\/wp\/v2\/pages\/5410","targetHints":{"allow":["GET"]}}],"collection":[{"href":"https:\/\/www.aircharter.com\/fr\/wp-json\/wp\/v2\/pages"}],"about":[{"href":"https:\/\/www.aircharter.com\/fr\/wp-json\/wp\/v2\/types\/page"}],"author":[{"embeddable":true,"href":"https:\/\/www.aircharter.com\/fr\/wp-json\/wp\/v2\/users\/6"}],"replies":[{"embeddable":true,"href":"https:\/\/www.aircharter.com\/fr\/wp-json\/wp\/v2\/comments?post=5410"}],"version-history":[{"count":20,"href":"https:\/\/www.aircharter.com\/fr\/wp-json\/wp\/v2\/pages\/5410\/revisions"}],"predecessor-version":[{"id":37353,"href":"https:\/\/www.aircharter.com\/fr\/wp-json\/wp\/v2\/pages\/5410\/revisions\/37353"}],"wp:attachment":[{"href":"https:\/\/www.aircharter.com\/fr\/wp-json\/wp\/v2\/media?parent=5410"}],"curies":[{"name":"wp","href":"https:\/\/api.w.org\/{rel}","templated":true}]}}